{"id":12039,"date":"2020-12-21T11:41:55","date_gmt":"2020-12-21T10:41:55","guid":{"rendered":"http:\/\/onlinelotto365.net\/?page_id=12039"},"modified":"2021-01-07T08:22:41","modified_gmt":"2021-01-07T07:22:41","slug":"euromillions","status":"publish","type":"page","link":"https:\/\/onlinelotto365.com\/pl\/kup-bilety\/euromillions\/","title":{"rendered":"Jak kupi\u0107 bilety na Euromillions online"},"content":{"rendered":"<p>Czy <strong> chcesz kupi\u0107 losy EuroMillions na nast\u0119pne losowanie <\/strong>? Czy chcesz odebra\u0107 swoje bilety w ca\u0142o\u015bci online? Czy <a href=\"https:\/\/onlinelotto365.com\/pl\/zagraj\"> chcesz gra\u0107 w loterie, kt\u00f3re nie s\u0105 dost\u0119pne w Polsce <\/a>? C\u00f3\u017c, b\u0119dziesz chcia\u0142 przyjrze\u0107 si\u0119 bli\u017cej tutaj, gdzie zamierzamy przej\u015b\u0107 przez odpowiednie kroki. Na szcz\u0119\u015bcie dla Ciebie rozpocz\u0119cie jest bardzo proste.<\/p>\n<ul>\n<li>Wybierz loteri\u0119, w kt\u00f3r\u0105 chcesz zagra\u0107, i wybierz liczby, w kt\u00f3re chcesz zagra\u0107, lub wybierz szybki typ, aby komputer wybra\u0142 je za Ciebie<\/li>\n<li>Dodaj nawet <a href=\"http:\/\/onlinelotto365.com\/pl\"> wi\u0119cej gier loteryjnych <\/a> i wi\u0119cej kupon\u00f3w na dowolne gry, nawet poza Polsk\u0105, aby Twoje zam\u00f3wienie odzwierciedla\u0142o ca\u0142kowit\u0105 liczb\u0119 kupon\u00f3w, kt\u00f3re chcesz<\/li>\n<li>Wybierz opcj\u0119 zap\u0142a\u0107 teraz<\/li>\n<li>Utw\u00f3rz i zarejestruj swoje konto lub zaloguj si\u0119 na istniej\u0105ce konto cz\u0142onkowskie, aby kupi\u0107 bilety<\/li>\n<li>W przypadku os\u00f3b, kt\u00f3re musz\u0105 si\u0119 zarejestrowa\u0107, poszukaj w e-mailu linku weryfikacyjnego, aby m\u00f3c sfinalizowa\u0107 proces<\/li>\n<li>Obserwuj sw\u00f3j folder spam na wypadek, gdyby e-mail zosta\u0142 tam wys\u0142any przez pomy\u0142k\u0119<\/li>\n<li>Sprawd\u017a sw\u00f3j adres e-mail i kliknij koszyk w witrynie<\/li>\n<li>Wybierz preferowan\u0105 opcj\u0119 p\u0142atno\u015bci, a nast\u0119pnie post\u0119puj zgodnie z instrukcjami, aby zap\u0142aci\u0107 za bilety<\/li>\n<\/ul>\n<p><a href=\"https:\/\/redfoxlotto.com\/pl\/euromillions\/?ref=a8564250a2&amp;medium=ol365\" target=\"_blank\" rel=\"noopener noreferrer\"> <img decoding=\"async\" class=\"aligncenter\" src=\"https:\/\/redfoxlotto.com\/image?size=8&amp;lottery=euromillions\" alt=\"euromillions\" \/> <\/a><\/p>\n<h2>Jak zap\u0142aci\u0107 za bilet EuroMillions online<\/h2>\n<p>P\u0142acenie za swoje <a href=\"https:\/\/onlinelotto365.com\/pl\/kup-bilety\/euromillions\"> EuroMillions <\/a> bilety online jest proste, poniewa\u017c dost\u0119pnych jest wiele r\u00f3\u017cnych bezpiecznych metod p\u0142atno\u015bci. Po prostu wybierz ten, kt\u00f3ry wolisz.<br \/>\nKup i zap\u0142a\u0107 za bilety, wykonuj\u0105c jedn\u0105 z nast\u0119puj\u0105cych czynno\u015bci:<\/p>\n<ul>\n<li>Zap\u0142a\u0107 za zam\u00f3wienie za pomoc\u0105 konta p\u0142atniczego<\/li>\n<li>Dodaj pieni\u0105dze do swojego konta gracza i kup bilety z konta gracza<\/li>\n<\/ul>\n<p>Ci, kt\u00f3rzy zdecyduj\u0105 si\u0119 wp\u0142aci\u0107 pieni\u0105dze bezpo\u015brednio na swoje konto gracza, musz\u0105 po prostu upewni\u0107 si\u0119, \u017ce masz wi\u0119cej ni\u017c wystarczaj\u0105c\u0105 ilo\u015b\u0107 na zam\u00f3wienie, kt\u00f3re zamierzasz z\u0142o\u017cy\u0107.<\/p>\n<h2>Wi\u0119cej informacji o loterii EuroMillions<\/h2>\n<ul>\n<li>Kraj: r\u00f3\u017cne Europa<\/li>\n<li>G\u0142\u00f3wny zakres liczb: 50<\/li>\n<li>Wybierasz: 5<\/li>\n<li>Zakres dodatkowych liczb: 12<\/li>\n<li>Wybierasz: 2<\/li>\n<li>Dni losowania i godziny: wtorek, pi\u0105tek, 19:30 GMT, 20:30 CET<\/li>\n<li>Minimalny jackpot: 17 milion\u00f3w euro<\/li>\n<li>Maksymalny jackpot: 190 milion\u00f3w euro<\/li>\n<li>Prawdopodobie\u0144stwo wygrania g\u0142\u00f3wnej nagrody: 1 do 186450880<\/li>\n<li>Prawdopodobie\u0144stwo wygranej 2 poziomu: 1 do 2118760<\/li>\n<li>Prawdopodobie\u0144stwo wygranej na dowolnym poziomie: 1 do 12,98<\/li>\n<li>Liczba poziom\u00f3w nagr\u00f3d: 13<\/li>\n<\/ul>\n<h2>Zalety kupowania los\u00f3w EuroMillions online<\/h2>\n<ul>\n<li>Nie musisz wychodzi\u0107 z domu, aby dosta\u0107 \u017c\u0105dane bilety<\/li>\n<li>Wybierz jedn\u0105 z <strong> kilku r\u00f3\u017cnych loterii <\/strong><\/li>\n<li>Uzyskaj lepsze szanse na wygran\u0105, wybieraj\u0105c gry z wy\u017cszymi jackpotami<\/li>\n<li>Dodaj pieni\u0105dze bezpo\u015brednio do swojego konta i wykorzystaj je do zakupu bilet\u00f3w<\/li>\n<li>Bez szans na utrat\u0119 biletu<\/li>\n<li>Natychmiastowe powiadomienia o wygranych nagrodach<\/li>\n<li>\u0141atwe opcje generowania liczb losowych<\/li>\n<\/ul>\n<h2>Czy kupowanie bilet\u00f3w EuroMillions przez Internet jest legalne?<\/h2>\n<p>By\u0107 mo\u017ce zastanawia\u0142e\u015b si\u0119, czy kupowanie los\u00f3w lotto online jest w og\u00f3le legalne, zw\u0142aszcza je\u015bli w Twoim kraju zamieszkania obowi\u0105zuj\u0105 surowe zasady. Ale wspania\u0142e jest to, \u017ce dzi\u0119ki naszej us\u0142udze nie musisz si\u0119 o nic martwi\u0107. <strong> Prowadzimy wszystko zgodnie z przepisami <\/strong> i upewniamy si\u0119, \u017ce bez wzgl\u0119du na to, co wygrasz lub gdzie wygrasz, b\u0119dziesz w stanie zdoby\u0107 nagrod\u0119, a nawet wygra\u0107 jackpot.<br \/>\nJedyne, co musisz zrobi\u0107, to <a href=\"https:\/\/onlinelotto365.com\/pl\/news\/minimalny-wiek-do-kupowania-losow-na-loterie\"> upewni\u0107 si\u0119, \u017ce masz co najmniej 18 lat. <\/a><\/p>\n<h2>Jak otrzymam zap\u0142at\u0119, je\u015bli wygram EuroMillions online?<\/h2>\n<p>Kiedy wygrywasz pieni\u0105dze, upewniamy si\u0119, \u017ce otrzymasz je tak \u0142atwo, jak to tylko mo\u017cliwe. Wystarczy, \u017ce kupisz u nas bilet, a my zajmiemy si\u0119 odebraniem Twojej wygranej i dostarczeniem jej do Ciebie. Nie pobieramy \u017cadnej prowizji od Twoich wygranych, chyba \u017ce zdecydujesz si\u0119 <strong> zap\u0142aci\u0107 przelewem bankowym na konto bankowe w Polsce. <\/strong><\/p>\n<p>W takim przypadku bank pobiera od nas op\u0142at\u0119 i prosimy o jej uiszczenie. B\u0119dzie si\u0119 to r\u00f3\u017cni\u0107 w zale\u017cno\u015bci od tego, dok\u0105d wysy\u0142ane s\u0105 pieni\u0105dze. Poza tym wszystko, co musisz wiedzie\u0107 o p\u0142atno\u015bciach, to:<\/p>\n<ul>\n<li>Je\u015bli wygrasz 2500 \u20ac lub mniej, pieni\u0105dze zostan\u0105 automatycznie i natychmiast przelane bezpo\u015brednio na Twoje konto gracza.<\/li>\n<li>Je\u015bli wygrasz wi\u0119cej ni\u017c 2500 \u20ac, otrzymasz wiadomo\u015b\u0107 e-mail z formularzem zg\u0142oszenia, kt\u00f3ry zostanie wys\u0142any do komisji loterii. Zawiera szczeg\u00f3\u0142owe informacje, w jaki spos\u00f3b chcesz otrzyma\u0107 p\u0142atno\u015b\u0107, w tym przelew bankowy lub czek. Twoje \u017c\u0105danie zostanie przetworzone i mo\u017ce zaj\u0105\u0107 fowe dni, zanim pieni\u0105dze b\u0119d\u0105 dost\u0119pne.<\/li>\n<\/ul>\n","protected":false},"excerpt":{"rendered":"<p>Czy chcesz kupi\u0107 losy EuroMillions na nast\u0119pne losowanie ? Czy chcesz odebra\u0107 swoje bilety w ca\u0142o\u015bci online? Czy chcesz gra\u0107 w loterie, kt\u00f3re nie s\u0105 dost\u0119pne w Polsce ? C\u00f3\u017c, b\u0119dziesz chcia\u0142 przyjrze\u0107 si\u0119 bli\u017cej tutaj, gdzie zamierzamy przej\u015b\u0107 przez odpowiednie kroki. Na szcz\u0119\u015bcie dla Ciebie rozpocz\u0119cie jest bardzo proste. Wybierz loteri\u0119, w kt\u00f3r\u0105 chcesz [&hellip;]<\/p>\n","protected":false},"author":1,"featured_media":0,"parent":3808,"menu_order":3,"comment_status":"closed","ping_status":"closed","template":"euromillions-info.php","meta":{"_et_pb_use_builder":"","_et_pb_old_content":"","_et_gb_content_width":"","exclude_from_search":false,"footnotes":""},"class_list":["post-12039","page","type-page","status-publish","hentry"],"yoast_head":"<!-- This site is optimized with the Yoast SEO plugin v23.4 - https:\/\/yoast.com\/wordpress\/plugins\/seo\/ -->\n<title>Kup bilety na Euromillions online z Polski | Informacje o Euromillions, jak kupi\u0107 bilety?<\/title>\n<meta name=\"description\" content=\"Fani lotto z ka\u017cdego kraju, w tym z Polski, mog\u0105 teraz kupi\u0107 bilety na Euromillions tutaj\" \/>\n<meta name=\"robots\" content=\"index, follow, max-snippet:-1, max-image-preview:large, max-video-preview:-1\" \/>\n<link rel=\"canonical\" href=\"https:\/\/onlinelotto365.com\/pl\/kup-bilety\/euromillions\/\" \/>\n<meta property=\"og:locale\" content=\"pl_PL\" \/>\n<meta property=\"og:type\" content=\"article\" \/>\n<meta property=\"og:title\" content=\"Kup bilety na Euromillions online z Polski | Informacje o Euromillions, jak kupi\u0107 bilety?\" \/>\n<meta property=\"og:description\" content=\"Fani lotto z ka\u017cdego kraju, w tym z Polski, mog\u0105 teraz kupi\u0107 bilety na Euromillions tutaj\" \/>\n<meta property=\"og:url\" content=\"https:\/\/onlinelotto365.com\/pl\/kup-bilety\/euromillions\/\" \/>\n<meta property=\"og:site_name\" content=\"OnlineLotto365\" \/>\n<meta property=\"article:modified_time\" content=\"2021-01-07T07:22:41+00:00\" \/>\n<meta property=\"og:image\" content=\"https:\/\/redfoxlotto.com\/image?size=8&amp;lottery=euromillions\" \/>\n<meta name=\"twitter:card\" content=\"summary_large_image\" \/>\n<meta name=\"twitter:label1\" content=\"Szacowany czas czytania\" \/>\n\t<meta name=\"twitter:data1\" content=\"4 minuty\" \/>\n<script type=\"application\/ld+json\" class=\"yoast-schema-graph\">{\"@context\":\"https:\/\/schema.org\",\"@graph\":[{\"@type\":\"WebPage\",\"@id\":\"https:\/\/onlinelotto365.com\/pl\/kup-bilety\/euromillions\/\",\"url\":\"https:\/\/onlinelotto365.com\/pl\/kup-bilety\/euromillions\/\",\"name\":\"Kup bilety na Euromillions online z Polski | Informacje o Euromillions, jak kupi\u0107 bilety?\",\"isPartOf\":{\"@id\":\"https:\/\/onlinelotto365.com\/pl\/#website\"},\"primaryImageOfPage\":{\"@id\":\"https:\/\/onlinelotto365.com\/pl\/kup-bilety\/euromillions\/#primaryimage\"},\"image\":{\"@id\":\"https:\/\/onlinelotto365.com\/pl\/kup-bilety\/euromillions\/#primaryimage\"},\"thumbnailUrl\":\"https:\/\/redfoxlotto.com\/image?size=8&amp;lottery=euromillions\",\"datePublished\":\"2020-12-21T10:41:55+00:00\",\"dateModified\":\"2021-01-07T07:22:41+00:00\",\"description\":\"Fani lotto z ka\u017cdego kraju, w tym z Polski, mog\u0105 teraz kupi\u0107 bilety na Euromillions tutaj\",\"breadcrumb\":{\"@id\":\"https:\/\/onlinelotto365.com\/pl\/kup-bilety\/euromillions\/#breadcrumb\"},\"inLanguage\":\"pl-PL\",\"potentialAction\":[{\"@type\":\"ReadAction\",\"target\":[\"https:\/\/onlinelotto365.com\/pl\/kup-bilety\/euromillions\/\"]}]},{\"@type\":\"ImageObject\",\"inLanguage\":\"pl-PL\",\"@id\":\"https:\/\/onlinelotto365.com\/pl\/kup-bilety\/euromillions\/#primaryimage\",\"url\":\"https:\/\/redfoxlotto.com\/image?size=8&amp;lottery=euromillions\",\"contentUrl\":\"https:\/\/redfoxlotto.com\/image?size=8&amp;lottery=euromillions\"},{\"@type\":\"BreadcrumbList\",\"@id\":\"https:\/\/onlinelotto365.com\/pl\/kup-bilety\/euromillions\/#breadcrumb\",\"itemListElement\":[{\"@type\":\"ListItem\",\"position\":1,\"name\":\"Home\",\"item\":\"https:\/\/onlinelotto365.com\/pl\/\"},{\"@type\":\"ListItem\",\"position\":2,\"name\":\"Dlaczego bardziej sensowne jest kupowanie bilet\u00f3w na loteri\u0119 online\",\"item\":\"https:\/\/onlinelotto365.com\/pl\/buy-tickets\/\"},{\"@type\":\"ListItem\",\"position\":3,\"name\":\"Jak kupi\u0107 bilety na Euromillions online\"}]},{\"@type\":\"WebSite\",\"@id\":\"https:\/\/onlinelotto365.com\/pl\/#website\",\"url\":\"https:\/\/onlinelotto365.com\/pl\/\",\"name\":\"OnlineLotto365\",\"description\":\"\",\"potentialAction\":[{\"@type\":\"SearchAction\",\"target\":{\"@type\":\"EntryPoint\",\"urlTemplate\":\"https:\/\/onlinelotto365.com\/pl\/?s={search_term_string}\"},\"query-input\":{\"@type\":\"PropertyValueSpecification\",\"valueRequired\":true,\"valueName\":\"search_term_string\"}}],\"inLanguage\":\"pl-PL\"}]}<\/script>\n<!-- \/ Yoast SEO plugin. -->","yoast_head_json":{"title":"Kup bilety na Euromillions online z Polski | Informacje o Euromillions, jak kupi\u0107 bilety?","description":"Fani lotto z ka\u017cdego kraju, w tym z Polski, mog\u0105 teraz kupi\u0107 bilety na Euromillions tutaj","robots":{"index":"index","follow":"follow","max-snippet":"max-snippet:-1","max-image-preview":"max-image-preview:large","max-video-preview":"max-video-preview:-1"},"canonical":"https:\/\/onlinelotto365.com\/pl\/kup-bilety\/euromillions\/","og_locale":"pl_PL","og_type":"article","og_title":"Kup bilety na Euromillions online z Polski | Informacje o Euromillions, jak kupi\u0107 bilety?","og_description":"Fani lotto z ka\u017cdego kraju, w tym z Polski, mog\u0105 teraz kupi\u0107 bilety na Euromillions tutaj","og_url":"https:\/\/onlinelotto365.com\/pl\/kup-bilety\/euromillions\/","og_site_name":"OnlineLotto365","article_modified_time":"2021-01-07T07:22:41+00:00","og_image":[{"url":"https:\/\/redfoxlotto.com\/image?size=8&amp;lottery=euromillions"}],"twitter_card":"summary_large_image","twitter_misc":{"Szacowany czas czytania":"4 minuty"},"schema":{"@context":"https:\/\/schema.org","@graph":[{"@type":"WebPage","@id":"https:\/\/onlinelotto365.com\/pl\/kup-bilety\/euromillions\/","url":"https:\/\/onlinelotto365.com\/pl\/kup-bilety\/euromillions\/","name":"Kup bilety na Euromillions online z Polski | Informacje o Euromillions, jak kupi\u0107 bilety?","isPartOf":{"@id":"https:\/\/onlinelotto365.com\/pl\/#website"},"primaryImageOfPage":{"@id":"https:\/\/onlinelotto365.com\/pl\/kup-bilety\/euromillions\/#primaryimage"},"image":{"@id":"https:\/\/onlinelotto365.com\/pl\/kup-bilety\/euromillions\/#primaryimage"},"thumbnailUrl":"https:\/\/redfoxlotto.com\/image?size=8&amp;lottery=euromillions","datePublished":"2020-12-21T10:41:55+00:00","dateModified":"2021-01-07T07:22:41+00:00","description":"Fani lotto z ka\u017cdego kraju, w tym z Polski, mog\u0105 teraz kupi\u0107 bilety na Euromillions tutaj","breadcrumb":{"@id":"https:\/\/onlinelotto365.com\/pl\/kup-bilety\/euromillions\/#breadcrumb"},"inLanguage":"pl-PL","potentialAction":[{"@type":"ReadAction","target":["https:\/\/onlinelotto365.com\/pl\/kup-bilety\/euromillions\/"]}]},{"@type":"ImageObject","inLanguage":"pl-PL","@id":"https:\/\/onlinelotto365.com\/pl\/kup-bilety\/euromillions\/#primaryimage","url":"https:\/\/redfoxlotto.com\/image?size=8&amp;lottery=euromillions","contentUrl":"https:\/\/redfoxlotto.com\/image?size=8&amp;lottery=euromillions"},{"@type":"BreadcrumbList","@id":"https:\/\/onlinelotto365.com\/pl\/kup-bilety\/euromillions\/#breadcrumb","itemListElement":[{"@type":"ListItem","position":1,"name":"Home","item":"https:\/\/onlinelotto365.com\/pl\/"},{"@type":"ListItem","position":2,"name":"Dlaczego bardziej sensowne jest kupowanie bilet\u00f3w na loteri\u0119 online","item":"https:\/\/onlinelotto365.com\/pl\/buy-tickets\/"},{"@type":"ListItem","position":3,"name":"Jak kupi\u0107 bilety na Euromillions online"}]},{"@type":"WebSite","@id":"https:\/\/onlinelotto365.com\/pl\/#website","url":"https:\/\/onlinelotto365.com\/pl\/","name":"OnlineLotto365","description":"","potentialAction":[{"@type":"SearchAction","target":{"@type":"EntryPoint","urlTemplate":"https:\/\/onlinelotto365.com\/pl\/?s={search_term_string}"},"query-input":{"@type":"PropertyValueSpecification","valueRequired":true,"valueName":"search_term_string"}}],"inLanguage":"pl-PL"}]}},"_links":{"self":[{"href":"https:\/\/onlinelotto365.com\/pl\/wp-json\/wp\/v2\/pages\/12039","targetHints":{"allow":["GET"]}}],"collection":[{"href":"https:\/\/onlinelotto365.com\/pl\/wp-json\/wp\/v2\/pages"}],"about":[{"href":"https:\/\/onlinelotto365.com\/pl\/wp-json\/wp\/v2\/types\/page"}],"author":[{"embeddable":true,"href":"https:\/\/onlinelotto365.com\/pl\/wp-json\/wp\/v2\/users\/1"}],"replies":[{"embeddable":true,"href":"https:\/\/onlinelotto365.com\/pl\/wp-json\/wp\/v2\/comments?post=12039"}],"version-history":[{"count":0,"href":"https:\/\/onlinelotto365.com\/pl\/wp-json\/wp\/v2\/pages\/12039\/revisions"}],"up":[{"embeddable":true,"href":"https:\/\/onlinelotto365.com\/pl\/wp-json\/wp\/v2\/pages\/3808"}],"wp:attachment":[{"href":"https:\/\/onlinelotto365.com\/pl\/wp-json\/wp\/v2\/media?parent=12039"}],"curies":[{"name":"wp","href":"https:\/\/api.w.org\/{rel}","templated":true}]}}