{"id":12041,"date":"2020-12-21T11:42:47","date_gmt":"2020-12-21T10:42:47","guid":{"rendered":"http:\/\/onlinelotto365.net\/?page_id=12041"},"modified":"2021-01-11T09:54:43","modified_gmt":"2021-01-11T08:54:43","slug":"eurojackpot","status":"publish","type":"page","link":"https:\/\/onlinelotto365.com\/pl\/kup-bilety\/eurojackpot\/","title":{"rendered":"Jak kupi\u0107 bilety do Eurojackpot online"},"content":{"rendered":"<p>Je\u015bli zastanawiasz si\u0119, <strong> jak kupi\u0107 bilety Eurojackpot online <\/strong>, opisali\u015bmy ten proces w kilku prostych krokach. Ale tak naprawd\u0119 nasza strona internetowa poprowadzi Ci\u0119 przez ca\u0142y proces. Starali\u015bmy si\u0119, aby by\u0142o to tak proste, jak to tylko mo\u017cliwe.<\/p>\n<ul>\n<li>Gdy jeste\u015b na stronie Eurojackpot, wybierz swoje liczby lub pozw\u00f3l komputerowi wybra\u0107 liczby za Ciebie<\/li>\n<li>Je\u015bli chcesz, mo\u017cesz doda\u0107 wi\u0119cej loterii i kupon\u00f3w do swojego zam\u00f3wienia<\/li>\n<li>Kliknij Zap\u0142a\u0107 teraz<\/li>\n<li>Zarejestruj swoje konto w naszej witrynie (je\u015bli ju\u017c to zrobi\u0142e\u015b, mo\u017cesz pomin\u0105\u0107 ten krok i po prostu zalogowa\u0107 si\u0119 na swoje istniej\u0105ce konto<\/li>\n<li>Je\u015bli rejestrujesz nowe konto, <strong> sprawd\u017a, czy w skrzynce odbiorczej poczty e-mail nie ma wiadomo\u015bci z linkiem weryfikacyjnym <\/strong><\/li>\n<li>Je\u015bli nie mo\u017cesz znale\u017a\u0107 wiadomo\u015bci e-mail, sp\u00f3jrz na swoj\u0105 skrzynk\u0119 ze spamem, mog\u0142a tam trafi\u0107<\/li>\n<li>Kliknij symbol koszyka na zakupy<\/li>\n<li>Wybierz metod\u0119 p\u0142atno\u015bci, kliknij, aby zap\u0142aci\u0107, i post\u0119puj zgodnie z instrukcjami dotycz\u0105cymi p\u0142atno\u015bci.<\/li>\n<\/ul>\n<p><a href=\"https:\/\/redfoxlotto.com\/pl\/eurojackpot\/?ref=a8564250a2&amp;medium=ol365\" target=\"_blank\" rel=\"noopener noreferrer\"> <img decoding=\"async\" class=\"aligncenter\" src=\"https:\/\/redfoxlotto.com\/image?size=8&amp;lottery=eurojackpot\" alt=\"eurojackpot\" \/> <\/a><\/p>\n<h2>Jak zap\u0142aci\u0107 za bilet Eurojackpot online<\/h2>\n<p>Istnieje wiele bezpiecznych metod p\u0142atno\u015bci dost\u0119pnych dla naszych klient\u00f3w. Wybierz wygodn\u0105 dla siebie metod\u0119.<\/p>\n<p><strong> Bilety mo\u017cesz kupi\u0107 online i zap\u0142aci\u0107 za nie na dwa sposoby: <\/strong><\/p>\n<ul>\n<li>Zap\u0142a\u0107 bezpo\u015brednio za zam\u00f3wienie<\/li>\n<li>Wp\u0142a\u0107 pieni\u0105dze na swoje konto gracza, a nast\u0119pnie u\u017cyj salda, aby kupi\u0107 kupony na loteri\u0119<\/li>\n<\/ul>\n<p>Je\u015bli korzystasz z drugiej metody, upewnij si\u0119, \u017ce saldo jest wy\u017csze ni\u017c kwota zam\u00f3wienia biletu.<\/p>\n<h2>Wi\u0119cej informacji o Eurojackpot<\/h2>\n<ul>\n<li>Kraj: r\u00f3\u017cne kraje europejskie<\/li>\n<li>G\u0142\u00f3wny zakres liczb: 50<\/li>\n<li>Wybierasz: 5<\/li>\n<li>Zakres dodatkowych liczb: 10<\/li>\n<li>Wybierasz: 2<\/li>\n<li>Dni losowania, godziny: pi\u0105tek, 21:00 CET<\/li>\n<li>Minimalny jackpot: 10 milion\u00f3w euro<\/li>\n<li>Maksymalny jackpot: 90 milion\u00f3w euro<\/li>\n<li>Prawdopodobie\u0144stwo wygrania jackpota: 1 do 135.600.640<\/li>\n<li>Prawdopodobie\u0144stwo wygranej 2 poziomu: 1 do 2.118.760<\/li>\n<li>Prawdopodobie\u0144stwo wygranej na dowolnym poziomie: 1 do 26,39<\/li>\n<li>Liczba poziom\u00f3w nagr\u00f3d: 12<\/li>\n<\/ul>\n<h2>Zalety kupowania bilet\u00f3w Eurojackpot online<\/h2>\n<ul>\n<li>kupuj bilety w zaciszu w\u0142asnego domu<\/li>\n<li>wi\u0119kszy wyb\u00f3r loterii<\/li>\n<li><a href=\"https:\/\/onlinelotto365.com\/pl\/news\/uzyj-strategii-aby-wybrac-swoje-liczby-do-lotto\"> zwi\u0119ksz swoje szanse na wygran\u0105 <\/a>, przechodz\u0105c do <a href=\"https:\/\/onlinelotto365.com\/pl\/news\/ktore-loterie-maja-najwieksze-szanse-na-wygrana\"> loteria z najwy\u017cszymi jackpotami <\/a><\/li>\n<li>opcja wp\u0142aty, a nast\u0119pnie wp\u0142aty \u015brodk\u00f3w z salda<\/li>\n<li>nigdy wi\u0119cej nie zgub biletu<\/li>\n<li>otrzymuj powiadomienie o wygranej<\/li>\n<li>opcja szybkiego wyboru z generatorem liczb losowych<\/li>\n<\/ul>\n<h2>Czy kupowanie bilet\u00f3w Eurojackpot przez Internet jest legalne?<\/h2>\n<p>Nie musisz martwi\u0107 si\u0119, czy kupowanie los\u00f3w lotto online lub w tradycyjny spos\u00f3b jest legalne w Twoim kraju zamieszkania. Jednocze\u015bnie nie musisz martwi\u0107 si\u0119 o to, czy korzystanie z naszej us\u0142ugi jest zgodne z prawem w kraju, w kt\u00f3rym odbywa si\u0119 loteria. Spos\u00f3b, w jaki prowadzimy nasze us\u0142ugi, jest zaprojektowany w taki spos\u00f3b, \u017ce <strong> masz gwarancj\u0119 wyp\u0142aty, nawet je\u015bli wygrasz jackpot. <\/strong><\/p>\n<p><a href=\"https:\/\/onlinelotto365.com\/pl\/news\/minimalny-wiek-do-kupowania-losow-na-loterie\"> Aby korzysta\u0107 z naszych us\u0142ug, musisz mie\u0107 co najmniej 18 lat. <\/a><\/p>\n<h2>Jak otrzymam zap\u0142at\u0119, je\u015bli wygram Eurojackpot online?<\/h2>\n<p>Wyp\u0142ata wygranych jest wa\u017cn\u0105 cz\u0119\u015bci\u0105 naszych us\u0142ug dla naszych klient\u00f3w. Wa\u017cne jest, aby\u015b wiedzia\u0142, \u017ce nie odejmujemy \u017cadnej prowizji od wygranych na loterii. Tylko w jednej sytuacji mo\u017ce by\u0107 naliczona bardzo niewielka op\u0142ata, to znaczy je\u015bli zdecydujesz si\u0119 na p\u0142atno\u015b\u0107 przelewem bankowym. Chodzi o to, co bank pobiera od nas, i m\u00f3wimy tutaj o mo\u017ce 5 USD za przelew, je\u015bli jest to przelew mi\u0119dzynarodowy.<\/p>\n<p>Istniej\u0105 dwie r\u00f3\u017cne sytuacje wyp\u0142aty:<\/p>\n<ul>\n<li>Wygrywasz kwot\u0119 2500 EUR lub mniej. W takim przypadku wygrana kwota zostanie przelana na Twoje konto gracza u nas.<\/li>\n<li>Wygrywasz kwot\u0119 przekraczaj\u0105c\u0105 2500 EUR. W takim przypadku wy\u015blemy Ci e-mail z formularzem, kt\u00f3ry musisz wype\u0142ni\u0107. Ty decydujesz, jak chcesz zarabia\u0107. W takim przypadku przelew bankowy i czek to jedyne opcje. Zrealizujemy Twoj\u0105 pro\u015bb\u0119, a kilka dni p\u00f3\u017aniej b\u0119dziesz mie\u0107 pieni\u0105dze na koncie bankowym lub otrzymasz czek.<\/li>\n<\/ul>\n","protected":false},"excerpt":{"rendered":"<p>Je\u015bli zastanawiasz si\u0119, jak kupi\u0107 bilety Eurojackpot online , opisali\u015bmy ten proces w kilku prostych krokach. Ale tak naprawd\u0119 nasza strona internetowa poprowadzi Ci\u0119 przez ca\u0142y proces. Starali\u015bmy si\u0119, aby by\u0142o to tak proste, jak to tylko mo\u017cliwe. Gdy jeste\u015b na stronie Eurojackpot, wybierz swoje liczby lub pozw\u00f3l komputerowi wybra\u0107 liczby za Ciebie Je\u015bli chcesz, [&hellip;]<\/p>\n","protected":false},"author":1,"featured_media":0,"parent":3808,"menu_order":4,"comment_status":"closed","ping_status":"closed","template":"eurojackpot-info.php","meta":{"_et_pb_use_builder":"","_et_pb_old_content":"","_et_gb_content_width":"","exclude_from_search":false,"footnotes":""},"class_list":["post-12041","page","type-page","status-publish","hentry"],"yoast_head":"<!-- This site is optimized with the Yoast SEO plugin v23.4 - https:\/\/yoast.com\/wordpress\/plugins\/seo\/ -->\n<title>Kup bilety na Eurojackpot online<\/title>\n<meta name=\"description\" content=\"Mieszkasz w Polsce, ale chcesz kupi\u0107 bilety na Eurojackpot? Kup je online tutaj!\" \/>\n<meta name=\"robots\" content=\"index, follow, max-snippet:-1, max-image-preview:large, max-video-preview:-1\" \/>\n<link rel=\"canonical\" href=\"https:\/\/onlinelotto365.com\/pl\/kup-bilety\/eurojackpot\/\" \/>\n<meta property=\"og:locale\" content=\"pl_PL\" \/>\n<meta property=\"og:type\" content=\"article\" \/>\n<meta property=\"og:title\" content=\"Kup bilety na Eurojackpot online\" \/>\n<meta property=\"og:description\" content=\"Mieszkasz w Polsce, ale chcesz kupi\u0107 bilety na Eurojackpot? Kup je online tutaj!\" \/>\n<meta property=\"og:url\" content=\"https:\/\/onlinelotto365.com\/pl\/kup-bilety\/eurojackpot\/\" \/>\n<meta property=\"og:site_name\" content=\"OnlineLotto365\" \/>\n<meta property=\"article:modified_time\" content=\"2021-01-11T08:54:43+00:00\" \/>\n<meta property=\"og:image\" content=\"https:\/\/redfoxlotto.com\/image?size=8&amp;lottery=eurojackpot\" \/>\n<meta name=\"twitter:card\" content=\"summary_large_image\" \/>\n<meta name=\"twitter:label1\" content=\"Szacowany czas czytania\" \/>\n\t<meta name=\"twitter:data1\" content=\"3 minuty\" \/>\n<script type=\"application\/ld+json\" class=\"yoast-schema-graph\">{\"@context\":\"https:\/\/schema.org\",\"@graph\":[{\"@type\":\"WebPage\",\"@id\":\"https:\/\/onlinelotto365.com\/pl\/kup-bilety\/eurojackpot\/\",\"url\":\"https:\/\/onlinelotto365.com\/pl\/kup-bilety\/eurojackpot\/\",\"name\":\"Kup bilety na Eurojackpot online\",\"isPartOf\":{\"@id\":\"https:\/\/onlinelotto365.com\/pl\/#website\"},\"primaryImageOfPage\":{\"@id\":\"https:\/\/onlinelotto365.com\/pl\/kup-bilety\/eurojackpot\/#primaryimage\"},\"image\":{\"@id\":\"https:\/\/onlinelotto365.com\/pl\/kup-bilety\/eurojackpot\/#primaryimage\"},\"thumbnailUrl\":\"https:\/\/redfoxlotto.com\/image?size=8&amp;lottery=eurojackpot\",\"datePublished\":\"2020-12-21T10:42:47+00:00\",\"dateModified\":\"2021-01-11T08:54:43+00:00\",\"description\":\"Mieszkasz w Polsce, ale chcesz kupi\u0107 bilety na Eurojackpot? Kup je online tutaj!\",\"breadcrumb\":{\"@id\":\"https:\/\/onlinelotto365.com\/pl\/kup-bilety\/eurojackpot\/#breadcrumb\"},\"inLanguage\":\"pl-PL\",\"potentialAction\":[{\"@type\":\"ReadAction\",\"target\":[\"https:\/\/onlinelotto365.com\/pl\/kup-bilety\/eurojackpot\/\"]}]},{\"@type\":\"ImageObject\",\"inLanguage\":\"pl-PL\",\"@id\":\"https:\/\/onlinelotto365.com\/pl\/kup-bilety\/eurojackpot\/#primaryimage\",\"url\":\"https:\/\/redfoxlotto.com\/image?size=8&amp;lottery=eurojackpot\",\"contentUrl\":\"https:\/\/redfoxlotto.com\/image?size=8&amp;lottery=eurojackpot\"},{\"@type\":\"BreadcrumbList\",\"@id\":\"https:\/\/onlinelotto365.com\/pl\/kup-bilety\/eurojackpot\/#breadcrumb\",\"itemListElement\":[{\"@type\":\"ListItem\",\"position\":1,\"name\":\"Home\",\"item\":\"https:\/\/onlinelotto365.com\/pl\/\"},{\"@type\":\"ListItem\",\"position\":2,\"name\":\"Dlaczego bardziej sensowne jest kupowanie bilet\u00f3w na loteri\u0119 online\",\"item\":\"https:\/\/onlinelotto365.com\/pl\/buy-tickets\/\"},{\"@type\":\"ListItem\",\"position\":3,\"name\":\"Jak kupi\u0107 bilety do Eurojackpot online\"}]},{\"@type\":\"WebSite\",\"@id\":\"https:\/\/onlinelotto365.com\/pl\/#website\",\"url\":\"https:\/\/onlinelotto365.com\/pl\/\",\"name\":\"OnlineLotto365\",\"description\":\"\",\"potentialAction\":[{\"@type\":\"SearchAction\",\"target\":{\"@type\":\"EntryPoint\",\"urlTemplate\":\"https:\/\/onlinelotto365.com\/pl\/?s={search_term_string}\"},\"query-input\":{\"@type\":\"PropertyValueSpecification\",\"valueRequired\":true,\"valueName\":\"search_term_string\"}}],\"inLanguage\":\"pl-PL\"}]}<\/script>\n<!-- \/ Yoast SEO plugin. -->","yoast_head_json":{"title":"Kup bilety na Eurojackpot online","description":"Mieszkasz w Polsce, ale chcesz kupi\u0107 bilety na Eurojackpot? Kup je online tutaj!","robots":{"index":"index","follow":"follow","max-snippet":"max-snippet:-1","max-image-preview":"max-image-preview:large","max-video-preview":"max-video-preview:-1"},"canonical":"https:\/\/onlinelotto365.com\/pl\/kup-bilety\/eurojackpot\/","og_locale":"pl_PL","og_type":"article","og_title":"Kup bilety na Eurojackpot online","og_description":"Mieszkasz w Polsce, ale chcesz kupi\u0107 bilety na Eurojackpot? Kup je online tutaj!","og_url":"https:\/\/onlinelotto365.com\/pl\/kup-bilety\/eurojackpot\/","og_site_name":"OnlineLotto365","article_modified_time":"2021-01-11T08:54:43+00:00","og_image":[{"url":"https:\/\/redfoxlotto.com\/image?size=8&amp;lottery=eurojackpot"}],"twitter_card":"summary_large_image","twitter_misc":{"Szacowany czas czytania":"3 minuty"},"schema":{"@context":"https:\/\/schema.org","@graph":[{"@type":"WebPage","@id":"https:\/\/onlinelotto365.com\/pl\/kup-bilety\/eurojackpot\/","url":"https:\/\/onlinelotto365.com\/pl\/kup-bilety\/eurojackpot\/","name":"Kup bilety na Eurojackpot online","isPartOf":{"@id":"https:\/\/onlinelotto365.com\/pl\/#website"},"primaryImageOfPage":{"@id":"https:\/\/onlinelotto365.com\/pl\/kup-bilety\/eurojackpot\/#primaryimage"},"image":{"@id":"https:\/\/onlinelotto365.com\/pl\/kup-bilety\/eurojackpot\/#primaryimage"},"thumbnailUrl":"https:\/\/redfoxlotto.com\/image?size=8&amp;lottery=eurojackpot","datePublished":"2020-12-21T10:42:47+00:00","dateModified":"2021-01-11T08:54:43+00:00","description":"Mieszkasz w Polsce, ale chcesz kupi\u0107 bilety na Eurojackpot? Kup je online tutaj!","breadcrumb":{"@id":"https:\/\/onlinelotto365.com\/pl\/kup-bilety\/eurojackpot\/#breadcrumb"},"inLanguage":"pl-PL","potentialAction":[{"@type":"ReadAction","target":["https:\/\/onlinelotto365.com\/pl\/kup-bilety\/eurojackpot\/"]}]},{"@type":"ImageObject","inLanguage":"pl-PL","@id":"https:\/\/onlinelotto365.com\/pl\/kup-bilety\/eurojackpot\/#primaryimage","url":"https:\/\/redfoxlotto.com\/image?size=8&amp;lottery=eurojackpot","contentUrl":"https:\/\/redfoxlotto.com\/image?size=8&amp;lottery=eurojackpot"},{"@type":"BreadcrumbList","@id":"https:\/\/onlinelotto365.com\/pl\/kup-bilety\/eurojackpot\/#breadcrumb","itemListElement":[{"@type":"ListItem","position":1,"name":"Home","item":"https:\/\/onlinelotto365.com\/pl\/"},{"@type":"ListItem","position":2,"name":"Dlaczego bardziej sensowne jest kupowanie bilet\u00f3w na loteri\u0119 online","item":"https:\/\/onlinelotto365.com\/pl\/buy-tickets\/"},{"@type":"ListItem","position":3,"name":"Jak kupi\u0107 bilety do Eurojackpot online"}]},{"@type":"WebSite","@id":"https:\/\/onlinelotto365.com\/pl\/#website","url":"https:\/\/onlinelotto365.com\/pl\/","name":"OnlineLotto365","description":"","potentialAction":[{"@type":"SearchAction","target":{"@type":"EntryPoint","urlTemplate":"https:\/\/onlinelotto365.com\/pl\/?s={search_term_string}"},"query-input":{"@type":"PropertyValueSpecification","valueRequired":true,"valueName":"search_term_string"}}],"inLanguage":"pl-PL"}]}},"_links":{"self":[{"href":"https:\/\/onlinelotto365.com\/pl\/wp-json\/wp\/v2\/pages\/12041","targetHints":{"allow":["GET"]}}],"collection":[{"href":"https:\/\/onlinelotto365.com\/pl\/wp-json\/wp\/v2\/pages"}],"about":[{"href":"https:\/\/onlinelotto365.com\/pl\/wp-json\/wp\/v2\/types\/page"}],"author":[{"embeddable":true,"href":"https:\/\/onlinelotto365.com\/pl\/wp-json\/wp\/v2\/users\/1"}],"replies":[{"embeddable":true,"href":"https:\/\/onlinelotto365.com\/pl\/wp-json\/wp\/v2\/comments?post=12041"}],"version-history":[{"count":0,"href":"https:\/\/onlinelotto365.com\/pl\/wp-json\/wp\/v2\/pages\/12041\/revisions"}],"up":[{"embeddable":true,"href":"https:\/\/onlinelotto365.com\/pl\/wp-json\/wp\/v2\/pages\/3808"}],"wp:attachment":[{"href":"https:\/\/onlinelotto365.com\/pl\/wp-json\/wp\/v2\/media?parent=12041"}],"curies":[{"name":"wp","href":"https:\/\/api.w.org\/{rel}","templated":true}]}}