{"id":12043,"date":"2020-12-21T11:43:45","date_gmt":"2020-12-21T10:43:45","guid":{"rendered":"http:\/\/onlinelotto365.net\/?page_id=12043"},"modified":"2021-01-07T08:23:22","modified_gmt":"2021-01-07T07:23:22","slug":"superenalotto","status":"publish","type":"page","link":"https:\/\/onlinelotto365.com\/pl\/kup-bilety\/superenalotto\/","title":{"rendered":"Jak kupi\u0107 bilety na Superenalotto online"},"content":{"rendered":"<p>Czy jeste\u015b zainteresowany <strong> kupnem bilet\u00f3w Superenalotto przez Internet z Polski <\/strong>, ale nie wiesz, jak to zrobi\u0107? C\u00f3\u017c, jeste\u015b we w\u0142a\u015bciwym miejscu, poniewa\u017c zajmiemy si\u0119 tym za Ciebie. Wszystko, co musisz zrobi\u0107, to wykona\u0107 proste kroki, kt\u00f3re om\u00f3wimy poni\u017cej, a szybko otrzymasz bilety.<\/p>\n<ul>\n<li>Wybierz loteri\u0119, na kt\u00f3r\u0105 chcesz <strong> kupi\u0107 kupony, i wybierz liczby <\/strong>, w kt\u00f3re chcesz gra\u0107, lub wybierz opcj\u0119 szybkiego wyboru, aby komputer wybra\u0142 za Ciebie<\/li>\n<li>Dodaj dodatkowe kupony lub <a href=\"https:\/\/onlinelotto365.com\/pl\/kup-bilety\"> dodatkowe loterie <\/a>, aby z\u0142o\u017cy\u0107 zam\u00f3wienie.<\/li>\n<li>Wybierz opcj\u0119 zap\u0142aty teraz<\/li>\n<li>Utw\u00f3rz konto u nas lub zaloguj si\u0119 na swoje konto, aby kupi\u0107 bilety<\/li>\n<li>Osoby, kt\u00f3re musz\u0105 zarejestrowa\u0107 konto, b\u0119d\u0105 musia\u0142y poszuka\u0107 linku weryfikacyjnego w wiadomo\u015bci e-mail, aby upewni\u0107 si\u0119, \u017ce konto zosta\u0142o ca\u0142kowicie skonfigurowane.<\/li>\n<li>Pami\u0119taj, \u017ce link mo\u017ce trafi\u0107 do folderu ze spamem, je\u015bli nasz adres e-mail nie zosta\u0142 dodany do ksi\u0105\u017cki adresowej, wi\u0119c upewnij si\u0119, \u017ce dok\u0142adnie go sprawdzi\u0142e\u015b<\/li>\n<li>Wybierz ikon\u0119 p\u0142atno\u015bci u g\u00f3ry ekranu<\/li>\n<li>Wybierz metod\u0119 p\u0142atno\u015bci i post\u0119puj zgodnie z instrukcjami, aby zako\u0144czy\u0107 proces p\u0142atno\u015bci<\/li>\n<\/ul>\n<p><a href=\"https:\/\/redfoxlotto.com\/pl\/superenalotto\/?ref=a8564250a2&amp;medium=ol365\" target=\"_blank\" rel=\"noopener noreferrer\"> <img decoding=\"async\" class=\"aligncenter\" src=\"https:\/\/redfoxlotto.com\/image?size=8&amp;lottery=superenalotto\" alt=\"superenalotto\" \/> <\/a><\/p>\n<h2>Jak zap\u0142aci\u0107 za bilet Superenalotto online<\/h2>\n<p>U\u0142atwiamy p\u0142acenie za Tw\u00f3j <strong> bilet Superenalotto z Polski <\/strong>, oferuj\u0105c szerok\u0105 gam\u0119 r\u00f3\u017cnych metod p\u0142atno\u015bci. Po prostu wybierz ten, kt\u00f3ry wolisz, a b\u0119dziesz w drodze w mgnieniu oka.<\/p>\n<p>Kiedy b\u0119dziesz gotowy do zakupu bilet\u00f3w online, wystarczy wybra\u0107 mi\u0119dzy:<\/p>\n<ul>\n<li>U\u017cyj preferowanej metody p\u0142atno\u015bci, aby zap\u0142aci\u0107 bezpo\u015brednio za bilety<\/li>\n<li>Wp\u0142a\u0107 pieni\u0105dze na swoje konto i wykorzystaj je na zakup bilet\u00f3w<\/li>\n<\/ul>\n<p>Je\u015bli zdecydujesz si\u0119 zap\u0142aci\u0107 w ten spos\u00f3b, upewnij si\u0119, \u017ce wp\u0142aci\u0142e\u015b na swoje konto wi\u0119cej pieni\u0119dzy ni\u017c kwota potrzebna do zakupu bilet\u00f3w.<\/p>\n<h2>Wi\u0119cej informacji o Superenalotto<\/h2>\n<ul>\n<li>Kraj: W\u0142ochy<\/li>\n<li>G\u0142\u00f3wny zakres liczb: 90<\/li>\n<li>Wybierasz: 6<\/li>\n<li>Dni losowania i godziny: wtorek, czwartek, sobota, 19:00 GMT, 21:00 CET<\/li>\n<li>Minimalny jackpot: 2 miliony euro<\/li>\n<li>Maksymalny jackpot: brak<\/li>\n<li>Prawdopodobie\u0144stwo wygrania g\u0142\u00f3wnej nagrody: 1 do 622614630<\/li>\n<li>Prawdopodobie\u0144stwo wygranej 2 poziomu: 1 do 103769105<\/li>\n<li>Prawdopodobie\u0144stwo wygranej na dowolnym poziomie: 1 do 20,58<\/li>\n<li>Liczba poziom\u00f3w nagr\u00f3d: 6<\/li>\n<\/ul>\n<h2>Zalety kupowania bilet\u00f3w Superenalotto online<\/h2>\n<ul>\n<li><a href=\"https:\/\/onlinelotto365.com\/pl\/kup-bilety\"> Kupowanie bilet\u00f3w <\/a> odbywa si\u0119 z dowolnego miejsca, w kt\u00f3rym jest Ci najwygodniej, w tym z Polski <img decoding=\"async\" class=\"alignright size-medium wp-image -3615 \" src=\" https:\/\/onlinelotto365.com\/wp-content\/uploads\/2020\/11\/online_lottery-52-300x169.jpg \" alt=\" graj w superenalotto online UK \" width=\" 300 \" height=\" 169 \" \/><\/li>\n<li>Wybierz jedn\u0105 z kilku r\u00f3\u017cnych loterii<\/li>\n<li>Uzyskaj <a href=\"https:\/\/onlinelotto365.com\/pl\/news\/ktore-loterie-maja-najwieksze-szanse-na-wygrana\"> najwi\u0119ksze szanse na wygran\u0105 w loteriach <\/a> z najlepszymi jackpotami<\/li>\n<li>Dodaj pieni\u0105dze do swojego konta, aby zap\u0142aci\u0107 bezpo\u015brednio za bilety<\/li>\n<li>Nie martw si\u0119 o utrat\u0119 biletu<\/li>\n<li>Natychmiastowe powiadomienia o wygranej<\/li>\n<li>Generator liczb losowych dla opcji bilet\u00f3w szybkiego wyboru<\/li>\n<\/ul>\n<h2>Czy kupowanie bilet\u00f3w Superenalotto przez Internet jest legalne?<\/h2>\n<p>A co, je\u015bli obawiasz si\u0119 legalno\u015bci zakupu kupon\u00f3w lotto online? A mo\u017ce nawet w tradycyjny spos\u00f3b? Je\u015bli w Twoim kraju zamieszkania obowi\u0105zuj\u0105 surowe przepisy, mo\u017cesz si\u0119 niepokoi\u0107, ale nie musisz. Dzieje si\u0119 tak, poniewa\u017c nasza us\u0142uga jest zgodna z przepisami i zapewnia, \u017ce \u200b\u200botrzymasz wygran\u0105, bez wzgl\u0119du na to, ile wygrywasz i gdzie mieszkasz. <a href=\"https:\/\/onlinelotto365.com\/pl\/news\/minimalny-wiek-do-kupowania-losow-na-loterie\"> Aby korzysta\u0107 z us\u0142ugi, wystarczy mie\u0107 uko\u0144czone 18 lat. <\/a><\/p>\n<h2>Jak otrzymam zap\u0142at\u0119, je\u015bli wygram Superenalotto online?<\/h2>\n<p>Je\u015bli wygrasz, proces p\u0142atno\u015bci jest \u0142atwy, poniewa\u017c musisz zrobi\u0107 bardzo niewiele. Nie musisz te\u017c martwi\u0107 si\u0119 o utrat\u0119 jakiejkolwiek wygranej. Nie pobieramy prowizji za wygran\u0105 i nie pobieramy \u017cadnych op\u0142at, chyba \u017ce zdecydujesz si\u0119 na wykonanie przelewu bankowego. W takim przypadku, je\u015bli bank pobierze od nas op\u0142aty za przelew, przeka\u017cemy te op\u0142aty i mo\u017cesz zobaczy\u0107 niewielk\u0105 kwot\u0119 z wygranych.<\/p>\n<p><strong> W przeciwnym razie musisz wiedzie\u0107 dwie rzeczy: <\/strong><\/p>\n<ul>\n<li>Wygrane kwoty poni\u017cej 2500 EUR s\u0105 natychmiast deponowane bezpo\u015brednio na Twoje konto gracza, dzi\u0119ki czemu mo\u017cesz z nich korzysta\u0107 w dowolny spos\u00f3b.<\/li>\n<li>Kwoty przekraczaj\u0105ce 2500 EUR b\u0119d\u0105 wymaga\u0142y dodatkowego kroku. Nasz zesp\u00f3\u0142 pomocy skontaktuje si\u0119 z Tob\u0105 i przeka\u017ce Ci formularz, kt\u00f3ry musisz wype\u0142ni\u0107, aby otrzyma\u0107 prowizj\u0119 za loteri\u0119. Formularz zawiera szczeg\u00f3\u0142owe informacje na temat sposobu dokonywania p\u0142atno\u015bci orazmo\u017cesz otrzyma\u0107 przelew bankowy lub czek na wygran\u0105 kwot\u0119.<\/li>\n<\/ul>\n","protected":false},"excerpt":{"rendered":"<p>Czy jeste\u015b zainteresowany kupnem bilet\u00f3w Superenalotto przez Internet z Polski , ale nie wiesz, jak to zrobi\u0107? C\u00f3\u017c, jeste\u015b we w\u0142a\u015bciwym miejscu, poniewa\u017c zajmiemy si\u0119 tym za Ciebie. Wszystko, co musisz zrobi\u0107, to wykona\u0107 proste kroki, kt\u00f3re om\u00f3wimy poni\u017cej, a szybko otrzymasz bilety. Wybierz loteri\u0119, na kt\u00f3r\u0105 chcesz kupi\u0107 kupony, i wybierz liczby , w [&hellip;]<\/p>\n","protected":false},"author":1,"featured_media":0,"parent":3808,"menu_order":5,"comment_status":"closed","ping_status":"closed","template":"superenalotto-info.php","meta":{"_et_pb_use_builder":"","_et_pb_old_content":"","_et_gb_content_width":"","exclude_from_search":false,"footnotes":""},"class_list":["post-12043","page","type-page","status-publish","hentry"],"yoast_head":"<!-- This site is optimized with the Yoast SEO plugin v23.4 - https:\/\/yoast.com\/wordpress\/plugins\/seo\/ -->\n<title>O zakupie bilet\u00f3w na Superenalotto online z Polski<\/title>\n<meta name=\"description\" content=\"Dowiedz si\u0119 jak kupi\u0107 bilety na Superenalotto z dowolnego miejsca, w tym z Polski\" \/>\n<meta name=\"robots\" content=\"index, follow, max-snippet:-1, max-image-preview:large, max-video-preview:-1\" \/>\n<link rel=\"canonical\" href=\"https:\/\/onlinelotto365.com\/pl\/kup-bilety\/superenalotto\/\" \/>\n<meta property=\"og:locale\" content=\"pl_PL\" \/>\n<meta property=\"og:type\" content=\"article\" \/>\n<meta property=\"og:title\" content=\"O zakupie bilet\u00f3w na Superenalotto online z Polski\" \/>\n<meta property=\"og:description\" content=\"Dowiedz si\u0119 jak kupi\u0107 bilety na Superenalotto z dowolnego miejsca, w tym z Polski\" \/>\n<meta property=\"og:url\" content=\"https:\/\/onlinelotto365.com\/pl\/kup-bilety\/superenalotto\/\" \/>\n<meta property=\"og:site_name\" content=\"OnlineLotto365\" \/>\n<meta property=\"article:modified_time\" content=\"2021-01-07T07:23:22+00:00\" \/>\n<meta property=\"og:image\" content=\"https:\/\/redfoxlotto.com\/image?size=8&amp;lottery=superenalotto\" \/>\n<meta name=\"twitter:card\" content=\"summary_large_image\" \/>\n<meta name=\"twitter:label1\" content=\"Szacowany czas czytania\" \/>\n\t<meta name=\"twitter:data1\" content=\"3 minuty\" \/>\n<script type=\"application\/ld+json\" class=\"yoast-schema-graph\">{\"@context\":\"https:\/\/schema.org\",\"@graph\":[{\"@type\":\"WebPage\",\"@id\":\"https:\/\/onlinelotto365.com\/pl\/kup-bilety\/superenalotto\/\",\"url\":\"https:\/\/onlinelotto365.com\/pl\/kup-bilety\/superenalotto\/\",\"name\":\"O zakupie bilet\u00f3w na Superenalotto online z Polski\",\"isPartOf\":{\"@id\":\"https:\/\/onlinelotto365.com\/pl\/#website\"},\"primaryImageOfPage\":{\"@id\":\"https:\/\/onlinelotto365.com\/pl\/kup-bilety\/superenalotto\/#primaryimage\"},\"image\":{\"@id\":\"https:\/\/onlinelotto365.com\/pl\/kup-bilety\/superenalotto\/#primaryimage\"},\"thumbnailUrl\":\"https:\/\/redfoxlotto.com\/image?size=8&amp;lottery=superenalotto\",\"datePublished\":\"2020-12-21T10:43:45+00:00\",\"dateModified\":\"2021-01-07T07:23:22+00:00\",\"description\":\"Dowiedz si\u0119 jak kupi\u0107 bilety na Superenalotto z dowolnego miejsca, w tym z Polski\",\"breadcrumb\":{\"@id\":\"https:\/\/onlinelotto365.com\/pl\/kup-bilety\/superenalotto\/#breadcrumb\"},\"inLanguage\":\"pl-PL\",\"potentialAction\":[{\"@type\":\"ReadAction\",\"target\":[\"https:\/\/onlinelotto365.com\/pl\/kup-bilety\/superenalotto\/\"]}]},{\"@type\":\"ImageObject\",\"inLanguage\":\"pl-PL\",\"@id\":\"https:\/\/onlinelotto365.com\/pl\/kup-bilety\/superenalotto\/#primaryimage\",\"url\":\"https:\/\/redfoxlotto.com\/image?size=8&amp;lottery=superenalotto\",\"contentUrl\":\"https:\/\/redfoxlotto.com\/image?size=8&amp;lottery=superenalotto\"},{\"@type\":\"BreadcrumbList\",\"@id\":\"https:\/\/onlinelotto365.com\/pl\/kup-bilety\/superenalotto\/#breadcrumb\",\"itemListElement\":[{\"@type\":\"ListItem\",\"position\":1,\"name\":\"Home\",\"item\":\"https:\/\/onlinelotto365.com\/pl\/\"},{\"@type\":\"ListItem\",\"position\":2,\"name\":\"Dlaczego bardziej sensowne jest kupowanie bilet\u00f3w na loteri\u0119 online\",\"item\":\"https:\/\/onlinelotto365.com\/pl\/buy-tickets\/\"},{\"@type\":\"ListItem\",\"position\":3,\"name\":\"Jak kupi\u0107 bilety na Superenalotto online\"}]},{\"@type\":\"WebSite\",\"@id\":\"https:\/\/onlinelotto365.com\/pl\/#website\",\"url\":\"https:\/\/onlinelotto365.com\/pl\/\",\"name\":\"OnlineLotto365\",\"description\":\"\",\"potentialAction\":[{\"@type\":\"SearchAction\",\"target\":{\"@type\":\"EntryPoint\",\"urlTemplate\":\"https:\/\/onlinelotto365.com\/pl\/?s={search_term_string}\"},\"query-input\":{\"@type\":\"PropertyValueSpecification\",\"valueRequired\":true,\"valueName\":\"search_term_string\"}}],\"inLanguage\":\"pl-PL\"}]}<\/script>\n<!-- \/ Yoast SEO plugin. -->","yoast_head_json":{"title":"O zakupie bilet\u00f3w na Superenalotto online z Polski","description":"Dowiedz si\u0119 jak kupi\u0107 bilety na Superenalotto z dowolnego miejsca, w tym z Polski","robots":{"index":"index","follow":"follow","max-snippet":"max-snippet:-1","max-image-preview":"max-image-preview:large","max-video-preview":"max-video-preview:-1"},"canonical":"https:\/\/onlinelotto365.com\/pl\/kup-bilety\/superenalotto\/","og_locale":"pl_PL","og_type":"article","og_title":"O zakupie bilet\u00f3w na Superenalotto online z Polski","og_description":"Dowiedz si\u0119 jak kupi\u0107 bilety na Superenalotto z dowolnego miejsca, w tym z Polski","og_url":"https:\/\/onlinelotto365.com\/pl\/kup-bilety\/superenalotto\/","og_site_name":"OnlineLotto365","article_modified_time":"2021-01-07T07:23:22+00:00","og_image":[{"url":"https:\/\/redfoxlotto.com\/image?size=8&amp;lottery=superenalotto"}],"twitter_card":"summary_large_image","twitter_misc":{"Szacowany czas czytania":"3 minuty"},"schema":{"@context":"https:\/\/schema.org","@graph":[{"@type":"WebPage","@id":"https:\/\/onlinelotto365.com\/pl\/kup-bilety\/superenalotto\/","url":"https:\/\/onlinelotto365.com\/pl\/kup-bilety\/superenalotto\/","name":"O zakupie bilet\u00f3w na Superenalotto online z Polski","isPartOf":{"@id":"https:\/\/onlinelotto365.com\/pl\/#website"},"primaryImageOfPage":{"@id":"https:\/\/onlinelotto365.com\/pl\/kup-bilety\/superenalotto\/#primaryimage"},"image":{"@id":"https:\/\/onlinelotto365.com\/pl\/kup-bilety\/superenalotto\/#primaryimage"},"thumbnailUrl":"https:\/\/redfoxlotto.com\/image?size=8&amp;lottery=superenalotto","datePublished":"2020-12-21T10:43:45+00:00","dateModified":"2021-01-07T07:23:22+00:00","description":"Dowiedz si\u0119 jak kupi\u0107 bilety na Superenalotto z dowolnego miejsca, w tym z Polski","breadcrumb":{"@id":"https:\/\/onlinelotto365.com\/pl\/kup-bilety\/superenalotto\/#breadcrumb"},"inLanguage":"pl-PL","potentialAction":[{"@type":"ReadAction","target":["https:\/\/onlinelotto365.com\/pl\/kup-bilety\/superenalotto\/"]}]},{"@type":"ImageObject","inLanguage":"pl-PL","@id":"https:\/\/onlinelotto365.com\/pl\/kup-bilety\/superenalotto\/#primaryimage","url":"https:\/\/redfoxlotto.com\/image?size=8&amp;lottery=superenalotto","contentUrl":"https:\/\/redfoxlotto.com\/image?size=8&amp;lottery=superenalotto"},{"@type":"BreadcrumbList","@id":"https:\/\/onlinelotto365.com\/pl\/kup-bilety\/superenalotto\/#breadcrumb","itemListElement":[{"@type":"ListItem","position":1,"name":"Home","item":"https:\/\/onlinelotto365.com\/pl\/"},{"@type":"ListItem","position":2,"name":"Dlaczego bardziej sensowne jest kupowanie bilet\u00f3w na loteri\u0119 online","item":"https:\/\/onlinelotto365.com\/pl\/buy-tickets\/"},{"@type":"ListItem","position":3,"name":"Jak kupi\u0107 bilety na Superenalotto online"}]},{"@type":"WebSite","@id":"https:\/\/onlinelotto365.com\/pl\/#website","url":"https:\/\/onlinelotto365.com\/pl\/","name":"OnlineLotto365","description":"","potentialAction":[{"@type":"SearchAction","target":{"@type":"EntryPoint","urlTemplate":"https:\/\/onlinelotto365.com\/pl\/?s={search_term_string}"},"query-input":{"@type":"PropertyValueSpecification","valueRequired":true,"valueName":"search_term_string"}}],"inLanguage":"pl-PL"}]}},"_links":{"self":[{"href":"https:\/\/onlinelotto365.com\/pl\/wp-json\/wp\/v2\/pages\/12043","targetHints":{"allow":["GET"]}}],"collection":[{"href":"https:\/\/onlinelotto365.com\/pl\/wp-json\/wp\/v2\/pages"}],"about":[{"href":"https:\/\/onlinelotto365.com\/pl\/wp-json\/wp\/v2\/types\/page"}],"author":[{"embeddable":true,"href":"https:\/\/onlinelotto365.com\/pl\/wp-json\/wp\/v2\/users\/1"}],"replies":[{"embeddable":true,"href":"https:\/\/onlinelotto365.com\/pl\/wp-json\/wp\/v2\/comments?post=12043"}],"version-history":[{"count":0,"href":"https:\/\/onlinelotto365.com\/pl\/wp-json\/wp\/v2\/pages\/12043\/revisions"}],"up":[{"embeddable":true,"href":"https:\/\/onlinelotto365.com\/pl\/wp-json\/wp\/v2\/pages\/3808"}],"wp:attachment":[{"href":"https:\/\/onlinelotto365.com\/pl\/wp-json\/wp\/v2\/media?parent=12043"}],"curies":[{"name":"wp","href":"https:\/\/api.w.org\/{rel}","templated":true}]}}