{"id":12045,"date":"2020-12-21T11:44:43","date_gmt":"2020-12-21T10:44:43","guid":{"rendered":"http:\/\/onlinelotto365.net\/?page_id=12045"},"modified":"2021-01-07T08:23:42","modified_gmt":"2021-01-07T07:23:42","slug":"el-gordo","status":"publish","type":"page","link":"https:\/\/onlinelotto365.com\/pl\/kup-bilety\/el-gordo\/","title":{"rendered":"Jak kupi\u0107 bilety na El Gordo online"},"content":{"rendered":"<p>Czy jeste\u015b ciekawy, jak <strong> kupi\u0107 bilety do El Gordo przez Internet, mieszkaj\u0105c w Polsce <\/strong>? C\u00f3\u017c, nie b\u0119dziesz chcia\u0142 przegapi\u0107 tego artyku\u0142u, poniewa\u017c przeprowadzimy Ci\u0119 przez ca\u0142y proces, aby\u015b m\u00f3g\u0142 dosta\u0107 bilety, kt\u00f3re chcesz, bez k\u0142opot\u00f3w i bez konieczno\u015bci podr\u00f3\u017cowania do kraju, kt\u00f3ry normalnie gra w t\u0119 gr\u0119.<\/p>\n<ul>\n<li>Zajrzyj na stron\u0119 g\u0142\u00f3wn\u0105 <strong> loterii, w kt\u00f3r\u0105 chcesz gra\u0107, i wybierz liczby <\/strong>, kt\u00f3re chcesz umie\u015bci\u0107 na swoich kuponach<\/li>\n<li>Dodaj jeszcze wi\u0119cej bilet\u00f3w na t\u0119 sam\u0105 gr\u0119 lub <a href=\"https:\/\/onlinelotto365.com\/pl\/zagraj\"> inne gry, w kt\u00f3re chcesz zagra\u0107 <\/a>, aby uzyska\u0107 pe\u0142ne zam\u00f3wienie &lt;\/ li &gt;<\/li>\n<li>Wybierz opcj\u0119 zap\u0142aty teraz<\/li>\n<li>Przejd\u017a przez proces rejestracji swojego konta, je\u015bli nigdy wcze\u015bniej u nas nie kupowa\u0142e\u015b, lub zaloguj si\u0119 na istniej\u0105ce konto, je\u015bli ju\u017c je masz.<\/li>\n<li>Sprawd\u017a, czy w e-mailu nie ma linku weryfikacyjnego dla kont wymagaj\u0105cych weryfikacji i rejestracji<\/li>\n<li>Je\u015bli e-mail nie pojawia si\u0119 w skrzynce odbiorczej, zajrzyj do folderu ze spamem, aby upewni\u0107 si\u0119, \u017ce tam nie trafi\u0142.<\/li>\n<li>Kliknij koszyk, aby zap\u0142aci\u0107 za zam\u00f3wienie<\/li>\n<li>Wybierz opcj\u0119 p\u0142atno\u015bci, kt\u00f3rej chcesz u\u017cy\u0107, i post\u0119puj zgodnie z instrukcjami dotycz\u0105cymi p\u0142atno\u015bci<\/li>\n<\/ul>\n<p><a href=\"https:\/\/redfoxlotto.com\/pl\/graj\/el-gordo-primitiva\/?ref=a8564250a2&amp;medium=ol365\" target=\"_blank\" rel=\"noopener noreferrer\"> <img decoding=\"async\" class=\"aligncenter\" src=\"https:\/\/redfoxlotto.com\/image?size=8&amp;lottery=el-gordo-primitiva\" alt=\"el gordo\" \/> <\/a><\/p>\n<h2>Jak zap\u0142aci\u0107 za bilet do El Gordo online<\/h2>\n<p>Dokonywanie p\u0142atno\u015bci za bilety jest \u0142atwe i szybkie, poniewa\u017c chcemy mie\u0107 pewno\u015b\u0107, \u017ce nasi klienci z Polski mog\u0105 wybra\u0107 bilety, kt\u00f3re chc\u0105, kiedy chc\u0105.<br \/>\nMo\u017cesz zap\u0142aci\u0107 za bilety, wykonuj\u0105c jedn\u0105 z nast\u0119puj\u0105cych czynno\u015bci:<\/p>\n<ul>\n<li>Wprowad\u017a metod\u0119 p\u0142atno\u015bci, aby dokona\u0107 zakupu bezpo\u015brednio<\/li>\n<li>Dodaj pieni\u0105dze do swojego konta, aby dokona\u0107 p\u0142atno\u015bci bezpo\u015brednio z tego miejsca<\/li>\n<\/ul>\n<p>Upewnij si\u0119, \u017ce doda\u0142e\u015b wi\u0119cej ni\u017c wystarczaj\u0105co do swojego konta gracza, je\u015bli planujesz dokona\u0107 zakupu bezpo\u015brednio tutaj.<\/p>\n<h2>Wi\u0119cej informacji o El Gordo<\/h2>\n<ul>\n<li>Kraj: Hiszpania<\/li>\n<li>G\u0142\u00f3wny zakres liczb: 54<\/li>\n<li>Wybierasz: 5<\/li>\n<li>Zakres dodatkowych liczb: brak<\/li>\n<li>Wybierasz: brak<\/li>\n<li>Dni losowania i godziny: niedziela, 21:30 CET, 21:30 CET<\/li>\n<li>Minimalny jackpot: 4 miliony euro<\/li>\n<li>Maksymalny jackpot: brak<\/li>\n<li>Prawdopodobie\u0144stwo wygrania jackpota: 1 do 31625100<\/li>\n<li>Prawdopodobie\u0144stwo wygranej 2 poziomu: 1 do 3513900<\/li>\n<li>Prawdopodobie\u0144stwo wygranej na dowolnym poziomie: 1 do 6,16<\/li>\n<li>Liczba poziom\u00f3w nagr\u00f3d: 9<\/li>\n<\/ul>\n<h2>Zalety kupowania bilet\u00f3w El Gordo przez Internet<\/h2>\n<ul>\n<li>Kup wybrane bilety bez wychodzenia z domu <img loading=\"lazy\" decoding=\"async\" class=\"alignright wp-image-3585\" src=\"https:\/\/onlinelotto365.com\/wp-content\/uploads\/2020\/11\/online_lottery-106.jpg\" alt=\"graj w el gordo online UK\" width=\"282\" height=\"169\" \/><\/li>\n<li>Wybieraj z jeszcze wi\u0119kszej liczby loterii<\/li>\n<li>Uzyskaj jeszcze <a href=\"https:\/\/onlinelotto365.com\/pl\/news\/oblicz-szanse-na-jakakolwiek-loterie\"> wi\u0119ksze szanse na wygran\u0105 <\/a>, wybieraj\u0105c loterie z najlepszymi jackpotami<\/li>\n<li>Dodaj pieni\u0105dze do swojego konta i p\u0142a\u0107 za losy przy u\u017cyciu salda loterii<\/li>\n<li>Z \u0142atwo\u015bci\u0105 \u015bled\u017a swoje bilety<\/li>\n<li>Otrzymuj natychmiastowe powiadomienia o <a href=\"https:\/\/onlinelotto365.com\/pl\/numery-wygranych\"> zwyci\u0119skich kuponach <\/a><\/li>\n<li>Pozw\u00f3l komputerowi wybra\u0107 numery bilet\u00f3w, kt\u00f3rych u\u017cywasz<\/li>\n<\/ul>\n<h2>Czy kupowanie bilet\u00f3w El Gordo przez Internet jest legalne?<\/h2>\n<p>Nie martw si\u0119, czy Twoje bilety i kupowanie online lub w tradycyjny spos\u00f3b jest dla Ciebie legalne w Polsce. Nasz system robi wszystko legalnie i zgodnie z przepisami. Nie wspominaj\u0105c o tym, \u017ce otrzymasz swoj\u0105 p\u0142atno\u015b\u0107 i wygrane, bez wzgl\u0119du na wszystko. Dbamy o to, aby jak najszybciej trafi\u0142 na Twoje konto.<br \/>\nAby korzysta\u0107 z naszej strony, wystarczy mie\u0107 uko\u0144czone 18 lat.<\/p>\n<h2>Jak otrzymam zap\u0142at\u0119, je\u015bli wygram El Gordo online?<\/h2>\n<p>Wiemy, \u017ce otrzymanie zap\u0142aty jest dla Ciebie niezwykle wa\u017cne, dlatego w\u0142o\u017cyli\u015bmy w ten proces mn\u00f3stwo czasu i wysi\u0142ku. Dbamy o to, aby <strong> otrzyma\u0107 wszystkie swoje wygrane bez op\u0142at i prowizji pobieranych dla siebie <\/strong>. Jedyny przypadek, w kt\u00f3rym p\u0142acisz nam, to przelew bankowy jako metod\u0119 p\u0142atno\u015bci. W niekt\u00f3rych obszarach mo\u017ce to wymaga\u0107 op\u0142aty z <strong> banku za przelew do Polski <\/strong>, a my r\u00f3wnie\u017c prze\u015blemy t\u0119 niewielk\u0105 op\u0142at\u0119.<\/p>\n<p>W przeciwnym razie p\u0142atno\u015b\u0107 odbywa si\u0119 na dwa sposoby:<\/p>\n<ul>\n<li>Je\u015bli wygrasz mniej ni\u017c 2500 EUR, automatycznie wp\u0142acimy pieni\u0105dze bezpo\u015brednio na Twoje konto, wi\u0119c nie musisz robi\u0107 nic wi\u0119cej.<\/li>\n<li>Je\u015bli wygrasz wi\u0119cej ni\u017c 2500 EUR, musisz poczeka\u0107 na wiadomo\u015b\u0107 e-mail od naszego zespo\u0142u pomocy technicznej, aby wype\u0142ni\u0107 formularz zg\u0142oszeniowy. Umo\u017cliwi to przekazanie wygranych bezpo\u015brednio przelewem bankowym lub czekiem wys\u0142anym do Ciebie.<\/li>\n<\/ul>\n","protected":false},"excerpt":{"rendered":"<p>Czy jeste\u015b ciekawy, jak kupi\u0107 bilety do El Gordo przez Internet, mieszkaj\u0105c w Polsce ? C\u00f3\u017c, nie b\u0119dziesz chcia\u0142 przegapi\u0107 tego artyku\u0142u, poniewa\u017c przeprowadzimy Ci\u0119 przez ca\u0142y proces, aby\u015b m\u00f3g\u0142 dosta\u0107 bilety, kt\u00f3re chcesz, bez k\u0142opot\u00f3w i bez konieczno\u015bci podr\u00f3\u017cowania do kraju, kt\u00f3ry normalnie gra w t\u0119 gr\u0119. Zajrzyj na stron\u0119 g\u0142\u00f3wn\u0105 loterii, w kt\u00f3r\u0105 [&hellip;]<\/p>\n","protected":false},"author":1,"featured_media":0,"parent":3808,"menu_order":6,"comment_status":"closed","ping_status":"closed","template":"el-gordo-info.php","meta":{"_et_pb_use_builder":"","_et_pb_old_content":"","_et_gb_content_width":"","exclude_from_search":false,"footnotes":""},"class_list":["post-12045","page","type-page","status-publish","hentry"],"yoast_head":"<!-- This site is optimized with the Yoast SEO plugin v23.4 - https:\/\/yoast.com\/wordpress\/plugins\/seo\/ -->\n<title>El Gordo z Polski - jak kupi\u0107 bilety online<\/title>\n<meta name=\"description\" content=\"Ta hiszpa\u0144ska loteria jest ju\u017c dost\u0119pna z Polski - kupuj bilety online\" \/>\n<meta name=\"robots\" content=\"index, follow, max-snippet:-1, max-image-preview:large, max-video-preview:-1\" \/>\n<link rel=\"canonical\" href=\"https:\/\/onlinelotto365.com\/pl\/kup-bilety\/el-gordo\/\" \/>\n<meta property=\"og:locale\" content=\"pl_PL\" \/>\n<meta property=\"og:type\" content=\"article\" \/>\n<meta property=\"og:title\" content=\"El Gordo z Polski - jak kupi\u0107 bilety online\" \/>\n<meta property=\"og:description\" content=\"Ta hiszpa\u0144ska loteria jest ju\u017c dost\u0119pna z Polski - kupuj bilety online\" \/>\n<meta property=\"og:url\" content=\"https:\/\/onlinelotto365.com\/pl\/kup-bilety\/el-gordo\/\" \/>\n<meta property=\"og:site_name\" content=\"OnlineLotto365\" \/>\n<meta property=\"article:modified_time\" content=\"2021-01-07T07:23:42+00:00\" \/>\n<meta property=\"og:image\" content=\"https:\/\/redfoxlotto.com\/image?size=8&amp;lottery=el-gordo-primitiva\" \/>\n<meta name=\"twitter:card\" content=\"summary_large_image\" \/>\n<meta name=\"twitter:label1\" content=\"Szacowany czas czytania\" \/>\n\t<meta name=\"twitter:data1\" content=\"3 minuty\" \/>\n<script type=\"application\/ld+json\" class=\"yoast-schema-graph\">{\"@context\":\"https:\/\/schema.org\",\"@graph\":[{\"@type\":\"WebPage\",\"@id\":\"https:\/\/onlinelotto365.com\/pl\/kup-bilety\/el-gordo\/\",\"url\":\"https:\/\/onlinelotto365.com\/pl\/kup-bilety\/el-gordo\/\",\"name\":\"El Gordo z Polski - jak kupi\u0107 bilety online\",\"isPartOf\":{\"@id\":\"https:\/\/onlinelotto365.com\/pl\/#website\"},\"primaryImageOfPage\":{\"@id\":\"https:\/\/onlinelotto365.com\/pl\/kup-bilety\/el-gordo\/#primaryimage\"},\"image\":{\"@id\":\"https:\/\/onlinelotto365.com\/pl\/kup-bilety\/el-gordo\/#primaryimage\"},\"thumbnailUrl\":\"https:\/\/redfoxlotto.com\/image?size=8&amp;lottery=el-gordo-primitiva\",\"datePublished\":\"2020-12-21T10:44:43+00:00\",\"dateModified\":\"2021-01-07T07:23:42+00:00\",\"description\":\"Ta hiszpa\u0144ska loteria jest ju\u017c dost\u0119pna z Polski - kupuj bilety online\",\"breadcrumb\":{\"@id\":\"https:\/\/onlinelotto365.com\/pl\/kup-bilety\/el-gordo\/#breadcrumb\"},\"inLanguage\":\"pl-PL\",\"potentialAction\":[{\"@type\":\"ReadAction\",\"target\":[\"https:\/\/onlinelotto365.com\/pl\/kup-bilety\/el-gordo\/\"]}]},{\"@type\":\"ImageObject\",\"inLanguage\":\"pl-PL\",\"@id\":\"https:\/\/onlinelotto365.com\/pl\/kup-bilety\/el-gordo\/#primaryimage\",\"url\":\"https:\/\/redfoxlotto.com\/image?size=8&amp;lottery=el-gordo-primitiva\",\"contentUrl\":\"https:\/\/redfoxlotto.com\/image?size=8&amp;lottery=el-gordo-primitiva\"},{\"@type\":\"BreadcrumbList\",\"@id\":\"https:\/\/onlinelotto365.com\/pl\/kup-bilety\/el-gordo\/#breadcrumb\",\"itemListElement\":[{\"@type\":\"ListItem\",\"position\":1,\"name\":\"Home\",\"item\":\"https:\/\/onlinelotto365.com\/pl\/\"},{\"@type\":\"ListItem\",\"position\":2,\"name\":\"Dlaczego bardziej sensowne jest kupowanie bilet\u00f3w na loteri\u0119 online\",\"item\":\"https:\/\/onlinelotto365.com\/pl\/buy-tickets\/\"},{\"@type\":\"ListItem\",\"position\":3,\"name\":\"Jak kupi\u0107 bilety na El Gordo online\"}]},{\"@type\":\"WebSite\",\"@id\":\"https:\/\/onlinelotto365.com\/pl\/#website\",\"url\":\"https:\/\/onlinelotto365.com\/pl\/\",\"name\":\"OnlineLotto365\",\"description\":\"\",\"potentialAction\":[{\"@type\":\"SearchAction\",\"target\":{\"@type\":\"EntryPoint\",\"urlTemplate\":\"https:\/\/onlinelotto365.com\/pl\/?s={search_term_string}\"},\"query-input\":{\"@type\":\"PropertyValueSpecification\",\"valueRequired\":true,\"valueName\":\"search_term_string\"}}],\"inLanguage\":\"pl-PL\"}]}<\/script>\n<!-- \/ Yoast SEO plugin. -->","yoast_head_json":{"title":"El Gordo z Polski - jak kupi\u0107 bilety online","description":"Ta hiszpa\u0144ska loteria jest ju\u017c dost\u0119pna z Polski - kupuj bilety online","robots":{"index":"index","follow":"follow","max-snippet":"max-snippet:-1","max-image-preview":"max-image-preview:large","max-video-preview":"max-video-preview:-1"},"canonical":"https:\/\/onlinelotto365.com\/pl\/kup-bilety\/el-gordo\/","og_locale":"pl_PL","og_type":"article","og_title":"El Gordo z Polski - jak kupi\u0107 bilety online","og_description":"Ta hiszpa\u0144ska loteria jest ju\u017c dost\u0119pna z Polski - kupuj bilety online","og_url":"https:\/\/onlinelotto365.com\/pl\/kup-bilety\/el-gordo\/","og_site_name":"OnlineLotto365","article_modified_time":"2021-01-07T07:23:42+00:00","og_image":[{"url":"https:\/\/redfoxlotto.com\/image?size=8&amp;lottery=el-gordo-primitiva"}],"twitter_card":"summary_large_image","twitter_misc":{"Szacowany czas czytania":"3 minuty"},"schema":{"@context":"https:\/\/schema.org","@graph":[{"@type":"WebPage","@id":"https:\/\/onlinelotto365.com\/pl\/kup-bilety\/el-gordo\/","url":"https:\/\/onlinelotto365.com\/pl\/kup-bilety\/el-gordo\/","name":"El Gordo z Polski - jak kupi\u0107 bilety online","isPartOf":{"@id":"https:\/\/onlinelotto365.com\/pl\/#website"},"primaryImageOfPage":{"@id":"https:\/\/onlinelotto365.com\/pl\/kup-bilety\/el-gordo\/#primaryimage"},"image":{"@id":"https:\/\/onlinelotto365.com\/pl\/kup-bilety\/el-gordo\/#primaryimage"},"thumbnailUrl":"https:\/\/redfoxlotto.com\/image?size=8&amp;lottery=el-gordo-primitiva","datePublished":"2020-12-21T10:44:43+00:00","dateModified":"2021-01-07T07:23:42+00:00","description":"Ta hiszpa\u0144ska loteria jest ju\u017c dost\u0119pna z Polski - kupuj bilety online","breadcrumb":{"@id":"https:\/\/onlinelotto365.com\/pl\/kup-bilety\/el-gordo\/#breadcrumb"},"inLanguage":"pl-PL","potentialAction":[{"@type":"ReadAction","target":["https:\/\/onlinelotto365.com\/pl\/kup-bilety\/el-gordo\/"]}]},{"@type":"ImageObject","inLanguage":"pl-PL","@id":"https:\/\/onlinelotto365.com\/pl\/kup-bilety\/el-gordo\/#primaryimage","url":"https:\/\/redfoxlotto.com\/image?size=8&amp;lottery=el-gordo-primitiva","contentUrl":"https:\/\/redfoxlotto.com\/image?size=8&amp;lottery=el-gordo-primitiva"},{"@type":"BreadcrumbList","@id":"https:\/\/onlinelotto365.com\/pl\/kup-bilety\/el-gordo\/#breadcrumb","itemListElement":[{"@type":"ListItem","position":1,"name":"Home","item":"https:\/\/onlinelotto365.com\/pl\/"},{"@type":"ListItem","position":2,"name":"Dlaczego bardziej sensowne jest kupowanie bilet\u00f3w na loteri\u0119 online","item":"https:\/\/onlinelotto365.com\/pl\/buy-tickets\/"},{"@type":"ListItem","position":3,"name":"Jak kupi\u0107 bilety na El Gordo online"}]},{"@type":"WebSite","@id":"https:\/\/onlinelotto365.com\/pl\/#website","url":"https:\/\/onlinelotto365.com\/pl\/","name":"OnlineLotto365","description":"","potentialAction":[{"@type":"SearchAction","target":{"@type":"EntryPoint","urlTemplate":"https:\/\/onlinelotto365.com\/pl\/?s={search_term_string}"},"query-input":{"@type":"PropertyValueSpecification","valueRequired":true,"valueName":"search_term_string"}}],"inLanguage":"pl-PL"}]}},"_links":{"self":[{"href":"https:\/\/onlinelotto365.com\/pl\/wp-json\/wp\/v2\/pages\/12045","targetHints":{"allow":["GET"]}}],"collection":[{"href":"https:\/\/onlinelotto365.com\/pl\/wp-json\/wp\/v2\/pages"}],"about":[{"href":"https:\/\/onlinelotto365.com\/pl\/wp-json\/wp\/v2\/types\/page"}],"author":[{"embeddable":true,"href":"https:\/\/onlinelotto365.com\/pl\/wp-json\/wp\/v2\/users\/1"}],"replies":[{"embeddable":true,"href":"https:\/\/onlinelotto365.com\/pl\/wp-json\/wp\/v2\/comments?post=12045"}],"version-history":[{"count":0,"href":"https:\/\/onlinelotto365.com\/pl\/wp-json\/wp\/v2\/pages\/12045\/revisions"}],"up":[{"embeddable":true,"href":"https:\/\/onlinelotto365.com\/pl\/wp-json\/wp\/v2\/pages\/3808"}],"wp:attachment":[{"href":"https:\/\/onlinelotto365.com\/pl\/wp-json\/wp\/v2\/media?parent=12045"}],"curies":[{"name":"wp","href":"https:\/\/api.w.org\/{rel}","templated":true}]}}