{"id":12047,"date":"2020-12-21T11:45:27","date_gmt":"2020-12-21T10:45:27","guid":{"rendered":"http:\/\/onlinelotto365.net\/?page_id=12047"},"modified":"2021-01-07T08:23:54","modified_gmt":"2021-01-07T07:23:54","slug":"la-primitiva","status":"publish","type":"page","link":"https:\/\/onlinelotto365.com\/pl\/kup-bilety\/la-primitiva\/","title":{"rendered":"Jak kupi\u0107 bilety na La Primitiva online"},"content":{"rendered":"<p>Je\u015bli chcesz <strong> kupi\u0107 bilety La Primitiva online <\/strong>, ale nadal nie wiesz, jak to zrobi\u0107, upewnij si\u0119, \u017ce przygl\u0105dasz si\u0119 temu procesowi. Jest to o wiele \u0142atwiejsze, ni\u017c mog\u0142oby si\u0119 wydawa\u0107, dla fan\u00f3w brytyjskiego lotto i mo\u017cesz czeka\u0107 na losowanie szybciej ni\u017c my\u015blisz.<\/p>\n<ul>\n<li>Wybierz loteri\u0119, w kt\u00f3r\u0105 chcesz zagra\u0107, i <strong> wybierz liczby dla ka\u017cdego ze swoich kupon\u00f3w <\/strong>. Albo pozw\u00f3l komputerowi wybra\u0107 za Ciebie numery bilet\u00f3w.<\/li>\n<li>Dodaj tyle <a href=\"https:\/\/onlinelotto365.com\/pl\/zagraj\"> r\u00f3\u017cnych kupon\u00f3w i gier loteryjnych <\/a> do swojego zam\u00f3wienia, ile chcesz, zanim b\u0119dziesz gotowy do zap\u0142aty<\/li>\n<li>Wybierz opcj\u0119 zap\u0142aty teraz<\/li>\n<li>Zarejestruj nowe konto, je\u015bli nigdy wcze\u015bniej nie kupowa\u0142e\u015b u nas, lub zaloguj si\u0119, je\u015bli jeste\u015b dotychczasowym klientem<\/li>\n<li>Uko\u0144cz proces rejestracji, klikaj\u0105c link weryfikacyjny wys\u0142any na Tw\u00f3j adres e-mail<\/li>\n<li>Sprawd\u017a swoj\u0105 skrzynk\u0119 odbiorcz\u0105 i folder ze spamem, aby znale\u017a\u0107 wiadomo\u015b\u0107 e-mail z potwierdzeniem<\/li>\n<li>Przejd\u017a do koszyka w witrynie<\/li>\n<li>Post\u0119puj zgodnie z instrukcjami, aby wybra\u0107 opcj\u0119 p\u0142atno\u015bci i zap\u0142aci\u0107 za bilety<\/li>\n<\/ul>\n<p><a href=\"https:\/\/redfoxlotto.com\/pl\/graj\/la-primitiva\/?ref=a8564250a2&amp;medium=ol365\" target=\"_blank\" rel=\"noopener noreferrer\"> <img decoding=\"async\" class=\"aligncenter\" src=\" https:\/\/redfoxlotto.com\/image?size=8&amp;lottery=la-primitiva \" alt=\" la primitiva \" \/> <\/a><\/p>\n<h2>Jak zap\u0142aci\u0107 za bilet La Primitiva online<\/h2>\n<p>Mo\u017cesz wybiera\u0107 spo\u015br\u00f3d kilku r\u00f3\u017cnych opcji p\u0142atno\u015bci, kt\u00f3re s\u0105 bardzo bezpieczne dla naszych u\u017cytkownik\u00f3w. Pozwalamy Ci wybra\u0107 najwygodniejsz\u0105 opcj\u0119.<br \/>\nAby rozpocz\u0105\u0107, wybierz jedn\u0105 z dw\u00f3ch opcji:<\/p>\n<ul>\n<li>Dokonaj p\u0142atno\u015bci bezpo\u015brednio za pomoc\u0105 karty kredytowej, konta bankowego lub innej metody p\u0142atno\u015bci<\/li>\n<li>Dodaj pieni\u0105dze do swojego konta i u\u017cyj ich do <a href=\"https:\/\/onlinelotto365.com\/pl\/kup-bilety\"> kupowania bilet\u00f3w z konta gracza <\/a><\/li>\n<\/ul>\n<p>Ci, kt\u00f3rzy dodaj\u0105 do swojego konta gracza, aby dokona\u0107 zakupu, b\u0119d\u0105 musieli zdeponowa\u0107 wi\u0119cej ni\u017c wystarczaj\u0105c\u0105 ilo\u015b\u0107 pieni\u0119dzy na zakup, kt\u00f3ry zdecyduj\u0105 si\u0119 dokona\u0107.<\/p>\n<h2>Wi\u0119cej informacji o La Primitiva<\/h2>\n<ul>\n<li>Kraj: Hiszpania<\/li>\n<li>G\u0142\u00f3wny zakres liczb: 49<\/li>\n<li>Wybierasz: 6<\/li>\n<li>Zakres dodatkowych liczb:<\/li>\n<li>Wybierasz: 1<\/li>\n<li>Dni losowania i godziny: czwartek, sobota, 21:30 CET, 21:30 CET<\/li>\n<li>Minimalny jackpot: 2 miliony euro<\/li>\n<li>Maksymalny jackpot: brak<\/li>\n<li>Prawdopodobie\u0144stwo wygrania g\u0142\u00f3wnej nagrody: 1 do 15537573<\/li>\n<li>Prawdopodobie\u0144stwo wygranej 2 poziomu: 1 do 542008<\/li>\n<li>Prawdopodobie\u0144stwo wygranej na dowolnym poziomie: 1 do 8,43<\/li>\n<li>Liczba poziom\u00f3w nagr\u00f3d: 9<\/li>\n<\/ul>\n<h2>Zalety zakupu bilet\u00f3w La Primitiva online<\/h2>\n<ul>\n<li>Wybierz swoje bilety bez wychodzenia z domu <img decoding=\"async\" class=\"alignright wp-image-3535\" src=\"https:\/\/onlinelotto365.com\/wp-content\/uploads\/2020\/11\/online_lottery-141-296x300.jpg \" alt=\" la primitiva online \" width=\" 164 \" height=\" 166 \" \/><\/li>\n<li>Wybierz z jeszcze wi\u0119kszej liczby opcji loterii<\/li>\n<li>Przyjrzyj si\u0119 <strong> r\u00f3\u017cnym jackpotom <\/strong>, aby zobaczy\u0107, gdzie mo\u017cesz wygra\u0107 najwi\u0119cej<\/li>\n<li>Wp\u0142a\u0107 pieni\u0105dze na swoje konto, aby zap\u0142aci\u0107 za bilety<\/li>\n<li>Nie martw si\u0119 o utrat\u0119 bilet\u00f3w<\/li>\n<li>Je\u015bli wygrasz, otrzymasz <a href=\"https:\/\/onlinelotto365.com\/pl\/numery-wygranych\"> powiadomienie <\/a><\/li>\n<li>Mo\u017cesz wybra\u0107 losowo wygenerowany bilet<\/li>\n<\/ul>\n<h2>Czy kupowanie bilet\u00f3w La Primitiva przez Internet jest legalne?<\/h2>\n<p>Niekt\u00f3rzy ludzie martwi\u0105 si\u0119, czy kupowanie los\u00f3w na loteri\u0119 przez Internet jest dozwolone w ich kraju zamieszkania. Lub nawet je\u015bli mog\u0105 kupi\u0107 bilety w tradycyjny spos\u00f3b. Ale nie musisz si\u0119 martwi\u0107, czy korzystanie z naszego systemu jest legalne, poniewa\u017c dbamy o przepisy obowi\u0105zuj\u0105ce na terenie, na kt\u00f3rym odbywa si\u0119 loteria. W ten spos\u00f3b otrzymujesz wygrane, bez wzgl\u0119du na to, co si\u0119 dzieje i niewa\u017cne, ile wygrasz.<br \/>\nAby skorzysta\u0107 z naszej us\u0142ugi, wystarczy mie\u0107 uko\u0144czone 18 lat.<\/p>\n<h2>Jak otrzymam zap\u0142at\u0119, je\u015bli wygram La Primitiva online?<\/h2>\n<p>Je\u015bli chodzi o otrzymywanie p\u0142atno\u015bci, wiemy, jak wa\u017cne jest to dla Ciebie. Dlatego w\u0142a\u015bnie upraszczamy proces p\u0142atno\u015bci. A wszystko to bez \u017cadnych op\u0142at ani prowizji. Przynajmniej chyba, \u017ce \u200b\u200b<strong> zdecydujesz si\u0119 na wys\u0142anie p\u0142atno\u015bci <\/strong> przelewem bankowym. W takim przypadku bank mo\u017ce naliczy\u0107 op\u0142at\u0119. W takim przypadku przekazujemy Ci t\u0119 op\u0142at\u0119.<br \/>\nWszystko, co musisz zrobi\u0107, to wiedzie\u0107, co si\u0119 stanie, gdy wygrasz:<\/p>\n<ul>\n<li>Je\u015bli wygrasz mniej ni\u017c 2500 EUR, nie musisz nic robi\u0107, poniewa\u017c zajmiemy si\u0119 tym wszystkim za Ciebie. Dbamy o to, aby wszystkie pieni\u0105dze trafia\u0142y bezpo\u015brednio na konto gracza<\/li>\n<li>Je\u015bli wygrasz wi\u0119cej ni\u017c 2500 EUR, b\u0119dziesz mie\u0107 mo\u017cliwo\u015b\u0107 wys\u0142ania pieni\u0119dzy czekiem lub przelewem bankowym. W takim przypadku musisz wype\u0142ni\u0107 formularz roszczenia, kt\u00f3ry prze\u015ble Ci nasz zesp\u00f3\u0142 pomocy, a my pomo\u017cemy Ci z reszt\u0105.<\/li>\n<\/ul>\n","protected":false},"excerpt":{"rendered":"<p>Je\u015bli chcesz kupi\u0107 bilety La Primitiva online , ale nadal nie wiesz, jak to zrobi\u0107, upewnij si\u0119, \u017ce przygl\u0105dasz si\u0119 temu procesowi. Jest to o wiele \u0142atwiejsze, ni\u017c mog\u0142oby si\u0119 wydawa\u0107, dla fan\u00f3w brytyjskiego lotto i mo\u017cesz czeka\u0107 na losowanie szybciej ni\u017c my\u015blisz. Wybierz loteri\u0119, w kt\u00f3r\u0105 chcesz zagra\u0107, i wybierz liczby dla ka\u017cdego ze [&hellip;]<\/p>\n","protected":false},"author":1,"featured_media":0,"parent":3808,"menu_order":7,"comment_status":"closed","ping_status":"closed","template":"la-primitiva-info.php","meta":{"_et_pb_use_builder":"","_et_pb_old_content":"","_et_gb_content_width":"","exclude_from_search":false,"footnotes":""},"class_list":["post-12047","page","type-page","status-publish","hentry"],"yoast_head":"<!-- This site is optimized with the Yoast SEO plugin v23.4 - https:\/\/yoast.com\/wordpress\/plugins\/seo\/ -->\n<title>Serwis internetowy dotycz\u0105cy bilet\u00f3w na La Primitiv\u0119 | La Primitiva z Polski<\/title>\n<meta name=\"description\" content=\"Dowiedz si\u0119, jak mo\u017cesz kupi\u0107 bilety na hiszpa\u0144sk\u0105 loteri\u0119 La Primitiva z Polski\" \/>\n<meta name=\"robots\" content=\"index, follow, max-snippet:-1, max-image-preview:large, max-video-preview:-1\" \/>\n<link rel=\"canonical\" href=\"https:\/\/onlinelotto365.com\/pl\/kup-bilety\/la-primitiva\/\" \/>\n<meta property=\"og:locale\" content=\"pl_PL\" \/>\n<meta property=\"og:type\" content=\"article\" \/>\n<meta property=\"og:title\" content=\"Serwis internetowy dotycz\u0105cy bilet\u00f3w na La Primitiv\u0119 | La Primitiva z Polski\" \/>\n<meta property=\"og:description\" content=\"Dowiedz si\u0119, jak mo\u017cesz kupi\u0107 bilety na hiszpa\u0144sk\u0105 loteri\u0119 La Primitiva z Polski\" \/>\n<meta property=\"og:url\" content=\"https:\/\/onlinelotto365.com\/pl\/kup-bilety\/la-primitiva\/\" \/>\n<meta property=\"og:site_name\" content=\"OnlineLotto365\" \/>\n<meta property=\"article:modified_time\" content=\"2021-01-07T07:23:54+00:00\" \/>\n<meta name=\"twitter:card\" content=\"summary_large_image\" \/>\n<meta name=\"twitter:label1\" content=\"Szacowany czas czytania\" \/>\n\t<meta name=\"twitter:data1\" content=\"3 minuty\" \/>\n<script type=\"application\/ld+json\" class=\"yoast-schema-graph\">{\"@context\":\"https:\/\/schema.org\",\"@graph\":[{\"@type\":\"WebPage\",\"@id\":\"https:\/\/onlinelotto365.com\/pl\/kup-bilety\/la-primitiva\/\",\"url\":\"https:\/\/onlinelotto365.com\/pl\/kup-bilety\/la-primitiva\/\",\"name\":\"Serwis internetowy dotycz\u0105cy bilet\u00f3w na La Primitiv\u0119 | La Primitiva z Polski\",\"isPartOf\":{\"@id\":\"https:\/\/onlinelotto365.com\/pl\/#website\"},\"datePublished\":\"2020-12-21T10:45:27+00:00\",\"dateModified\":\"2021-01-07T07:23:54+00:00\",\"description\":\"Dowiedz si\u0119, jak mo\u017cesz kupi\u0107 bilety na hiszpa\u0144sk\u0105 loteri\u0119 La Primitiva z Polski\",\"breadcrumb\":{\"@id\":\"https:\/\/onlinelotto365.com\/pl\/kup-bilety\/la-primitiva\/#breadcrumb\"},\"inLanguage\":\"pl-PL\",\"potentialAction\":[{\"@type\":\"ReadAction\",\"target\":[\"https:\/\/onlinelotto365.com\/pl\/kup-bilety\/la-primitiva\/\"]}]},{\"@type\":\"BreadcrumbList\",\"@id\":\"https:\/\/onlinelotto365.com\/pl\/kup-bilety\/la-primitiva\/#breadcrumb\",\"itemListElement\":[{\"@type\":\"ListItem\",\"position\":1,\"name\":\"Home\",\"item\":\"https:\/\/onlinelotto365.com\/pl\/\"},{\"@type\":\"ListItem\",\"position\":2,\"name\":\"Dlaczego bardziej sensowne jest kupowanie bilet\u00f3w na loteri\u0119 online\",\"item\":\"https:\/\/onlinelotto365.com\/pl\/buy-tickets\/\"},{\"@type\":\"ListItem\",\"position\":3,\"name\":\"Jak kupi\u0107 bilety na La Primitiva online\"}]},{\"@type\":\"WebSite\",\"@id\":\"https:\/\/onlinelotto365.com\/pl\/#website\",\"url\":\"https:\/\/onlinelotto365.com\/pl\/\",\"name\":\"OnlineLotto365\",\"description\":\"\",\"potentialAction\":[{\"@type\":\"SearchAction\",\"target\":{\"@type\":\"EntryPoint\",\"urlTemplate\":\"https:\/\/onlinelotto365.com\/pl\/?s={search_term_string}\"},\"query-input\":{\"@type\":\"PropertyValueSpecification\",\"valueRequired\":true,\"valueName\":\"search_term_string\"}}],\"inLanguage\":\"pl-PL\"}]}<\/script>\n<!-- \/ Yoast SEO plugin. -->","yoast_head_json":{"title":"Serwis internetowy dotycz\u0105cy bilet\u00f3w na La Primitiv\u0119 | La Primitiva z Polski","description":"Dowiedz si\u0119, jak mo\u017cesz kupi\u0107 bilety na hiszpa\u0144sk\u0105 loteri\u0119 La Primitiva z Polski","robots":{"index":"index","follow":"follow","max-snippet":"max-snippet:-1","max-image-preview":"max-image-preview:large","max-video-preview":"max-video-preview:-1"},"canonical":"https:\/\/onlinelotto365.com\/pl\/kup-bilety\/la-primitiva\/","og_locale":"pl_PL","og_type":"article","og_title":"Serwis internetowy dotycz\u0105cy bilet\u00f3w na La Primitiv\u0119 | La Primitiva z Polski","og_description":"Dowiedz si\u0119, jak mo\u017cesz kupi\u0107 bilety na hiszpa\u0144sk\u0105 loteri\u0119 La Primitiva z Polski","og_url":"https:\/\/onlinelotto365.com\/pl\/kup-bilety\/la-primitiva\/","og_site_name":"OnlineLotto365","article_modified_time":"2021-01-07T07:23:54+00:00","twitter_card":"summary_large_image","twitter_misc":{"Szacowany czas czytania":"3 minuty"},"schema":{"@context":"https:\/\/schema.org","@graph":[{"@type":"WebPage","@id":"https:\/\/onlinelotto365.com\/pl\/kup-bilety\/la-primitiva\/","url":"https:\/\/onlinelotto365.com\/pl\/kup-bilety\/la-primitiva\/","name":"Serwis internetowy dotycz\u0105cy bilet\u00f3w na La Primitiv\u0119 | La Primitiva z Polski","isPartOf":{"@id":"https:\/\/onlinelotto365.com\/pl\/#website"},"datePublished":"2020-12-21T10:45:27+00:00","dateModified":"2021-01-07T07:23:54+00:00","description":"Dowiedz si\u0119, jak mo\u017cesz kupi\u0107 bilety na hiszpa\u0144sk\u0105 loteri\u0119 La Primitiva z Polski","breadcrumb":{"@id":"https:\/\/onlinelotto365.com\/pl\/kup-bilety\/la-primitiva\/#breadcrumb"},"inLanguage":"pl-PL","potentialAction":[{"@type":"ReadAction","target":["https:\/\/onlinelotto365.com\/pl\/kup-bilety\/la-primitiva\/"]}]},{"@type":"BreadcrumbList","@id":"https:\/\/onlinelotto365.com\/pl\/kup-bilety\/la-primitiva\/#breadcrumb","itemListElement":[{"@type":"ListItem","position":1,"name":"Home","item":"https:\/\/onlinelotto365.com\/pl\/"},{"@type":"ListItem","position":2,"name":"Dlaczego bardziej sensowne jest kupowanie bilet\u00f3w na loteri\u0119 online","item":"https:\/\/onlinelotto365.com\/pl\/buy-tickets\/"},{"@type":"ListItem","position":3,"name":"Jak kupi\u0107 bilety na La Primitiva online"}]},{"@type":"WebSite","@id":"https:\/\/onlinelotto365.com\/pl\/#website","url":"https:\/\/onlinelotto365.com\/pl\/","name":"OnlineLotto365","description":"","potentialAction":[{"@type":"SearchAction","target":{"@type":"EntryPoint","urlTemplate":"https:\/\/onlinelotto365.com\/pl\/?s={search_term_string}"},"query-input":{"@type":"PropertyValueSpecification","valueRequired":true,"valueName":"search_term_string"}}],"inLanguage":"pl-PL"}]}},"_links":{"self":[{"href":"https:\/\/onlinelotto365.com\/pl\/wp-json\/wp\/v2\/pages\/12047","targetHints":{"allow":["GET"]}}],"collection":[{"href":"https:\/\/onlinelotto365.com\/pl\/wp-json\/wp\/v2\/pages"}],"about":[{"href":"https:\/\/onlinelotto365.com\/pl\/wp-json\/wp\/v2\/types\/page"}],"author":[{"embeddable":true,"href":"https:\/\/onlinelotto365.com\/pl\/wp-json\/wp\/v2\/users\/1"}],"replies":[{"embeddable":true,"href":"https:\/\/onlinelotto365.com\/pl\/wp-json\/wp\/v2\/comments?post=12047"}],"version-history":[{"count":0,"href":"https:\/\/onlinelotto365.com\/pl\/wp-json\/wp\/v2\/pages\/12047\/revisions"}],"up":[{"embeddable":true,"href":"https:\/\/onlinelotto365.com\/pl\/wp-json\/wp\/v2\/pages\/3808"}],"wp:attachment":[{"href":"https:\/\/onlinelotto365.com\/pl\/wp-json\/wp\/v2\/media?parent=12047"}],"curies":[{"name":"wp","href":"https:\/\/api.w.org\/{rel}","templated":true}]}}