{"id":12049,"date":"2020-12-21T11:46:40","date_gmt":"2020-12-21T10:46:40","guid":{"rendered":"http:\/\/onlinelotto365.net\/?page_id=12049"},"modified":"2021-01-07T08:24:09","modified_gmt":"2021-01-07T07:24:09","slug":"bonoloto","status":"publish","type":"page","link":"https:\/\/onlinelotto365.com\/pl\/kup-bilety\/bonoloto\/","title":{"rendered":"Jak kupi\u0107 bilety BonoLoto online"},"content":{"rendered":"<p>Je\u015bli mieszkasz w Polsce i chcesz wiedzie\u0107, jak <strong> gra\u0107 w BonoLoto online <\/strong> i jak zdoby\u0107 bilety, jeste\u015b we w\u0142a\u015bciwym miejscu. Mo\u017cemy Ci pom\u00f3c w ca\u0142ym procesie i b\u0119dzie to o wiele \u0142atwiejsze, ni\u017c mog\u0142oby si\u0119 wydawa\u0107. Wszystko, co musisz zrobi\u0107, to wykona\u0107 czynno\u015bci, kt\u00f3re opisali\u015bmy poni\u017cej.<\/p>\n<ul>\n<li>Przejd\u017a do strony gry lotto, w kt\u00f3r\u0105 chcesz zagra\u0107, na przyk\u0142ad BonoLoto. Nast\u0119pnie wybierz <strong> <a href=\"https:\/\/onlinelotto365.com\/pl\/kup-bilety\"> wszystkie kupony, kt\u00f3re chcesz <\/a> <\/strong>, w tym numery, w kt\u00f3re chcesz zagra\u0107.<\/li>\n<li>Dodaj dodatkowe bilety na BonoLoto lub inne gry do swojego zam\u00f3wienia, dop\u00f3ki nie b\u0119dziesz gotowy do zap\u0142aty.<\/li>\n<li>Wybierz przycisk, aby zap\u0142aci\u0107 teraz<\/li>\n<li>Zaloguj si\u0119 na swoje konto lub wybierz opcj\u0119 utworzenia nowego konta i przejd\u017a przez proces rejestracji.<\/li>\n<li>Je\u015bli tworzysz nowe konto, musisz przej\u015b\u0107 na sw\u00f3j e-mail, aby uzyska\u0107 link weryfikacyjny, kt\u00f3ry umo\u017cliwi sfinalizowanie procesu.<\/li>\n<li>Je\u015bli nie dostaniesz linku, sprawd\u017a, czy w folderze ze spamem nie pojawia si\u0119 w zwyk\u0142ej skrzynce odbiorczej.<\/li>\n<li>Przejd\u017a do strony kasy w witrynie i rozpocznij proces p\u0142atno\u015bci.<\/li>\n<li>Wybierz metod\u0119 p\u0142atno\u015bci i zako\u0144cz p\u0142atno\u015b\u0107.<\/li>\n<\/ul>\n<p><a href=\"https:\/\/redfoxlotto.com\/pl\/bonoloto\/?ref=a8564250a2&amp;medium=ol365\" target=\"_blank\" rel=\"noopener noreferrer\"> <img decoding=\"async\" class=\"aligncenter\" src=\"https:\/\/redfoxlotto.com\/image?size=8&amp;lottery=bonoloto\" alt=\"BonoLoto\" \/> <\/a><\/p>\n<h2>Jak zap\u0142aci\u0107 za bilet BonoLoto online<\/h2>\n<p>B\u0119dziesz mie\u0107 do dyspozycji wiele r\u00f3\u017cnych metod p\u0142atno\u015bci, kt\u00f3rych mo\u017cesz u\u017cy\u0107 do zakupu bilet\u00f3w BonoLoto i nie tylko.<br \/>\nZdob\u0105d\u017a bilety, wybieraj\u0105c jedn\u0105 z dw\u00f3ch og\u00f3lnych opcji, aby rozpocz\u0105\u0107:<\/p>\n<ul>\n<li>Dokonaj p\u0142atno\u015bci za zam\u00f3wienie bezpo\u015brednio za pomoc\u0105 karty kredytowej lub konta finansowego<\/li>\n<li>Wp\u0142a\u0107 pieni\u0105dze na swoje konto gracza w naszej witrynie i u\u017cyj swojego konta gracza, aby dokona\u0107 zakupu<\/li>\n<\/ul>\n<p>Dla tych, kt\u00f3rzy zdecyduj\u0105 si\u0119 wp\u0142aci\u0107 pieni\u0105dze na swoje konto gracza, upewnij si\u0119, \u017ce dodasz wi\u0119cej pieni\u0119dzy ni\u017c potrzebujesz do bie\u017c\u0105cego zam\u00f3wienia, aby je przetworzy\u0107.<\/p>\n<h2>Wi\u0119cej informacji o BonoLoto<\/h2>\n<ul>\n<li>Kraj: Hiszpania<\/li>\n<li>G\u0142\u00f3wny zakres liczb: 49<\/li>\n<li>Wybierasz: 6<\/li>\n<li>Dni losowania, godziny: codziennie opr\u00f3cz niedziel, 21:30 CET, 21:30 CET<\/li>\n<li>Minimalny jackpot: 400 000<\/li>\n<li>Maksymalny jackpot: brak<\/li>\n<li>Prawdopodobie\u0144stwo wygrania g\u0142\u00f3wnej nagrody: 1 do 13983816<\/li>\n<li>Prawdopodobie\u0144stwo wygranej 2 poziomu: 1 do 2330636<\/li>\n<li>Prawdopodobie\u0144stwo wygranej na dowolnym poziomie: 1 do 8,43<\/li>\n<li>Liczba poziom\u00f3w nagr\u00f3d: 6<\/li>\n<\/ul>\n<h2>Zalety zakupu bilet\u00f3w BonoLoto online<\/h2>\n<ul>\n<li>Zosta\u0144 w domu i nadal kupuj bilety, kt\u00f3re chcesz z Polski lub z dowolnego kraju<\/li>\n<li>Wybieraj z szerokiej gamy r\u00f3\u017cnych gier loteryjnych z ca\u0142ego \u015bwiata<\/li>\n<li>Uzyskaj wi\u0119ksze szanse na wygranie du\u017cych nagr\u00f3d, wybieraj\u0105c najlepsze jackpoty<\/li>\n<li>Wp\u0142a\u0107 pieni\u0105dze na swoje konto, aby zap\u0142aci\u0107 za bilety<\/li>\n<li>Nie martw si\u0119, \u017ce kiedykolwiek stracisz bilet<\/li>\n<li>Nigdy nie przegap wygranej dzi\u0119ki natychmiastowym powiadomieniom<\/li>\n<li>Skorzystaj z generatora liczb losowych, aby wybra\u0107 swoje liczby<\/li>\n<\/ul>\n<h2>Czy kupowanie bilet\u00f3w BonoLoto przez Internet jest legalne?<\/h2>\n<p><img loading=\"lazy\" decoding=\"async\" width=\"300\" height=\"217\" class=\"alignright wp-image-3675\" src=\"https:\/\/onlinelotto365.com\/wp-content\/uploads\/2020\/11\/online_lottery-117-300x217.jpg\" alt=\"kup bilety bonoloto online\" srcset=\"https:\/\/onlinelotto365.com\/wp-content\/uploads\/2020\/11\/online_lottery-117-300x217.jpg 300w, https:\/\/onlinelotto365.com\/wp-content\/uploads\/2020\/11\/online_lottery-117.jpg 320w\" sizes=\"auto, (max-width: 300px) 100vw, 300px\" \/><\/p>\n<p>Mo\u017cesz czu\u0107 si\u0119 troch\u0119 zaniepokojony graniem w tego typu gr\u0119, je\u015bli nie znasz <strong> legalno\u015bci lotto online w swoim kraju zamieszkania <\/strong>. Ale mo\u017cesz ca\u0142kowicie zaufa\u0107 naszym us\u0142ugom, kt\u00f3re Ci pomog\u0105. Dbamy o to, aby przestrzegane by\u0142y wszystkie przepisy obowi\u0105zuj\u0105ce w kraju, z kt\u00f3rego pochodzi lotto.<\/p>\n<p>W ten spos\u00f3b, je\u015bli wygrasz jak\u0105kolwiek nagrod\u0119, w tym jackpot, nie musisz si\u0119 martwi\u0107, \u017ce b\u0119dziesz w stanie j\u0105 odebra\u0107. Nagroda, kt\u00f3r\u0105 zdoby\u0142e\u015b, masz gwarancj\u0119.<br \/>\nJedyn\u0105 zasad\u0105 jest to, \u017ce <a href=\"https:\/\/onlinelotto365.com\/pl\/news\/minimalny-wiek-do-kupowania-losow-na-loterie\"> <strong> musisz mie\u0107 co najmniej 18 lat, aby gra\u0107.\u00a0<\/strong><\/a><\/p>\n<h2>Jak otrzymam zap\u0142at\u0119, je\u015bli wygram BonoLoto online?<\/h2>\n<p>P\u0142atno\u015bci s\u0105 wa\u017cne i chcesz mie\u0107 pewno\u015b\u0107, \u017ce otrzymasz wszystkie pieni\u0105dze, do kt\u00f3rych masz prawo. Nie stanowi to dla nas problemu, poniewa\u017c nie pobieramy prowizji od \u017cadnej z Twoich wygranych. Otrzymasz to wszystko bezpo\u015brednio na swoim koncie.<\/p>\n<p>Pobieramy op\u0142aty tylko wtedy, gdy zdecydujesz si\u0119 przes\u0142a\u0107 pieni\u0105dze do banku. Je\u015bli Tw\u00f3j bank pobiera op\u0142at\u0119 za ten przelew, prze\u015blemy t\u0119 op\u0142at\u0119 na Twoje konto.<br \/>\nKiedy jednak masz prawo do p\u0142atno\u015bci, wydarzy si\u0119 jedna z dw\u00f3ch rzeczy:<\/p>\n<ul>\n<li style=\"list-style-type: none;\">\n<ul>\n<li>Je\u015bli wygrasz mniej ni\u017c 2500 euro, praktycznie natychmiast dostaniesz pieni\u0105dze na konto, wi\u0119c mo\u017cesz z nim zrobi\u0107, co chcesz.<\/li>\n<li>Je\u015bli wygrasz wi\u0119cej ni\u017c 2500 EUR, wygrana kwota zostanie wys\u0142ana do Ciebie w formie przelewu bankowego lub czeku. Mo\u017cesz wybra\u0107, co wolisz, wype\u0142niaj\u0105c formularz roszczenianasz personel wy\u015ble Ci\u0119. W ten spos\u00f3b otrzymasz pieni\u0105dze w ci\u0105gu zaledwie kilku dni.<\/li>\n<\/ul>\n<\/li>\n<\/ul>\n","protected":false},"excerpt":{"rendered":"<p>Je\u015bli mieszkasz w Polsce i chcesz wiedzie\u0107, jak gra\u0107 w BonoLoto online i jak zdoby\u0107 bilety, jeste\u015b we w\u0142a\u015bciwym miejscu. Mo\u017cemy Ci pom\u00f3c w ca\u0142ym procesie i b\u0119dzie to o wiele \u0142atwiejsze, ni\u017c mog\u0142oby si\u0119 wydawa\u0107. Wszystko, co musisz zrobi\u0107, to wykona\u0107 czynno\u015bci, kt\u00f3re opisali\u015bmy poni\u017cej. Przejd\u017a do strony gry lotto, w kt\u00f3r\u0105 chcesz zagra\u0107, [&hellip;]<\/p>\n","protected":false},"author":1,"featured_media":0,"parent":3808,"menu_order":8,"comment_status":"closed","ping_status":"closed","template":"template-rightsidebar.php","meta":{"_et_pb_use_builder":"","_et_pb_old_content":"","_et_gb_content_width":"","exclude_from_search":false,"footnotes":""},"class_list":["post-12049","page","type-page","status-publish","hentry"],"yoast_head":"<!-- This site is optimized with the Yoast SEO plugin v23.4 - https:\/\/yoast.com\/wordpress\/plugins\/seo\/ -->\n<title>Bilety BonoLoto online | Jak kupi\u0107 bilety z Polski<\/title>\n<meta name=\"description\" content=\"Nasza strona internetowa pozwala na zakup bilet\u00f3w na Bonoloto online i legalnie.\" \/>\n<meta name=\"robots\" content=\"index, follow, max-snippet:-1, max-image-preview:large, max-video-preview:-1\" \/>\n<link rel=\"canonical\" href=\"https:\/\/onlinelotto365.com\/pl\/kup-bilety\/bonoloto\/\" \/>\n<meta property=\"og:locale\" content=\"pl_PL\" \/>\n<meta property=\"og:type\" content=\"article\" \/>\n<meta property=\"og:title\" content=\"Bilety BonoLoto online | Jak kupi\u0107 bilety z Polski\" \/>\n<meta property=\"og:description\" content=\"Nasza strona internetowa pozwala na zakup bilet\u00f3w na Bonoloto online i legalnie.\" \/>\n<meta property=\"og:url\" content=\"https:\/\/onlinelotto365.com\/pl\/kup-bilety\/bonoloto\/\" \/>\n<meta property=\"og:site_name\" content=\"OnlineLotto365\" \/>\n<meta property=\"article:modified_time\" content=\"2021-01-07T07:24:09+00:00\" \/>\n<meta property=\"og:image\" content=\"https:\/\/redfoxlotto.com\/image?size=8&amp;lottery=bonoloto\" \/>\n<meta name=\"twitter:card\" content=\"summary_large_image\" \/>\n<meta name=\"twitter:label1\" content=\"Szacowany czas czytania\" \/>\n\t<meta name=\"twitter:data1\" content=\"4 minuty\" \/>\n<script type=\"application\/ld+json\" class=\"yoast-schema-graph\">{\"@context\":\"https:\/\/schema.org\",\"@graph\":[{\"@type\":\"WebPage\",\"@id\":\"https:\/\/onlinelotto365.com\/pl\/kup-bilety\/bonoloto\/\",\"url\":\"https:\/\/onlinelotto365.com\/pl\/kup-bilety\/bonoloto\/\",\"name\":\"Bilety BonoLoto online | Jak kupi\u0107 bilety z Polski\",\"isPartOf\":{\"@id\":\"https:\/\/onlinelotto365.com\/pl\/#website\"},\"primaryImageOfPage\":{\"@id\":\"https:\/\/onlinelotto365.com\/pl\/kup-bilety\/bonoloto\/#primaryimage\"},\"image\":{\"@id\":\"https:\/\/onlinelotto365.com\/pl\/kup-bilety\/bonoloto\/#primaryimage\"},\"thumbnailUrl\":\"https:\/\/redfoxlotto.com\/image?size=8&amp;lottery=bonoloto\",\"datePublished\":\"2020-12-21T10:46:40+00:00\",\"dateModified\":\"2021-01-07T07:24:09+00:00\",\"description\":\"Nasza strona internetowa pozwala na zakup bilet\u00f3w na Bonoloto online i legalnie.\",\"breadcrumb\":{\"@id\":\"https:\/\/onlinelotto365.com\/pl\/kup-bilety\/bonoloto\/#breadcrumb\"},\"inLanguage\":\"pl-PL\",\"potentialAction\":[{\"@type\":\"ReadAction\",\"target\":[\"https:\/\/onlinelotto365.com\/pl\/kup-bilety\/bonoloto\/\"]}]},{\"@type\":\"ImageObject\",\"inLanguage\":\"pl-PL\",\"@id\":\"https:\/\/onlinelotto365.com\/pl\/kup-bilety\/bonoloto\/#primaryimage\",\"url\":\"https:\/\/redfoxlotto.com\/image?size=8&amp;lottery=bonoloto\",\"contentUrl\":\"https:\/\/redfoxlotto.com\/image?size=8&amp;lottery=bonoloto\"},{\"@type\":\"BreadcrumbList\",\"@id\":\"https:\/\/onlinelotto365.com\/pl\/kup-bilety\/bonoloto\/#breadcrumb\",\"itemListElement\":[{\"@type\":\"ListItem\",\"position\":1,\"name\":\"Home\",\"item\":\"https:\/\/onlinelotto365.com\/pl\/\"},{\"@type\":\"ListItem\",\"position\":2,\"name\":\"Dlaczego bardziej sensowne jest kupowanie bilet\u00f3w na loteri\u0119 online\",\"item\":\"https:\/\/onlinelotto365.com\/pl\/buy-tickets\/\"},{\"@type\":\"ListItem\",\"position\":3,\"name\":\"Jak kupi\u0107 bilety BonoLoto online\"}]},{\"@type\":\"WebSite\",\"@id\":\"https:\/\/onlinelotto365.com\/pl\/#website\",\"url\":\"https:\/\/onlinelotto365.com\/pl\/\",\"name\":\"OnlineLotto365\",\"description\":\"\",\"potentialAction\":[{\"@type\":\"SearchAction\",\"target\":{\"@type\":\"EntryPoint\",\"urlTemplate\":\"https:\/\/onlinelotto365.com\/pl\/?s={search_term_string}\"},\"query-input\":{\"@type\":\"PropertyValueSpecification\",\"valueRequired\":true,\"valueName\":\"search_term_string\"}}],\"inLanguage\":\"pl-PL\"}]}<\/script>\n<!-- \/ Yoast SEO plugin. -->","yoast_head_json":{"title":"Bilety BonoLoto online | Jak kupi\u0107 bilety z Polski","description":"Nasza strona internetowa pozwala na zakup bilet\u00f3w na Bonoloto online i legalnie.","robots":{"index":"index","follow":"follow","max-snippet":"max-snippet:-1","max-image-preview":"max-image-preview:large","max-video-preview":"max-video-preview:-1"},"canonical":"https:\/\/onlinelotto365.com\/pl\/kup-bilety\/bonoloto\/","og_locale":"pl_PL","og_type":"article","og_title":"Bilety BonoLoto online | Jak kupi\u0107 bilety z Polski","og_description":"Nasza strona internetowa pozwala na zakup bilet\u00f3w na Bonoloto online i legalnie.","og_url":"https:\/\/onlinelotto365.com\/pl\/kup-bilety\/bonoloto\/","og_site_name":"OnlineLotto365","article_modified_time":"2021-01-07T07:24:09+00:00","og_image":[{"url":"https:\/\/redfoxlotto.com\/image?size=8&amp;lottery=bonoloto"}],"twitter_card":"summary_large_image","twitter_misc":{"Szacowany czas czytania":"4 minuty"},"schema":{"@context":"https:\/\/schema.org","@graph":[{"@type":"WebPage","@id":"https:\/\/onlinelotto365.com\/pl\/kup-bilety\/bonoloto\/","url":"https:\/\/onlinelotto365.com\/pl\/kup-bilety\/bonoloto\/","name":"Bilety BonoLoto online | Jak kupi\u0107 bilety z Polski","isPartOf":{"@id":"https:\/\/onlinelotto365.com\/pl\/#website"},"primaryImageOfPage":{"@id":"https:\/\/onlinelotto365.com\/pl\/kup-bilety\/bonoloto\/#primaryimage"},"image":{"@id":"https:\/\/onlinelotto365.com\/pl\/kup-bilety\/bonoloto\/#primaryimage"},"thumbnailUrl":"https:\/\/redfoxlotto.com\/image?size=8&amp;lottery=bonoloto","datePublished":"2020-12-21T10:46:40+00:00","dateModified":"2021-01-07T07:24:09+00:00","description":"Nasza strona internetowa pozwala na zakup bilet\u00f3w na Bonoloto online i legalnie.","breadcrumb":{"@id":"https:\/\/onlinelotto365.com\/pl\/kup-bilety\/bonoloto\/#breadcrumb"},"inLanguage":"pl-PL","potentialAction":[{"@type":"ReadAction","target":["https:\/\/onlinelotto365.com\/pl\/kup-bilety\/bonoloto\/"]}]},{"@type":"ImageObject","inLanguage":"pl-PL","@id":"https:\/\/onlinelotto365.com\/pl\/kup-bilety\/bonoloto\/#primaryimage","url":"https:\/\/redfoxlotto.com\/image?size=8&amp;lottery=bonoloto","contentUrl":"https:\/\/redfoxlotto.com\/image?size=8&amp;lottery=bonoloto"},{"@type":"BreadcrumbList","@id":"https:\/\/onlinelotto365.com\/pl\/kup-bilety\/bonoloto\/#breadcrumb","itemListElement":[{"@type":"ListItem","position":1,"name":"Home","item":"https:\/\/onlinelotto365.com\/pl\/"},{"@type":"ListItem","position":2,"name":"Dlaczego bardziej sensowne jest kupowanie bilet\u00f3w na loteri\u0119 online","item":"https:\/\/onlinelotto365.com\/pl\/buy-tickets\/"},{"@type":"ListItem","position":3,"name":"Jak kupi\u0107 bilety BonoLoto online"}]},{"@type":"WebSite","@id":"https:\/\/onlinelotto365.com\/pl\/#website","url":"https:\/\/onlinelotto365.com\/pl\/","name":"OnlineLotto365","description":"","potentialAction":[{"@type":"SearchAction","target":{"@type":"EntryPoint","urlTemplate":"https:\/\/onlinelotto365.com\/pl\/?s={search_term_string}"},"query-input":{"@type":"PropertyValueSpecification","valueRequired":true,"valueName":"search_term_string"}}],"inLanguage":"pl-PL"}]}},"_links":{"self":[{"href":"https:\/\/onlinelotto365.com\/pl\/wp-json\/wp\/v2\/pages\/12049","targetHints":{"allow":["GET"]}}],"collection":[{"href":"https:\/\/onlinelotto365.com\/pl\/wp-json\/wp\/v2\/pages"}],"about":[{"href":"https:\/\/onlinelotto365.com\/pl\/wp-json\/wp\/v2\/types\/page"}],"author":[{"embeddable":true,"href":"https:\/\/onlinelotto365.com\/pl\/wp-json\/wp\/v2\/users\/1"}],"replies":[{"embeddable":true,"href":"https:\/\/onlinelotto365.com\/pl\/wp-json\/wp\/v2\/comments?post=12049"}],"version-history":[{"count":0,"href":"https:\/\/onlinelotto365.com\/pl\/wp-json\/wp\/v2\/pages\/12049\/revisions"}],"up":[{"embeddable":true,"href":"https:\/\/onlinelotto365.com\/pl\/wp-json\/wp\/v2\/pages\/3808"}],"wp:attachment":[{"href":"https:\/\/onlinelotto365.com\/pl\/wp-json\/wp\/v2\/media?parent=12049"}],"curies":[{"name":"wp","href":"https:\/\/api.w.org\/{rel}","templated":true}]}}