{"id":12051,"date":"2020-12-21T11:47:36","date_gmt":"2020-12-21T10:47:36","guid":{"rendered":"http:\/\/onlinelotto365.net\/?page_id=12051"},"modified":"2021-01-07T08:24:26","modified_gmt":"2021-01-07T07:24:26","slug":"uk-lottery","status":"publish","type":"page","link":"https:\/\/onlinelotto365.com\/pl\/kup-bilety\/uk-lottery\/","title":{"rendered":"Jak kupi\u0107 UK Lottery bilety online"},"content":{"rendered":"<p>Je\u015bli <strong> chcesz kupi\u0107 swoje losy na loteri\u0119 UK Lottery w Polsce <\/strong>, nie musisz si\u0119 martwi\u0107, poniewa\u017c mamy dla Ciebie ca\u0142y proces szybko i \u0142atwo. Wystarczy, \u017ce przyjrzysz si\u0119 prostym krokom poni\u017cej, a b\u0119dziesz <strong> gotowy w mgnieniu oka. <\/strong><\/p>\n<ul>\n<li>Przejd\u017a do w\u0142a\u015bciwej strony loterii, w kt\u00f3r\u0105 chcesz zagra\u0107, np. UK Lottery. A nast\u0119pnie wybierz liczby, kt\u00f3re chcesz umie\u015bci\u0107 na swoim bilecie.<\/li>\n<li>Wybierz dodatkowe kupony na loteri\u0119, kt\u00f3re chcesz kupi\u0107 w tej lub innych loteriach, w kt\u00f3re zamierzasz gra\u0107.<\/li>\n<li>Wybierz opcj\u0119 zap\u0142aty za bilety<\/li>\n<li>Przejd\u017a przez proces rejestracji konta, je\u015bli jeste\u015b nowym u\u017cytkownikiem, lub zaloguj si\u0119 na swoje konto, je\u015bli jeste\u015b ju\u017c istniej\u0105cym u\u017cytkownikiem<\/li>\n<li>Dla tych, kt\u00f3rzy nadal musz\u0105 si\u0119 zarejestrowa\u0107, w ci\u0105gu kilku minut otrzymasz weryfikacyjn\u0105 wiadomo\u015b\u0107 e-mail do skrzynki odbiorczej lub folderu spamu<\/li>\n<li>Je\u015bli nie dosta\u0142e\u015b e-maila w ci\u0105gu kilku minut <strong> sprawd\u017a folder ze spamem, aby upewni\u0107 si\u0119, czy go otrzyma\u0142e\u015b <\/strong><\/li>\n<li>Wr\u00f3\u0107 do witryny i wybierz koszyk, aby zap\u0142aci\u0107 za bilety<\/li>\n<li>Wybierz metod\u0119 p\u0142atno\u015bci i post\u0119puj zgodnie z instrukcjami dotycz\u0105cymi p\u0142atno\u015bci<\/li>\n<\/ul>\n<p><a href=\"https:\/\/redfoxlotto.com\/pl\/lotto-uk\/?ref=a8564250a2&amp;medium=ol365\" target=\"_blank\" rel=\"noopener noreferrer\"> <img decoding=\"async\" class=\"aligncenter\" src=\" https:\/\/redfoxlotto.com\/image?size=8&amp;lottery=lotto-uk \" alt=\" loteria uk \" \/> <\/a><\/p>\n<h2>Jak zap\u0142aci\u0107 za kupon na brytyjsk\u0105 loteri\u0119 online<\/h2>\n<p>Oferujemy kilka r\u00f3\u017cnych <strong> ca\u0142kowicie bezpiecznych metod p\u0142atno\u015bci <\/strong> dla naszych klient\u00f3w z Polski i innych kraj\u00f3w. W ten spos\u00f3b mo\u017cesz wybra\u0107 najlepsz\u0105 dla siebie metod\u0119.<br \/>\nWybierz jedn\u0105 z dw\u00f3ch r\u00f3\u017cnych og\u00f3lnych opcji p\u0142atno\u015bci:<\/p>\n<ul>\n<li>Zap\u0142a\u0107 za ka\u017cde zam\u00f3wienie preferowan\u0105 metod\u0105 p\u0142atno\u015bci<\/li>\n<li>Wp\u0142a\u0107 pieni\u0105dze na swoje konto i u\u017cyj ich, aby <a href=\"https:\/\/onlinelotto365.com\/pl\/kup-bilety\"> kupi\u0107 wybrane bilety <\/a><\/li>\n<\/ul>\n<p>Je\u015bli zdecydujesz si\u0119 wp\u0142aci\u0107 pieni\u0105dze bezpo\u015brednio na swoje konto, upewnij si\u0119, \u017ce wp\u0142aci\u0142e\u015b wi\u0119cej ni\u017c kwota, kt\u00f3rej potrzebujesz na bilety.<\/p>\n<h2>Wi\u0119cej informacji o brytyjskiej loterii<\/h2>\n<ul>\n<li>Kraj: Wielka Brytania<\/li>\n<li>G\u0142\u00f3wny zakres liczb: 59<\/li>\n<li>Wybierasz: 6<\/li>\n<li>Zakres dodatkowych liczb:<\/li>\n<li>Wybierasz:<\/li>\n<li>Dni losowania, godziny: \u015broda, sobota, 19:30 UTC, 19:30 CET<\/li>\n<li>Minimalny jackpot: 2,5 miliona GBP<\/li>\n<li>Maksymalny jackpot: 22 miliony GBP<\/li>\n<li>Prawdopodobie\u0144stwo wygrania g\u0142\u00f3wnej nagrody: 1 do 45057474<\/li>\n<li>Prawdopodobie\u0144stwo wygranej 2 poziomu: 1 do 7509579<\/li>\n<li>Prawdopodobie\u0144stwo wygranej na dowolnym poziomie: 1 do 9,27<\/li>\n<li>Liczba poziom\u00f3w nagr\u00f3d: 6<\/li>\n<\/ul>\n<h2>Korzy\u015bci z kupowania los\u00f3w na brytyjsk\u0105 loteri\u0119 online<\/h2>\n<ul>\n<li>Zdob\u0105d\u017a bilety, kt\u00f3re chcesz bez wychodzenia z domu<\/li>\n<li>Wybierz z <a href=\"https:\/\/onlinelotto365.com\/pl\/news\/jak-grac-w-miedzynarodowe-lotto\"> szerokiej gamy r\u00f3\u017cnych gier loteryjnych <\/a><\/li>\n<li>Uzyskaj <a href=\"https:\/\/onlinelotto365.com\/pl\/news\/uzyj-strategii-aby-wybrac-swoje-liczby-do-lotto\"> najlepsze szanse na du\u017c\u0105 wygran\u0105 <\/a>, wyb\u00f3r mi\u0119dzy r\u00f3\u017cnymi grami<\/li>\n<li>Dodaj pieni\u0105dze bezpo\u015brednio do swojego konta p\u0142atniczego, aby zap\u0142aci\u0107 za bilety<\/li>\n<li>Nie martw si\u0119 o kolejn\u0105 utrat\u0119 bilet\u00f3w<\/li>\n<li>Powiadomienia o wygranej wysy\u0142ane bezpo\u015brednio do Ciebie<\/li>\n<li>\u0141atwe opcje wyboru, je\u015bli nie chcesz wybiera\u0107 w\u0142asnych liczb<\/li>\n<\/ul>\n<h2>Czy kupowanie los\u00f3w brytyjskiej loterii online jest legalne?<\/h2>\n<p>Nie ma obaw o legalno\u015b\u0107 kupowania los\u00f3w UK Lottery online z Polski lub w bardziej tradycyjny spos\u00f3b. Mo\u017cesz by\u0107 pewien, \u017ce bez wzgl\u0119du na to, co kupisz, nie b\u0119dziesz musia\u0142 si\u0119 martwi\u0107 nawet o wygranie jackpota.<\/p>\n<p>Zajmiemy si\u0119 otrzymaniem pieni\u0119dzy bez martwienia si\u0119 o to, czy us\u0142uga jest legalna w Twoim kraju zamieszkania. Aby kupi\u0107 bilety u nas, upewnij si\u0119, \u017ce masz uko\u0144czone 18 lat<\/p>\n<h2>Jak otrzymam zap\u0142at\u0119, je\u015bli wygram w UK Lottery online?<\/h2>\n<p>Wiemy, \u017ce otrzymywanie p\u0142atno\u015bci jest dla Ciebie najwa\u017cniejsz\u0105 cz\u0119\u015bci\u0105 i dlatego chcemy <strong> upewni\u0107 si\u0119, \u017ce proces p\u0142atno\u015bci jest tak prosty, jak to tylko mo\u017cliwe <\/strong>. Nie pobieramy r\u00f3wnie\u017c \u017cadnej prowizji od Twoich wygranych, wi\u0119c otrzymujesz wszystko, co wygra\u0142e\u015b. Pobieramy op\u0142aty tylko wtedy, gdy za\u017c\u0105dasz przelewu bankowego, a bank naliczy nam op\u0142at\u0119. Ta kwota mo\u017ce zosta\u0107 przekazana na Ciebie.<br \/>\nW przeciwnym razie zobacz, co si\u0119 dzieje z Twoimi p\u0142atno\u015bciami tutaj:<\/p>\n<ul>\n<li>P\u0142atno\u015bci mniejsze ni\u017c 2500 EUR zostan\u0105 automatycznie przelane na Twoje konto. Nie musisz nic robi\u0107<\/li>\n<li>P\u0142atno\u015bci powy\u017cej 2500 euro b\u0119d\u0105 wymaga\u0142y formularza zg\u0142oszeniowego, kt\u00f3ry mo\u017cna przes\u0142a\u0107 do komisji loterii. Zostanie on wys\u0142any do Ciebie przez nasz zesp\u00f3\u0142 wsparcia i pozwoli Ci wybra\u0107, czy chcesz wys\u0142a\u0107 pieni\u0105dze czekiem czy przelewem bankowym<\/li>\n<\/ul>\n","protected":false},"excerpt":{"rendered":"<p>Je\u015bli chcesz kupi\u0107 swoje losy na loteri\u0119 UK Lottery w Polsce , nie musisz si\u0119 martwi\u0107, poniewa\u017c mamy dla Ciebie ca\u0142y proces szybko i \u0142atwo. Wystarczy, \u017ce przyjrzysz si\u0119 prostym krokom poni\u017cej, a b\u0119dziesz gotowy w mgnieniu oka. Przejd\u017a do w\u0142a\u015bciwej strony loterii, w kt\u00f3r\u0105 chcesz zagra\u0107, np. UK Lottery. A nast\u0119pnie wybierz liczby, kt\u00f3re [&hellip;]<\/p>\n","protected":false},"author":1,"featured_media":0,"parent":3808,"menu_order":9,"comment_status":"closed","ping_status":"closed","template":"lotto-uk-info.php","meta":{"_et_pb_use_builder":"","_et_pb_old_content":"","_et_gb_content_width":"","exclude_from_search":false,"footnotes":""},"class_list":["post-12051","page","type-page","status-publish","hentry"],"yoast_head":"<!-- This site is optimized with the Yoast SEO plugin v23.4 - https:\/\/yoast.com\/wordpress\/plugins\/seo\/ -->\n<title>Kup bilety na UK Lottery online z Polski | Informacje o UK Lottery, jak kupi\u0107 bilety<\/title>\n<meta name=\"description\" content=\"Umo\u017cliwiamy graczom lotto z Polski zakup los\u00f3w na UK Lottery\" \/>\n<meta name=\"robots\" content=\"index, follow, max-snippet:-1, max-image-preview:large, max-video-preview:-1\" \/>\n<link rel=\"canonical\" href=\"https:\/\/onlinelotto365.com\/pl\/kup-bilety\/uk-lottery\/\" \/>\n<meta property=\"og:locale\" content=\"pl_PL\" \/>\n<meta property=\"og:type\" content=\"article\" \/>\n<meta property=\"og:title\" content=\"Kup bilety na UK Lottery online z Polski | Informacje o UK Lottery, jak kupi\u0107 bilety\" \/>\n<meta property=\"og:description\" content=\"Umo\u017cliwiamy graczom lotto z Polski zakup los\u00f3w na UK Lottery\" \/>\n<meta property=\"og:url\" content=\"https:\/\/onlinelotto365.com\/pl\/kup-bilety\/uk-lottery\/\" \/>\n<meta property=\"og:site_name\" content=\"OnlineLotto365\" \/>\n<meta property=\"article:modified_time\" content=\"2021-01-07T07:24:26+00:00\" \/>\n<meta name=\"twitter:card\" content=\"summary_large_image\" \/>\n<meta name=\"twitter:label1\" content=\"Szacowany czas czytania\" \/>\n\t<meta name=\"twitter:data1\" content=\"3 minuty\" \/>\n<script type=\"application\/ld+json\" class=\"yoast-schema-graph\">{\"@context\":\"https:\/\/schema.org\",\"@graph\":[{\"@type\":\"WebPage\",\"@id\":\"https:\/\/onlinelotto365.com\/pl\/kup-bilety\/uk-lottery\/\",\"url\":\"https:\/\/onlinelotto365.com\/pl\/kup-bilety\/uk-lottery\/\",\"name\":\"Kup bilety na UK Lottery online z Polski | Informacje o UK Lottery, jak kupi\u0107 bilety\",\"isPartOf\":{\"@id\":\"https:\/\/onlinelotto365.com\/pl\/#website\"},\"datePublished\":\"2020-12-21T10:47:36+00:00\",\"dateModified\":\"2021-01-07T07:24:26+00:00\",\"description\":\"Umo\u017cliwiamy graczom lotto z Polski zakup los\u00f3w na UK Lottery\",\"breadcrumb\":{\"@id\":\"https:\/\/onlinelotto365.com\/pl\/kup-bilety\/uk-lottery\/#breadcrumb\"},\"inLanguage\":\"pl-PL\",\"potentialAction\":[{\"@type\":\"ReadAction\",\"target\":[\"https:\/\/onlinelotto365.com\/pl\/kup-bilety\/uk-lottery\/\"]}]},{\"@type\":\"BreadcrumbList\",\"@id\":\"https:\/\/onlinelotto365.com\/pl\/kup-bilety\/uk-lottery\/#breadcrumb\",\"itemListElement\":[{\"@type\":\"ListItem\",\"position\":1,\"name\":\"Home\",\"item\":\"https:\/\/onlinelotto365.com\/pl\/\"},{\"@type\":\"ListItem\",\"position\":2,\"name\":\"Dlaczego bardziej sensowne jest kupowanie bilet\u00f3w na loteri\u0119 online\",\"item\":\"https:\/\/onlinelotto365.com\/pl\/buy-tickets\/\"},{\"@type\":\"ListItem\",\"position\":3,\"name\":\"Jak kupi\u0107 UK Lottery bilety online\"}]},{\"@type\":\"WebSite\",\"@id\":\"https:\/\/onlinelotto365.com\/pl\/#website\",\"url\":\"https:\/\/onlinelotto365.com\/pl\/\",\"name\":\"OnlineLotto365\",\"description\":\"\",\"potentialAction\":[{\"@type\":\"SearchAction\",\"target\":{\"@type\":\"EntryPoint\",\"urlTemplate\":\"https:\/\/onlinelotto365.com\/pl\/?s={search_term_string}\"},\"query-input\":{\"@type\":\"PropertyValueSpecification\",\"valueRequired\":true,\"valueName\":\"search_term_string\"}}],\"inLanguage\":\"pl-PL\"}]}<\/script>\n<!-- \/ Yoast SEO plugin. -->","yoast_head_json":{"title":"Kup bilety na UK Lottery online z Polski | Informacje o UK Lottery, jak kupi\u0107 bilety","description":"Umo\u017cliwiamy graczom lotto z Polski zakup los\u00f3w na UK Lottery","robots":{"index":"index","follow":"follow","max-snippet":"max-snippet:-1","max-image-preview":"max-image-preview:large","max-video-preview":"max-video-preview:-1"},"canonical":"https:\/\/onlinelotto365.com\/pl\/kup-bilety\/uk-lottery\/","og_locale":"pl_PL","og_type":"article","og_title":"Kup bilety na UK Lottery online z Polski | Informacje o UK Lottery, jak kupi\u0107 bilety","og_description":"Umo\u017cliwiamy graczom lotto z Polski zakup los\u00f3w na UK Lottery","og_url":"https:\/\/onlinelotto365.com\/pl\/kup-bilety\/uk-lottery\/","og_site_name":"OnlineLotto365","article_modified_time":"2021-01-07T07:24:26+00:00","twitter_card":"summary_large_image","twitter_misc":{"Szacowany czas czytania":"3 minuty"},"schema":{"@context":"https:\/\/schema.org","@graph":[{"@type":"WebPage","@id":"https:\/\/onlinelotto365.com\/pl\/kup-bilety\/uk-lottery\/","url":"https:\/\/onlinelotto365.com\/pl\/kup-bilety\/uk-lottery\/","name":"Kup bilety na UK Lottery online z Polski | Informacje o UK Lottery, jak kupi\u0107 bilety","isPartOf":{"@id":"https:\/\/onlinelotto365.com\/pl\/#website"},"datePublished":"2020-12-21T10:47:36+00:00","dateModified":"2021-01-07T07:24:26+00:00","description":"Umo\u017cliwiamy graczom lotto z Polski zakup los\u00f3w na UK Lottery","breadcrumb":{"@id":"https:\/\/onlinelotto365.com\/pl\/kup-bilety\/uk-lottery\/#breadcrumb"},"inLanguage":"pl-PL","potentialAction":[{"@type":"ReadAction","target":["https:\/\/onlinelotto365.com\/pl\/kup-bilety\/uk-lottery\/"]}]},{"@type":"BreadcrumbList","@id":"https:\/\/onlinelotto365.com\/pl\/kup-bilety\/uk-lottery\/#breadcrumb","itemListElement":[{"@type":"ListItem","position":1,"name":"Home","item":"https:\/\/onlinelotto365.com\/pl\/"},{"@type":"ListItem","position":2,"name":"Dlaczego bardziej sensowne jest kupowanie bilet\u00f3w na loteri\u0119 online","item":"https:\/\/onlinelotto365.com\/pl\/buy-tickets\/"},{"@type":"ListItem","position":3,"name":"Jak kupi\u0107 UK Lottery bilety online"}]},{"@type":"WebSite","@id":"https:\/\/onlinelotto365.com\/pl\/#website","url":"https:\/\/onlinelotto365.com\/pl\/","name":"OnlineLotto365","description":"","potentialAction":[{"@type":"SearchAction","target":{"@type":"EntryPoint","urlTemplate":"https:\/\/onlinelotto365.com\/pl\/?s={search_term_string}"},"query-input":{"@type":"PropertyValueSpecification","valueRequired":true,"valueName":"search_term_string"}}],"inLanguage":"pl-PL"}]}},"_links":{"self":[{"href":"https:\/\/onlinelotto365.com\/pl\/wp-json\/wp\/v2\/pages\/12051","targetHints":{"allow":["GET"]}}],"collection":[{"href":"https:\/\/onlinelotto365.com\/pl\/wp-json\/wp\/v2\/pages"}],"about":[{"href":"https:\/\/onlinelotto365.com\/pl\/wp-json\/wp\/v2\/types\/page"}],"author":[{"embeddable":true,"href":"https:\/\/onlinelotto365.com\/pl\/wp-json\/wp\/v2\/users\/1"}],"replies":[{"embeddable":true,"href":"https:\/\/onlinelotto365.com\/pl\/wp-json\/wp\/v2\/comments?post=12051"}],"version-history":[{"count":0,"href":"https:\/\/onlinelotto365.com\/pl\/wp-json\/wp\/v2\/pages\/12051\/revisions"}],"up":[{"embeddable":true,"href":"https:\/\/onlinelotto365.com\/pl\/wp-json\/wp\/v2\/pages\/3808"}],"wp:attachment":[{"href":"https:\/\/onlinelotto365.com\/pl\/wp-json\/wp\/v2\/media?parent=12051"}],"curies":[{"name":"wp","href":"https:\/\/api.w.org\/{rel}","templated":true}]}}