{"id":12053,"date":"2020-12-21T11:48:25","date_gmt":"2020-12-21T10:48:25","guid":{"rendered":"http:\/\/onlinelotto365.net\/?page_id=12053"},"modified":"2021-01-07T08:27:07","modified_gmt":"2021-01-07T07:27:07","slug":"set-for-life","status":"publish","type":"page","link":"https:\/\/onlinelotto365.com\/pl\/kup-bilety\/set-for-life\/","title":{"rendered":"Jak kupi\u0107 do\u017cywotnie bilety online na Set for Life"},"content":{"rendered":"<p>Je\u015bli chcesz teraz <strong> kupi\u0107 bilety Set for Life <\/strong>, musisz wiedzie\u0107, jak to zrobi\u0107. Je\u015bli mieszkasz w Wielkiej Brytanii, jest to dla Ciebie \u0142atwe i prawdopodobnie ju\u017c wiesz, jak zdoby\u0107 bilety. A co z graczami lotto z innych kraj\u00f3w, np. Z Polski? C\u00f3\u017c, to bardzo prosty proces i mo\u017cemy Ci zacz\u0105\u0107 w mgnieniu oka. Musisz tylko wykona\u0107 czynno\u015bci opisane poni\u017cej. Stamt\u0105d mo\u017cesz zdoby\u0107 bilety, kt\u00f3re chcesz na nast\u0119pne losowanie.<\/p>\n<ul>\n<li>Przejd\u017a do strony loterii Set for Life i <strong> wybierz liczb\u0119 kupon\u00f3w, kt\u00f3re chcesz, i wybierz liczby <\/strong>, kt\u00f3re chcesz dla ka\u017cdego z nich.<\/li>\n<li>Wybierz dodatkowe kupony na Set for Life lub inne gry lotto, aby wype\u0142ni\u0107 sw\u00f3j koszyk<\/li>\n<li>Wybierz opcj\u0119 zap\u0142aty teraz<\/li>\n<li>Post\u0119puj zgodnie z wy\u015bwietlanymi instrukcjami, aby zalogowa\u0107 si\u0119 na swoje konto lub przej\u015b\u0107 przez proces tworzenia nowego konta<\/li>\n<li>Zako\u0144cz proces weryfikacji, wchodz\u0105c na swoje konto i klikaj\u0105c link w wiadomo\u015bci e-mail<\/li>\n<li>Sprawd\u017a folder ze spamem, je\u015bli wiadomo\u015b\u0107 e-mail nie pojawia si\u0119 w skrzynce odbiorczej, aby upewni\u0107 si\u0119, \u017ce j\u0105 otrzyma\u0142e\u015b.<\/li>\n<li>Po zweryfikowaniu konta przejd\u017a do koszyka na zakupy w witrynie<\/li>\n<li>Wybierz preferowan\u0105 metod\u0119 p\u0142atno\u015bci i przejd\u017a przez proces p\u0142atno\u015bci<\/li>\n<\/ul>\n<p><a href=\"https:\/\/redfoxlotto.com\/pl\/set-for-life-uk\/?ref=a8564250a2&amp;medium=ol365\" target=\"_blank\" rel=\"noopener noreferrer\"> <img decoding=\"async\" class=\"aligncenter \" src=\" https:\/\/redfoxlotto.com\/image?size=8&amp;lottery=set-for-life-uk \" alt=\" na ca\u0142e \u017cycie \" \/> <\/a><\/p>\n<h2>Jak zap\u0142aci\u0107 za bilet do\u017cywotni przez Internet<\/h2>\n<p>Je\u015bli chodzi o <a href=\"https:\/\/onlinelotto365.com\/pl\/kup-bilety\"> p\u0142acenie za bilety <\/a>, przekonasz si\u0119, \u017ce jest to <strong> nie tylko \u0142atwe, ale ca\u0142kowicie bezpieczne <\/strong> i oferuje wiele opcji.<br \/>\nWybierz, aby zap\u0142aci\u0107 za bilety:<\/p>\n<ul>\n<li>Dokonywanie bezpo\u015bredniego zakupu przy u\u017cyciu wybranej metody p\u0142atno\u015bci<\/li>\n<li>Wp\u0142acanie pieni\u0119dzy na konto i u\u017cywanie ich do robienia zakup\u00f3w<\/li>\n<\/ul>\n<p>Upewnij si\u0119, \u017ce je\u015bli zdecydujesz si\u0119 przela\u0107 pieni\u0105dze na swoje konto, wp\u0142acisz troch\u0119 wi\u0119cej, aby wyb\u00f3r p\u0142atno\u015bci zosta\u0142 przyj\u0119ty.<\/p>\n<h2>Wi\u0119cej informacji o Set for life<\/h2>\n<ul>\n<li>Kraj: Wielka Brytania<\/li>\n<li>G\u0142\u00f3wny zakres liczb: 45<\/li>\n<li>Wybierasz: 5<\/li>\n<li>Zakres dodatkowych liczb: 10<\/li>\n<li>Wybierasz: 1<\/li>\n<li>Dni losowania i godziny: poniedzia\u0142ek, czwartek, 20:00 GMT, 21:00 CET<\/li>\n<li>Minimalny jackpot:<\/li>\n<li>Maksymalny jackpot:<\/li>\n<li>Prawdopodobie\u0144stwo wygrania g\u0142\u00f3wnej nagrody: 1 do 15339390<\/li>\n<li>Prawdopodobie\u0144stwo wygranej 2 poziomu: 1 do 1704377<\/li>\n<li>Prawdopodobie\u0144stwo wygranej na dowolnym poziomie: 1 na 12,4<\/li>\n<li>Liczba poziom\u00f3w nagr\u00f3d: 8<\/li>\n<\/ul>\n<h2>Korzy\u015bci z zakupu zestawu na bilet na \u017cycie przez Internet<\/h2>\n<ul>\n<li>Nigdy nie wychod\u017a z domu, aby kupi\u0107 bilety<\/li>\n<li><strong> Nie jeste\u015b ograniczony do grania w loterie z Polski <\/strong><\/li>\n<li>Wybieraj z wielu r\u00f3\u017cnych loterii z ca\u0142ego \u015bwiata<\/li>\n<li>Wybierz gry z <a href=\"https:\/\/onlinelotto365.com\/pl\/news\/najwieksze-kumulacje-loterii-w-historii\"> najwy\u017cszymi jackpotami <\/a>, aby zwi\u0119kszy\u0107 swoje szanse<\/li>\n<li>Wykorzystaj saldo swojego konta, aby kupi\u0107 wybrane bilety<\/li>\n<li>\u015aled\u017a swoje bilety przez ca\u0142y czas<\/li>\n<li>Otrzymuj powiadomienie, je\u015bli Tw\u00f3j bilet b\u0119dzie zwyci\u0119zc\u0105<\/li>\n<li>Nie martw si\u0119 o szybkie wybieranie opcji bilet\u00f3w<\/li>\n<\/ul>\n<h2>Czy kupowanie bilet\u00f3w na ca\u0142e \u017cycie przez Internet jest legalne?<\/h2>\n<p>Nie musisz martwi\u0107 si\u0119 o legalno\u015b\u0107 zakupu bilet\u00f3w online lub w tradycyjny spos\u00f3b. Mo\u017cesz usi\u0105\u015b\u0107 i zrelaksowa\u0107 si\u0119 i ufa\u0107, \u017ce zadbamy o przestrzeganie wszystkich przepis\u00f3w kraju, z kt\u00f3rego pochodz\u0105 te gry. Wszystko, co musisz zrobi\u0107, to kupi\u0107 bilet, a my gwarantujemy, \u017ce je\u015bli masz prawo do nagrody, w tym jackpota, to j\u0105 otrzymasz.<br \/>\n<a href=\"https:\/\/onlinelotto365.com\/pl\/news\/minimalny-wiek-do-kupowania-losow-na-loterie\"> Musisz mie\u0107 co najmniej 18 lat, aby korzysta\u0107 z naszej witryny <\/a>.<\/p>\n<h2>Jak otrzymam zap\u0142at\u0119, je\u015bli wygram Set for life online?<\/h2>\n<p>Chcesz, aby wyp\u0142acono Ci ka\u017cdy grosz, kt\u00f3ry Ci si\u0119 nale\u017cy, gdy co\u015b wygrasz, i w\u0142a\u015bnie tym si\u0119 zajmujemy. <strong> Dbamy o to, aby\u015b zawsze otrzymywa\u0142 wszystkie pieni\u0105dze bez prowizji <\/strong> i \u017cadnych op\u0142at naliczanych od Twoich wygranych.<br \/>\nJedynym momentem, w kt\u00f3rym musisz cokolwiek zap\u0142aci\u0107, jest decyzja o przelewie bankowym. Je\u015bli bank pobiera od nas pieni\u0105dze, co mo\u017ce si\u0119 zdarzy\u0107 w przypadku przelew\u00f3w mi\u0119dzynarodowych, obci\u0105\u017camy Twoje konto op\u0142at\u0105. To jedyny pow\u00f3d, dla kt\u00f3rego mo\u017cemy cokolwiek zabra\u0107 z Twoich wygranych.<br \/>\nA je\u015bli wygrasz, otrzymasz pieni\u0105dze na jeden z kilku sposob\u00f3w:<\/p>\n<ul>\n<li>Ka\u017cda kwota poni\u017cej 2500 EUR jest \u0142atwa, poniewa\u017c nasz zesp\u00f3\u0142 wsparcia przeka\u017ce pieni\u0105dze bezpo\u015brednio na Twoje konto<\/li>\n<li>Ka\u017cda kwota powy\u017cej 2500 EUR nadal b\u0119dzie dla Ciebie \u0142atwa, poniewa\u017c nasz zesp\u00f3\u0142 pomocy pomo\u017ce Ci w tym procesie. Otrzymasz od nas formularz roszczenia, aby\u015b m\u00f3g\u0142 go wype\u0142ni\u0107 i da\u0107 nam zna\u0107, czy chcesz, aby Twoje pieni\u0105dze zosta\u0142y przelane do banku lub wys\u0142ane jako czek.<\/li>\n<\/ul>\n","protected":false},"excerpt":{"rendered":"<p>Je\u015bli chcesz teraz kupi\u0107 bilety Set for Life , musisz wiedzie\u0107, jak to zrobi\u0107. Je\u015bli mieszkasz w Wielkiej Brytanii, jest to dla Ciebie \u0142atwe i prawdopodobnie ju\u017c wiesz, jak zdoby\u0107 bilety. A co z graczami lotto z innych kraj\u00f3w, np. Z Polski? C\u00f3\u017c, to bardzo prosty proces i mo\u017cemy Ci zacz\u0105\u0107 w mgnieniu oka. Musisz [&hellip;]<\/p>\n","protected":false},"author":1,"featured_media":0,"parent":3808,"menu_order":10,"comment_status":"closed","ping_status":"closed","template":"template-rightsidebar.php","meta":{"_et_pb_use_builder":"","_et_pb_old_content":"","_et_gb_content_width":"","exclude_from_search":false,"footnotes":""},"class_list":["post-12053","page","type-page","status-publish","hentry"],"yoast_head":"<!-- This site is optimized with the Yoast SEO plugin v23.4 - https:\/\/yoast.com\/wordpress\/plugins\/seo\/ -->\n<title>Kup bilety na loteri\u0119 Set for life online z Polski | Informacje o loterii Set for life, jak kupi\u0107 bilety<\/title>\n<meta name=\"description\" content=\"Loteri\u0119 Set for Life mo\u017cna wygra\u0107 z Polski - kup bilety online tutaj\" \/>\n<meta name=\"robots\" content=\"index, follow, max-snippet:-1, max-image-preview:large, max-video-preview:-1\" \/>\n<link rel=\"canonical\" href=\"https:\/\/onlinelotto365.com\/pl\/kup-bilety\/set-for-life\/\" \/>\n<meta property=\"og:locale\" content=\"pl_PL\" \/>\n<meta property=\"og:type\" content=\"article\" \/>\n<meta property=\"og:title\" content=\"Kup bilety na loteri\u0119 Set for life online z Polski | Informacje o loterii Set for life, jak kupi\u0107 bilety\" \/>\n<meta property=\"og:description\" content=\"Loteri\u0119 Set for Life mo\u017cna wygra\u0107 z Polski - kup bilety online tutaj\" \/>\n<meta property=\"og:url\" content=\"https:\/\/onlinelotto365.com\/pl\/kup-bilety\/set-for-life\/\" \/>\n<meta property=\"og:site_name\" content=\"OnlineLotto365\" \/>\n<meta property=\"article:modified_time\" content=\"2021-01-07T07:27:07+00:00\" \/>\n<meta name=\"twitter:card\" content=\"summary_large_image\" \/>\n<meta name=\"twitter:label1\" content=\"Szacowany czas czytania\" \/>\n\t<meta name=\"twitter:data1\" content=\"4 minuty\" \/>\n<script type=\"application\/ld+json\" class=\"yoast-schema-graph\">{\"@context\":\"https:\/\/schema.org\",\"@graph\":[{\"@type\":\"WebPage\",\"@id\":\"https:\/\/onlinelotto365.com\/pl\/kup-bilety\/set-for-life\/\",\"url\":\"https:\/\/onlinelotto365.com\/pl\/kup-bilety\/set-for-life\/\",\"name\":\"Kup bilety na loteri\u0119 Set for life online z Polski | Informacje o loterii Set for life, jak kupi\u0107 bilety\",\"isPartOf\":{\"@id\":\"https:\/\/onlinelotto365.com\/pl\/#website\"},\"datePublished\":\"2020-12-21T10:48:25+00:00\",\"dateModified\":\"2021-01-07T07:27:07+00:00\",\"description\":\"Loteri\u0119 Set for Life mo\u017cna wygra\u0107 z Polski - kup bilety online tutaj\",\"breadcrumb\":{\"@id\":\"https:\/\/onlinelotto365.com\/pl\/kup-bilety\/set-for-life\/#breadcrumb\"},\"inLanguage\":\"pl-PL\",\"potentialAction\":[{\"@type\":\"ReadAction\",\"target\":[\"https:\/\/onlinelotto365.com\/pl\/kup-bilety\/set-for-life\/\"]}]},{\"@type\":\"BreadcrumbList\",\"@id\":\"https:\/\/onlinelotto365.com\/pl\/kup-bilety\/set-for-life\/#breadcrumb\",\"itemListElement\":[{\"@type\":\"ListItem\",\"position\":1,\"name\":\"Home\",\"item\":\"https:\/\/onlinelotto365.com\/pl\/\"},{\"@type\":\"ListItem\",\"position\":2,\"name\":\"Dlaczego bardziej sensowne jest kupowanie bilet\u00f3w na loteri\u0119 online\",\"item\":\"https:\/\/onlinelotto365.com\/pl\/buy-tickets\/\"},{\"@type\":\"ListItem\",\"position\":3,\"name\":\"Jak kupi\u0107 do\u017cywotnie bilety online na Set for Life\"}]},{\"@type\":\"WebSite\",\"@id\":\"https:\/\/onlinelotto365.com\/pl\/#website\",\"url\":\"https:\/\/onlinelotto365.com\/pl\/\",\"name\":\"OnlineLotto365\",\"description\":\"\",\"potentialAction\":[{\"@type\":\"SearchAction\",\"target\":{\"@type\":\"EntryPoint\",\"urlTemplate\":\"https:\/\/onlinelotto365.com\/pl\/?s={search_term_string}\"},\"query-input\":{\"@type\":\"PropertyValueSpecification\",\"valueRequired\":true,\"valueName\":\"search_term_string\"}}],\"inLanguage\":\"pl-PL\"}]}<\/script>\n<!-- \/ Yoast SEO plugin. -->","yoast_head_json":{"title":"Kup bilety na loteri\u0119 Set for life online z Polski | Informacje o loterii Set for life, jak kupi\u0107 bilety","description":"Loteri\u0119 Set for Life mo\u017cna wygra\u0107 z Polski - kup bilety online tutaj","robots":{"index":"index","follow":"follow","max-snippet":"max-snippet:-1","max-image-preview":"max-image-preview:large","max-video-preview":"max-video-preview:-1"},"canonical":"https:\/\/onlinelotto365.com\/pl\/kup-bilety\/set-for-life\/","og_locale":"pl_PL","og_type":"article","og_title":"Kup bilety na loteri\u0119 Set for life online z Polski | Informacje o loterii Set for life, jak kupi\u0107 bilety","og_description":"Loteri\u0119 Set for Life mo\u017cna wygra\u0107 z Polski - kup bilety online tutaj","og_url":"https:\/\/onlinelotto365.com\/pl\/kup-bilety\/set-for-life\/","og_site_name":"OnlineLotto365","article_modified_time":"2021-01-07T07:27:07+00:00","twitter_card":"summary_large_image","twitter_misc":{"Szacowany czas czytania":"4 minuty"},"schema":{"@context":"https:\/\/schema.org","@graph":[{"@type":"WebPage","@id":"https:\/\/onlinelotto365.com\/pl\/kup-bilety\/set-for-life\/","url":"https:\/\/onlinelotto365.com\/pl\/kup-bilety\/set-for-life\/","name":"Kup bilety na loteri\u0119 Set for life online z Polski | Informacje o loterii Set for life, jak kupi\u0107 bilety","isPartOf":{"@id":"https:\/\/onlinelotto365.com\/pl\/#website"},"datePublished":"2020-12-21T10:48:25+00:00","dateModified":"2021-01-07T07:27:07+00:00","description":"Loteri\u0119 Set for Life mo\u017cna wygra\u0107 z Polski - kup bilety online tutaj","breadcrumb":{"@id":"https:\/\/onlinelotto365.com\/pl\/kup-bilety\/set-for-life\/#breadcrumb"},"inLanguage":"pl-PL","potentialAction":[{"@type":"ReadAction","target":["https:\/\/onlinelotto365.com\/pl\/kup-bilety\/set-for-life\/"]}]},{"@type":"BreadcrumbList","@id":"https:\/\/onlinelotto365.com\/pl\/kup-bilety\/set-for-life\/#breadcrumb","itemListElement":[{"@type":"ListItem","position":1,"name":"Home","item":"https:\/\/onlinelotto365.com\/pl\/"},{"@type":"ListItem","position":2,"name":"Dlaczego bardziej sensowne jest kupowanie bilet\u00f3w na loteri\u0119 online","item":"https:\/\/onlinelotto365.com\/pl\/buy-tickets\/"},{"@type":"ListItem","position":3,"name":"Jak kupi\u0107 do\u017cywotnie bilety online na Set for Life"}]},{"@type":"WebSite","@id":"https:\/\/onlinelotto365.com\/pl\/#website","url":"https:\/\/onlinelotto365.com\/pl\/","name":"OnlineLotto365","description":"","potentialAction":[{"@type":"SearchAction","target":{"@type":"EntryPoint","urlTemplate":"https:\/\/onlinelotto365.com\/pl\/?s={search_term_string}"},"query-input":{"@type":"PropertyValueSpecification","valueRequired":true,"valueName":"search_term_string"}}],"inLanguage":"pl-PL"}]}},"_links":{"self":[{"href":"https:\/\/onlinelotto365.com\/pl\/wp-json\/wp\/v2\/pages\/12053","targetHints":{"allow":["GET"]}}],"collection":[{"href":"https:\/\/onlinelotto365.com\/pl\/wp-json\/wp\/v2\/pages"}],"about":[{"href":"https:\/\/onlinelotto365.com\/pl\/wp-json\/wp\/v2\/types\/page"}],"author":[{"embeddable":true,"href":"https:\/\/onlinelotto365.com\/pl\/wp-json\/wp\/v2\/users\/1"}],"replies":[{"embeddable":true,"href":"https:\/\/onlinelotto365.com\/pl\/wp-json\/wp\/v2\/comments?post=12053"}],"version-history":[{"count":0,"href":"https:\/\/onlinelotto365.com\/pl\/wp-json\/wp\/v2\/pages\/12053\/revisions"}],"up":[{"embeddable":true,"href":"https:\/\/onlinelotto365.com\/pl\/wp-json\/wp\/v2\/pages\/3808"}],"wp:attachment":[{"href":"https:\/\/onlinelotto365.com\/pl\/wp-json\/wp\/v2\/media?parent=12053"}],"curies":[{"name":"wp","href":"https:\/\/api.w.org\/{rel}","templated":true}]}}