{"id":12055,"date":"2020-12-21T11:49:15","date_gmt":"2020-12-21T10:49:15","guid":{"rendered":"http:\/\/onlinelotto365.net\/?page_id=12055"},"modified":"2021-01-07T08:27:20","modified_gmt":"2021-01-07T07:27:20","slug":"german-lotto","status":"publish","type":"page","link":"https:\/\/onlinelotto365.com\/pl\/kup-bilety\/german-lotto\/","title":{"rendered":"Jak kupi\u0107 bilety online na niemieckie Lotto"},"content":{"rendered":"<p>Czy <strong> nie do ko\u0144ca wiesz, jak kupi\u0107 kupony na niemieckie lotto online? <\/strong> C\u00f3\u017c, trafi\u0142e\u015b we w\u0142a\u015bciwe miejsce, poniewa\u017c przeprowadzimy Ci\u0119 przez bardzo prosty proces, aby uzyska\u0107 te kupony bilety podczas pobytu w Polsce na czekanie na losowanie i sprawdzenie, czy wygra\u0142e\u015b co\u015b du\u017cego.<\/p>\n<ul>\n<li>Przejd\u017a do strony internetowej gry lotto, w kt\u00f3r\u0105 chcesz zagra\u0107, i wybierz liczb\u0119 kupon\u00f3w i liczby, w kt\u00f3re chcesz zagra\u0107<\/li>\n<li><a href=\"https:\/\/onlinelotto365.com\/pl\/kup-bilety\"> Kup tyle bilet\u00f3w, ile chcesz <\/a> na t\u0119 i inne gry.<\/li>\n<li>Kliknij przycisk, aby zap\u0142aci\u0107 teraz<\/li>\n<li>Zaloguj si\u0119 na swoje obecne konto, aby przetworzy\u0107 p\u0142atno\u015b\u0107 lub utw\u00f3rz nowe konto i zako\u0144cz proces rejestracji<\/li>\n<li>Osoby, kt\u00f3re musz\u0105 utworzy\u0107 konto, b\u0119d\u0105 r\u00f3wnie\u017c musia\u0142y zweryfikowa\u0107 je ze swojego konta e-mail<\/li>\n<li>Zajrzyj do swojej skrzynki odbiorczej, a tak\u017ce do folderu ze spamem, aby sprawdzi\u0107, czy wiadomo\u015b\u0107 e-mail zosta\u0142a tam wys\u0142ana, i kliknij link<\/li>\n<li>Po zweryfikowaniu konta przejd\u017a do koszyka, aby kupi\u0107 swoje produkty<\/li>\n<li>Przeprowad\u017a proces p\u0142atno\u015bci zgodnie z podanymi instrukcjami<\/li>\n<\/ul>\n<p><a href=\"https:\/\/redfoxlotto.com\/pl\/lotto-6aus49\/?ref=a8564250a2&amp;medium=ol365\" target=\"_blank\" rel=\"noopener noreferrer\"> <img decoding=\"async\" class=\"aligncenter\" src=\" https:\/\/redfoxlotto.com\/image?size=8&amp;lottery=lotto-6aus49 \" alt=\" German Lotto 6aus49 \" \/> <\/a><\/p>\n<h2>Jak zap\u0142aci\u0107 za sw\u00f3j kupon na niemieckie lotto online<\/h2>\n<p>Mo\u017cesz wybra\u0107 jedn\u0105 z kilku ca\u0142kowicie bezpiecznych opcji p\u0142atno\u015bci, kiedy nadejdzie czas, aby zap\u0142aci\u0107 za bilety.<br \/>\nKa\u017cda z tych opcji nale\u017cy do jednej z dw\u00f3ch r\u00f3\u017cnych kategorii:<\/p>\n<ul>\n<li>Zap\u0142a\u0107 za bilety, podaj\u0105c metod\u0119 p\u0142atno\u015bci w momencie zakupu<\/li>\n<li>Zap\u0142a\u0107 za bilety, dodaj\u0105c pieni\u0105dze do konta gracza i u\u017cywaj\u0105c ich do zakupu<\/li>\n<\/ul>\n<p>Upewnij si\u0119, \u017ce je\u015bli dodajesz pieni\u0105dze na swoje konto, dodajesz wystarczaj\u0105co du\u017co, aby pokry\u0107 koszty bie\u017c\u0105cej transakcji, aby zosta\u0142a zatwierdzona.<\/p>\n<h2>Wi\u0119cej informacji o niemieckim Lotto<\/h2>\n<ul>\n<li>Kraj: Niemcy <img decoding=\"async\" class=\"alignright wp-image-3633\" src=\"https:\/\/onlinelotto365.com\/wp-content\/uploads\/2020\/11\/online_lottery-41-300x102.jpg\" alt=\" niemieckie lotto online uk \" width=\" 376 \" height=\" 128 \" srcset=\"https:\/\/onlinelotto365.com\/wp-content\/uploads\/2020\/11\/online_lottery-41-300x102.jpg 300w, https:\/\/onlinelotto365.com\/wp-content\/uploads\/2020\/11\/online_lottery-41.jpg 593w\" sizes=\"(max-width: 300px) 100vw, 300px\" \/><\/li>\n<li>G\u0142\u00f3wny zakres liczb: 49<\/li>\n<li>Wybierasz: 6<\/li>\n<li>Dodatkowy numer zostanie wybrany automatycznie<\/li>\n<li>Dni losowania i godziny: sobota, 20:25 CET, 20:25 CET<\/li>\n<li>Minimalny jackpot: 1 milion euro<\/li>\n<li>Maksymalny jackpot: po 12 losowaniach<\/li>\n<li>Prawdopodobie\u0144stwo wygrania g\u0142\u00f3wnej nagrody: 1 do 125854344<\/li>\n<li>Prawdopodobie\u0144stwo wygranej 2 poziomu: 1 do 13983816<\/li>\n<li>Prawdopodobie\u0144stwo wygranej na dowolnym poziomie: 1 do 31<\/li>\n<li>Liczba poziom\u00f3w nagr\u00f3d: 9<\/li>\n<\/ul>\n<h2>Zalety kupowania los\u00f3w na niemieckie lotto online<\/h2>\n<ul>\n<li>Kup bilety z wygodnego miejsca w domu<\/li>\n<li>Zdob\u0105d\u017a wszystkie typy gier loteryjnych, jakie chcesz<\/li>\n<li>Uzyskaj <a href=\"https:\/\/onlinelotto365.com\/pl\/news\/najlepsze-loterie-na-swiecie\"> wi\u0119ksze szanse na najlepsze jackpoty <\/a>, odpowiednio dobieraj\u0105c gry<\/li>\n<li>Uzyskaj \u0142atwe opcje p\u0142atno\u015bci, dodaj\u0105c pieni\u0105dze bezpo\u015brednio do konta gracza w celu dokonania zakup\u00f3w<\/li>\n<li>\u0141atwe przechowywanie wszystkich swoich kupon\u00f3w lotto<\/li>\n<li>Otrzymuj natychmiastowe powiadomienia o wygranych<\/li>\n<li>Skorzystaj z \u0142atwych opcji wyboru, dzi\u0119ki czemu nie musisz wybiera\u0107 liczb<\/li>\n<\/ul>\n<h2>Czy kupowanie los\u00f3w na niemieckie lotto online jest legalne?<\/h2>\n<p>Je\u015bli obawiasz si\u0119 kupna bilet\u00f3w online, poniewa\u017c jeste\u015b w Polsce i nie znasz zasad, nie musisz si\u0119 martwi\u0107. Mo\u017cemy pom\u00f3c Ci odci\u0105\u017cy\u0107 si\u0119 od zmartwie\u0144, poniewa\u017c upewniamy si\u0119, \u017ce przestrzegane s\u0105 wszystkie przepisy obowi\u0105zuj\u0105ce w kraju, z kt\u00f3rego pochodzi loteria.<br \/>\nDzi\u0119ki temu poczujesz si\u0119 pewniej i masz pewno\u015b\u0107, \u017ce wszelkie wygrane pieni\u0105dze trafi\u0105 bezpo\u015brednio do Ciebie.<br \/>\nJedyn\u0105 zasad\u0105 jest to, \u017ce aby gra\u0107, musisz mie\u0107 uko\u0144czone 18 lat.<\/p>\n<h2>Jak otrzymam zap\u0142at\u0119, je\u015bli wygram German Lotto online?<\/h2>\n<p>Je\u015bli chodzi o zdobywanie wygranych, wiemy ju\u017c, \u017ce nie chcesz si\u0119 po\u015bwi\u0119ci\u0107. Chcesz dosta\u0107 wszystkie pieni\u0105dze, do kt\u00f3rych masz prawo, a my mo\u017cemy Ci w tym pom\u00f3c. W\u0142a\u015bciwie mo\u017cemy Ci pom\u00f3c od razu, poniewa\u017c nie pobieramy prowizji od Twoich wygranych.<\/p>\n<p>Nie pobieramy r\u00f3wnie\u017c \u017cadnych op\u0142at. Zgadza si\u0119, chyba \u017ce zdecydujesz si\u0119 na przelew pieni\u0119dzy do banku, nie pobieramy op\u0142aty za cokolwiek, co robimy. Je\u015bli wybierzesz przelew bankowy, pobieramy op\u0142at\u0119, poniewa\u017c Tw\u00f3j bank pobiera op\u0142at\u0119.<\/p>\n<p><strong> Co si\u0119 stanie, gdy wygrasz: <\/strong><\/p>\n<ul>\n<li>Dla tych, kt\u00f3rzy wygraj\u0105 mniej ni\u017c 2500 EUR, nie musisz nic robi\u0107. Dbamy o wszystko, wp\u0142acaj\u0105c pieni\u0105dze na Twoje konto.<\/li>\n<li>Dla tych, kt\u00f3rzy wygraj\u0105 ponad 2500 EUR, otrzymasz formularz roszczenia od naszego zespo\u0142u pomocy. Ten formularz pozwoli Ci zdecydowa\u0107, czy chcesz otrzyma\u0107 p\u0142atno\u015b\u0107 czekiem, czy przelewem bankowym. Nast\u0119pnie mo\u017cesz po prostu usi\u0105\u015b\u0107 i poczeka\u0107, a\u017c pieni\u0105dze przyjd\u0105 do Ciebie za kilka dni<\/li>\n<\/ul>\n","protected":false},"excerpt":{"rendered":"<p>Czy nie do ko\u0144ca wiesz, jak kupi\u0107 kupony na niemieckie lotto online? C\u00f3\u017c, trafi\u0142e\u015b we w\u0142a\u015bciwe miejsce, poniewa\u017c przeprowadzimy Ci\u0119 przez bardzo prosty proces, aby uzyska\u0107 te kupony bilety podczas pobytu w Polsce na czekanie na losowanie i sprawdzenie, czy wygra\u0142e\u015b co\u015b du\u017cego. Przejd\u017a do strony internetowej gry lotto, w kt\u00f3r\u0105 chcesz zagra\u0107, i wybierz [&hellip;]<\/p>\n","protected":false},"author":1,"featured_media":0,"parent":3808,"menu_order":11,"comment_status":"closed","ping_status":"closed","template":"lotto-german-info.php","meta":{"_et_pb_use_builder":"","_et_pb_old_content":"","_et_gb_content_width":"","exclude_from_search":false,"footnotes":""},"class_list":["post-12055","page","type-page","status-publish","hentry"],"yoast_head":"<!-- This site is optimized with the Yoast SEO plugin v23.4 - https:\/\/yoast.com\/wordpress\/plugins\/seo\/ -->\n<title>Teraz kupuj online bilety na niemieckie Lotto z Polski<\/title>\n<meta name=\"description\" content=\"Je\u015bli mieszkasz w Polsce, nadal mo\u017cesz kupi\u0107 niemieckie bilety lotto online\" \/>\n<meta name=\"robots\" content=\"index, follow, max-snippet:-1, max-image-preview:large, max-video-preview:-1\" \/>\n<link rel=\"canonical\" href=\"https:\/\/onlinelotto365.com\/pl\/kup-bilety\/german-lotto\/\" \/>\n<meta property=\"og:locale\" content=\"pl_PL\" \/>\n<meta property=\"og:type\" content=\"article\" \/>\n<meta property=\"og:title\" content=\"Teraz kupuj online bilety na niemieckie Lotto z Polski\" \/>\n<meta property=\"og:description\" content=\"Je\u015bli mieszkasz w Polsce, nadal mo\u017cesz kupi\u0107 niemieckie bilety lotto online\" \/>\n<meta property=\"og:url\" content=\"https:\/\/onlinelotto365.com\/pl\/kup-bilety\/german-lotto\/\" \/>\n<meta property=\"og:site_name\" content=\"OnlineLotto365\" \/>\n<meta property=\"article:modified_time\" content=\"2021-01-07T07:27:20+00:00\" \/>\n<meta property=\"og:image\" content=\"https:\/\/onlinelotto365.com\/wp-content\/uploads\/2020\/11\/online_lottery-41-300x102.jpg\" \/>\n<meta name=\"twitter:card\" content=\"summary_large_image\" \/>\n<meta name=\"twitter:label1\" content=\"Szacowany czas czytania\" \/>\n\t<meta name=\"twitter:data1\" content=\"3 minuty\" \/>\n<script type=\"application\/ld+json\" class=\"yoast-schema-graph\">{\"@context\":\"https:\/\/schema.org\",\"@graph\":[{\"@type\":\"WebPage\",\"@id\":\"https:\/\/onlinelotto365.com\/pl\/kup-bilety\/german-lotto\/\",\"url\":\"https:\/\/onlinelotto365.com\/pl\/kup-bilety\/german-lotto\/\",\"name\":\"Teraz kupuj online bilety na niemieckie Lotto z Polski\",\"isPartOf\":{\"@id\":\"https:\/\/onlinelotto365.com\/pl\/#website\"},\"primaryImageOfPage\":{\"@id\":\"https:\/\/onlinelotto365.com\/pl\/kup-bilety\/german-lotto\/#primaryimage\"},\"image\":{\"@id\":\"https:\/\/onlinelotto365.com\/pl\/kup-bilety\/german-lotto\/#primaryimage\"},\"thumbnailUrl\":\"https:\/\/onlinelotto365.com\/wp-content\/uploads\/2020\/11\/online_lottery-41-300x102.jpg\",\"datePublished\":\"2020-12-21T10:49:15+00:00\",\"dateModified\":\"2021-01-07T07:27:20+00:00\",\"description\":\"Je\u015bli mieszkasz w Polsce, nadal mo\u017cesz kupi\u0107 niemieckie bilety lotto online\",\"breadcrumb\":{\"@id\":\"https:\/\/onlinelotto365.com\/pl\/kup-bilety\/german-lotto\/#breadcrumb\"},\"inLanguage\":\"pl-PL\",\"potentialAction\":[{\"@type\":\"ReadAction\",\"target\":[\"https:\/\/onlinelotto365.com\/pl\/kup-bilety\/german-lotto\/\"]}]},{\"@type\":\"ImageObject\",\"inLanguage\":\"pl-PL\",\"@id\":\"https:\/\/onlinelotto365.com\/pl\/kup-bilety\/german-lotto\/#primaryimage\",\"url\":\"https:\/\/onlinelotto365.com\/wp-content\/uploads\/2020\/11\/online_lottery-41-300x102.jpg\",\"contentUrl\":\"https:\/\/onlinelotto365.com\/wp-content\/uploads\/2020\/11\/online_lottery-41-300x102.jpg\"},{\"@type\":\"BreadcrumbList\",\"@id\":\"https:\/\/onlinelotto365.com\/pl\/kup-bilety\/german-lotto\/#breadcrumb\",\"itemListElement\":[{\"@type\":\"ListItem\",\"position\":1,\"name\":\"Home\",\"item\":\"https:\/\/onlinelotto365.com\/pl\/\"},{\"@type\":\"ListItem\",\"position\":2,\"name\":\"Dlaczego bardziej sensowne jest kupowanie bilet\u00f3w na loteri\u0119 online\",\"item\":\"https:\/\/onlinelotto365.com\/pl\/buy-tickets\/\"},{\"@type\":\"ListItem\",\"position\":3,\"name\":\"Jak kupi\u0107 bilety online na niemieckie Lotto\"}]},{\"@type\":\"WebSite\",\"@id\":\"https:\/\/onlinelotto365.com\/pl\/#website\",\"url\":\"https:\/\/onlinelotto365.com\/pl\/\",\"name\":\"OnlineLotto365\",\"description\":\"\",\"potentialAction\":[{\"@type\":\"SearchAction\",\"target\":{\"@type\":\"EntryPoint\",\"urlTemplate\":\"https:\/\/onlinelotto365.com\/pl\/?s={search_term_string}\"},\"query-input\":{\"@type\":\"PropertyValueSpecification\",\"valueRequired\":true,\"valueName\":\"search_term_string\"}}],\"inLanguage\":\"pl-PL\"}]}<\/script>\n<!-- \/ Yoast SEO plugin. -->","yoast_head_json":{"title":"Teraz kupuj online bilety na niemieckie Lotto z Polski","description":"Je\u015bli mieszkasz w Polsce, nadal mo\u017cesz kupi\u0107 niemieckie bilety lotto online","robots":{"index":"index","follow":"follow","max-snippet":"max-snippet:-1","max-image-preview":"max-image-preview:large","max-video-preview":"max-video-preview:-1"},"canonical":"https:\/\/onlinelotto365.com\/pl\/kup-bilety\/german-lotto\/","og_locale":"pl_PL","og_type":"article","og_title":"Teraz kupuj online bilety na niemieckie Lotto z Polski","og_description":"Je\u015bli mieszkasz w Polsce, nadal mo\u017cesz kupi\u0107 niemieckie bilety lotto online","og_url":"https:\/\/onlinelotto365.com\/pl\/kup-bilety\/german-lotto\/","og_site_name":"OnlineLotto365","article_modified_time":"2021-01-07T07:27:20+00:00","og_image":[{"url":"https:\/\/onlinelotto365.com\/wp-content\/uploads\/2020\/11\/online_lottery-41-300x102.jpg"}],"twitter_card":"summary_large_image","twitter_misc":{"Szacowany czas czytania":"3 minuty"},"schema":{"@context":"https:\/\/schema.org","@graph":[{"@type":"WebPage","@id":"https:\/\/onlinelotto365.com\/pl\/kup-bilety\/german-lotto\/","url":"https:\/\/onlinelotto365.com\/pl\/kup-bilety\/german-lotto\/","name":"Teraz kupuj online bilety na niemieckie Lotto z Polski","isPartOf":{"@id":"https:\/\/onlinelotto365.com\/pl\/#website"},"primaryImageOfPage":{"@id":"https:\/\/onlinelotto365.com\/pl\/kup-bilety\/german-lotto\/#primaryimage"},"image":{"@id":"https:\/\/onlinelotto365.com\/pl\/kup-bilety\/german-lotto\/#primaryimage"},"thumbnailUrl":"https:\/\/onlinelotto365.com\/wp-content\/uploads\/2020\/11\/online_lottery-41-300x102.jpg","datePublished":"2020-12-21T10:49:15+00:00","dateModified":"2021-01-07T07:27:20+00:00","description":"Je\u015bli mieszkasz w Polsce, nadal mo\u017cesz kupi\u0107 niemieckie bilety lotto online","breadcrumb":{"@id":"https:\/\/onlinelotto365.com\/pl\/kup-bilety\/german-lotto\/#breadcrumb"},"inLanguage":"pl-PL","potentialAction":[{"@type":"ReadAction","target":["https:\/\/onlinelotto365.com\/pl\/kup-bilety\/german-lotto\/"]}]},{"@type":"ImageObject","inLanguage":"pl-PL","@id":"https:\/\/onlinelotto365.com\/pl\/kup-bilety\/german-lotto\/#primaryimage","url":"https:\/\/onlinelotto365.com\/wp-content\/uploads\/2020\/11\/online_lottery-41-300x102.jpg","contentUrl":"https:\/\/onlinelotto365.com\/wp-content\/uploads\/2020\/11\/online_lottery-41-300x102.jpg"},{"@type":"BreadcrumbList","@id":"https:\/\/onlinelotto365.com\/pl\/kup-bilety\/german-lotto\/#breadcrumb","itemListElement":[{"@type":"ListItem","position":1,"name":"Home","item":"https:\/\/onlinelotto365.com\/pl\/"},{"@type":"ListItem","position":2,"name":"Dlaczego bardziej sensowne jest kupowanie bilet\u00f3w na loteri\u0119 online","item":"https:\/\/onlinelotto365.com\/pl\/buy-tickets\/"},{"@type":"ListItem","position":3,"name":"Jak kupi\u0107 bilety online na niemieckie Lotto"}]},{"@type":"WebSite","@id":"https:\/\/onlinelotto365.com\/pl\/#website","url":"https:\/\/onlinelotto365.com\/pl\/","name":"OnlineLotto365","description":"","potentialAction":[{"@type":"SearchAction","target":{"@type":"EntryPoint","urlTemplate":"https:\/\/onlinelotto365.com\/pl\/?s={search_term_string}"},"query-input":{"@type":"PropertyValueSpecification","valueRequired":true,"valueName":"search_term_string"}}],"inLanguage":"pl-PL"}]}},"_links":{"self":[{"href":"https:\/\/onlinelotto365.com\/pl\/wp-json\/wp\/v2\/pages\/12055","targetHints":{"allow":["GET"]}}],"collection":[{"href":"https:\/\/onlinelotto365.com\/pl\/wp-json\/wp\/v2\/pages"}],"about":[{"href":"https:\/\/onlinelotto365.com\/pl\/wp-json\/wp\/v2\/types\/page"}],"author":[{"embeddable":true,"href":"https:\/\/onlinelotto365.com\/pl\/wp-json\/wp\/v2\/users\/1"}],"replies":[{"embeddable":true,"href":"https:\/\/onlinelotto365.com\/pl\/wp-json\/wp\/v2\/comments?post=12055"}],"version-history":[{"count":0,"href":"https:\/\/onlinelotto365.com\/pl\/wp-json\/wp\/v2\/pages\/12055\/revisions"}],"up":[{"embeddable":true,"href":"https:\/\/onlinelotto365.com\/pl\/wp-json\/wp\/v2\/pages\/3808"}],"wp:attachment":[{"href":"https:\/\/onlinelotto365.com\/pl\/wp-json\/wp\/v2\/media?parent=12055"}],"curies":[{"name":"wp","href":"https:\/\/api.w.org\/{rel}","templated":true}]}}