{"id":12057,"date":"2020-12-21T11:50:16","date_gmt":"2020-12-21T10:50:16","guid":{"rendered":"http:\/\/onlinelotto365.net\/?page_id=12057"},"modified":"2021-01-07T08:27:35","modified_gmt":"2021-01-07T07:27:35","slug":"mega-sena","status":"publish","type":"page","link":"https:\/\/onlinelotto365.com\/pl\/kup-bilety\/mega-sena\/","title":{"rendered":"Jak kupi\u0107 bilety Mega-Sena Brazil online"},"content":{"rendered":"<p>Czy chcesz wiedzie\u0107, <strong> jak mo\u017cesz zdoby\u0107 bilety potrzebne na Mega-Sena <\/strong>, chocia\u017c mieszkasz w Polsce lub innym kraju poza Brazyli\u0105? C\u00f3\u017c, b\u0119dziesz chcia\u0142 przeczyta\u0107 troch\u0119 dalej, poniewa\u017c mo\u017cemy pom\u00f3c Ci w ca\u0142ym procesie i upewni\u0107 si\u0119, \u017ce jeste\u015b na dobrej drodze do <a href=\"https:\/\/onlinelotto365.com\/pl\/kup-bilety\"> <strong> zdobycie wybranych bilet\u00f3w na dowolne i wszystkie gry <\/strong> <\/a>, w kt\u00f3re chcesz zagra\u0107.<\/p>\n<ul>\n<li>Wszystko, co musisz zrobi\u0107, aby rozpocz\u0105\u0107, to wybra\u0107 gr\u0119, w kt\u00f3r\u0105 chcesz zagra\u0107, i wskaza\u0107 numery bilet\u00f3w, kt\u00f3re chcesz na t\u0119 gr\u0119.<\/li>\n<li>Dodaj tyle bilet\u00f3w, ile chcesz, na t\u0119 gr\u0119 lub inn\u0105 gr\u0119, w kt\u00f3r\u0105 chcesz zagra\u0107<\/li>\n<li>Kliknij przycisk, aby rozpocz\u0105\u0107 proces p\u0142atno\u015bci.<\/li>\n<li>Zaloguj si\u0119 na swoje obecne konto lub utw\u00f3rz nowe, aby kupi\u0107 bilety.<\/li>\n<li>Je\u015bli musisz utworzy\u0107 nowe konto, musisz przej\u015b\u0107 przez proces rejestracji. Tw\u00f3j link weryfikacyjny zostanie wys\u0142any na Tw\u00f3j adres e-mail.<\/li>\n<li>Je\u015bli e-mail nie pojawi si\u0119 w skrzynce odbiorczej, sprawd\u017a folder ze spamem, aby upewni\u0107 si\u0119, \u017ce zosta\u0142 odebrany.<\/li>\n<li>Po zweryfikowaniu konta przejd\u017a do koszyka na zakupy w witrynie.<\/li>\n<li>Post\u0119puj zgodnie z instrukcjami, aby zap\u0142aci\u0107 za bilety przy u\u017cyciu wybranej metody p\u0142atno\u015bci.<\/li>\n<\/ul>\n<p><a href=\"https:\/\/redfoxlotto.com\/pl\/mega-sena\/?ref=a8564250a2&amp;medium=ol365\" target=\"_blank\" rel=\"noopener noreferrer\"> <img decoding=\"async\" class=\"aligncenter\" src=\" https:\/\/redfoxlotto.com\/image?size=8&amp;lottery=mega-sena \" alt=\" mega-sena \" \/> <\/a><\/p>\n<h2>Jak zap\u0142aci\u0107 za bilet Mega-Sena online<\/h2>\n<p>P\u0142acenie za bilety w bezpieczny spos\u00f3b jest dla Ciebie wa\u017cne, a my u\u0142atwiamy to, zapewniaj\u0105c wiele r\u00f3\u017cnych opcji p\u0142atno\u015bci bezpo\u015brednich, a tak\u017ce dodatkow\u0105 opcj\u0119 zakupu bilet\u00f3w. Musisz tylko zacz\u0105\u0107 od jednego z dw\u00f3ch poni\u017cszych.<\/p>\n<ul>\n<li>Zap\u0142a\u0107 bezpo\u015brednio przy u\u017cyciu ulubionej metody p\u0142atno\u015bci<\/li>\n<li><a href=\"https:\/\/onlinelotto365.com\/pl\/news\/wskazowki-jak-wygrac-na-loterii\"> Dodaj pieni\u0105dze na swoje konto gracza <\/a>, aby m\u00f3c kupowa\u0107 bilety bezpo\u015brednio w konto.<\/li>\n<\/ul>\n<p>Pami\u0119taj, aby doda\u0107 troch\u0119 wi\u0119cej do swojego konta gracza, je\u015bli zamierzasz wybra\u0107 t\u0119 metod\u0119. W ten spos\u00f3b saldo Twojego konta b\u0119dzie mog\u0142o zap\u0142aci\u0107 za zakup.<\/p>\n<h2>Wi\u0119cej informacji o Mega-Sena<\/h2>\n<ul>\n<li>Kraj: Brazylia<\/li>\n<li>G\u0142\u00f3wny zakres liczb: 60<\/li>\n<li>Wybierasz: 6<\/li>\n<li>Dni losowania i godziny: \u015broda, sobota, 20:00 GMT -3, 24:00 CET<\/li>\n<li>Minimalny jackpot: 2 miliony R $<\/li>\n<li>Maksymalny jackpot: brak<\/li>\n<li>Prawdopodobie\u0144stwo wygrania jackpota: 1 do 50063860<\/li>\n<li>Prawdopodobie\u0144stwo wygranej 2 poziomu: 1 do 15451809<\/li>\n<li>Prawdopodobie\u0144stwo wygranej na dowolnym poziomie: 1 na 2297,56<\/li>\n<li>Liczba poziom\u00f3w nagr\u00f3d: 3<\/li>\n<\/ul>\n<h2>Zalety zakupu bilet\u00f3w Mega-Sena przez Internet<\/h2>\n<ul>\n<li>Nie musisz podr\u00f3\u017cowa\u0107 &#8211; po prostu kup bilety w domu<\/li>\n<li>Wybierz jedn\u0105 z <a href=\"http:\/\/onlinelotto365.com\/pl\"> r\u00f3\u017cnych gier loteryjnych <\/a><\/li>\n<li>Uzyskaj najwy\u017csze szanse na wygran\u0105 w grach z wysokimi jackpotami<\/li>\n<li>Wp\u0142a\u0107 pieni\u0105dze bezpo\u015brednio na swoje konto, aby wykorzysta\u0107 je przy zakupie<\/li>\n<li>Z \u0142atwo\u015bci\u0105 \u015bled\u017a swoje bilety<\/li>\n<li>Otrzymuj powiadomienia o wygranej na kuponach<\/li>\n<li>Skorzystaj z opcji szybkiego wybierania, aby otrzyma\u0107 bilety bez wybierania numer\u00f3w<\/li>\n<\/ul>\n<h2>Czy kupowanie bilet\u00f3w Mega-Sena przez Internet jest legalne?<\/h2>\n<p><img loading=\"lazy\" decoding=\"async\" class=\"alignright wp-image-3660\" src=\"https:\/\/onlinelotto365.com\/wp-content\/uploads\/2020\/11\/online_lottery-133-300x212.jpg\" alt=\"mega-sena online UK\" width=\"177\" height=\"125\" srcset=\"https:\/\/onlinelotto365.com\/wp-content\/uploads\/2020\/11\/online_lottery-133-300x212.jpg 300w, https:\/\/onlinelotto365.com\/wp-content\/uploads\/2020\/11\/online_lottery-133.jpg 320w\" sizes=\"auto, (max-width: 177px) 100vw, 177px\" \/> Wiele os\u00f3b martwi si\u0119, czy mog\u0105 kupi\u0107 losy lotto Mega Sena przez Internet, poniewa\u017c Polska jest ich krajem zamieszkania. A mo\u017ce mieszkaj\u0105 w innym kraju, ale nie w Brazylii. Pomagamy Ci rozwi\u0105za\u0107 niekt\u00f3re problemy, upewniaj\u0105c si\u0119, \u017ce wszystko, co robimy, opiera si\u0119 na przepisach kraju, w kt\u00f3rym loteria jest prowadzona. U\u0142atwi ci to zakup bilet\u00f3w i poczujesz si\u0119 komfortowo z tym procesem. Ponadto masz gwarancj\u0119 otrzymania wszelkich wygranych pieni\u0119dzy, w tym jackpota.<\/p>\n<h2>Jak otrzymam zap\u0142at\u0119, je\u015bli wygram Mega-Sena online?<\/h2>\n<p>Je\u015bli chodzi o p\u0142atno\u015bci na rzecz zwyci\u0119zc\u00f3w, robimy to najlepiej, daj\u0105c Ci ka\u017cdy z nich. Nie musisz p\u0142aci\u0107 nam prowizji za \u017cadn\u0105 wygran\u0105 kwot\u0119, niezale\u017cnie od tego, czy jest to ma\u0142a nagroda, czy nawet jackpot. Nie musisz te\u017c p\u0142aci\u0107 nam \u017cadnych op\u0142at, chyba \u017ce wybierzesz przelew bankowy.<br \/>\nW przypadku wszystkich innych form p\u0142atno\u015bci otrzymasz wszystkie wygrane pieni\u0105dze. W przypadku przelew\u00f3w bankowych czasami pobieramy op\u0142aty z banku i ta op\u0142ata jest pobierana z wygranych podczas procesu przelewu.<\/p>\n<p><strong> Kiedy jednak wygrasz, powiniene\u015b zna\u0107 proces, kt\u00f3ry pozwoli Ci zdoby\u0107 pieni\u0105dze: <\/strong><\/p>\n<ul>\n<li>Ka\u017cdy, kto wygra mniej ni\u017c 2500 EUR, otrzyma pieni\u0105dze bezpo\u015brednio zdeponowane na koncie bez konieczno\u015bci wykonywania jakichkolwiek czynno\u015bci<\/li>\n<li>Ka\u017cdy, kto wygra ponad 2500 euro, zostanie poproszony o wype\u0142nienie formularza roszczenia przez nasz zesp\u00f3\u0142 pomocy. Umo\u017cliwi to otrzymanie pieni\u0119dzy w ojeden z dw\u00f3ch sposob\u00f3w. Mo\u017cesz zdecydowa\u0107, czy chcesz otrzyma\u0107 czek na pe\u0142n\u0105 kwot\u0119, czy zleci\u0107 przelew bankowy. Tak czy inaczej, pieni\u0105dze zostan\u0105 przelane do dowolnego kraju, w tym do Polski, w ci\u0105gu kilku dni.<\/li>\n<\/ul>\n","protected":false},"excerpt":{"rendered":"<p>Czy chcesz wiedzie\u0107, jak mo\u017cesz zdoby\u0107 bilety potrzebne na Mega-Sena , chocia\u017c mieszkasz w Polsce lub innym kraju poza Brazyli\u0105? C\u00f3\u017c, b\u0119dziesz chcia\u0142 przeczyta\u0107 troch\u0119 dalej, poniewa\u017c mo\u017cemy pom\u00f3c Ci w ca\u0142ym procesie i upewni\u0107 si\u0119, \u017ce jeste\u015b na dobrej drodze do zdobycie wybranych bilet\u00f3w na dowolne i wszystkie gry , w kt\u00f3re chcesz zagra\u0107. [&hellip;]<\/p>\n","protected":false},"author":1,"featured_media":0,"parent":3808,"menu_order":12,"comment_status":"closed","ping_status":"closed","template":"megasena-info.php","meta":{"_et_pb_use_builder":"","_et_pb_old_content":"","_et_gb_content_width":"","exclude_from_search":false,"footnotes":""},"class_list":["post-12057","page","type-page","status-publish","hentry"],"yoast_head":"<!-- This site is optimized with the Yoast SEO plugin v23.4 - https:\/\/yoast.com\/wordpress\/plugins\/seo\/ -->\n<title>Kup bilety na koncert Mega-Sena online z Polski | O Mega-Senie i jak uzyska\u0107 bilety?<\/title>\n<meta name=\"description\" content=\"To jest wspania\u0142a loteria z Brazylii - i teraz mo\u017cesz kupi\u0107 bilety online\" \/>\n<meta name=\"robots\" content=\"index, follow, max-snippet:-1, max-image-preview:large, max-video-preview:-1\" \/>\n<link rel=\"canonical\" href=\"https:\/\/onlinelotto365.com\/pl\/kup-bilety\/mega-sena\/\" \/>\n<meta property=\"og:locale\" content=\"pl_PL\" \/>\n<meta property=\"og:type\" content=\"article\" \/>\n<meta property=\"og:title\" content=\"Kup bilety na koncert Mega-Sena online z Polski | O Mega-Senie i jak uzyska\u0107 bilety?\" \/>\n<meta property=\"og:description\" content=\"To jest wspania\u0142a loteria z Brazylii - i teraz mo\u017cesz kupi\u0107 bilety online\" \/>\n<meta property=\"og:url\" content=\"https:\/\/onlinelotto365.com\/pl\/kup-bilety\/mega-sena\/\" \/>\n<meta property=\"og:site_name\" content=\"OnlineLotto365\" \/>\n<meta property=\"article:modified_time\" content=\"2021-01-07T07:27:35+00:00\" \/>\n<meta property=\"og:image\" content=\"https:\/\/onlinelotto365.com\/wp-content\/uploads\/2020\/11\/online_lottery-133-300x212.jpg\" \/>\n<meta name=\"twitter:card\" content=\"summary_large_image\" \/>\n<meta name=\"twitter:label1\" content=\"Szacowany czas czytania\" \/>\n\t<meta name=\"twitter:data1\" content=\"4 minuty\" \/>\n<script type=\"application\/ld+json\" class=\"yoast-schema-graph\">{\"@context\":\"https:\/\/schema.org\",\"@graph\":[{\"@type\":\"WebPage\",\"@id\":\"https:\/\/onlinelotto365.com\/pl\/kup-bilety\/mega-sena\/\",\"url\":\"https:\/\/onlinelotto365.com\/pl\/kup-bilety\/mega-sena\/\",\"name\":\"Kup bilety na koncert Mega-Sena online z Polski | O Mega-Senie i jak uzyska\u0107 bilety?\",\"isPartOf\":{\"@id\":\"https:\/\/onlinelotto365.com\/pl\/#website\"},\"primaryImageOfPage\":{\"@id\":\"https:\/\/onlinelotto365.com\/pl\/kup-bilety\/mega-sena\/#primaryimage\"},\"image\":{\"@id\":\"https:\/\/onlinelotto365.com\/pl\/kup-bilety\/mega-sena\/#primaryimage\"},\"thumbnailUrl\":\"https:\/\/onlinelotto365.com\/wp-content\/uploads\/2020\/11\/online_lottery-133-300x212.jpg\",\"datePublished\":\"2020-12-21T10:50:16+00:00\",\"dateModified\":\"2021-01-07T07:27:35+00:00\",\"description\":\"To jest wspania\u0142a loteria z Brazylii - i teraz mo\u017cesz kupi\u0107 bilety online\",\"breadcrumb\":{\"@id\":\"https:\/\/onlinelotto365.com\/pl\/kup-bilety\/mega-sena\/#breadcrumb\"},\"inLanguage\":\"pl-PL\",\"potentialAction\":[{\"@type\":\"ReadAction\",\"target\":[\"https:\/\/onlinelotto365.com\/pl\/kup-bilety\/mega-sena\/\"]}]},{\"@type\":\"ImageObject\",\"inLanguage\":\"pl-PL\",\"@id\":\"https:\/\/onlinelotto365.com\/pl\/kup-bilety\/mega-sena\/#primaryimage\",\"url\":\"https:\/\/onlinelotto365.com\/wp-content\/uploads\/2020\/11\/online_lottery-133-300x212.jpg\",\"contentUrl\":\"https:\/\/onlinelotto365.com\/wp-content\/uploads\/2020\/11\/online_lottery-133-300x212.jpg\"},{\"@type\":\"BreadcrumbList\",\"@id\":\"https:\/\/onlinelotto365.com\/pl\/kup-bilety\/mega-sena\/#breadcrumb\",\"itemListElement\":[{\"@type\":\"ListItem\",\"position\":1,\"name\":\"Home\",\"item\":\"https:\/\/onlinelotto365.com\/pl\/\"},{\"@type\":\"ListItem\",\"position\":2,\"name\":\"Dlaczego bardziej sensowne jest kupowanie bilet\u00f3w na loteri\u0119 online\",\"item\":\"https:\/\/onlinelotto365.com\/pl\/buy-tickets\/\"},{\"@type\":\"ListItem\",\"position\":3,\"name\":\"Jak kupi\u0107 bilety Mega-Sena Brazil online\"}]},{\"@type\":\"WebSite\",\"@id\":\"https:\/\/onlinelotto365.com\/pl\/#website\",\"url\":\"https:\/\/onlinelotto365.com\/pl\/\",\"name\":\"OnlineLotto365\",\"description\":\"\",\"potentialAction\":[{\"@type\":\"SearchAction\",\"target\":{\"@type\":\"EntryPoint\",\"urlTemplate\":\"https:\/\/onlinelotto365.com\/pl\/?s={search_term_string}\"},\"query-input\":{\"@type\":\"PropertyValueSpecification\",\"valueRequired\":true,\"valueName\":\"search_term_string\"}}],\"inLanguage\":\"pl-PL\"}]}<\/script>\n<!-- \/ Yoast SEO plugin. -->","yoast_head_json":{"title":"Kup bilety na koncert Mega-Sena online z Polski | O Mega-Senie i jak uzyska\u0107 bilety?","description":"To jest wspania\u0142a loteria z Brazylii - i teraz mo\u017cesz kupi\u0107 bilety online","robots":{"index":"index","follow":"follow","max-snippet":"max-snippet:-1","max-image-preview":"max-image-preview:large","max-video-preview":"max-video-preview:-1"},"canonical":"https:\/\/onlinelotto365.com\/pl\/kup-bilety\/mega-sena\/","og_locale":"pl_PL","og_type":"article","og_title":"Kup bilety na koncert Mega-Sena online z Polski | O Mega-Senie i jak uzyska\u0107 bilety?","og_description":"To jest wspania\u0142a loteria z Brazylii - i teraz mo\u017cesz kupi\u0107 bilety online","og_url":"https:\/\/onlinelotto365.com\/pl\/kup-bilety\/mega-sena\/","og_site_name":"OnlineLotto365","article_modified_time":"2021-01-07T07:27:35+00:00","og_image":[{"url":"https:\/\/onlinelotto365.com\/wp-content\/uploads\/2020\/11\/online_lottery-133-300x212.jpg"}],"twitter_card":"summary_large_image","twitter_misc":{"Szacowany czas czytania":"4 minuty"},"schema":{"@context":"https:\/\/schema.org","@graph":[{"@type":"WebPage","@id":"https:\/\/onlinelotto365.com\/pl\/kup-bilety\/mega-sena\/","url":"https:\/\/onlinelotto365.com\/pl\/kup-bilety\/mega-sena\/","name":"Kup bilety na koncert Mega-Sena online z Polski | O Mega-Senie i jak uzyska\u0107 bilety?","isPartOf":{"@id":"https:\/\/onlinelotto365.com\/pl\/#website"},"primaryImageOfPage":{"@id":"https:\/\/onlinelotto365.com\/pl\/kup-bilety\/mega-sena\/#primaryimage"},"image":{"@id":"https:\/\/onlinelotto365.com\/pl\/kup-bilety\/mega-sena\/#primaryimage"},"thumbnailUrl":"https:\/\/onlinelotto365.com\/wp-content\/uploads\/2020\/11\/online_lottery-133-300x212.jpg","datePublished":"2020-12-21T10:50:16+00:00","dateModified":"2021-01-07T07:27:35+00:00","description":"To jest wspania\u0142a loteria z Brazylii - i teraz mo\u017cesz kupi\u0107 bilety online","breadcrumb":{"@id":"https:\/\/onlinelotto365.com\/pl\/kup-bilety\/mega-sena\/#breadcrumb"},"inLanguage":"pl-PL","potentialAction":[{"@type":"ReadAction","target":["https:\/\/onlinelotto365.com\/pl\/kup-bilety\/mega-sena\/"]}]},{"@type":"ImageObject","inLanguage":"pl-PL","@id":"https:\/\/onlinelotto365.com\/pl\/kup-bilety\/mega-sena\/#primaryimage","url":"https:\/\/onlinelotto365.com\/wp-content\/uploads\/2020\/11\/online_lottery-133-300x212.jpg","contentUrl":"https:\/\/onlinelotto365.com\/wp-content\/uploads\/2020\/11\/online_lottery-133-300x212.jpg"},{"@type":"BreadcrumbList","@id":"https:\/\/onlinelotto365.com\/pl\/kup-bilety\/mega-sena\/#breadcrumb","itemListElement":[{"@type":"ListItem","position":1,"name":"Home","item":"https:\/\/onlinelotto365.com\/pl\/"},{"@type":"ListItem","position":2,"name":"Dlaczego bardziej sensowne jest kupowanie bilet\u00f3w na loteri\u0119 online","item":"https:\/\/onlinelotto365.com\/pl\/buy-tickets\/"},{"@type":"ListItem","position":3,"name":"Jak kupi\u0107 bilety Mega-Sena Brazil online"}]},{"@type":"WebSite","@id":"https:\/\/onlinelotto365.com\/pl\/#website","url":"https:\/\/onlinelotto365.com\/pl\/","name":"OnlineLotto365","description":"","potentialAction":[{"@type":"SearchAction","target":{"@type":"EntryPoint","urlTemplate":"https:\/\/onlinelotto365.com\/pl\/?s={search_term_string}"},"query-input":{"@type":"PropertyValueSpecification","valueRequired":true,"valueName":"search_term_string"}}],"inLanguage":"pl-PL"}]}},"_links":{"self":[{"href":"https:\/\/onlinelotto365.com\/pl\/wp-json\/wp\/v2\/pages\/12057","targetHints":{"allow":["GET"]}}],"collection":[{"href":"https:\/\/onlinelotto365.com\/pl\/wp-json\/wp\/v2\/pages"}],"about":[{"href":"https:\/\/onlinelotto365.com\/pl\/wp-json\/wp\/v2\/types\/page"}],"author":[{"embeddable":true,"href":"https:\/\/onlinelotto365.com\/pl\/wp-json\/wp\/v2\/users\/1"}],"replies":[{"embeddable":true,"href":"https:\/\/onlinelotto365.com\/pl\/wp-json\/wp\/v2\/comments?post=12057"}],"version-history":[{"count":0,"href":"https:\/\/onlinelotto365.com\/pl\/wp-json\/wp\/v2\/pages\/12057\/revisions"}],"up":[{"embeddable":true,"href":"https:\/\/onlinelotto365.com\/pl\/wp-json\/wp\/v2\/pages\/3808"}],"wp:attachment":[{"href":"https:\/\/onlinelotto365.com\/pl\/wp-json\/wp\/v2\/media?parent=12057"}],"curies":[{"name":"wp","href":"https:\/\/api.w.org\/{rel}","templated":true}]}}