{"id":12059,"date":"2020-12-21T11:51:12","date_gmt":"2020-12-21T10:51:12","guid":{"rendered":"http:\/\/onlinelotto365.net\/?page_id=12059"},"modified":"2021-01-07T08:27:48","modified_gmt":"2021-01-07T07:27:48","slug":"powerball-australia","status":"publish","type":"page","link":"https:\/\/onlinelotto365.com\/pl\/kup-bilety\/powerball-australia\/","title":{"rendered":"Jak kupi\u0107 bilety na Powerball Australia online"},"content":{"rendered":"<p><strong> Chcesz wiedzie\u0107, jak kupi\u0107 bilety na Powerball Australia online <\/strong>? C\u00f3\u017c, podzielili\u015bmy to na kilka prostych krok\u00f3w dla <strong> naszych klient\u00f3w z Polski i innych kraj\u00f3w <\/strong>, wi\u0119c mo\u017cesz rozpocz\u0105\u0107 ten proces ju\u017c teraz. I mo\u017cesz to zrobi\u0107 du\u017co szybciej i \u0142atwiej ni\u017c my\u015blisz.<\/p>\n<ul>\n<li>Przejd\u017a do strony Powerball Australia i wybierz \u017c\u0105dane bilety oraz numery do nich lub pozw\u00f3l komputerowi wybra\u0107 za Ciebie.<\/li>\n<li>Dodaj jako <a href=\"https:\/\/onlinelotto365.com\/pl\/kup-bilety\"> wiele bilet\u00f3w i gier <\/a> do swojego zam\u00f3wienia, jak chcesz, zanim sko\u0144czysz.<\/li>\n<li>Kliknij przycisk, aby zap\u0142aci\u0107 teraz<\/li>\n<li>Utw\u00f3rz konto w naszej witrynie internetowej lub zaloguj si\u0119 na swoje obecne konto, je\u015bli ju\u017c je masz.<\/li>\n<li>W przypadku os\u00f3b, kt\u00f3re chc\u0105 utworzy\u0107 konto, nale\u017cy je zarejestrowa\u0107 przy u\u017cyciu swojego adresu e-mail.<\/li>\n<li>Sprawd\u017a folder ze spamem oraz swoj\u0105 zwyk\u0142\u0105 skrzynk\u0119 odbiorcz\u0105 w poszukiwaniu e-maila weryfikacyjnego<\/li>\n<li>Przejd\u017a do koszyka, aby sfinalizowa\u0107 zakup<\/li>\n<li><strong> Wybierz metod\u0119 p\u0142atno\u015bci, kt\u00f3rej chcesz <\/strong> u\u017cy\u0107 i przejd\u017a przez proces p\u0142atno\u015bci<\/li>\n<\/ul>\n<p><a href=\"https:\/\/redfoxlotto.com\/pl\/powerball-au\/?ref=a8564250a2&amp;medium=ol365\" target=\"_blank\" rel=\"noopener noreferrer\"> <img decoding=\"async\" class=\"aligncenter\" src=\" https:\/\/redfoxlotto.com\/image?size=8&amp;lottery=powerball-au \" alt=\" Powerball Australia \" \/> <\/a><\/p>\n<h2>Jak zap\u0142aci\u0107 za bilet na Powerball Australia online<\/h2>\n<p>Mo\u017cesz wybiera\u0107 spo\u015br\u00f3d <strong> wielu r\u00f3\u017cnych opcji p\u0142atno\u015bci <\/strong>, kt\u00f3re s\u0105 tak samo bezpieczne, jak mo\u017cna by oczekiwa\u0107, <strong> kupuj\u0105c co\u015b online w Polsce. <\/strong><br \/>\nKup bilety przez:<\/p>\n<ul>\n<li>P\u0142acenie za zam\u00f3wienie bezpo\u015brednio przy u\u017cyciu preferowanej opcji p\u0142atno\u015bci<\/li>\n<li>Wp\u0142acanie pieni\u0119dzy na konto gracza i u\u017cywanie ich do zakupu bilet\u00f3w<\/li>\n<\/ul>\n<p>Pami\u0119taj, \u017ce b\u0119dziesz musia\u0142 wp\u0142aci\u0107 wi\u0119cej ni\u017c wystarczaj\u0105c\u0105 ilo\u015b\u0107 pieni\u0119dzy na swoje konto gracza, aby kupi\u0107 bilety, kt\u00f3re chcesz, je\u015bli wybierzesz t\u0119 opcj\u0119.<\/p>\n<h2>Wi\u0119cej informacji o Powerball Polska<\/h2>\n<ul>\n<li>Kraj: Australia<\/li>\n<li>G\u0142\u00f3wny zakres liczb: 35<\/li>\n<li>Wybierasz: 7<\/li>\n<li>Zakres dodatkowych liczb: 20<\/li>\n<li>Wybierasz: 1<\/li>\n<li>Dni losowania, godziny: czw., 21:30 GMT + 11, 10:30 CET<\/li>\n<li>Minimalny jackpot: 3 miliony AU $<\/li>\n<li>Maksymalny jackpot: 150 milion\u00f3w AU $<\/li>\n<li>Prawdopodobie\u0144stwo wygrania g\u0142\u00f3wnej nagrody: 1 do 134490400<\/li>\n<li>Prawdopodobie\u0144stwo wygranej 2 poziomu: 1 do 7078443<\/li>\n<li>Prawdopodobie\u0144stwo wygranej na dowolnym poziomie: 1 do 24,87<\/li>\n<li>Liczba poziom\u00f3w nagr\u00f3d: 7<\/li>\n<\/ul>\n<h2>Korzy\u015bci z kupowania bilet\u00f3w Powerball Australia przez Internet<\/h2>\n<ul>\n<li>Kup bilety, kt\u00f3re chcesz, bez wychodzenia z domu<\/li>\n<li>Kup kupony na wiele r\u00f3\u017cnych rodzaj\u00f3w loterii<\/li>\n<li>Uzyskaj <a href=\"https:\/\/onlinelotto365.com\/pl\/news\/ktore-loterie-maja-najwieksze-szanse-na-wygrana\"> <strong> wi\u0119ksz\u0105 szans\u0119 na wygranie wielkiego jackpota <\/strong>wybieraj\u0105c najlepsze opcje <\/a><\/li>\n<li>Wp\u0142a\u0107 pieni\u0105dze na swoje konto i wykorzystaj je do zakupu bilet\u00f3w<\/li>\n<li>Nie martw si\u0119 o utrat\u0119 bilet\u00f3w<\/li>\n<li>Powiadomienia, je\u015bli Tw\u00f3j bilet jest zwyci\u0119zc\u0105<\/li>\n<li>Wybierz losowe bilety za pomoc\u0105 generatora liczb<\/li>\n<\/ul>\n<h2>Czy kupowanie bilet\u00f3w Powerball Australia przez Internet w Polsce jest legalne?<\/h2>\n<p>Nie musisz martwi\u0107 si\u0119 kupowaniem bilet\u00f3w online lub tradycyjnym sposobem, je\u015bli chodzi o przepisy obowi\u0105zuj\u0105ce w Twoim kraju zamieszkania. Dbamy o przestrzeganie przepis\u00f3w kraju, w kt\u00f3rym odbywa si\u0119 loteria, aby\u015b m\u00f3g\u0142 otrzyma\u0107 swoje wygrane. Nawet je\u015bli <a href=\"https:\/\/onlinelotto365.com\/pl\/news\/wskazowki-jak-wygrac-na-loterii\"> wygrasz g\u0142\u00f3wn\u0105 wygran\u0105 <\/a>, nie b\u0119dziesz mie\u0107 problemu ze zdobyciem pieni\u0119dzy.<br \/>\nKa\u017cdy, kto korzysta z naszych us\u0142ug, musi mie\u0107 co najmniej 18 lat.<\/p>\n<h2>Jak otrzymam zap\u0142at\u0119, je\u015bli wygram Powerball Australia online?<\/h2>\n<p><img loading=\"lazy\" decoding=\"async\" class=\"alignright wp-image-3631\" src=\"https:\/\/onlinelotto365.com\/wp-content\/uploads\/2020\/11\/online_lottery-40-300x200.jpg\" alt=\"powerball Australia online\" width=\"252\" height=\"168\" srcset=\"https:\/\/onlinelotto365.com\/wp-content\/uploads\/2020\/11\/online_lottery-40-300x200.jpg 300w, https:\/\/onlinelotto365.com\/wp-content\/uploads\/2020\/11\/online_lottery-40.jpg 424w\" sizes=\"auto, (max-width: 252px) 100vw, 252px\" \/> Wiemy, \u017ce chcesz <strong> odebra\u0107 swoje wygrane tak szybko, jak to mo\u017cliwe <\/strong> i zdecydowanie nie chcesz wyp\u0142aca\u0107 nikomu pieni\u0119dzy z tych wygranych. Dlatego nigdy nie pobieramy prowizji od Twoich wygranych. Je\u015bli wygrasz, otrzymasz pieni\u0105dze. Op\u0142at\u0119 pobieramy tylko wtedy, gdy zdecydujesz si\u0119 na przelew pieni\u0119dzy do swojego banku, co spowoduje naliczenie op\u0142aty, kt\u00f3ra zostanie Ci przekazana.<br \/>\nJe\u015bli wygrasz pieni\u0105dze, pami\u0119taj o tym:<\/p>\n<ul>\n<li>Kwoty poni\u017cej 2500 EUR s\u0105 automatycznie wp\u0142acane na Twoje konto gracza bez konieczno\u015bci wykonywania jakichkolwiek czynno\u015bci<\/li>\n<li>Kwoty powy\u017cej 2500 EUR s\u0105 wyp\u0142acane czekiem lub przelewem bankowym i wymagaj\u0105 wype\u0142nienia formularza, kt\u00f3ry zostanie przes\u0142any przez zesp\u00f3\u0142 pomocy. W ten spos\u00f3b mo\u017cesz wyp\u0142aci\u0107 pieni\u0105dze za po\u015brednictwem komisji loterii.<\/li>\n<\/ul>\n","protected":false},"excerpt":{"rendered":"<p>Chcesz wiedzie\u0107, jak kupi\u0107 bilety na Powerball Australia online ? C\u00f3\u017c, podzielili\u015bmy to na kilka prostych krok\u00f3w dla naszych klient\u00f3w z Polski i innych kraj\u00f3w , wi\u0119c mo\u017cesz rozpocz\u0105\u0107 ten proces ju\u017c teraz. I mo\u017cesz to zrobi\u0107 du\u017co szybciej i \u0142atwiej ni\u017c my\u015blisz. Przejd\u017a do strony Powerball Australia i wybierz \u017c\u0105dane bilety oraz numery do [&hellip;]<\/p>\n","protected":false},"author":1,"featured_media":0,"parent":3808,"menu_order":13,"comment_status":"closed","ping_status":"closed","template":"powerball-au-info.php","meta":{"_et_pb_use_builder":"","_et_pb_old_content":"","_et_gb_content_width":"","exclude_from_search":false,"footnotes":""},"class_list":["post-12059","page","type-page","status-publish","hentry"],"yoast_head":"<!-- This site is optimized with the Yoast SEO plugin v23.4 - https:\/\/yoast.com\/wordpress\/plugins\/seo\/ -->\n<title>Kup bilety na Powerball Australia z Polski, poprzez serwis internetowy<\/title>\n<meta name=\"description\" content=\"Kup bilety na koncert Powerball Australia przez Internet - umo\u017cliwiamy to graczom w Polsce\" \/>\n<meta name=\"robots\" content=\"index, follow, max-snippet:-1, max-image-preview:large, max-video-preview:-1\" \/>\n<link rel=\"canonical\" href=\"https:\/\/onlinelotto365.com\/pl\/kup-bilety\/powerball-australia\/\" \/>\n<meta property=\"og:locale\" content=\"pl_PL\" \/>\n<meta property=\"og:type\" content=\"article\" \/>\n<meta property=\"og:title\" content=\"Kup bilety na Powerball Australia z Polski, poprzez serwis internetowy\" \/>\n<meta property=\"og:description\" content=\"Kup bilety na koncert Powerball Australia przez Internet - umo\u017cliwiamy to graczom w Polsce\" \/>\n<meta property=\"og:url\" content=\"https:\/\/onlinelotto365.com\/pl\/kup-bilety\/powerball-australia\/\" \/>\n<meta property=\"og:site_name\" content=\"OnlineLotto365\" \/>\n<meta property=\"article:modified_time\" content=\"2021-01-07T07:27:48+00:00\" \/>\n<meta property=\"og:image\" content=\"https:\/\/onlinelotto365.com\/wp-content\/uploads\/2020\/11\/online_lottery-40-300x200.jpg\" \/>\n<meta name=\"twitter:card\" content=\"summary_large_image\" \/>\n<meta name=\"twitter:label1\" content=\"Szacowany czas czytania\" \/>\n\t<meta name=\"twitter:data1\" content=\"3 minuty\" \/>\n<script type=\"application\/ld+json\" class=\"yoast-schema-graph\">{\"@context\":\"https:\/\/schema.org\",\"@graph\":[{\"@type\":\"WebPage\",\"@id\":\"https:\/\/onlinelotto365.com\/pl\/kup-bilety\/powerball-australia\/\",\"url\":\"https:\/\/onlinelotto365.com\/pl\/kup-bilety\/powerball-australia\/\",\"name\":\"Kup bilety na Powerball Australia z Polski, poprzez serwis internetowy\",\"isPartOf\":{\"@id\":\"https:\/\/onlinelotto365.com\/pl\/#website\"},\"primaryImageOfPage\":{\"@id\":\"https:\/\/onlinelotto365.com\/pl\/kup-bilety\/powerball-australia\/#primaryimage\"},\"image\":{\"@id\":\"https:\/\/onlinelotto365.com\/pl\/kup-bilety\/powerball-australia\/#primaryimage\"},\"thumbnailUrl\":\"https:\/\/onlinelotto365.com\/wp-content\/uploads\/2020\/11\/online_lottery-40-300x200.jpg\",\"datePublished\":\"2020-12-21T10:51:12+00:00\",\"dateModified\":\"2021-01-07T07:27:48+00:00\",\"description\":\"Kup bilety na koncert Powerball Australia przez Internet - umo\u017cliwiamy to graczom w Polsce\",\"breadcrumb\":{\"@id\":\"https:\/\/onlinelotto365.com\/pl\/kup-bilety\/powerball-australia\/#breadcrumb\"},\"inLanguage\":\"pl-PL\",\"potentialAction\":[{\"@type\":\"ReadAction\",\"target\":[\"https:\/\/onlinelotto365.com\/pl\/kup-bilety\/powerball-australia\/\"]}]},{\"@type\":\"ImageObject\",\"inLanguage\":\"pl-PL\",\"@id\":\"https:\/\/onlinelotto365.com\/pl\/kup-bilety\/powerball-australia\/#primaryimage\",\"url\":\"https:\/\/onlinelotto365.com\/wp-content\/uploads\/2020\/11\/online_lottery-40-300x200.jpg\",\"contentUrl\":\"https:\/\/onlinelotto365.com\/wp-content\/uploads\/2020\/11\/online_lottery-40-300x200.jpg\"},{\"@type\":\"BreadcrumbList\",\"@id\":\"https:\/\/onlinelotto365.com\/pl\/kup-bilety\/powerball-australia\/#breadcrumb\",\"itemListElement\":[{\"@type\":\"ListItem\",\"position\":1,\"name\":\"Home\",\"item\":\"https:\/\/onlinelotto365.com\/pl\/\"},{\"@type\":\"ListItem\",\"position\":2,\"name\":\"Dlaczego bardziej sensowne jest kupowanie bilet\u00f3w na loteri\u0119 online\",\"item\":\"https:\/\/onlinelotto365.com\/pl\/buy-tickets\/\"},{\"@type\":\"ListItem\",\"position\":3,\"name\":\"Jak kupi\u0107 bilety na Powerball Australia online\"}]},{\"@type\":\"WebSite\",\"@id\":\"https:\/\/onlinelotto365.com\/pl\/#website\",\"url\":\"https:\/\/onlinelotto365.com\/pl\/\",\"name\":\"OnlineLotto365\",\"description\":\"\",\"potentialAction\":[{\"@type\":\"SearchAction\",\"target\":{\"@type\":\"EntryPoint\",\"urlTemplate\":\"https:\/\/onlinelotto365.com\/pl\/?s={search_term_string}\"},\"query-input\":{\"@type\":\"PropertyValueSpecification\",\"valueRequired\":true,\"valueName\":\"search_term_string\"}}],\"inLanguage\":\"pl-PL\"}]}<\/script>\n<!-- \/ Yoast SEO plugin. -->","yoast_head_json":{"title":"Kup bilety na Powerball Australia z Polski, poprzez serwis internetowy","description":"Kup bilety na koncert Powerball Australia przez Internet - umo\u017cliwiamy to graczom w Polsce","robots":{"index":"index","follow":"follow","max-snippet":"max-snippet:-1","max-image-preview":"max-image-preview:large","max-video-preview":"max-video-preview:-1"},"canonical":"https:\/\/onlinelotto365.com\/pl\/kup-bilety\/powerball-australia\/","og_locale":"pl_PL","og_type":"article","og_title":"Kup bilety na Powerball Australia z Polski, poprzez serwis internetowy","og_description":"Kup bilety na koncert Powerball Australia przez Internet - umo\u017cliwiamy to graczom w Polsce","og_url":"https:\/\/onlinelotto365.com\/pl\/kup-bilety\/powerball-australia\/","og_site_name":"OnlineLotto365","article_modified_time":"2021-01-07T07:27:48+00:00","og_image":[{"url":"https:\/\/onlinelotto365.com\/wp-content\/uploads\/2020\/11\/online_lottery-40-300x200.jpg"}],"twitter_card":"summary_large_image","twitter_misc":{"Szacowany czas czytania":"3 minuty"},"schema":{"@context":"https:\/\/schema.org","@graph":[{"@type":"WebPage","@id":"https:\/\/onlinelotto365.com\/pl\/kup-bilety\/powerball-australia\/","url":"https:\/\/onlinelotto365.com\/pl\/kup-bilety\/powerball-australia\/","name":"Kup bilety na Powerball Australia z Polski, poprzez serwis internetowy","isPartOf":{"@id":"https:\/\/onlinelotto365.com\/pl\/#website"},"primaryImageOfPage":{"@id":"https:\/\/onlinelotto365.com\/pl\/kup-bilety\/powerball-australia\/#primaryimage"},"image":{"@id":"https:\/\/onlinelotto365.com\/pl\/kup-bilety\/powerball-australia\/#primaryimage"},"thumbnailUrl":"https:\/\/onlinelotto365.com\/wp-content\/uploads\/2020\/11\/online_lottery-40-300x200.jpg","datePublished":"2020-12-21T10:51:12+00:00","dateModified":"2021-01-07T07:27:48+00:00","description":"Kup bilety na koncert Powerball Australia przez Internet - umo\u017cliwiamy to graczom w Polsce","breadcrumb":{"@id":"https:\/\/onlinelotto365.com\/pl\/kup-bilety\/powerball-australia\/#breadcrumb"},"inLanguage":"pl-PL","potentialAction":[{"@type":"ReadAction","target":["https:\/\/onlinelotto365.com\/pl\/kup-bilety\/powerball-australia\/"]}]},{"@type":"ImageObject","inLanguage":"pl-PL","@id":"https:\/\/onlinelotto365.com\/pl\/kup-bilety\/powerball-australia\/#primaryimage","url":"https:\/\/onlinelotto365.com\/wp-content\/uploads\/2020\/11\/online_lottery-40-300x200.jpg","contentUrl":"https:\/\/onlinelotto365.com\/wp-content\/uploads\/2020\/11\/online_lottery-40-300x200.jpg"},{"@type":"BreadcrumbList","@id":"https:\/\/onlinelotto365.com\/pl\/kup-bilety\/powerball-australia\/#breadcrumb","itemListElement":[{"@type":"ListItem","position":1,"name":"Home","item":"https:\/\/onlinelotto365.com\/pl\/"},{"@type":"ListItem","position":2,"name":"Dlaczego bardziej sensowne jest kupowanie bilet\u00f3w na loteri\u0119 online","item":"https:\/\/onlinelotto365.com\/pl\/buy-tickets\/"},{"@type":"ListItem","position":3,"name":"Jak kupi\u0107 bilety na Powerball Australia online"}]},{"@type":"WebSite","@id":"https:\/\/onlinelotto365.com\/pl\/#website","url":"https:\/\/onlinelotto365.com\/pl\/","name":"OnlineLotto365","description":"","potentialAction":[{"@type":"SearchAction","target":{"@type":"EntryPoint","urlTemplate":"https:\/\/onlinelotto365.com\/pl\/?s={search_term_string}"},"query-input":{"@type":"PropertyValueSpecification","valueRequired":true,"valueName":"search_term_string"}}],"inLanguage":"pl-PL"}]}},"_links":{"self":[{"href":"https:\/\/onlinelotto365.com\/pl\/wp-json\/wp\/v2\/pages\/12059","targetHints":{"allow":["GET"]}}],"collection":[{"href":"https:\/\/onlinelotto365.com\/pl\/wp-json\/wp\/v2\/pages"}],"about":[{"href":"https:\/\/onlinelotto365.com\/pl\/wp-json\/wp\/v2\/types\/page"}],"author":[{"embeddable":true,"href":"https:\/\/onlinelotto365.com\/pl\/wp-json\/wp\/v2\/users\/1"}],"replies":[{"embeddable":true,"href":"https:\/\/onlinelotto365.com\/pl\/wp-json\/wp\/v2\/comments?post=12059"}],"version-history":[{"count":0,"href":"https:\/\/onlinelotto365.com\/pl\/wp-json\/wp\/v2\/pages\/12059\/revisions"}],"up":[{"embeddable":true,"href":"https:\/\/onlinelotto365.com\/pl\/wp-json\/wp\/v2\/pages\/3808"}],"wp:attachment":[{"href":"https:\/\/onlinelotto365.com\/pl\/wp-json\/wp\/v2\/media?parent=12059"}],"curies":[{"name":"wp","href":"https:\/\/api.w.org\/{rel}","templated":true}]}}