{"id":12061,"date":"2020-12-21T11:52:06","date_gmt":"2020-12-21T10:52:06","guid":{"rendered":"http:\/\/onlinelotto365.net\/?page_id=12061"},"modified":"2021-01-07T08:27:57","modified_gmt":"2021-01-07T07:27:57","slug":"oz-lotto","status":"publish","type":"page","link":"https:\/\/onlinelotto365.com\/pl\/kup-bilety\/oz-lotto\/","title":{"rendered":"Jak kupi\u0107 bilety Oz Lotto online"},"content":{"rendered":"<p>Masz szcz\u0119\u015bcie, poniewa\u017c przeszli\u015bmy przez proces, kt\u00f3ry musisz zrobi\u0107, aby <strong> otrzyma\u0107 kupony Oz Lotto tutaj <\/strong>, a tak\u017ce <strong> z Polski. <\/strong> Ty mo\u017cesz \u0142atwo kupowa\u0107 online, wykonuj\u0105c tylko te proste kroki, kt\u00f3re dla Ciebie przygotowali\u015bmy.<\/p>\n<ul>\n<li>Przejd\u017a do strony loterii, w kt\u00f3r\u0105 chcesz zagra\u0107, i wybierz \u017c\u0105dane liczby. Albo pozw\u00f3l komputerowi wybra\u0107 dla Ciebie kilka liczb.<\/li>\n<li>Dodaj kupony nawet na <a href=\"http:\/\/onlinelotto365.com\/pl\"> wi\u0119cej loterii <\/a>, a tak\u017ce na t\u0119 gr\u0119<\/li>\n<li>Zap\u0142a\u0107 teraz za bilety<\/li>\n<li>Zarejestruj zupe\u0142nie nowe konto lub zaloguj si\u0119 na swoje obecne konto, aby przej\u015b\u0107 przez proces p\u0142atno\u015bci<\/li>\n<li>W przypadku kont, kt\u00f3re wymagaj\u0105 rejestracji, sprawd\u017a poczt\u0119 e-mail pod k\u0105tem linku weryfikacyjnego, aby rozpocz\u0105\u0107<\/li>\n<li>Zajrzyj do folderu spamu, je\u015bli wiadomo\u015b\u0107 e-mail nie dotar\u0142a do Twojej zwyk\u0142ej skrzynki odbiorczej, i kliknij link do weryfikacji<\/li>\n<li>Przejd\u017a do koszyka, aby kupi\u0107 bilety<\/li>\n<li>Przejd\u017a przez proces p\u0142atno\u015bci, aby otrzyma\u0107 bilety<\/li>\n<\/ul>\n<p><a href=\"https:\/\/redfoxlotto.com\/pl\/oz-lotto\/?ref=a8564250a2&amp;medium=ol365\" target=\"_blank\" rel=\"noopener noreferrer\"> <img decoding=\"async\" class=\"aligncenter\" src=\" https:\/\/redfoxlotto.com\/image?size=8&amp;lottery=oz-lotto \" alt=\" Oz Lotto \" \/> <\/a><\/p>\n<h2>Jak zap\u0142aci\u0107 za kupon Oz Lotto online<\/h2>\n<p>Mo\u017cesz wybiera\u0107 spo\u015br\u00f3d kilku r\u00f3\u017cnych ca\u0142kowicie bezpiecznych opcji, je\u015bli chodzi o p\u0142acenie za kupony Oz Lotto.<br \/>\nKa\u017cdy z nich pasuje do dw\u00f3ch r\u00f3\u017cnych kategorii:<\/p>\n<ul>\n<li>Zap\u0142a\u0107 za zam\u00f3wienie dowoln\u0105 wybran\u0105 metod\u0105 p\u0142atno\u015bci<\/li>\n<li>wp\u0142a\u0107 pieni\u0105dze na swoje obecne konto gracza i wykorzystaj je do dokonania zakupu<\/li>\n<\/ul>\n<p>Upewnij si\u0119, \u017ce w\u0142o\u017cy\u0142e\u015b wi\u0119cej pieni\u0119dzy, ni\u017c potrzebujesz, aby dokona\u0107 zakupu, je\u015bli zamierzasz korzysta\u0107 z konta gracza.<\/p>\n<h2>Wi\u0119cej informacji o Oz Lotto<\/h2>\n<ul>\n<li>Kraj: Australia <img decoding=\"async\" class=\"alignright wp-image-3659\" src=\"https:\/\/onlinelotto365.com\/wp-content\/uploads\/2020\/11\/online_lottery-4-300x300.jpg\" alt=\" Oz lotto z Polski \" width=\" 246 \" height=\" 246 \" srcset=\"https:\/\/onlinelotto365.com\/wp-content\/uploads\/2020\/11\/online_lottery-4-300x300.jpg 300w, https:\/\/onlinelotto365.com\/wp-content\/uploads\/2020\/11\/online_lottery-4-100x100.jpg 100w, https:\/\/onlinelotto365.com\/wp-content\/uploads\/2020\/11\/online_lottery-4-150x150.jpg 150w, https:\/\/onlinelotto365.com\/wp-content\/uploads\/2020\/11\/online_lottery-4.jpg 320w\" sizes=\"(max-width: 300px) 100vw, 300px\" \/><\/li>\n<li>G\u0142\u00f3wny zakres liczb: 45<\/li>\n<li>Wybierasz: 7<\/li>\n<li>Dni losowania i godziny: wtorek, 21:30 GMT + 11, 10:30 CET<\/li>\n<li>Minimalny jackpot: 2 miliony AU $<\/li>\n<li>Maksymalny jackpot: brak<\/li>\n<li>Prawdopodobie\u0144stwo wygrania g\u0142\u00f3wnej nagrody: 1 do 45379620<\/li>\n<li>Prawdopodobie\u0144stwo wygranej 2 poziomu: 1 do 3241401<\/li>\n<li>Prawdopodobie\u0144stwo wygranej na dowolnym poziomie: 1 do 54,59<\/li>\n<li>Liczba poziom\u00f3w nagr\u00f3d: 7<\/li>\n<\/ul>\n<h2>Zalety kupowania los\u00f3w Oz Lotto online<\/h2>\n<ul>\n<li>Nie musisz wychodzi\u0107 z domu, aby <a href=\"https:\/\/onlinelotto365.com\/pl\/kup-bilety\"> odebra\u0107 bilety <\/a><\/li>\n<li>Masz do wyboru wiele r\u00f3\u017cnych opcji<\/li>\n<li>Sp\u00f3jrz na kwoty kumulacji, aby zdecydowa\u0107, kt\u00f3r\u0105 loteri\u0119 chcesz kupi\u0107<\/li>\n<li>Dodaj pieni\u0105dze bezpo\u015brednio do swojego konta gracza i wykorzystaj je do zakupu bilet\u00f3w<\/li>\n<li>Nie martw si\u0119 o utrat\u0119 bilet\u00f3w<\/li>\n<li>Otrzymuj powiadomienia, je\u015bli co\u015b wygrasz<\/li>\n<li>Skorzystaj z opcji szybkiego wyboru, aby zdoby\u0107 bilety bez wybierania w\u0142asnych numer\u00f3w<\/li>\n<\/ul>\n<h2>Czy kupowanie los\u00f3w Oz Lotto online jest legalne?<\/h2>\n<p>Mo\u017cesz nie mie\u0107 pewno\u015bci, <strong> czy Tw\u00f3j kraj zamieszkania zezwala na kupowanie los\u00f3w na loteri\u0119 online <\/strong>, czy nawet w tradycyjny spos\u00f3b. C\u00f3\u017c, nie musisz si\u0119 martwi\u0107, czy to w Polsce, czy gdzie indziej, poniewa\u017c dbamy o przepisy obowi\u0105zuj\u0105ce w kraju, w kt\u00f3rym toczy si\u0119 gra. us\u0142ugi, kt\u00f3re \u015bwiadczymy, dop\u00f3ki masz co najmniej 18 lat. Zapewnimy Ci zap\u0142at\u0119 bez wzgl\u0119du na wszystko.<\/p>\n<h2>Jak otrzymam zap\u0142at\u0119, je\u015bli wygram Oz Lotto online?<\/h2>\n<p>P\u0142atno\u015bci s\u0105 wa\u017cn\u0105 cz\u0119\u015bci\u0105 procesu, je\u015bli chodzi o gr\u0119 w loteri\u0119. Chcemy mie\u0107 pewno\u015b\u0107, \u017ce dostaniesz wszystkie swoje pieni\u0105dze, dlatego upewniamy si\u0119, \u017ce nie zostanie naliczona prowizja, gdy cokolwiek wygrasz.<\/p>\n<p>Nie zostaniesz r\u00f3wnie\u017c obci\u0105\u017cony \u017cadnymi op\u0142atami, chyba \u017ce zdecydujesz si\u0119 na przelew bankowy w celu przekazania pieni\u0119dzy na konto. W takim przypadku prawdopodobnie zostaniesz obci\u0105\u017cony op\u0142at\u0105 w wysoko\u015bci dowolnej op\u0142aty bankowej za przelew.<\/p>\n<p>W przeciwnym razie pami\u0119taj o tym:<\/p>\n<ul>\n<li>Je\u015bli wygrasz mniej ni\u017c 2500 EUR, pieni\u0105dze zostan\u0105 automatycznie przelane na Twoje konto. W og\u00f3le nie musisz si\u0119 o nic martwi\u0107<\/li>\n<li>Je\u015bli wygrasz wi\u0119cej ni\u017c 2500 EUR, pieni\u0105dze b\u0119d\u0105 musia\u0142y przej\u015b\u0107 przez odpowiednie kana\u0142y. Oznacza to, \u017ce otrzymasz od nas e-mail z informacj\u0105 o wype\u0142nieniu formularza reklamacyjnego z komisj\u0105 loterii. Nast\u0119pnie pieni\u0105dze zostan\u0105 przelane na Twoje konto bankowe lub wys\u0142ane czekiem bezpo\u015brednio do Ciebie.<\/li>\n<\/ul>\n","protected":false},"excerpt":{"rendered":"<p>Masz szcz\u0119\u015bcie, poniewa\u017c przeszli\u015bmy przez proces, kt\u00f3ry musisz zrobi\u0107, aby otrzyma\u0107 kupony Oz Lotto tutaj , a tak\u017ce z Polski. Ty mo\u017cesz \u0142atwo kupowa\u0107 online, wykonuj\u0105c tylko te proste kroki, kt\u00f3re dla Ciebie przygotowali\u015bmy. Przejd\u017a do strony loterii, w kt\u00f3r\u0105 chcesz zagra\u0107, i wybierz \u017c\u0105dane liczby. Albo pozw\u00f3l komputerowi wybra\u0107 dla Ciebie kilka liczb. Dodaj [&hellip;]<\/p>\n","protected":false},"author":1,"featured_media":0,"parent":3808,"menu_order":14,"comment_status":"closed","ping_status":"closed","template":"template-rightsidebar.php","meta":{"_et_pb_use_builder":"","_et_pb_old_content":"","_et_gb_content_width":"","exclude_from_search":false,"footnotes":""},"class_list":["post-12061","page","type-page","status-publish","hentry"],"yoast_head":"<!-- This site is optimized with the Yoast SEO plugin v23.4 - https:\/\/yoast.com\/wordpress\/plugins\/seo\/ -->\n<title>Otrzymywanie bilet\u00f3w na Oz Lotto online z Polski<\/title>\n<meta name=\"description\" content=\"Zdob\u0105d\u017a bilety na Australian Oz Lotto z Polski\" \/>\n<meta name=\"robots\" content=\"index, follow, max-snippet:-1, max-image-preview:large, max-video-preview:-1\" \/>\n<link rel=\"canonical\" href=\"https:\/\/onlinelotto365.com\/pl\/kup-bilety\/oz-lotto\/\" \/>\n<meta property=\"og:locale\" content=\"pl_PL\" \/>\n<meta property=\"og:type\" content=\"article\" \/>\n<meta property=\"og:title\" content=\"Otrzymywanie bilet\u00f3w na Oz Lotto online z Polski\" \/>\n<meta property=\"og:description\" content=\"Zdob\u0105d\u017a bilety na Australian Oz Lotto z Polski\" \/>\n<meta property=\"og:url\" content=\"https:\/\/onlinelotto365.com\/pl\/kup-bilety\/oz-lotto\/\" \/>\n<meta property=\"og:site_name\" content=\"OnlineLotto365\" \/>\n<meta property=\"article:modified_time\" content=\"2021-01-07T07:27:57+00:00\" \/>\n<meta property=\"og:image\" content=\"https:\/\/onlinelotto365.com\/wp-content\/uploads\/2020\/11\/online_lottery-4-300x300.jpg\" \/>\n<meta name=\"twitter:card\" content=\"summary_large_image\" \/>\n<meta name=\"twitter:label1\" content=\"Szacowany czas czytania\" \/>\n\t<meta name=\"twitter:data1\" content=\"3 minuty\" \/>\n<script type=\"application\/ld+json\" class=\"yoast-schema-graph\">{\"@context\":\"https:\/\/schema.org\",\"@graph\":[{\"@type\":\"WebPage\",\"@id\":\"https:\/\/onlinelotto365.com\/pl\/kup-bilety\/oz-lotto\/\",\"url\":\"https:\/\/onlinelotto365.com\/pl\/kup-bilety\/oz-lotto\/\",\"name\":\"Otrzymywanie bilet\u00f3w na Oz Lotto online z Polski\",\"isPartOf\":{\"@id\":\"https:\/\/onlinelotto365.com\/pl\/#website\"},\"primaryImageOfPage\":{\"@id\":\"https:\/\/onlinelotto365.com\/pl\/kup-bilety\/oz-lotto\/#primaryimage\"},\"image\":{\"@id\":\"https:\/\/onlinelotto365.com\/pl\/kup-bilety\/oz-lotto\/#primaryimage\"},\"thumbnailUrl\":\"https:\/\/onlinelotto365.com\/wp-content\/uploads\/2020\/11\/online_lottery-4-300x300.jpg\",\"datePublished\":\"2020-12-21T10:52:06+00:00\",\"dateModified\":\"2021-01-07T07:27:57+00:00\",\"description\":\"Zdob\u0105d\u017a bilety na Australian Oz Lotto z Polski\",\"breadcrumb\":{\"@id\":\"https:\/\/onlinelotto365.com\/pl\/kup-bilety\/oz-lotto\/#breadcrumb\"},\"inLanguage\":\"pl-PL\",\"potentialAction\":[{\"@type\":\"ReadAction\",\"target\":[\"https:\/\/onlinelotto365.com\/pl\/kup-bilety\/oz-lotto\/\"]}]},{\"@type\":\"ImageObject\",\"inLanguage\":\"pl-PL\",\"@id\":\"https:\/\/onlinelotto365.com\/pl\/kup-bilety\/oz-lotto\/#primaryimage\",\"url\":\"https:\/\/onlinelotto365.com\/wp-content\/uploads\/2020\/11\/online_lottery-4-300x300.jpg\",\"contentUrl\":\"https:\/\/onlinelotto365.com\/wp-content\/uploads\/2020\/11\/online_lottery-4-300x300.jpg\"},{\"@type\":\"BreadcrumbList\",\"@id\":\"https:\/\/onlinelotto365.com\/pl\/kup-bilety\/oz-lotto\/#breadcrumb\",\"itemListElement\":[{\"@type\":\"ListItem\",\"position\":1,\"name\":\"Home\",\"item\":\"https:\/\/onlinelotto365.com\/pl\/\"},{\"@type\":\"ListItem\",\"position\":2,\"name\":\"Dlaczego bardziej sensowne jest kupowanie bilet\u00f3w na loteri\u0119 online\",\"item\":\"https:\/\/onlinelotto365.com\/pl\/buy-tickets\/\"},{\"@type\":\"ListItem\",\"position\":3,\"name\":\"Jak kupi\u0107 bilety Oz Lotto online\"}]},{\"@type\":\"WebSite\",\"@id\":\"https:\/\/onlinelotto365.com\/pl\/#website\",\"url\":\"https:\/\/onlinelotto365.com\/pl\/\",\"name\":\"OnlineLotto365\",\"description\":\"\",\"potentialAction\":[{\"@type\":\"SearchAction\",\"target\":{\"@type\":\"EntryPoint\",\"urlTemplate\":\"https:\/\/onlinelotto365.com\/pl\/?s={search_term_string}\"},\"query-input\":{\"@type\":\"PropertyValueSpecification\",\"valueRequired\":true,\"valueName\":\"search_term_string\"}}],\"inLanguage\":\"pl-PL\"}]}<\/script>\n<!-- \/ Yoast SEO plugin. -->","yoast_head_json":{"title":"Otrzymywanie bilet\u00f3w na Oz Lotto online z Polski","description":"Zdob\u0105d\u017a bilety na Australian Oz Lotto z Polski","robots":{"index":"index","follow":"follow","max-snippet":"max-snippet:-1","max-image-preview":"max-image-preview:large","max-video-preview":"max-video-preview:-1"},"canonical":"https:\/\/onlinelotto365.com\/pl\/kup-bilety\/oz-lotto\/","og_locale":"pl_PL","og_type":"article","og_title":"Otrzymywanie bilet\u00f3w na Oz Lotto online z Polski","og_description":"Zdob\u0105d\u017a bilety na Australian Oz Lotto z Polski","og_url":"https:\/\/onlinelotto365.com\/pl\/kup-bilety\/oz-lotto\/","og_site_name":"OnlineLotto365","article_modified_time":"2021-01-07T07:27:57+00:00","og_image":[{"url":"https:\/\/onlinelotto365.com\/wp-content\/uploads\/2020\/11\/online_lottery-4-300x300.jpg"}],"twitter_card":"summary_large_image","twitter_misc":{"Szacowany czas czytania":"3 minuty"},"schema":{"@context":"https:\/\/schema.org","@graph":[{"@type":"WebPage","@id":"https:\/\/onlinelotto365.com\/pl\/kup-bilety\/oz-lotto\/","url":"https:\/\/onlinelotto365.com\/pl\/kup-bilety\/oz-lotto\/","name":"Otrzymywanie bilet\u00f3w na Oz Lotto online z Polski","isPartOf":{"@id":"https:\/\/onlinelotto365.com\/pl\/#website"},"primaryImageOfPage":{"@id":"https:\/\/onlinelotto365.com\/pl\/kup-bilety\/oz-lotto\/#primaryimage"},"image":{"@id":"https:\/\/onlinelotto365.com\/pl\/kup-bilety\/oz-lotto\/#primaryimage"},"thumbnailUrl":"https:\/\/onlinelotto365.com\/wp-content\/uploads\/2020\/11\/online_lottery-4-300x300.jpg","datePublished":"2020-12-21T10:52:06+00:00","dateModified":"2021-01-07T07:27:57+00:00","description":"Zdob\u0105d\u017a bilety na Australian Oz Lotto z Polski","breadcrumb":{"@id":"https:\/\/onlinelotto365.com\/pl\/kup-bilety\/oz-lotto\/#breadcrumb"},"inLanguage":"pl-PL","potentialAction":[{"@type":"ReadAction","target":["https:\/\/onlinelotto365.com\/pl\/kup-bilety\/oz-lotto\/"]}]},{"@type":"ImageObject","inLanguage":"pl-PL","@id":"https:\/\/onlinelotto365.com\/pl\/kup-bilety\/oz-lotto\/#primaryimage","url":"https:\/\/onlinelotto365.com\/wp-content\/uploads\/2020\/11\/online_lottery-4-300x300.jpg","contentUrl":"https:\/\/onlinelotto365.com\/wp-content\/uploads\/2020\/11\/online_lottery-4-300x300.jpg"},{"@type":"BreadcrumbList","@id":"https:\/\/onlinelotto365.com\/pl\/kup-bilety\/oz-lotto\/#breadcrumb","itemListElement":[{"@type":"ListItem","position":1,"name":"Home","item":"https:\/\/onlinelotto365.com\/pl\/"},{"@type":"ListItem","position":2,"name":"Dlaczego bardziej sensowne jest kupowanie bilet\u00f3w na loteri\u0119 online","item":"https:\/\/onlinelotto365.com\/pl\/buy-tickets\/"},{"@type":"ListItem","position":3,"name":"Jak kupi\u0107 bilety Oz Lotto online"}]},{"@type":"WebSite","@id":"https:\/\/onlinelotto365.com\/pl\/#website","url":"https:\/\/onlinelotto365.com\/pl\/","name":"OnlineLotto365","description":"","potentialAction":[{"@type":"SearchAction","target":{"@type":"EntryPoint","urlTemplate":"https:\/\/onlinelotto365.com\/pl\/?s={search_term_string}"},"query-input":{"@type":"PropertyValueSpecification","valueRequired":true,"valueName":"search_term_string"}}],"inLanguage":"pl-PL"}]}},"_links":{"self":[{"href":"https:\/\/onlinelotto365.com\/pl\/wp-json\/wp\/v2\/pages\/12061","targetHints":{"allow":["GET"]}}],"collection":[{"href":"https:\/\/onlinelotto365.com\/pl\/wp-json\/wp\/v2\/pages"}],"about":[{"href":"https:\/\/onlinelotto365.com\/pl\/wp-json\/wp\/v2\/types\/page"}],"author":[{"embeddable":true,"href":"https:\/\/onlinelotto365.com\/pl\/wp-json\/wp\/v2\/users\/1"}],"replies":[{"embeddable":true,"href":"https:\/\/onlinelotto365.com\/pl\/wp-json\/wp\/v2\/comments?post=12061"}],"version-history":[{"count":0,"href":"https:\/\/onlinelotto365.com\/pl\/wp-json\/wp\/v2\/pages\/12061\/revisions"}],"up":[{"embeddable":true,"href":"https:\/\/onlinelotto365.com\/pl\/wp-json\/wp\/v2\/pages\/3808"}],"wp:attachment":[{"href":"https:\/\/onlinelotto365.com\/pl\/wp-json\/wp\/v2\/media?parent=12061"}],"curies":[{"name":"wp","href":"https:\/\/api.w.org\/{rel}","templated":true}]}}