{"id":12063,"date":"2020-12-21T11:52:59","date_gmt":"2020-12-21T10:52:59","guid":{"rendered":"http:\/\/onlinelotto365.net\/?page_id=12063"},"modified":"2021-01-07T08:28:10","modified_gmt":"2021-01-07T07:28:10","slug":"saturday-lotto-australia","status":"publish","type":"page","link":"https:\/\/onlinelotto365.com\/pl\/kup-bilety\/saturday-lotto-australia\/","title":{"rendered":"Jak kupi\u0107 bilety na Saturday Lotto Australia online"},"content":{"rendered":"<p>Je\u015bli nie by\u0142e\u015b pewien, jak kupi\u0107 losy Saturday Lotto Polska przez Internet, zajrzyj do tego <strong> przewodnika krok po kroku, kt\u00f3ry pomo\u017ce Ci szybko si\u0119 tam dosta\u0107 <\/strong>. Nie musisz si\u0119 o nic martwi\u0107, poniewa\u017c pomo\u017cemy Ci.<\/p>\n<ul>\n<li>Przejd\u017a do strony Saturday Lotto Australia i wybierz liczby, kt\u00f3re chcesz zagra\u0107 na ka\u017cdym ze swoich kupon\u00f3w<\/li>\n<li>Dodaj wi\u0119cej bilet\u00f3w na t\u0119 sam\u0105 gr\u0119 lub na r\u00f3\u017cne gry<\/li>\n<li>Przejd\u017a do opcji zap\u0142a\u0107 teraz<\/li>\n<li>Zaloguj si\u0119 na swoje obecne konto lub wybierz opcj\u0119 rejestracji w celu uzyskania nowego konta i post\u0119puj zgodnie z wy\u015bwietlanymi instrukcjami<\/li>\n<li>W przypadku nowych kont sprawd\u017a, czy w skrzynce odbiorczej znajduje si\u0119 wiadomo\u015b\u0107 e-mail z potwierdzeniem z linkiem weryfikacyjnym<\/li>\n<li>Sprawd\u017a folder ze spamem, je\u015bli nie widzisz wiadomo\u015bci e-mail z potwierdzeniem, i kliknij link<\/li>\n<li>Przejd\u017a do koszyka<\/li>\n<li>Wybierz opcj\u0119 p\u0142atno\u015bci, kt\u00f3rej chcesz u\u017cy\u0107, i przejd\u017a przez proces p\u0142atno\u015bci<\/li>\n<\/ul>\n<p><a href=\"https:\/\/redfoxlotto.com\/pl\/saturday-lotto-au\/?ref=a8564250a2&amp;medium=ol365\" target=\"_blank\" rel=\"noopener noreferrer\"> <img decoding=\"async\" class=\"aligncenter\" src=\"https:\/\/redfoxlotto.com\/image?size=8&amp;lottery=saturday-lotto-au\" alt=\"Saturday Lotto Australia\" \/> <\/a><\/p>\n<h2>Jak zap\u0142aci\u0107 za sw\u00f3j Saturday Lotto Australiaticket online<\/h2>\n<p>Mo\u017cesz skorzysta\u0107 z jednej z <strong> wielu r\u00f3\u017cnych bezpiecznych opcji p\u0142atno\u015bci <\/strong>, gdy b\u0119dziesz gotowy do zakupu kolejnych los\u00f3w na loteri\u0119 z Polski.<br \/>\nWybierz jedn\u0105 z tych r\u00f3\u017cnych opcji:<\/p>\n<ul>\n<li>Zap\u0142a\u0107 za zam\u00f3wienie bezpo\u015brednio za pomoc\u0105 preferowanej metody p\u0142atno\u015bci<\/li>\n<li>Wp\u0142a\u0107 pieni\u0105dze na swoje konto i wykorzystaj je do zakupu bilet\u00f3w<\/li>\n<\/ul>\n<p>Je\u015bli zdecydujesz si\u0119 przela\u0107 pieni\u0105dze na swoje konto, upewnij si\u0119, \u017ce do\u0142adujesz wi\u0119cej ni\u017c wystarczaj\u0105c\u0105 ilo\u015b\u0107 pieni\u0119dzy na zakup.<\/p>\n<h2>Wi\u0119cej informacji o Saturday Lotto Australia<\/h2>\n<ul>\n<li>Kraj: Australia<\/li>\n<li>G\u0142\u00f3wny zakres liczb: 45<\/li>\n<li>Wybierasz: 6<\/li>\n<li>Dni losowania, godziny: sobota, 21:30 GMT + 11, 10:30 CET<\/li>\n<li>Minimalny jackpot: 5 milion\u00f3w AU $<\/li>\n<li>Maksymalny jackpot: 150 milion\u00f3w AU $<\/li>\n<li>Prawdopodobie\u0144stwo wygrania jackpota: 1 do 8145060<\/li>\n<li>Prawdopodobie\u0144stwo wygranej 2 poziomu: 1 do 678755<\/li>\n<li>Prawdopodobie\u0144stwo wygranej na dowolnym poziomie: 1 na 85,44<\/li>\n<li>Liczba poziom\u00f3w nagr\u00f3d: 6<\/li>\n<\/ul>\n<h2>Zalety kupowania los\u00f3w Saturday Lotto Australia przez Internet<\/h2>\n<ul>\n<li>Kup bilety, kt\u00f3re chcesz i nigdy nie musisz wychodzi\u0107 za drzwi<img loading=\"lazy\" decoding=\"async\" class=\"size-full wp-image-51233 alignright\" src=\"https:\/\/onlinelotto365.com\/wp-content\/uploads\/2021\/01\/online_lottery-143-150x150-1.jpg\" alt=\"kup bilety sobota lotto online \" width=\"150\" height=\"150\" srcset=\"https:\/\/onlinelotto365.com\/wp-content\/uploads\/2021\/01\/online_lottery-143-150x150-1.jpg 150w, https:\/\/onlinelotto365.com\/wp-content\/uploads\/2021\/01\/online_lottery-143-150x150-1-100x100.jpg 100w\" sizes=\"auto, (max-width: 150px) 100vw, 150px\" \/><\/li>\n<li>Wybieraj spo\u015br\u00f3d wielu r\u00f3\u017cnych gier loteryjnych<\/li>\n<li>Uzyskaj <strong> wi\u0119ksz\u0105 szans\u0119 na wygran\u0105 <\/strong>, graj\u0105c po najwi\u0119ksze jackpoty<\/li>\n<li>Wp\u0142a\u0107 pieni\u0105dze na konto, a nast\u0119pnie zap\u0142a\u0107 za bilety<\/li>\n<li>Z \u0142atwo\u015bci\u0105 \u015bled\u017a swoje bilety<\/li>\n<li>Otrzymuj powiadomienia o wygranej za ka\u017cdym razem<\/li>\n<li>U\u017cyj szybkiego wybierania, aby zdoby\u0107 bilety bez wybierania numer\u00f3w<\/li>\n<\/ul>\n<h2>Czy kupowanie bilet\u00f3w Saturday Lotto Australia przez Internet jest legalne?<\/h2>\n<p>Mo\u017cesz si\u0119 denerwowa\u0107, czy kupowa\u0107 losy na loteri\u0119 w ten spos\u00f3b <strong> b\u0119d\u0105c mieszka\u0144cem Polski <\/strong>, czy jest to rzeczywi\u015bcie legalne w Twoim kraju zamieszkania. C\u00f3\u017c, nie musisz si\u0119 martwi\u0107, poniewa\u017c dbamy o to, aby wszystko by\u0142o legalne w kraju, w kt\u00f3rym kupowane s\u0105 losy, w tym w kraju, w kt\u00f3rym znajduje si\u0119 loteria. Nie musisz si\u0119 o nic martwi\u0107, ale upewniaj\u0105c si\u0119, \u017ce jeste\u015b wystarczaj\u0105co doros\u0142y, aby kupi\u0107 bilety. Aby korzysta\u0107 z naszej witryny, musisz mie\u0107 uko\u0144czone 18 lat.<\/p>\n<h2>Jak otrzymam zap\u0142at\u0119, je\u015bli wygram online Saturday Lotto Australia?<\/h2>\n<p>Wiemy, \u017ce nie chcesz, aby ktokolwiek mia\u0142 udzia\u0142 w Twoich wygranych, dlatego upewniamy si\u0119, \u017ce tego nie robimy. Nigdy nie zap\u0142acisz nam prowizji, gdy wygrasz swoje ulubione gry loteryjne. Nie musisz te\u017c martwi\u0107 si\u0119 o wyp\u0142acenie nam prowizji od wygranych.<\/p>\n<p>Op\u0142at\u0119 mo\u017cesz ui\u015bci\u0107 tylko wtedy, gdy zdecydujesz si\u0119, na przyk\u0142ad, zdeponowa\u0107 swoje <a href=\"https:\/\/onlinelotto365.com\/pl\/news\/ktore-loterie-maja-najwieksze-szanse-na-wygrana\"> wygrane z loterii <\/a> przelewem bankowym do banku w Polsce. Te przelewy mog\u0105 czasami wi\u0105za\u0107 si\u0119 z naliczeniem op\u0142at, poniewa\u017c banki pobieraj\u0105 op\u0142aty za przelewy mi\u0119dzynarodowe. Ta op\u0142ata mo\u017ce zosta\u0107 przeniesiona na Ciebie i odj\u0119ta od wygranych przez Ciebie wygranych.<br \/>\n<strong> Je\u015bli chodzi o otrzymywanie p\u0142atno\u015bci, pami\u0119taj tylko: <\/strong><\/p>\n<ul>\n<li>P\u0142atno\u015bci poni\u017cej 2500 EUR s\u0105 przelewane na Twoje konto. Nie musisz nic robi\u0107, poniewa\u017c zrobimy to wszystko za Ciebie.<\/li>\n<li>P\u0142atno\u015bci powy\u017cej 2500 EUR s\u0105 wyp\u0142acane przelewem bankowym lub czekiem. Nasz zesp\u00f3\u0142 pomocy skontaktuje si\u0119 z Tob\u0105, aby wype\u0142ni\u0107 formularz, w kt\u00f3rym dowiemy si\u0119, jak przekaza\u0107 Ci pieni\u0105dze. Nast\u0119pnie musisz poczeka\u0107 kilka dni, a\u017c si\u0119 pojawi.<\/li>\n<\/ul>\n","protected":false},"excerpt":{"rendered":"<p>Je\u015bli nie by\u0142e\u015b pewien, jak kupi\u0107 losy Saturday Lotto Polska przez Internet, zajrzyj do tego przewodnika krok po kroku, kt\u00f3ry pomo\u017ce Ci szybko si\u0119 tam dosta\u0107 . Nie musisz si\u0119 o nic martwi\u0107, poniewa\u017c pomo\u017cemy Ci. Przejd\u017a do strony Saturday Lotto Australia i wybierz liczby, kt\u00f3re chcesz zagra\u0107 na ka\u017cdym ze swoich kupon\u00f3w Dodaj wi\u0119cej [&hellip;]<\/p>\n","protected":false},"author":1,"featured_media":0,"parent":3808,"menu_order":15,"comment_status":"closed","ping_status":"closed","template":"saturday-lotto-info.php","meta":{"_et_pb_use_builder":"","_et_pb_old_content":"","_et_gb_content_width":"","exclude_from_search":false,"footnotes":""},"class_list":["post-12063","page","type-page","status-publish","hentry"],"yoast_head":"<!-- This site is optimized with the Yoast SEO plugin v23.4 - https:\/\/yoast.com\/wordpress\/plugins\/seo\/ -->\n<title>Jak zdoby\u0107 bilety na Saturday Lotto Australia, je\u015bli jeste\u015b mieszka\u0144cem Polski?<\/title>\n<meta name=\"description\" content=\"Mieszka\u0144cy Polski mog\u0105 teraz zakupi\u0107 bilety na sobotnie lotto do Australii\" \/>\n<meta name=\"robots\" content=\"index, follow, max-snippet:-1, max-image-preview:large, max-video-preview:-1\" \/>\n<link rel=\"canonical\" href=\"https:\/\/onlinelotto365.com\/pl\/kup-bilety\/saturday-lotto-australia\/\" \/>\n<meta property=\"og:locale\" content=\"pl_PL\" \/>\n<meta property=\"og:type\" content=\"article\" \/>\n<meta property=\"og:title\" content=\"Jak zdoby\u0107 bilety na Saturday Lotto Australia, je\u015bli jeste\u015b mieszka\u0144cem Polski?\" \/>\n<meta property=\"og:description\" content=\"Mieszka\u0144cy Polski mog\u0105 teraz zakupi\u0107 bilety na sobotnie lotto do Australii\" \/>\n<meta property=\"og:url\" content=\"https:\/\/onlinelotto365.com\/pl\/kup-bilety\/saturday-lotto-australia\/\" \/>\n<meta property=\"og:site_name\" content=\"OnlineLotto365\" \/>\n<meta property=\"article:modified_time\" content=\"2021-01-07T07:28:10+00:00\" \/>\n<meta property=\"og:image\" content=\"https:\/\/redfoxlotto.com\/image?size=8&amp;lottery=saturday-lotto-au\" \/>\n<meta name=\"twitter:card\" content=\"summary_large_image\" \/>\n<meta name=\"twitter:label1\" content=\"Szacowany czas czytania\" \/>\n\t<meta name=\"twitter:data1\" content=\"3 minuty\" \/>\n<script type=\"application\/ld+json\" class=\"yoast-schema-graph\">{\"@context\":\"https:\/\/schema.org\",\"@graph\":[{\"@type\":\"WebPage\",\"@id\":\"https:\/\/onlinelotto365.com\/pl\/kup-bilety\/saturday-lotto-australia\/\",\"url\":\"https:\/\/onlinelotto365.com\/pl\/kup-bilety\/saturday-lotto-australia\/\",\"name\":\"Jak zdoby\u0107 bilety na Saturday Lotto Australia, je\u015bli jeste\u015b mieszka\u0144cem Polski?\",\"isPartOf\":{\"@id\":\"https:\/\/onlinelotto365.com\/pl\/#website\"},\"primaryImageOfPage\":{\"@id\":\"https:\/\/onlinelotto365.com\/pl\/kup-bilety\/saturday-lotto-australia\/#primaryimage\"},\"image\":{\"@id\":\"https:\/\/onlinelotto365.com\/pl\/kup-bilety\/saturday-lotto-australia\/#primaryimage\"},\"thumbnailUrl\":\"https:\/\/redfoxlotto.com\/image?size=8&amp;lottery=saturday-lotto-au\",\"datePublished\":\"2020-12-21T10:52:59+00:00\",\"dateModified\":\"2021-01-07T07:28:10+00:00\",\"description\":\"Mieszka\u0144cy Polski mog\u0105 teraz zakupi\u0107 bilety na sobotnie lotto do Australii\",\"breadcrumb\":{\"@id\":\"https:\/\/onlinelotto365.com\/pl\/kup-bilety\/saturday-lotto-australia\/#breadcrumb\"},\"inLanguage\":\"pl-PL\",\"potentialAction\":[{\"@type\":\"ReadAction\",\"target\":[\"https:\/\/onlinelotto365.com\/pl\/kup-bilety\/saturday-lotto-australia\/\"]}]},{\"@type\":\"ImageObject\",\"inLanguage\":\"pl-PL\",\"@id\":\"https:\/\/onlinelotto365.com\/pl\/kup-bilety\/saturday-lotto-australia\/#primaryimage\",\"url\":\"https:\/\/redfoxlotto.com\/image?size=8&amp;lottery=saturday-lotto-au\",\"contentUrl\":\"https:\/\/redfoxlotto.com\/image?size=8&amp;lottery=saturday-lotto-au\"},{\"@type\":\"BreadcrumbList\",\"@id\":\"https:\/\/onlinelotto365.com\/pl\/kup-bilety\/saturday-lotto-australia\/#breadcrumb\",\"itemListElement\":[{\"@type\":\"ListItem\",\"position\":1,\"name\":\"Home\",\"item\":\"https:\/\/onlinelotto365.com\/pl\/\"},{\"@type\":\"ListItem\",\"position\":2,\"name\":\"Dlaczego bardziej sensowne jest kupowanie bilet\u00f3w na loteri\u0119 online\",\"item\":\"https:\/\/onlinelotto365.com\/pl\/buy-tickets\/\"},{\"@type\":\"ListItem\",\"position\":3,\"name\":\"Jak kupi\u0107 bilety na Saturday Lotto Australia online\"}]},{\"@type\":\"WebSite\",\"@id\":\"https:\/\/onlinelotto365.com\/pl\/#website\",\"url\":\"https:\/\/onlinelotto365.com\/pl\/\",\"name\":\"OnlineLotto365\",\"description\":\"\",\"potentialAction\":[{\"@type\":\"SearchAction\",\"target\":{\"@type\":\"EntryPoint\",\"urlTemplate\":\"https:\/\/onlinelotto365.com\/pl\/?s={search_term_string}\"},\"query-input\":{\"@type\":\"PropertyValueSpecification\",\"valueRequired\":true,\"valueName\":\"search_term_string\"}}],\"inLanguage\":\"pl-PL\"}]}<\/script>\n<!-- \/ Yoast SEO plugin. -->","yoast_head_json":{"title":"Jak zdoby\u0107 bilety na Saturday Lotto Australia, je\u015bli jeste\u015b mieszka\u0144cem Polski?","description":"Mieszka\u0144cy Polski mog\u0105 teraz zakupi\u0107 bilety na sobotnie lotto do Australii","robots":{"index":"index","follow":"follow","max-snippet":"max-snippet:-1","max-image-preview":"max-image-preview:large","max-video-preview":"max-video-preview:-1"},"canonical":"https:\/\/onlinelotto365.com\/pl\/kup-bilety\/saturday-lotto-australia\/","og_locale":"pl_PL","og_type":"article","og_title":"Jak zdoby\u0107 bilety na Saturday Lotto Australia, je\u015bli jeste\u015b mieszka\u0144cem Polski?","og_description":"Mieszka\u0144cy Polski mog\u0105 teraz zakupi\u0107 bilety na sobotnie lotto do Australii","og_url":"https:\/\/onlinelotto365.com\/pl\/kup-bilety\/saturday-lotto-australia\/","og_site_name":"OnlineLotto365","article_modified_time":"2021-01-07T07:28:10+00:00","og_image":[{"url":"https:\/\/redfoxlotto.com\/image?size=8&amp;lottery=saturday-lotto-au"}],"twitter_card":"summary_large_image","twitter_misc":{"Szacowany czas czytania":"3 minuty"},"schema":{"@context":"https:\/\/schema.org","@graph":[{"@type":"WebPage","@id":"https:\/\/onlinelotto365.com\/pl\/kup-bilety\/saturday-lotto-australia\/","url":"https:\/\/onlinelotto365.com\/pl\/kup-bilety\/saturday-lotto-australia\/","name":"Jak zdoby\u0107 bilety na Saturday Lotto Australia, je\u015bli jeste\u015b mieszka\u0144cem Polski?","isPartOf":{"@id":"https:\/\/onlinelotto365.com\/pl\/#website"},"primaryImageOfPage":{"@id":"https:\/\/onlinelotto365.com\/pl\/kup-bilety\/saturday-lotto-australia\/#primaryimage"},"image":{"@id":"https:\/\/onlinelotto365.com\/pl\/kup-bilety\/saturday-lotto-australia\/#primaryimage"},"thumbnailUrl":"https:\/\/redfoxlotto.com\/image?size=8&amp;lottery=saturday-lotto-au","datePublished":"2020-12-21T10:52:59+00:00","dateModified":"2021-01-07T07:28:10+00:00","description":"Mieszka\u0144cy Polski mog\u0105 teraz zakupi\u0107 bilety na sobotnie lotto do Australii","breadcrumb":{"@id":"https:\/\/onlinelotto365.com\/pl\/kup-bilety\/saturday-lotto-australia\/#breadcrumb"},"inLanguage":"pl-PL","potentialAction":[{"@type":"ReadAction","target":["https:\/\/onlinelotto365.com\/pl\/kup-bilety\/saturday-lotto-australia\/"]}]},{"@type":"ImageObject","inLanguage":"pl-PL","@id":"https:\/\/onlinelotto365.com\/pl\/kup-bilety\/saturday-lotto-australia\/#primaryimage","url":"https:\/\/redfoxlotto.com\/image?size=8&amp;lottery=saturday-lotto-au","contentUrl":"https:\/\/redfoxlotto.com\/image?size=8&amp;lottery=saturday-lotto-au"},{"@type":"BreadcrumbList","@id":"https:\/\/onlinelotto365.com\/pl\/kup-bilety\/saturday-lotto-australia\/#breadcrumb","itemListElement":[{"@type":"ListItem","position":1,"name":"Home","item":"https:\/\/onlinelotto365.com\/pl\/"},{"@type":"ListItem","position":2,"name":"Dlaczego bardziej sensowne jest kupowanie bilet\u00f3w na loteri\u0119 online","item":"https:\/\/onlinelotto365.com\/pl\/buy-tickets\/"},{"@type":"ListItem","position":3,"name":"Jak kupi\u0107 bilety na Saturday Lotto Australia online"}]},{"@type":"WebSite","@id":"https:\/\/onlinelotto365.com\/pl\/#website","url":"https:\/\/onlinelotto365.com\/pl\/","name":"OnlineLotto365","description":"","potentialAction":[{"@type":"SearchAction","target":{"@type":"EntryPoint","urlTemplate":"https:\/\/onlinelotto365.com\/pl\/?s={search_term_string}"},"query-input":{"@type":"PropertyValueSpecification","valueRequired":true,"valueName":"search_term_string"}}],"inLanguage":"pl-PL"}]}},"_links":{"self":[{"href":"https:\/\/onlinelotto365.com\/pl\/wp-json\/wp\/v2\/pages\/12063","targetHints":{"allow":["GET"]}}],"collection":[{"href":"https:\/\/onlinelotto365.com\/pl\/wp-json\/wp\/v2\/pages"}],"about":[{"href":"https:\/\/onlinelotto365.com\/pl\/wp-json\/wp\/v2\/types\/page"}],"author":[{"embeddable":true,"href":"https:\/\/onlinelotto365.com\/pl\/wp-json\/wp\/v2\/users\/1"}],"replies":[{"embeddable":true,"href":"https:\/\/onlinelotto365.com\/pl\/wp-json\/wp\/v2\/comments?post=12063"}],"version-history":[{"count":0,"href":"https:\/\/onlinelotto365.com\/pl\/wp-json\/wp\/v2\/pages\/12063\/revisions"}],"up":[{"embeddable":true,"href":"https:\/\/onlinelotto365.com\/pl\/wp-json\/wp\/v2\/pages\/3808"}],"wp:attachment":[{"href":"https:\/\/onlinelotto365.com\/pl\/wp-json\/wp\/v2\/media?parent=12063"}],"curies":[{"name":"wp","href":"https:\/\/api.w.org\/{rel}","templated":true}]}}