{"id":12065,"date":"2020-12-21T11:54:02","date_gmt":"2020-12-21T10:54:02","guid":{"rendered":"http:\/\/onlinelotto365.net\/?page_id=12065"},"modified":"2021-01-07T08:28:26","modified_gmt":"2021-01-07T07:28:26","slug":"mon-wed-lotto-australia","status":"publish","type":"page","link":"https:\/\/onlinelotto365.com\/pl\/kup-bilety\/mon-wed-lotto-australia\/","title":{"rendered":"Jak kupi\u0107 Mon &#038; Wed Lotto Australia bilety online"},"content":{"rendered":"<p>Opisali\u015bmy r\u00f3\u017cne kroki, kt\u00f3re nale\u017cy wykona\u0107, je\u015bli <strong> chcesz kupi\u0107 Mon &amp; amp; Bilety Wed Lotto Australia <\/strong> z naszej strony internetowej. To proste i \u0142atwe, a kiedy wykonasz te kroki, oka\u017ce si\u0119, \u017ce masz bilety gotowe, by jecha\u0107 szybko.<\/p>\n<ul>\n<li>Przejd\u017a do strony <a href=\"https:\/\/onlinelotto365.com\/pl\/kup-bilety\"> loterii, w kt\u00f3r\u0105 chcesz zagra\u0107 <\/a> i wybierz liczby, kt\u00f3re zamierzasz gra\u0107 na ka\u017cdym kuponie<\/li>\n<li>Dodaj tyle bilet\u00f3w na t\u0119 lub inn\u0105 gr\u0119, ile chcesz z\u0142o\u017cy\u0107 zam\u00f3wienie<\/li>\n<li>Wybierz opcj\u0119 zap\u0142aty teraz<\/li>\n<li>Zaloguj si\u0119 na swoje obecne konto lub przejd\u017a przez proces tworzenia nowego konta i rejestracji go<\/li>\n<li>Przejd\u017a do swojego adresu e-mail, aby uzyska\u0107 link weryfikacyjny umo\u017cliwiaj\u0105cy zarejestrowanie konta i dokonanie zakupu<\/li>\n<li>Sprawd\u017a folder ze spamem, aby zobaczy\u0107, czy e-mail nie zosta\u0142 tam przez pomy\u0142k\u0119 wys\u0142any, je\u015bli nie widzisz go w swojej skrzynce odbiorczej<\/li>\n<li>Przejd\u017a przez proces p\u0142atno\u015bci w koszyku<\/li>\n<li>Wybierz metod\u0119 p\u0142atno\u015bci, kt\u00f3rej chcesz u\u017cy\u0107, i post\u0119puj zgodnie z instrukcjami, aby przetworzy\u0107 p\u0142atno\u015b\u0107<\/li>\n<\/ul>\n<p><a href=\"https:\/\/redfoxlotto.com\/pl\/graj\/monday-wednesday-lotto-au\/?ref=a8564250a2&amp;medium=ol365\" target=\"_blank\" rel=\"noopener noreferrer\"> <img decoding=\"async\" class=\"aligncenter\" src=\"https:\/\/redfoxlotto.com\/image?size=8&amp;lottery=monday-wednesday-lotto-au\" alt=\"Mon &amp; Wed Lotto Australia\" \/> <\/a><\/p>\n<h2>Jak zap\u0142aci\u0107 za Mon &amp; amp; Kupon Wed Lotto Australia online<\/h2>\n<p>Je\u015bli chodzi o dokonywanie p\u0142atno\u015bci, masz kilka r\u00f3\u017cnych, ca\u0142kowicie bezpiecznych opcji. Wystarczy zajrze\u0107 tutaj i zobaczy\u0107, jakie b\u0119d\u0105 niekt\u00f3re z tych opcji.<br \/>\nZdob\u0105d\u017a bilety, wybieraj\u0105c jedn\u0105 z dw\u00f3ch opcji:<\/p>\n<ul>\n<li>Zap\u0142a\u0107 bezpo\u015brednio przy u\u017cyciu wybranej metody p\u0142atno\u015bci<\/li>\n<li>Dodaj pieni\u0105dze do konta gracza i u\u017cywaj tego konta do zakupu bilet\u00f3w<\/li>\n<\/ul>\n<p>Nie pope\u0142nij b\u0142\u0119du i nie wp\u0142acaj zbyt ma\u0142ej kwoty na swoje konto, aby zap\u0142aci\u0107 za bilety. Potrzebujesz troch\u0119 wi\u0119cej ni\u017c kwota w Twoim koszyku.<\/p>\n<h2>Wi\u0119cej informacji o Mon &amp; amp; Wed Lotto Australia<\/h2>\n<ul>\n<li>Kraj: Australia<\/li>\n<li>G\u0142\u00f3wny zakres liczb: 45<\/li>\n<li>Wybierasz: 6<\/li>\n<li>Dni losowania i godziny: poniedzia\u0142ek, \u015broda, 21:30 GMT + 11, 10:30 CET<\/li>\n<li>Minimalny jackpot: 2,5 miliona AU $<\/li>\n<li>Maksymalny jackpot: ustalony jackpot<\/li>\n<li>Prawdopodobie\u0144stwo wygrania jackpota: 1 do 8145060<\/li>\n<li>Prawdopodobie\u0144stwo wygranej 2 poziomu: 1 do 678755<\/li>\n<li>Prawdopodobie\u0144stwo wygranej na dowolnym poziomie: 1 na 85,44<\/li>\n<li>Liczba poziom\u00f3w nagr\u00f3d: 6<\/li>\n<\/ul>\n<h2>Zalety zakupu Mon &amp; amp; Bilety Wed Lotto Australia online<\/h2>\n<ul>\n<li>Kupuj losy lotto z domu, bez martwienia si\u0119 o wyj\u015bcie<\/li>\n<li>Wybierz spo\u015br\u00f3d wszystkich swoich ulubionych bilet\u00f3w, a nast\u0119pnie niekt\u00f3re<\/li>\n<li>Uzyskaj <a href=\"https:\/\/onlinelotto365.com\/pl\/news\/ktore-loterie-maja-najwieksze-szanse-na-wygrana\"> lepsze kursy, wybieraj\u0105c gry z najwy\u017cszym jackpotem <\/a>.<\/li>\n<li>Wykorzystaj saldo swojego konta, aby kupowa\u0107 bilety, wp\u0142acaj\u0105c pieni\u0105dze<\/li>\n<li>\u015aled\u017a swoje bilety za po\u015brednictwem konta internetowego<\/li>\n<li>Otrzymuj powiadomienia o zwyci\u0119skim kuponie<\/li>\n<li>Skorzystaj z generatora liczb losowych, aby wybra\u0107 dla siebie bilety<\/li>\n<\/ul>\n<h2>Czy kupowanie Mon &amp; amp; Czy masz kupony Lotto Australia online? <img decoding=\"async\" class=\"alignright wp-image-3685\" src=\"https:\/\/onlinelotto365.com\/wp-content\/uploads\/2020\/11\/online_lottery-4-300x192.jpeg\" alt=\" Mon wed lotto Australia online \" width=\" 255 \" height=\" 163 \" srcset=\"https:\/\/onlinelotto365.com\/wp-content\/uploads\/2020\/11\/online_lottery-4-300x192.jpeg 300w, https:\/\/onlinelotto365.com\/wp-content\/uploads\/2020\/11\/online_lottery-4-600x383.jpeg 600w, https:\/\/onlinelotto365.com\/wp-content\/uploads\/2020\/11\/online_lottery-4.jpeg 751w\" sizes=\"(max-width: 300px) 100vw, 300px\" \/><\/h2>\n<p>Wiele os\u00f3b obawia si\u0119, \u017ce kupowanie bilet\u00f3w przez Internet jest nielegalne lub \u017ce kupowanie ich w tradycyjny spos\u00f3b mo\u017ce by\u0107 nielegalne w ich kraju. C\u00f3\u017c, upewniamy si\u0119, \u017ce przestrzegane s\u0105 wszystkie przepisy obowi\u0105zuj\u0105ce w kraju, z kt\u00f3rego pochodzi loteria. Dopilnujemy, aby\u015b r\u00f3wnie\u017c wygra\u0142 na loterii. Niezale\u017cnie od tego, czy wygrasz ma\u0142\u0105, czy du\u017c\u0105 nagrod\u0119, pomo\u017cemy Ci znale\u017a\u0107 to, czego szukasz i do czego masz prawo.<br \/>\nWszyscy u\u017cytkownicy naszej witryny musz\u0105 mie\u0107 <a href=\"https:\/\/onlinelotto365.com\/pl\/news\/minimalny-wiek-do-kupowania-losow-na-loterie\"> co najmniej 18 lat <\/a>.<\/p>\n<h2>Jak otrzymam zap\u0142at\u0119, je\u015bli wygram Mon &amp; amp; Czy Lotto Australia jest online?<\/h2>\n<p>Zdobycie wygranych dla naszych klient\u00f3w w Polsce lub w innych cz\u0119\u015bciach \u015bwiata jest najwa\u017cniejsz\u0105 cz\u0119\u015bci\u0105 procesu i robimy to, upewniaj\u0105c si\u0119, \u017ce nie ma prowizji. Nie musisz si\u0119 martwi\u0107, \u017ce odbierzemy cokolwiek z Twoich wygranych, chyba \u017ce zdecydujesz si\u0119 wykona\u0107 przelew bankowy.<br \/>\nTa metoda p\u0142atno\u015bci, zw\u0142aszcza w przypadku transakcji mi\u0119dzynarodowej, mo\u017ce nas kosztowa\u0107, gdy bank pobiera op\u0142aty. Je\u015bli tak si\u0119 stanie, koszt mo\u017ce zosta\u0107 przeniesiony na Ciebie i odj\u0119ty od Twoich wygranych.<br \/>\nIstniej\u0105 dwa r\u00f3\u017cne sposoby dokonywania p\u0142atno\u015bci.<\/p>\n<ul>\n<li>P\u0142atno\u015bci poni\u017cej 2500 EUR b\u0119d\u0105 dokonywane bez udzia\u0142u u\u017cytkownika. Nasz zesp\u00f3\u0142 dba o to, aby pieni\u0105dze trafia\u0142y bezpo\u015brednio na Twoje konto.<\/li>\n<li>Wygrane kwoty, kt\u00f3re przekraczaj\u0105 2500 EUR, s\u0105 przetwarzane w inny spos\u00f3b. <strong> Kwoty te musz\u0105 zosta\u0107 przetworzone wraz z prowizj\u0105 loterii <\/strong>, a to oznacza, \u017ce \u200b\u200bpotrzebujemy wype\u0142nionego formularza wniosku. Wy\u015blemy ci formularzTy i jedyne co musisz zrobi\u0107, to wype\u0142ni\u0107 go i da\u0107 nam zna\u0107, je\u015bli chcesz, aby Twoje pieni\u0105dze zosta\u0142y przes\u0142ane do Polski przelewem bankowym lub czekiem.<\/li>\n<\/ul>\n","protected":false},"excerpt":{"rendered":"<p>Opisali\u015bmy r\u00f3\u017cne kroki, kt\u00f3re nale\u017cy wykona\u0107, je\u015bli chcesz kupi\u0107 Mon &amp; amp; Bilety Wed Lotto Australia z naszej strony internetowej. To proste i \u0142atwe, a kiedy wykonasz te kroki, oka\u017ce si\u0119, \u017ce masz bilety gotowe, by jecha\u0107 szybko. Przejd\u017a do strony loterii, w kt\u00f3r\u0105 chcesz zagra\u0107 i wybierz liczby, kt\u00f3re zamierzasz gra\u0107 na ka\u017cdym kuponie [&hellip;]<\/p>\n","protected":false},"author":1,"featured_media":0,"parent":3808,"menu_order":16,"comment_status":"closed","ping_status":"closed","template":"template-rightsidebar.php","meta":{"_et_pb_use_builder":"","_et_pb_old_content":"","_et_gb_content_width":"","exclude_from_search":false,"footnotes":""},"class_list":["post-12065","page","type-page","status-publish","hentry"],"yoast_head":"<!-- This site is optimized with the Yoast SEO plugin v23.4 - https:\/\/yoast.com\/wordpress\/plugins\/seo\/ -->\n<title>Zakup bilet\u00f3w online na Mon &amp; Wed Lotto Australia<\/title>\n<meta name=\"description\" content=\"Niewa\u017cne gdzie mieszkasz, a teraz niewa\u017cne czego szukasz, mo\u017cesz zdoby\u0107 bilety na Mon &amp; Wed Lotto Australia tutaj!\" \/>\n<meta name=\"robots\" content=\"index, follow, max-snippet:-1, max-image-preview:large, max-video-preview:-1\" \/>\n<link rel=\"canonical\" href=\"https:\/\/onlinelotto365.com\/pl\/kup-bilety\/mon-wed-lotto-australia\/\" \/>\n<meta property=\"og:locale\" content=\"pl_PL\" \/>\n<meta property=\"og:type\" content=\"article\" \/>\n<meta property=\"og:title\" content=\"Zakup bilet\u00f3w online na Mon &amp; Wed Lotto Australia\" \/>\n<meta property=\"og:description\" content=\"Niewa\u017cne gdzie mieszkasz, a teraz niewa\u017cne czego szukasz, mo\u017cesz zdoby\u0107 bilety na Mon &amp; Wed Lotto Australia tutaj!\" \/>\n<meta property=\"og:url\" content=\"https:\/\/onlinelotto365.com\/pl\/kup-bilety\/mon-wed-lotto-australia\/\" \/>\n<meta property=\"og:site_name\" content=\"OnlineLotto365\" \/>\n<meta property=\"article:modified_time\" content=\"2021-01-07T07:28:26+00:00\" \/>\n<meta property=\"og:image\" content=\"https:\/\/redfoxlotto.com\/image?size=8&amp;lottery=monday-wednesday-lotto-au\" \/>\n<meta name=\"twitter:card\" content=\"summary_large_image\" \/>\n<meta name=\"twitter:label1\" content=\"Szacowany czas czytania\" \/>\n\t<meta name=\"twitter:data1\" content=\"4 minuty\" \/>\n<script type=\"application\/ld+json\" class=\"yoast-schema-graph\">{\"@context\":\"https:\/\/schema.org\",\"@graph\":[{\"@type\":\"WebPage\",\"@id\":\"https:\/\/onlinelotto365.com\/pl\/kup-bilety\/mon-wed-lotto-australia\/\",\"url\":\"https:\/\/onlinelotto365.com\/pl\/kup-bilety\/mon-wed-lotto-australia\/\",\"name\":\"Zakup bilet\u00f3w online na Mon & Wed Lotto Australia\",\"isPartOf\":{\"@id\":\"https:\/\/onlinelotto365.com\/pl\/#website\"},\"primaryImageOfPage\":{\"@id\":\"https:\/\/onlinelotto365.com\/pl\/kup-bilety\/mon-wed-lotto-australia\/#primaryimage\"},\"image\":{\"@id\":\"https:\/\/onlinelotto365.com\/pl\/kup-bilety\/mon-wed-lotto-australia\/#primaryimage\"},\"thumbnailUrl\":\"https:\/\/redfoxlotto.com\/image?size=8&amp;lottery=monday-wednesday-lotto-au\",\"datePublished\":\"2020-12-21T10:54:02+00:00\",\"dateModified\":\"2021-01-07T07:28:26+00:00\",\"description\":\"Niewa\u017cne gdzie mieszkasz, a teraz niewa\u017cne czego szukasz, mo\u017cesz zdoby\u0107 bilety na Mon & Wed Lotto Australia tutaj!\",\"breadcrumb\":{\"@id\":\"https:\/\/onlinelotto365.com\/pl\/kup-bilety\/mon-wed-lotto-australia\/#breadcrumb\"},\"inLanguage\":\"pl-PL\",\"potentialAction\":[{\"@type\":\"ReadAction\",\"target\":[\"https:\/\/onlinelotto365.com\/pl\/kup-bilety\/mon-wed-lotto-australia\/\"]}]},{\"@type\":\"ImageObject\",\"inLanguage\":\"pl-PL\",\"@id\":\"https:\/\/onlinelotto365.com\/pl\/kup-bilety\/mon-wed-lotto-australia\/#primaryimage\",\"url\":\"https:\/\/redfoxlotto.com\/image?size=8&amp;lottery=monday-wednesday-lotto-au\",\"contentUrl\":\"https:\/\/redfoxlotto.com\/image?size=8&amp;lottery=monday-wednesday-lotto-au\"},{\"@type\":\"BreadcrumbList\",\"@id\":\"https:\/\/onlinelotto365.com\/pl\/kup-bilety\/mon-wed-lotto-australia\/#breadcrumb\",\"itemListElement\":[{\"@type\":\"ListItem\",\"position\":1,\"name\":\"Home\",\"item\":\"https:\/\/onlinelotto365.com\/pl\/\"},{\"@type\":\"ListItem\",\"position\":2,\"name\":\"Dlaczego bardziej sensowne jest kupowanie bilet\u00f3w na loteri\u0119 online\",\"item\":\"https:\/\/onlinelotto365.com\/pl\/buy-tickets\/\"},{\"@type\":\"ListItem\",\"position\":3,\"name\":\"Jak kupi\u0107 Mon &#038; Wed Lotto Australia bilety online\"}]},{\"@type\":\"WebSite\",\"@id\":\"https:\/\/onlinelotto365.com\/pl\/#website\",\"url\":\"https:\/\/onlinelotto365.com\/pl\/\",\"name\":\"OnlineLotto365\",\"description\":\"\",\"potentialAction\":[{\"@type\":\"SearchAction\",\"target\":{\"@type\":\"EntryPoint\",\"urlTemplate\":\"https:\/\/onlinelotto365.com\/pl\/?s={search_term_string}\"},\"query-input\":{\"@type\":\"PropertyValueSpecification\",\"valueRequired\":true,\"valueName\":\"search_term_string\"}}],\"inLanguage\":\"pl-PL\"}]}<\/script>\n<!-- \/ Yoast SEO plugin. -->","yoast_head_json":{"title":"Zakup bilet\u00f3w online na Mon & Wed Lotto Australia","description":"Niewa\u017cne gdzie mieszkasz, a teraz niewa\u017cne czego szukasz, mo\u017cesz zdoby\u0107 bilety na Mon & Wed Lotto Australia tutaj!","robots":{"index":"index","follow":"follow","max-snippet":"max-snippet:-1","max-image-preview":"max-image-preview:large","max-video-preview":"max-video-preview:-1"},"canonical":"https:\/\/onlinelotto365.com\/pl\/kup-bilety\/mon-wed-lotto-australia\/","og_locale":"pl_PL","og_type":"article","og_title":"Zakup bilet\u00f3w online na Mon & Wed Lotto Australia","og_description":"Niewa\u017cne gdzie mieszkasz, a teraz niewa\u017cne czego szukasz, mo\u017cesz zdoby\u0107 bilety na Mon & Wed Lotto Australia tutaj!","og_url":"https:\/\/onlinelotto365.com\/pl\/kup-bilety\/mon-wed-lotto-australia\/","og_site_name":"OnlineLotto365","article_modified_time":"2021-01-07T07:28:26+00:00","og_image":[{"url":"https:\/\/redfoxlotto.com\/image?size=8&amp;lottery=monday-wednesday-lotto-au"}],"twitter_card":"summary_large_image","twitter_misc":{"Szacowany czas czytania":"4 minuty"},"schema":{"@context":"https:\/\/schema.org","@graph":[{"@type":"WebPage","@id":"https:\/\/onlinelotto365.com\/pl\/kup-bilety\/mon-wed-lotto-australia\/","url":"https:\/\/onlinelotto365.com\/pl\/kup-bilety\/mon-wed-lotto-australia\/","name":"Zakup bilet\u00f3w online na Mon & Wed Lotto Australia","isPartOf":{"@id":"https:\/\/onlinelotto365.com\/pl\/#website"},"primaryImageOfPage":{"@id":"https:\/\/onlinelotto365.com\/pl\/kup-bilety\/mon-wed-lotto-australia\/#primaryimage"},"image":{"@id":"https:\/\/onlinelotto365.com\/pl\/kup-bilety\/mon-wed-lotto-australia\/#primaryimage"},"thumbnailUrl":"https:\/\/redfoxlotto.com\/image?size=8&amp;lottery=monday-wednesday-lotto-au","datePublished":"2020-12-21T10:54:02+00:00","dateModified":"2021-01-07T07:28:26+00:00","description":"Niewa\u017cne gdzie mieszkasz, a teraz niewa\u017cne czego szukasz, mo\u017cesz zdoby\u0107 bilety na Mon & Wed Lotto Australia tutaj!","breadcrumb":{"@id":"https:\/\/onlinelotto365.com\/pl\/kup-bilety\/mon-wed-lotto-australia\/#breadcrumb"},"inLanguage":"pl-PL","potentialAction":[{"@type":"ReadAction","target":["https:\/\/onlinelotto365.com\/pl\/kup-bilety\/mon-wed-lotto-australia\/"]}]},{"@type":"ImageObject","inLanguage":"pl-PL","@id":"https:\/\/onlinelotto365.com\/pl\/kup-bilety\/mon-wed-lotto-australia\/#primaryimage","url":"https:\/\/redfoxlotto.com\/image?size=8&amp;lottery=monday-wednesday-lotto-au","contentUrl":"https:\/\/redfoxlotto.com\/image?size=8&amp;lottery=monday-wednesday-lotto-au"},{"@type":"BreadcrumbList","@id":"https:\/\/onlinelotto365.com\/pl\/kup-bilety\/mon-wed-lotto-australia\/#breadcrumb","itemListElement":[{"@type":"ListItem","position":1,"name":"Home","item":"https:\/\/onlinelotto365.com\/pl\/"},{"@type":"ListItem","position":2,"name":"Dlaczego bardziej sensowne jest kupowanie bilet\u00f3w na loteri\u0119 online","item":"https:\/\/onlinelotto365.com\/pl\/buy-tickets\/"},{"@type":"ListItem","position":3,"name":"Jak kupi\u0107 Mon &#038; Wed Lotto Australia bilety online"}]},{"@type":"WebSite","@id":"https:\/\/onlinelotto365.com\/pl\/#website","url":"https:\/\/onlinelotto365.com\/pl\/","name":"OnlineLotto365","description":"","potentialAction":[{"@type":"SearchAction","target":{"@type":"EntryPoint","urlTemplate":"https:\/\/onlinelotto365.com\/pl\/?s={search_term_string}"},"query-input":{"@type":"PropertyValueSpecification","valueRequired":true,"valueName":"search_term_string"}}],"inLanguage":"pl-PL"}]}},"_links":{"self":[{"href":"https:\/\/onlinelotto365.com\/pl\/wp-json\/wp\/v2\/pages\/12065","targetHints":{"allow":["GET"]}}],"collection":[{"href":"https:\/\/onlinelotto365.com\/pl\/wp-json\/wp\/v2\/pages"}],"about":[{"href":"https:\/\/onlinelotto365.com\/pl\/wp-json\/wp\/v2\/types\/page"}],"author":[{"embeddable":true,"href":"https:\/\/onlinelotto365.com\/pl\/wp-json\/wp\/v2\/users\/1"}],"replies":[{"embeddable":true,"href":"https:\/\/onlinelotto365.com\/pl\/wp-json\/wp\/v2\/comments?post=12065"}],"version-history":[{"count":0,"href":"https:\/\/onlinelotto365.com\/pl\/wp-json\/wp\/v2\/pages\/12065\/revisions"}],"up":[{"embeddable":true,"href":"https:\/\/onlinelotto365.com\/pl\/wp-json\/wp\/v2\/pages\/3808"}],"wp:attachment":[{"href":"https:\/\/onlinelotto365.com\/pl\/wp-json\/wp\/v2\/media?parent=12065"}],"curies":[{"name":"wp","href":"https:\/\/api.w.org\/{rel}","templated":true}]}}