{"id":3788,"date":"2020-11-16T15:23:25","date_gmt":"2020-11-16T15:23:25","guid":{"rendered":"http:\/\/onlinelotto365.net\/home"},"modified":"2023-10-04T09:17:43","modified_gmt":"2023-10-04T08:17:43","slug":"home","status":"publish","type":"page","link":"https:\/\/onlinelotto365.com\/pl\/","title":{"rendered":"Witamy w OnlineLotto365!"},"content":{"rendered":"<p>Do niedawna my, fani lotto, ograniczali\u015bmy si\u0119 do grania na loterii z w\u0142asnego kraju lub regionu. S\u0142yszeli\u015bmy o tych wielkich, ekscytuj\u0105cych wygranych gdzie indziej, z dziesi\u0105tkami, a nawet setkami milion\u00f3w dolar\u00f3w lub euro lub ich ekwiwalentu, i chcieli\u015bmy mieszka\u0107 w miejscach, gdzie mo\u017cna kupi\u0107 bilety na te wielkie loteryjne bonanzas.<a href=\"https:\/\/redfoxlotto.com\/pl\/?ref=a8564250a2&amp;medium=ol365\" target=\"_blank\" rel=\"noopener noreferrer\"><img loading=\"lazy\" decoding=\"async\" class=\"aligncenter\" src=\"https:\/\/redfoxlotto.com\/pl\/image?size=8&amp;lottery=mega-millions\" alt=\"Mega Millions\" width=\"728\" height=\"90\" \/><\/a>Wiem, \u017ce \u017cyczy\u0142e\u015b sobie, aby\u015b m\u00f3g\u0142 bra\u0107 udzia\u0142 w tej wielkiej akcji tyle razy, co ja. Widzimy tych ludzi, kt\u00f3rzy zarabiaj\u0105 na tych mega nagrodach i chcieliby\u015bmy, \u017ceby to byli my. Nie mogli\u015bmy nawet zagra\u0107, nie m\u00f3wi\u0105c ju\u017c o wygranej.<\/p>\n<p>C\u00f3\u017c, to wszystko si\u0119 zmieni. Teraz, <strong>przez nasz nowy serwis los\u00f3w lotto<\/strong>, to nie ma absolutnie \u017cadnej r\u00f3\u017cnicy, czy mieszkasz w kraju, gdzie loteria jest prowadzona, czy nie. Wreszcie, ludzie, kt\u00f3rzy prowadz\u0105 te loterie budz\u0105 si\u0119 do rzeczywisto\u015bci, \u017ce istnieje wiele potencjalnych klient\u00f3w w innych krajach, kt\u00f3re s\u0105 chomping na troch\u0119 bardziej ekscytuj\u0105ce dzia\u0142ania.<\/p>\n<h2>Teraz zam\u00f3w bilety online<\/h2>\n<p>To nie s\u0105 stare czasy, a jak wiemy, internet otworzy\u0142 ca\u0142y \u015bwiat, gdzie wszystko i<strong> wszystko jest teraz dost\u0119pne online<\/strong>. Wi\u0119c dlaczego nie mie\u0107 dost\u0119pu do ka\u017cdej wielkiej loterii tam? To pomys\u0142, na kt\u00f3ry zdecydowanie nadszed\u0142 czas, a czekanie na to ju\u017c si\u0119 sko\u0144czy\u0142o.<\/p>\n<p>Zrobili\u015bmy dost\u0119p do tego wszystkiego tak \u0142atwo, jak tylko mogli\u015bmy to zrobi\u0107. Wszystko, co musisz zrobi\u0107, to klikn\u0105\u0107<strong> na jednej z loterii<\/strong>, aby uzyska\u0107 natychmiastowy dost\u0119p do ponad tylu du\u017cych jackpot\u00f3w. Nast\u0119pnie wszystko, co musisz zrobi\u0107, to post\u0119powa\u0107 zgodnie z prostymi instrukcjami, kt\u00f3re s\u0105 podane do Ciebie, wybra\u0107 swoje numery i <a href=\"https:\/\/onlinelotto365.com\/pl\/kup-bilety\">zakupi\u0107 sw\u00f3j bilet.<\/a><\/p>\n<h2>Zabezpieczona p\u0142atno\u015b\u0107 za lotto online<\/h2>\n<p>Ta wspania\u0142a nowa us\u0142uga zapewnia kilka wygodnych opcji p\u0142atno\u015bci dzi\u0119ki w 100% bezpiecznemu, nowoczesnemu procesorowi p\u0142atno\u015bci. Kiedy ju\u017c dokonasz zakupu swoich bilet\u00f3w, wy\u015ble do Ciebie e-mail z potwierdzeniem i zobaczysz sw\u00f3j bilet na swoim koncie klienta. <strong>Zapewnimy r\u00f3wnie\u017c bezp\u0142atn\u0105 pomoc w zbieraniu swoich <a href=\"https:\/\/onlinelotto365.com\/pl\/numery-wygranych\">wygranych<\/a><\/strong>, co\u015b, czego b\u0119dziesz potrzebowa\u0142, poniewa\u017c nie mieszkasz w kraju, w kt\u00f3rym odbywa si\u0119 loteria. Nie ma potrzeby, aby martwi\u0107 si\u0119 o co\u015b tutaj, poniewa\u017c mamy wszystko ca\u0142kowicie pokryte dla naszych klient\u00f3w.<\/p>\n<p><img loading=\"lazy\" decoding=\"async\" class=\" wp-image-1840 alignright\" src=\"https:\/\/onlinelotto365.com\/wp-content\/uploads\/2023\/10\/online_lottery-164-300x250-1.jpg\" alt=\"loteria online\" width=\"248\" height=\"207\" \/>Nie jest tajemnic\u0105, \u017ce warto\u015b\u0107 gry w loterie ro\u015bnie, gdy jackpoty r\u00f3wnie\u017c id\u0105 w g\u00f3r\u0119. Wi\u0119c je\u015bli utkniesz w martwym punkcie i b\u0119dziesz musia\u0142 czeka\u0107, a\u017c wielkie lotto w naszym kraju b\u0119dzie ros\u0142o bardzo du\u017ce, to w wi\u0119kszo\u015bci przypadk\u00f3w b\u0119dziesz czeka\u0142. Oczywi\u015bcie, gra w mniejsze jackpoty jest nadal bardzo fajna, ale nie ma absolutnie nic lepszego ni\u017c gra w du\u017ce lotto. Nie tylko o wiele zabawniejsze jest wyobra\u017cenie sobie wygrania jednej z tych ogromnych nagr\u00f3d, kt\u00f3rymi obdarzaj\u0105 nas inni, ale i wi\u0119ksze szanse na wygranie tej wielkiej wygranej s\u0105 o wiele wi\u0119ksze.<\/p>\n<p>Potrzeba czasu, aby jackpoty uros\u0142y do monumentalnych rozmiar\u00f3w, kt\u00f3re robi\u0105 z czasem, a to oznacza, \u017ce up\u0142yn\u0119\u0142o sporo czasu bez <a href=\"https:\/\/onlinelotto365.com\/pl\/news\/jak-grac-w-miedzynarodowe-lotto\">wygrana w loterii<\/a>. Wi\u0119c jak ten czas idzie dalej, wszystkie te mniejsze jackpoty, kt\u00f3re nie zosta\u0142y jeszcze wygra\u0142 jeszcze pi\u0119trz\u0105 si\u0119 w g\u00f3r\u0119.<\/p>\n<p>Nie musimy wchodzi\u0107 w szczeg\u00f3\u0142y na temat <strong>jak du\u017co lepiej wi\u0119ksze jackpoty s\u0105 dla Ciebie<\/strong>. Wi\u0119c im wi\u0119cej masz dost\u0119pu do tych du\u017cych jackpot\u00f3w, tym lepiej. Wi\u0119c kiedy serwis internetowy dzia\u0142a w taki spos\u00f3b, \u017ce mo\u017ce zapewni\u0107 Ci dost\u0119p do wszystkich du\u017cych wygranych, c\u00f3\u017c, to jest tak dobre, jak to mo\u017cliwe, je\u015bli chodzi o gr\u0119 na loterii.<\/p>\n<p>Teraz masz dost\u0119p do wszystkich du\u017cych tam, w tym <a href=\"https:\/\/onlinelotto365.com\/pl\/zagraj\/powerball\"><strong>U.S. Powerball<\/strong><\/a> i <a href=\"https:\/\/onlinelotto365.com\/pl\/zagraj\/mega-millions\"><strong>Mega Millions<\/strong><\/a>, hiszpa\u0144ski El Gordo, w\u0142oski <a href=\"https:\/\/onlinelotto365.com\/pl\/zagraj\/superenalotto\">Superenalotto<\/a>, <a href=\"https:\/\/onlinelotto365.com\/pl\/zagraj\/euromillions\">EuroMillions<\/a>, <a href=\"https:\/\/onlinelotto365.com\/pl\/zagraj\/eurojackpot\">Eurojackpot<\/a>, British Lottery, r\u00f3\u017cne australijskie loterie i wiele, wiele wi\u0119cej.<\/p>\n<p>Nawet je\u015bli jeste\u015b tylko fanem loterii casual, dlaczego mia\u0142by\u015b ograniczy\u0107 si\u0119 tylko do tych, do kt\u00f3rych mo\u017cesz kupi\u0107 bilety na stoisku, kiedy mo\u017cesz poszerzy\u0107 swoje horyzonty, aby obj\u0105\u0107 ca\u0142y \u015bwiat dzi\u0119ki temu wspania\u0142emu serwisowi online? Po raz kolejny udost\u0119pniamy to wszystko nam za op\u0142at\u0105, ale nie b\u0119d\u0105 oni nic odlicza\u0107 od naszych wygranych.<\/p>\n<h2>Najwi\u0119ksza wyp\u0142ata w historii<\/h2>\n<p>Oto lista najwi\u0119kszych wygranych w ci\u0105gu ostatnich kilku lat. Nic dziwnego, \u017ce wszystkie one mia\u0142y miejsce w USA. <a href=\"https:\/\/onlinelotto365.com\/pl\/news\/kup-bilety-na-loterie-usa-online\">du\u017ce ameryka\u0144skie loterie Powerball i Mega Miliony<\/a> regularnie generuj\u0105 ogromne wyp\u0142aty. Wi\u0119c nie jest zaskoczeniem, \u017ce <strong>wi\u0119kszo\u015b\u0107 zakup\u00f3w online s\u0105 dla Powerball i Mega Millions bilet\u00f3w<\/strong>.<\/p>\n<ul>\n<li style=\"list-style-type: none;\"><\/li>\n<li>$ 1568 milion\u00f3w, jackpot Powerball wygra\u0142 13 stycznia 2016 roku. Ta pula zosta\u0142a podzielona mi\u0119dzy 3 zwyci\u0119zc\u00f3w.<\/li>\n<li>$ 1537 milion\u00f3w, Mega Millions jackpot wygrany przez jednego zwyci\u0119zc\u0119 23 pa\u017adziernika 201768 milion\u00f3w dolar\u00f3w, wygrana w Powerball 27 marca 2019 roku.<\/li>\n<li>$ 758 milion\u00f3w dolar\u00f3w, wygrana w Powerball przez jednego zwyci\u0119zc\u0119 w sierpniu 2017 r.<\/li>\n<li>$ 687 milion\u00f3w dolar\u00f3w, kt\u00f3re zostan\u0105 podzielone przez dw\u00f3ch zwyci\u0119zc\u00f3w Powerball 27 pa\u017adziernika 2018 roku.<\/li>\n<li>$ 656 milion\u00f3w, jackpot Mega Millions podzielony mi\u0119dzy trzech zwyci\u0119zc\u00f3w w marcu 2016<\/li>\n<\/ul>\n<p>Teraz masz szans\u0119 wygra\u0107 na jednej z tych loterii. Przygotuj si\u0119 na spotkanie z tym, co najlepszy \u015bwiat ma do zaoferowania, a co wa\u017cniejsze, znacznie zwi\u0119ksz swoje szanse na zdobycie bogactwa!<\/p>\n<h2>Ewolucja loterii<\/h2>\n<p><img loading=\"lazy\" decoding=\"async\" class=\" wp-image-1840 alignright\" src=\"https:\/\/onlinelotto365.com\/wp-content\/uploads\/2021\/02\/international-lottery.jpg\" alt=\"mi\u0119dzynarodowe loterie\" width=\"250\" height=\"200\" \/><br \/>\nZ historycznego punktu widzenia pierwsze loterie odbywa\u0142y si\u0119 w Chinach, a ju\u017c wtedy loterie te s\u0142u\u017cy\u0142y g\u0142\u00f3wnie do finansowania projekt\u00f3w publicznych. Nawet Wielki Mur Chi\u0144ski m\u00f3g\u0142 by\u0107 jednym z tych projekt\u00f3w. W staro\u017cytnym Rzymie loterie odbywa\u0142y si\u0119 podczas imprez dla bogatych obywateli, a dochody z nich by\u0142y przeznaczane na finansowanie prac remontowych w mie\u015bcie. W styczniu 1449 roku wojna mi\u0119dzy Mediolanem a Wenecj\u0105 zosta\u0142a sfinansowana przez loteri\u0119.<\/p>\n<p>Na przestrzeni wiek\u00f3w, loterie by\u0142y w wi\u0119kszo\u015bci usankcjonowane i prowadzone przez pa\u0144stwa i rz\u0105dy w celu zbierania pieni\u0119dzy. W pewnym sensie, loterie te s\u0142u\u017cy\u0142y jako forma dobrowolnego <a href=\"https:\/\/onlinelotto365.com\/pl\/news\/ktore-loterie-i-kraje-pobieraja-podatki-od-wygranych\">&#8222;podatek<\/a> mas. Z tego powodu odsetek przychod\u00f3w generowanych przez sprzeda\u017c bilet\u00f3w w stosunku do wyp\u0142aty nagr\u00f3d jest i cz\u0119sto by\u0142 do\u015b\u0107 niski.<\/p>\n<h2>Loteria w dzisiejszych czasach<\/h2>\n<p>Poniewa\u017c Internet u\u0142atwi\u0142 \u017cycie wielu z nas, wi\u0119kszo\u015b\u0107 krajowych loterii zacz\u0119\u0142a oferowa\u0107 mo\u017cliwo\u015b\u0107 zakupu bilet\u00f3w online. Ale kupuj\u0105c bilety lotto online za po\u015brednictwem stron internetowych krajowych loterii zosta\u0142 ograniczony do graczy z kraju tej loterii. Podczas gdy zakup online by\u0142 bardziej wygodny, nie poprawi\u0142o to szans na wygran\u0105 w \u017caden spos\u00f3b. Zosta\u0142oby to osi\u0105gni\u0119te tylko przez nast\u0119pny krok w ewolucji tej loterii.<\/p>\n<h2>Wi\u0119kszy wyb\u00f3r daje lepsze szanse<\/h2>\n<p>Idea serwisu takiego jak nasz, kt\u00f3ry umo\u017cliwia fanom loterii <strong> uczestniczenie w loteriach z innych jurysdykcji<\/strong> by\u0142a kolejnym logicznym krokiem w rozwoju. Teraz gracze lotto s\u0105 w stanie wybiera\u0107 z wielu loterii. D\u0105\u017c\u0105c do osi\u0105gni\u0119cia najwy\u017cszego obecnie jackpota, mog\u0105 znacznie poprawi\u0107 swoje oczekiwania co do wygranej. Dla loterii takich jak Mega Millions, Powerball i Euromillions, odsetek <strong> bilet\u00f3w loteryjnych zakupu online<\/strong> przez graczy z ca\u0142ego \u015bwiata ro\u015bnie z miesi\u0105ca na miesi\u0105c.<\/p>\n","protected":false},"excerpt":{"rendered":"<p>Do niedawna my, fani lotto, ograniczali\u015bmy si\u0119 do grania na loterii z w\u0142asnego kraju lub regionu. S\u0142yszeli\u015bmy o tych wielkich, ekscytuj\u0105cych wygranych gdzie indziej, z dziesi\u0105tkami, a nawet setkami milion\u00f3w dolar\u00f3w lub euro lub ich ekwiwalentu, i chcieli\u015bmy mieszka\u0107 w miejscach, gdzie mo\u017cna kupi\u0107 bilety na te wielkie loteryjne bonanzas.Wiem, \u017ce \u017cyczy\u0142e\u015b sobie, aby\u015b m\u00f3g\u0142 [&hellip;]<\/p>\n","protected":false},"author":1,"featured_media":0,"parent":0,"menu_order":1,"comment_status":"closed","ping_status":"closed","template":"lotto.php","meta":{"_et_pb_use_builder":"","_et_pb_old_content":"","_et_gb_content_width":"","exclude_from_search":false,"footnotes":""},"class_list":["post-3788","page","type-page","status-publish","hentry"],"yoast_head":"<!-- This site is optimized with the Yoast SEO plugin v23.4 - https:\/\/yoast.com\/wordpress\/plugins\/seo\/ -->\n<title>Lotto Online | Wszystkie loteryjne jackpoty \u015bwiata dost\u0119pne online<\/title>\n<meta name=\"description\" content=\"Lotto online serwis biletowy dla ka\u017cdego mi\u0119dzynarodowego jackpota. Zdob\u0105d\u017a bilety na ka\u017cd\u0105 loteri\u0119 na \u015bwiecie, bez wzgl\u0119du na to gdzie mieszkasz.\" \/>\n<meta name=\"robots\" content=\"index, follow, max-snippet:-1, max-image-preview:large, max-video-preview:-1\" \/>\n<link rel=\"canonical\" href=\"https:\/\/onlinelotto365.com\/pl\/\" \/>\n<meta property=\"og:locale\" content=\"pl_PL\" \/>\n<meta property=\"og:type\" content=\"article\" \/>\n<meta property=\"og:title\" content=\"Lotto Online | Wszystkie loteryjne jackpoty \u015bwiata dost\u0119pne online\" \/>\n<meta property=\"og:description\" content=\"Lotto online serwis biletowy dla ka\u017cdego mi\u0119dzynarodowego jackpota. Zdob\u0105d\u017a bilety na ka\u017cd\u0105 loteri\u0119 na \u015bwiecie, bez wzgl\u0119du na to gdzie mieszkasz.\" \/>\n<meta property=\"og:url\" content=\"https:\/\/onlinelotto365.com\/pl\/\" \/>\n<meta property=\"og:site_name\" content=\"OnlineLotto365\" \/>\n<meta property=\"article:modified_time\" content=\"2023-10-04T08:17:43+00:00\" \/>\n<meta property=\"og:image\" content=\"https:\/\/redfoxlotto.com\/pl\/image?size=8&amp;lottery=mega-millions\" \/>\n<meta name=\"twitter:card\" content=\"summary_large_image\" \/>\n<meta name=\"twitter:label1\" content=\"Szacowany czas czytania\" \/>\n\t<meta name=\"twitter:data1\" content=\"6 minut\" \/>\n<script type=\"application\/ld+json\" class=\"yoast-schema-graph\">{\"@context\":\"https:\/\/schema.org\",\"@graph\":[{\"@type\":\"WebPage\",\"@id\":\"https:\/\/onlinelotto365.com\/pl\/\",\"url\":\"https:\/\/onlinelotto365.com\/pl\/\",\"name\":\"Lotto Online | Wszystkie loteryjne jackpoty \u015bwiata dost\u0119pne online\",\"isPartOf\":{\"@id\":\"https:\/\/onlinelotto365.com\/pl\/#website\"},\"primaryImageOfPage\":{\"@id\":\"https:\/\/onlinelotto365.com\/pl\/#primaryimage\"},\"image\":{\"@id\":\"https:\/\/onlinelotto365.com\/pl\/#primaryimage\"},\"thumbnailUrl\":\"https:\/\/redfoxlotto.com\/pl\/image?size=8&amp;lottery=mega-millions\",\"datePublished\":\"2020-11-16T15:23:25+00:00\",\"dateModified\":\"2023-10-04T08:17:43+00:00\",\"description\":\"Lotto online serwis biletowy dla ka\u017cdego mi\u0119dzynarodowego jackpota. Zdob\u0105d\u017a bilety na ka\u017cd\u0105 loteri\u0119 na \u015bwiecie, bez wzgl\u0119du na to gdzie mieszkasz.\",\"breadcrumb\":{\"@id\":\"https:\/\/onlinelotto365.com\/pl\/#breadcrumb\"},\"inLanguage\":\"pl-PL\",\"potentialAction\":[{\"@type\":\"ReadAction\",\"target\":[\"https:\/\/onlinelotto365.com\/pl\/\"]}]},{\"@type\":\"ImageObject\",\"inLanguage\":\"pl-PL\",\"@id\":\"https:\/\/onlinelotto365.com\/pl\/#primaryimage\",\"url\":\"https:\/\/redfoxlotto.com\/pl\/image?size=8&amp;lottery=mega-millions\",\"contentUrl\":\"https:\/\/redfoxlotto.com\/pl\/image?size=8&amp;lottery=mega-millions\"},{\"@type\":\"BreadcrumbList\",\"@id\":\"https:\/\/onlinelotto365.com\/pl\/#breadcrumb\",\"itemListElement\":[{\"@type\":\"ListItem\",\"position\":1,\"name\":\"Home\",\"item\":\"https:\/\/onlinelotto365.com\/pl\/\"},{\"@type\":\"ListItem\",\"position\":2,\"name\":\"Witamy w OnlineLotto365!\"}]},{\"@type\":\"WebSite\",\"@id\":\"https:\/\/onlinelotto365.com\/pl\/#website\",\"url\":\"https:\/\/onlinelotto365.com\/pl\/\",\"name\":\"OnlineLotto365\",\"description\":\"\",\"potentialAction\":[{\"@type\":\"SearchAction\",\"target\":{\"@type\":\"EntryPoint\",\"urlTemplate\":\"https:\/\/onlinelotto365.com\/pl\/?s={search_term_string}\"},\"query-input\":{\"@type\":\"PropertyValueSpecification\",\"valueRequired\":true,\"valueName\":\"search_term_string\"}}],\"inLanguage\":\"pl-PL\"}]}<\/script>\n<!-- \/ Yoast SEO plugin. -->","yoast_head_json":{"title":"Lotto Online | Wszystkie loteryjne jackpoty \u015bwiata dost\u0119pne online","description":"Lotto online serwis biletowy dla ka\u017cdego mi\u0119dzynarodowego jackpota. Zdob\u0105d\u017a bilety na ka\u017cd\u0105 loteri\u0119 na \u015bwiecie, bez wzgl\u0119du na to gdzie mieszkasz.","robots":{"index":"index","follow":"follow","max-snippet":"max-snippet:-1","max-image-preview":"max-image-preview:large","max-video-preview":"max-video-preview:-1"},"canonical":"https:\/\/onlinelotto365.com\/pl\/","og_locale":"pl_PL","og_type":"article","og_title":"Lotto Online | Wszystkie loteryjne jackpoty \u015bwiata dost\u0119pne online","og_description":"Lotto online serwis biletowy dla ka\u017cdego mi\u0119dzynarodowego jackpota. Zdob\u0105d\u017a bilety na ka\u017cd\u0105 loteri\u0119 na \u015bwiecie, bez wzgl\u0119du na to gdzie mieszkasz.","og_url":"https:\/\/onlinelotto365.com\/pl\/","og_site_name":"OnlineLotto365","article_modified_time":"2023-10-04T08:17:43+00:00","og_image":[{"url":"https:\/\/redfoxlotto.com\/pl\/image?size=8&amp;lottery=mega-millions"}],"twitter_card":"summary_large_image","twitter_misc":{"Szacowany czas czytania":"6 minut"},"schema":{"@context":"https:\/\/schema.org","@graph":[{"@type":"WebPage","@id":"https:\/\/onlinelotto365.com\/pl\/","url":"https:\/\/onlinelotto365.com\/pl\/","name":"Lotto Online | Wszystkie loteryjne jackpoty \u015bwiata dost\u0119pne online","isPartOf":{"@id":"https:\/\/onlinelotto365.com\/pl\/#website"},"primaryImageOfPage":{"@id":"https:\/\/onlinelotto365.com\/pl\/#primaryimage"},"image":{"@id":"https:\/\/onlinelotto365.com\/pl\/#primaryimage"},"thumbnailUrl":"https:\/\/redfoxlotto.com\/pl\/image?size=8&amp;lottery=mega-millions","datePublished":"2020-11-16T15:23:25+00:00","dateModified":"2023-10-04T08:17:43+00:00","description":"Lotto online serwis biletowy dla ka\u017cdego mi\u0119dzynarodowego jackpota. Zdob\u0105d\u017a bilety na ka\u017cd\u0105 loteri\u0119 na \u015bwiecie, bez wzgl\u0119du na to gdzie mieszkasz.","breadcrumb":{"@id":"https:\/\/onlinelotto365.com\/pl\/#breadcrumb"},"inLanguage":"pl-PL","potentialAction":[{"@type":"ReadAction","target":["https:\/\/onlinelotto365.com\/pl\/"]}]},{"@type":"ImageObject","inLanguage":"pl-PL","@id":"https:\/\/onlinelotto365.com\/pl\/#primaryimage","url":"https:\/\/redfoxlotto.com\/pl\/image?size=8&amp;lottery=mega-millions","contentUrl":"https:\/\/redfoxlotto.com\/pl\/image?size=8&amp;lottery=mega-millions"},{"@type":"BreadcrumbList","@id":"https:\/\/onlinelotto365.com\/pl\/#breadcrumb","itemListElement":[{"@type":"ListItem","position":1,"name":"Home","item":"https:\/\/onlinelotto365.com\/pl\/"},{"@type":"ListItem","position":2,"name":"Witamy w OnlineLotto365!"}]},{"@type":"WebSite","@id":"https:\/\/onlinelotto365.com\/pl\/#website","url":"https:\/\/onlinelotto365.com\/pl\/","name":"OnlineLotto365","description":"","potentialAction":[{"@type":"SearchAction","target":{"@type":"EntryPoint","urlTemplate":"https:\/\/onlinelotto365.com\/pl\/?s={search_term_string}"},"query-input":{"@type":"PropertyValueSpecification","valueRequired":true,"valueName":"search_term_string"}}],"inLanguage":"pl-PL"}]}},"_links":{"self":[{"href":"https:\/\/onlinelotto365.com\/pl\/wp-json\/wp\/v2\/pages\/3788","targetHints":{"allow":["GET"]}}],"collection":[{"href":"https:\/\/onlinelotto365.com\/pl\/wp-json\/wp\/v2\/pages"}],"about":[{"href":"https:\/\/onlinelotto365.com\/pl\/wp-json\/wp\/v2\/types\/page"}],"author":[{"embeddable":true,"href":"https:\/\/onlinelotto365.com\/pl\/wp-json\/wp\/v2\/users\/1"}],"replies":[{"embeddable":true,"href":"https:\/\/onlinelotto365.com\/pl\/wp-json\/wp\/v2\/comments?post=3788"}],"version-history":[{"count":0,"href":"https:\/\/onlinelotto365.com\/pl\/wp-json\/wp\/v2\/pages\/3788\/revisions"}],"wp:attachment":[{"href":"https:\/\/onlinelotto365.com\/pl\/wp-json\/wp\/v2\/media?parent=3788"}],"curies":[{"name":"wp","href":"https:\/\/api.w.org\/{rel}","templated":true}]}}