{"id":3798,"date":"2020-11-17T18:20:25","date_gmt":"2020-11-17T18:20:25","guid":{"rendered":"http:\/\/onlinelotto365.net\/winning-numbers"},"modified":"2021-01-07T08:28:36","modified_gmt":"2021-01-07T07:28:36","slug":"numery-wygranych","status":"publish","type":"page","link":"https:\/\/onlinelotto365.com\/pl\/numery-wygranych\/","title":{"rendered":"Znajd\u017a zwyci\u0119skie liczby i wyniki najnowszych losowa\u0144 lotto"},"content":{"rendered":"<p>Znajd\u017a tutaj zwyci\u0119skie liczby dla najwi\u0119kszych mi\u0119dzynarodowych loterii na \u015bwiecie. Aktualizujemy t\u0119 stron\u0119 na sta\u0142e, wi\u0119c wracaj po najnowsze wyniki, kiedy tylko ich potrzebujesz. Je\u015bli gra\u0142e\u015b w kt\u00f3rejkolwiek z tych mi\u0119dzynarodowych loterii, mamy nadziej\u0119, \u017ce Tw\u00f3j los ma zwyci\u0119skie liczby! A tak przy okazji &#8211; czy zdajesz sobie spraw\u0119 z tego, \u017ce kilka razy w historii gracze wygrywali du\u017ce pieni\u0105dze, <strong>u\u017cywaj\u0105c zwyci\u0119skich liczb z zagranicznej loterii, aby zagra\u0107 w swojej w\u0142asnej, lokalnej loterii?<\/strong><\/p>\n<p>Ale co najwa\u017cniejsze, prawdopodobnie nie wiedzia\u0142e\u015b, \u017ce masz teraz wyb\u00f3r, aby uczestniczy\u0107 w najwi\u0119kszych loteriach na \u015bwiecie &#8211; nawet w loteriach w innych krajach ni\u017c tw\u00f3j! Niezale\u017cnie od tego, czy jeste\u015b zainteresowany Powerball, Mega Millions, Euromillions, czy jak\u0105kolwiek inn\u0105 z oferowanych tu loterii, mo\u017cesz ju\u017c teraz dosta\u0107 bilety online. Aby wzi\u0105\u0107 udzia\u0142, po prostu kliknij przycisk &#8222;Graj&#8221; na swoj\u0105 ulubion\u0105 loteri\u0119 obok wynik\u00f3w poni\u017cej. W ci\u0105gu kilku minut, b\u0119dziesz mia\u0142 swoje bilety. Osobi\u015bcie zalecamy, aby\u015b przyjrza\u0142 si\u0119 wielko\u015bci jackpot\u00f3w i wybra\u0142 t\u0119 loteri\u0119, kt\u00f3ra obecnie ma najwy\u017cszy jackpot!<\/p>\n<p><a href=\"https:\/\/redfoxlotto.com\/pl\/?ref=a8564250a2&amp;medium=ol365\" target=\"_blank\" rel=\"noopener noreferrer\"><img loading=\"lazy\" decoding=\"async\" class=\"aligncenter\" src=\"https:\/\/redfoxlotto.com\/pl\/image?size=8&amp;lottery=eurojackpot\" alt=\"eurojackpot\" width=\"720\" height=\"90\" \/><\/a><\/p>\n<h2>Jak sprawdzi\u0107 dzisiejsze wyniki lotto<\/h2>\n<p>Uwielbiasz gra\u0107 w lotto? Mo\u017ce grasz kilka razy dziennie lub grasz codziennie, a mo\u017ce grasz tylko raz na jaki\u015b czas. Jednak niezale\u017cnie od tego, jak cz\u0119sto grasz, chcesz mie\u0107 pewno\u015b\u0107, \u017ce zawsze wiesz, jakie s\u0105 zwyci\u0119skie liczby. Nigdy nie chcesz ryzykowa\u0107 utraty wyp\u0142aty, poniewa\u017c nie sprawdzi\u0142e\u015b numer\u00f3w. Wi\u0119c, jak dowiesz si\u0119 o wyniku loterii dzisiaj? W zasadzie jest to \u0142atwiejsze, ni\u017c mog\u0142oby si\u0119 wydawa\u0107, poniewa\u017c dost\u0119pnych jest wiele r\u00f3\u017cnych opcji.<\/p>\n<h2>Gdzie znale\u017a\u0107 wyniki loterii dzisiaj<\/h2>\n<p>Chcesz natychmiast uzyska\u0107 wyniki? Jak tylko b\u0119d\u0105 dost\u0119pne? Je\u015bli tak, to b\u0119dziesz chcia\u0142 wr\u00f3ci\u0107 <strong>do swojej us\u0142ugi sprzeda\u017cy bilet\u00f3w online.<\/strong> Na pewno b\u0119dziesz szcz\u0119\u015bliwy, poniewa\u017c wyniki loterii s\u0105 dost\u0119pne nie tylko w dniu losowania, ale od razu w momencie losowania. Tak wi\u0119c, je\u015bli jeste\u015b niecierpliwym typem nie b\u0119dziesz mia\u0142 problemu z uzyskaniem wynik\u00f3w, jak tylko b\u0119d\u0105 one dost\u0119pne. Nie wspominaj\u0105c ju\u017c o tym, \u017ce b\u0119dziesz gotowy i b\u0119dziesz m\u00f3g\u0142 zacz\u0105\u0107 gra\u0107 sw\u00f3j nast\u0119pny zestaw liczb, gdy tylko b\u0119dziesz wiedzia\u0142 czy wygra\u0142e\u015b czy nie.<\/p>\n<h2>Zaloguj si\u0119 i sprawd\u017a sekcj\u0119 &#8222;Moje bilety&#8221;<\/h2>\n<p>Najwygodniejszym i najbezpieczniejszym sposobem, aby dowiedzie\u0107 si\u0119, czy wygra\u0142e\u015b co\u015b, jest zalogowanie si\u0119<strong> na swoje konto i sprawdzenie istniej\u0105cych bilet\u00f3w<\/strong>. Po uzyskaniu wynik\u00f3w losowania, mo\u017cesz \u0142atwo por\u00f3wna\u0107 swoje losy z wygrywaj\u0105cymi liczbami. Z biletem online nie ma r\u00f3wnie\u017c niebezpiecze\u0144stwa zgubienia losu. Jest on zawsze tutaj, na Twoim koncie. I my r\u00f3wnie\u017c powiadomimy Ci\u0119 o wszelkich wygranych!<\/p>\n<p>Je\u015bli zakupi\u0142e\u015b bilety przez Internet za naszym po\u015brednictwem, zawsze wy\u015blemy Ci <strong>powiadomienie e-mail w przypadku wygranej<\/strong>. Oczywi\u015bcie wa\u017cne jest, aby Tw\u00f3j dostawca poczty elektronicznej nie przenosi\u0142 naszych e-maili do katalogu spamu lub \u015bmieci. Upewnij si\u0119, \u017ce doda\u0142e\u015b nas do swojej zaufanej listy nadawc\u00f3w email.<\/p>\n<h2>Transmisja strumieniowa losowania<\/h2>\n<p>W rzeczywisto\u015bci istniej\u0105 pewne us\u0142ugi, w kt\u00f3rych mo\u017cna strumieniowa\u0107 wydarzenia losowania bezpo\u015brednio na urz\u0105dzeniu mobilnym. W ten spos\u00f3b, je\u015bli \u017caden z Twoich lokalnych kana\u0142\u00f3w telewizyjnych nie nada interesuj\u0105cego Ci\u0119 losowania, nadal nie b\u0119dziesz mia\u0142 problemu z przekazaniem losowania na \u017cywo, aby\u015b by\u0142 gotowy, gdy numer wyjdzie. Spr\u00f3buj wyszuka\u0107 swoj\u0105 ulubion\u0105 loteri\u0119 na <em><strong><a href=\"http:\/\/youtube.com\">Youtube<\/a><\/strong><\/em>. Wi\u0119kszo\u015b\u0107 losowa\u0144 nie jest jednak transmitowana na \u017cywo na Youtube, ale filmy z losowania mog\u0105 by\u0107 przesy\u0142ane wkr\u00f3tce po opublikowaniu wynik\u00f3w.<\/p>\n<h2>Znajd\u017a je p\u00f3\u017aniej<\/h2>\n<p><img loading=\"lazy\" decoding=\"async\" class=\"alignright size-medium wp-image-53618\" src=\"https:\/\/onlinelotto365.com\/wp-content\/uploads\/2021\/01\/online_lottery-167-300x197.jpg\" alt=\"sprawdzi\u0107 zwyci\u0119skie numery loterii\" width=\"300\" height=\"197\" srcset=\"https:\/\/onlinelotto365.com\/wp-content\/uploads\/2021\/01\/online_lottery-167-300x197.jpg 300w, https:\/\/onlinelotto365.com\/wp-content\/uploads\/2021\/01\/online_lottery-167.jpg 320w\" sizes=\"auto, (max-width: 300px) 100vw, 300px\" \/>Je\u015bli nie przejmujesz si\u0119 tym, \u017ce od razu dowiesz si\u0119, co to by\u0142 za rysunek, mo\u017cesz sprawdzi\u0107 kilka r\u00f3\u017cnych opcji, aby znale\u017a\u0107 go p\u00f3\u017aniej. Niekt\u00f3re z nich pojawi\u0105 si\u0119 zaraz po losowaniu, inne mog\u0105 by\u0107 dopiero nast\u0119pnego dnia, wi\u0119c to od Ciebie zale\u017cy, kt\u00f3r\u0105 metod\u0119 wybierzesz i jak chcesz znale\u017a\u0107 liczby. Je\u015bli jeste\u015b sk\u0142onny czeka\u0107 d\u0142u\u017cej, na przyk\u0142ad, mo\u017cesz sprawdzi\u0107 gazet\u0119 dzie\u0144 po losowaniu. Je\u015bli chcesz wiedzie\u0107 szybko, istniej\u0105 oficjalne strony internetowe, kt\u00f3re mo\u017cna sprawdzi\u0107, aby znale\u017a\u0107 wi\u0119cej informacji zaraz po losowaniu idzie na \u017cywo.<\/p>\n<p>Gazeta jest jedn\u0105 z najcz\u0119stszych <strong>metod sprawdzania numer\u00f3w lotto<\/strong> i b\u0119dzie jedn\u0105 z naj\u0142atwiejszych. Gazeta publikuje wszystkie zwyci\u0119skie liczby dzie\u0144 po ich wyj\u015bciu, a Ty b\u0119dziesz m\u00f3g\u0142 zobaczy\u0107 wszystkie wyniki przez ca\u0142y dzie\u0144 w jednym miejscu. W ten spos\u00f3b, je\u015bli grasz w wi\u0119cej ni\u017c jedn\u0105 gr\u0119, mo\u017cesz sprawdzi\u0107 wszystkie numery na raz. Wystarczy, \u017ce b\u0119dziesz mia\u0142 prenumerat\u0119 gazety lub p\u00f3jdziesz do sklepu lub sklepu spo\u017cywczego, aby odebra\u0107 jedn\u0105 z nich nast\u0119pnego dnia.<\/p>\n<p>Je\u015bli chcesz si\u0119 szybko dowiedzie\u0107, ale nie chcesz lub nie mo\u017cesz obejrze\u0107 rysunku na \u017cywo, to nast\u0119pn\u0105 najlepsz\u0105 rzecz\u0105 jest wej\u015bcie do Internetu. Wspaniale jest znale\u017a\u0107 wszystkie wyniki loterii na najwi\u0119ksze losowania i jackpoty bezpo\u015brednio w Red Fox Lotto, wi\u0119c zawsze b\u0119dziesz zna\u0142 wyniki loterii ju\u017c dzi\u015b. Dzi\u0119ki tej us\u0142udze, mo\u017cesz zalogowa\u0107 si\u0119 i zobaczy\u0107 wszystko, co jest dla Ciebie przygotowane na stronie g\u0142\u00f3wnej, od najnowszego losowania do najstarszego, wi\u0119c mo\u017cesz przewija\u0107 co tylko chcesz. Nie wspominaj\u0105c ju\u017c o tym, \u017ce zobaczysz, gdzie jest grane i jaka jest ca\u0142kowita wyp\u0142ata. B\u0119dziesz wi\u0119c mia\u0142 wszystko, co musisz wiedzie\u0107.<\/p>\n<h2>Znajd\u017a Wyp\u0142at\u0119<\/h2>\n<p>Wi\u0119c, co je\u015bli ju\u017c sprawdzi\u0142e\u015b te liczby, ale teraz chcesz wiedzie\u0107 wi\u0119cej <strong>o wyp\u0142atach<\/strong>? To naprawd\u0119 ca\u0142kiem proste. Wszystko co musisz zrobi\u0107, to sprawdzi\u0107 nasz\u0105 stron\u0119 z biletami online. Wszystkie te informacje b\u0119d\u0105 tutaj, a my b\u0119dziemy je aktualizowa\u0107 w czasie rzeczywistym.<\/p>\n<h2>Odbieranie nagr\u00f3d online<\/h2>\n<p>W przypadku wygrania nagrody online, procedura jest inna ni\u017c w przypadku wygrania biletu kupionego w sklepie. Je\u015bli wygrasz kwot\u0119 wi\u0119ksz\u0105 ni\u017c \u20ac2500, b\u0119dziesz musia\u0142 wype\u0142ni\u0107 formularz za po\u015brednictwem naszej platformy internetowej, aby odebra\u0107 nagrod\u0119. My zajmiemy si\u0119 ca\u0142\u0105 reszt\u0105 dla Ciebie.<\/p>\n<p>Wygrane poni\u017cej \u20ac2500 zostan\u0105 natychmiast zaksi\u0119gowane na Twoim koncie gracza na naszej stronie. Stamt\u0105d mo\u017cesz albo u\u017cy\u0107 \u015brodk\u00f3w na wi\u0119cej bilet\u00f3w, albo rozpocz\u0105\u0107 wyp\u0142at\u0119 \u015brodk\u00f3w. Aby wyp\u0142aci\u0107 \u015brodki, mo\u017cesz u\u017cy\u0107 dowolnej metody p\u0142atno\u015bci, kt\u00f3ra zosta\u0142a wcze\u015bniej u\u017cyta do zakupu lub wp\u0142aty.<\/p>\n<h2>Podsumowanie<\/h2>\n<p>Je\u015bli szukasz dzisiaj wynik\u00f3w loterii, to wszystko zale\u017cy od tego, gdzie szuka\u0107. Czy oznacza to, \u017ce szukasz online, ogl\u0105dasz go na \u017cywo, czy sprawdzasz go nast\u0119pnego dnia, nie b\u0119dziesz mia\u0142 z tym problemu. B\u0119dziesz m\u00f3g\u0142 \u015bledzi\u0107 <strong>swoje numery i<\/strong> te, kt\u00f3re wygra\u0142e\u015b. I b\u0119dziesz m\u00f3g\u0142 od razu zagra\u0107 w swoje ulubione gry lotto, a nawet odkry\u0107 kilka nowych z zupe\u0142nie r\u00f3\u017cnych cz\u0119\u015bci \u015bwiata. Co mo\u017ce by\u0107 lepszego ni\u017c to?<\/p>\n","protected":false},"excerpt":{"rendered":"<p>Znajd\u017a tutaj zwyci\u0119skie liczby dla najwi\u0119kszych mi\u0119dzynarodowych loterii na \u015bwiecie. Aktualizujemy t\u0119 stron\u0119 na sta\u0142e, wi\u0119c wracaj po najnowsze wyniki, kiedy tylko ich potrzebujesz. Je\u015bli gra\u0142e\u015b w kt\u00f3rejkolwiek z tych mi\u0119dzynarodowych loterii, mamy nadziej\u0119, \u017ce Tw\u00f3j los ma zwyci\u0119skie liczby! A tak przy okazji &#8211; czy zdajesz sobie spraw\u0119 z tego, \u017ce kilka razy w [&hellip;]<\/p>\n","protected":false},"author":1,"featured_media":0,"parent":0,"menu_order":4,"comment_status":"closed","ping_status":"closed","template":"Results.php","meta":{"_et_pb_use_builder":"","_et_pb_old_content":"","_et_gb_content_width":"","exclude_from_search":false,"footnotes":""},"class_list":["post-3798","page","type-page","status-publish","hentry"],"yoast_head":"<!-- This site is optimized with the Yoast SEO plugin v23.4 - https:\/\/yoast.com\/wordpress\/plugins\/seo\/ -->\n<title>Zwyci\u0119skie numery loterii i wyniki dla najwi\u0119kszych \u015bwiatowych jackpot\u00f3w<\/title>\n<meta name=\"description\" content=\"Znajd\u017a w tym tygodniu wyniki lotto i zwyci\u0119skie liczby na najwi\u0119kszych loteriach tutaj\" \/>\n<meta name=\"robots\" content=\"index, follow, max-snippet:-1, max-image-preview:large, max-video-preview:-1\" \/>\n<link rel=\"canonical\" href=\"https:\/\/onlinelotto365.com\/pl\/numery-wygranych\/\" \/>\n<meta property=\"og:locale\" content=\"pl_PL\" \/>\n<meta property=\"og:type\" content=\"article\" \/>\n<meta property=\"og:title\" content=\"Zwyci\u0119skie numery loterii i wyniki dla najwi\u0119kszych \u015bwiatowych jackpot\u00f3w\" \/>\n<meta property=\"og:description\" content=\"Znajd\u017a w tym tygodniu wyniki lotto i zwyci\u0119skie liczby na najwi\u0119kszych loteriach tutaj\" \/>\n<meta property=\"og:url\" content=\"https:\/\/onlinelotto365.com\/pl\/numery-wygranych\/\" \/>\n<meta property=\"og:site_name\" content=\"OnlineLotto365\" \/>\n<meta property=\"article:modified_time\" content=\"2021-01-07T07:28:36+00:00\" \/>\n<meta property=\"og:image\" content=\"https:\/\/redfoxlotto.com\/pl\/image?size=8&amp;lottery=eurojackpot\" \/>\n<meta name=\"twitter:card\" content=\"summary_large_image\" \/>\n<meta name=\"twitter:label1\" content=\"Szacowany czas czytania\" \/>\n\t<meta name=\"twitter:data1\" content=\"6 minut\" \/>\n<script type=\"application\/ld+json\" class=\"yoast-schema-graph\">{\"@context\":\"https:\/\/schema.org\",\"@graph\":[{\"@type\":\"WebPage\",\"@id\":\"https:\/\/onlinelotto365.com\/pl\/numery-wygranych\/\",\"url\":\"https:\/\/onlinelotto365.com\/pl\/numery-wygranych\/\",\"name\":\"Zwyci\u0119skie numery loterii i wyniki dla najwi\u0119kszych \u015bwiatowych jackpot\u00f3w\",\"isPartOf\":{\"@id\":\"https:\/\/onlinelotto365.com\/pl\/#website\"},\"primaryImageOfPage\":{\"@id\":\"https:\/\/onlinelotto365.com\/pl\/numery-wygranych\/#primaryimage\"},\"image\":{\"@id\":\"https:\/\/onlinelotto365.com\/pl\/numery-wygranych\/#primaryimage\"},\"thumbnailUrl\":\"https:\/\/redfoxlotto.com\/pl\/image?size=8&amp;lottery=eurojackpot\",\"datePublished\":\"2020-11-17T18:20:25+00:00\",\"dateModified\":\"2021-01-07T07:28:36+00:00\",\"description\":\"Znajd\u017a w tym tygodniu wyniki lotto i zwyci\u0119skie liczby na najwi\u0119kszych loteriach tutaj\",\"breadcrumb\":{\"@id\":\"https:\/\/onlinelotto365.com\/pl\/numery-wygranych\/#breadcrumb\"},\"inLanguage\":\"pl-PL\",\"potentialAction\":[{\"@type\":\"ReadAction\",\"target\":[\"https:\/\/onlinelotto365.com\/pl\/numery-wygranych\/\"]}]},{\"@type\":\"ImageObject\",\"inLanguage\":\"pl-PL\",\"@id\":\"https:\/\/onlinelotto365.com\/pl\/numery-wygranych\/#primaryimage\",\"url\":\"https:\/\/redfoxlotto.com\/pl\/image?size=8&amp;lottery=eurojackpot\",\"contentUrl\":\"https:\/\/redfoxlotto.com\/pl\/image?size=8&amp;lottery=eurojackpot\"},{\"@type\":\"BreadcrumbList\",\"@id\":\"https:\/\/onlinelotto365.com\/pl\/numery-wygranych\/#breadcrumb\",\"itemListElement\":[{\"@type\":\"ListItem\",\"position\":1,\"name\":\"Home\",\"item\":\"https:\/\/onlinelotto365.com\/pl\/\"},{\"@type\":\"ListItem\",\"position\":2,\"name\":\"Znajd\u017a zwyci\u0119skie liczby i wyniki najnowszych losowa\u0144 lotto\"}]},{\"@type\":\"WebSite\",\"@id\":\"https:\/\/onlinelotto365.com\/pl\/#website\",\"url\":\"https:\/\/onlinelotto365.com\/pl\/\",\"name\":\"OnlineLotto365\",\"description\":\"\",\"potentialAction\":[{\"@type\":\"SearchAction\",\"target\":{\"@type\":\"EntryPoint\",\"urlTemplate\":\"https:\/\/onlinelotto365.com\/pl\/?s={search_term_string}\"},\"query-input\":{\"@type\":\"PropertyValueSpecification\",\"valueRequired\":true,\"valueName\":\"search_term_string\"}}],\"inLanguage\":\"pl-PL\"}]}<\/script>\n<!-- \/ Yoast SEO plugin. -->","yoast_head_json":{"title":"Zwyci\u0119skie numery loterii i wyniki dla najwi\u0119kszych \u015bwiatowych jackpot\u00f3w","description":"Znajd\u017a w tym tygodniu wyniki lotto i zwyci\u0119skie liczby na najwi\u0119kszych loteriach tutaj","robots":{"index":"index","follow":"follow","max-snippet":"max-snippet:-1","max-image-preview":"max-image-preview:large","max-video-preview":"max-video-preview:-1"},"canonical":"https:\/\/onlinelotto365.com\/pl\/numery-wygranych\/","og_locale":"pl_PL","og_type":"article","og_title":"Zwyci\u0119skie numery loterii i wyniki dla najwi\u0119kszych \u015bwiatowych jackpot\u00f3w","og_description":"Znajd\u017a w tym tygodniu wyniki lotto i zwyci\u0119skie liczby na najwi\u0119kszych loteriach tutaj","og_url":"https:\/\/onlinelotto365.com\/pl\/numery-wygranych\/","og_site_name":"OnlineLotto365","article_modified_time":"2021-01-07T07:28:36+00:00","og_image":[{"url":"https:\/\/redfoxlotto.com\/pl\/image?size=8&amp;lottery=eurojackpot"}],"twitter_card":"summary_large_image","twitter_misc":{"Szacowany czas czytania":"6 minut"},"schema":{"@context":"https:\/\/schema.org","@graph":[{"@type":"WebPage","@id":"https:\/\/onlinelotto365.com\/pl\/numery-wygranych\/","url":"https:\/\/onlinelotto365.com\/pl\/numery-wygranych\/","name":"Zwyci\u0119skie numery loterii i wyniki dla najwi\u0119kszych \u015bwiatowych jackpot\u00f3w","isPartOf":{"@id":"https:\/\/onlinelotto365.com\/pl\/#website"},"primaryImageOfPage":{"@id":"https:\/\/onlinelotto365.com\/pl\/numery-wygranych\/#primaryimage"},"image":{"@id":"https:\/\/onlinelotto365.com\/pl\/numery-wygranych\/#primaryimage"},"thumbnailUrl":"https:\/\/redfoxlotto.com\/pl\/image?size=8&amp;lottery=eurojackpot","datePublished":"2020-11-17T18:20:25+00:00","dateModified":"2021-01-07T07:28:36+00:00","description":"Znajd\u017a w tym tygodniu wyniki lotto i zwyci\u0119skie liczby na najwi\u0119kszych loteriach tutaj","breadcrumb":{"@id":"https:\/\/onlinelotto365.com\/pl\/numery-wygranych\/#breadcrumb"},"inLanguage":"pl-PL","potentialAction":[{"@type":"ReadAction","target":["https:\/\/onlinelotto365.com\/pl\/numery-wygranych\/"]}]},{"@type":"ImageObject","inLanguage":"pl-PL","@id":"https:\/\/onlinelotto365.com\/pl\/numery-wygranych\/#primaryimage","url":"https:\/\/redfoxlotto.com\/pl\/image?size=8&amp;lottery=eurojackpot","contentUrl":"https:\/\/redfoxlotto.com\/pl\/image?size=8&amp;lottery=eurojackpot"},{"@type":"BreadcrumbList","@id":"https:\/\/onlinelotto365.com\/pl\/numery-wygranych\/#breadcrumb","itemListElement":[{"@type":"ListItem","position":1,"name":"Home","item":"https:\/\/onlinelotto365.com\/pl\/"},{"@type":"ListItem","position":2,"name":"Znajd\u017a zwyci\u0119skie liczby i wyniki najnowszych losowa\u0144 lotto"}]},{"@type":"WebSite","@id":"https:\/\/onlinelotto365.com\/pl\/#website","url":"https:\/\/onlinelotto365.com\/pl\/","name":"OnlineLotto365","description":"","potentialAction":[{"@type":"SearchAction","target":{"@type":"EntryPoint","urlTemplate":"https:\/\/onlinelotto365.com\/pl\/?s={search_term_string}"},"query-input":{"@type":"PropertyValueSpecification","valueRequired":true,"valueName":"search_term_string"}}],"inLanguage":"pl-PL"}]}},"_links":{"self":[{"href":"https:\/\/onlinelotto365.com\/pl\/wp-json\/wp\/v2\/pages\/3798","targetHints":{"allow":["GET"]}}],"collection":[{"href":"https:\/\/onlinelotto365.com\/pl\/wp-json\/wp\/v2\/pages"}],"about":[{"href":"https:\/\/onlinelotto365.com\/pl\/wp-json\/wp\/v2\/types\/page"}],"author":[{"embeddable":true,"href":"https:\/\/onlinelotto365.com\/pl\/wp-json\/wp\/v2\/users\/1"}],"replies":[{"embeddable":true,"href":"https:\/\/onlinelotto365.com\/pl\/wp-json\/wp\/v2\/comments?post=3798"}],"version-history":[{"count":0,"href":"https:\/\/onlinelotto365.com\/pl\/wp-json\/wp\/v2\/pages\/3798\/revisions"}],"wp:attachment":[{"href":"https:\/\/onlinelotto365.com\/pl\/wp-json\/wp\/v2\/media?parent=3798"}],"curies":[{"name":"wp","href":"https:\/\/api.w.org\/{rel}","templated":true}]}}