{"id":3808,"date":"2020-11-17T18:13:29","date_gmt":"2020-11-17T17:13:29","guid":{"rendered":"http:\/\/onlinelotto365.net\/buy-tickets"},"modified":"2021-01-07T08:26:53","modified_gmt":"2021-01-07T07:26:53","slug":"kup-bilety","status":"publish","type":"page","link":"https:\/\/onlinelotto365.com\/pl\/kup-bilety\/","title":{"rendered":"Dlaczego bardziej sensowne jest kupowanie bilet\u00f3w na loteri\u0119 online"},"content":{"rendered":"<p>Og\u00f3lnie rzecz bior\u0105c, kupowanie rzeczy przez Internet jest o wiele bardziej wygodne. Dotyczy to <strong>r\u00f3wnie\u017c kupowania los\u00f3w na loteri\u0119<\/strong>. Nie trzeba wychodzi\u0107 z domu, wydawa\u0107 pieni\u0119dzy na gaz i czeka\u0107 w kolejce w sklepie z loteriami.<\/p>\n<p>Wa\u017cniejsze jest jednak to, \u017ce nie jeste\u015b ju\u017c ograniczony do swojej lokalnej loterii. Wszystkie te <a href=\"http:\/\/onlinelotto365.com\/pl\">jackpoty i loterie z odleg\u0142ych kraj\u00f3w<\/a> s\u0105 teraz do Twojej dyspozycji online, za po\u015brednictwem naszego serwisu. Nie musisz zadowala\u0107 si\u0119 ma\u0142ymi jackpotami. Nie musisz ju\u017c czeka\u0107, a\u017c Tw\u00f3j lokalny jackpot b\u0119dzie wystarczaj\u0105co du\u017cy.<\/p>\n<p>Loterie takie jak <a href=\"https:\/\/onlinelotto365.com\/pl\/kup-bilety\/mega-millions\">Mega Millions<\/a>, <a href=\"https:\/\/onlinelotto365.com\/pl\/kup-bilety\/powerball\">Powerball<\/a>, <a href=\"https:\/\/onlinelotto365.com\/pl\/kup-bilety\/euromillions\">Euromillions<\/a>, <a href=\"https:\/\/onlinelotto365.com\/pl\/kup-bilety\/eurojackpot\">Eurojackpot<\/a> i <a href=\"https:\/\/onlinelotto365.com\/pl\/kup-bilety\/superenalotto\">Superenalotto<\/a> (\u017ceby wymieni\u0107 tylko kilka) s\u0105 znacznie bardziej atrakcyjne ni\u017c nagrody w przeci\u0119tnej krajowej loterii. <strong>Kupuj bilety online na jedn\u0105, lub wiele lot<\/strong>erii, we\u017a udzia\u0142 w jednym losowaniu lub wielu losowaniach &#8211; to wszystko jest mo\u017cliwe tutaj. Jest to ca\u0142kowicie legalna us\u0142uga &#8211; w zasadzie jest to us\u0142uga kurierska dla kupon\u00f3w loteryjnych.<\/p>\n<p><a href=\"https:\/\/redfoxlotto.com\/pl\/?ref=a8564250a2&amp;medium=ol365\" target=\"_blank\" rel=\"noopener noreferrer\"><img loading=\"lazy\" decoding=\"async\" class=\"aligncenter\" src=\"https:\/\/redfoxlotto.com\/pl\/image?size=8&amp;lottery=euromillions\" alt=\"Euromillions\" width=\"720\" height=\"90\" \/><\/a><\/p>\n<h2>Jak dzia\u0142a proces zakupu los\u00f3w na loteri\u0119?<\/h2>\n<p>Starali\u015bmy si\u0119, aby ca\u0142y proces by\u0142 dla Ciebie jak najprostszy i jak najszybszy. Nasza platforma poprowadzi Ci\u0119 przez kroki, kt\u00f3re s\u0105 niezb\u0119dne do zakupu los\u00f3w, zarejestrowania konta klienta, a na koniec dokonania p\u0142atno\u015bci online. Je\u015bli masz jakie\u015b pytania, sugerujemy, aby\u015b najpierw sprawdzi\u0142 nasz FAQ. Najcz\u0119stsze problemy zostan\u0105 rozwi\u0105zane poprzez przeczytanie tych komentarzy. A je\u015bli nadal masz problem, mo\u017cesz skontaktowa\u0107 si\u0119 z naszym zespo\u0142em obs\u0142ugi klienta. Odpowiedz\u0105 oni na Twoje pytania w ci\u0105gu 24 godzin.<\/p>\n<h2>Sprawd\u017a swoje wyniki w prosty spos\u00f3b<\/h2>\n<p>Przy zakupie biletu online,<strong> \u0142atwiej b\u0119dzie r\u00f3wnie\u017c p\u00f3\u017aniej <a href=\"https:\/\/onlinelotto365.com\/pl\/news\/sprawdz-moj-bilet-na-loterie-euromillions\">sprawdzi\u0107 wyniki<\/a><\/strong>. Po prostu wr\u00f3\u0107 tutaj, zaloguj si\u0119 na swoje konto i obejrzyj swoje istniej\u0105ce bilety. Wygrane <strong><a href=\"https:\/\/onlinelotto365.com\/pl\/numery-wygranych\">numery<\/a><\/strong> zostan\u0105 pod\u015bwietlone, a wyniki losowania pojawi\u0105 si\u0119 tu\u017c obok Twojego losu. Powiemy Ci r\u00f3wnie\u017c, ile wygra\u0142e\u015b.<\/p>\n<p>Tutaj mo\u017cna r\u00f3wnie\u017c znale\u017a\u0107 archiwum wynik\u00f3w losowa\u0144 z przesz\u0142o\u015bci. Wielu z naszych graczy lubi sprawdza\u0107 wyniki z przesz\u0142o\u015bci, a nast\u0119pnie wybiera\u0107 liczby do kolejnego losowania na podstawie wynik\u00f3w z poprzednich wygranych.<\/p>\n<h2>Kupowanie i p\u0142acenie za swoje losy loteryjne w najbardziej bezpieczny spos\u00f3b<\/h2>\n<p><img loading=\"lazy\" decoding=\"async\" class=\" wp-image-729 alignright\" src=\"https:\/\/onlinelotto365.com\/wp-content\/uploads\/2020\/11\/online_lottery-52-300x169.jpg\" alt=\"buy lottery tickets online\" width=\"210\" height=\"119\" \/> Nie ma potrzeby martwi\u0107 si\u0119 o bezpiecze\u0144stwo danych dotycz\u0105cych p\u0142atno\u015bci, takich jak dane karty kredytowej lub numery kont bankowych. Podczas procesu p\u0142atno\u015bci stosujemy <strong>najnowsz\u0105 i najbezpieczniejsz\u0105 technologi\u0119 szyfrowania<\/strong>. Oferujemy r\u00f3wnie\u017c szereg opcji p\u0142atno\u015bci. Najpopularniejsz\u0105 opcj\u0105 jest p\u0142atno\u015b\u0107 kart\u0105 kredytow\u0105, ale mo\u017cna u\u017cy\u0107 Bitcoin, przelew bankowy (z niekt\u00f3rych kraj\u00f3w) i kilka innych opcji do zakupu bilet\u00f3w.<\/p>\n","protected":false},"excerpt":{"rendered":"<p>Og\u00f3lnie rzecz bior\u0105c, kupowanie rzeczy przez Internet jest o wiele bardziej wygodne. Dotyczy to r\u00f3wnie\u017c kupowania los\u00f3w na loteri\u0119. Nie trzeba wychodzi\u0107 z domu, wydawa\u0107 pieni\u0119dzy na gaz i czeka\u0107 w kolejce w sklepie z loteriami. Wa\u017cniejsze jest jednak to, \u017ce nie jeste\u015b ju\u017c ograniczony do swojej lokalnej loterii. Wszystkie te jackpoty i loterie z [&hellip;]<\/p>\n","protected":false},"author":1,"featured_media":0,"parent":0,"menu_order":3,"comment_status":"closed","ping_status":"closed","template":"Information.php","meta":{"_et_pb_use_builder":"","_et_pb_old_content":"","_et_gb_content_width":"","exclude_from_search":false,"footnotes":""},"class_list":["post-3808","page","type-page","status-publish","hentry"],"yoast_head":"<!-- This site is optimized with the Yoast SEO plugin v23.4 - https:\/\/yoast.com\/wordpress\/plugins\/seo\/ -->\n<title>Kup bilety online na najwi\u0119ksze jackpoty loteryjne na \u015bwiecie<\/title>\n<meta name=\"description\" content=\"Czy nadal kupujesz bilety na loteri\u0119 lokalnie? S\u0105 o wiele lepsze jackpoty lotto - po prostu kupuj swoje bilety online!\" \/>\n<meta name=\"robots\" content=\"index, follow, max-snippet:-1, max-image-preview:large, max-video-preview:-1\" \/>\n<link rel=\"canonical\" href=\"https:\/\/onlinelotto365.com\/pl\/kup-bilety\/\" \/>\n<meta property=\"og:locale\" content=\"pl_PL\" \/>\n<meta property=\"og:type\" content=\"article\" \/>\n<meta property=\"og:title\" content=\"Kup bilety online na najwi\u0119ksze jackpoty loteryjne na \u015bwiecie\" \/>\n<meta property=\"og:description\" content=\"Czy nadal kupujesz bilety na loteri\u0119 lokalnie? S\u0105 o wiele lepsze jackpoty lotto - po prostu kupuj swoje bilety online!\" \/>\n<meta property=\"og:url\" content=\"https:\/\/onlinelotto365.com\/pl\/kup-bilety\/\" \/>\n<meta property=\"og:site_name\" content=\"OnlineLotto365\" \/>\n<meta property=\"article:modified_time\" content=\"2021-01-07T07:26:53+00:00\" \/>\n<meta property=\"og:image\" content=\"https:\/\/redfoxlotto.com\/pl\/image?size=8&amp;lottery=euromillions\" \/>\n<meta name=\"twitter:card\" content=\"summary_large_image\" \/>\n<meta name=\"twitter:label1\" content=\"Szacowany czas czytania\" \/>\n\t<meta name=\"twitter:data1\" content=\"2 minuty\" \/>\n<script type=\"application\/ld+json\" class=\"yoast-schema-graph\">{\"@context\":\"https:\/\/schema.org\",\"@graph\":[{\"@type\":\"WebPage\",\"@id\":\"https:\/\/onlinelotto365.com\/pl\/kup-bilety\/\",\"url\":\"https:\/\/onlinelotto365.com\/pl\/kup-bilety\/\",\"name\":\"Kup bilety online na najwi\u0119ksze jackpoty loteryjne na \u015bwiecie\",\"isPartOf\":{\"@id\":\"https:\/\/onlinelotto365.com\/pl\/#website\"},\"primaryImageOfPage\":{\"@id\":\"https:\/\/onlinelotto365.com\/pl\/kup-bilety\/#primaryimage\"},\"image\":{\"@id\":\"https:\/\/onlinelotto365.com\/pl\/kup-bilety\/#primaryimage\"},\"thumbnailUrl\":\"https:\/\/redfoxlotto.com\/pl\/image?size=8&amp;lottery=euromillions\",\"datePublished\":\"2020-11-17T17:13:29+00:00\",\"dateModified\":\"2021-01-07T07:26:53+00:00\",\"description\":\"Czy nadal kupujesz bilety na loteri\u0119 lokalnie? S\u0105 o wiele lepsze jackpoty lotto - po prostu kupuj swoje bilety online!\",\"breadcrumb\":{\"@id\":\"https:\/\/onlinelotto365.com\/pl\/kup-bilety\/#breadcrumb\"},\"inLanguage\":\"pl-PL\",\"potentialAction\":[{\"@type\":\"ReadAction\",\"target\":[\"https:\/\/onlinelotto365.com\/pl\/kup-bilety\/\"]}]},{\"@type\":\"ImageObject\",\"inLanguage\":\"pl-PL\",\"@id\":\"https:\/\/onlinelotto365.com\/pl\/kup-bilety\/#primaryimage\",\"url\":\"https:\/\/redfoxlotto.com\/pl\/image?size=8&amp;lottery=euromillions\",\"contentUrl\":\"https:\/\/redfoxlotto.com\/pl\/image?size=8&amp;lottery=euromillions\"},{\"@type\":\"BreadcrumbList\",\"@id\":\"https:\/\/onlinelotto365.com\/pl\/kup-bilety\/#breadcrumb\",\"itemListElement\":[{\"@type\":\"ListItem\",\"position\":1,\"name\":\"Home\",\"item\":\"https:\/\/onlinelotto365.com\/pl\/\"},{\"@type\":\"ListItem\",\"position\":2,\"name\":\"Dlaczego bardziej sensowne jest kupowanie bilet\u00f3w na loteri\u0119 online\"}]},{\"@type\":\"WebSite\",\"@id\":\"https:\/\/onlinelotto365.com\/pl\/#website\",\"url\":\"https:\/\/onlinelotto365.com\/pl\/\",\"name\":\"OnlineLotto365\",\"description\":\"\",\"potentialAction\":[{\"@type\":\"SearchAction\",\"target\":{\"@type\":\"EntryPoint\",\"urlTemplate\":\"https:\/\/onlinelotto365.com\/pl\/?s={search_term_string}\"},\"query-input\":{\"@type\":\"PropertyValueSpecification\",\"valueRequired\":true,\"valueName\":\"search_term_string\"}}],\"inLanguage\":\"pl-PL\"}]}<\/script>\n<!-- \/ Yoast SEO plugin. -->","yoast_head_json":{"title":"Kup bilety online na najwi\u0119ksze jackpoty loteryjne na \u015bwiecie","description":"Czy nadal kupujesz bilety na loteri\u0119 lokalnie? S\u0105 o wiele lepsze jackpoty lotto - po prostu kupuj swoje bilety online!","robots":{"index":"index","follow":"follow","max-snippet":"max-snippet:-1","max-image-preview":"max-image-preview:large","max-video-preview":"max-video-preview:-1"},"canonical":"https:\/\/onlinelotto365.com\/pl\/kup-bilety\/","og_locale":"pl_PL","og_type":"article","og_title":"Kup bilety online na najwi\u0119ksze jackpoty loteryjne na \u015bwiecie","og_description":"Czy nadal kupujesz bilety na loteri\u0119 lokalnie? S\u0105 o wiele lepsze jackpoty lotto - po prostu kupuj swoje bilety online!","og_url":"https:\/\/onlinelotto365.com\/pl\/kup-bilety\/","og_site_name":"OnlineLotto365","article_modified_time":"2021-01-07T07:26:53+00:00","og_image":[{"url":"https:\/\/redfoxlotto.com\/pl\/image?size=8&amp;lottery=euromillions"}],"twitter_card":"summary_large_image","twitter_misc":{"Szacowany czas czytania":"2 minuty"},"schema":{"@context":"https:\/\/schema.org","@graph":[{"@type":"WebPage","@id":"https:\/\/onlinelotto365.com\/pl\/kup-bilety\/","url":"https:\/\/onlinelotto365.com\/pl\/kup-bilety\/","name":"Kup bilety online na najwi\u0119ksze jackpoty loteryjne na \u015bwiecie","isPartOf":{"@id":"https:\/\/onlinelotto365.com\/pl\/#website"},"primaryImageOfPage":{"@id":"https:\/\/onlinelotto365.com\/pl\/kup-bilety\/#primaryimage"},"image":{"@id":"https:\/\/onlinelotto365.com\/pl\/kup-bilety\/#primaryimage"},"thumbnailUrl":"https:\/\/redfoxlotto.com\/pl\/image?size=8&amp;lottery=euromillions","datePublished":"2020-11-17T17:13:29+00:00","dateModified":"2021-01-07T07:26:53+00:00","description":"Czy nadal kupujesz bilety na loteri\u0119 lokalnie? S\u0105 o wiele lepsze jackpoty lotto - po prostu kupuj swoje bilety online!","breadcrumb":{"@id":"https:\/\/onlinelotto365.com\/pl\/kup-bilety\/#breadcrumb"},"inLanguage":"pl-PL","potentialAction":[{"@type":"ReadAction","target":["https:\/\/onlinelotto365.com\/pl\/kup-bilety\/"]}]},{"@type":"ImageObject","inLanguage":"pl-PL","@id":"https:\/\/onlinelotto365.com\/pl\/kup-bilety\/#primaryimage","url":"https:\/\/redfoxlotto.com\/pl\/image?size=8&amp;lottery=euromillions","contentUrl":"https:\/\/redfoxlotto.com\/pl\/image?size=8&amp;lottery=euromillions"},{"@type":"BreadcrumbList","@id":"https:\/\/onlinelotto365.com\/pl\/kup-bilety\/#breadcrumb","itemListElement":[{"@type":"ListItem","position":1,"name":"Home","item":"https:\/\/onlinelotto365.com\/pl\/"},{"@type":"ListItem","position":2,"name":"Dlaczego bardziej sensowne jest kupowanie bilet\u00f3w na loteri\u0119 online"}]},{"@type":"WebSite","@id":"https:\/\/onlinelotto365.com\/pl\/#website","url":"https:\/\/onlinelotto365.com\/pl\/","name":"OnlineLotto365","description":"","potentialAction":[{"@type":"SearchAction","target":{"@type":"EntryPoint","urlTemplate":"https:\/\/onlinelotto365.com\/pl\/?s={search_term_string}"},"query-input":{"@type":"PropertyValueSpecification","valueRequired":true,"valueName":"search_term_string"}}],"inLanguage":"pl-PL"}]}},"_links":{"self":[{"href":"https:\/\/onlinelotto365.com\/pl\/wp-json\/wp\/v2\/pages\/3808","targetHints":{"allow":["GET"]}}],"collection":[{"href":"https:\/\/onlinelotto365.com\/pl\/wp-json\/wp\/v2\/pages"}],"about":[{"href":"https:\/\/onlinelotto365.com\/pl\/wp-json\/wp\/v2\/types\/page"}],"author":[{"embeddable":true,"href":"https:\/\/onlinelotto365.com\/pl\/wp-json\/wp\/v2\/users\/1"}],"replies":[{"embeddable":true,"href":"https:\/\/onlinelotto365.com\/pl\/wp-json\/wp\/v2\/comments?post=3808"}],"version-history":[{"count":0,"href":"https:\/\/onlinelotto365.com\/pl\/wp-json\/wp\/v2\/pages\/3808\/revisions"}],"wp:attachment":[{"href":"https:\/\/onlinelotto365.com\/pl\/wp-json\/wp\/v2\/media?parent=3808"}],"curies":[{"name":"wp","href":"https:\/\/api.w.org\/{rel}","templated":true}]}}