{"id":4391,"date":"2020-11-30T10:25:38","date_gmt":"2020-11-30T09:25:38","guid":{"rendered":"http:\/\/onlinelotto365.net\/winning-numbers\/wyniki-losowania-powerball"},"modified":"2021-01-07T08:28:56","modified_gmt":"2021-01-07T07:28:56","slug":"powerball","status":"publish","type":"page","link":"https:\/\/onlinelotto365.com\/pl\/numery-wygranych\/powerball\/","title":{"rendered":"Wyniki losowania Powerball"},"content":{"rendered":"<h2>Sprawd\u017a zwyci\u0119skie numery Powerball tutaj<\/h2>\n<p><a href=\"https:\/\/redfoxlotto.com\/pl\/powerball\/?ref=a8564250a2&amp;medium=ol365\" target=\"_blank\" rel=\"noopener noreferrer\"><img decoding=\"async\" class=\"aligncenter\" src=\"https:\/\/redfoxlotto.com\/image?size=8&amp;lottery=powerball\" alt=\"Powerball\" \/><\/a><br \/>\nZnalezienie zwyci\u0119skich numer\u00f3w Powerball jest \u0142atwe, je\u015bli mieszkasz w USA. Szczeg\u00f3lnie w przypadkach, gdy jackpot jest bardzo wysoki, <a href=\"https:\/\/onlinelotto365.com\/pl\/numery-wygranych\">results<\/a> b\u0119dzie nadawany w wiadomo\u015bciach i publikowany w ka\u017cdej gazecie.<\/p>\n<p>Ale co je\u015bli nie mieszkasz w Stanach Zjednoczonych, to kto dostanie w swoje r\u0119ce zwyci\u0119skie numery Powerball? Jak znajdziecie wyniki i zobaczycie, ile wygrali\u015bcie?<\/p>\n<h2>Jak dowiedzie\u0107 si\u0119, czy Tw\u00f3j bilet online wygra\u0142<\/h2>\n<p>C\u00f3\u017c, je\u015bli <a href=\"https:\/\/onlinelotto365.com\/pl\/kup-bilety\">zakupi\u0142e\u015b bilet online<\/a>, to jest naprawd\u0119 ca\u0142kiem proste. Przejd\u017a z powrotem na nasz\u0105 stron\u0119, zaloguj si\u0119 swoj\u0105 nazw\u0105 u\u017cytkownika i has\u0142em, a nast\u0119pnie przejd\u017a do sekcji, w kt\u00f3rej Tw\u00f3j bilet jest przechowywany cyfrowo. Liczby, kt\u00f3re zagra\u0142e\u015b, zostan\u0105 pod\u015bwietlone innym kolorem, je\u015bli odpowiadaj\u0105 liczbom z dnia losowania, na kt\u00f3ry kupi\u0142e\u015b bilet.<\/p>\n<p>Oczywi\u015bcie, mo\u017cesz r\u00f3wnie\u017c otworzy\u0107 nasz\u0105 stron\u0119 z przegl\u0105dem wynik\u00f3w i w ten spos\u00f3b por\u00f3wna\u0107 wyniki losowania z Twoim losowaniem. Niekt\u00f3rzy z naszych klient\u00f3w lubi\u0105 drukowa\u0107 swoje bilety online, a nast\u0119pnie zaznacza\u0107 zwyci\u0119skie numery na wydruku, aby sprawdzi\u0107, czy wygrali.<\/p>\n<h2>Archiwum wynik\u00f3w Powerball<\/h2>\n<p>Nasza strona z przegl\u0105dem wynik\u00f3w loterii pozwala r\u00f3wnie\u017c spojrze\u0107 na zwyci\u0119skie liczby z ostatnich tygodni. To mo\u017ce pom\u00f3c Ci w strategii wyboru Twoich szcz\u0119\u015bliwych numer\u00f3w. Na przyk\u0142ad, mo\u017cna spr\u00f3bowa\u0107 znale\u017a\u0107 liczby, kt\u00f3re s\u0105 ju\u017c dawno temu, a nast\u0119pnie stworzy\u0107 los na loteri\u0119 u\u017cywaj\u0105c tylko tych liczb.<\/p>\n<p>Mo\u017cesz te\u017c wybra\u0107 swoje zwyci\u0119skie numery Powerball, dowiaduj\u0105c si\u0119, kt\u00f3re numery pojawia\u0142y si\u0119 cz\u0119\u015bciej ni\u017c inne. Wielu graczy u\u017cywa mieszanki tych dw\u00f3ch <a href=\"https:\/\/onlinelotto365.com\/pl\/news\/sprytne-sposoby-wybierania-liczb-lotto-i-zwiekszania-swoich-szans\">metod do wybrania swoich osobistych numer\u00f3w loterii.<\/a><\/p>\n<p>Je\u015bli nie mo\u017cesz zdecydowa\u0107, kt\u00f3re numery wybra\u0107 dla zwyci\u0119skiego losu, jak o tej metodzie: Sprawd\u017a poprzednie zwyci\u0119skie liczby dla jakiej\u015b innej loterii z zakresem liczb podobnym do loterii, w kt\u00f3rej planujesz gra\u0107. Znajd\u017a zwyci\u0119sk\u0105 kombinacj\u0119, kt\u00f3ra podoba Ci si\u0119 w poprzednich wynikach, a nast\u0119pnie u\u017cyj tych starszych zwyci\u0119skich liczb do zagrania nowego kuponu na Powerball.<\/p>\n<h2>M\u00f3j bilet wygra\u0142, co dalej?<\/h2>\n<p>C\u00f3\u017c, gratulacje, dobrze dla ciebie! Oczywi\u015bcie, zawsze jeste\u015bmy zadowoleni, je\u015bli jeden z naszych klient\u00f3w ma na sobie bilet z wygrywaj\u0105cym biletem Powerball. Bez wzgl\u0119du na to, czy jest to mniejsza czy wi\u0119ksza wygrana, zadbamy o wyp\u0142at\u0119 dla Ciebie, oczywi\u015bcie bezp\u0142atnie!<\/p>\n<p>Wygrana w wysoko\u015bci \u20ac2500 lub mniej &#8211; wygrana kwota zostanie dodana do Twojego salda na naszej stronie. Wyp\u0142a\u0107cie go stamt\u0105d, albo we\u017acie reszt\u0119, \u017ceby kupi\u0107 wi\u0119cej bilet\u00f3w.<\/p>\n<p>Wygrane powy\u017cej E2500 &#8211; nasz zesp\u00f3\u0142 obs\u0142ugi klienta pomo\u017ce Ci w uzyskaniu wyp\u0142aty. Po przekazaniu pewnych informacji dotycz\u0105cych to\u017csamo\u015bci i preferowanej metody p\u0142atno\u015bci (przelew lub czek), otrzymasz p\u0142atno\u015b\u0107 bezpo\u015brednio w wybrany przez siebie spos\u00f3b.<\/p>\n","protected":false},"excerpt":{"rendered":"<p>Sprawd\u017a zwyci\u0119skie numery Powerball tutaj Znalezienie zwyci\u0119skich numer\u00f3w Powerball jest \u0142atwe, je\u015bli mieszkasz w USA. Szczeg\u00f3lnie w przypadkach, gdy jackpot jest bardzo wysoki, results b\u0119dzie nadawany w wiadomo\u015bciach i publikowany w ka\u017cdej gazecie. Ale co je\u015bli nie mieszkasz w Stanach Zjednoczonych, to kto dostanie w swoje r\u0119ce zwyci\u0119skie numery Powerball? Jak znajdziecie wyniki i zobaczycie, [&hellip;]<\/p>\n","protected":false},"author":1,"featured_media":0,"parent":3798,"menu_order":1,"comment_status":"closed","ping_status":"closed","template":"powerball-usa-info.php","meta":{"_et_pb_use_builder":"","_et_pb_old_content":"","_et_gb_content_width":"","exclude_from_search":false,"footnotes":""},"class_list":["post-4391","page","type-page","status-publish","hentry"],"yoast_head":"<!-- This site is optimized with the Yoast SEO plugin v23.4 - https:\/\/yoast.com\/wordpress\/plugins\/seo\/ -->\n<title>Zwyci\u0119skie numery Powerball | Sprawd\u017a wyniki i wygrane dla Powerball USA<\/title>\n<meta name=\"description\" content=\"Chcesz zobaczy\u0107, czy Tw\u00f3j bilet na Powerball jest zwyci\u0119zc\u0105? Sprawd\u017a zwyci\u0119skie numery na naszej stronie internetowej!\" \/>\n<meta name=\"robots\" content=\"index, follow, max-snippet:-1, max-image-preview:large, max-video-preview:-1\" \/>\n<link rel=\"canonical\" href=\"https:\/\/onlinelotto365.com\/pl\/numery-wygranych\/powerball\/\" \/>\n<meta property=\"og:locale\" content=\"pl_PL\" \/>\n<meta property=\"og:type\" content=\"article\" \/>\n<meta property=\"og:title\" content=\"Zwyci\u0119skie numery Powerball | Sprawd\u017a wyniki i wygrane dla Powerball USA\" \/>\n<meta property=\"og:description\" content=\"Chcesz zobaczy\u0107, czy Tw\u00f3j bilet na Powerball jest zwyci\u0119zc\u0105? Sprawd\u017a zwyci\u0119skie numery na naszej stronie internetowej!\" \/>\n<meta property=\"og:url\" content=\"https:\/\/onlinelotto365.com\/pl\/numery-wygranych\/powerball\/\" \/>\n<meta property=\"og:site_name\" content=\"OnlineLotto365\" \/>\n<meta property=\"article:modified_time\" content=\"2021-01-07T07:28:56+00:00\" \/>\n<meta property=\"og:image\" content=\"https:\/\/redfoxlotto.com\/image?size=8&amp;lottery=powerball\" \/>\n<meta name=\"twitter:card\" content=\"summary_large_image\" \/>\n<meta name=\"twitter:label1\" content=\"Szacowany czas czytania\" \/>\n\t<meta name=\"twitter:data1\" content=\"2 minuty\" \/>\n<script type=\"application\/ld+json\" class=\"yoast-schema-graph\">{\"@context\":\"https:\/\/schema.org\",\"@graph\":[{\"@type\":\"WebPage\",\"@id\":\"https:\/\/onlinelotto365.com\/pl\/numery-wygranych\/powerball\/\",\"url\":\"https:\/\/onlinelotto365.com\/pl\/numery-wygranych\/powerball\/\",\"name\":\"Zwyci\u0119skie numery Powerball | Sprawd\u017a wyniki i wygrane dla Powerball USA\",\"isPartOf\":{\"@id\":\"https:\/\/onlinelotto365.com\/pl\/#website\"},\"primaryImageOfPage\":{\"@id\":\"https:\/\/onlinelotto365.com\/pl\/numery-wygranych\/powerball\/#primaryimage\"},\"image\":{\"@id\":\"https:\/\/onlinelotto365.com\/pl\/numery-wygranych\/powerball\/#primaryimage\"},\"thumbnailUrl\":\"https:\/\/redfoxlotto.com\/image?size=8&amp;lottery=powerball\",\"datePublished\":\"2020-11-30T09:25:38+00:00\",\"dateModified\":\"2021-01-07T07:28:56+00:00\",\"description\":\"Chcesz zobaczy\u0107, czy Tw\u00f3j bilet na Powerball jest zwyci\u0119zc\u0105? Sprawd\u017a zwyci\u0119skie numery na naszej stronie internetowej!\",\"breadcrumb\":{\"@id\":\"https:\/\/onlinelotto365.com\/pl\/numery-wygranych\/powerball\/#breadcrumb\"},\"inLanguage\":\"pl-PL\",\"potentialAction\":[{\"@type\":\"ReadAction\",\"target\":[\"https:\/\/onlinelotto365.com\/pl\/numery-wygranych\/powerball\/\"]}]},{\"@type\":\"ImageObject\",\"inLanguage\":\"pl-PL\",\"@id\":\"https:\/\/onlinelotto365.com\/pl\/numery-wygranych\/powerball\/#primaryimage\",\"url\":\"https:\/\/redfoxlotto.com\/image?size=8&amp;lottery=powerball\",\"contentUrl\":\"https:\/\/redfoxlotto.com\/image?size=8&amp;lottery=powerball\"},{\"@type\":\"BreadcrumbList\",\"@id\":\"https:\/\/onlinelotto365.com\/pl\/numery-wygranych\/powerball\/#breadcrumb\",\"itemListElement\":[{\"@type\":\"ListItem\",\"position\":1,\"name\":\"Home\",\"item\":\"https:\/\/onlinelotto365.com\/pl\/\"},{\"@type\":\"ListItem\",\"position\":2,\"name\":\"Znajd\u017a zwyci\u0119skie liczby i wyniki najnowszych losowa\u0144 lotto\",\"item\":\"https:\/\/onlinelotto365.com\/pl\/numery-wygranych\/\"},{\"@type\":\"ListItem\",\"position\":3,\"name\":\"Wyniki losowania Powerball\"}]},{\"@type\":\"WebSite\",\"@id\":\"https:\/\/onlinelotto365.com\/pl\/#website\",\"url\":\"https:\/\/onlinelotto365.com\/pl\/\",\"name\":\"OnlineLotto365\",\"description\":\"\",\"potentialAction\":[{\"@type\":\"SearchAction\",\"target\":{\"@type\":\"EntryPoint\",\"urlTemplate\":\"https:\/\/onlinelotto365.com\/pl\/?s={search_term_string}\"},\"query-input\":{\"@type\":\"PropertyValueSpecification\",\"valueRequired\":true,\"valueName\":\"search_term_string\"}}],\"inLanguage\":\"pl-PL\"}]}<\/script>\n<!-- \/ Yoast SEO plugin. -->","yoast_head_json":{"title":"Zwyci\u0119skie numery Powerball | Sprawd\u017a wyniki i wygrane dla Powerball USA","description":"Chcesz zobaczy\u0107, czy Tw\u00f3j bilet na Powerball jest zwyci\u0119zc\u0105? Sprawd\u017a zwyci\u0119skie numery na naszej stronie internetowej!","robots":{"index":"index","follow":"follow","max-snippet":"max-snippet:-1","max-image-preview":"max-image-preview:large","max-video-preview":"max-video-preview:-1"},"canonical":"https:\/\/onlinelotto365.com\/pl\/numery-wygranych\/powerball\/","og_locale":"pl_PL","og_type":"article","og_title":"Zwyci\u0119skie numery Powerball | Sprawd\u017a wyniki i wygrane dla Powerball USA","og_description":"Chcesz zobaczy\u0107, czy Tw\u00f3j bilet na Powerball jest zwyci\u0119zc\u0105? Sprawd\u017a zwyci\u0119skie numery na naszej stronie internetowej!","og_url":"https:\/\/onlinelotto365.com\/pl\/numery-wygranych\/powerball\/","og_site_name":"OnlineLotto365","article_modified_time":"2021-01-07T07:28:56+00:00","og_image":[{"url":"https:\/\/redfoxlotto.com\/image?size=8&amp;lottery=powerball"}],"twitter_card":"summary_large_image","twitter_misc":{"Szacowany czas czytania":"2 minuty"},"schema":{"@context":"https:\/\/schema.org","@graph":[{"@type":"WebPage","@id":"https:\/\/onlinelotto365.com\/pl\/numery-wygranych\/powerball\/","url":"https:\/\/onlinelotto365.com\/pl\/numery-wygranych\/powerball\/","name":"Zwyci\u0119skie numery Powerball | Sprawd\u017a wyniki i wygrane dla Powerball USA","isPartOf":{"@id":"https:\/\/onlinelotto365.com\/pl\/#website"},"primaryImageOfPage":{"@id":"https:\/\/onlinelotto365.com\/pl\/numery-wygranych\/powerball\/#primaryimage"},"image":{"@id":"https:\/\/onlinelotto365.com\/pl\/numery-wygranych\/powerball\/#primaryimage"},"thumbnailUrl":"https:\/\/redfoxlotto.com\/image?size=8&amp;lottery=powerball","datePublished":"2020-11-30T09:25:38+00:00","dateModified":"2021-01-07T07:28:56+00:00","description":"Chcesz zobaczy\u0107, czy Tw\u00f3j bilet na Powerball jest zwyci\u0119zc\u0105? Sprawd\u017a zwyci\u0119skie numery na naszej stronie internetowej!","breadcrumb":{"@id":"https:\/\/onlinelotto365.com\/pl\/numery-wygranych\/powerball\/#breadcrumb"},"inLanguage":"pl-PL","potentialAction":[{"@type":"ReadAction","target":["https:\/\/onlinelotto365.com\/pl\/numery-wygranych\/powerball\/"]}]},{"@type":"ImageObject","inLanguage":"pl-PL","@id":"https:\/\/onlinelotto365.com\/pl\/numery-wygranych\/powerball\/#primaryimage","url":"https:\/\/redfoxlotto.com\/image?size=8&amp;lottery=powerball","contentUrl":"https:\/\/redfoxlotto.com\/image?size=8&amp;lottery=powerball"},{"@type":"BreadcrumbList","@id":"https:\/\/onlinelotto365.com\/pl\/numery-wygranych\/powerball\/#breadcrumb","itemListElement":[{"@type":"ListItem","position":1,"name":"Home","item":"https:\/\/onlinelotto365.com\/pl\/"},{"@type":"ListItem","position":2,"name":"Znajd\u017a zwyci\u0119skie liczby i wyniki najnowszych losowa\u0144 lotto","item":"https:\/\/onlinelotto365.com\/pl\/numery-wygranych\/"},{"@type":"ListItem","position":3,"name":"Wyniki losowania Powerball"}]},{"@type":"WebSite","@id":"https:\/\/onlinelotto365.com\/pl\/#website","url":"https:\/\/onlinelotto365.com\/pl\/","name":"OnlineLotto365","description":"","potentialAction":[{"@type":"SearchAction","target":{"@type":"EntryPoint","urlTemplate":"https:\/\/onlinelotto365.com\/pl\/?s={search_term_string}"},"query-input":{"@type":"PropertyValueSpecification","valueRequired":true,"valueName":"search_term_string"}}],"inLanguage":"pl-PL"}]}},"_links":{"self":[{"href":"https:\/\/onlinelotto365.com\/pl\/wp-json\/wp\/v2\/pages\/4391","targetHints":{"allow":["GET"]}}],"collection":[{"href":"https:\/\/onlinelotto365.com\/pl\/wp-json\/wp\/v2\/pages"}],"about":[{"href":"https:\/\/onlinelotto365.com\/pl\/wp-json\/wp\/v2\/types\/page"}],"author":[{"embeddable":true,"href":"https:\/\/onlinelotto365.com\/pl\/wp-json\/wp\/v2\/users\/1"}],"replies":[{"embeddable":true,"href":"https:\/\/onlinelotto365.com\/pl\/wp-json\/wp\/v2\/comments?post=4391"}],"version-history":[{"count":0,"href":"https:\/\/onlinelotto365.com\/pl\/wp-json\/wp\/v2\/pages\/4391\/revisions"}],"up":[{"embeddable":true,"href":"https:\/\/onlinelotto365.com\/pl\/wp-json\/wp\/v2\/pages\/3798"}],"wp:attachment":[{"href":"https:\/\/onlinelotto365.com\/pl\/wp-json\/wp\/v2\/media?parent=4391"}],"curies":[{"name":"wp","href":"https:\/\/api.w.org\/{rel}","templated":true}]}}