{"id":5030,"date":"2020-12-03T08:56:06","date_gmt":"2020-12-03T07:56:06","guid":{"rendered":"http:\/\/onlinelotto365.net\/?page_id=5030"},"modified":"2021-01-07T08:03:45","modified_gmt":"2021-01-07T07:03:45","slug":"zagraj","status":"publish","type":"page","link":"https:\/\/onlinelotto365.com\/pl\/zagraj\/","title":{"rendered":"Wszystko, co musisz wiedzie\u0107 o swoich opcjach, aby gra\u0107 na najlepszych loteriach online"},"content":{"rendered":"<p>Chcesz zacz\u0105\u0107 gra\u0107 na loterii? C\u00f3\u017c, je\u015bli tak, to na pewno b\u0119dziesz chcia\u0142 sprawdzi\u0107 swoje opcje online. Wszystkie du\u017ce gry lotto, z prawie ka\u017cdego miejsca na \u015bwiecie, s\u0105 <strong>dost\u0119pne dla Ciebie do gry online.<\/strong>Musisz tylko wiedzie\u0107, gdzie szuka\u0107 i jak zacz\u0105\u0107. Na szcz\u0119\u015bcie dla Ciebie, to jest rzeczywi\u015bcie naprawd\u0119 proste do zrobienia. Wystarczy, \u017ce za\u0142o\u017cysz zak\u0142adk\u0119 na naszej stronie internetowej i sprawdzisz aktualne informacje. Znajdziesz na niej wiele opcji, aby zagra\u0107 w ka\u017cd\u0105 z<a href=\"https:\/\/onlinelotto365.com\/pl\/kup-bilety\"> gier loteryjnych<\/a>, kt\u00f3re widzisz, z ka\u017cdego z wymienionych kraj\u00f3w.<\/p>\n<p><a href=\"https:\/\/redfoxlotto.com\/pl\/mega-millions\/?ref=a8564250a2&amp;medium=ol365\" target=\"_blank\" rel=\"noopener noreferrer\"><img loading=\"lazy\" decoding=\"async\" class=\"aligncenter\" src=\"https:\/\/redfoxlotto.com\/pl\/image?size=7&amp;lottery=mega-millions\" alt=\"Zagraj mega millions\" width=\"841\" height=\"108\" \/><\/a><\/p>\n<p>To, co jest wspania\u0142e w opcjach online, to fakt, \u017ce pozwala na gr\u0119 w <strong>gry, kt\u00f3re s\u0105 zlokalizowane na ca\u0142ym \u015bwiecie<\/strong>. Nie ograniczysz si\u0119 ju\u017c tylko do gier, w kt\u00f3re mo\u017cesz gra\u0107 w swoim lokalnym sklepie. Zamiast tego b\u0119dziesz m\u00f3g\u0142 sprawdzi\u0107, w jakie gry gra si\u0119 w r\u00f3\u017cnych krajach i spr\u00f3bowa\u0107 szcz\u0119\u015bcia w nich.<\/p>\n<h2>Granie na loterii online daje Ci wi\u0119cej mo\u017cliwo\u015bci wyboru<\/h2>\n<p>Najlepsz\u0105 cz\u0119\u015bci\u0105 gry na loterii online jest fakt, \u017ce w danym momencie, <strong>tam b\u0119dzie wielki jackpot dost\u0119pny dla Ciebie, aby wygra\u0107<\/strong>. Je\u015bli ograniczysz si\u0119 do gry w lokaln\u0105 loteri\u0119, by\u0107 mo\u017ce b\u0119dziesz musia\u0142 d\u0142ugo czeka\u0107, a\u017c jackpot wzro\u015bnie do tego stopnia, \u017ce zainwestowanie pieni\u0119dzy w losy b\u0119dzie mia\u0142o sens.<\/p>\n<p>Oczywiste jest, \u017ce <a href=\"https:\/\/onlinelotto365.com\/pl\/news\/dzisiejszy-jackpot-mega-milionow\">rozmiar jackpota<\/a> jest wa\u017cny dla Twojej decyzji. Wi\u0119ksza wygrana oznacza, \u017ce Twoja matematyczna wygrana jest wy\u017csza. Dlatego te\u017c wi\u0119kszo\u015b\u0107 naszych klient\u00f3w wydaje swoje pieni\u0105dze na loteryjne wygrane, kt\u00f3re s\u0105 obecnie najwy\u017csze.<\/p>\n<h2>Jak dzia\u0142a serwis lotto online?<\/h2>\n<p><img loading=\"lazy\" decoding=\"async\" class=\"alignright wp-image-1862\" src=\"https:\/\/onlinelotto365.com\/wp-content\/uploads\/2020\/11\/online_lottery-166-200x300.jpg\" alt=\"Zagraj Lotto Online\" width=\"96\" height=\"144\" \/>Najszybszym sposobem, aby rozpocz\u0105\u0107 gr\u0119 na loterii online jest klikni\u0119cie jednego z przycisk\u00f3w loterii lub baner\u00f3w i wybra\u0107 swoje numery, aby utworzy\u0107 kupon. <strong>Mo\u017cesz gra\u0107 wi\u0119cej ni\u017c jedn\u0105 loteri\u0119, je\u015bli chcesz<\/strong>. Wystarczy doda\u0107 tyle bilet\u00f3w, ile chcesz do koszyka. Nast\u0119pnie kliknij, aby wymeldowa\u0107 si\u0119 i zap\u0142aci\u0107. Musisz za\u0142o\u017cy\u0107 u nas konto. Nie zapomnij zweryfikowa\u0107 swojego konta &#8211; poszukaj maila weryfikacyjnego w swojej skrzynce odbiorczej. Je\u015bli nie ma tam \u017cadnego e-maila, znajdziesz go w swoim folderze z nieznanymi nadawcami, a mo\u017ce w swojej skrzynce spamu.<\/p>\n<h2>Czy mog\u0119 gra\u0107 z mojego kraju zamieszkania?<\/h2>\n<p>To naprawd\u0119 nie ma znaczenia, gdzie mieszkasz. Gra w lotto online dzia\u0142a z (prawie) ka\u017cdego miejsca. Jedynym wyj\u0105tkiem jest to, \u017ce nie mo\u017cemy przyjmowa\u0107 klient\u00f3w z USA i Holandii.<\/p>\n<h2>Jak mog\u0119 dosta\u0107 swoj\u0105 wygran\u0105?<\/h2>\n<p>Nasz serwis los\u00f3w loteryjnych obejmuje nasz\u0105 pomoc, je\u015bli chodzi o wyp\u0142at\u0119 got\u00f3wki w swoim <a href=\"https:\/\/onlinelotto365.com\/pl\/numery-wygranych\">wygranych<\/a>. Istniej\u0105 dwie r\u00f3\u017cne procedury w tym zakresie:<\/p>\n<ul>\n<li>Wygrane <strong>mniej ni\u017c \u20ac2500:<\/strong>Wygrana kwota zostanie dodana do salda u\u017cytkownika na naszej stronie. Mo\u017cesz wyp\u0142aci\u0107 pieni\u0105dze stamt\u0105d, na przyk\u0142ad na swoj\u0105 kart\u0119 kredytow\u0105 lub konto bankowe.<\/li>\n<li>Wygrywa wi\u0119cej ni\u017c <strong>\u20ac2500:<\/strong>Wp\u0142aty wy\u017cszych kwot b\u0119d\u0105 dokonywane bezpo\u015brednio przez sam\u0105 loteri\u0119. Zapewnimy Ci formularz, kt\u00f3ry musisz wype\u0142ni\u0107 i odes\u0142a\u0107 do nas. Formularz zawiera Twoje instrukcje dotycz\u0105ce wyp\u0142aty, kt\u00f3re mog\u0105 by\u0107 albo przelewem bankowym lub czekiem. Wszystko to zostanie zrobione online. Formularz wy\u015blemy na loteri\u0119, a ona przeleje pieni\u0105dze na Twoje konto bankowe lub wy\u015ble Ci czek &#8211; zgodnie z Twoimi preferencjami.<\/li>\n<\/ul>\n","protected":false},"excerpt":{"rendered":"<p>Chcesz zacz\u0105\u0107 gra\u0107 na loterii? C\u00f3\u017c, je\u015bli tak, to na pewno b\u0119dziesz chcia\u0142 sprawdzi\u0107 swoje opcje online. Wszystkie du\u017ce gry lotto, z prawie ka\u017cdego miejsca na \u015bwiecie, s\u0105 dost\u0119pne dla Ciebie do gry online.Musisz tylko wiedzie\u0107, gdzie szuka\u0107 i jak zacz\u0105\u0107. Na szcz\u0119\u015bcie dla Ciebie, to jest rzeczywi\u015bcie naprawd\u0119 proste do zrobienia. Wystarczy, \u017ce za\u0142o\u017cysz [&hellip;]<\/p>\n","protected":false},"author":1,"featured_media":0,"parent":0,"menu_order":2,"comment_status":"closed","ping_status":"closed","template":"Play-all.php","meta":{"_et_pb_use_builder":"","_et_pb_old_content":"","_et_gb_content_width":"","exclude_from_search":false,"footnotes":""},"class_list":["post-5030","page","type-page","status-publish","hentry"],"yoast_head":"<!-- This site is optimized with the Yoast SEO plugin v23.4 - https:\/\/yoast.com\/wordpress\/plugins\/seo\/ -->\n<title>Zagraj w Lotto Online - wi\u0119cej jackpot\u00f3w dla fan\u00f3w loterii z ca\u0142ego \u015bwiata<\/title>\n<meta name=\"description\" content=\"U\u0142atwiamy Ci gr\u0119 na zagranicznych loteriach online - wszystkie wielkie jackpoty s\u0105 tutaj\" \/>\n<meta name=\"robots\" content=\"index, follow, max-snippet:-1, max-image-preview:large, max-video-preview:-1\" \/>\n<link rel=\"canonical\" href=\"https:\/\/onlinelotto365.com\/pl\/zagraj\/\" \/>\n<meta property=\"og:locale\" content=\"pl_PL\" \/>\n<meta property=\"og:type\" content=\"article\" \/>\n<meta property=\"og:title\" content=\"Zagraj w Lotto Online - wi\u0119cej jackpot\u00f3w dla fan\u00f3w loterii z ca\u0142ego \u015bwiata\" \/>\n<meta property=\"og:description\" content=\"U\u0142atwiamy Ci gr\u0119 na zagranicznych loteriach online - wszystkie wielkie jackpoty s\u0105 tutaj\" \/>\n<meta property=\"og:url\" content=\"https:\/\/onlinelotto365.com\/pl\/zagraj\/\" \/>\n<meta property=\"og:site_name\" content=\"OnlineLotto365\" \/>\n<meta property=\"article:modified_time\" content=\"2021-01-07T07:03:45+00:00\" \/>\n<meta property=\"og:image\" content=\"https:\/\/redfoxlotto.com\/pl\/image?size=7&amp;lottery=mega-millions\" \/>\n<meta name=\"twitter:card\" content=\"summary_large_image\" \/>\n<meta name=\"twitter:label1\" content=\"Szacowany czas czytania\" \/>\n\t<meta name=\"twitter:data1\" content=\"3 minuty\" \/>\n<script type=\"application\/ld+json\" class=\"yoast-schema-graph\">{\"@context\":\"https:\/\/schema.org\",\"@graph\":[{\"@type\":\"WebPage\",\"@id\":\"https:\/\/onlinelotto365.com\/pl\/zagraj\/\",\"url\":\"https:\/\/onlinelotto365.com\/pl\/zagraj\/\",\"name\":\"Zagraj w Lotto Online - wi\u0119cej jackpot\u00f3w dla fan\u00f3w loterii z ca\u0142ego \u015bwiata\",\"isPartOf\":{\"@id\":\"https:\/\/onlinelotto365.com\/pl\/#website\"},\"primaryImageOfPage\":{\"@id\":\"https:\/\/onlinelotto365.com\/pl\/zagraj\/#primaryimage\"},\"image\":{\"@id\":\"https:\/\/onlinelotto365.com\/pl\/zagraj\/#primaryimage\"},\"thumbnailUrl\":\"https:\/\/redfoxlotto.com\/pl\/image?size=7&amp;lottery=mega-millions\",\"datePublished\":\"2020-12-03T07:56:06+00:00\",\"dateModified\":\"2021-01-07T07:03:45+00:00\",\"description\":\"U\u0142atwiamy Ci gr\u0119 na zagranicznych loteriach online - wszystkie wielkie jackpoty s\u0105 tutaj\",\"breadcrumb\":{\"@id\":\"https:\/\/onlinelotto365.com\/pl\/zagraj\/#breadcrumb\"},\"inLanguage\":\"pl-PL\",\"potentialAction\":[{\"@type\":\"ReadAction\",\"target\":[\"https:\/\/onlinelotto365.com\/pl\/zagraj\/\"]}]},{\"@type\":\"ImageObject\",\"inLanguage\":\"pl-PL\",\"@id\":\"https:\/\/onlinelotto365.com\/pl\/zagraj\/#primaryimage\",\"url\":\"https:\/\/redfoxlotto.com\/pl\/image?size=7&amp;lottery=mega-millions\",\"contentUrl\":\"https:\/\/redfoxlotto.com\/pl\/image?size=7&amp;lottery=mega-millions\"},{\"@type\":\"BreadcrumbList\",\"@id\":\"https:\/\/onlinelotto365.com\/pl\/zagraj\/#breadcrumb\",\"itemListElement\":[{\"@type\":\"ListItem\",\"position\":1,\"name\":\"Home\",\"item\":\"https:\/\/onlinelotto365.com\/pl\/\"},{\"@type\":\"ListItem\",\"position\":2,\"name\":\"Wszystko, co musisz wiedzie\u0107 o swoich opcjach, aby gra\u0107 na najlepszych loteriach online\"}]},{\"@type\":\"WebSite\",\"@id\":\"https:\/\/onlinelotto365.com\/pl\/#website\",\"url\":\"https:\/\/onlinelotto365.com\/pl\/\",\"name\":\"OnlineLotto365\",\"description\":\"\",\"potentialAction\":[{\"@type\":\"SearchAction\",\"target\":{\"@type\":\"EntryPoint\",\"urlTemplate\":\"https:\/\/onlinelotto365.com\/pl\/?s={search_term_string}\"},\"query-input\":{\"@type\":\"PropertyValueSpecification\",\"valueRequired\":true,\"valueName\":\"search_term_string\"}}],\"inLanguage\":\"pl-PL\"}]}<\/script>\n<!-- \/ Yoast SEO plugin. -->","yoast_head_json":{"title":"Zagraj w Lotto Online - wi\u0119cej jackpot\u00f3w dla fan\u00f3w loterii z ca\u0142ego \u015bwiata","description":"U\u0142atwiamy Ci gr\u0119 na zagranicznych loteriach online - wszystkie wielkie jackpoty s\u0105 tutaj","robots":{"index":"index","follow":"follow","max-snippet":"max-snippet:-1","max-image-preview":"max-image-preview:large","max-video-preview":"max-video-preview:-1"},"canonical":"https:\/\/onlinelotto365.com\/pl\/zagraj\/","og_locale":"pl_PL","og_type":"article","og_title":"Zagraj w Lotto Online - wi\u0119cej jackpot\u00f3w dla fan\u00f3w loterii z ca\u0142ego \u015bwiata","og_description":"U\u0142atwiamy Ci gr\u0119 na zagranicznych loteriach online - wszystkie wielkie jackpoty s\u0105 tutaj","og_url":"https:\/\/onlinelotto365.com\/pl\/zagraj\/","og_site_name":"OnlineLotto365","article_modified_time":"2021-01-07T07:03:45+00:00","og_image":[{"url":"https:\/\/redfoxlotto.com\/pl\/image?size=7&amp;lottery=mega-millions"}],"twitter_card":"summary_large_image","twitter_misc":{"Szacowany czas czytania":"3 minuty"},"schema":{"@context":"https:\/\/schema.org","@graph":[{"@type":"WebPage","@id":"https:\/\/onlinelotto365.com\/pl\/zagraj\/","url":"https:\/\/onlinelotto365.com\/pl\/zagraj\/","name":"Zagraj w Lotto Online - wi\u0119cej jackpot\u00f3w dla fan\u00f3w loterii z ca\u0142ego \u015bwiata","isPartOf":{"@id":"https:\/\/onlinelotto365.com\/pl\/#website"},"primaryImageOfPage":{"@id":"https:\/\/onlinelotto365.com\/pl\/zagraj\/#primaryimage"},"image":{"@id":"https:\/\/onlinelotto365.com\/pl\/zagraj\/#primaryimage"},"thumbnailUrl":"https:\/\/redfoxlotto.com\/pl\/image?size=7&amp;lottery=mega-millions","datePublished":"2020-12-03T07:56:06+00:00","dateModified":"2021-01-07T07:03:45+00:00","description":"U\u0142atwiamy Ci gr\u0119 na zagranicznych loteriach online - wszystkie wielkie jackpoty s\u0105 tutaj","breadcrumb":{"@id":"https:\/\/onlinelotto365.com\/pl\/zagraj\/#breadcrumb"},"inLanguage":"pl-PL","potentialAction":[{"@type":"ReadAction","target":["https:\/\/onlinelotto365.com\/pl\/zagraj\/"]}]},{"@type":"ImageObject","inLanguage":"pl-PL","@id":"https:\/\/onlinelotto365.com\/pl\/zagraj\/#primaryimage","url":"https:\/\/redfoxlotto.com\/pl\/image?size=7&amp;lottery=mega-millions","contentUrl":"https:\/\/redfoxlotto.com\/pl\/image?size=7&amp;lottery=mega-millions"},{"@type":"BreadcrumbList","@id":"https:\/\/onlinelotto365.com\/pl\/zagraj\/#breadcrumb","itemListElement":[{"@type":"ListItem","position":1,"name":"Home","item":"https:\/\/onlinelotto365.com\/pl\/"},{"@type":"ListItem","position":2,"name":"Wszystko, co musisz wiedzie\u0107 o swoich opcjach, aby gra\u0107 na najlepszych loteriach online"}]},{"@type":"WebSite","@id":"https:\/\/onlinelotto365.com\/pl\/#website","url":"https:\/\/onlinelotto365.com\/pl\/","name":"OnlineLotto365","description":"","potentialAction":[{"@type":"SearchAction","target":{"@type":"EntryPoint","urlTemplate":"https:\/\/onlinelotto365.com\/pl\/?s={search_term_string}"},"query-input":{"@type":"PropertyValueSpecification","valueRequired":true,"valueName":"search_term_string"}}],"inLanguage":"pl-PL"}]}},"_links":{"self":[{"href":"https:\/\/onlinelotto365.com\/pl\/wp-json\/wp\/v2\/pages\/5030","targetHints":{"allow":["GET"]}}],"collection":[{"href":"https:\/\/onlinelotto365.com\/pl\/wp-json\/wp\/v2\/pages"}],"about":[{"href":"https:\/\/onlinelotto365.com\/pl\/wp-json\/wp\/v2\/types\/page"}],"author":[{"embeddable":true,"href":"https:\/\/onlinelotto365.com\/pl\/wp-json\/wp\/v2\/users\/1"}],"replies":[{"embeddable":true,"href":"https:\/\/onlinelotto365.com\/pl\/wp-json\/wp\/v2\/comments?post=5030"}],"version-history":[{"count":0,"href":"https:\/\/onlinelotto365.com\/pl\/wp-json\/wp\/v2\/pages\/5030\/revisions"}],"wp:attachment":[{"href":"https:\/\/onlinelotto365.com\/pl\/wp-json\/wp\/v2\/media?parent=5030"}],"curies":[{"name":"wp","href":"https:\/\/api.w.org\/{rel}","templated":true}]}}