{"id":6338,"date":"2020-12-06T20:08:58","date_gmt":"2020-12-06T19:08:58","guid":{"rendered":"http:\/\/onlinelotto365.net\/numery-wygranych\/la-primitiva"},"modified":"2021-01-07T08:30:25","modified_gmt":"2021-01-07T07:30:25","slug":"la-primitiva","status":"publish","type":"page","link":"https:\/\/onlinelotto365.com\/pl\/numery-wygranych\/la-primitiva\/","title":{"rendered":"Wyniki losowania La Primitiva"},"content":{"rendered":"<p>Oferujemy wiele r\u00f3\u017cnych mi\u0119dzynarodowych gier loteryjnych i wiemy, \u017ce chcesz szybko znale\u017a\u0107 zwyci\u0119skie liczby. Dlatego niekt\u00f3rzy szukaj\u0105 numer\u00f3w w gazecie. <strong>Ale znalezienie zwyci\u0119skich numer\u00f3w dla La Primitiva w gazecie mo\u017ce by\u0107 trudne.<\/strong> Znalezienie tych numer\u00f3w w telewizji r\u00f3wnie\u017c jest mo\u017cliwe, poniewa\u017c trzeba zrobi\u0107 badania, aby znale\u017a\u0107 odpowiedni kana\u0142.<\/p>\n<p>Inn\u0105 mo\u017cliwo\u015bci\u0105 jest wej\u015bcie na stron\u0119 internetow\u0105 La Primitivy i sprawdzenie, czy pokazuje ona losowanie na \u017cywo dla swojej gry. Je\u015bli to zrobi\u0105, to mo\u017ce by\u0107 ekscytuj\u0105ce obserwowa\u0107. Je\u015bli jednak tego nie zrobi\u0105, co wiele gier loteryjnych, to utkniesz w martwym punkcie, czekaj\u0105c na wi\u0119cej.<\/p>\n<p>Po zako\u0144czeniu losowania, mo\u017cna czasami znale\u017a\u0107 najnowszy losowanie La Primitiva na YouTube. Ale musia\u0142by\u015b poczeka\u0107 chwil\u0119 po rysunku, \u017ceby to zrobi\u0107.<br \/>\n<a href=\"https:\/\/redfoxlotto.com\/pl\/graj\/la-primitiva\/?ref=a8564250a2&amp;medium=ol365\" target=\"_blank\" rel=\"noopener noreferrer\"><img decoding=\"async\" class=\"aligncenter\" src=\"https:\/\/redfoxlotto.com\/image?size=8&amp;lottery=la-primitiva\" alt=\" la primitiva\" \/><\/a><\/p>\n<p><strong>najbardziej wygodn\u0105 metod\u0105, aby uzyska\u0107 numery<\/strong>, jest jednak <strong>sprawdzenie naszej strony<\/strong>. Zwyci\u0119skie liczby i wyniki, a nawet kwoty nagr\u00f3d dla La Primitiva oferujemy bezpo\u015brednio na naszej stronie internetowej, a tak\u017ce zawieramy <a href=\"https:\/\/onlinelotto365.com\/pl\/zagraj\"> inne loterie, kt\u00f3re oferujemy<\/a>.<\/p>\n<h2>Jak dowiedzie\u0107 si\u0119, czy Tw\u00f3j bilet online wygra\u0142<img loading=\"lazy\" decoding=\"async\" class=\"alignright wp-image-3572\" src=\"https:\/\/onlinelotto365.com\/wp-content\/uploads\/2020\/11\/online_lottery-25-300x212.jpg\" alt=\"zwyci\u0119skie numery dla La Primitiva\" width=\"232\" height=\"165\" srcset=\"https:\/\/onlinelotto365.com\/wp-content\/uploads\/2020\/11\/online_lottery-25-300x212.jpg 300w, https:\/\/onlinelotto365.com\/wp-content\/uploads\/2020\/11\/online_lottery-25.jpg 320w\" sizes=\"auto, (max-width: 232px) 100vw, 232px\" \/><\/h2>\n<p>Je\u015bli <a href=\"http:\/\/onlinelotto365.com\/buy-tickets\">zakupione bilety<\/a> na La Primitiva to nie musisz nawet przechodzi\u0107 do strony wynik\u00f3w. Mo\u017cesz wej\u015b\u0107 bezpo\u015brednio na swoje konto i sprawdzi\u0107 swoje bilety. Na tym samym ekranie zobaczysz zwyci\u0119skie numery dla ka\u017cdej z gier, w kt\u00f3r\u0105 gra\u0142e\u015b. I zobaczysz wyr\u00f3\u017cnione numery dla ka\u017cdego dopasowania pomi\u0119dzy twoim biletem a zwyci\u0119skimi numerami.<br \/>\nJe\u015bli masz prawid\u0142owy numer, zostaniesz zwyci\u0119zc\u0105 i zobaczysz, ile dok\u0142adnie wygra\u0142e\u015b. Wygrane (za ka\u017cd\u0105 kwot\u0119 poni\u017cej 2500\u20ac) s\u0105 ju\u017c dost\u0119pne na Twoim koncie, gdy tylko wyniki zostan\u0105 zweryfikowane.<\/p>\n<h2>Archiwum wynik\u00f3w La Primitiva<\/h2>\n<p>Dla tych, kt\u00f3rzy chc\u0105 wybra\u0107 swoje numery do nast\u0119pnego losowania, wiemy, \u017ce wa\u017cne mo\u017ce by\u0107, aby sprawdzi\u0107 starsze bilety i starsze numery. Tak wi\u0119c, upewniamy si\u0119, \u017ce ka\u017cda strona, kt\u00f3ra ma najnowsze wyniki La Primitiva, ma dost\u0119p r\u00f3wnie\u017c do starszych numer\u00f3w. Mo\u017cesz je sprawdzi\u0107 w ka\u017cdej chwili z dowolnego powodu.<\/p>\n<h2>M\u00f3j bilet wygra\u0142, co dalej?<\/h2>\n<p>Je\u015bli Tw\u00f3j bilet jest zwyci\u0119zc\u0105, wystarczy, \u017ce usi\u0105dziesz i odpoczniesz, bo my zajmiemy si\u0119 wszystkim za Ciebie. Ka\u017cda kwota poni\u017cej \u20ac2500 jest zapisywana bezpo\u015brednio na Twoim koncie, dzi\u0119ki czemu nie musisz si\u0119 o ni\u0105 ubiega\u0107 ani podejmowa\u0107 \u017cadnych dodatkowych krok\u00f3w. Nast\u0119pnie, o ile masz na koncie co najmniej 10 euro, mo\u017cesz wyp\u0142aci\u0107 pieni\u0105dze na swoje konto bankowe lub kart\u0119 kredytow\u0105.<\/p>\n<p>Musisz si\u0119 tylko upewni\u0107, \u017ce u\u017cy\u0142e\u015b ju\u017c wcze\u015bniej tej karty lub konta u nas. Musisz r\u00f3wnie\u017c wype\u0142ni\u0107 niekt\u00f3re dokumenty, aby upewni\u0107 si\u0119, \u017ce przestrzegamy przepis\u00f3w, kt\u00f3re posiada nasz procesor p\u0142atno\u015bci. Dokumenty te chroni\u0105 nas, ale tak\u017ce Ciebie, poniewa\u017c jako jedyny mo\u017cesz wyj\u0105\u0107 swoje pieni\u0105dze z konta.<\/p>\n","protected":false},"excerpt":{"rendered":"<p>Oferujemy wiele r\u00f3\u017cnych mi\u0119dzynarodowych gier loteryjnych i wiemy, \u017ce chcesz szybko znale\u017a\u0107 zwyci\u0119skie liczby. Dlatego niekt\u00f3rzy szukaj\u0105 numer\u00f3w w gazecie. Ale znalezienie zwyci\u0119skich numer\u00f3w dla La Primitiva w gazecie mo\u017ce by\u0107 trudne. Znalezienie tych numer\u00f3w w telewizji r\u00f3wnie\u017c jest mo\u017cliwe, poniewa\u017c trzeba zrobi\u0107 badania, aby znale\u017a\u0107 odpowiedni kana\u0142. Inn\u0105 mo\u017cliwo\u015bci\u0105 jest wej\u015bcie na stron\u0119 internetow\u0105 [&hellip;]<\/p>\n","protected":false},"author":1,"featured_media":0,"parent":3798,"menu_order":7,"comment_status":"closed","ping_status":"closed","template":"la-primitiva-results.php","meta":{"_et_pb_use_builder":"","_et_pb_old_content":"","_et_gb_content_width":"","exclude_from_search":false,"footnotes":""},"class_list":["post-6338","page","type-page","status-publish","hentry"],"yoast_head":"<!-- This site is optimized with the Yoast SEO plugin v23.4 - https:\/\/yoast.com\/wordpress\/plugins\/seo\/ -->\n<title>Najnowsze wyniki losowania, zwyci\u0119skie numery dla La Primitiva<\/title>\n<meta name=\"description\" content=\"Zdob\u0105d\u017a najnowsze zwyci\u0119skie numery hiszpa\u0144skiej La Primitivy, jak r\u00f3wnie\u017c inne wyniki\" \/>\n<meta name=\"robots\" content=\"index, follow, max-snippet:-1, max-image-preview:large, max-video-preview:-1\" \/>\n<link rel=\"canonical\" href=\"https:\/\/onlinelotto365.com\/pl\/numery-wygranych\/la-primitiva\/\" \/>\n<meta property=\"og:locale\" content=\"pl_PL\" \/>\n<meta property=\"og:type\" content=\"article\" \/>\n<meta property=\"og:title\" content=\"Najnowsze wyniki losowania, zwyci\u0119skie numery dla La Primitiva\" \/>\n<meta property=\"og:description\" content=\"Zdob\u0105d\u017a najnowsze zwyci\u0119skie numery hiszpa\u0144skiej La Primitivy, jak r\u00f3wnie\u017c inne wyniki\" \/>\n<meta property=\"og:url\" content=\"https:\/\/onlinelotto365.com\/pl\/numery-wygranych\/la-primitiva\/\" \/>\n<meta property=\"og:site_name\" content=\"OnlineLotto365\" \/>\n<meta property=\"article:modified_time\" content=\"2021-01-07T07:30:25+00:00\" \/>\n<meta property=\"og:image\" content=\"https:\/\/redfoxlotto.com\/image?size=8&amp;lottery=la-primitiva\" \/>\n<meta name=\"twitter:card\" content=\"summary_large_image\" \/>\n<meta name=\"twitter:label1\" content=\"Szacowany czas czytania\" \/>\n\t<meta name=\"twitter:data1\" content=\"2 minuty\" \/>\n<script type=\"application\/ld+json\" class=\"yoast-schema-graph\">{\"@context\":\"https:\/\/schema.org\",\"@graph\":[{\"@type\":\"WebPage\",\"@id\":\"https:\/\/onlinelotto365.com\/pl\/numery-wygranych\/la-primitiva\/\",\"url\":\"https:\/\/onlinelotto365.com\/pl\/numery-wygranych\/la-primitiva\/\",\"name\":\"Najnowsze wyniki losowania, zwyci\u0119skie numery dla La Primitiva\",\"isPartOf\":{\"@id\":\"https:\/\/onlinelotto365.com\/pl\/#website\"},\"primaryImageOfPage\":{\"@id\":\"https:\/\/onlinelotto365.com\/pl\/numery-wygranych\/la-primitiva\/#primaryimage\"},\"image\":{\"@id\":\"https:\/\/onlinelotto365.com\/pl\/numery-wygranych\/la-primitiva\/#primaryimage\"},\"thumbnailUrl\":\"https:\/\/redfoxlotto.com\/image?size=8&amp;lottery=la-primitiva\",\"datePublished\":\"2020-12-06T19:08:58+00:00\",\"dateModified\":\"2021-01-07T07:30:25+00:00\",\"description\":\"Zdob\u0105d\u017a najnowsze zwyci\u0119skie numery hiszpa\u0144skiej La Primitivy, jak r\u00f3wnie\u017c inne wyniki\",\"breadcrumb\":{\"@id\":\"https:\/\/onlinelotto365.com\/pl\/numery-wygranych\/la-primitiva\/#breadcrumb\"},\"inLanguage\":\"pl-PL\",\"potentialAction\":[{\"@type\":\"ReadAction\",\"target\":[\"https:\/\/onlinelotto365.com\/pl\/numery-wygranych\/la-primitiva\/\"]}]},{\"@type\":\"ImageObject\",\"inLanguage\":\"pl-PL\",\"@id\":\"https:\/\/onlinelotto365.com\/pl\/numery-wygranych\/la-primitiva\/#primaryimage\",\"url\":\"https:\/\/redfoxlotto.com\/image?size=8&amp;lottery=la-primitiva\",\"contentUrl\":\"https:\/\/redfoxlotto.com\/image?size=8&amp;lottery=la-primitiva\"},{\"@type\":\"BreadcrumbList\",\"@id\":\"https:\/\/onlinelotto365.com\/pl\/numery-wygranych\/la-primitiva\/#breadcrumb\",\"itemListElement\":[{\"@type\":\"ListItem\",\"position\":1,\"name\":\"Home\",\"item\":\"https:\/\/onlinelotto365.com\/pl\/\"},{\"@type\":\"ListItem\",\"position\":2,\"name\":\"Znajd\u017a zwyci\u0119skie liczby i wyniki najnowszych losowa\u0144 lotto\",\"item\":\"https:\/\/onlinelotto365.com\/pl\/numery-wygranych\/\"},{\"@type\":\"ListItem\",\"position\":3,\"name\":\"Wyniki losowania La Primitiva\"}]},{\"@type\":\"WebSite\",\"@id\":\"https:\/\/onlinelotto365.com\/pl\/#website\",\"url\":\"https:\/\/onlinelotto365.com\/pl\/\",\"name\":\"OnlineLotto365\",\"description\":\"\",\"potentialAction\":[{\"@type\":\"SearchAction\",\"target\":{\"@type\":\"EntryPoint\",\"urlTemplate\":\"https:\/\/onlinelotto365.com\/pl\/?s={search_term_string}\"},\"query-input\":{\"@type\":\"PropertyValueSpecification\",\"valueRequired\":true,\"valueName\":\"search_term_string\"}}],\"inLanguage\":\"pl-PL\"}]}<\/script>\n<!-- \/ Yoast SEO plugin. -->","yoast_head_json":{"title":"Najnowsze wyniki losowania, zwyci\u0119skie numery dla La Primitiva","description":"Zdob\u0105d\u017a najnowsze zwyci\u0119skie numery hiszpa\u0144skiej La Primitivy, jak r\u00f3wnie\u017c inne wyniki","robots":{"index":"index","follow":"follow","max-snippet":"max-snippet:-1","max-image-preview":"max-image-preview:large","max-video-preview":"max-video-preview:-1"},"canonical":"https:\/\/onlinelotto365.com\/pl\/numery-wygranych\/la-primitiva\/","og_locale":"pl_PL","og_type":"article","og_title":"Najnowsze wyniki losowania, zwyci\u0119skie numery dla La Primitiva","og_description":"Zdob\u0105d\u017a najnowsze zwyci\u0119skie numery hiszpa\u0144skiej La Primitivy, jak r\u00f3wnie\u017c inne wyniki","og_url":"https:\/\/onlinelotto365.com\/pl\/numery-wygranych\/la-primitiva\/","og_site_name":"OnlineLotto365","article_modified_time":"2021-01-07T07:30:25+00:00","og_image":[{"url":"https:\/\/redfoxlotto.com\/image?size=8&amp;lottery=la-primitiva"}],"twitter_card":"summary_large_image","twitter_misc":{"Szacowany czas czytania":"2 minuty"},"schema":{"@context":"https:\/\/schema.org","@graph":[{"@type":"WebPage","@id":"https:\/\/onlinelotto365.com\/pl\/numery-wygranych\/la-primitiva\/","url":"https:\/\/onlinelotto365.com\/pl\/numery-wygranych\/la-primitiva\/","name":"Najnowsze wyniki losowania, zwyci\u0119skie numery dla La Primitiva","isPartOf":{"@id":"https:\/\/onlinelotto365.com\/pl\/#website"},"primaryImageOfPage":{"@id":"https:\/\/onlinelotto365.com\/pl\/numery-wygranych\/la-primitiva\/#primaryimage"},"image":{"@id":"https:\/\/onlinelotto365.com\/pl\/numery-wygranych\/la-primitiva\/#primaryimage"},"thumbnailUrl":"https:\/\/redfoxlotto.com\/image?size=8&amp;lottery=la-primitiva","datePublished":"2020-12-06T19:08:58+00:00","dateModified":"2021-01-07T07:30:25+00:00","description":"Zdob\u0105d\u017a najnowsze zwyci\u0119skie numery hiszpa\u0144skiej La Primitivy, jak r\u00f3wnie\u017c inne wyniki","breadcrumb":{"@id":"https:\/\/onlinelotto365.com\/pl\/numery-wygranych\/la-primitiva\/#breadcrumb"},"inLanguage":"pl-PL","potentialAction":[{"@type":"ReadAction","target":["https:\/\/onlinelotto365.com\/pl\/numery-wygranych\/la-primitiva\/"]}]},{"@type":"ImageObject","inLanguage":"pl-PL","@id":"https:\/\/onlinelotto365.com\/pl\/numery-wygranych\/la-primitiva\/#primaryimage","url":"https:\/\/redfoxlotto.com\/image?size=8&amp;lottery=la-primitiva","contentUrl":"https:\/\/redfoxlotto.com\/image?size=8&amp;lottery=la-primitiva"},{"@type":"BreadcrumbList","@id":"https:\/\/onlinelotto365.com\/pl\/numery-wygranych\/la-primitiva\/#breadcrumb","itemListElement":[{"@type":"ListItem","position":1,"name":"Home","item":"https:\/\/onlinelotto365.com\/pl\/"},{"@type":"ListItem","position":2,"name":"Znajd\u017a zwyci\u0119skie liczby i wyniki najnowszych losowa\u0144 lotto","item":"https:\/\/onlinelotto365.com\/pl\/numery-wygranych\/"},{"@type":"ListItem","position":3,"name":"Wyniki losowania La Primitiva"}]},{"@type":"WebSite","@id":"https:\/\/onlinelotto365.com\/pl\/#website","url":"https:\/\/onlinelotto365.com\/pl\/","name":"OnlineLotto365","description":"","potentialAction":[{"@type":"SearchAction","target":{"@type":"EntryPoint","urlTemplate":"https:\/\/onlinelotto365.com\/pl\/?s={search_term_string}"},"query-input":{"@type":"PropertyValueSpecification","valueRequired":true,"valueName":"search_term_string"}}],"inLanguage":"pl-PL"}]}},"_links":{"self":[{"href":"https:\/\/onlinelotto365.com\/pl\/wp-json\/wp\/v2\/pages\/6338","targetHints":{"allow":["GET"]}}],"collection":[{"href":"https:\/\/onlinelotto365.com\/pl\/wp-json\/wp\/v2\/pages"}],"about":[{"href":"https:\/\/onlinelotto365.com\/pl\/wp-json\/wp\/v2\/types\/page"}],"author":[{"embeddable":true,"href":"https:\/\/onlinelotto365.com\/pl\/wp-json\/wp\/v2\/users\/1"}],"replies":[{"embeddable":true,"href":"https:\/\/onlinelotto365.com\/pl\/wp-json\/wp\/v2\/comments?post=6338"}],"version-history":[{"count":0,"href":"https:\/\/onlinelotto365.com\/pl\/wp-json\/wp\/v2\/pages\/6338\/revisions"}],"up":[{"embeddable":true,"href":"https:\/\/onlinelotto365.com\/pl\/wp-json\/wp\/v2\/pages\/3798"}],"wp:attachment":[{"href":"https:\/\/onlinelotto365.com\/pl\/wp-json\/wp\/v2\/media?parent=6338"}],"curies":[{"name":"wp","href":"https:\/\/api.w.org\/{rel}","templated":true}]}}