{"id":7744,"date":"2020-12-08T14:12:50","date_gmt":"2020-12-08T13:12:50","guid":{"rendered":"http:\/\/onlinelotto365.net\/?page_id=7744"},"modified":"2021-01-07T08:29:18","modified_gmt":"2021-01-07T07:29:18","slug":"mega-millions","status":"publish","type":"page","link":"https:\/\/onlinelotto365.com\/pl\/numery-wygranych\/mega-millions\/","title":{"rendered":"Sprawd\u017a tutaj Mega Miliony zwyci\u0119skich numer\u00f3w"},"content":{"rendered":"<p>Ze wszystkimi mi\u0119dzynarodowymi loteriami mo\u017cesz zagra\u0107 na naszej stronie, <strong>getowanie zwyci\u0119skich liczb i wynik\u00f3w<\/strong> mo\u017ce by\u0107 problemem. Prawdopodobnie nie b\u0119dziesz w stanie znale\u017a\u0107 zwyci\u0119skie numery dla Mega Millions w swojej gazecie. Mo\u017cesz szuka\u0107 kana\u0142u telewizyjnego dost\u0119pnego dla Ciebie, kt\u00f3ry zawiera wyniki losowania w ich wiadomo\u015bci, ale to zajmie troch\u0119 bada\u0144.<\/p>\n<p>Jedn\u0105 z opcji by\u0142oby sprawdzi\u0107, czy oficjalna strona Mega Millions loterii nadaje <a href=\"https:\/\/onlinelotto365.com\/pl\/news\/lotto-na-zywo\">live stream<\/a> procedury losowania. Zobaczenie liczb wylosowanych na \u017cywo jest oczywi\u015bcie bardzo ekscytuj\u0105ce. By\u0142by to r\u00f3wnie\u017c <strong>najszybszy spos\u00f3b, aby dowiedzie\u0107 si\u0119, czy Twoje numery wygra\u0142<\/strong>. Ale wi\u0119kszo\u015b\u0107 loterii nie oferuje transmisji na \u017cywo z losowania w czasie rzeczywistym.<\/p>\n<p>Je\u015bli losowanie zosta\u0142o ju\u017c przeprowadzone w momencie, gdy chcesz sprawdzi\u0107 zwyci\u0119skie liczby, mo\u017cesz przej\u015b\u0107 do <a href=\"https:\/\/youtube.com\" target=\"_blank\" rel=\"noopener noreferrer\">Youtube<\/a> i uruchomi\u0107 wyszukiwanie filmu, kt\u00f3ry pokazuje ostatnie losowanie Mega Millions.<\/p>\n<p><a href=\"https:\/\/redfoxlotto.com\/pl\/mega-millions\/?ref=a8564250a2&amp;medium=ol365\" target=\"_blank\" rel=\"noopener noreferrer\"><img decoding=\"async\" class=\"aligncenter\" src=\"https:\/\/redfoxlotto.com\/image?size=8&amp;lottery=mega-millions\" alt=\"Mega Millions\" \/><\/a><\/p>\n<p>Ale bardzo <strong>wygodny spos\u00f3b, aby sprawdzi\u0107 <a href=\"https:\/\/onlinelotto365.com\/pl\/numery-wygranych\">wygrane numery<\/a><\/strong>, jak r\u00f3wnie\u017c wyniki i nagrody Mega Millions jest nasza w\u0142asna strona wynik\u00f3w loterii. Na jednej stronie, mo\u017cna znale\u017a\u0107 zwyci\u0119skie liczby dla wszystkich loterii, kt\u00f3re oferujemy.<\/p>\n<h2>Jak dowiedzie\u0107 si\u0119, czy Tw\u00f3j bilet online wygra\u0142<img loading=\"lazy\" decoding=\"async\" class=\"alignright wp-image-1213\" src=\"https:\/\/onlinelotto365.com\/wp-content\/uploads\/2020\/11\/online_lottery-103-300x201.jpg\" alt=\"mega miliony zwyci\u0119skich numer\u00f3w\" width=\"266\" height=\"177\" \/><\/h2>\n<p>I robi si\u0119 jeszcze lepiej! Je\u015bli kupi\u0142e\u015b bilet na Mega Miliony na naszej stronie, mo\u017cesz zajrze\u0107 na swoje konto (oczywi\u015bcie musisz si\u0119 najpierw zalogowa\u0107) oraz do sekcji, w kt\u00f3rej przechowywane s\u0105 Twoje bilety. Dla ka\u017cdej rozegranej przez Ciebie loterii, zwyci\u0119skie liczby s\u0105 wy\u015bwietlane tu\u017c obok liczb, kt\u00f3re wybra\u0142e\u015b. Wszystkie liczby z Twojego losu, kt\u00f3re pasuj\u0105 do wynik\u00f3w losowania, b\u0119d\u0105 r\u00f3wnie\u017c oznaczone kolorami. Kiedy ju\u017c wiesz, ile numer\u00f3w wybra\u0142e\u015b poprawnie, mo\u017cesz <a href=\"https:\/\/onlinelotto365.com\/pl\/news\/sprawdz-bilet-na-loterie-online\"><strong>sprawdzi\u0107, ile wygra\u0142e\u015b<\/strong><\/a>. Ponadto, pami\u0119taj, \u017ce wszystkie wygrane poni\u017cej 2500 \u20ac zostan\u0105 zapisane na Twoim koncie gracza, jak tylko loteria potwierdzi oficjalne wyniki.<\/p>\n<h2>Archiwum wynik\u00f3w Mega Millions<\/h2>\n<p>Strony na naszej stronie internetowej, kt\u00f3re pokazuj\u0105 najnowsze wyniki Mega Millions daje r\u00f3wnie\u017c mo\u017cliwo\u015b\u0107 sprawdzenia poprzednich wynik\u00f3w losowania. Jest to co\u015b, czego wielu graczy u\u017cywa, aby sprawdzi\u0107, kt\u00f3re liczby zosta\u0142y wylosowane ostatnio, a kt\u00f3re nie zosta\u0142y wylosowane w przesz\u0142o\u015bci. Jest to <a href=\"https:\/\/onlinelotto365.com\/pl\/news\/uzyj-strategii-aby-wybrac-swoje-liczby-do-lotto\"> bardzo popularna strategia loterii<\/a>, aby u\u017cy\u0107 tej informacji przy wyborze numer\u00f3w na nast\u0119pny los.<\/p>\n<h2>M\u00f3j los wygra\u0142, co si\u0119 dzieje dalej?<\/h2>\n<p>Jak ju\u017c wspomnieli\u015bmy, nagrody w wysoko\u015bci poni\u017cej 2500\u20ac zostan\u0105 przelane bezpo\u015brednio na Twoje konto klienta na naszej stronie internetowej. Stamt\u0105d mo\u017cesz wyp\u0142aci\u0107 ca\u0142\u0105 kwot\u0119 lub jej cz\u0119\u015b\u0107, pod warunkiem, \u017ce posiadasz saldo w wysoko\u015bci co najmniej 10 \u20ac. Mo\u017cesz te\u017c wykorzysta\u0107 cz\u0119\u015b\u0107 z nich do zakupu nowych bilet\u00f3w. Je\u015bli zdecydujesz si\u0119 na wyp\u0142at\u0119 \u015brodk\u00f3w na swoj\u0105 kart\u0119 kredytow\u0105 lub konto bankowe, b\u0119dziesz musia\u0142 dostarczy\u0107 nam pewne dokumenty w celu identyfikacji. Jest to wym\u00f3g naszych procesor\u00f3w p\u0142atno\u015bci, ze wzgl\u0119du na przepisy przeciwko praniu brudnych pieni\u0119dzy. Nie mo\u017cna r\u00f3wnie\u017c skorzysta\u0107 z metody wyp\u0142aty \u015brodk\u00f3w, kt\u00f3ra nie by\u0142a wcze\u015bniej u\u017cywana do dokonania zakupu lub wp\u0142aty.<\/p>\n","protected":false},"excerpt":{"rendered":"<p>Ze wszystkimi mi\u0119dzynarodowymi loteriami mo\u017cesz zagra\u0107 na naszej stronie, getowanie zwyci\u0119skich liczb i wynik\u00f3w mo\u017ce by\u0107 problemem. Prawdopodobnie nie b\u0119dziesz w stanie znale\u017a\u0107 zwyci\u0119skie numery dla Mega Millions w swojej gazecie. Mo\u017cesz szuka\u0107 kana\u0142u telewizyjnego dost\u0119pnego dla Ciebie, kt\u00f3ry zawiera wyniki losowania w ich wiadomo\u015bci, ale to zajmie troch\u0119 bada\u0144. Jedn\u0105 z opcji by\u0142oby sprawdzi\u0107, [&hellip;]<\/p>\n","protected":false},"author":1,"featured_media":0,"parent":3798,"menu_order":2,"comment_status":"closed","ping_status":"closed","template":"megamillion-results.php","meta":{"_et_pb_use_builder":"","_et_pb_old_content":"","_et_gb_content_width":"","exclude_from_search":false,"footnotes":""},"class_list":["post-7744","page","type-page","status-publish","hentry"],"yoast_head":"<!-- This site is optimized with the Yoast SEO plugin v23.4 - https:\/\/yoast.com\/wordpress\/plugins\/seo\/ -->\n<title>Zwyci\u0119skie liczby Mega Miliony | Najnowsze wyniki losowania i nagrody dla Mega Milion\u00f3w<\/title>\n<meta name=\"description\" content=\"Jak korzysta\u0107 z naszej strony internetowej, aby \u0142atwo znale\u017a\u0107 zwyci\u0119skie liczby i wyniki dla Mega Millions\" \/>\n<meta name=\"robots\" content=\"index, follow, max-snippet:-1, max-image-preview:large, max-video-preview:-1\" \/>\n<link rel=\"canonical\" href=\"https:\/\/onlinelotto365.com\/pl\/numery-wygranych\/mega-millions\/\" \/>\n<meta property=\"og:locale\" content=\"pl_PL\" \/>\n<meta property=\"og:type\" content=\"article\" \/>\n<meta property=\"og:title\" content=\"Zwyci\u0119skie liczby Mega Miliony | Najnowsze wyniki losowania i nagrody dla Mega Milion\u00f3w\" \/>\n<meta property=\"og:description\" content=\"Jak korzysta\u0107 z naszej strony internetowej, aby \u0142atwo znale\u017a\u0107 zwyci\u0119skie liczby i wyniki dla Mega Millions\" \/>\n<meta property=\"og:url\" content=\"https:\/\/onlinelotto365.com\/pl\/numery-wygranych\/mega-millions\/\" \/>\n<meta property=\"og:site_name\" content=\"OnlineLotto365\" \/>\n<meta property=\"article:modified_time\" content=\"2021-01-07T07:29:18+00:00\" \/>\n<meta property=\"og:image\" content=\"https:\/\/redfoxlotto.com\/image?size=8&amp;lottery=mega-millions\" \/>\n<meta name=\"twitter:card\" content=\"summary_large_image\" \/>\n<meta name=\"twitter:label1\" content=\"Szacowany czas czytania\" \/>\n\t<meta name=\"twitter:data1\" content=\"3 minuty\" \/>\n<script type=\"application\/ld+json\" class=\"yoast-schema-graph\">{\"@context\":\"https:\/\/schema.org\",\"@graph\":[{\"@type\":\"WebPage\",\"@id\":\"https:\/\/onlinelotto365.com\/pl\/numery-wygranych\/mega-millions\/\",\"url\":\"https:\/\/onlinelotto365.com\/pl\/numery-wygranych\/mega-millions\/\",\"name\":\"Zwyci\u0119skie liczby Mega Miliony | Najnowsze wyniki losowania i nagrody dla Mega Milion\u00f3w\",\"isPartOf\":{\"@id\":\"https:\/\/onlinelotto365.com\/pl\/#website\"},\"primaryImageOfPage\":{\"@id\":\"https:\/\/onlinelotto365.com\/pl\/numery-wygranych\/mega-millions\/#primaryimage\"},\"image\":{\"@id\":\"https:\/\/onlinelotto365.com\/pl\/numery-wygranych\/mega-millions\/#primaryimage\"},\"thumbnailUrl\":\"https:\/\/redfoxlotto.com\/image?size=8&amp;lottery=mega-millions\",\"datePublished\":\"2020-12-08T13:12:50+00:00\",\"dateModified\":\"2021-01-07T07:29:18+00:00\",\"description\":\"Jak korzysta\u0107 z naszej strony internetowej, aby \u0142atwo znale\u017a\u0107 zwyci\u0119skie liczby i wyniki dla Mega Millions\",\"breadcrumb\":{\"@id\":\"https:\/\/onlinelotto365.com\/pl\/numery-wygranych\/mega-millions\/#breadcrumb\"},\"inLanguage\":\"pl-PL\",\"potentialAction\":[{\"@type\":\"ReadAction\",\"target\":[\"https:\/\/onlinelotto365.com\/pl\/numery-wygranych\/mega-millions\/\"]}]},{\"@type\":\"ImageObject\",\"inLanguage\":\"pl-PL\",\"@id\":\"https:\/\/onlinelotto365.com\/pl\/numery-wygranych\/mega-millions\/#primaryimage\",\"url\":\"https:\/\/redfoxlotto.com\/image?size=8&amp;lottery=mega-millions\",\"contentUrl\":\"https:\/\/redfoxlotto.com\/image?size=8&amp;lottery=mega-millions\"},{\"@type\":\"BreadcrumbList\",\"@id\":\"https:\/\/onlinelotto365.com\/pl\/numery-wygranych\/mega-millions\/#breadcrumb\",\"itemListElement\":[{\"@type\":\"ListItem\",\"position\":1,\"name\":\"Home\",\"item\":\"https:\/\/onlinelotto365.com\/pl\/\"},{\"@type\":\"ListItem\",\"position\":2,\"name\":\"Znajd\u017a zwyci\u0119skie liczby i wyniki najnowszych losowa\u0144 lotto\",\"item\":\"https:\/\/onlinelotto365.com\/pl\/numery-wygranych\/\"},{\"@type\":\"ListItem\",\"position\":3,\"name\":\"Sprawd\u017a tutaj Mega Miliony zwyci\u0119skich numer\u00f3w\"}]},{\"@type\":\"WebSite\",\"@id\":\"https:\/\/onlinelotto365.com\/pl\/#website\",\"url\":\"https:\/\/onlinelotto365.com\/pl\/\",\"name\":\"OnlineLotto365\",\"description\":\"\",\"potentialAction\":[{\"@type\":\"SearchAction\",\"target\":{\"@type\":\"EntryPoint\",\"urlTemplate\":\"https:\/\/onlinelotto365.com\/pl\/?s={search_term_string}\"},\"query-input\":{\"@type\":\"PropertyValueSpecification\",\"valueRequired\":true,\"valueName\":\"search_term_string\"}}],\"inLanguage\":\"pl-PL\"}]}<\/script>\n<!-- \/ Yoast SEO plugin. -->","yoast_head_json":{"title":"Zwyci\u0119skie liczby Mega Miliony | Najnowsze wyniki losowania i nagrody dla Mega Milion\u00f3w","description":"Jak korzysta\u0107 z naszej strony internetowej, aby \u0142atwo znale\u017a\u0107 zwyci\u0119skie liczby i wyniki dla Mega Millions","robots":{"index":"index","follow":"follow","max-snippet":"max-snippet:-1","max-image-preview":"max-image-preview:large","max-video-preview":"max-video-preview:-1"},"canonical":"https:\/\/onlinelotto365.com\/pl\/numery-wygranych\/mega-millions\/","og_locale":"pl_PL","og_type":"article","og_title":"Zwyci\u0119skie liczby Mega Miliony | Najnowsze wyniki losowania i nagrody dla Mega Milion\u00f3w","og_description":"Jak korzysta\u0107 z naszej strony internetowej, aby \u0142atwo znale\u017a\u0107 zwyci\u0119skie liczby i wyniki dla Mega Millions","og_url":"https:\/\/onlinelotto365.com\/pl\/numery-wygranych\/mega-millions\/","og_site_name":"OnlineLotto365","article_modified_time":"2021-01-07T07:29:18+00:00","og_image":[{"url":"https:\/\/redfoxlotto.com\/image?size=8&amp;lottery=mega-millions"}],"twitter_card":"summary_large_image","twitter_misc":{"Szacowany czas czytania":"3 minuty"},"schema":{"@context":"https:\/\/schema.org","@graph":[{"@type":"WebPage","@id":"https:\/\/onlinelotto365.com\/pl\/numery-wygranych\/mega-millions\/","url":"https:\/\/onlinelotto365.com\/pl\/numery-wygranych\/mega-millions\/","name":"Zwyci\u0119skie liczby Mega Miliony | Najnowsze wyniki losowania i nagrody dla Mega Milion\u00f3w","isPartOf":{"@id":"https:\/\/onlinelotto365.com\/pl\/#website"},"primaryImageOfPage":{"@id":"https:\/\/onlinelotto365.com\/pl\/numery-wygranych\/mega-millions\/#primaryimage"},"image":{"@id":"https:\/\/onlinelotto365.com\/pl\/numery-wygranych\/mega-millions\/#primaryimage"},"thumbnailUrl":"https:\/\/redfoxlotto.com\/image?size=8&amp;lottery=mega-millions","datePublished":"2020-12-08T13:12:50+00:00","dateModified":"2021-01-07T07:29:18+00:00","description":"Jak korzysta\u0107 z naszej strony internetowej, aby \u0142atwo znale\u017a\u0107 zwyci\u0119skie liczby i wyniki dla Mega Millions","breadcrumb":{"@id":"https:\/\/onlinelotto365.com\/pl\/numery-wygranych\/mega-millions\/#breadcrumb"},"inLanguage":"pl-PL","potentialAction":[{"@type":"ReadAction","target":["https:\/\/onlinelotto365.com\/pl\/numery-wygranych\/mega-millions\/"]}]},{"@type":"ImageObject","inLanguage":"pl-PL","@id":"https:\/\/onlinelotto365.com\/pl\/numery-wygranych\/mega-millions\/#primaryimage","url":"https:\/\/redfoxlotto.com\/image?size=8&amp;lottery=mega-millions","contentUrl":"https:\/\/redfoxlotto.com\/image?size=8&amp;lottery=mega-millions"},{"@type":"BreadcrumbList","@id":"https:\/\/onlinelotto365.com\/pl\/numery-wygranych\/mega-millions\/#breadcrumb","itemListElement":[{"@type":"ListItem","position":1,"name":"Home","item":"https:\/\/onlinelotto365.com\/pl\/"},{"@type":"ListItem","position":2,"name":"Znajd\u017a zwyci\u0119skie liczby i wyniki najnowszych losowa\u0144 lotto","item":"https:\/\/onlinelotto365.com\/pl\/numery-wygranych\/"},{"@type":"ListItem","position":3,"name":"Sprawd\u017a tutaj Mega Miliony zwyci\u0119skich numer\u00f3w"}]},{"@type":"WebSite","@id":"https:\/\/onlinelotto365.com\/pl\/#website","url":"https:\/\/onlinelotto365.com\/pl\/","name":"OnlineLotto365","description":"","potentialAction":[{"@type":"SearchAction","target":{"@type":"EntryPoint","urlTemplate":"https:\/\/onlinelotto365.com\/pl\/?s={search_term_string}"},"query-input":{"@type":"PropertyValueSpecification","valueRequired":true,"valueName":"search_term_string"}}],"inLanguage":"pl-PL"}]}},"_links":{"self":[{"href":"https:\/\/onlinelotto365.com\/pl\/wp-json\/wp\/v2\/pages\/7744","targetHints":{"allow":["GET"]}}],"collection":[{"href":"https:\/\/onlinelotto365.com\/pl\/wp-json\/wp\/v2\/pages"}],"about":[{"href":"https:\/\/onlinelotto365.com\/pl\/wp-json\/wp\/v2\/types\/page"}],"author":[{"embeddable":true,"href":"https:\/\/onlinelotto365.com\/pl\/wp-json\/wp\/v2\/users\/1"}],"replies":[{"embeddable":true,"href":"https:\/\/onlinelotto365.com\/pl\/wp-json\/wp\/v2\/comments?post=7744"}],"version-history":[{"count":0,"href":"https:\/\/onlinelotto365.com\/pl\/wp-json\/wp\/v2\/pages\/7744\/revisions"}],"up":[{"embeddable":true,"href":"https:\/\/onlinelotto365.com\/pl\/wp-json\/wp\/v2\/pages\/3798"}],"wp:attachment":[{"href":"https:\/\/onlinelotto365.com\/pl\/wp-json\/wp\/v2\/media?parent=7744"}],"curies":[{"name":"wp","href":"https:\/\/api.w.org\/{rel}","templated":true}]}}