{"id":7774,"date":"2020-12-08T14:19:44","date_gmt":"2020-12-08T13:19:44","guid":{"rendered":"http:\/\/onlinelotto365.net\/?page_id=7774"},"modified":"2021-01-11T10:12:06","modified_gmt":"2021-01-11T09:12:06","slug":"euromillions","status":"publish","type":"page","link":"https:\/\/onlinelotto365.com\/pl\/numery-wygranych\/euromillions\/","title":{"rendered":"Zobacz zwyci\u0119skie numery Euromillions"},"content":{"rendered":"<p>Wiemy, \u017ce istnieje <a href=\"https:\/\/onlinelotto365.com\/pl\/zagraj\"> wiele mi\u0119dzynarodowych gier loteryjnych dost\u0119pnych na naszej stronie<\/a> i to mo\u017ce by\u0107 troch\u0119 myl\u0105ce dla Ciebie. Ale to nie musi by\u0107 tak myl\u0105ce, jak my\u015blisz. I nie musi by\u0107 r\u00f3wnie\u017c tak trudne dla Ciebie, aby znale\u017a\u0107 zwyci\u0119skie numery do gry, \u017ce chcesz. Ale mo\u017ce pomy\u015bla\u0142e\u015b o sprawdzeniu gdzie indziej. Gazeta i telewizja to kilka opcji, ale o ile nie jeste\u015b lokalem, trudno jest znale\u017a\u0107 wyniki w kt\u00f3rymkolwiek z tych miejsc.<\/p>\n<p>Mo\u017cesz r\u00f3wnie\u017c wybra\u0107, aby przej\u015b\u0107 do oficjalnej strony internetowej loterii EuroMillions. Jest to jedno z najlepszych miejsc, aby uzyska\u0107 wyniki, poniewa\u017c s\u0105 one dost\u0119pne fakty i mo\u017ce nawet by\u0107 w stanie obejrze\u0107 na \u017cywo strumie\u0144 losowania. To mo\u017ce by\u0107 zabawne i ekscytuj\u0105ce do <a href=\"https:\/\/onlinelotto365.com\/pl\/news\/lotto-na-zywo\">Ogl\u0105daj, \u017ce rysunek na \u017cywo<\/a>, zw\u0142aszcza je\u015bli jeste\u015b tym, kt\u00f3ry wygrywa i masz do ogl\u0105dania swoje numery nadchodz\u0105cych. Ale mo\u017ce to zaj\u0105\u0107 du\u017co czasu i nie wszystkie gry loteryjne s\u0105 w rzeczywisto\u015bci przesy\u0142ane strumieniowo.<\/p>\n<p>Gdy loteria zosta\u0142a wylosowana, kolejn\u0105 opcj\u0105 jest sprawdzenie w serwisie YouTube, czy mo\u017cna uzyska\u0107 wideo z losowania lub kogo\u015b innego, kto ujawnia liczby po fakcie.<br \/>\n<a href=\"https:\/\/redfoxlotto.com\/pl\/euromillions\/?ref=a8564250a2&amp;medium=ol365\" target=\"_blank\" rel=\"noopener noreferrer\"><img decoding=\"async\" class=\"aligncenter\" src=\"https:\/\/redfoxlotto.com\/image?size=8&amp;lottery=euromillions\" alt=\"euromillions\" \/><\/a><\/p>\n<p>Najlepszym sposobem na zdobycie zwyci\u0119skich numer\u00f3w jest jednak sprawdzenie naszej strony internetowej i zweryfikowanie wynik\u00f3w. Wszystko to jest dost\u0119pne na naszej stronie z wynikami loterii, kt\u00f3ra poka\u017ce Ci zwyci\u0119skie liczby dla ka\u017cdej gry lotto, kt\u00f3r\u0105 mo\u017cesz kupi\u0107 na naszej stronie.<\/p>\n<h2>Jak dowiedzie\u0107 si\u0119, czy Tw\u00f3j bilet online wygra\u0142<img loading=\"lazy\" decoding=\"async\" class=\"alignright wp-image-3645\" src=\"https:\/\/onlinelotto365.com\/wp-content\/uploads\/2020\/11\/online_lottery-129-300x300.jpg\" alt=\"Euromillions zwyci\u0119skie liczby\" width=\"210\" height=\"210\" srcset=\"https:\/\/onlinelotto365.com\/wp-content\/uploads\/2020\/11\/online_lottery-129-300x300.jpg 300w, https:\/\/onlinelotto365.com\/wp-content\/uploads\/2020\/11\/online_lottery-129-100x100.jpg 100w, https:\/\/onlinelotto365.com\/wp-content\/uploads\/2020\/11\/online_lottery-129-150x150.jpg 150w, https:\/\/onlinelotto365.com\/wp-content\/uploads\/2020\/11\/online_lottery-129.jpg 320w\" sizes=\"auto, (max-width: 210px) 100vw, 210px\" \/><\/h2>\n<p>Jeszcze lepsze jest to, \u017ce je\u015bli rzeczywi\u015bcie zakupi\u0142e\u015b bilet na t\u0119 gr\u0119, nie musisz si\u0119 nawet martwi\u0107 o przej\u015bcie na stron\u0119 z wynikami. Mo\u017cesz po prostu przej\u015b\u0107 bezpo\u015brednio do swojego konta i strony z Twoimi biletami.<\/p>\n<p>Stamt\u0105d mo\u017cesz zobaczy\u0107 zwyci\u0119skie numery i por\u00f3wna\u0107 je z Twoimi. A my podkre\u015blamy liczby, kt\u00f3re si\u0119 zgadzaj\u0105, aby\u015b nie przegapi\u0142 ich. Dodatkowo, dbamy o to, aby\u015b wygra\u0142 na swoich numerach, je\u015bli masz co\u015b poni\u017cej \u20ac2500. Je\u015bli to si\u0119 sko\u0144czy, wystarczy wype\u0142ni\u0107 formularz, a my i tak pomo\u017cemy Ci wszystko za\u0142atwi\u0107.<\/p>\n<h2>Archiwum wynik\u00f3w EuroMillions<\/h2>\n<p>Mamy kilka obszar\u00f3w, gdzie mo\u017cna zobaczy\u0107 najnowsze zwyci\u0119skie liczby dla EuroMillions oraz <a href=\"https:\/\/onlinelotto365.com\/pl\/numery-wygranych\"><strong>wyniki innych gier<\/strong><\/a>, ale mamy r\u00f3wnie\u017c opcje sprawdzenia starych zwyci\u0119skich liczb. Je\u015bli chcesz si\u0119 upewni\u0107, \u017ce wybierasz odpowiednie liczby do gry w sieci, spojrzenie na starsze gry mo\u017ce by\u0107 dobrym sposobem na dokonanie tego wyboru.<\/p>\n<h2>M\u00f3j bilet wygra\u0142, co b\u0119dzie dalej?<\/h2>\n<p>Wspomnieli\u015bmy ju\u017c, \u017ce ka\u017cda nagroda, kt\u00f3r\u0105 wygrasz, a kt\u00f3ra nie przekracza 2500 euro, zostanie przelana na Twoje konto przez nasz zesp\u00f3\u0142 obs\u0142ugi klienta. Gdy pieni\u0105dze znajd\u0105 si\u0119 na Twoim koncie, b\u0119dziesz m\u00f3g\u0142 je wyp\u0142aci\u0107, wykorzysta\u0107 lub cokolwiek innego, co tylko zechcesz. U\u0142atwi Ci to kontynuowanie gry lub wykorzystanie pieni\u0119dzy do czegokolwiek, co chcesz.<br \/>\nCo wi\u0119cej, mo\u017cesz wyp\u0142aci\u0107 pieni\u0105dze z dowolnego konta, kt\u00f3re ju\u017c wykorzysta\u0142e\u015b do zakupu lub wp\u0142aci\u0107 dodatkowe pieni\u0105dze na swoje konto. Dotyczy to r\u00f3wnie\u017c kont bankowych, kart kredytowych i innych.<\/p>\n","protected":false},"excerpt":{"rendered":"<p>Wiemy, \u017ce istnieje wiele mi\u0119dzynarodowych gier loteryjnych dost\u0119pnych na naszej stronie i to mo\u017ce by\u0107 troch\u0119 myl\u0105ce dla Ciebie. Ale to nie musi by\u0107 tak myl\u0105ce, jak my\u015blisz. I nie musi by\u0107 r\u00f3wnie\u017c tak trudne dla Ciebie, aby znale\u017a\u0107 zwyci\u0119skie numery do gry, \u017ce chcesz. Ale mo\u017ce pomy\u015bla\u0142e\u015b o sprawdzeniu gdzie indziej. Gazeta i telewizja [&hellip;]<\/p>\n","protected":false},"author":1,"featured_media":0,"parent":3798,"menu_order":3,"comment_status":"closed","ping_status":"closed","template":"euromillions-results.php","meta":{"_et_pb_use_builder":"","_et_pb_old_content":"","_et_gb_content_width":"","exclude_from_search":false,"footnotes":""},"class_list":["post-7774","page","type-page","status-publish","hentry"],"yoast_head":"<!-- This site is optimized with the Yoast SEO plugin v23.4 - https:\/\/yoast.com\/wordpress\/plugins\/seo\/ -->\n<title>Zwyci\u0119skie numery Euromillions | Zobacz najnowsze nagrody i wyniki dla Euromillions<\/title>\n<meta name=\"description\" content=\"Por\u00f3wnaj sw\u00f3j los Euromillions z wygrywaj\u0105cymi liczbami - zobacz wszystkie wyniki loterii tutaj\" \/>\n<meta name=\"robots\" content=\"index, follow, max-snippet:-1, max-image-preview:large, max-video-preview:-1\" \/>\n<link rel=\"canonical\" href=\"https:\/\/onlinelotto365.com\/pl\/numery-wygranych\/euromillions\/\" \/>\n<meta property=\"og:locale\" content=\"pl_PL\" \/>\n<meta property=\"og:type\" content=\"article\" \/>\n<meta property=\"og:title\" content=\"Zwyci\u0119skie numery Euromillions | Zobacz najnowsze nagrody i wyniki dla Euromillions\" \/>\n<meta property=\"og:description\" content=\"Por\u00f3wnaj sw\u00f3j los Euromillions z wygrywaj\u0105cymi liczbami - zobacz wszystkie wyniki loterii tutaj\" \/>\n<meta property=\"og:url\" content=\"https:\/\/onlinelotto365.com\/pl\/numery-wygranych\/euromillions\/\" \/>\n<meta property=\"og:site_name\" content=\"OnlineLotto365\" \/>\n<meta property=\"article:modified_time\" content=\"2021-01-11T09:12:06+00:00\" \/>\n<meta property=\"og:image\" content=\"https:\/\/redfoxlotto.com\/image?size=8&amp;lottery=euromillions\" \/>\n<meta name=\"twitter:card\" content=\"summary_large_image\" \/>\n<meta name=\"twitter:label1\" content=\"Szacowany czas czytania\" \/>\n\t<meta name=\"twitter:data1\" content=\"3 minuty\" \/>\n<script type=\"application\/ld+json\" class=\"yoast-schema-graph\">{\"@context\":\"https:\/\/schema.org\",\"@graph\":[{\"@type\":\"WebPage\",\"@id\":\"https:\/\/onlinelotto365.com\/pl\/numery-wygranych\/euromillions\/\",\"url\":\"https:\/\/onlinelotto365.com\/pl\/numery-wygranych\/euromillions\/\",\"name\":\"Zwyci\u0119skie numery Euromillions | Zobacz najnowsze nagrody i wyniki dla Euromillions\",\"isPartOf\":{\"@id\":\"https:\/\/onlinelotto365.com\/pl\/#website\"},\"primaryImageOfPage\":{\"@id\":\"https:\/\/onlinelotto365.com\/pl\/numery-wygranych\/euromillions\/#primaryimage\"},\"image\":{\"@id\":\"https:\/\/onlinelotto365.com\/pl\/numery-wygranych\/euromillions\/#primaryimage\"},\"thumbnailUrl\":\"https:\/\/redfoxlotto.com\/image?size=8&amp;lottery=euromillions\",\"datePublished\":\"2020-12-08T13:19:44+00:00\",\"dateModified\":\"2021-01-11T09:12:06+00:00\",\"description\":\"Por\u00f3wnaj sw\u00f3j los Euromillions z wygrywaj\u0105cymi liczbami - zobacz wszystkie wyniki loterii tutaj\",\"breadcrumb\":{\"@id\":\"https:\/\/onlinelotto365.com\/pl\/numery-wygranych\/euromillions\/#breadcrumb\"},\"inLanguage\":\"pl-PL\",\"potentialAction\":[{\"@type\":\"ReadAction\",\"target\":[\"https:\/\/onlinelotto365.com\/pl\/numery-wygranych\/euromillions\/\"]}]},{\"@type\":\"ImageObject\",\"inLanguage\":\"pl-PL\",\"@id\":\"https:\/\/onlinelotto365.com\/pl\/numery-wygranych\/euromillions\/#primaryimage\",\"url\":\"https:\/\/redfoxlotto.com\/image?size=8&amp;lottery=euromillions\",\"contentUrl\":\"https:\/\/redfoxlotto.com\/image?size=8&amp;lottery=euromillions\"},{\"@type\":\"BreadcrumbList\",\"@id\":\"https:\/\/onlinelotto365.com\/pl\/numery-wygranych\/euromillions\/#breadcrumb\",\"itemListElement\":[{\"@type\":\"ListItem\",\"position\":1,\"name\":\"Home\",\"item\":\"https:\/\/onlinelotto365.com\/pl\/\"},{\"@type\":\"ListItem\",\"position\":2,\"name\":\"Znajd\u017a zwyci\u0119skie liczby i wyniki najnowszych losowa\u0144 lotto\",\"item\":\"https:\/\/onlinelotto365.com\/pl\/numery-wygranych\/\"},{\"@type\":\"ListItem\",\"position\":3,\"name\":\"Zobacz zwyci\u0119skie numery Euromillions\"}]},{\"@type\":\"WebSite\",\"@id\":\"https:\/\/onlinelotto365.com\/pl\/#website\",\"url\":\"https:\/\/onlinelotto365.com\/pl\/\",\"name\":\"OnlineLotto365\",\"description\":\"\",\"potentialAction\":[{\"@type\":\"SearchAction\",\"target\":{\"@type\":\"EntryPoint\",\"urlTemplate\":\"https:\/\/onlinelotto365.com\/pl\/?s={search_term_string}\"},\"query-input\":{\"@type\":\"PropertyValueSpecification\",\"valueRequired\":true,\"valueName\":\"search_term_string\"}}],\"inLanguage\":\"pl-PL\"}]}<\/script>\n<!-- \/ Yoast SEO plugin. -->","yoast_head_json":{"title":"Zwyci\u0119skie numery Euromillions | Zobacz najnowsze nagrody i wyniki dla Euromillions","description":"Por\u00f3wnaj sw\u00f3j los Euromillions z wygrywaj\u0105cymi liczbami - zobacz wszystkie wyniki loterii tutaj","robots":{"index":"index","follow":"follow","max-snippet":"max-snippet:-1","max-image-preview":"max-image-preview:large","max-video-preview":"max-video-preview:-1"},"canonical":"https:\/\/onlinelotto365.com\/pl\/numery-wygranych\/euromillions\/","og_locale":"pl_PL","og_type":"article","og_title":"Zwyci\u0119skie numery Euromillions | Zobacz najnowsze nagrody i wyniki dla Euromillions","og_description":"Por\u00f3wnaj sw\u00f3j los Euromillions z wygrywaj\u0105cymi liczbami - zobacz wszystkie wyniki loterii tutaj","og_url":"https:\/\/onlinelotto365.com\/pl\/numery-wygranych\/euromillions\/","og_site_name":"OnlineLotto365","article_modified_time":"2021-01-11T09:12:06+00:00","og_image":[{"url":"https:\/\/redfoxlotto.com\/image?size=8&amp;lottery=euromillions"}],"twitter_card":"summary_large_image","twitter_misc":{"Szacowany czas czytania":"3 minuty"},"schema":{"@context":"https:\/\/schema.org","@graph":[{"@type":"WebPage","@id":"https:\/\/onlinelotto365.com\/pl\/numery-wygranych\/euromillions\/","url":"https:\/\/onlinelotto365.com\/pl\/numery-wygranych\/euromillions\/","name":"Zwyci\u0119skie numery Euromillions | Zobacz najnowsze nagrody i wyniki dla Euromillions","isPartOf":{"@id":"https:\/\/onlinelotto365.com\/pl\/#website"},"primaryImageOfPage":{"@id":"https:\/\/onlinelotto365.com\/pl\/numery-wygranych\/euromillions\/#primaryimage"},"image":{"@id":"https:\/\/onlinelotto365.com\/pl\/numery-wygranych\/euromillions\/#primaryimage"},"thumbnailUrl":"https:\/\/redfoxlotto.com\/image?size=8&amp;lottery=euromillions","datePublished":"2020-12-08T13:19:44+00:00","dateModified":"2021-01-11T09:12:06+00:00","description":"Por\u00f3wnaj sw\u00f3j los Euromillions z wygrywaj\u0105cymi liczbami - zobacz wszystkie wyniki loterii tutaj","breadcrumb":{"@id":"https:\/\/onlinelotto365.com\/pl\/numery-wygranych\/euromillions\/#breadcrumb"},"inLanguage":"pl-PL","potentialAction":[{"@type":"ReadAction","target":["https:\/\/onlinelotto365.com\/pl\/numery-wygranych\/euromillions\/"]}]},{"@type":"ImageObject","inLanguage":"pl-PL","@id":"https:\/\/onlinelotto365.com\/pl\/numery-wygranych\/euromillions\/#primaryimage","url":"https:\/\/redfoxlotto.com\/image?size=8&amp;lottery=euromillions","contentUrl":"https:\/\/redfoxlotto.com\/image?size=8&amp;lottery=euromillions"},{"@type":"BreadcrumbList","@id":"https:\/\/onlinelotto365.com\/pl\/numery-wygranych\/euromillions\/#breadcrumb","itemListElement":[{"@type":"ListItem","position":1,"name":"Home","item":"https:\/\/onlinelotto365.com\/pl\/"},{"@type":"ListItem","position":2,"name":"Znajd\u017a zwyci\u0119skie liczby i wyniki najnowszych losowa\u0144 lotto","item":"https:\/\/onlinelotto365.com\/pl\/numery-wygranych\/"},{"@type":"ListItem","position":3,"name":"Zobacz zwyci\u0119skie numery Euromillions"}]},{"@type":"WebSite","@id":"https:\/\/onlinelotto365.com\/pl\/#website","url":"https:\/\/onlinelotto365.com\/pl\/","name":"OnlineLotto365","description":"","potentialAction":[{"@type":"SearchAction","target":{"@type":"EntryPoint","urlTemplate":"https:\/\/onlinelotto365.com\/pl\/?s={search_term_string}"},"query-input":{"@type":"PropertyValueSpecification","valueRequired":true,"valueName":"search_term_string"}}],"inLanguage":"pl-PL"}]}},"_links":{"self":[{"href":"https:\/\/onlinelotto365.com\/pl\/wp-json\/wp\/v2\/pages\/7774","targetHints":{"allow":["GET"]}}],"collection":[{"href":"https:\/\/onlinelotto365.com\/pl\/wp-json\/wp\/v2\/pages"}],"about":[{"href":"https:\/\/onlinelotto365.com\/pl\/wp-json\/wp\/v2\/types\/page"}],"author":[{"embeddable":true,"href":"https:\/\/onlinelotto365.com\/pl\/wp-json\/wp\/v2\/users\/1"}],"replies":[{"embeddable":true,"href":"https:\/\/onlinelotto365.com\/pl\/wp-json\/wp\/v2\/comments?post=7774"}],"version-history":[{"count":0,"href":"https:\/\/onlinelotto365.com\/pl\/wp-json\/wp\/v2\/pages\/7774\/revisions"}],"up":[{"embeddable":true,"href":"https:\/\/onlinelotto365.com\/pl\/wp-json\/wp\/v2\/pages\/3798"}],"wp:attachment":[{"href":"https:\/\/onlinelotto365.com\/pl\/wp-json\/wp\/v2\/media?parent=7774"}],"curies":[{"name":"wp","href":"https:\/\/api.w.org\/{rel}","templated":true}]}}