{"id":7811,"date":"2020-12-08T14:31:00","date_gmt":"2020-12-08T13:31:00","guid":{"rendered":"http:\/\/onlinelotto365.net\/?page_id=7811"},"modified":"2021-01-07T12:30:55","modified_gmt":"2021-01-07T11:30:55","slug":"superenalotto","status":"publish","type":"page","link":"https:\/\/onlinelotto365.com\/pl\/numery-wygranych\/superenalotto\/","title":{"rendered":"Sprawd\u017a zwyci\u0119skie numery Superenalotto tutaj"},"content":{"rendered":"<p>Oferujemy wiele r\u00f3\u017cnych mi\u0119dzynarodowych gier loteryjnych na naszej stronie internetowej, ale chcemy mie\u0107 pewno\u015b\u0107, \u017ce znalezienie wynik\u00f3w nie stanowi problemu. Jasne, mo\u017cesz sprawdzi\u0107 wyniki w telewizji, je\u015bli masz szcz\u0119\u015bcie znale\u017a\u0107 wyniki losowania w wiadomo\u015bciach. Albo mo\u017cesz je znale\u017a\u0107 w gazecie, je\u015bli mieszkasz w okolicy, w kt\u00f3rej gry s\u0105 lokalne. Ale to te\u017c mo\u017ce by\u0107 trudne.<\/p>\n<p>Mo\u017cesz r\u00f3wnie\u017c sprawdzi\u0107 na stronie internetowej Superenalotto, aby<a href=\"https:\/\/onlinelotto365.com\/pl\/news\/lotto-na-zywo\"> znale\u017a\u0107 strumie\u0144 na \u017cywo<\/a> procesu rysowania, je\u015bli jest on oferowany. To mo\u017ce by\u0107 zabawa dla gier, kt\u00f3re zapewniaj\u0105 to i mo\u017ce da\u0107 ekscytuj\u0105cy moment ogl\u0105dania, aby zobaczy\u0107, czy Twoje numery s\u0105 te, kt\u00f3re wygra\u0142y, ale nie ka\u017cda gra na loterii faktycznie oferuje t\u0119 opcj\u0119.<\/p>\n<p>Po losowaniu mo\u017cna czasem znale\u017a\u0107 <strong>zwyci\u0119skie liczby i rysunki do Superenalotto<\/strong> <a href=\"https:\/\/youtube.com\/\">w serwisie YouTube<\/a>, je\u015bli wiesz, jak prowadzi\u0107 swoje badania i gdzie szuka\u0107. Ale to mo\u017ce zaj\u0105\u0107 troch\u0119 czasu.<br \/>\n<a href=\"https:\/\/redfoxlotto.com\/pl\/superenalotto\/?ref=a8564250a2&amp;medium=ol365\" target=\"_blank\" rel=\"noopener noreferrer\"><img decoding=\"async\" class=\"aligncenter\" src=\"https:\/\/redfoxlotto.com\/image?size=8&amp;lottery=superenalotto\" alt=\"superenalotto\" \/><\/a><\/p>\n<p>Najlepszym sposobem, aby to zrobi\u0107, jest po prostu przej\u015b\u0107 do naszej <a href=\"https:\/\/onlinelotto365.com\/pl\/numery-wygranych\/bonoloto\">strony z wynikami loterii<\/a> i zobaczy\u0107 wszystkie liczby dla ka\u017cdej z <a href=\"http:\/\/onlinelotto365.com\/pl\">r\u00f3\u017cnych gier lotto<\/a>. To obejmuje Superenalotto i wiele innych.<\/p>\n<h2>Jak dowiedzie\u0107 si\u0119, czy Tw\u00f3j los online wygra\u0142<img loading=\"lazy\" decoding=\"async\" class=\"alignright size-full wp-image-3634\" src=\"https:\/\/onlinelotto365.com\/wp-content\/uploads\/2020\/11\/online_lottery-136.jpg\" alt=\"superenalotto winning numbers\" width=\"297\" height=\"101\" \/><\/h2>\n<p>Dla tych, kt\u00f3rzy zakupili bilet na Superenalotto na naszej stronie, mo\u017cesz \u0142atwo sprawdzi\u0107 swoje konto, aby dowiedzie\u0107 si\u0119 o zwyci\u0119skich numerach. B\u0119dzie to o wiele \u0142atwiejsze, ni\u017c mog\u0142oby Ci si\u0119 wydawa\u0107, a co lepsze, nie musisz nawet por\u00f3wnywa\u0107 liczb.<\/p>\n<p>Zajmiemy si\u0119 t\u0105 cz\u0119\u015bci\u0105 dla ciebie. Pokazujemy <strong>Ci, kt\u00f3re z posiadanych przez Ciebie liczb pasuj\u0105 do zwyci\u0119skich, podkre\u015blaj\u0105c je.<\/strong> Nast\u0119pnie przekazujemy wszelkie wygrane do 2500 euro bezpo\u015brednio na Twoje konto. Nie musisz si\u0119 martwi\u0107 o to, \u017ce je zgarniesz lub upewnisz si\u0119, \u017ce cokolwiek sprawdzisz. Robimy to wszystko, aby\u015b m\u00f3g\u0142 cieszy\u0107 si\u0119 swoj\u0105 wygran\u0105.<\/p>\n<h2>Archiwum wynik\u00f3w Superenalotto<\/h2>\n<p>Ka\u017cda strona na naszej stronie internetowej, kt\u00f3ra pokazuje zwyci\u0119skie liczby dla Superenalotto, poka\u017ce Ci r\u00f3wnie\u017c, jak mo\u017cesz wr\u00f3ci\u0107 <strong>do poprzednich wynik\u00f3w, aby sprawdzi\u0107 wcze\u015bniejsze los<\/strong>owania. To pomo\u017ce Ci wybra\u0107 odpowiednie liczby, kt\u00f3re chcesz zagra\u0107, gdy przyjdzie czas na nast\u0119pne losowanie. Jest to jeden z najbardziej popularnych sposob\u00f3w wybierania liczb.<\/p>\n<h2>M\u00f3j bilet wygra\u0142, co dalej?<\/h2>\n<p>Ka\u017cda nagroda, kt\u00f3ra nie przekracza 2500 euro, zostanie natychmiast przekazana na Twoje konto gracza. W ten spos\u00f3b mo\u017cesz j\u0105 wyp\u0142aci\u0107 (dowolna kwota powy\u017cej 10 euro) lub u\u017cy\u0107 jej do zakupu dodatkowych los\u00f3w. Pami\u0119taj tylko, \u017ce mo\u017cesz wyp\u0142aci\u0107 \u015brodki na kart\u0119 kredytow\u0105 lub debetow\u0105, lub mo\u017cesz je wyp\u0142aci\u0107 na konto bankowe. Jakiekolwiek konto, z kt\u00f3rego chcesz pobra\u0107 pieni\u0105dze, musisz ju\u017c wcze\u015bniej wykorzysta\u0107, aby je wp\u0142aci\u0107. W ten spos\u00f3b chronimy Ci\u0119, a tak\u017ce przestrzegamy przepis\u00f3w dotycz\u0105cych przeciwdzia\u0142ania praniu brudnych pieni\u0119dzy i nie tylko.<\/p>\n","protected":false},"excerpt":{"rendered":"<p>Oferujemy wiele r\u00f3\u017cnych mi\u0119dzynarodowych gier loteryjnych na naszej stronie internetowej, ale chcemy mie\u0107 pewno\u015b\u0107, \u017ce znalezienie wynik\u00f3w nie stanowi problemu. Jasne, mo\u017cesz sprawdzi\u0107 wyniki w telewizji, je\u015bli masz szcz\u0119\u015bcie znale\u017a\u0107 wyniki losowania w wiadomo\u015bciach. Albo mo\u017cesz je znale\u017a\u0107 w gazecie, je\u015bli mieszkasz w okolicy, w kt\u00f3rej gry s\u0105 lokalne. Ale to te\u017c mo\u017ce by\u0107 trudne. [&hellip;]<\/p>\n","protected":false},"author":1,"featured_media":0,"parent":3798,"menu_order":5,"comment_status":"closed","ping_status":"closed","template":"superenalotto-results.php","meta":{"_et_pb_use_builder":"","_et_pb_old_content":"","_et_gb_content_width":"","exclude_from_search":false,"footnotes":""},"class_list":["post-7811","page","type-page","status-publish","hentry"],"yoast_head":"<!-- This site is optimized with the Yoast SEO plugin v23.4 - https:\/\/yoast.com\/wordpress\/plugins\/seo\/ -->\n<title>Najnowsze zwyci\u0119skie numery dla Superenalotto<\/title>\n<meta name=\"description\" content=\"Chcesz zna\u0107 zwyci\u0119skie numery dla Superenalotto? Tutaj znajdziesz wyniki i wi\u0119cej!\" \/>\n<meta name=\"robots\" content=\"index, follow, max-snippet:-1, max-image-preview:large, max-video-preview:-1\" \/>\n<link rel=\"canonical\" href=\"https:\/\/onlinelotto365.com\/pl\/numery-wygranych\/superenalotto\/\" \/>\n<meta property=\"og:locale\" content=\"pl_PL\" \/>\n<meta property=\"og:type\" content=\"article\" \/>\n<meta property=\"og:title\" content=\"Najnowsze zwyci\u0119skie numery dla Superenalotto\" \/>\n<meta property=\"og:description\" content=\"Chcesz zna\u0107 zwyci\u0119skie numery dla Superenalotto? Tutaj znajdziesz wyniki i wi\u0119cej!\" \/>\n<meta property=\"og:url\" content=\"https:\/\/onlinelotto365.com\/pl\/numery-wygranych\/superenalotto\/\" \/>\n<meta property=\"og:site_name\" content=\"OnlineLotto365\" \/>\n<meta property=\"article:modified_time\" content=\"2021-01-07T11:30:55+00:00\" \/>\n<meta property=\"og:image\" content=\"https:\/\/redfoxlotto.com\/image?size=8&amp;lottery=superenalotto\" \/>\n<meta name=\"twitter:card\" content=\"summary_large_image\" \/>\n<meta name=\"twitter:label1\" content=\"Szacowany czas czytania\" \/>\n\t<meta name=\"twitter:data1\" content=\"2 minuty\" \/>\n<script type=\"application\/ld+json\" class=\"yoast-schema-graph\">{\"@context\":\"https:\/\/schema.org\",\"@graph\":[{\"@type\":\"WebPage\",\"@id\":\"https:\/\/onlinelotto365.com\/pl\/numery-wygranych\/superenalotto\/\",\"url\":\"https:\/\/onlinelotto365.com\/pl\/numery-wygranych\/superenalotto\/\",\"name\":\"Najnowsze zwyci\u0119skie numery dla Superenalotto\",\"isPartOf\":{\"@id\":\"https:\/\/onlinelotto365.com\/pl\/#website\"},\"primaryImageOfPage\":{\"@id\":\"https:\/\/onlinelotto365.com\/pl\/numery-wygranych\/superenalotto\/#primaryimage\"},\"image\":{\"@id\":\"https:\/\/onlinelotto365.com\/pl\/numery-wygranych\/superenalotto\/#primaryimage\"},\"thumbnailUrl\":\"https:\/\/redfoxlotto.com\/image?size=8&amp;lottery=superenalotto\",\"datePublished\":\"2020-12-08T13:31:00+00:00\",\"dateModified\":\"2021-01-07T11:30:55+00:00\",\"description\":\"Chcesz zna\u0107 zwyci\u0119skie numery dla Superenalotto? Tutaj znajdziesz wyniki i wi\u0119cej!\",\"breadcrumb\":{\"@id\":\"https:\/\/onlinelotto365.com\/pl\/numery-wygranych\/superenalotto\/#breadcrumb\"},\"inLanguage\":\"pl-PL\",\"potentialAction\":[{\"@type\":\"ReadAction\",\"target\":[\"https:\/\/onlinelotto365.com\/pl\/numery-wygranych\/superenalotto\/\"]}]},{\"@type\":\"ImageObject\",\"inLanguage\":\"pl-PL\",\"@id\":\"https:\/\/onlinelotto365.com\/pl\/numery-wygranych\/superenalotto\/#primaryimage\",\"url\":\"https:\/\/redfoxlotto.com\/image?size=8&amp;lottery=superenalotto\",\"contentUrl\":\"https:\/\/redfoxlotto.com\/image?size=8&amp;lottery=superenalotto\"},{\"@type\":\"BreadcrumbList\",\"@id\":\"https:\/\/onlinelotto365.com\/pl\/numery-wygranych\/superenalotto\/#breadcrumb\",\"itemListElement\":[{\"@type\":\"ListItem\",\"position\":1,\"name\":\"Home\",\"item\":\"https:\/\/onlinelotto365.com\/pl\/\"},{\"@type\":\"ListItem\",\"position\":2,\"name\":\"Znajd\u017a zwyci\u0119skie liczby i wyniki najnowszych losowa\u0144 lotto\",\"item\":\"https:\/\/onlinelotto365.com\/pl\/numery-wygranych\/\"},{\"@type\":\"ListItem\",\"position\":3,\"name\":\"Sprawd\u017a zwyci\u0119skie numery Superenalotto tutaj\"}]},{\"@type\":\"WebSite\",\"@id\":\"https:\/\/onlinelotto365.com\/pl\/#website\",\"url\":\"https:\/\/onlinelotto365.com\/pl\/\",\"name\":\"OnlineLotto365\",\"description\":\"\",\"potentialAction\":[{\"@type\":\"SearchAction\",\"target\":{\"@type\":\"EntryPoint\",\"urlTemplate\":\"https:\/\/onlinelotto365.com\/pl\/?s={search_term_string}\"},\"query-input\":{\"@type\":\"PropertyValueSpecification\",\"valueRequired\":true,\"valueName\":\"search_term_string\"}}],\"inLanguage\":\"pl-PL\"}]}<\/script>\n<!-- \/ Yoast SEO plugin. -->","yoast_head_json":{"title":"Najnowsze zwyci\u0119skie numery dla Superenalotto","description":"Chcesz zna\u0107 zwyci\u0119skie numery dla Superenalotto? Tutaj znajdziesz wyniki i wi\u0119cej!","robots":{"index":"index","follow":"follow","max-snippet":"max-snippet:-1","max-image-preview":"max-image-preview:large","max-video-preview":"max-video-preview:-1"},"canonical":"https:\/\/onlinelotto365.com\/pl\/numery-wygranych\/superenalotto\/","og_locale":"pl_PL","og_type":"article","og_title":"Najnowsze zwyci\u0119skie numery dla Superenalotto","og_description":"Chcesz zna\u0107 zwyci\u0119skie numery dla Superenalotto? Tutaj znajdziesz wyniki i wi\u0119cej!","og_url":"https:\/\/onlinelotto365.com\/pl\/numery-wygranych\/superenalotto\/","og_site_name":"OnlineLotto365","article_modified_time":"2021-01-07T11:30:55+00:00","og_image":[{"url":"https:\/\/redfoxlotto.com\/image?size=8&amp;lottery=superenalotto"}],"twitter_card":"summary_large_image","twitter_misc":{"Szacowany czas czytania":"2 minuty"},"schema":{"@context":"https:\/\/schema.org","@graph":[{"@type":"WebPage","@id":"https:\/\/onlinelotto365.com\/pl\/numery-wygranych\/superenalotto\/","url":"https:\/\/onlinelotto365.com\/pl\/numery-wygranych\/superenalotto\/","name":"Najnowsze zwyci\u0119skie numery dla Superenalotto","isPartOf":{"@id":"https:\/\/onlinelotto365.com\/pl\/#website"},"primaryImageOfPage":{"@id":"https:\/\/onlinelotto365.com\/pl\/numery-wygranych\/superenalotto\/#primaryimage"},"image":{"@id":"https:\/\/onlinelotto365.com\/pl\/numery-wygranych\/superenalotto\/#primaryimage"},"thumbnailUrl":"https:\/\/redfoxlotto.com\/image?size=8&amp;lottery=superenalotto","datePublished":"2020-12-08T13:31:00+00:00","dateModified":"2021-01-07T11:30:55+00:00","description":"Chcesz zna\u0107 zwyci\u0119skie numery dla Superenalotto? Tutaj znajdziesz wyniki i wi\u0119cej!","breadcrumb":{"@id":"https:\/\/onlinelotto365.com\/pl\/numery-wygranych\/superenalotto\/#breadcrumb"},"inLanguage":"pl-PL","potentialAction":[{"@type":"ReadAction","target":["https:\/\/onlinelotto365.com\/pl\/numery-wygranych\/superenalotto\/"]}]},{"@type":"ImageObject","inLanguage":"pl-PL","@id":"https:\/\/onlinelotto365.com\/pl\/numery-wygranych\/superenalotto\/#primaryimage","url":"https:\/\/redfoxlotto.com\/image?size=8&amp;lottery=superenalotto","contentUrl":"https:\/\/redfoxlotto.com\/image?size=8&amp;lottery=superenalotto"},{"@type":"BreadcrumbList","@id":"https:\/\/onlinelotto365.com\/pl\/numery-wygranych\/superenalotto\/#breadcrumb","itemListElement":[{"@type":"ListItem","position":1,"name":"Home","item":"https:\/\/onlinelotto365.com\/pl\/"},{"@type":"ListItem","position":2,"name":"Znajd\u017a zwyci\u0119skie liczby i wyniki najnowszych losowa\u0144 lotto","item":"https:\/\/onlinelotto365.com\/pl\/numery-wygranych\/"},{"@type":"ListItem","position":3,"name":"Sprawd\u017a zwyci\u0119skie numery Superenalotto tutaj"}]},{"@type":"WebSite","@id":"https:\/\/onlinelotto365.com\/pl\/#website","url":"https:\/\/onlinelotto365.com\/pl\/","name":"OnlineLotto365","description":"","potentialAction":[{"@type":"SearchAction","target":{"@type":"EntryPoint","urlTemplate":"https:\/\/onlinelotto365.com\/pl\/?s={search_term_string}"},"query-input":{"@type":"PropertyValueSpecification","valueRequired":true,"valueName":"search_term_string"}}],"inLanguage":"pl-PL"}]}},"_links":{"self":[{"href":"https:\/\/onlinelotto365.com\/pl\/wp-json\/wp\/v2\/pages\/7811","targetHints":{"allow":["GET"]}}],"collection":[{"href":"https:\/\/onlinelotto365.com\/pl\/wp-json\/wp\/v2\/pages"}],"about":[{"href":"https:\/\/onlinelotto365.com\/pl\/wp-json\/wp\/v2\/types\/page"}],"author":[{"embeddable":true,"href":"https:\/\/onlinelotto365.com\/pl\/wp-json\/wp\/v2\/users\/1"}],"replies":[{"embeddable":true,"href":"https:\/\/onlinelotto365.com\/pl\/wp-json\/wp\/v2\/comments?post=7811"}],"version-history":[{"count":0,"href":"https:\/\/onlinelotto365.com\/pl\/wp-json\/wp\/v2\/pages\/7811\/revisions"}],"up":[{"embeddable":true,"href":"https:\/\/onlinelotto365.com\/pl\/wp-json\/wp\/v2\/pages\/3798"}],"wp:attachment":[{"href":"https:\/\/onlinelotto365.com\/pl\/wp-json\/wp\/v2\/media?parent=7811"}],"curies":[{"name":"wp","href":"https:\/\/api.w.org\/{rel}","templated":true}]}}