{"id":7839,"date":"2020-12-08T14:34:48","date_gmt":"2020-12-08T13:34:48","guid":{"rendered":"http:\/\/onlinelotto365.net\/?page_id=7839"},"modified":"2021-01-07T08:30:11","modified_gmt":"2021-01-07T07:30:11","slug":"el-gordo","status":"publish","type":"page","link":"https:\/\/onlinelotto365.com\/pl\/numery-wygranych\/el-gordo\/","title":{"rendered":"Sprawd\u017a wyniki i wygrane El Gordo tutaj"},"content":{"rendered":"<p>Wiemy, \u017ce oferujemy ca\u0142\u0105 mas\u0119 r\u00f3\u017cnych <a href=\"http:\/\/onlinelotto365.com\/pl\">mi\u0119dzynarodowych loterii<\/a> i mo\u017ce to by\u0107 troch\u0119 myl\u0105ce, pr\u00f3buj\u0105c znale\u017a\u0107 zwyci\u0119skie liczby. Wiele os\u00f3b szuka w gazecie zwyci\u0119skich liczb dla swoich ulubionych gier, ale je\u015bli nie mieszkasz w okolicy, <strong>znalezienie liczb dla El Gordo mo\u017ce by\u0107 trudne.<\/strong> To samo dotyczy pr\u00f3b ogl\u0105dania losowania lub ogl\u0105dania zwyci\u0119skich liczb w telewizji.<\/p>\n<p>Inn\u0105 mo\u017cliwo\u015bci\u0105 jest zajrzenie na oficjaln\u0105 stron\u0119 internetow\u0105 El Gordo i sprawdzenie, czy oferuj\u0105 one <a href=\"https:\/\/onlinelotto365.com\/pl\/news\/lotto-na-zywo\"><strong>strumie\u0144 na \u017cywo procesu rysowania<\/strong><\/a>. Dla tych gier, kt\u00f3re robi\u0105, to mo\u017ce by\u0107 zabawne i ciekawe mo\u017cliwo\u015bci dla ka\u017cdego.<\/p>\n<p>Ale jest wiele gier, kt\u00f3re tak naprawd\u0119 tego nie oferuj\u0105. Zamiast tego trzeba by by\u0142o poczeka\u0107, a\u017c losowanie si\u0119 sko\u0144czy i wszystko zostanie zg\u0142oszone, aby zobaczy\u0107 wyniki.<br \/>\nWreszcie, je\u015bli losowanie jest ju\u017c nad mo\u017ce by\u0107 w stanie przej\u015b\u0107 do YouTube i znale\u017a\u0107 losowanie El Gordo tam. Ale to jest kolejny obszar, w kt\u00f3rym mo\u017ce si\u0119 nie uda\u0107. Mo\u017ce nie by\u0107 nic dost\u0119pnego dla Twojego losowania.<br \/>\n<a href=\"https:\/\/redfoxlotto.com\/pl\/graj\/el-gordo-primitiva\/?ref=a8564250a2&amp;medium=ol365\" target=\"_blank\" rel=\"noopener noreferrer\"><img decoding=\"async\" class=\"aligncenter\" src=\"https:\/\/redfoxlotto.com\/image?size=8&amp;lottery=el-gordo-primitiva\" alt=\"el gordo\" \/><\/a><br \/>\nJednym z najlepszych i najprostszych sposob\u00f3w na znalezienie zwyci\u0119skich liczb jest jednak nasza strona internetowa. Sprawd\u017a nasze zwyci\u0119skie liczby i strony z wynikami, aby znale\u017a\u0107 wyniki dla El Gordo i ka\u017cdej innej gry loteryjnej, kt\u00f3r\u0105 mamy do dyspozycji.<\/p>\n<h2>Jak dowiedzie\u0107 si\u0119, czy Tw\u00f3j bilet online wygra\u0142<img loading=\"lazy\" decoding=\"async\" class=\"alignright wp-image-3573\" src=\"https:\/\/onlinelotto365.com\/wp-content\/uploads\/2020\/11\/online_lottery-96-300x212.jpg\" alt=\"El Gordo results\" width=\"166\" height=\"117\" srcset=\"https:\/\/onlinelotto365.com\/wp-content\/uploads\/2020\/11\/online_lottery-96-300x212.jpg 300w, https:\/\/onlinelotto365.com\/wp-content\/uploads\/2020\/11\/online_lottery-96.jpg 320w\" sizes=\"auto, (max-width: 166px) 100vw, 166px\" \/><\/h2>\n<p>Jeszcze lepsze jest to, \u017ce nie musisz nawet przechodzi\u0107 na stron\u0119 wynik\u00f3w loterii. Mo\u017cesz przej\u015b\u0107 bezpo\u015brednio na swoje konto, je\u015bli zakupi\u0142e\u015b losy. Stamt\u0105d b\u0119dziesz m\u00f3g\u0142 zobaczy\u0107 nie tylko zwyci\u0119skie liczby, ale r\u00f3wnie\u017c to, jak ustawiaj\u0105 si\u0119 Twoje numery. Mo\u017cesz zobaczy\u0107 por\u00f3wnywane liczby, a nast\u0119pnie zobaczy\u0107, kt\u00f3re z nich pasuj\u0105 i ile faktycznie wygra\u0142e\u015b. Je\u015bli wygra\u0142e\u015b mniej ni\u017c 2500 euro, nie musisz nawet nic robi\u0107, poniewa\u017c wygrana b\u0119dzie na Twoim koncie.<\/p>\n<h2>Archiwum wynik\u00f3w El Gordo<\/h2>\n<p>Je\u015bli chcesz sprawdzi\u0107 stare numery i zobaczy\u0107, czym one by\u0142y, mo\u017cesz to zrobi\u0107 z \u0142atwo\u015bci\u0105. W rzeczywisto\u015bci, ka\u017cda strona na naszej stronie internetowej, gdzie mo\u017cna zobaczy\u0107 najnowsze wyniki El Gordo, pozwoli Ci r\u00f3wnie\u017c sprawdzi\u0107 niekt\u00f3re ze starszych numer\u00f3w. Dzi\u0119ki temu \u0142atwiej b\u0119dzie Ci ustali\u0107, kt\u00f3re numery chcesz zagra\u0107 nast\u0119pnym razem.<\/p>\n<h2>M\u00f3j bilet wygra\u0142, co dalej?<\/h2>\n<p>Je\u015bli wygrasz, b\u0119dziesz mia\u0142 \u0142atwy czas na zdobycie swoich pieni\u0119dzy, poniewa\u017c wp\u0142acamy je bezpo\u015brednio na Twoje konto, gdy tylko wyniki zostan\u0105 potwierdzone. Je\u015bli jest to mniej ni\u017c \u20ac2500, b\u0119dziesz mia\u0142 pieni\u0105dze tak szybko. Nast\u0119pnie, je\u015bli jest to ponad 10 \u20ac, mo\u017cesz wyp\u0142aci\u0107 pieni\u0105dze na swoje konto.<br \/>\nMo\u017cesz te\u017c pozostawi\u0107 pieni\u0105dze na swoim koncie gracza i wykorzysta\u0107 je na zakup <a href=\"https:\/\/onlinelotto365.com\/pl\/kup-bilety\">jeszcze wi\u0119kszej ilo\u015bci bilet\u00f3w na dodatkowe gry<\/a>. Pami\u0119taj tylko, \u017ce wyp\u0142acenie Twoich pieni\u0119dzy b\u0119dzie wymaga\u0142o pewnych dokument\u00f3w, aby spe\u0142ni\u0107 wymogi przepis\u00f3w federalnych. Musisz r\u00f3wnie\u017c u\u017cy\u0107 metody, kt\u00f3r\u0105 ju\u017c wykorzysta\u0142e\u015b do dokonania wp\u0142aty.<\/p>\n","protected":false},"excerpt":{"rendered":"<p>Wiemy, \u017ce oferujemy ca\u0142\u0105 mas\u0119 r\u00f3\u017cnych mi\u0119dzynarodowych loterii i mo\u017ce to by\u0107 troch\u0119 myl\u0105ce, pr\u00f3buj\u0105c znale\u017a\u0107 zwyci\u0119skie liczby. Wiele os\u00f3b szuka w gazecie zwyci\u0119skich liczb dla swoich ulubionych gier, ale je\u015bli nie mieszkasz w okolicy, znalezienie liczb dla El Gordo mo\u017ce by\u0107 trudne. To samo dotyczy pr\u00f3b ogl\u0105dania losowania lub ogl\u0105dania zwyci\u0119skich liczb w telewizji. [&hellip;]<\/p>\n","protected":false},"author":1,"featured_media":0,"parent":3798,"menu_order":6,"comment_status":"closed","ping_status":"closed","template":"el-gordo-results.php","meta":{"_et_pb_use_builder":"","_et_pb_old_content":"","_et_gb_content_width":"","exclude_from_search":false,"footnotes":""},"class_list":["post-7839","page","type-page","status-publish","hentry"],"yoast_head":"<!-- This site is optimized with the Yoast SEO plugin v23.4 - https:\/\/yoast.com\/wordpress\/plugins\/seo\/ -->\n<title>Zwyci\u0119skie numery El Gordo | El Gordo wyniki losowania i nagrody<\/title>\n<meta name=\"description\" content=\"Wygrane numery, wyniki, nagrody dla El Gordo i wiele innych loterii, zawsze aktualizowane na naszej stronie internetowej\" \/>\n<meta name=\"robots\" content=\"index, follow, max-snippet:-1, max-image-preview:large, max-video-preview:-1\" \/>\n<link rel=\"canonical\" href=\"https:\/\/onlinelotto365.com\/pl\/numery-wygranych\/el-gordo\/\" \/>\n<meta property=\"og:locale\" content=\"pl_PL\" \/>\n<meta property=\"og:type\" content=\"article\" \/>\n<meta property=\"og:title\" content=\"Zwyci\u0119skie numery El Gordo | El Gordo wyniki losowania i nagrody\" \/>\n<meta property=\"og:description\" content=\"Wygrane numery, wyniki, nagrody dla El Gordo i wiele innych loterii, zawsze aktualizowane na naszej stronie internetowej\" \/>\n<meta property=\"og:url\" content=\"https:\/\/onlinelotto365.com\/pl\/numery-wygranych\/el-gordo\/\" \/>\n<meta property=\"og:site_name\" content=\"OnlineLotto365\" \/>\n<meta property=\"article:modified_time\" content=\"2021-01-07T07:30:11+00:00\" \/>\n<meta property=\"og:image\" content=\"https:\/\/redfoxlotto.com\/image?size=8&amp;lottery=el-gordo-primitiva\" \/>\n<meta name=\"twitter:card\" content=\"summary_large_image\" \/>\n<meta name=\"twitter:label1\" content=\"Szacowany czas czytania\" \/>\n\t<meta name=\"twitter:data1\" content=\"3 minuty\" \/>\n<script type=\"application\/ld+json\" class=\"yoast-schema-graph\">{\"@context\":\"https:\/\/schema.org\",\"@graph\":[{\"@type\":\"WebPage\",\"@id\":\"https:\/\/onlinelotto365.com\/pl\/numery-wygranych\/el-gordo\/\",\"url\":\"https:\/\/onlinelotto365.com\/pl\/numery-wygranych\/el-gordo\/\",\"name\":\"Zwyci\u0119skie numery El Gordo | El Gordo wyniki losowania i nagrody\",\"isPartOf\":{\"@id\":\"https:\/\/onlinelotto365.com\/pl\/#website\"},\"primaryImageOfPage\":{\"@id\":\"https:\/\/onlinelotto365.com\/pl\/numery-wygranych\/el-gordo\/#primaryimage\"},\"image\":{\"@id\":\"https:\/\/onlinelotto365.com\/pl\/numery-wygranych\/el-gordo\/#primaryimage\"},\"thumbnailUrl\":\"https:\/\/redfoxlotto.com\/image?size=8&amp;lottery=el-gordo-primitiva\",\"datePublished\":\"2020-12-08T13:34:48+00:00\",\"dateModified\":\"2021-01-07T07:30:11+00:00\",\"description\":\"Wygrane numery, wyniki, nagrody dla El Gordo i wiele innych loterii, zawsze aktualizowane na naszej stronie internetowej\",\"breadcrumb\":{\"@id\":\"https:\/\/onlinelotto365.com\/pl\/numery-wygranych\/el-gordo\/#breadcrumb\"},\"inLanguage\":\"pl-PL\",\"potentialAction\":[{\"@type\":\"ReadAction\",\"target\":[\"https:\/\/onlinelotto365.com\/pl\/numery-wygranych\/el-gordo\/\"]}]},{\"@type\":\"ImageObject\",\"inLanguage\":\"pl-PL\",\"@id\":\"https:\/\/onlinelotto365.com\/pl\/numery-wygranych\/el-gordo\/#primaryimage\",\"url\":\"https:\/\/redfoxlotto.com\/image?size=8&amp;lottery=el-gordo-primitiva\",\"contentUrl\":\"https:\/\/redfoxlotto.com\/image?size=8&amp;lottery=el-gordo-primitiva\"},{\"@type\":\"BreadcrumbList\",\"@id\":\"https:\/\/onlinelotto365.com\/pl\/numery-wygranych\/el-gordo\/#breadcrumb\",\"itemListElement\":[{\"@type\":\"ListItem\",\"position\":1,\"name\":\"Home\",\"item\":\"https:\/\/onlinelotto365.com\/pl\/\"},{\"@type\":\"ListItem\",\"position\":2,\"name\":\"Znajd\u017a zwyci\u0119skie liczby i wyniki najnowszych losowa\u0144 lotto\",\"item\":\"https:\/\/onlinelotto365.com\/pl\/numery-wygranych\/\"},{\"@type\":\"ListItem\",\"position\":3,\"name\":\"Sprawd\u017a wyniki i wygrane El Gordo tutaj\"}]},{\"@type\":\"WebSite\",\"@id\":\"https:\/\/onlinelotto365.com\/pl\/#website\",\"url\":\"https:\/\/onlinelotto365.com\/pl\/\",\"name\":\"OnlineLotto365\",\"description\":\"\",\"potentialAction\":[{\"@type\":\"SearchAction\",\"target\":{\"@type\":\"EntryPoint\",\"urlTemplate\":\"https:\/\/onlinelotto365.com\/pl\/?s={search_term_string}\"},\"query-input\":{\"@type\":\"PropertyValueSpecification\",\"valueRequired\":true,\"valueName\":\"search_term_string\"}}],\"inLanguage\":\"pl-PL\"}]}<\/script>\n<!-- \/ Yoast SEO plugin. -->","yoast_head_json":{"title":"Zwyci\u0119skie numery El Gordo | El Gordo wyniki losowania i nagrody","description":"Wygrane numery, wyniki, nagrody dla El Gordo i wiele innych loterii, zawsze aktualizowane na naszej stronie internetowej","robots":{"index":"index","follow":"follow","max-snippet":"max-snippet:-1","max-image-preview":"max-image-preview:large","max-video-preview":"max-video-preview:-1"},"canonical":"https:\/\/onlinelotto365.com\/pl\/numery-wygranych\/el-gordo\/","og_locale":"pl_PL","og_type":"article","og_title":"Zwyci\u0119skie numery El Gordo | El Gordo wyniki losowania i nagrody","og_description":"Wygrane numery, wyniki, nagrody dla El Gordo i wiele innych loterii, zawsze aktualizowane na naszej stronie internetowej","og_url":"https:\/\/onlinelotto365.com\/pl\/numery-wygranych\/el-gordo\/","og_site_name":"OnlineLotto365","article_modified_time":"2021-01-07T07:30:11+00:00","og_image":[{"url":"https:\/\/redfoxlotto.com\/image?size=8&amp;lottery=el-gordo-primitiva"}],"twitter_card":"summary_large_image","twitter_misc":{"Szacowany czas czytania":"3 minuty"},"schema":{"@context":"https:\/\/schema.org","@graph":[{"@type":"WebPage","@id":"https:\/\/onlinelotto365.com\/pl\/numery-wygranych\/el-gordo\/","url":"https:\/\/onlinelotto365.com\/pl\/numery-wygranych\/el-gordo\/","name":"Zwyci\u0119skie numery El Gordo | El Gordo wyniki losowania i nagrody","isPartOf":{"@id":"https:\/\/onlinelotto365.com\/pl\/#website"},"primaryImageOfPage":{"@id":"https:\/\/onlinelotto365.com\/pl\/numery-wygranych\/el-gordo\/#primaryimage"},"image":{"@id":"https:\/\/onlinelotto365.com\/pl\/numery-wygranych\/el-gordo\/#primaryimage"},"thumbnailUrl":"https:\/\/redfoxlotto.com\/image?size=8&amp;lottery=el-gordo-primitiva","datePublished":"2020-12-08T13:34:48+00:00","dateModified":"2021-01-07T07:30:11+00:00","description":"Wygrane numery, wyniki, nagrody dla El Gordo i wiele innych loterii, zawsze aktualizowane na naszej stronie internetowej","breadcrumb":{"@id":"https:\/\/onlinelotto365.com\/pl\/numery-wygranych\/el-gordo\/#breadcrumb"},"inLanguage":"pl-PL","potentialAction":[{"@type":"ReadAction","target":["https:\/\/onlinelotto365.com\/pl\/numery-wygranych\/el-gordo\/"]}]},{"@type":"ImageObject","inLanguage":"pl-PL","@id":"https:\/\/onlinelotto365.com\/pl\/numery-wygranych\/el-gordo\/#primaryimage","url":"https:\/\/redfoxlotto.com\/image?size=8&amp;lottery=el-gordo-primitiva","contentUrl":"https:\/\/redfoxlotto.com\/image?size=8&amp;lottery=el-gordo-primitiva"},{"@type":"BreadcrumbList","@id":"https:\/\/onlinelotto365.com\/pl\/numery-wygranych\/el-gordo\/#breadcrumb","itemListElement":[{"@type":"ListItem","position":1,"name":"Home","item":"https:\/\/onlinelotto365.com\/pl\/"},{"@type":"ListItem","position":2,"name":"Znajd\u017a zwyci\u0119skie liczby i wyniki najnowszych losowa\u0144 lotto","item":"https:\/\/onlinelotto365.com\/pl\/numery-wygranych\/"},{"@type":"ListItem","position":3,"name":"Sprawd\u017a wyniki i wygrane El Gordo tutaj"}]},{"@type":"WebSite","@id":"https:\/\/onlinelotto365.com\/pl\/#website","url":"https:\/\/onlinelotto365.com\/pl\/","name":"OnlineLotto365","description":"","potentialAction":[{"@type":"SearchAction","target":{"@type":"EntryPoint","urlTemplate":"https:\/\/onlinelotto365.com\/pl\/?s={search_term_string}"},"query-input":{"@type":"PropertyValueSpecification","valueRequired":true,"valueName":"search_term_string"}}],"inLanguage":"pl-PL"}]}},"_links":{"self":[{"href":"https:\/\/onlinelotto365.com\/pl\/wp-json\/wp\/v2\/pages\/7839","targetHints":{"allow":["GET"]}}],"collection":[{"href":"https:\/\/onlinelotto365.com\/pl\/wp-json\/wp\/v2\/pages"}],"about":[{"href":"https:\/\/onlinelotto365.com\/pl\/wp-json\/wp\/v2\/types\/page"}],"author":[{"embeddable":true,"href":"https:\/\/onlinelotto365.com\/pl\/wp-json\/wp\/v2\/users\/1"}],"replies":[{"embeddable":true,"href":"https:\/\/onlinelotto365.com\/pl\/wp-json\/wp\/v2\/comments?post=7839"}],"version-history":[{"count":0,"href":"https:\/\/onlinelotto365.com\/pl\/wp-json\/wp\/v2\/pages\/7839\/revisions"}],"up":[{"embeddable":true,"href":"https:\/\/onlinelotto365.com\/pl\/wp-json\/wp\/v2\/pages\/3798"}],"wp:attachment":[{"href":"https:\/\/onlinelotto365.com\/pl\/wp-json\/wp\/v2\/media?parent=7839"}],"curies":[{"name":"wp","href":"https:\/\/api.w.org\/{rel}","templated":true}]}}