{"id":7878,"date":"2020-12-08T14:36:56","date_gmt":"2020-12-08T13:36:56","guid":{"rendered":"http:\/\/onlinelotto365.net\/?page_id=7878"},"modified":"2021-01-07T08:30:36","modified_gmt":"2021-01-07T07:30:36","slug":"bonoloto","status":"publish","type":"page","link":"https:\/\/onlinelotto365.com\/pl\/numery-wygranych\/bonoloto\/","title":{"rendered":"Wyniki hiszpa\u0144skiego Bonoloto"},"content":{"rendered":"<p>Mi\u0119dzynarodowe gry loteryjne mog\u0105 by\u0107 \u015bwietn\u0105 zabaw\u0105, ale musisz wiedzie\u0107, jak sprawdzi\u0107 zwyci\u0119skie liczby. Jednym ze sposob\u00f3w na sprawdzenie zwyci\u0119skich <strong>numer\u00f3w BonoLoto<\/strong> jest wej\u015bcie do gazety. Ale zazwyczaj tylko lokalne gazety b\u0119d\u0105 mia\u0142y wyniki, kt\u00f3rych szukasz.<\/p>\n<p>Inn\u0105 mo\u017cliwo\u015bci\u0105 jest obejrzenie stacji telewizyjnych, ale mo\u017ce si\u0119 zdarzy\u0107, \u017ce nie znajdziesz tam r\u00f3wnie\u017c informacji, kt\u00f3rych szukasz. Musisz mieszka\u0107 w odpowiednim miejscu i wiedzie\u0107, kiedy <a href=\"https:\/\/onlinelotto365.com\/pl\/news\/sprawdz-bilet-na-loterie-online\">sprawdzi\u0107 numery.<\/a><\/p>\n<p>Nast\u0119pnie mo\u017cna zajrze\u0107 na oficjaln\u0105 stron\u0119 internetow\u0105 BonoLoto, aby sprawdzi\u0107, czy oferuj\u0105 one rysunki na \u017cywo online. W przypadku gier, kt\u00f3re to robi\u0105, mo\u017ce to by\u0107 ekscytuj\u0105ce dla ka\u017cdego, poniewa\u017c mo\u017cna z\u0142apa\u0107 si\u0119 w momencie patrzenia na liczby, kt\u00f3re pojawiaj\u0105 si\u0119 natychmiast. Ale pami\u0119taj, \u017ce nie wszystkie <a href=\"http:\/\/onlinelotto365.com\/pl\">gry loteryjne<\/a> faktycznie oferuj\u0105 t\u0119 opcj\u0119.<\/p>\n<p>Wreszcie, mo\u017cna spojrze\u0107 na YouTube, aby zobaczy\u0107, czy kto\u015b opublikowa\u0142 wideo na \u017cywo z losowania lub czy nagra\u0142 zwyci\u0119skie numery w inny spos\u00f3b, aby podzieli\u0107 si\u0119 losowaniem BonoLoto.<br \/>\n<a href=\"https:\/\/redfoxlotto.com\/pl\/bonoloto\/?ref=a8564250a2&amp;medium=ol365\" target=\"_blank\" rel=\"noopener noreferrer\"><img decoding=\"async\" class=\"aligncenter\" src=\"https:\/\/redfoxlotto.com\/image?size=8&amp;lottery=bonoloto\" alt=\"BonoLoto\" \/><\/a><\/p>\n<p>Najwygodniejszym sposobem na zdobycie zwyci\u0119skich numer\u00f3w jest jednak z pewno\u015bci\u0105 sprawdzenie naszej strony internetowej. Damy <strong>Ci wszystkie zwyci\u0119skie numery do BonoLoto, jak r\u00f3wnie\u017c wszystkie inne gry<\/strong>, kt\u00f3re mamy dost\u0119pne na naszej stronie, aby\u015b m\u00f3g\u0142 \u015bledzi\u0107 je w jednym miejscu.<\/p>\n<h2>Jak dowiedzie\u0107 si\u0119, czy Tw\u00f3j bilet online wygra\u0142<img loading=\"lazy\" decoding=\"async\" class=\"alignright wp-image-3651\" src=\"https:\/\/onlinelotto365.com\/wp-content\/uploads\/2020\/11\/online_lottery-79-300x292.jpg\" alt=\"bonoloto winning numbers\" width=\"148\" height=\"145\" srcset=\"https:\/\/onlinelotto365.com\/wp-content\/uploads\/2020\/11\/online_lottery-79-300x292.jpg 300w, https:\/\/onlinelotto365.com\/wp-content\/uploads\/2020\/11\/online_lottery-79.jpg 320w\" sizes=\"auto, (max-width: 148px) 100vw, 148px\" \/><\/h2>\n<p>Dla tych, kt\u00f3rzy ju\u017c <a href=\"https:\/\/onlinelotto365.com\/pl\/kup-bilety\">kupili bilet na BonoLoto<\/a>, mo\u017cesz wej\u015b\u0107 bezpo\u015brednio na swoje konto. Zaloguj si\u0119 i przejd\u017a do strony z Twoimi biletami na niej. Gdy ju\u017c tam b\u0119dziesz, b\u0119dziesz m\u00f3g\u0142 zobaczy\u0107 wyniki ka\u017cdej z gier, na kt\u00f3r\u0105 kupi\u0142e\u015b bilety. Dzi\u0119ki temu o wiele \u0142atwiej b\u0119dzie Ci <strong>zobaczy\u0107, kt\u00f3re liczby pas<\/strong> owa\u0142y do siebie, a kt\u00f3re nie. B\u0119dziesz r\u00f3wnie\u017c m\u00f3g\u0142 od razu dosta\u0107 swoje pieni\u0105dze, je\u015bli wygra\u0142e\u015b mniej ni\u017c 2500 euro. Dzieje si\u0119 tak, poniewa\u017c te kwoty s\u0105 wp\u0142acane bezpo\u015brednio na Twoje konto, bez konieczno\u015bci robienia czegokolwiek.<\/p>\n<h2>Archiwum wynik\u00f3w BonoLoto<\/h2>\n<p>Je\u015bli szukasz starych numer\u00f3w do BonoLoto, nie musisz szuka\u0107 daleko. To dlatego, \u017ce zaj\u0119li\u015bmy si\u0119 wszystkim dla ciebie. Wszystkie stare numery umie\u015bcili\u015bmy nawet w tym samym miejscu, co ostatnie, wi\u0119c nie musisz si\u0119 martwi\u0107, \u017ce spr\u00f3bujesz je namierzy\u0107. To dlatego, \u017ce wiemy, jak wa\u017cne jest dla ciebie, aby\u015b m\u00f3g\u0142 znale\u017a\u0107 te numery, kiedy tego chcesz.<\/p>\n<h2>M\u00f3j bilet wygra\u0142, co dalej?<\/h2>\n<p>Rozmawiali\u015bmy ju\u017c o tym, \u017ce je\u015bli wygrasz jakie\u015b drobne nagrody za jak\u0105kolwiek gr\u0119 lotto, nie musisz si\u0119 martwi\u0107 o swoje pieni\u0105dze. To dlatego, \u017ce dbamy o to, by wp\u0142aca\u0107 je bezpo\u015brednio na Twoje konto. Ka\u017cda kwota poni\u017cej \u20ac2500 zostanie automatycznie dodana do Twojego konta, wi\u0119c jest gotowa kiedy tylko zechcesz.<br \/>\nTo na pewno b\u0119dzie dla Ciebie wygodne i pomo\u017ce Ci zacz\u0105\u0107 korzysta\u0107 z tych pieni\u0119dzy. To dlatego, \u017ce mo\u017cesz wykorzysta\u0107 je do zakupu wi\u0119kszej ilo\u015bci bilet\u00f3w, kiedy tylko chcesz. Je\u015bli jest to ponad 10 \u20ac, mo\u017cesz nawet wyp\u0142aci\u0107 pieni\u0105dze na dowolne konto, z kt\u00f3rego korzysta\u0142e\u015b wcze\u015bniej na naszej stronie.<\/p>\n","protected":false},"excerpt":{"rendered":"<p>Mi\u0119dzynarodowe gry loteryjne mog\u0105 by\u0107 \u015bwietn\u0105 zabaw\u0105, ale musisz wiedzie\u0107, jak sprawdzi\u0107 zwyci\u0119skie liczby. Jednym ze sposob\u00f3w na sprawdzenie zwyci\u0119skich numer\u00f3w BonoLoto jest wej\u015bcie do gazety. Ale zazwyczaj tylko lokalne gazety b\u0119d\u0105 mia\u0142y wyniki, kt\u00f3rych szukasz. Inn\u0105 mo\u017cliwo\u015bci\u0105 jest obejrzenie stacji telewizyjnych, ale mo\u017ce si\u0119 zdarzy\u0107, \u017ce nie znajdziesz tam r\u00f3wnie\u017c informacji, kt\u00f3rych szukasz. Musisz [&hellip;]<\/p>\n","protected":false},"author":1,"featured_media":0,"parent":3798,"menu_order":8,"comment_status":"closed","ping_status":"closed","template":"template-rightsidebar.php","meta":{"_et_pb_use_builder":"","_et_pb_old_content":"","_et_gb_content_width":"","exclude_from_search":false,"footnotes":""},"class_list":["post-7878","page","type-page","status-publish","hentry"],"yoast_head":"<!-- This site is optimized with the Yoast SEO plugin v23.4 - https:\/\/yoast.com\/wordpress\/plugins\/seo\/ -->\n<title>Wyniki i nagrody dla hiszpa\u0144skiego BonoLoto<\/title>\n<meta name=\"description\" content=\"Zobacz tutaj, aby dowiedzie\u0107 si\u0119, czy Twoje bilety na Bonoloto wygra\u0142y\" \/>\n<meta name=\"robots\" content=\"index, follow, max-snippet:-1, max-image-preview:large, max-video-preview:-1\" \/>\n<link rel=\"canonical\" href=\"https:\/\/onlinelotto365.com\/pl\/numery-wygranych\/bonoloto\/\" \/>\n<meta property=\"og:locale\" content=\"pl_PL\" \/>\n<meta property=\"og:type\" content=\"article\" \/>\n<meta property=\"og:title\" content=\"Wyniki i nagrody dla hiszpa\u0144skiego BonoLoto\" \/>\n<meta property=\"og:description\" content=\"Zobacz tutaj, aby dowiedzie\u0107 si\u0119, czy Twoje bilety na Bonoloto wygra\u0142y\" \/>\n<meta property=\"og:url\" content=\"https:\/\/onlinelotto365.com\/pl\/numery-wygranych\/bonoloto\/\" \/>\n<meta property=\"og:site_name\" content=\"OnlineLotto365\" \/>\n<meta property=\"article:modified_time\" content=\"2021-01-07T07:30:36+00:00\" \/>\n<meta property=\"og:image\" content=\"https:\/\/redfoxlotto.com\/image?size=8&amp;lottery=bonoloto\" \/>\n<meta name=\"twitter:card\" content=\"summary_large_image\" \/>\n<meta name=\"twitter:label1\" content=\"Szacowany czas czytania\" \/>\n\t<meta name=\"twitter:data1\" content=\"3 minuty\" \/>\n<script type=\"application\/ld+json\" class=\"yoast-schema-graph\">{\"@context\":\"https:\/\/schema.org\",\"@graph\":[{\"@type\":\"WebPage\",\"@id\":\"https:\/\/onlinelotto365.com\/pl\/numery-wygranych\/bonoloto\/\",\"url\":\"https:\/\/onlinelotto365.com\/pl\/numery-wygranych\/bonoloto\/\",\"name\":\"Wyniki i nagrody dla hiszpa\u0144skiego BonoLoto\",\"isPartOf\":{\"@id\":\"https:\/\/onlinelotto365.com\/pl\/#website\"},\"primaryImageOfPage\":{\"@id\":\"https:\/\/onlinelotto365.com\/pl\/numery-wygranych\/bonoloto\/#primaryimage\"},\"image\":{\"@id\":\"https:\/\/onlinelotto365.com\/pl\/numery-wygranych\/bonoloto\/#primaryimage\"},\"thumbnailUrl\":\"https:\/\/redfoxlotto.com\/image?size=8&amp;lottery=bonoloto\",\"datePublished\":\"2020-12-08T13:36:56+00:00\",\"dateModified\":\"2021-01-07T07:30:36+00:00\",\"description\":\"Zobacz tutaj, aby dowiedzie\u0107 si\u0119, czy Twoje bilety na Bonoloto wygra\u0142y\",\"breadcrumb\":{\"@id\":\"https:\/\/onlinelotto365.com\/pl\/numery-wygranych\/bonoloto\/#breadcrumb\"},\"inLanguage\":\"pl-PL\",\"potentialAction\":[{\"@type\":\"ReadAction\",\"target\":[\"https:\/\/onlinelotto365.com\/pl\/numery-wygranych\/bonoloto\/\"]}]},{\"@type\":\"ImageObject\",\"inLanguage\":\"pl-PL\",\"@id\":\"https:\/\/onlinelotto365.com\/pl\/numery-wygranych\/bonoloto\/#primaryimage\",\"url\":\"https:\/\/redfoxlotto.com\/image?size=8&amp;lottery=bonoloto\",\"contentUrl\":\"https:\/\/redfoxlotto.com\/image?size=8&amp;lottery=bonoloto\"},{\"@type\":\"BreadcrumbList\",\"@id\":\"https:\/\/onlinelotto365.com\/pl\/numery-wygranych\/bonoloto\/#breadcrumb\",\"itemListElement\":[{\"@type\":\"ListItem\",\"position\":1,\"name\":\"Home\",\"item\":\"https:\/\/onlinelotto365.com\/pl\/\"},{\"@type\":\"ListItem\",\"position\":2,\"name\":\"Znajd\u017a zwyci\u0119skie liczby i wyniki najnowszych losowa\u0144 lotto\",\"item\":\"https:\/\/onlinelotto365.com\/pl\/numery-wygranych\/\"},{\"@type\":\"ListItem\",\"position\":3,\"name\":\"Wyniki hiszpa\u0144skiego Bonoloto\"}]},{\"@type\":\"WebSite\",\"@id\":\"https:\/\/onlinelotto365.com\/pl\/#website\",\"url\":\"https:\/\/onlinelotto365.com\/pl\/\",\"name\":\"OnlineLotto365\",\"description\":\"\",\"potentialAction\":[{\"@type\":\"SearchAction\",\"target\":{\"@type\":\"EntryPoint\",\"urlTemplate\":\"https:\/\/onlinelotto365.com\/pl\/?s={search_term_string}\"},\"query-input\":{\"@type\":\"PropertyValueSpecification\",\"valueRequired\":true,\"valueName\":\"search_term_string\"}}],\"inLanguage\":\"pl-PL\"}]}<\/script>\n<!-- \/ Yoast SEO plugin. -->","yoast_head_json":{"title":"Wyniki i nagrody dla hiszpa\u0144skiego BonoLoto","description":"Zobacz tutaj, aby dowiedzie\u0107 si\u0119, czy Twoje bilety na Bonoloto wygra\u0142y","robots":{"index":"index","follow":"follow","max-snippet":"max-snippet:-1","max-image-preview":"max-image-preview:large","max-video-preview":"max-video-preview:-1"},"canonical":"https:\/\/onlinelotto365.com\/pl\/numery-wygranych\/bonoloto\/","og_locale":"pl_PL","og_type":"article","og_title":"Wyniki i nagrody dla hiszpa\u0144skiego BonoLoto","og_description":"Zobacz tutaj, aby dowiedzie\u0107 si\u0119, czy Twoje bilety na Bonoloto wygra\u0142y","og_url":"https:\/\/onlinelotto365.com\/pl\/numery-wygranych\/bonoloto\/","og_site_name":"OnlineLotto365","article_modified_time":"2021-01-07T07:30:36+00:00","og_image":[{"url":"https:\/\/redfoxlotto.com\/image?size=8&amp;lottery=bonoloto"}],"twitter_card":"summary_large_image","twitter_misc":{"Szacowany czas czytania":"3 minuty"},"schema":{"@context":"https:\/\/schema.org","@graph":[{"@type":"WebPage","@id":"https:\/\/onlinelotto365.com\/pl\/numery-wygranych\/bonoloto\/","url":"https:\/\/onlinelotto365.com\/pl\/numery-wygranych\/bonoloto\/","name":"Wyniki i nagrody dla hiszpa\u0144skiego BonoLoto","isPartOf":{"@id":"https:\/\/onlinelotto365.com\/pl\/#website"},"primaryImageOfPage":{"@id":"https:\/\/onlinelotto365.com\/pl\/numery-wygranych\/bonoloto\/#primaryimage"},"image":{"@id":"https:\/\/onlinelotto365.com\/pl\/numery-wygranych\/bonoloto\/#primaryimage"},"thumbnailUrl":"https:\/\/redfoxlotto.com\/image?size=8&amp;lottery=bonoloto","datePublished":"2020-12-08T13:36:56+00:00","dateModified":"2021-01-07T07:30:36+00:00","description":"Zobacz tutaj, aby dowiedzie\u0107 si\u0119, czy Twoje bilety na Bonoloto wygra\u0142y","breadcrumb":{"@id":"https:\/\/onlinelotto365.com\/pl\/numery-wygranych\/bonoloto\/#breadcrumb"},"inLanguage":"pl-PL","potentialAction":[{"@type":"ReadAction","target":["https:\/\/onlinelotto365.com\/pl\/numery-wygranych\/bonoloto\/"]}]},{"@type":"ImageObject","inLanguage":"pl-PL","@id":"https:\/\/onlinelotto365.com\/pl\/numery-wygranych\/bonoloto\/#primaryimage","url":"https:\/\/redfoxlotto.com\/image?size=8&amp;lottery=bonoloto","contentUrl":"https:\/\/redfoxlotto.com\/image?size=8&amp;lottery=bonoloto"},{"@type":"BreadcrumbList","@id":"https:\/\/onlinelotto365.com\/pl\/numery-wygranych\/bonoloto\/#breadcrumb","itemListElement":[{"@type":"ListItem","position":1,"name":"Home","item":"https:\/\/onlinelotto365.com\/pl\/"},{"@type":"ListItem","position":2,"name":"Znajd\u017a zwyci\u0119skie liczby i wyniki najnowszych losowa\u0144 lotto","item":"https:\/\/onlinelotto365.com\/pl\/numery-wygranych\/"},{"@type":"ListItem","position":3,"name":"Wyniki hiszpa\u0144skiego Bonoloto"}]},{"@type":"WebSite","@id":"https:\/\/onlinelotto365.com\/pl\/#website","url":"https:\/\/onlinelotto365.com\/pl\/","name":"OnlineLotto365","description":"","potentialAction":[{"@type":"SearchAction","target":{"@type":"EntryPoint","urlTemplate":"https:\/\/onlinelotto365.com\/pl\/?s={search_term_string}"},"query-input":{"@type":"PropertyValueSpecification","valueRequired":true,"valueName":"search_term_string"}}],"inLanguage":"pl-PL"}]}},"_links":{"self":[{"href":"https:\/\/onlinelotto365.com\/pl\/wp-json\/wp\/v2\/pages\/7878","targetHints":{"allow":["GET"]}}],"collection":[{"href":"https:\/\/onlinelotto365.com\/pl\/wp-json\/wp\/v2\/pages"}],"about":[{"href":"https:\/\/onlinelotto365.com\/pl\/wp-json\/wp\/v2\/types\/page"}],"author":[{"embeddable":true,"href":"https:\/\/onlinelotto365.com\/pl\/wp-json\/wp\/v2\/users\/1"}],"replies":[{"embeddable":true,"href":"https:\/\/onlinelotto365.com\/pl\/wp-json\/wp\/v2\/comments?post=7878"}],"version-history":[{"count":0,"href":"https:\/\/onlinelotto365.com\/pl\/wp-json\/wp\/v2\/pages\/7878\/revisions"}],"up":[{"embeddable":true,"href":"https:\/\/onlinelotto365.com\/pl\/wp-json\/wp\/v2\/pages\/3798"}],"wp:attachment":[{"href":"https:\/\/onlinelotto365.com\/pl\/wp-json\/wp\/v2\/media?parent=7878"}],"curies":[{"name":"wp","href":"https:\/\/api.w.org\/{rel}","templated":true}]}}