{"id":7934,"date":"2020-12-08T14:41:26","date_gmt":"2020-12-08T13:41:26","guid":{"rendered":"http:\/\/onlinelotto365.net\/?page_id=7934"},"modified":"2021-01-07T08:30:51","modified_gmt":"2021-01-07T07:30:51","slug":"uk-lottery","status":"publish","type":"page","link":"https:\/\/onlinelotto365.com\/pl\/numery-wygranych\/uk-lottery\/","title":{"rendered":"Wyniki brytyjskiej loterii"},"content":{"rendered":"<p>Istnieje wiele r\u00f3\u017cnych mi\u0119dzynarodowych gier, a my oferujemy ich wiele. To mo\u017ce oznacza\u0107, \u017ce masz trudny okres <a href=\"https:\/\/onlinelotto365.com\/pl\/news\/sprawdz-bilet-na-loterie-online\"><strong>znalezienie wynik\u00f3w<\/strong><\/a> po losowaniu. Dla niekt\u00f3rych, chc\u0105 zajrze\u0107 do gazety, ale Twoja lokalna gazeta <strong>mo\u017ce nie mie\u0107 wynik\u00f3w UK Lottery.<\/strong> Z drugiej strony, stacje telewizyjne te\u017c mog\u0105 nie mie\u0107 tych wynik\u00f3w, albo znalezienie odpowiedniego kana\u0142u mo\u017ce zaj\u0105\u0107 troch\u0119 czasu.<\/p>\n<p>Inn\u0105 opcj\u0105 jest zajrzenie na oficjaln\u0105 stron\u0119 internetow\u0105 UK Lottery, kt\u00f3ra mo\u017ce mie\u0107 <a href=\"https:\/\/onlinelotto365.com\/pl\/news\/lotto-na-zywo\">bezpo\u015bredni\u0105 transmisj\u0119 z procesu losowania<\/a>. Ale nie wszystkie gry loteryjne oferuj\u0105 tego typu system transmisji na \u017cywo, a nawet kiedy trzeba tam by\u0107 we w\u0142a\u015bciwym czasie. Wi\u0119c, w jaki spos\u00f3b mo\u017cna u\u017cy\u0107 do znalezienia wynik\u00f3w UK Lottery?<br \/>\nInn\u0105 mo\u017cliwo\u015bci\u0105 jest sprawdzenie na YouTube najnowszego losowania UK Lottery, je\u015bli ju\u017c si\u0119 sko\u0144czy\u0142o. Czasami ludzie wrzucaj\u0105 nagranie lub umieszczaj\u0105 zwyci\u0119skie numery w jaki\u015b spos\u00f3b.<br \/>\n<a href=\"https:\/\/redfoxlotto.com\/pl\/lotto-uk\/?ref=a8564250a2&amp;medium=ol365\" target=\"_blank\" rel=\"noopener noreferrer\"><img decoding=\"async\" class=\"aligncenter\" src=\"https:\/\/redfoxlotto.com\/image?size=8&amp;lottery=lotto-uk\" alt=\"uk lottery\" \/><\/a><\/p>\n<p>Naj\u0142atwiejszym sposobem na zdobycie zwyci\u0119skich liczb jest jednak sprawdzenie naszej strony internetowej. Nasza strona z wynikami loterii poka\u017ce Ci wyniki i nagrody dla UK Lottery, jak r\u00f3wnie\u017c ka\u017cd\u0105 inn\u0105 gr\u0119 loteryjn\u0105, kt\u00f3r\u0105 mamy do dyspozycji.<\/p>\n<h2>Jak dowiedzie\u0107 si\u0119, czy Tw\u00f3j bilet online wygra\u0142<\/h2>\n<p><img loading=\"lazy\" decoding=\"async\" class=\"alignright wp-image-3550\" src=\"https:\/\/onlinelotto365.com\/wp-content\/uploads\/2020\/11\/online_lottery-108-300x232.jpg\" alt=\"uk lottery results\" width=\"146\" height=\"113\" srcset=\"https:\/\/onlinelotto365.com\/wp-content\/uploads\/2020\/11\/online_lottery-108-300x232.jpg 300w, https:\/\/onlinelotto365.com\/wp-content\/uploads\/2020\/11\/online_lottery-108.jpg 320w\" sizes=\"auto, (max-width: 146px) 100vw, 146px\" \/> Jeszcze lepsze jest to, \u017ce mo\u017cesz sprawdzi\u0107 stron\u0119 swojego konta, je\u015bli ju\u017c kupi\u0142e\u015b bilety. Na stronie Twojego konta poka\u017cemy Ci zwyci\u0119skie numery dla ka\u017cdego posiadanego przez Ciebie biletu i por\u00f3wnamy je z Twoim w\u0142asnym biletem. Wyr\u00f3\u017cnimy nawet te liczby, kt\u00f3re si\u0119 zgadzaj\u0105.<br \/>\nA je\u015bli wygrasz mniej ni\u017c 2500 euro, nie musisz nic robi\u0107, poniewa\u017c pieni\u0105dze zostan\u0105 ju\u017c wp\u0142acone bezpo\u015brednio na Twoje konto gracza, gdy tylko wyniki zostan\u0105 zweryfikowane. Dzi\u0119ki temu \u0142atwiej b\u0119dzie Ci kupi\u0107 wi\u0119cej los\u00f3w na nast\u0119pne losowanie.<\/p>\n<h2>Archiwum wynik\u00f3w loterii UK Lottery<\/h2>\n<p>Ka\u017cda strona na naszej stronie internetowej, kt\u00f3ra pokazuje aktualne zwyci\u0119skie liczby, <strong>poka\u017ce Ci r\u00f3wnie\u017c stare wyniki UK Lottery<\/strong>. B\u0119dziesz m\u00f3g\u0142 sprawdzi\u0107 poprzednie losowania pod k\u0105tem starych los\u00f3w lub dowiedzie\u0107 si\u0119, jakie liczby chcesz zagra\u0107 nast\u0119pnym razem. W ko\u0144cu, wiele os\u00f3b lubi sprawdza\u0107 stare numery, aby wybra\u0107 swoje.<\/p>\n<h2>M\u00f3j los wygra\u0142, co dalej?<\/h2>\n<p>Je\u015bli masz wygrywaj\u0105cy bilet i masz prawo do mniej ni\u017c 2500 euro, nie musisz nic robi\u0107 w og\u00f3le. Zajmiemy si\u0119 wszystkim dla Ciebie i upewnimy si\u0119, \u017ce otrzymasz wygran\u0105 bezpo\u015brednio na swoje konto. Je\u015bli chcesz wykorzysta\u0107 te pieni\u0105dze, mo\u017cesz je wykorzysta\u0107 na zakup jeszcze wi\u0119kszej ilo\u015bci los\u00f3w. Je\u015bli tego nie zrobisz, mo\u017cesz wyp\u0142aci\u0107 pieni\u0105dze tak d\u0142ugo, jak d\u0142ugo masz do dyspozycji co najmniej 10 euro. Pieni\u0105dze te musz\u0105 zosta\u0107 wyp\u0142acone za pomoc\u0105 metody p\u0142atno\u015bci, kt\u00f3ra zosta\u0142a ju\u017c wykorzystana na naszej stronie, a Ty mo\u017cesz by\u0107 zmuszony do zweryfikowania swojej to\u017csamo\u015bci, aby spe\u0142ni\u0107 wymogi przepis\u00f3w federalnych.<\/p>\n","protected":false},"excerpt":{"rendered":"<p>Istnieje wiele r\u00f3\u017cnych mi\u0119dzynarodowych gier, a my oferujemy ich wiele. To mo\u017ce oznacza\u0107, \u017ce masz trudny okres znalezienie wynik\u00f3w po losowaniu. Dla niekt\u00f3rych, chc\u0105 zajrze\u0107 do gazety, ale Twoja lokalna gazeta mo\u017ce nie mie\u0107 wynik\u00f3w UK Lottery. Z drugiej strony, stacje telewizyjne te\u017c mog\u0105 nie mie\u0107 tych wynik\u00f3w, albo znalezienie odpowiedniego kana\u0142u mo\u017ce zaj\u0105\u0107 troch\u0119 [&hellip;]<\/p>\n","protected":false},"author":1,"featured_media":0,"parent":3798,"menu_order":9,"comment_status":"closed","ping_status":"closed","template":"lotto-uk-results.php","meta":{"_et_pb_use_builder":"","_et_pb_old_content":"","_et_gb_content_width":"","exclude_from_search":false,"footnotes":""},"class_list":["post-7934","page","type-page","status-publish","hentry"],"yoast_head":"<!-- This site is optimized with the Yoast SEO plugin v23.4 - https:\/\/yoast.com\/wordpress\/plugins\/seo\/ -->\n<title>Wyniki, zwyci\u0119skie numery dla UK Lottery<\/title>\n<meta name=\"description\" content=\"Zaraz po losowaniu, zobacz wyniki i numery brytyjskiej loterii tutaj\" \/>\n<meta name=\"robots\" content=\"index, follow, max-snippet:-1, max-image-preview:large, max-video-preview:-1\" \/>\n<link rel=\"canonical\" href=\"https:\/\/onlinelotto365.com\/pl\/numery-wygranych\/uk-lottery\/\" \/>\n<meta property=\"og:locale\" content=\"pl_PL\" \/>\n<meta property=\"og:type\" content=\"article\" \/>\n<meta property=\"og:title\" content=\"Wyniki, zwyci\u0119skie numery dla UK Lottery\" \/>\n<meta property=\"og:description\" content=\"Zaraz po losowaniu, zobacz wyniki i numery brytyjskiej loterii tutaj\" \/>\n<meta property=\"og:url\" content=\"https:\/\/onlinelotto365.com\/pl\/numery-wygranych\/uk-lottery\/\" \/>\n<meta property=\"og:site_name\" content=\"OnlineLotto365\" \/>\n<meta property=\"article:modified_time\" content=\"2021-01-07T07:30:51+00:00\" \/>\n<meta property=\"og:image\" content=\"https:\/\/redfoxlotto.com\/image?size=8&amp;lottery=lotto-uk\" \/>\n<meta name=\"twitter:card\" content=\"summary_large_image\" \/>\n<meta name=\"twitter:label1\" content=\"Szacowany czas czytania\" \/>\n\t<meta name=\"twitter:data1\" content=\"2 minuty\" \/>\n<script type=\"application\/ld+json\" class=\"yoast-schema-graph\">{\"@context\":\"https:\/\/schema.org\",\"@graph\":[{\"@type\":\"WebPage\",\"@id\":\"https:\/\/onlinelotto365.com\/pl\/numery-wygranych\/uk-lottery\/\",\"url\":\"https:\/\/onlinelotto365.com\/pl\/numery-wygranych\/uk-lottery\/\",\"name\":\"Wyniki, zwyci\u0119skie numery dla UK Lottery\",\"isPartOf\":{\"@id\":\"https:\/\/onlinelotto365.com\/pl\/#website\"},\"primaryImageOfPage\":{\"@id\":\"https:\/\/onlinelotto365.com\/pl\/numery-wygranych\/uk-lottery\/#primaryimage\"},\"image\":{\"@id\":\"https:\/\/onlinelotto365.com\/pl\/numery-wygranych\/uk-lottery\/#primaryimage\"},\"thumbnailUrl\":\"https:\/\/redfoxlotto.com\/image?size=8&amp;lottery=lotto-uk\",\"datePublished\":\"2020-12-08T13:41:26+00:00\",\"dateModified\":\"2021-01-07T07:30:51+00:00\",\"description\":\"Zaraz po losowaniu, zobacz wyniki i numery brytyjskiej loterii tutaj\",\"breadcrumb\":{\"@id\":\"https:\/\/onlinelotto365.com\/pl\/numery-wygranych\/uk-lottery\/#breadcrumb\"},\"inLanguage\":\"pl-PL\",\"potentialAction\":[{\"@type\":\"ReadAction\",\"target\":[\"https:\/\/onlinelotto365.com\/pl\/numery-wygranych\/uk-lottery\/\"]}]},{\"@type\":\"ImageObject\",\"inLanguage\":\"pl-PL\",\"@id\":\"https:\/\/onlinelotto365.com\/pl\/numery-wygranych\/uk-lottery\/#primaryimage\",\"url\":\"https:\/\/redfoxlotto.com\/image?size=8&amp;lottery=lotto-uk\",\"contentUrl\":\"https:\/\/redfoxlotto.com\/image?size=8&amp;lottery=lotto-uk\"},{\"@type\":\"BreadcrumbList\",\"@id\":\"https:\/\/onlinelotto365.com\/pl\/numery-wygranych\/uk-lottery\/#breadcrumb\",\"itemListElement\":[{\"@type\":\"ListItem\",\"position\":1,\"name\":\"Home\",\"item\":\"https:\/\/onlinelotto365.com\/pl\/\"},{\"@type\":\"ListItem\",\"position\":2,\"name\":\"Znajd\u017a zwyci\u0119skie liczby i wyniki najnowszych losowa\u0144 lotto\",\"item\":\"https:\/\/onlinelotto365.com\/pl\/numery-wygranych\/\"},{\"@type\":\"ListItem\",\"position\":3,\"name\":\"Wyniki brytyjskiej loterii\"}]},{\"@type\":\"WebSite\",\"@id\":\"https:\/\/onlinelotto365.com\/pl\/#website\",\"url\":\"https:\/\/onlinelotto365.com\/pl\/\",\"name\":\"OnlineLotto365\",\"description\":\"\",\"potentialAction\":[{\"@type\":\"SearchAction\",\"target\":{\"@type\":\"EntryPoint\",\"urlTemplate\":\"https:\/\/onlinelotto365.com\/pl\/?s={search_term_string}\"},\"query-input\":{\"@type\":\"PropertyValueSpecification\",\"valueRequired\":true,\"valueName\":\"search_term_string\"}}],\"inLanguage\":\"pl-PL\"}]}<\/script>\n<!-- \/ Yoast SEO plugin. -->","yoast_head_json":{"title":"Wyniki, zwyci\u0119skie numery dla UK Lottery","description":"Zaraz po losowaniu, zobacz wyniki i numery brytyjskiej loterii tutaj","robots":{"index":"index","follow":"follow","max-snippet":"max-snippet:-1","max-image-preview":"max-image-preview:large","max-video-preview":"max-video-preview:-1"},"canonical":"https:\/\/onlinelotto365.com\/pl\/numery-wygranych\/uk-lottery\/","og_locale":"pl_PL","og_type":"article","og_title":"Wyniki, zwyci\u0119skie numery dla UK Lottery","og_description":"Zaraz po losowaniu, zobacz wyniki i numery brytyjskiej loterii tutaj","og_url":"https:\/\/onlinelotto365.com\/pl\/numery-wygranych\/uk-lottery\/","og_site_name":"OnlineLotto365","article_modified_time":"2021-01-07T07:30:51+00:00","og_image":[{"url":"https:\/\/redfoxlotto.com\/image?size=8&amp;lottery=lotto-uk"}],"twitter_card":"summary_large_image","twitter_misc":{"Szacowany czas czytania":"2 minuty"},"schema":{"@context":"https:\/\/schema.org","@graph":[{"@type":"WebPage","@id":"https:\/\/onlinelotto365.com\/pl\/numery-wygranych\/uk-lottery\/","url":"https:\/\/onlinelotto365.com\/pl\/numery-wygranych\/uk-lottery\/","name":"Wyniki, zwyci\u0119skie numery dla UK Lottery","isPartOf":{"@id":"https:\/\/onlinelotto365.com\/pl\/#website"},"primaryImageOfPage":{"@id":"https:\/\/onlinelotto365.com\/pl\/numery-wygranych\/uk-lottery\/#primaryimage"},"image":{"@id":"https:\/\/onlinelotto365.com\/pl\/numery-wygranych\/uk-lottery\/#primaryimage"},"thumbnailUrl":"https:\/\/redfoxlotto.com\/image?size=8&amp;lottery=lotto-uk","datePublished":"2020-12-08T13:41:26+00:00","dateModified":"2021-01-07T07:30:51+00:00","description":"Zaraz po losowaniu, zobacz wyniki i numery brytyjskiej loterii tutaj","breadcrumb":{"@id":"https:\/\/onlinelotto365.com\/pl\/numery-wygranych\/uk-lottery\/#breadcrumb"},"inLanguage":"pl-PL","potentialAction":[{"@type":"ReadAction","target":["https:\/\/onlinelotto365.com\/pl\/numery-wygranych\/uk-lottery\/"]}]},{"@type":"ImageObject","inLanguage":"pl-PL","@id":"https:\/\/onlinelotto365.com\/pl\/numery-wygranych\/uk-lottery\/#primaryimage","url":"https:\/\/redfoxlotto.com\/image?size=8&amp;lottery=lotto-uk","contentUrl":"https:\/\/redfoxlotto.com\/image?size=8&amp;lottery=lotto-uk"},{"@type":"BreadcrumbList","@id":"https:\/\/onlinelotto365.com\/pl\/numery-wygranych\/uk-lottery\/#breadcrumb","itemListElement":[{"@type":"ListItem","position":1,"name":"Home","item":"https:\/\/onlinelotto365.com\/pl\/"},{"@type":"ListItem","position":2,"name":"Znajd\u017a zwyci\u0119skie liczby i wyniki najnowszych losowa\u0144 lotto","item":"https:\/\/onlinelotto365.com\/pl\/numery-wygranych\/"},{"@type":"ListItem","position":3,"name":"Wyniki brytyjskiej loterii"}]},{"@type":"WebSite","@id":"https:\/\/onlinelotto365.com\/pl\/#website","url":"https:\/\/onlinelotto365.com\/pl\/","name":"OnlineLotto365","description":"","potentialAction":[{"@type":"SearchAction","target":{"@type":"EntryPoint","urlTemplate":"https:\/\/onlinelotto365.com\/pl\/?s={search_term_string}"},"query-input":{"@type":"PropertyValueSpecification","valueRequired":true,"valueName":"search_term_string"}}],"inLanguage":"pl-PL"}]}},"_links":{"self":[{"href":"https:\/\/onlinelotto365.com\/pl\/wp-json\/wp\/v2\/pages\/7934","targetHints":{"allow":["GET"]}}],"collection":[{"href":"https:\/\/onlinelotto365.com\/pl\/wp-json\/wp\/v2\/pages"}],"about":[{"href":"https:\/\/onlinelotto365.com\/pl\/wp-json\/wp\/v2\/types\/page"}],"author":[{"embeddable":true,"href":"https:\/\/onlinelotto365.com\/pl\/wp-json\/wp\/v2\/users\/1"}],"replies":[{"embeddable":true,"href":"https:\/\/onlinelotto365.com\/pl\/wp-json\/wp\/v2\/comments?post=7934"}],"version-history":[{"count":0,"href":"https:\/\/onlinelotto365.com\/pl\/wp-json\/wp\/v2\/pages\/7934\/revisions"}],"up":[{"embeddable":true,"href":"https:\/\/onlinelotto365.com\/pl\/wp-json\/wp\/v2\/pages\/3798"}],"wp:attachment":[{"href":"https:\/\/onlinelotto365.com\/pl\/wp-json\/wp\/v2\/media?parent=7934"}],"curies":[{"name":"wp","href":"https:\/\/api.w.org\/{rel}","templated":true}]}}