{"id":7965,"date":"2020-12-08T14:45:32","date_gmt":"2020-12-08T13:45:32","guid":{"rendered":"http:\/\/onlinelotto365.net\/?page_id=7965"},"modified":"2021-01-07T08:31:14","modified_gmt":"2021-01-07T07:31:14","slug":"set-for-life","status":"publish","type":"page","link":"https:\/\/onlinelotto365.com\/pl\/numery-wygranych\/set-for-life\/","title":{"rendered":"Wyniki losowania zestawu na ca\u0142e \u017cycie"},"content":{"rendered":"<p>Mi\u0119dzynarodowe gry loteryjne mog\u0105 by\u0107 \u015bwietn\u0105 zabaw\u0105, ale wymagaj\u0105 odrobiny wysi\u0142ku, aby znale\u017a\u0107 zwyci\u0119skie numery. <strong>Numery do Set for Life mog\u0105 nie by\u0107 dost\u0119pne w lokalnej gazecie<\/strong>. To dlatego, \u017ce mo\u017cesz nie by\u0107 we w\u0142a\u015bciwej okolicy.<\/p>\n<p>To samo dotyczy ogl\u0105dania wynik\u00f3w w telewizji. Je\u015bli nie jeste\u015b w odpowiednim miejscu, b\u0119dziesz musia\u0142 zrobi\u0107 ca\u0142\u0105 mas\u0119 poszukiwa\u0144, aby znale\u017a\u0107 kana\u0142, kt\u00f3ry pokazuje wyniki.<br \/>\nMo\u017cna r\u00f3wnie\u017c spojrze\u0107 na oficjalnej stronie Set for Life, aby zobaczy\u0107, czy maj\u0105 <strong>transmisj\u0119 na \u017cywo dla zwyci\u0119skich numer\u00f3w<\/strong>. Je\u015bli tak, to mo\u017ce chcesz to sprawdzi\u0107, poniewa\u017c ogl\u0105danie losowania na \u017cywo jest jedn\u0105 z najbardziej ekscytuj\u0105cych opcji. Z drugiej strony, nie ka\u017cda gra loteryjna oferuje t\u0119 opcj\u0119 i mo\u017cesz jej nie znale\u017a\u0107.<\/p>\n<p>Kolejne miejsce, kt\u00f3re warto obejrze\u0107 to YouTube. Czasami mo\u017cna tam znale\u017a\u0107 filmy z losowaniem po zako\u0144czeniu losowania i by\u0107 mo\u017ce uda Ci si\u0119 znale\u017a\u0107 zwyci\u0119skie liczby.<br \/>\n<a href=\"https:\/\/redfoxlotto.com\/pl\/set-for-life-uk\/?ref=a8564250a2&amp;medium=ol365\" target=\"_blank\" rel=\"noopener noreferrer\"><img decoding=\"async\" class=\"aligncenter\" src=\"https:\/\/redfoxlotto.com\/image?size=8&amp;lottery=set-for-life-uk\" alt=\"set for life\" \/><\/a><\/p>\n<p><strong>Najwygodniejszym sposobem na znalezienie zwyci\u0119skich liczb dla Set for Life jest wej\u015bcie na nasz\u0105 stron\u0119 internetow\u0105.<\/strong> Mamy wszystkie zwyci\u0119skie numery dost\u0119pne dla ka\u017cdej z gier, kt\u00f3re mamy do dyspozycji. Mo\u017cesz wi\u0119c znale\u017a\u0107 Set for Life i wiele innych.<\/p>\n<h2>Jak dowiedzie\u0107 si\u0119, czy Tw\u00f3j bilet online wygra\u0142<\/h2>\n<p>Jeszcze lepiej b\u0119dzie, je\u015bli <a href=\"https:\/\/onlinelotto365.com\/pl\/kup-bilety\">kupisz ju\u017c<\/a> u nas <a href=\"https:\/\/onlinelotto365.com\/pl\/kup-bilety\">bilety<\/a> na Set for Life. To dlatego, \u017ce jeszcze \u0142atwiej jest sprawdzi\u0107 bilety, kt\u00f3re ju\u017c masz. Mo\u017cesz sprawdzi\u0107 stron\u0119, na kt\u00f3rej przechowywane s\u0105 wszystkie Twoje bilety, a znajdziesz tam nie tylko swoje numery bilet\u00f3w, ale r\u00f3wnie\u017c numery zwyci\u0119skich bilet\u00f3w. Zadbamy nawet o to, aby\u015b wiedzia\u0142, kt\u00f3re numery pasuj\u0105 do Twoich zg\u0142osze\u0144, koduj\u0105c je kolorystycznie. W ten spos\u00f3b nie musisz nawet patrze\u0107 na opcje dla siebie. Nast\u0119pnie, je\u015bli kwota wygranej wynosi mniej ni\u017c 2500 euro, nie b\u0119dziesz musia\u0142 si\u0119 martwi\u0107, poniewa\u017c od razu dostaniemy pieni\u0105dze na Twoje konto.<\/p>\n<h2>Zestaw do archiwum wynik\u00f3w \u017cyciowych<\/h2>\n<p>Dla tych, kt\u00f3rzy chc\u0105 rzuci\u0107 okiem na stare numery Set for Life, mo\u017cna to zrobi\u0107 \u0142atwo. Mamy archiwalne numery dost\u0119pne wsz\u0119dzie tam, gdzie znajduj\u0105 si\u0119 najnowsze wyniki. W ten spos\u00f3b mo\u017cna zobaczy\u0107, kt\u00f3re liczby s\u0105 rysowane najcz\u0119\u015bciej i kt\u00f3re mog\u0105 by\u0107 nale\u017cne do kolejnego losowania.<\/p>\n<h2>M\u00f3j bilet wygra\u0142, co dalej?<\/h2>\n<p><img loading=\"lazy\" decoding=\"async\" class=\"alignright wp-image-3543\" src=\"https:\/\/onlinelotto365.com\/wp-content\/uploads\/2020\/11\/online_lottery-3-300x300.jpg\" alt=\"set for life winning numbers\" width=\"187\" height=\"187\" srcset=\"https:\/\/onlinelotto365.com\/wp-content\/uploads\/2020\/11\/online_lottery-3-300x300.jpg 300w, https:\/\/onlinelotto365.com\/wp-content\/uploads\/2020\/11\/online_lottery-3-100x100.jpg 100w, https:\/\/onlinelotto365.com\/wp-content\/uploads\/2020\/11\/online_lottery-3-150x150.jpg 150w, https:\/\/onlinelotto365.com\/wp-content\/uploads\/2020\/11\/online_lottery-3.jpg 320w\" sizes=\"auto, (max-width: 187px) 100vw, 187px\" \/> Je\u015bli wygrasz na swoim losie lotto z Zestawem na \u017bycie, jedyne co musisz zrobi\u0107, to poczeka\u0107 i zobaczy\u0107 co si\u0119 stanie. To dlatego, \u017ce my zajmiemy si\u0119 wi\u0119kszo\u015bci\u0105 rzeczy dla Ciebie. Mo\u017cesz poczeka\u0107 na ka\u017cd\u0105 kwot\u0119, kt\u00f3ra jest mniejsza ni\u017c \u20ac2500, poniewa\u017c natychmiast umie\u015bcimy j\u0105 na Twoim koncie, jak tylko zwyci\u0119skie numery zostan\u0105 zweryfikowane.<\/p>\n<p>Nast\u0119pnie, je\u015bli masz na koncie co najmniej 10 euro, b\u0119dziesz mia\u0142 mo\u017cliwo\u015b\u0107 wyp\u0142acenia pieni\u0119dzy na swoje konto bankowe. Musisz tylko upewni\u0107 si\u0119, \u017ce korzystasz z konta, z kt\u00f3rego korzysta\u0142e\u015b ju\u017c wcze\u015bniej w naszym systemie. I b\u0119dziesz musia\u0142 zweryfikowa\u0107 swoj\u0105 to\u017csamo\u015b\u0107 i informacje dla naszego procesora p\u0142atno\u015bci. Jest to prosty proces, kt\u00f3ry mo\u017cna wykona\u0107 za pomoc\u0105 zaledwie kilku formularzy i zanim si\u0119 zorientujesz, Twoje pieni\u0105dze b\u0119d\u0105 dost\u0119pne.<\/p>\n","protected":false},"excerpt":{"rendered":"<p>Mi\u0119dzynarodowe gry loteryjne mog\u0105 by\u0107 \u015bwietn\u0105 zabaw\u0105, ale wymagaj\u0105 odrobiny wysi\u0142ku, aby znale\u017a\u0107 zwyci\u0119skie numery. Numery do Set for Life mog\u0105 nie by\u0107 dost\u0119pne w lokalnej gazecie. To dlatego, \u017ce mo\u017cesz nie by\u0107 we w\u0142a\u015bciwej okolicy. To samo dotyczy ogl\u0105dania wynik\u00f3w w telewizji. Je\u015bli nie jeste\u015b w odpowiednim miejscu, b\u0119dziesz musia\u0142 zrobi\u0107 ca\u0142\u0105 mas\u0119 poszukiwa\u0144, [&hellip;]<\/p>\n","protected":false},"author":1,"featured_media":0,"parent":3798,"menu_order":10,"comment_status":"closed","ping_status":"closed","template":"set-for-life-results.php","meta":{"_et_pb_use_builder":"","_et_pb_old_content":"","_et_gb_content_width":"","exclude_from_search":false,"footnotes":""},"class_list":["post-7965","page","type-page","status-publish","hentry"],"yoast_head":"<!-- This site is optimized with the Yoast SEO plugin v23.4 - https:\/\/yoast.com\/wordpress\/plugins\/seo\/ -->\n<title>Najnowsze zwyci\u0119skie numery i wyp\u0142aty dla Set for life<\/title>\n<meta name=\"description\" content=\"Gra\u0142e\u015b w Seta na loterii na ca\u0142e \u017cycie? Mamy najnowsze i poprzednie zwyci\u0119skie numery\" \/>\n<meta name=\"robots\" content=\"index, follow, max-snippet:-1, max-image-preview:large, max-video-preview:-1\" \/>\n<link rel=\"canonical\" href=\"https:\/\/onlinelotto365.com\/pl\/numery-wygranych\/set-for-life\/\" \/>\n<meta property=\"og:locale\" content=\"pl_PL\" \/>\n<meta property=\"og:type\" content=\"article\" \/>\n<meta property=\"og:title\" content=\"Najnowsze zwyci\u0119skie numery i wyp\u0142aty dla Set for life\" \/>\n<meta property=\"og:description\" content=\"Gra\u0142e\u015b w Seta na loterii na ca\u0142e \u017cycie? Mamy najnowsze i poprzednie zwyci\u0119skie numery\" \/>\n<meta property=\"og:url\" content=\"https:\/\/onlinelotto365.com\/pl\/numery-wygranych\/set-for-life\/\" \/>\n<meta property=\"og:site_name\" content=\"OnlineLotto365\" \/>\n<meta property=\"article:modified_time\" content=\"2021-01-07T07:31:14+00:00\" \/>\n<meta property=\"og:image\" content=\"https:\/\/redfoxlotto.com\/image?size=8&amp;lottery=set-for-life-uk\" \/>\n<meta name=\"twitter:card\" content=\"summary_large_image\" \/>\n<meta name=\"twitter:label1\" content=\"Szacowany czas czytania\" \/>\n\t<meta name=\"twitter:data1\" content=\"3 minuty\" \/>\n<script type=\"application\/ld+json\" class=\"yoast-schema-graph\">{\"@context\":\"https:\/\/schema.org\",\"@graph\":[{\"@type\":\"WebPage\",\"@id\":\"https:\/\/onlinelotto365.com\/pl\/numery-wygranych\/set-for-life\/\",\"url\":\"https:\/\/onlinelotto365.com\/pl\/numery-wygranych\/set-for-life\/\",\"name\":\"Najnowsze zwyci\u0119skie numery i wyp\u0142aty dla Set for life\",\"isPartOf\":{\"@id\":\"https:\/\/onlinelotto365.com\/pl\/#website\"},\"primaryImageOfPage\":{\"@id\":\"https:\/\/onlinelotto365.com\/pl\/numery-wygranych\/set-for-life\/#primaryimage\"},\"image\":{\"@id\":\"https:\/\/onlinelotto365.com\/pl\/numery-wygranych\/set-for-life\/#primaryimage\"},\"thumbnailUrl\":\"https:\/\/redfoxlotto.com\/image?size=8&amp;lottery=set-for-life-uk\",\"datePublished\":\"2020-12-08T13:45:32+00:00\",\"dateModified\":\"2021-01-07T07:31:14+00:00\",\"description\":\"Gra\u0142e\u015b w Seta na loterii na ca\u0142e \u017cycie? Mamy najnowsze i poprzednie zwyci\u0119skie numery\",\"breadcrumb\":{\"@id\":\"https:\/\/onlinelotto365.com\/pl\/numery-wygranych\/set-for-life\/#breadcrumb\"},\"inLanguage\":\"pl-PL\",\"potentialAction\":[{\"@type\":\"ReadAction\",\"target\":[\"https:\/\/onlinelotto365.com\/pl\/numery-wygranych\/set-for-life\/\"]}]},{\"@type\":\"ImageObject\",\"inLanguage\":\"pl-PL\",\"@id\":\"https:\/\/onlinelotto365.com\/pl\/numery-wygranych\/set-for-life\/#primaryimage\",\"url\":\"https:\/\/redfoxlotto.com\/image?size=8&amp;lottery=set-for-life-uk\",\"contentUrl\":\"https:\/\/redfoxlotto.com\/image?size=8&amp;lottery=set-for-life-uk\"},{\"@type\":\"BreadcrumbList\",\"@id\":\"https:\/\/onlinelotto365.com\/pl\/numery-wygranych\/set-for-life\/#breadcrumb\",\"itemListElement\":[{\"@type\":\"ListItem\",\"position\":1,\"name\":\"Home\",\"item\":\"https:\/\/onlinelotto365.com\/pl\/\"},{\"@type\":\"ListItem\",\"position\":2,\"name\":\"Znajd\u017a zwyci\u0119skie liczby i wyniki najnowszych losowa\u0144 lotto\",\"item\":\"https:\/\/onlinelotto365.com\/pl\/numery-wygranych\/\"},{\"@type\":\"ListItem\",\"position\":3,\"name\":\"Wyniki losowania zestawu na ca\u0142e \u017cycie\"}]},{\"@type\":\"WebSite\",\"@id\":\"https:\/\/onlinelotto365.com\/pl\/#website\",\"url\":\"https:\/\/onlinelotto365.com\/pl\/\",\"name\":\"OnlineLotto365\",\"description\":\"\",\"potentialAction\":[{\"@type\":\"SearchAction\",\"target\":{\"@type\":\"EntryPoint\",\"urlTemplate\":\"https:\/\/onlinelotto365.com\/pl\/?s={search_term_string}\"},\"query-input\":{\"@type\":\"PropertyValueSpecification\",\"valueRequired\":true,\"valueName\":\"search_term_string\"}}],\"inLanguage\":\"pl-PL\"}]}<\/script>\n<!-- \/ Yoast SEO plugin. -->","yoast_head_json":{"title":"Najnowsze zwyci\u0119skie numery i wyp\u0142aty dla Set for life","description":"Gra\u0142e\u015b w Seta na loterii na ca\u0142e \u017cycie? Mamy najnowsze i poprzednie zwyci\u0119skie numery","robots":{"index":"index","follow":"follow","max-snippet":"max-snippet:-1","max-image-preview":"max-image-preview:large","max-video-preview":"max-video-preview:-1"},"canonical":"https:\/\/onlinelotto365.com\/pl\/numery-wygranych\/set-for-life\/","og_locale":"pl_PL","og_type":"article","og_title":"Najnowsze zwyci\u0119skie numery i wyp\u0142aty dla Set for life","og_description":"Gra\u0142e\u015b w Seta na loterii na ca\u0142e \u017cycie? Mamy najnowsze i poprzednie zwyci\u0119skie numery","og_url":"https:\/\/onlinelotto365.com\/pl\/numery-wygranych\/set-for-life\/","og_site_name":"OnlineLotto365","article_modified_time":"2021-01-07T07:31:14+00:00","og_image":[{"url":"https:\/\/redfoxlotto.com\/image?size=8&amp;lottery=set-for-life-uk"}],"twitter_card":"summary_large_image","twitter_misc":{"Szacowany czas czytania":"3 minuty"},"schema":{"@context":"https:\/\/schema.org","@graph":[{"@type":"WebPage","@id":"https:\/\/onlinelotto365.com\/pl\/numery-wygranych\/set-for-life\/","url":"https:\/\/onlinelotto365.com\/pl\/numery-wygranych\/set-for-life\/","name":"Najnowsze zwyci\u0119skie numery i wyp\u0142aty dla Set for life","isPartOf":{"@id":"https:\/\/onlinelotto365.com\/pl\/#website"},"primaryImageOfPage":{"@id":"https:\/\/onlinelotto365.com\/pl\/numery-wygranych\/set-for-life\/#primaryimage"},"image":{"@id":"https:\/\/onlinelotto365.com\/pl\/numery-wygranych\/set-for-life\/#primaryimage"},"thumbnailUrl":"https:\/\/redfoxlotto.com\/image?size=8&amp;lottery=set-for-life-uk","datePublished":"2020-12-08T13:45:32+00:00","dateModified":"2021-01-07T07:31:14+00:00","description":"Gra\u0142e\u015b w Seta na loterii na ca\u0142e \u017cycie? Mamy najnowsze i poprzednie zwyci\u0119skie numery","breadcrumb":{"@id":"https:\/\/onlinelotto365.com\/pl\/numery-wygranych\/set-for-life\/#breadcrumb"},"inLanguage":"pl-PL","potentialAction":[{"@type":"ReadAction","target":["https:\/\/onlinelotto365.com\/pl\/numery-wygranych\/set-for-life\/"]}]},{"@type":"ImageObject","inLanguage":"pl-PL","@id":"https:\/\/onlinelotto365.com\/pl\/numery-wygranych\/set-for-life\/#primaryimage","url":"https:\/\/redfoxlotto.com\/image?size=8&amp;lottery=set-for-life-uk","contentUrl":"https:\/\/redfoxlotto.com\/image?size=8&amp;lottery=set-for-life-uk"},{"@type":"BreadcrumbList","@id":"https:\/\/onlinelotto365.com\/pl\/numery-wygranych\/set-for-life\/#breadcrumb","itemListElement":[{"@type":"ListItem","position":1,"name":"Home","item":"https:\/\/onlinelotto365.com\/pl\/"},{"@type":"ListItem","position":2,"name":"Znajd\u017a zwyci\u0119skie liczby i wyniki najnowszych losowa\u0144 lotto","item":"https:\/\/onlinelotto365.com\/pl\/numery-wygranych\/"},{"@type":"ListItem","position":3,"name":"Wyniki losowania zestawu na ca\u0142e \u017cycie"}]},{"@type":"WebSite","@id":"https:\/\/onlinelotto365.com\/pl\/#website","url":"https:\/\/onlinelotto365.com\/pl\/","name":"OnlineLotto365","description":"","potentialAction":[{"@type":"SearchAction","target":{"@type":"EntryPoint","urlTemplate":"https:\/\/onlinelotto365.com\/pl\/?s={search_term_string}"},"query-input":{"@type":"PropertyValueSpecification","valueRequired":true,"valueName":"search_term_string"}}],"inLanguage":"pl-PL"}]}},"_links":{"self":[{"href":"https:\/\/onlinelotto365.com\/pl\/wp-json\/wp\/v2\/pages\/7965","targetHints":{"allow":["GET"]}}],"collection":[{"href":"https:\/\/onlinelotto365.com\/pl\/wp-json\/wp\/v2\/pages"}],"about":[{"href":"https:\/\/onlinelotto365.com\/pl\/wp-json\/wp\/v2\/types\/page"}],"author":[{"embeddable":true,"href":"https:\/\/onlinelotto365.com\/pl\/wp-json\/wp\/v2\/users\/1"}],"replies":[{"embeddable":true,"href":"https:\/\/onlinelotto365.com\/pl\/wp-json\/wp\/v2\/comments?post=7965"}],"version-history":[{"count":0,"href":"https:\/\/onlinelotto365.com\/pl\/wp-json\/wp\/v2\/pages\/7965\/revisions"}],"up":[{"embeddable":true,"href":"https:\/\/onlinelotto365.com\/pl\/wp-json\/wp\/v2\/pages\/3798"}],"wp:attachment":[{"href":"https:\/\/onlinelotto365.com\/pl\/wp-json\/wp\/v2\/media?parent=7965"}],"curies":[{"name":"wp","href":"https:\/\/api.w.org\/{rel}","templated":true}]}}