{"id":8001,"date":"2020-12-08T14:49:36","date_gmt":"2020-12-08T13:49:36","guid":{"rendered":"http:\/\/onlinelotto365.net\/?page_id=8001"},"modified":"2021-01-07T08:31:27","modified_gmt":"2021-01-07T07:31:27","slug":"german-lotto-6aus49","status":"publish","type":"page","link":"https:\/\/onlinelotto365.com\/pl\/numery-wygranych\/german-lotto-6aus49\/","title":{"rendered":"Zobacz niemieckie zwyci\u0119skie numery Lotto tutaj"},"content":{"rendered":"<p>Mi\u0119dzynarodowe gry loteryjne mog\u0105 by\u0107 nieco trudniejsze do prze\u015bledzenia, poniewa\u017c mo\u017cesz nie mieszka\u0107 w tej samej okolicy, w kt\u00f3rej s\u0105 losowane. Mo\u017cesz nie by\u0107 w stanie sprawdzi\u0107 wynik\u00f3w niemieckiej loterii w swojej lokalnej gazecie. Mo\u017cesz te\u017c nie by\u0107 w stanie <strong>znale\u017a\u0107 tych niemieckich zwyci\u0119skich liczb Lot<\/strong> to w telewizji. Je\u015bli znajdziesz je w kt\u00f3rym\u015b z tych miejsc, b\u0119dziesz musia\u0142 zrobi\u0107 przyzwoit\u0105 ilo\u015b\u0107 bada\u0144, aby si\u0119 tam dosta\u0107.<\/p>\n<p>Mo\u017cesz te\u017c pomy\u015ble\u0107 o przej\u015bciu na stron\u0119 internetow\u0105 niemieckiego Lotto. Czasami te oficjalne strony oferuj\u0105 rysunki na \u017cywo, wi\u0119c mo\u017cna zobaczy\u0107 wyniki, jak przychodz\u0105. Nie wszystkie gry maj\u0105 t\u0119 opcj\u0119, jednak, i mo\u017ce znale\u017a\u0107 si\u0119 bez mo\u017cliwo\u015bci znalezienia swoich wynik\u00f3w nawet na oficjalnej stronie.<\/p>\n<p>Mo\u017cesz r\u00f3wnie\u017c spojrze\u0107 na YouTube, aby zobaczy\u0107, czy kto\u015b przes\u0142a\u0142 film z rysunku na \u017cywo lub nawet film z wynikami w jaki\u015b czas po jego zako\u0144czeniu.<br \/>\n<a href=\"https:\/\/redfoxlotto.com\/pl\/lotto-6aus49\/?ref=a8564250a2&amp;medium=ol365\" target=\"_blank\" rel=\"noopener noreferrer\"><img decoding=\"async\" class=\"aligncenter\" src=\"https:\/\/redfoxlotto.com\/image?size=8&amp;lottery=lotto-6aus49\" alt=\"German Lotto 6aus49\" \/><\/a><\/p>\n<p>Najprostszym sposobem na <a href=\"https:\/\/onlinelotto365.com\/pl\/numery-wygranych\/mega-sena\">uzyskanie oczekiwanych rezultat\u00f3w<\/a> jest jednak zajrzenie na nasz\u0105 stron\u0119 internetow\u0105. Pomo\u017cemy Ci znale\u017a\u0107 wyniki niemieckiego lotto bezpo\u015brednio na naszej stronie wynik\u00f3w. To w\u0142a\u015bnie tam dzielimy si\u0119 zwyci\u0119skimi numerami dla wszystkich gier loteryjnych, kt\u00f3re znajdziesz na naszej stronie.<\/p>\n<h2>Jak dowiedzie\u0107 si\u0119, czy Tw\u00f3j los online wygra\u0142<img loading=\"lazy\" decoding=\"async\" class=\"alignright size-medium wp-image-3593\" src=\"https:\/\/onlinelotto365.com\/wp-content\/uploads\/2020\/11\/online_lottery-39-300x150.jpg\" alt=\"german lotto winning numbers\" width=\"300\" height=\"150\" srcset=\"https:\/\/onlinelotto365.com\/wp-content\/uploads\/2020\/11\/online_lottery-39-300x150.jpg 300w, https:\/\/onlinelotto365.com\/wp-content\/uploads\/2020\/11\/online_lottery-39.jpg 490w\" sizes=\"auto, (max-width: 300px) 100vw, 300px\" \/><\/h2>\n<p>Dla tych, kt\u00f3rzy kupili u nas bilety na niemieckie Lotto, wyniki s\u0105 jeszcze \u0142atwiejsze do uzyskania. To dlatego, \u017ce wszystko, co musisz zrobi\u0107, to spojrze\u0107 na stron\u0119 swojego konta. Kiedy tam b\u0119dziesz, b\u0119dziesz m\u00f3g\u0142 zobaczy\u0107 bilety, kt\u00f3re kupi\u0142e\u015b na dowoln\u0105 z gier, kt\u00f3re mamy dost\u0119pne. Nast\u0119pnie, w tym samym miejscu mo\u017cesz obejrze\u0107 zwyci\u0119skie numery.<br \/>\nPod\u015bwietlimy nawet ka\u017cd\u0105 z liczb, kt\u00f3re dopasowa\u0142e\u015b, aby da\u0107 Ci zna\u0107, co wygra\u0142e\u015b. A je\u015bli wygrasz mniej ni\u017c 2500 euro, zajmiemy si\u0119 dodaniem go do Twojego konta, gdy tylko numery zostan\u0105 oficjalnie zweryfikowane przez gr\u0119. To takie proste dla Ciebie.<\/p>\n<h2>Niemieckie archiwum wynik\u00f3w Lotto<\/h2>\n<p>Na stronach naszej strony internetowej, na kt\u00f3rych znajduj\u0105 si\u0119 <strong>najnowsze numery niemieckiego lotto<\/strong>, znajd\u0105 Pa\u0144stwo r\u00f3wnie\u017c <strong>wszystkie stare numery z naszego archiwum<\/strong>. Dzieje si\u0119 tak, poniewa\u017c wiemy, \u017ce wiele os\u00f3b chce zna\u0107 starsze liczby, aby pom\u00f3c im wybra\u0107 te, kt\u00f3re chc\u0105 wykorzysta\u0107 w kolejnych losach. Umieszczamy je na ka\u017cdej stronie, kt\u00f3ra pokazuje nowe liczby.<\/p>\n<h2>M\u00f3j bilet wygra\u0142, co dalej?<\/h2>\n<p>Je\u015bli wygra\u0142e\u015b niemieckie Lotto i Tw\u00f3j zwyci\u0119ski bilet jest wart mniej ni\u017c 2500 euro, zajmiemy si\u0119 w\u0142o\u017ceniem pieni\u0119dzy na Twoje konto, jak tylko zwyci\u0119skie numery zostan\u0105 zweryfikowane. Oznacza to, \u017ce nie musisz nic robi\u0107. Je\u015bli wygrywaj\u0105cy bilet jest warty wi\u0119cej ni\u017c 2500 euro, b\u0119dziesz musia\u0142 wype\u0142ni\u0107 formularz, ale nadal b\u0119dziemy Ci pomaga\u0107 w tym procesie. Nast\u0119pnie, je\u015bli masz co najmniej 10 euro na swoim koncie, b\u0119dziesz mia\u0142 mo\u017cliwo\u015b\u0107 wyp\u0142aty pieni\u0119dzy na dowolne konto bankowe lub kart\u0119 kredytow\u0105, z kt\u00f3rej ju\u017c korzysta\u0142e\u015b z naszej strony. Je\u015bli nie korzysta\u0142e\u015b jeszcze z naszego konta, nie b\u0119dziesz m\u00f3g\u0142 wyp\u0142aci\u0107 na nie swoich pieni\u0119dzy.<\/p>\n","protected":false},"excerpt":{"rendered":"<p>Mi\u0119dzynarodowe gry loteryjne mog\u0105 by\u0107 nieco trudniejsze do prze\u015bledzenia, poniewa\u017c mo\u017cesz nie mieszka\u0107 w tej samej okolicy, w kt\u00f3rej s\u0105 losowane. Mo\u017cesz nie by\u0107 w stanie sprawdzi\u0107 wynik\u00f3w niemieckiej loterii w swojej lokalnej gazecie. Mo\u017cesz te\u017c nie by\u0107 w stanie znale\u017a\u0107 tych niemieckich zwyci\u0119skich liczb Lot to w telewizji. Je\u015bli znajdziesz je w kt\u00f3rym\u015b z [&hellip;]<\/p>\n","protected":false},"author":1,"featured_media":0,"parent":3798,"menu_order":11,"comment_status":"closed","ping_status":"closed","template":"lotto-german-results.php","meta":{"_et_pb_use_builder":"","_et_pb_old_content":"","_et_gb_content_width":"","exclude_from_search":false,"footnotes":""},"class_list":["post-8001","page","type-page","status-publish","hentry"],"yoast_head":"<!-- This site is optimized with the Yoast SEO plugin v23.4 - https:\/\/yoast.com\/wordpress\/plugins\/seo\/ -->\n<title>Zwyci\u0119skie numery Niemieckie Lotto | Wyniki losowania i wygrane kwoty dla German Lotto<\/title>\n<meta name=\"description\" content=\"Je\u015bli chcesz znale\u017a\u0107 zwyci\u0119skie numery na niemieckiej loterii 6aus49, zajrzyj tutaj!\" \/>\n<meta name=\"robots\" content=\"index, follow, max-snippet:-1, max-image-preview:large, max-video-preview:-1\" \/>\n<link rel=\"canonical\" href=\"https:\/\/onlinelotto365.com\/pl\/numery-wygranych\/german-lotto-6aus49\/\" \/>\n<meta property=\"og:locale\" content=\"pl_PL\" \/>\n<meta property=\"og:type\" content=\"article\" \/>\n<meta property=\"og:title\" content=\"Zwyci\u0119skie numery Niemieckie Lotto | Wyniki losowania i wygrane kwoty dla German Lotto\" \/>\n<meta property=\"og:description\" content=\"Je\u015bli chcesz znale\u017a\u0107 zwyci\u0119skie numery na niemieckiej loterii 6aus49, zajrzyj tutaj!\" \/>\n<meta property=\"og:url\" content=\"https:\/\/onlinelotto365.com\/pl\/numery-wygranych\/german-lotto-6aus49\/\" \/>\n<meta property=\"og:site_name\" content=\"OnlineLotto365\" \/>\n<meta property=\"article:modified_time\" content=\"2021-01-07T07:31:27+00:00\" \/>\n<meta property=\"og:image\" content=\"https:\/\/redfoxlotto.com\/image?size=8&amp;lottery=lotto-6aus49\" \/>\n<meta name=\"twitter:card\" content=\"summary_large_image\" \/>\n<meta name=\"twitter:label1\" content=\"Szacowany czas czytania\" \/>\n\t<meta name=\"twitter:data1\" content=\"3 minuty\" \/>\n<script type=\"application\/ld+json\" class=\"yoast-schema-graph\">{\"@context\":\"https:\/\/schema.org\",\"@graph\":[{\"@type\":\"WebPage\",\"@id\":\"https:\/\/onlinelotto365.com\/pl\/numery-wygranych\/german-lotto-6aus49\/\",\"url\":\"https:\/\/onlinelotto365.com\/pl\/numery-wygranych\/german-lotto-6aus49\/\",\"name\":\"Zwyci\u0119skie numery Niemieckie Lotto | Wyniki losowania i wygrane kwoty dla German Lotto\",\"isPartOf\":{\"@id\":\"https:\/\/onlinelotto365.com\/pl\/#website\"},\"primaryImageOfPage\":{\"@id\":\"https:\/\/onlinelotto365.com\/pl\/numery-wygranych\/german-lotto-6aus49\/#primaryimage\"},\"image\":{\"@id\":\"https:\/\/onlinelotto365.com\/pl\/numery-wygranych\/german-lotto-6aus49\/#primaryimage\"},\"thumbnailUrl\":\"https:\/\/redfoxlotto.com\/image?size=8&amp;lottery=lotto-6aus49\",\"datePublished\":\"2020-12-08T13:49:36+00:00\",\"dateModified\":\"2021-01-07T07:31:27+00:00\",\"description\":\"Je\u015bli chcesz znale\u017a\u0107 zwyci\u0119skie numery na niemieckiej loterii 6aus49, zajrzyj tutaj!\",\"breadcrumb\":{\"@id\":\"https:\/\/onlinelotto365.com\/pl\/numery-wygranych\/german-lotto-6aus49\/#breadcrumb\"},\"inLanguage\":\"pl-PL\",\"potentialAction\":[{\"@type\":\"ReadAction\",\"target\":[\"https:\/\/onlinelotto365.com\/pl\/numery-wygranych\/german-lotto-6aus49\/\"]}]},{\"@type\":\"ImageObject\",\"inLanguage\":\"pl-PL\",\"@id\":\"https:\/\/onlinelotto365.com\/pl\/numery-wygranych\/german-lotto-6aus49\/#primaryimage\",\"url\":\"https:\/\/redfoxlotto.com\/image?size=8&amp;lottery=lotto-6aus49\",\"contentUrl\":\"https:\/\/redfoxlotto.com\/image?size=8&amp;lottery=lotto-6aus49\"},{\"@type\":\"BreadcrumbList\",\"@id\":\"https:\/\/onlinelotto365.com\/pl\/numery-wygranych\/german-lotto-6aus49\/#breadcrumb\",\"itemListElement\":[{\"@type\":\"ListItem\",\"position\":1,\"name\":\"Home\",\"item\":\"https:\/\/onlinelotto365.com\/pl\/\"},{\"@type\":\"ListItem\",\"position\":2,\"name\":\"Znajd\u017a zwyci\u0119skie liczby i wyniki najnowszych losowa\u0144 lotto\",\"item\":\"https:\/\/onlinelotto365.com\/pl\/numery-wygranych\/\"},{\"@type\":\"ListItem\",\"position\":3,\"name\":\"Zobacz niemieckie zwyci\u0119skie numery Lotto tutaj\"}]},{\"@type\":\"WebSite\",\"@id\":\"https:\/\/onlinelotto365.com\/pl\/#website\",\"url\":\"https:\/\/onlinelotto365.com\/pl\/\",\"name\":\"OnlineLotto365\",\"description\":\"\",\"potentialAction\":[{\"@type\":\"SearchAction\",\"target\":{\"@type\":\"EntryPoint\",\"urlTemplate\":\"https:\/\/onlinelotto365.com\/pl\/?s={search_term_string}\"},\"query-input\":{\"@type\":\"PropertyValueSpecification\",\"valueRequired\":true,\"valueName\":\"search_term_string\"}}],\"inLanguage\":\"pl-PL\"}]}<\/script>\n<!-- \/ Yoast SEO plugin. -->","yoast_head_json":{"title":"Zwyci\u0119skie numery Niemieckie Lotto | Wyniki losowania i wygrane kwoty dla German Lotto","description":"Je\u015bli chcesz znale\u017a\u0107 zwyci\u0119skie numery na niemieckiej loterii 6aus49, zajrzyj tutaj!","robots":{"index":"index","follow":"follow","max-snippet":"max-snippet:-1","max-image-preview":"max-image-preview:large","max-video-preview":"max-video-preview:-1"},"canonical":"https:\/\/onlinelotto365.com\/pl\/numery-wygranych\/german-lotto-6aus49\/","og_locale":"pl_PL","og_type":"article","og_title":"Zwyci\u0119skie numery Niemieckie Lotto | Wyniki losowania i wygrane kwoty dla German Lotto","og_description":"Je\u015bli chcesz znale\u017a\u0107 zwyci\u0119skie numery na niemieckiej loterii 6aus49, zajrzyj tutaj!","og_url":"https:\/\/onlinelotto365.com\/pl\/numery-wygranych\/german-lotto-6aus49\/","og_site_name":"OnlineLotto365","article_modified_time":"2021-01-07T07:31:27+00:00","og_image":[{"url":"https:\/\/redfoxlotto.com\/image?size=8&amp;lottery=lotto-6aus49"}],"twitter_card":"summary_large_image","twitter_misc":{"Szacowany czas czytania":"3 minuty"},"schema":{"@context":"https:\/\/schema.org","@graph":[{"@type":"WebPage","@id":"https:\/\/onlinelotto365.com\/pl\/numery-wygranych\/german-lotto-6aus49\/","url":"https:\/\/onlinelotto365.com\/pl\/numery-wygranych\/german-lotto-6aus49\/","name":"Zwyci\u0119skie numery Niemieckie Lotto | Wyniki losowania i wygrane kwoty dla German Lotto","isPartOf":{"@id":"https:\/\/onlinelotto365.com\/pl\/#website"},"primaryImageOfPage":{"@id":"https:\/\/onlinelotto365.com\/pl\/numery-wygranych\/german-lotto-6aus49\/#primaryimage"},"image":{"@id":"https:\/\/onlinelotto365.com\/pl\/numery-wygranych\/german-lotto-6aus49\/#primaryimage"},"thumbnailUrl":"https:\/\/redfoxlotto.com\/image?size=8&amp;lottery=lotto-6aus49","datePublished":"2020-12-08T13:49:36+00:00","dateModified":"2021-01-07T07:31:27+00:00","description":"Je\u015bli chcesz znale\u017a\u0107 zwyci\u0119skie numery na niemieckiej loterii 6aus49, zajrzyj tutaj!","breadcrumb":{"@id":"https:\/\/onlinelotto365.com\/pl\/numery-wygranych\/german-lotto-6aus49\/#breadcrumb"},"inLanguage":"pl-PL","potentialAction":[{"@type":"ReadAction","target":["https:\/\/onlinelotto365.com\/pl\/numery-wygranych\/german-lotto-6aus49\/"]}]},{"@type":"ImageObject","inLanguage":"pl-PL","@id":"https:\/\/onlinelotto365.com\/pl\/numery-wygranych\/german-lotto-6aus49\/#primaryimage","url":"https:\/\/redfoxlotto.com\/image?size=8&amp;lottery=lotto-6aus49","contentUrl":"https:\/\/redfoxlotto.com\/image?size=8&amp;lottery=lotto-6aus49"},{"@type":"BreadcrumbList","@id":"https:\/\/onlinelotto365.com\/pl\/numery-wygranych\/german-lotto-6aus49\/#breadcrumb","itemListElement":[{"@type":"ListItem","position":1,"name":"Home","item":"https:\/\/onlinelotto365.com\/pl\/"},{"@type":"ListItem","position":2,"name":"Znajd\u017a zwyci\u0119skie liczby i wyniki najnowszych losowa\u0144 lotto","item":"https:\/\/onlinelotto365.com\/pl\/numery-wygranych\/"},{"@type":"ListItem","position":3,"name":"Zobacz niemieckie zwyci\u0119skie numery Lotto tutaj"}]},{"@type":"WebSite","@id":"https:\/\/onlinelotto365.com\/pl\/#website","url":"https:\/\/onlinelotto365.com\/pl\/","name":"OnlineLotto365","description":"","potentialAction":[{"@type":"SearchAction","target":{"@type":"EntryPoint","urlTemplate":"https:\/\/onlinelotto365.com\/pl\/?s={search_term_string}"},"query-input":{"@type":"PropertyValueSpecification","valueRequired":true,"valueName":"search_term_string"}}],"inLanguage":"pl-PL"}]}},"_links":{"self":[{"href":"https:\/\/onlinelotto365.com\/pl\/wp-json\/wp\/v2\/pages\/8001","targetHints":{"allow":["GET"]}}],"collection":[{"href":"https:\/\/onlinelotto365.com\/pl\/wp-json\/wp\/v2\/pages"}],"about":[{"href":"https:\/\/onlinelotto365.com\/pl\/wp-json\/wp\/v2\/types\/page"}],"author":[{"embeddable":true,"href":"https:\/\/onlinelotto365.com\/pl\/wp-json\/wp\/v2\/users\/1"}],"replies":[{"embeddable":true,"href":"https:\/\/onlinelotto365.com\/pl\/wp-json\/wp\/v2\/comments?post=8001"}],"version-history":[{"count":0,"href":"https:\/\/onlinelotto365.com\/pl\/wp-json\/wp\/v2\/pages\/8001\/revisions"}],"up":[{"embeddable":true,"href":"https:\/\/onlinelotto365.com\/pl\/wp-json\/wp\/v2\/pages\/3798"}],"wp:attachment":[{"href":"https:\/\/onlinelotto365.com\/pl\/wp-json\/wp\/v2\/media?parent=8001"}],"curies":[{"name":"wp","href":"https:\/\/api.w.org\/{rel}","templated":true}]}}