{"id":8027,"date":"2020-12-08T14:52:29","date_gmt":"2020-12-08T13:52:29","guid":{"rendered":"http:\/\/onlinelotto365.net\/?page_id=8027"},"modified":"2021-01-07T08:31:39","modified_gmt":"2021-01-07T07:31:39","slug":"mega-sena","status":"publish","type":"page","link":"https:\/\/onlinelotto365.com\/pl\/numery-wygranych\/mega-sena\/","title":{"rendered":"Mega-Sena z Brazylii &#8211; najnowsze zwyci\u0119skie numery"},"content":{"rendered":"<p>Istnieje wiele r\u00f3\u017cnych gier i chcesz si\u0119 upewni\u0107, \u017ce znajdziesz zwyci\u0119skie numery tak szybko, jak to mo\u017cliwe. C\u00f3\u017c, jest to mo\u017cliwe na wiele r\u00f3\u017cnych sposob\u00f3w, je\u015bli wiesz, gdzie szuka\u0107. Zwyci\u0119skie numery s\u0105 czasami dost\u0119pne w gazecie, je\u015bli mieszkasz w okolicy, w kt\u00f3rej jest to gra lokalna. To mo\u017ce oznacza\u0107, \u017ce <strong>wyniki Mega-Sena nie s\u0105 dost\u0119pne w Twojej okolicy<\/strong>. Ponadto, niekt\u00f3re obszary wy\u015bwietlaj\u0105 zwyci\u0119skie numery w telewizji, co ma miejsce tylko wtedy, gdy mieszkasz w okre\u015blonych obszarach.<\/p>\n<p>Inn\u0105 mo\u017cliwo\u015bci\u0105 jest zajrzenie na stron\u0119 internetow\u0105 loterii Mega-Sena, aby sprawdzi\u0107, czy maj\u0105 <a href=\"https:\/\/onlinelotto365.com\/pl\/news\/lotto-na-zywo\">transmisj\u0119 na \u017cywo<\/a> podczas losowania gry. Nie wszystkie gry to robi\u0105, ale dla tych, kt\u00f3rzy to robi\u0105, mo\u017ce to by\u0107 ekscytuj\u0105ce do\u015bwiadczenie dla ka\u017cdego, kto ogl\u0105da. Zw\u0142aszcza je\u015bli rzeczywi\u015bcie jeste\u015b zwyci\u0119zc\u0105 i ogl\u0105dasz losowanie swoich liczb.<\/p>\n<p>Istnieje r\u00f3wnie\u017c mo\u017cliwo\u015b\u0107 przej\u015bcia na YouTube. Czasami ludzie przesy\u0142aj\u0105 na \u017cywo filmy z losowania online, a Ty mo\u017cesz zobaczy\u0107 najnowsze losowanie Mega Seny.<br \/>\n<a href=\"https:\/\/redfoxlotto.com\/pl\/mega-sena\/?ref=a8564250a2&amp;medium=ol365\" target=\"_blank\" rel=\"noopener noreferrer\"><img decoding=\"async\" class=\"aligncenter\" src=\"https:\/\/redfoxlotto.com\/image?size=8&amp;lottery=mega-sena\" alt=\"mega-sena\" \/><\/a><\/p>\n<p>Naj\u0142atwiejszym sposobem na zdobycie <a href=\"https:\/\/onlinelotto365.com\/pl\/numery-wygranych\/la-primitiva\">zwyci\u0119skich numer\u00f3w<\/a> b\u0119dzie jednak sprawdzenie naszej strony internetowej. Mo\u017cemy da\u0107 Ci dost\u0119p do wszystkich zwyci\u0119skich numer\u00f3w dla Mega Seny, jak r\u00f3wnie\u017c do ka\u017cdej innej gry, kt\u00f3r\u0105 chcesz, \u017ce mamy dost\u0119pne. U\u0142atwia to Pa\u0144stwu znalezienie po\u017c\u0105danych wynik\u00f3w.<\/p>\n<h2>Jak dowiedzie\u0107 si\u0119, czy Tw\u00f3j bilet online wygra\u0142<\/h2>\n<p><img loading=\"lazy\" decoding=\"async\" class=\"alignright wp-image-3640\" src=\"https:\/\/onlinelotto365.com\/wp-content\/uploads\/2020\/11\/lottery_balls1-300x160.jpg\" alt=\"mega-sena results\" width=\"249\" height=\"133\" srcset=\"https:\/\/onlinelotto365.com\/wp-content\/uploads\/2020\/11\/lottery_balls1-300x160.jpg 300w, https:\/\/onlinelotto365.com\/wp-content\/uploads\/2020\/11\/lottery_balls1.jpg 472w\" sizes=\"auto, (max-width: 249px) 100vw, 249px\" \/> Co jeszcze lepsze, mo\u017cesz zalogowa\u0107 si\u0119 bezpo\u015brednio na swoje konto i znale\u017a\u0107 wyniki ka\u017cdej gry, na kt\u00f3r\u0105 zakupi\u0142e\u015b bilety. Wystarczy, \u017ce przejdziesz do sekcji strony internetowej, w kt\u00f3rej przechowywane s\u0105 Twoje bilety i znajdziesz zwyci\u0119skie numery, kt\u00f3re odnosz\u0105 si\u0119 do tych bilet\u00f3w.<\/p>\n<p>Wtedy mo\u017cesz nawet zobaczy\u0107, jakie s\u0105 zwyci\u0119skie liczby, kt\u00f3re pasuj\u0105 do Twoich obecnych numer\u00f3w, wi\u0119c mo\u017cesz zobaczy\u0107, ile ju\u017c wygra\u0142e\u015b. Je\u015bli jest to mniej ni\u017c \u20ac2500, zajmiemy si\u0119 dostarczeniem tych pieni\u0119dzy bezpo\u015brednio na Twoje konto, aby\u015b m\u00f3g\u0142 zacz\u0105\u0107 je wydawa\u0107 lub wyp\u0142aci\u0107 na swoje w\u0142asne konto. Jedyne, co musisz zrobi\u0107, to upewni\u0107 si\u0119, \u017ce wyp\u0142acasz pieni\u0105dze na konto, z kt\u00f3rego ju\u017c korzysta\u0142e\u015b.<\/p>\n<h2>Archiwum wynik\u00f3w Mega-Sena<\/h2>\n<p>Ci, kt\u00f3rzy chc\u0105 uzyska\u0107 dost\u0119p do starszych numer\u00f3w dla Mega-Sena, b\u0119d\u0105 chcieli przyjrze\u0107 si\u0119 uwa\u017cnie stronom internetowym, kt\u00f3re ju\u017c oferuj\u0105 najnowsze numery. Znajdziesz tam r\u00f3wnie\u017c wszystkie dost\u0119pne stare numery, wi\u0119c nie musisz si\u0119 martwi\u0107, \u017ce zabraknie Ci kilku najlepszych informacji do wybrania kolejnego zestawu numer\u00f3w.<\/p>\n","protected":false},"excerpt":{"rendered":"<p>Istnieje wiele r\u00f3\u017cnych gier i chcesz si\u0119 upewni\u0107, \u017ce znajdziesz zwyci\u0119skie numery tak szybko, jak to mo\u017cliwe. C\u00f3\u017c, jest to mo\u017cliwe na wiele r\u00f3\u017cnych sposob\u00f3w, je\u015bli wiesz, gdzie szuka\u0107. Zwyci\u0119skie numery s\u0105 czasami dost\u0119pne w gazecie, je\u015bli mieszkasz w okolicy, w kt\u00f3rej jest to gra lokalna. To mo\u017ce oznacza\u0107, \u017ce wyniki Mega-Sena nie s\u0105 dost\u0119pne [&hellip;]<\/p>\n","protected":false},"author":1,"featured_media":0,"parent":3798,"menu_order":12,"comment_status":"closed","ping_status":"closed","template":"megasena-results.php","meta":{"_et_pb_use_builder":"","_et_pb_old_content":"","_et_gb_content_width":"","exclude_from_search":false,"footnotes":""},"class_list":["post-8027","page","type-page","status-publish","hentry"],"yoast_head":"<!-- This site is optimized with the Yoast SEO plugin v23.4 - https:\/\/yoast.com\/wordpress\/plugins\/seo\/ -->\n<title>Najnowsze wyniki losowania i nagrody dla Mega-Sena<\/title>\n<meta name=\"description\" content=\"Wyniki dla Mega-Sena Brazil i wielu innych \u015bwiatowych loterii znajdziesz tutaj\" \/>\n<meta name=\"robots\" content=\"index, follow, max-snippet:-1, max-image-preview:large, max-video-preview:-1\" \/>\n<link rel=\"canonical\" href=\"https:\/\/onlinelotto365.com\/pl\/numery-wygranych\/mega-sena\/\" \/>\n<meta property=\"og:locale\" content=\"pl_PL\" \/>\n<meta property=\"og:type\" content=\"article\" \/>\n<meta property=\"og:title\" content=\"Najnowsze wyniki losowania i nagrody dla Mega-Sena\" \/>\n<meta property=\"og:description\" content=\"Wyniki dla Mega-Sena Brazil i wielu innych \u015bwiatowych loterii znajdziesz tutaj\" \/>\n<meta property=\"og:url\" content=\"https:\/\/onlinelotto365.com\/pl\/numery-wygranych\/mega-sena\/\" \/>\n<meta property=\"og:site_name\" content=\"OnlineLotto365\" \/>\n<meta property=\"article:modified_time\" content=\"2021-01-07T07:31:39+00:00\" \/>\n<meta property=\"og:image\" content=\"https:\/\/redfoxlotto.com\/image?size=8&amp;lottery=mega-sena\" \/>\n<meta name=\"twitter:card\" content=\"summary_large_image\" \/>\n<meta name=\"twitter:label1\" content=\"Szacowany czas czytania\" \/>\n\t<meta name=\"twitter:data1\" content=\"2 minuty\" \/>\n<script type=\"application\/ld+json\" class=\"yoast-schema-graph\">{\"@context\":\"https:\/\/schema.org\",\"@graph\":[{\"@type\":\"WebPage\",\"@id\":\"https:\/\/onlinelotto365.com\/pl\/numery-wygranych\/mega-sena\/\",\"url\":\"https:\/\/onlinelotto365.com\/pl\/numery-wygranych\/mega-sena\/\",\"name\":\"Najnowsze wyniki losowania i nagrody dla Mega-Sena\",\"isPartOf\":{\"@id\":\"https:\/\/onlinelotto365.com\/pl\/#website\"},\"primaryImageOfPage\":{\"@id\":\"https:\/\/onlinelotto365.com\/pl\/numery-wygranych\/mega-sena\/#primaryimage\"},\"image\":{\"@id\":\"https:\/\/onlinelotto365.com\/pl\/numery-wygranych\/mega-sena\/#primaryimage\"},\"thumbnailUrl\":\"https:\/\/redfoxlotto.com\/image?size=8&amp;lottery=mega-sena\",\"datePublished\":\"2020-12-08T13:52:29+00:00\",\"dateModified\":\"2021-01-07T07:31:39+00:00\",\"description\":\"Wyniki dla Mega-Sena Brazil i wielu innych \u015bwiatowych loterii znajdziesz tutaj\",\"breadcrumb\":{\"@id\":\"https:\/\/onlinelotto365.com\/pl\/numery-wygranych\/mega-sena\/#breadcrumb\"},\"inLanguage\":\"pl-PL\",\"potentialAction\":[{\"@type\":\"ReadAction\",\"target\":[\"https:\/\/onlinelotto365.com\/pl\/numery-wygranych\/mega-sena\/\"]}]},{\"@type\":\"ImageObject\",\"inLanguage\":\"pl-PL\",\"@id\":\"https:\/\/onlinelotto365.com\/pl\/numery-wygranych\/mega-sena\/#primaryimage\",\"url\":\"https:\/\/redfoxlotto.com\/image?size=8&amp;lottery=mega-sena\",\"contentUrl\":\"https:\/\/redfoxlotto.com\/image?size=8&amp;lottery=mega-sena\"},{\"@type\":\"BreadcrumbList\",\"@id\":\"https:\/\/onlinelotto365.com\/pl\/numery-wygranych\/mega-sena\/#breadcrumb\",\"itemListElement\":[{\"@type\":\"ListItem\",\"position\":1,\"name\":\"Home\",\"item\":\"https:\/\/onlinelotto365.com\/pl\/\"},{\"@type\":\"ListItem\",\"position\":2,\"name\":\"Znajd\u017a zwyci\u0119skie liczby i wyniki najnowszych losowa\u0144 lotto\",\"item\":\"https:\/\/onlinelotto365.com\/pl\/numery-wygranych\/\"},{\"@type\":\"ListItem\",\"position\":3,\"name\":\"Mega-Sena z Brazylii &#8211; najnowsze zwyci\u0119skie numery\"}]},{\"@type\":\"WebSite\",\"@id\":\"https:\/\/onlinelotto365.com\/pl\/#website\",\"url\":\"https:\/\/onlinelotto365.com\/pl\/\",\"name\":\"OnlineLotto365\",\"description\":\"\",\"potentialAction\":[{\"@type\":\"SearchAction\",\"target\":{\"@type\":\"EntryPoint\",\"urlTemplate\":\"https:\/\/onlinelotto365.com\/pl\/?s={search_term_string}\"},\"query-input\":{\"@type\":\"PropertyValueSpecification\",\"valueRequired\":true,\"valueName\":\"search_term_string\"}}],\"inLanguage\":\"pl-PL\"}]}<\/script>\n<!-- \/ Yoast SEO plugin. -->","yoast_head_json":{"title":"Najnowsze wyniki losowania i nagrody dla Mega-Sena","description":"Wyniki dla Mega-Sena Brazil i wielu innych \u015bwiatowych loterii znajdziesz tutaj","robots":{"index":"index","follow":"follow","max-snippet":"max-snippet:-1","max-image-preview":"max-image-preview:large","max-video-preview":"max-video-preview:-1"},"canonical":"https:\/\/onlinelotto365.com\/pl\/numery-wygranych\/mega-sena\/","og_locale":"pl_PL","og_type":"article","og_title":"Najnowsze wyniki losowania i nagrody dla Mega-Sena","og_description":"Wyniki dla Mega-Sena Brazil i wielu innych \u015bwiatowych loterii znajdziesz tutaj","og_url":"https:\/\/onlinelotto365.com\/pl\/numery-wygranych\/mega-sena\/","og_site_name":"OnlineLotto365","article_modified_time":"2021-01-07T07:31:39+00:00","og_image":[{"url":"https:\/\/redfoxlotto.com\/image?size=8&amp;lottery=mega-sena"}],"twitter_card":"summary_large_image","twitter_misc":{"Szacowany czas czytania":"2 minuty"},"schema":{"@context":"https:\/\/schema.org","@graph":[{"@type":"WebPage","@id":"https:\/\/onlinelotto365.com\/pl\/numery-wygranych\/mega-sena\/","url":"https:\/\/onlinelotto365.com\/pl\/numery-wygranych\/mega-sena\/","name":"Najnowsze wyniki losowania i nagrody dla Mega-Sena","isPartOf":{"@id":"https:\/\/onlinelotto365.com\/pl\/#website"},"primaryImageOfPage":{"@id":"https:\/\/onlinelotto365.com\/pl\/numery-wygranych\/mega-sena\/#primaryimage"},"image":{"@id":"https:\/\/onlinelotto365.com\/pl\/numery-wygranych\/mega-sena\/#primaryimage"},"thumbnailUrl":"https:\/\/redfoxlotto.com\/image?size=8&amp;lottery=mega-sena","datePublished":"2020-12-08T13:52:29+00:00","dateModified":"2021-01-07T07:31:39+00:00","description":"Wyniki dla Mega-Sena Brazil i wielu innych \u015bwiatowych loterii znajdziesz tutaj","breadcrumb":{"@id":"https:\/\/onlinelotto365.com\/pl\/numery-wygranych\/mega-sena\/#breadcrumb"},"inLanguage":"pl-PL","potentialAction":[{"@type":"ReadAction","target":["https:\/\/onlinelotto365.com\/pl\/numery-wygranych\/mega-sena\/"]}]},{"@type":"ImageObject","inLanguage":"pl-PL","@id":"https:\/\/onlinelotto365.com\/pl\/numery-wygranych\/mega-sena\/#primaryimage","url":"https:\/\/redfoxlotto.com\/image?size=8&amp;lottery=mega-sena","contentUrl":"https:\/\/redfoxlotto.com\/image?size=8&amp;lottery=mega-sena"},{"@type":"BreadcrumbList","@id":"https:\/\/onlinelotto365.com\/pl\/numery-wygranych\/mega-sena\/#breadcrumb","itemListElement":[{"@type":"ListItem","position":1,"name":"Home","item":"https:\/\/onlinelotto365.com\/pl\/"},{"@type":"ListItem","position":2,"name":"Znajd\u017a zwyci\u0119skie liczby i wyniki najnowszych losowa\u0144 lotto","item":"https:\/\/onlinelotto365.com\/pl\/numery-wygranych\/"},{"@type":"ListItem","position":3,"name":"Mega-Sena z Brazylii &#8211; najnowsze zwyci\u0119skie numery"}]},{"@type":"WebSite","@id":"https:\/\/onlinelotto365.com\/pl\/#website","url":"https:\/\/onlinelotto365.com\/pl\/","name":"OnlineLotto365","description":"","potentialAction":[{"@type":"SearchAction","target":{"@type":"EntryPoint","urlTemplate":"https:\/\/onlinelotto365.com\/pl\/?s={search_term_string}"},"query-input":{"@type":"PropertyValueSpecification","valueRequired":true,"valueName":"search_term_string"}}],"inLanguage":"pl-PL"}]}},"_links":{"self":[{"href":"https:\/\/onlinelotto365.com\/pl\/wp-json\/wp\/v2\/pages\/8027","targetHints":{"allow":["GET"]}}],"collection":[{"href":"https:\/\/onlinelotto365.com\/pl\/wp-json\/wp\/v2\/pages"}],"about":[{"href":"https:\/\/onlinelotto365.com\/pl\/wp-json\/wp\/v2\/types\/page"}],"author":[{"embeddable":true,"href":"https:\/\/onlinelotto365.com\/pl\/wp-json\/wp\/v2\/users\/1"}],"replies":[{"embeddable":true,"href":"https:\/\/onlinelotto365.com\/pl\/wp-json\/wp\/v2\/comments?post=8027"}],"version-history":[{"count":0,"href":"https:\/\/onlinelotto365.com\/pl\/wp-json\/wp\/v2\/pages\/8027\/revisions"}],"up":[{"embeddable":true,"href":"https:\/\/onlinelotto365.com\/pl\/wp-json\/wp\/v2\/pages\/3798"}],"wp:attachment":[{"href":"https:\/\/onlinelotto365.com\/pl\/wp-json\/wp\/v2\/media?parent=8027"}],"curies":[{"name":"wp","href":"https:\/\/api.w.org\/{rel}","templated":true}]}}