{"id":80403,"date":"2022-11-17T12:07:29","date_gmt":"2022-11-17T11:07:29","guid":{"rendered":"https:\/\/onlinelotto365.com\/?page_id=80403"},"modified":"2022-11-17T12:07:29","modified_gmt":"2022-11-17T11:07:29","slug":"set-for-life-2","status":"publish","type":"page","link":"https:\/\/onlinelotto365.com\/pl\/kup-bilety\/set-for-life-2\/","title":{"rendered":"Jak kupi\u0107 bilety na Set for life online?"},"content":{"rendered":"<p>Je\u015bli chcesz teraz kupi\u0107 bilety na Set for Life musisz wiedzie\u0107 jak to zrobi\u0107. Je\u015bli mieszkasz w Polsce, to jest to dla Ciebie \u0142atwe i prawdopodobnie ju\u017c wiesz jak zdoby\u0107 losy. Ale co z graczami lotto z innych kraj\u00f3w, na przyk\u0142ad z Australii? C\u00f3\u017c, jest to bardzo prosty proces i mo\u017cemy sprawi\u0107, \u017ce zaczniesz w mgnieniu oka. Wystarczy, \u017ce b\u0119dziesz post\u0119powa\u0142 zgodnie z krokami, kt\u00f3re przedstawili\u015bmy poni\u017cej. Stamt\u0105d mo\u017cesz zdoby\u0107 bilety, kt\u00f3re chcesz na nast\u0119pne losowanie.<br \/>\n<a href=\"https:\/\/redfoxlotto.com\/play\/set-for-life-uk\/?ref=a8564250a2&amp;medium=ol365\" target=\"_blank\" rel=\"noopener noreferrer\"><img decoding=\"async\" class=\"aligncenter\" src=\"https:\/\/redfoxlotto.com\/image?size=8&amp;lottery=set-for-life-uk\" alt=\"&quot;Set\" \/><\/a><\/p>\n<ul>\n<li>Przejd\u017a na stron\u0119 loterii Set for Life i wybierz liczb\u0119 los\u00f3w, kt\u00f3re chcesz oraz wybierz numery, kt\u00f3re chcesz dla ka\u017cdego z tych los\u00f3w<\/li>\n<li>Wybierz dodatkowe bilety na Set for Life lub inne gry lotto, aby wype\u0142ni\u0107 sw\u00f3j koszyk<\/li>\n<li>Wybierz opcj\u0119, aby zap\u0142aci\u0107 teraz<\/li>\n<li>Post\u0119puj zgodnie z instrukcjami, aby zalogowa\u0107 si\u0119 na swoje konto lub przejd\u017a przez proces tworzenia nowego konta<\/li>\n<li>Zako\u0144cz proces weryfikacji wchodz\u0105c na swoje konto i klikaj\u0105c na link w swoim mailu<\/li>\n<li>Sprawd\u017a folder spamu, je\u015bli wiadomo\u015b\u0107 nie pojawi si\u0119 w skrzynce odbiorczej, aby upewni\u0107 si\u0119, \u017ce j\u0105 otrzyma\u0142e\u015b<\/li>\n<li>Po zweryfikowaniu konta przejd\u017a do koszyka na stronie internetowej<\/li>\n<li>Wybierz preferowan\u0105 metod\u0119 p\u0142atno\u015bci i przejd\u017a przez proces p\u0142atno\u015bci.<\/li>\n<\/ul>\n<h2>Jak zap\u0142aci\u0107 za sw\u00f3j bilet na Set for life online<\/h2>\n<p>Je\u015bli chodzi o p\u0142acenie za bilety, przekonasz si\u0119, \u017ce jest to nie tylko \u0142atwe, ale tak\u017ce ca\u0142kowicie bezpieczne i oferuje wiele opcji.<br \/>\nMo\u017cesz zap\u0142aci\u0107 za swoje bilety poprzez:<\/p>\n<p>Dokonanie bezpo\u015bredniego zakupu za pomoc\u0105 wybranej metody p\u0142atno\u015bci<br \/>\nWp\u0142acaj\u0105c pieni\u0105dze na swoje konto i u\u017cywaj\u0105c ich do dokonania zakupu<\/p>\n<p>Upewnij si\u0119, \u017ce je\u015bli zdecydujesz si\u0119 wp\u0142aci\u0107 pieni\u0105dze na swoje konto, wp\u0142acisz r\u00f3wnie\u017c troch\u0119 wi\u0119cej, aby Twoja p\u0142atno\u015b\u0107 zosta\u0142a zrealizowana.<\/p>\n<h2>Wi\u0119cej informacji o Set for life<\/h2>\n<ul>\n<li>Kraj: Polska<\/li>\n<li>G\u0142\u00f3wny zakres numer\u00f3w: 45<\/li>\n<li>Wybierasz: 5<\/li>\n<li>Zakres liczb dodatkowych: 10<\/li>\n<li>Ty wybierasz: 1<\/li>\n<li>Dni losowania, godziny: Poniedzia\u0142ek, czwartek, 20:00 GMT, 21:00 CET<\/li>\n<li>Minimalny jackpot:<\/li>\n<li>Maksymalna pula:<\/li>\n<li>Prawdopodobie\u0144stwo wygrania jackpota: 1 na 15339390<\/li>\n<li>Prawdopodobie\u0144stwo wygrania tier 2: 1 na 1704377<\/li>\n<li>Prawdopodobie\u0144stwo wygranej w ka\u017cdym z poziom\u00f3w: 1 do 12,4<\/li>\n<li>Liczba poziom\u00f3w nagr\u00f3d: 8<\/li>\n<\/ul>\n<h2>Zalety zakupu kupon\u00f3w Set for life online<\/h2>\n<ul>\n<li>Nie wychodzisz z domu, aby kupi\u0107 bilety<\/li>\n<li>Nie jeste\u015b ograniczony do gry na loteriach z Australii<\/li>\n<li>Wybieraj spo\u015br\u00f3d wielu r\u00f3\u017cnych loterii z ca\u0142ego \u015bwiata<\/li>\n<li>Wybierz gry z najwy\u017cszymi jackpotami, aby zwi\u0119kszy\u0107 swoje szanse<\/li>\n<li>U\u017cyj salda konta do zakupu bilet\u00f3w, kt\u00f3re chcesz<\/li>\n<li>\u015aled\u017a swoje losy przez ca\u0142y czas<\/li>\n<li>Otrzymuj powiadomienia, je\u015bli Tw\u00f3j kupon jest zwyci\u0119zc\u0105<\/li>\n<li>Nie martw si\u0119 o wyb\u00f3r opcji bilet\u00f3w z quick picks<\/li>\n<\/ul>\n<h2>Czy kupowanie bilet\u00f3w Set for life online jest legalne?<\/h2>\n<p>Nie musisz si\u0119 martwi\u0107 o legalno\u015b\u0107 zakupu bilet\u00f3w online lub w tradycyjny spos\u00f3b. Mo\u017cesz usi\u0105\u015b\u0107 wygodnie, zrelaksowa\u0107 si\u0119 i zaufa\u0107, \u017ce zajmiemy si\u0119 przestrzeganiem wszystkich przepis\u00f3w z kraju, z kt\u00f3rego pochodz\u0105 te gry. Wszystko, co musisz zrobi\u0107, to kupi\u0107 bilet, a my gwarantujemy, \u017ce je\u015bli masz prawo do nagrody, w tym jackpota, to j\u0105 otrzymasz.<br \/>\nMusisz mie\u0107 uko\u0144czone 18 lat, aby m\u00f3c korzysta\u0107 z naszej strony.<\/p>\n<h2>Jak otrzymam zap\u0142at\u0119, je\u015bli wygram Set for life online?<\/h2>\n<p>Chcesz otrzyma\u0107 ka\u017cdego centa, kt\u00f3ry nale\u017cy Ci si\u0119, gdy co\u015b wygrasz i to w\u0142a\u015bnie robimy. Upewniamy si\u0119, \u017ce zawsze otrzymasz wszystkie pieni\u0105dze bez prowizji i op\u0142at pobieranych od wygranej.<br \/>\nJedynym przypadkiem, kiedy musisz co\u015b zap\u0142aci\u0107, jest sytuacja, kiedy zdecydujesz si\u0119 na przelew bankowy. Je\u015bli bank pobierze od nas op\u0142at\u0119, co mo\u017ce si\u0119 zdarzy\u0107 w przypadku przelew\u00f3w mi\u0119dzynarodowych, w\u00f3wczas obci\u0105\u017cymy Twoje konto t\u0105 op\u0142at\u0105. Jest to jedyny pow\u00f3d, dla kt\u00f3rego pobieramy cokolwiek z Twoich wygranych.<br \/>\nA je\u015bli wygrasz, otrzymasz swoje pieni\u0105dze na jeden z kilku sposob\u00f3w:<\/p>\n<ul>\n<li>Ka\u017cda kwota poni\u017cej 2500 \u20ac jest \u0142atwa, poniewa\u017c nasz zesp\u00f3\u0142 wsparcia wp\u0142aci pieni\u0105dze bezpo\u015brednio na Twoje konto.<\/li>\n<li>Ka\u017cda kwota powy\u017cej 2500\u20ac b\u0119dzie dla Ciebie \u0142atwa, poniewa\u017c nasz zesp\u00f3\u0142 obs\u0142ugi klienta pomo\u017ce Ci przej\u015b\u0107 przez ca\u0142y proces. Dostaniesz od nas formularz roszczenia, kt\u00f3ry b\u0119dziesz m\u00f3g\u0142 wype\u0142ni\u0107 i poinformowa\u0107 nas, czy chcesz, aby pieni\u0105dze zosta\u0142y przelane do Twojego banku czy wys\u0142ane w formie czeku.<\/li>\n<\/ul>\n","protected":false},"excerpt":{"rendered":"<p>Je\u015bli chcesz teraz kupi\u0107 bilety na Set for Life musisz wiedzie\u0107 jak to zrobi\u0107. Je\u015bli mieszkasz w Polsce, to jest to dla Ciebie \u0142atwe i prawdopodobnie ju\u017c wiesz jak zdoby\u0107 losy. Ale co z graczami lotto z innych kraj\u00f3w, na przyk\u0142ad z Australii? C\u00f3\u017c, jest to bardzo prosty proces i mo\u017cemy sprawi\u0107, \u017ce zaczniesz w [&hellip;]<\/p>\n","protected":false},"author":1,"featured_media":0,"parent":3808,"menu_order":10,"comment_status":"closed","ping_status":"closed","template":"set-for-life-info.php","meta":{"_et_pb_use_builder":"","_et_pb_old_content":"","_et_gb_content_width":"","exclude_from_search":false,"footnotes":""},"class_list":["post-80403","page","type-page","status-publish","hentry"],"yoast_head":"<!-- This site is optimized with the Yoast SEO plugin v23.4 - https:\/\/yoast.com\/wordpress\/plugins\/seo\/ -->\n<title>Kup bilety na Set for life online z Australii | Set for life loteria info, jak kupi\u0107 bilety<\/title>\n<meta name=\"description\" content=\"Set for Life loteria mo\u017ce by\u0107 wygrana z Australii - kup bilety online tutaj\" \/>\n<meta name=\"robots\" content=\"index, follow, max-snippet:-1, max-image-preview:large, max-video-preview:-1\" \/>\n<link rel=\"canonical\" href=\"https:\/\/onlinelotto365.com\/pl\/kup-bilety\/set-for-life-2\/\" \/>\n<meta property=\"og:locale\" content=\"pl_PL\" \/>\n<meta property=\"og:type\" content=\"article\" \/>\n<meta property=\"og:title\" content=\"Kup bilety na Set for life online z Australii | Set for life loteria info, jak kupi\u0107 bilety\" \/>\n<meta property=\"og:description\" content=\"Set for Life loteria mo\u017ce by\u0107 wygrana z Australii - kup bilety online tutaj\" \/>\n<meta property=\"og:url\" content=\"https:\/\/onlinelotto365.com\/pl\/kup-bilety\/set-for-life-2\/\" \/>\n<meta property=\"og:site_name\" content=\"OnlineLotto365\" \/>\n<meta property=\"og:image\" content=\"https:\/\/redfoxlotto.com\/image?size=8&amp;lottery=set-for-life-uk\" \/>\n<meta name=\"twitter:card\" content=\"summary_large_image\" \/>\n<meta name=\"twitter:label1\" content=\"Szacowany czas czytania\" \/>\n\t<meta name=\"twitter:data1\" content=\"3 minuty\" \/>\n<script type=\"application\/ld+json\" class=\"yoast-schema-graph\">{\"@context\":\"https:\/\/schema.org\",\"@graph\":[{\"@type\":\"WebPage\",\"@id\":\"https:\/\/onlinelotto365.com\/pl\/kup-bilety\/set-for-life-2\/\",\"url\":\"https:\/\/onlinelotto365.com\/pl\/kup-bilety\/set-for-life-2\/\",\"name\":\"Kup bilety na Set for life online z Australii | Set for life loteria info, jak kupi\u0107 bilety\",\"isPartOf\":{\"@id\":\"https:\/\/onlinelotto365.com\/pl\/#website\"},\"primaryImageOfPage\":{\"@id\":\"https:\/\/onlinelotto365.com\/pl\/kup-bilety\/set-for-life-2\/#primaryimage\"},\"image\":{\"@id\":\"https:\/\/onlinelotto365.com\/pl\/kup-bilety\/set-for-life-2\/#primaryimage\"},\"thumbnailUrl\":\"https:\/\/redfoxlotto.com\/image?size=8&amp;lottery=set-for-life-uk\",\"datePublished\":\"2022-11-17T11:07:29+00:00\",\"dateModified\":\"2022-11-17T11:07:29+00:00\",\"description\":\"Set for Life loteria mo\u017ce by\u0107 wygrana z Australii - kup bilety online tutaj\",\"breadcrumb\":{\"@id\":\"https:\/\/onlinelotto365.com\/pl\/kup-bilety\/set-for-life-2\/#breadcrumb\"},\"inLanguage\":\"pl-PL\",\"potentialAction\":[{\"@type\":\"ReadAction\",\"target\":[\"https:\/\/onlinelotto365.com\/pl\/kup-bilety\/set-for-life-2\/\"]}]},{\"@type\":\"ImageObject\",\"inLanguage\":\"pl-PL\",\"@id\":\"https:\/\/onlinelotto365.com\/pl\/kup-bilety\/set-for-life-2\/#primaryimage\",\"url\":\"https:\/\/redfoxlotto.com\/image?size=8&amp;lottery=set-for-life-uk\",\"contentUrl\":\"https:\/\/redfoxlotto.com\/image?size=8&amp;lottery=set-for-life-uk\"},{\"@type\":\"BreadcrumbList\",\"@id\":\"https:\/\/onlinelotto365.com\/pl\/kup-bilety\/set-for-life-2\/#breadcrumb\",\"itemListElement\":[{\"@type\":\"ListItem\",\"position\":1,\"name\":\"Home\",\"item\":\"https:\/\/onlinelotto365.com\/pl\/\"},{\"@type\":\"ListItem\",\"position\":2,\"name\":\"Dlaczego bardziej sensowne jest kupowanie bilet\u00f3w na loteri\u0119 online\",\"item\":\"https:\/\/onlinelotto365.com\/pl\/buy-tickets\/\"},{\"@type\":\"ListItem\",\"position\":3,\"name\":\"Jak kupi\u0107 bilety na Set for life online?\"}]},{\"@type\":\"WebSite\",\"@id\":\"https:\/\/onlinelotto365.com\/pl\/#website\",\"url\":\"https:\/\/onlinelotto365.com\/pl\/\",\"name\":\"OnlineLotto365\",\"description\":\"\",\"potentialAction\":[{\"@type\":\"SearchAction\",\"target\":{\"@type\":\"EntryPoint\",\"urlTemplate\":\"https:\/\/onlinelotto365.com\/pl\/?s={search_term_string}\"},\"query-input\":{\"@type\":\"PropertyValueSpecification\",\"valueRequired\":true,\"valueName\":\"search_term_string\"}}],\"inLanguage\":\"pl-PL\"}]}<\/script>\n<!-- \/ Yoast SEO plugin. -->","yoast_head_json":{"title":"Kup bilety na Set for life online z Australii | Set for life loteria info, jak kupi\u0107 bilety","description":"Set for Life loteria mo\u017ce by\u0107 wygrana z Australii - kup bilety online tutaj","robots":{"index":"index","follow":"follow","max-snippet":"max-snippet:-1","max-image-preview":"max-image-preview:large","max-video-preview":"max-video-preview:-1"},"canonical":"https:\/\/onlinelotto365.com\/pl\/kup-bilety\/set-for-life-2\/","og_locale":"pl_PL","og_type":"article","og_title":"Kup bilety na Set for life online z Australii | Set for life loteria info, jak kupi\u0107 bilety","og_description":"Set for Life loteria mo\u017ce by\u0107 wygrana z Australii - kup bilety online tutaj","og_url":"https:\/\/onlinelotto365.com\/pl\/kup-bilety\/set-for-life-2\/","og_site_name":"OnlineLotto365","og_image":[{"url":"https:\/\/redfoxlotto.com\/image?size=8&amp;lottery=set-for-life-uk"}],"twitter_card":"summary_large_image","twitter_misc":{"Szacowany czas czytania":"3 minuty"},"schema":{"@context":"https:\/\/schema.org","@graph":[{"@type":"WebPage","@id":"https:\/\/onlinelotto365.com\/pl\/kup-bilety\/set-for-life-2\/","url":"https:\/\/onlinelotto365.com\/pl\/kup-bilety\/set-for-life-2\/","name":"Kup bilety na Set for life online z Australii | Set for life loteria info, jak kupi\u0107 bilety","isPartOf":{"@id":"https:\/\/onlinelotto365.com\/pl\/#website"},"primaryImageOfPage":{"@id":"https:\/\/onlinelotto365.com\/pl\/kup-bilety\/set-for-life-2\/#primaryimage"},"image":{"@id":"https:\/\/onlinelotto365.com\/pl\/kup-bilety\/set-for-life-2\/#primaryimage"},"thumbnailUrl":"https:\/\/redfoxlotto.com\/image?size=8&amp;lottery=set-for-life-uk","datePublished":"2022-11-17T11:07:29+00:00","dateModified":"2022-11-17T11:07:29+00:00","description":"Set for Life loteria mo\u017ce by\u0107 wygrana z Australii - kup bilety online tutaj","breadcrumb":{"@id":"https:\/\/onlinelotto365.com\/pl\/kup-bilety\/set-for-life-2\/#breadcrumb"},"inLanguage":"pl-PL","potentialAction":[{"@type":"ReadAction","target":["https:\/\/onlinelotto365.com\/pl\/kup-bilety\/set-for-life-2\/"]}]},{"@type":"ImageObject","inLanguage":"pl-PL","@id":"https:\/\/onlinelotto365.com\/pl\/kup-bilety\/set-for-life-2\/#primaryimage","url":"https:\/\/redfoxlotto.com\/image?size=8&amp;lottery=set-for-life-uk","contentUrl":"https:\/\/redfoxlotto.com\/image?size=8&amp;lottery=set-for-life-uk"},{"@type":"BreadcrumbList","@id":"https:\/\/onlinelotto365.com\/pl\/kup-bilety\/set-for-life-2\/#breadcrumb","itemListElement":[{"@type":"ListItem","position":1,"name":"Home","item":"https:\/\/onlinelotto365.com\/pl\/"},{"@type":"ListItem","position":2,"name":"Dlaczego bardziej sensowne jest kupowanie bilet\u00f3w na loteri\u0119 online","item":"https:\/\/onlinelotto365.com\/pl\/buy-tickets\/"},{"@type":"ListItem","position":3,"name":"Jak kupi\u0107 bilety na Set for life online?"}]},{"@type":"WebSite","@id":"https:\/\/onlinelotto365.com\/pl\/#website","url":"https:\/\/onlinelotto365.com\/pl\/","name":"OnlineLotto365","description":"","potentialAction":[{"@type":"SearchAction","target":{"@type":"EntryPoint","urlTemplate":"https:\/\/onlinelotto365.com\/pl\/?s={search_term_string}"},"query-input":{"@type":"PropertyValueSpecification","valueRequired":true,"valueName":"search_term_string"}}],"inLanguage":"pl-PL"}]}},"_links":{"self":[{"href":"https:\/\/onlinelotto365.com\/pl\/wp-json\/wp\/v2\/pages\/80403","targetHints":{"allow":["GET"]}}],"collection":[{"href":"https:\/\/onlinelotto365.com\/pl\/wp-json\/wp\/v2\/pages"}],"about":[{"href":"https:\/\/onlinelotto365.com\/pl\/wp-json\/wp\/v2\/types\/page"}],"author":[{"embeddable":true,"href":"https:\/\/onlinelotto365.com\/pl\/wp-json\/wp\/v2\/users\/1"}],"replies":[{"embeddable":true,"href":"https:\/\/onlinelotto365.com\/pl\/wp-json\/wp\/v2\/comments?post=80403"}],"version-history":[{"count":0,"href":"https:\/\/onlinelotto365.com\/pl\/wp-json\/wp\/v2\/pages\/80403\/revisions"}],"up":[{"embeddable":true,"href":"https:\/\/onlinelotto365.com\/pl\/wp-json\/wp\/v2\/pages\/3808"}],"wp:attachment":[{"href":"https:\/\/onlinelotto365.com\/pl\/wp-json\/wp\/v2\/media?parent=80403"}],"curies":[{"name":"wp","href":"https:\/\/api.w.org\/{rel}","templated":true}]}}