{"id":8051,"date":"2020-12-08T14:56:15","date_gmt":"2020-12-08T13:56:15","guid":{"rendered":"http:\/\/onlinelotto365.net\/?page_id=8051"},"modified":"2021-01-07T08:31:58","modified_gmt":"2021-01-07T07:31:58","slug":"powerball-australia","status":"publish","type":"page","link":"https:\/\/onlinelotto365.com\/pl\/numery-wygranych\/powerball-australia\/","title":{"rendered":"Powerball Australia &#8211; najnowsze i poprzednie zwyci\u0119skie liczby, wyniki"},"content":{"rendered":"<p>W przypadku mi\u0119dzynarodowych loterii, mo\u017cesz spr\u00f3bowa\u0107 sprawdzi\u0107 wyniki w gazecie, ale jest ma\u0142o <strong>prawdopodobne, \u017ce znajdziesz zwyci\u0119skie numery dla Powerball Australia w swojej lokalnej gazecie<\/strong>. By\u0107 mo\u017ce nie znajdziesz go r\u00f3wnie\u017c na \u017cadnym z lokalnych kana\u0142\u00f3w telewizyjnych. Je\u015bli to zrobisz, znalezienie w\u0142a\u015bciwego kana\u0142u zajmie Ci troch\u0119 czasu i wysi\u0142ku.<\/p>\n<p>Inn\u0105 opcj\u0105 jest sprawdzenie na stronie Powerball Australia, czy oferuj\u0105 one opcj\u0119 rysowania na \u017cywo. Je\u015bli to zrobi\u0105, mo\u017cesz by\u0107 w stanie ogl\u0105da\u0107 i czerpa\u0107 pe\u0142n\u0105 przyjemno\u015b\u0107 z ogl\u0105dania swoich liczb losowanych na \u017cywo. Ale nie wszystkie gry oferuj\u0105 t\u0119 opcj\u0119 i mo\u017ce si\u0119 okaza\u0107, \u017ce brakuje Ci tego do\u015bwiadczenia ca\u0142kowicie.<br \/>\nMo\u017cesz r\u00f3wnie\u017c zajrze\u0107 na YouTube, aby zobaczy\u0107, czy istnieje <a href=\"https:\/\/onlinelotto365.com\/pl\/news\/lotto-na-zywo\">nagranie<\/a> z losowania na \u017cywo dla Powerball Australia. Mo\u017ce to by\u0107 dobry spos\u00f3b na znalezienie wynik\u00f3w po zako\u0144czeniu losowania.<br \/>\n<a href=\"https:\/\/redfoxlotto.com\/pl\/powerball-au\/?ref=a8564250a2&amp;medium=ol365\" target=\"_blank\" rel=\"noopener noreferrer\"><img decoding=\"async\" class=\"aligncenter\" src=\"https:\/\/redfoxlotto.com\/image?size=8&amp;lottery=powerball-au\" alt=\"Powerball Australia\" \/><\/a><\/p>\n<p>Najlepszym sposobem, aby znale\u017a\u0107 wyniki Powerball Australia, jest jednak sprawdzenie naszej strony internetowej. B\u0119dziesz m\u00f3g\u0142 znale\u017a\u0107 wyniki tej i ka\u017cdej innej gry, kt\u00f3r\u0105 mamy do dyspozycji, wi\u0119c nie musisz si\u0119 martwi\u0107, \u017ce niczego nie przegapisz.<\/p>\n<h2>Jak dowiedzie\u0107 si\u0119, czy Tw\u00f3j bilet online wygra\u0142<\/h2>\n<p><img loading=\"lazy\" decoding=\"async\" class=\"alignright wp-image-3624\" src=\"https:\/\/onlinelotto365.com\/wp-content\/uploads\/2020\/11\/online_lottery-74-200x300.jpg\" alt=\"powerball australia zwyci\u0119skie numery \" width=\"142\" height=\"212\" srcset=\"https:\/\/onlinelotto365.com\/wp-content\/uploads\/2020\/11\/online_lottery-74-200x300.jpg 200w, https:\/\/onlinelotto365.com\/wp-content\/uploads\/2020\/11\/online_lottery-74.jpg 320w\" sizes=\"auto, (max-width: 142px) 100vw, 142px\" \/><br \/>\nA je\u015bli kupi\u0142e\u015b ju\u017c swoje w\u0142asne bilety na Powerball Australia? C\u00f3\u017c, wtedy jeszcze \u0142atwiej b\u0119dzie ci sprawdzi\u0107 zwyci\u0119skie numery. Zamiast sprawdza\u0107 stron\u0119 z wynikami regularnej loterii, mo\u017cesz sprawdzi\u0107 stron\u0119 z losami na swoim koncie. Pozwoli Ci to zobaczy\u0107 zwyci\u0119skie liczby w por\u00f3wnaniu do Twoich w\u0142asnych, co b\u0119dzie jeszcze lepsze dla Twoich potrzeb.<\/p>\n<p>Mo\u017cna szuka\u0107 dowolnych liczb w bilecie, kt\u00f3re s\u0105 pod\u015bwietlone, co oznacza, \u017ce pasuj\u0105 do zwyci\u0119skich numer\u00f3w. Wtedy mo\u017cna zobaczy\u0107, ile si\u0119 wygra\u0142o. A je\u015bli jest to mniej ni\u017c 2500 euro, zostanie ona zaksi\u0119gowana na Twoim koncie w\u0142a\u015bnie w ten spos\u00f3b.<\/p>\n<h2>Archiwum wynik\u00f3w Powerball Australia<\/h2>\n<p>Na naszej stronie internetowej u\u0142atwimy Ci sprawdzenie nie tylko <a href=\"https:\/\/onlinelotto365.com\/pl\/numery-wygranych\/la-primitiva\">aktualnych numer\u00f3w loterii<\/a> Powerball Australia i nie tylko, ale r\u00f3wnie\u017c starych numer\u00f3w. Jednym z najbardziej popularnych sposob\u00f3w, w jaki ludzie wybieraj\u0105 swoje numery, jest spojrzenie na niekt\u00f3re ze starszych numer\u00f3w, dlatego staramy si\u0119, aby\u015b m\u00f3g\u0142 znale\u017a\u0107 te numery na ka\u017cdej stronie, na kt\u00f3rej oferujemy aktualne zwyci\u0119skie numery.<\/p>\n<h2>M\u00f3j bilet wygra\u0142, co dalej?<\/h2>\n<p>Je\u015bli Tw\u00f3j los jest wygrany, musisz tylko usi\u0105\u015b\u0107 i pozwoli\u0107 nam pom\u00f3c Ci zdoby\u0107 pieni\u0105dze, kt\u00f3re Ci si\u0119 nale\u017c\u0105. Je\u015bli wygra\u0142e\u015b mniej ni\u017c \u20ac2500, to przeka\u017cemy je na Twoje konto gracza, jak tylko wyniki zostan\u0105 zweryfikowane. Wtedy b\u0119dziesz m\u00f3g\u0142 wyp\u0142aci\u0107 pieni\u0105dze tak d\u0142ugo, jak d\u0142ugo na Twoim koncie b\u0119dzie znajdowa\u0142o si\u0119 10 \u20ac.<\/p>\n","protected":false},"excerpt":{"rendered":"<p>W przypadku mi\u0119dzynarodowych loterii, mo\u017cesz spr\u00f3bowa\u0107 sprawdzi\u0107 wyniki w gazecie, ale jest ma\u0142o prawdopodobne, \u017ce znajdziesz zwyci\u0119skie numery dla Powerball Australia w swojej lokalnej gazecie. By\u0107 mo\u017ce nie znajdziesz go r\u00f3wnie\u017c na \u017cadnym z lokalnych kana\u0142\u00f3w telewizyjnych. Je\u015bli to zrobisz, znalezienie w\u0142a\u015bciwego kana\u0142u zajmie Ci troch\u0119 czasu i wysi\u0142ku. Inn\u0105 opcj\u0105 jest sprawdzenie na stronie [&hellip;]<\/p>\n","protected":false},"author":1,"featured_media":0,"parent":3798,"menu_order":13,"comment_status":"closed","ping_status":"closed","template":"powerball-au-results.php","meta":{"_et_pb_use_builder":"","_et_pb_old_content":"","_et_gb_content_width":"","exclude_from_search":false,"footnotes":""},"class_list":["post-8051","page","type-page","status-publish","hentry"],"yoast_head":"<!-- This site is optimized with the Yoast SEO plugin v23.4 - https:\/\/yoast.com\/wordpress\/plugins\/seo\/ -->\n<title>Najnowsze i przesz\u0142e wyniki remis\u00f3w i zwyci\u0119skie liczby dla Powerball Australia<\/title>\n<meta name=\"description\" content=\"Publikujemy zwyci\u0119skie numery Powerball Australia zaraz po losowaniu\" \/>\n<meta name=\"robots\" content=\"index, follow, max-snippet:-1, max-image-preview:large, max-video-preview:-1\" \/>\n<link rel=\"canonical\" href=\"https:\/\/onlinelotto365.com\/pl\/numery-wygranych\/powerball-australia\/\" \/>\n<meta property=\"og:locale\" content=\"pl_PL\" \/>\n<meta property=\"og:type\" content=\"article\" \/>\n<meta property=\"og:title\" content=\"Najnowsze i przesz\u0142e wyniki remis\u00f3w i zwyci\u0119skie liczby dla Powerball Australia\" \/>\n<meta property=\"og:description\" content=\"Publikujemy zwyci\u0119skie numery Powerball Australia zaraz po losowaniu\" \/>\n<meta property=\"og:url\" content=\"https:\/\/onlinelotto365.com\/pl\/numery-wygranych\/powerball-australia\/\" \/>\n<meta property=\"og:site_name\" content=\"OnlineLotto365\" \/>\n<meta property=\"article:modified_time\" content=\"2021-01-07T07:31:58+00:00\" \/>\n<meta property=\"og:image\" content=\"https:\/\/redfoxlotto.com\/image?size=8&amp;lottery=powerball-au\" \/>\n<meta name=\"twitter:card\" content=\"summary_large_image\" \/>\n<meta name=\"twitter:label1\" content=\"Szacowany czas czytania\" \/>\n\t<meta name=\"twitter:data1\" content=\"2 minuty\" \/>\n<script type=\"application\/ld+json\" class=\"yoast-schema-graph\">{\"@context\":\"https:\/\/schema.org\",\"@graph\":[{\"@type\":\"WebPage\",\"@id\":\"https:\/\/onlinelotto365.com\/pl\/numery-wygranych\/powerball-australia\/\",\"url\":\"https:\/\/onlinelotto365.com\/pl\/numery-wygranych\/powerball-australia\/\",\"name\":\"Najnowsze i przesz\u0142e wyniki remis\u00f3w i zwyci\u0119skie liczby dla Powerball Australia\",\"isPartOf\":{\"@id\":\"https:\/\/onlinelotto365.com\/pl\/#website\"},\"primaryImageOfPage\":{\"@id\":\"https:\/\/onlinelotto365.com\/pl\/numery-wygranych\/powerball-australia\/#primaryimage\"},\"image\":{\"@id\":\"https:\/\/onlinelotto365.com\/pl\/numery-wygranych\/powerball-australia\/#primaryimage\"},\"thumbnailUrl\":\"https:\/\/redfoxlotto.com\/image?size=8&amp;lottery=powerball-au\",\"datePublished\":\"2020-12-08T13:56:15+00:00\",\"dateModified\":\"2021-01-07T07:31:58+00:00\",\"description\":\"Publikujemy zwyci\u0119skie numery Powerball Australia zaraz po losowaniu\",\"breadcrumb\":{\"@id\":\"https:\/\/onlinelotto365.com\/pl\/numery-wygranych\/powerball-australia\/#breadcrumb\"},\"inLanguage\":\"pl-PL\",\"potentialAction\":[{\"@type\":\"ReadAction\",\"target\":[\"https:\/\/onlinelotto365.com\/pl\/numery-wygranych\/powerball-australia\/\"]}]},{\"@type\":\"ImageObject\",\"inLanguage\":\"pl-PL\",\"@id\":\"https:\/\/onlinelotto365.com\/pl\/numery-wygranych\/powerball-australia\/#primaryimage\",\"url\":\"https:\/\/redfoxlotto.com\/image?size=8&amp;lottery=powerball-au\",\"contentUrl\":\"https:\/\/redfoxlotto.com\/image?size=8&amp;lottery=powerball-au\"},{\"@type\":\"BreadcrumbList\",\"@id\":\"https:\/\/onlinelotto365.com\/pl\/numery-wygranych\/powerball-australia\/#breadcrumb\",\"itemListElement\":[{\"@type\":\"ListItem\",\"position\":1,\"name\":\"Home\",\"item\":\"https:\/\/onlinelotto365.com\/pl\/\"},{\"@type\":\"ListItem\",\"position\":2,\"name\":\"Znajd\u017a zwyci\u0119skie liczby i wyniki najnowszych losowa\u0144 lotto\",\"item\":\"https:\/\/onlinelotto365.com\/pl\/numery-wygranych\/\"},{\"@type\":\"ListItem\",\"position\":3,\"name\":\"Powerball Australia &#8211; najnowsze i poprzednie zwyci\u0119skie liczby, wyniki\"}]},{\"@type\":\"WebSite\",\"@id\":\"https:\/\/onlinelotto365.com\/pl\/#website\",\"url\":\"https:\/\/onlinelotto365.com\/pl\/\",\"name\":\"OnlineLotto365\",\"description\":\"\",\"potentialAction\":[{\"@type\":\"SearchAction\",\"target\":{\"@type\":\"EntryPoint\",\"urlTemplate\":\"https:\/\/onlinelotto365.com\/pl\/?s={search_term_string}\"},\"query-input\":{\"@type\":\"PropertyValueSpecification\",\"valueRequired\":true,\"valueName\":\"search_term_string\"}}],\"inLanguage\":\"pl-PL\"}]}<\/script>\n<!-- \/ Yoast SEO plugin. -->","yoast_head_json":{"title":"Najnowsze i przesz\u0142e wyniki remis\u00f3w i zwyci\u0119skie liczby dla Powerball Australia","description":"Publikujemy zwyci\u0119skie numery Powerball Australia zaraz po losowaniu","robots":{"index":"index","follow":"follow","max-snippet":"max-snippet:-1","max-image-preview":"max-image-preview:large","max-video-preview":"max-video-preview:-1"},"canonical":"https:\/\/onlinelotto365.com\/pl\/numery-wygranych\/powerball-australia\/","og_locale":"pl_PL","og_type":"article","og_title":"Najnowsze i przesz\u0142e wyniki remis\u00f3w i zwyci\u0119skie liczby dla Powerball Australia","og_description":"Publikujemy zwyci\u0119skie numery Powerball Australia zaraz po losowaniu","og_url":"https:\/\/onlinelotto365.com\/pl\/numery-wygranych\/powerball-australia\/","og_site_name":"OnlineLotto365","article_modified_time":"2021-01-07T07:31:58+00:00","og_image":[{"url":"https:\/\/redfoxlotto.com\/image?size=8&amp;lottery=powerball-au"}],"twitter_card":"summary_large_image","twitter_misc":{"Szacowany czas czytania":"2 minuty"},"schema":{"@context":"https:\/\/schema.org","@graph":[{"@type":"WebPage","@id":"https:\/\/onlinelotto365.com\/pl\/numery-wygranych\/powerball-australia\/","url":"https:\/\/onlinelotto365.com\/pl\/numery-wygranych\/powerball-australia\/","name":"Najnowsze i przesz\u0142e wyniki remis\u00f3w i zwyci\u0119skie liczby dla Powerball Australia","isPartOf":{"@id":"https:\/\/onlinelotto365.com\/pl\/#website"},"primaryImageOfPage":{"@id":"https:\/\/onlinelotto365.com\/pl\/numery-wygranych\/powerball-australia\/#primaryimage"},"image":{"@id":"https:\/\/onlinelotto365.com\/pl\/numery-wygranych\/powerball-australia\/#primaryimage"},"thumbnailUrl":"https:\/\/redfoxlotto.com\/image?size=8&amp;lottery=powerball-au","datePublished":"2020-12-08T13:56:15+00:00","dateModified":"2021-01-07T07:31:58+00:00","description":"Publikujemy zwyci\u0119skie numery Powerball Australia zaraz po losowaniu","breadcrumb":{"@id":"https:\/\/onlinelotto365.com\/pl\/numery-wygranych\/powerball-australia\/#breadcrumb"},"inLanguage":"pl-PL","potentialAction":[{"@type":"ReadAction","target":["https:\/\/onlinelotto365.com\/pl\/numery-wygranych\/powerball-australia\/"]}]},{"@type":"ImageObject","inLanguage":"pl-PL","@id":"https:\/\/onlinelotto365.com\/pl\/numery-wygranych\/powerball-australia\/#primaryimage","url":"https:\/\/redfoxlotto.com\/image?size=8&amp;lottery=powerball-au","contentUrl":"https:\/\/redfoxlotto.com\/image?size=8&amp;lottery=powerball-au"},{"@type":"BreadcrumbList","@id":"https:\/\/onlinelotto365.com\/pl\/numery-wygranych\/powerball-australia\/#breadcrumb","itemListElement":[{"@type":"ListItem","position":1,"name":"Home","item":"https:\/\/onlinelotto365.com\/pl\/"},{"@type":"ListItem","position":2,"name":"Znajd\u017a zwyci\u0119skie liczby i wyniki najnowszych losowa\u0144 lotto","item":"https:\/\/onlinelotto365.com\/pl\/numery-wygranych\/"},{"@type":"ListItem","position":3,"name":"Powerball Australia &#8211; najnowsze i poprzednie zwyci\u0119skie liczby, wyniki"}]},{"@type":"WebSite","@id":"https:\/\/onlinelotto365.com\/pl\/#website","url":"https:\/\/onlinelotto365.com\/pl\/","name":"OnlineLotto365","description":"","potentialAction":[{"@type":"SearchAction","target":{"@type":"EntryPoint","urlTemplate":"https:\/\/onlinelotto365.com\/pl\/?s={search_term_string}"},"query-input":{"@type":"PropertyValueSpecification","valueRequired":true,"valueName":"search_term_string"}}],"inLanguage":"pl-PL"}]}},"_links":{"self":[{"href":"https:\/\/onlinelotto365.com\/pl\/wp-json\/wp\/v2\/pages\/8051","targetHints":{"allow":["GET"]}}],"collection":[{"href":"https:\/\/onlinelotto365.com\/pl\/wp-json\/wp\/v2\/pages"}],"about":[{"href":"https:\/\/onlinelotto365.com\/pl\/wp-json\/wp\/v2\/types\/page"}],"author":[{"embeddable":true,"href":"https:\/\/onlinelotto365.com\/pl\/wp-json\/wp\/v2\/users\/1"}],"replies":[{"embeddable":true,"href":"https:\/\/onlinelotto365.com\/pl\/wp-json\/wp\/v2\/comments?post=8051"}],"version-history":[{"count":0,"href":"https:\/\/onlinelotto365.com\/pl\/wp-json\/wp\/v2\/pages\/8051\/revisions"}],"up":[{"embeddable":true,"href":"https:\/\/onlinelotto365.com\/pl\/wp-json\/wp\/v2\/pages\/3798"}],"wp:attachment":[{"href":"https:\/\/onlinelotto365.com\/pl\/wp-json\/wp\/v2\/media?parent=8051"}],"curies":[{"name":"wp","href":"https:\/\/api.w.org\/{rel}","templated":true}]}}