{"id":8083,"date":"2020-12-08T14:59:00","date_gmt":"2020-12-08T13:59:00","guid":{"rendered":"http:\/\/onlinelotto365.net\/?page_id=8083"},"modified":"2021-01-07T08:32:07","modified_gmt":"2021-01-07T07:32:07","slug":"oz-lotto","status":"publish","type":"page","link":"https:\/\/onlinelotto365.com\/pl\/numery-wygranych\/oz-lotto\/","title":{"rendered":"Zwyci\u0119skie numery z Oz Lotto"},"content":{"rendered":"<p>Na naszej stronie internetowej dost\u0119pnych jest wiele mi\u0119dzynarodowych opcji loterii, a graj\u0105c w te gry, chcesz mie\u0107 pewno\u015b\u0107, \u017ce jeste\u015b w stanie sprawdzi\u0107 zwyci\u0119skie liczby. Jednym ze sposob\u00f3w jest gazeta, ale <strong>znalezienie wynik\u00f3w Oz Lotto w gazecie mo\u017ce by\u0107 trudne<\/strong>. Inna opcja jest w telewizji, ale znalezienie odpowiedniego kana\u0142u do ogl\u0105dania losowania lub zobaczenia wynik\u00f3w mo\u017ce by\u0107 r\u00f3wnie\u017c trudn\u0105 sytuacj\u0105 dla wi\u0119kszo\u015bci ludzi.<\/p>\n<p>Nast\u0119pnie mo\u017cna sprawdzi\u0107 na oficjalnej stronie internetowej Oz Lotto i zobaczy\u0107, czy mo\u017cna tam uzyska\u0107 wyniki. Niekt\u00f3re gry pozwol\u0105 Ci obejrze\u0107 rysunek na \u017cywo na ich stronie internetowej. Ale pami\u0119taj, \u017ce nie jest to mo\u017cliwe w przypadku wszystkich gier lotto i mo\u017cesz znale\u017a\u0107 si\u0119 bez tej mo\u017cliwo\u015bci.<\/p>\n<p>Po zako\u0144czeniu losowania mo\u017cna czasami zrobi\u0107 wyszukiwanie w serwisie YouTube w celu uzyskania <strong>wynik\u00f3w ostatniego losowania Oz Lotto.<\/strong> Nie zawsze s\u0105 one r\u00f3wnie\u017c dost\u0119pne, ale czasami kto\u015b opublikuje wideo z losowania na \u017cywo lub liczb.<br \/>\n<a href=\"https:\/\/redfoxlotto.com\/pl\/oz-lotto\/?ref=a8564250a2&amp;medium=ol365\" target=\"_blank\" rel=\"noopener noreferrer\"><img decoding=\"async\" class=\"aligncenter\" src=\"https:\/\/redfoxlotto.com\/image?size=8&amp;lottery=oz-lotto\" alt=\"Oz Lotto\" \/><\/a><\/p>\n<p>Najlepsz\u0105 rzecz\u0105, jak\u0105 mo\u017cesz jednak zrobi\u0107, je\u015bli chcesz otrzyma\u0107 najnowsze zwyci\u0119skie liczby, jest sprawdzenie naszej strony internetowej i strony z wynikami lotto. To tam umieszczamy wyniki <a href=\"https:\/\/onlinelotto365.com\/pl\/kup-bilety\">ka\u017cdej gry loteryjnej, kt\u00f3r\u0105 mo\u017cesz kupi\u0107 na naszej stronie<\/a>, aby\u015b wiedzia\u0142 gdzie szuka\u0107.<\/p>\n<h2>Jak dowiedzie\u0107 si\u0119, czy Tw\u00f3j bilet online wygra\u0142<img loading=\"lazy\" decoding=\"async\" class=\"alignright wp-image-3624\" src=\"https:\/\/onlinelotto365.com\/wp-content\/uploads\/2020\/11\/online_lottery-74-200x300.jpg\" alt=\"wyniki oz lotto\" width=\"123\" height=\"185\" srcset=\"https:\/\/onlinelotto365.com\/wp-content\/uploads\/2020\/11\/online_lottery-74-200x300.jpg 200w, https:\/\/onlinelotto365.com\/wp-content\/uploads\/2020\/11\/online_lottery-74.jpg 320w\" sizes=\"auto, (max-width: 123px) 100vw, 123px\" \/><\/h2>\n<p>Osoby, kt\u00f3re zakupi\u0142y bilety na dowoln\u0105 z oferowanych przez nas gier, mog\u0105 zalogowa\u0107 si\u0119 na swoje konto i przej\u015b\u0107 do strony, na kt\u00f3rej przechowywane s\u0105 bilety. Na tej stronie znajdziesz wszystkie informacje, kt\u00f3rych potrzebujesz. B\u0119dziesz m\u00f3g\u0142 zobaczy\u0107 swoje losy lotto, jak r\u00f3wnie\u017c zwyci\u0119skie numery.<br \/>\nJe\u015bli masz szcz\u0119\u015bcie dopasowa\u0107 dowolne liczby, b\u0119dziesz m\u00f3g\u0142 r\u00f3wnie\u017c zobaczy\u0107 liczby, kt\u00f3re pasuj\u0105 do siebie pod\u015bwietlone na ekranie. Mo\u017cesz te\u017c sprawdzi\u0107 ilo\u015b\u0107 dopasowanych liczb i sprawdzi\u0107, jak\u0105 nagrod\u0119 wygra\u0142e\u015b. Je\u015bli jest to mniej ni\u017c \u20ac2500, mo\u017cesz sprawdzi\u0107 swoje konto i znale\u017a\u0107 je na swoim koncie gracza, gdy tylko wyniki zostan\u0105 zweryfikowane.<\/p>\n<h2>Archiwum wynik\u00f3w Oz Lotto<\/h2>\n<p>Dla tych, kt\u00f3rzy chc\u0105 obejrze\u0107 starsze numery z Oz Lotto lub <a href=\"http:\/\/onlinelotto365.com\/pl\">innych gier loteryjnych<\/a>, mo\u017cna \u0142atwo znale\u017a\u0107 archiwum po\u0142\u0105czone z dowoln\u0105 stron\u0105, na kt\u00f3rej wy\u015bwietlane s\u0105 aktualne numery. U\u0142atwia to odnalezienie szukanych liczb, kt\u00f3re pomog\u0105 Ci w przysz\u0142ych wyborach.<\/p>\n<h2>M\u00f3j los wygra\u0142, co dalej?<\/h2>\n<p>Rozmawiali\u015bmy ju\u017c o tym, jak mo\u017cesz wygra\u0107, je\u015bli Tw\u00f3j kupon pasuje do zwyci\u0119skich liczb, ale przyjrzyjmy si\u0119 te\u017c troch\u0119 bli\u017cej. Je\u015bli masz bilet o warto\u015bci mniejszej ni\u017c \u20ac2500, pieni\u0105dze zostan\u0105 automatycznie dodane do Twojego konta, jak tylko zwyci\u0119skie numery zostan\u0105 zweryfikowane.<\/p>\n<p>Nast\u0119pnie, je\u015bli masz na koncie co najmniej 10 euro, mo\u017cesz wyp\u0142aci\u0107 te pieni\u0105dze za pomoc\u0105 dowolnej metody p\u0142atno\u015bci, kt\u00f3rej ju\u017c u\u017cy\u0142e\u015b na swoim koncie. Wystarczy wype\u0142ni\u0107 kilka formularzy, aby zweryfikowa\u0107 swoj\u0105 to\u017csamo\u015b\u0107, a Twoje pieni\u0105dze w kr\u00f3tkim czasie znajd\u0105 si\u0119 na Twoim koncie. Mo\u017cesz te\u017c zostawi\u0107 je tam, gdzie s\u0105 i u\u017cy\u0107 ich do p\u00f3\u017aniejszego zakupu jeszcze wi\u0119kszej ilo\u015bci bilet\u00f3w.<\/p>\n","protected":false},"excerpt":{"rendered":"<p>Na naszej stronie internetowej dost\u0119pnych jest wiele mi\u0119dzynarodowych opcji loterii, a graj\u0105c w te gry, chcesz mie\u0107 pewno\u015b\u0107, \u017ce jeste\u015b w stanie sprawdzi\u0107 zwyci\u0119skie liczby. Jednym ze sposob\u00f3w jest gazeta, ale znalezienie wynik\u00f3w Oz Lotto w gazecie mo\u017ce by\u0107 trudne. Inna opcja jest w telewizji, ale znalezienie odpowiedniego kana\u0142u do ogl\u0105dania losowania lub zobaczenia wynik\u00f3w [&hellip;]<\/p>\n","protected":false},"author":1,"featured_media":0,"parent":3798,"menu_order":14,"comment_status":"closed","ping_status":"closed","template":"template-rightsidebar.php","meta":{"_et_pb_use_builder":"","_et_pb_old_content":"","_et_gb_content_width":"","exclude_from_search":false,"footnotes":""},"class_list":["post-8083","page","type-page","status-publish","hentry"],"yoast_head":"<!-- This site is optimized with the Yoast SEO plugin v23.4 - https:\/\/yoast.com\/wordpress\/plugins\/seo\/ -->\n<title>Wyniki losowania Oz Lotto i nagrody<\/title>\n<meta name=\"description\" content=\"Szukasz wynik\u00f3w losowania Oz Lotto? Oto zwyci\u0119skie liczby\" \/>\n<meta name=\"robots\" content=\"index, follow, max-snippet:-1, max-image-preview:large, max-video-preview:-1\" \/>\n<link rel=\"canonical\" href=\"https:\/\/onlinelotto365.com\/pl\/numery-wygranych\/oz-lotto\/\" \/>\n<meta property=\"og:locale\" content=\"pl_PL\" \/>\n<meta property=\"og:type\" content=\"article\" \/>\n<meta property=\"og:title\" content=\"Wyniki losowania Oz Lotto i nagrody\" \/>\n<meta property=\"og:description\" content=\"Szukasz wynik\u00f3w losowania Oz Lotto? Oto zwyci\u0119skie liczby\" \/>\n<meta property=\"og:url\" content=\"https:\/\/onlinelotto365.com\/pl\/numery-wygranych\/oz-lotto\/\" \/>\n<meta property=\"og:site_name\" content=\"OnlineLotto365\" \/>\n<meta property=\"article:modified_time\" content=\"2021-01-07T07:32:07+00:00\" \/>\n<meta property=\"og:image\" content=\"https:\/\/redfoxlotto.com\/image?size=8&amp;lottery=oz-lotto\" \/>\n<meta name=\"twitter:card\" content=\"summary_large_image\" \/>\n<meta name=\"twitter:label1\" content=\"Szacowany czas czytania\" \/>\n\t<meta name=\"twitter:data1\" content=\"3 minuty\" \/>\n<script type=\"application\/ld+json\" class=\"yoast-schema-graph\">{\"@context\":\"https:\/\/schema.org\",\"@graph\":[{\"@type\":\"WebPage\",\"@id\":\"https:\/\/onlinelotto365.com\/pl\/numery-wygranych\/oz-lotto\/\",\"url\":\"https:\/\/onlinelotto365.com\/pl\/numery-wygranych\/oz-lotto\/\",\"name\":\"Wyniki losowania Oz Lotto i nagrody\",\"isPartOf\":{\"@id\":\"https:\/\/onlinelotto365.com\/pl\/#website\"},\"primaryImageOfPage\":{\"@id\":\"https:\/\/onlinelotto365.com\/pl\/numery-wygranych\/oz-lotto\/#primaryimage\"},\"image\":{\"@id\":\"https:\/\/onlinelotto365.com\/pl\/numery-wygranych\/oz-lotto\/#primaryimage\"},\"thumbnailUrl\":\"https:\/\/redfoxlotto.com\/image?size=8&amp;lottery=oz-lotto\",\"datePublished\":\"2020-12-08T13:59:00+00:00\",\"dateModified\":\"2021-01-07T07:32:07+00:00\",\"description\":\"Szukasz wynik\u00f3w losowania Oz Lotto? Oto zwyci\u0119skie liczby\",\"breadcrumb\":{\"@id\":\"https:\/\/onlinelotto365.com\/pl\/numery-wygranych\/oz-lotto\/#breadcrumb\"},\"inLanguage\":\"pl-PL\",\"potentialAction\":[{\"@type\":\"ReadAction\",\"target\":[\"https:\/\/onlinelotto365.com\/pl\/numery-wygranych\/oz-lotto\/\"]}]},{\"@type\":\"ImageObject\",\"inLanguage\":\"pl-PL\",\"@id\":\"https:\/\/onlinelotto365.com\/pl\/numery-wygranych\/oz-lotto\/#primaryimage\",\"url\":\"https:\/\/redfoxlotto.com\/image?size=8&amp;lottery=oz-lotto\",\"contentUrl\":\"https:\/\/redfoxlotto.com\/image?size=8&amp;lottery=oz-lotto\"},{\"@type\":\"BreadcrumbList\",\"@id\":\"https:\/\/onlinelotto365.com\/pl\/numery-wygranych\/oz-lotto\/#breadcrumb\",\"itemListElement\":[{\"@type\":\"ListItem\",\"position\":1,\"name\":\"Home\",\"item\":\"https:\/\/onlinelotto365.com\/pl\/\"},{\"@type\":\"ListItem\",\"position\":2,\"name\":\"Znajd\u017a zwyci\u0119skie liczby i wyniki najnowszych losowa\u0144 lotto\",\"item\":\"https:\/\/onlinelotto365.com\/pl\/numery-wygranych\/\"},{\"@type\":\"ListItem\",\"position\":3,\"name\":\"Zwyci\u0119skie numery z Oz Lotto\"}]},{\"@type\":\"WebSite\",\"@id\":\"https:\/\/onlinelotto365.com\/pl\/#website\",\"url\":\"https:\/\/onlinelotto365.com\/pl\/\",\"name\":\"OnlineLotto365\",\"description\":\"\",\"potentialAction\":[{\"@type\":\"SearchAction\",\"target\":{\"@type\":\"EntryPoint\",\"urlTemplate\":\"https:\/\/onlinelotto365.com\/pl\/?s={search_term_string}\"},\"query-input\":{\"@type\":\"PropertyValueSpecification\",\"valueRequired\":true,\"valueName\":\"search_term_string\"}}],\"inLanguage\":\"pl-PL\"}]}<\/script>\n<!-- \/ Yoast SEO plugin. -->","yoast_head_json":{"title":"Wyniki losowania Oz Lotto i nagrody","description":"Szukasz wynik\u00f3w losowania Oz Lotto? Oto zwyci\u0119skie liczby","robots":{"index":"index","follow":"follow","max-snippet":"max-snippet:-1","max-image-preview":"max-image-preview:large","max-video-preview":"max-video-preview:-1"},"canonical":"https:\/\/onlinelotto365.com\/pl\/numery-wygranych\/oz-lotto\/","og_locale":"pl_PL","og_type":"article","og_title":"Wyniki losowania Oz Lotto i nagrody","og_description":"Szukasz wynik\u00f3w losowania Oz Lotto? Oto zwyci\u0119skie liczby","og_url":"https:\/\/onlinelotto365.com\/pl\/numery-wygranych\/oz-lotto\/","og_site_name":"OnlineLotto365","article_modified_time":"2021-01-07T07:32:07+00:00","og_image":[{"url":"https:\/\/redfoxlotto.com\/image?size=8&amp;lottery=oz-lotto"}],"twitter_card":"summary_large_image","twitter_misc":{"Szacowany czas czytania":"3 minuty"},"schema":{"@context":"https:\/\/schema.org","@graph":[{"@type":"WebPage","@id":"https:\/\/onlinelotto365.com\/pl\/numery-wygranych\/oz-lotto\/","url":"https:\/\/onlinelotto365.com\/pl\/numery-wygranych\/oz-lotto\/","name":"Wyniki losowania Oz Lotto i nagrody","isPartOf":{"@id":"https:\/\/onlinelotto365.com\/pl\/#website"},"primaryImageOfPage":{"@id":"https:\/\/onlinelotto365.com\/pl\/numery-wygranych\/oz-lotto\/#primaryimage"},"image":{"@id":"https:\/\/onlinelotto365.com\/pl\/numery-wygranych\/oz-lotto\/#primaryimage"},"thumbnailUrl":"https:\/\/redfoxlotto.com\/image?size=8&amp;lottery=oz-lotto","datePublished":"2020-12-08T13:59:00+00:00","dateModified":"2021-01-07T07:32:07+00:00","description":"Szukasz wynik\u00f3w losowania Oz Lotto? Oto zwyci\u0119skie liczby","breadcrumb":{"@id":"https:\/\/onlinelotto365.com\/pl\/numery-wygranych\/oz-lotto\/#breadcrumb"},"inLanguage":"pl-PL","potentialAction":[{"@type":"ReadAction","target":["https:\/\/onlinelotto365.com\/pl\/numery-wygranych\/oz-lotto\/"]}]},{"@type":"ImageObject","inLanguage":"pl-PL","@id":"https:\/\/onlinelotto365.com\/pl\/numery-wygranych\/oz-lotto\/#primaryimage","url":"https:\/\/redfoxlotto.com\/image?size=8&amp;lottery=oz-lotto","contentUrl":"https:\/\/redfoxlotto.com\/image?size=8&amp;lottery=oz-lotto"},{"@type":"BreadcrumbList","@id":"https:\/\/onlinelotto365.com\/pl\/numery-wygranych\/oz-lotto\/#breadcrumb","itemListElement":[{"@type":"ListItem","position":1,"name":"Home","item":"https:\/\/onlinelotto365.com\/pl\/"},{"@type":"ListItem","position":2,"name":"Znajd\u017a zwyci\u0119skie liczby i wyniki najnowszych losowa\u0144 lotto","item":"https:\/\/onlinelotto365.com\/pl\/numery-wygranych\/"},{"@type":"ListItem","position":3,"name":"Zwyci\u0119skie numery z Oz Lotto"}]},{"@type":"WebSite","@id":"https:\/\/onlinelotto365.com\/pl\/#website","url":"https:\/\/onlinelotto365.com\/pl\/","name":"OnlineLotto365","description":"","potentialAction":[{"@type":"SearchAction","target":{"@type":"EntryPoint","urlTemplate":"https:\/\/onlinelotto365.com\/pl\/?s={search_term_string}"},"query-input":{"@type":"PropertyValueSpecification","valueRequired":true,"valueName":"search_term_string"}}],"inLanguage":"pl-PL"}]}},"_links":{"self":[{"href":"https:\/\/onlinelotto365.com\/pl\/wp-json\/wp\/v2\/pages\/8083","targetHints":{"allow":["GET"]}}],"collection":[{"href":"https:\/\/onlinelotto365.com\/pl\/wp-json\/wp\/v2\/pages"}],"about":[{"href":"https:\/\/onlinelotto365.com\/pl\/wp-json\/wp\/v2\/types\/page"}],"author":[{"embeddable":true,"href":"https:\/\/onlinelotto365.com\/pl\/wp-json\/wp\/v2\/users\/1"}],"replies":[{"embeddable":true,"href":"https:\/\/onlinelotto365.com\/pl\/wp-json\/wp\/v2\/comments?post=8083"}],"version-history":[{"count":0,"href":"https:\/\/onlinelotto365.com\/pl\/wp-json\/wp\/v2\/pages\/8083\/revisions"}],"up":[{"embeddable":true,"href":"https:\/\/onlinelotto365.com\/pl\/wp-json\/wp\/v2\/pages\/3798"}],"wp:attachment":[{"href":"https:\/\/onlinelotto365.com\/pl\/wp-json\/wp\/v2\/media?parent=8083"}],"curies":[{"name":"wp","href":"https:\/\/api.w.org\/{rel}","templated":true}]}}