{"id":81107,"date":"2022-11-25T12:01:18","date_gmt":"2022-11-25T11:01:18","guid":{"rendered":"https:\/\/onlinelotto365.com\/?page_id=81107"},"modified":"2022-11-25T12:01:18","modified_gmt":"2022-11-25T11:01:18","slug":"404-strona","status":"publish","type":"page","link":"https:\/\/onlinelotto365.com\/pl\/404-strona\/","title":{"rendered":"404-strona"},"content":{"rendered":"<p style=\"text-align: center;\">Przepraszamy, ale \u017c\u0105dana strona nie istnieje.<\/p>\n<h4 style=\"text-align: center;\"><a href=\"https:\/\/onlinelotto365.com\/\">Kliknij tutaj, aby powr\u00f3ci\u0107 do strony g\u0142\u00f3wnej<\/a><\/h4>\n","protected":false},"excerpt":{"rendered":"<p>Przepraszamy, ale \u017c\u0105dana strona nie istnieje. Kliknij tutaj, aby powr\u00f3ci\u0107 do strony g\u0142\u00f3wnej<\/p>\n","protected":false},"author":1,"featured_media":0,"parent":0,"menu_order":50,"comment_status":"closed","ping_status":"closed","template":"404.php","meta":{"_et_pb_use_builder":"","_et_pb_old_content":"","_et_gb_content_width":"","exclude_from_search":false,"footnotes":""},"class_list":["post-81107","page","type-page","status-publish","hentry"],"yoast_head":"<!-- This site is optimized with the Yoast SEO plugin v23.4 - https:\/\/yoast.com\/wordpress\/plugins\/seo\/ -->\n<title>404-strona - OnlineLotto365<\/title>\n<meta name=\"robots\" content=\"index, follow, max-snippet:-1, max-image-preview:large, max-video-preview:-1\" \/>\n<link rel=\"canonical\" href=\"https:\/\/onlinelotto365.com\/pl\/404-strona\/\" \/>\n<meta property=\"og:locale\" content=\"pl_PL\" \/>\n<meta property=\"og:type\" content=\"article\" \/>\n<meta property=\"og:title\" content=\"404-strona - OnlineLotto365\" \/>\n<meta property=\"og:description\" content=\"Przepraszamy, ale \u017c\u0105dana strona nie istnieje. Kliknij tutaj, aby powr\u00f3ci\u0107 do strony g\u0142\u00f3wnej\" \/>\n<meta property=\"og:url\" content=\"https:\/\/onlinelotto365.com\/pl\/404-strona\/\" \/>\n<meta property=\"og:site_name\" content=\"OnlineLotto365\" \/>\n<meta name=\"twitter:card\" content=\"summary_large_image\" \/>\n<meta name=\"twitter:label1\" content=\"Szacowany czas czytania\" \/>\n\t<meta name=\"twitter:data1\" content=\"1 minuta\" \/>\n<script type=\"application\/ld+json\" class=\"yoast-schema-graph\">{\"@context\":\"https:\/\/schema.org\",\"@graph\":[{\"@type\":\"WebPage\",\"@id\":\"https:\/\/onlinelotto365.com\/pl\/404-strona\/\",\"url\":\"https:\/\/onlinelotto365.com\/pl\/404-strona\/\",\"name\":\"404-strona - OnlineLotto365\",\"isPartOf\":{\"@id\":\"https:\/\/onlinelotto365.com\/pl\/#website\"},\"datePublished\":\"2022-11-25T11:01:18+00:00\",\"dateModified\":\"2022-11-25T11:01:18+00:00\",\"breadcrumb\":{\"@id\":\"https:\/\/onlinelotto365.com\/pl\/404-strona\/#breadcrumb\"},\"inLanguage\":\"pl-PL\",\"potentialAction\":[{\"@type\":\"ReadAction\",\"target\":[\"https:\/\/onlinelotto365.com\/pl\/404-strona\/\"]}]},{\"@type\":\"BreadcrumbList\",\"@id\":\"https:\/\/onlinelotto365.com\/pl\/404-strona\/#breadcrumb\",\"itemListElement\":[{\"@type\":\"ListItem\",\"position\":1,\"name\":\"Home\",\"item\":\"https:\/\/onlinelotto365.com\/pl\/\"},{\"@type\":\"ListItem\",\"position\":2,\"name\":\"404-strona\"}]},{\"@type\":\"WebSite\",\"@id\":\"https:\/\/onlinelotto365.com\/pl\/#website\",\"url\":\"https:\/\/onlinelotto365.com\/pl\/\",\"name\":\"OnlineLotto365\",\"description\":\"\",\"potentialAction\":[{\"@type\":\"SearchAction\",\"target\":{\"@type\":\"EntryPoint\",\"urlTemplate\":\"https:\/\/onlinelotto365.com\/pl\/?s={search_term_string}\"},\"query-input\":{\"@type\":\"PropertyValueSpecification\",\"valueRequired\":true,\"valueName\":\"search_term_string\"}}],\"inLanguage\":\"pl-PL\"}]}<\/script>\n<!-- \/ Yoast SEO plugin. -->","yoast_head_json":{"title":"404-strona - OnlineLotto365","robots":{"index":"index","follow":"follow","max-snippet":"max-snippet:-1","max-image-preview":"max-image-preview:large","max-video-preview":"max-video-preview:-1"},"canonical":"https:\/\/onlinelotto365.com\/pl\/404-strona\/","og_locale":"pl_PL","og_type":"article","og_title":"404-strona - OnlineLotto365","og_description":"Przepraszamy, ale \u017c\u0105dana strona nie istnieje. Kliknij tutaj, aby powr\u00f3ci\u0107 do strony g\u0142\u00f3wnej","og_url":"https:\/\/onlinelotto365.com\/pl\/404-strona\/","og_site_name":"OnlineLotto365","twitter_card":"summary_large_image","twitter_misc":{"Szacowany czas czytania":"1 minuta"},"schema":{"@context":"https:\/\/schema.org","@graph":[{"@type":"WebPage","@id":"https:\/\/onlinelotto365.com\/pl\/404-strona\/","url":"https:\/\/onlinelotto365.com\/pl\/404-strona\/","name":"404-strona - OnlineLotto365","isPartOf":{"@id":"https:\/\/onlinelotto365.com\/pl\/#website"},"datePublished":"2022-11-25T11:01:18+00:00","dateModified":"2022-11-25T11:01:18+00:00","breadcrumb":{"@id":"https:\/\/onlinelotto365.com\/pl\/404-strona\/#breadcrumb"},"inLanguage":"pl-PL","potentialAction":[{"@type":"ReadAction","target":["https:\/\/onlinelotto365.com\/pl\/404-strona\/"]}]},{"@type":"BreadcrumbList","@id":"https:\/\/onlinelotto365.com\/pl\/404-strona\/#breadcrumb","itemListElement":[{"@type":"ListItem","position":1,"name":"Home","item":"https:\/\/onlinelotto365.com\/pl\/"},{"@type":"ListItem","position":2,"name":"404-strona"}]},{"@type":"WebSite","@id":"https:\/\/onlinelotto365.com\/pl\/#website","url":"https:\/\/onlinelotto365.com\/pl\/","name":"OnlineLotto365","description":"","potentialAction":[{"@type":"SearchAction","target":{"@type":"EntryPoint","urlTemplate":"https:\/\/onlinelotto365.com\/pl\/?s={search_term_string}"},"query-input":{"@type":"PropertyValueSpecification","valueRequired":true,"valueName":"search_term_string"}}],"inLanguage":"pl-PL"}]}},"_links":{"self":[{"href":"https:\/\/onlinelotto365.com\/pl\/wp-json\/wp\/v2\/pages\/81107","targetHints":{"allow":["GET"]}}],"collection":[{"href":"https:\/\/onlinelotto365.com\/pl\/wp-json\/wp\/v2\/pages"}],"about":[{"href":"https:\/\/onlinelotto365.com\/pl\/wp-json\/wp\/v2\/types\/page"}],"author":[{"embeddable":true,"href":"https:\/\/onlinelotto365.com\/pl\/wp-json\/wp\/v2\/users\/1"}],"replies":[{"embeddable":true,"href":"https:\/\/onlinelotto365.com\/pl\/wp-json\/wp\/v2\/comments?post=81107"}],"version-history":[{"count":0,"href":"https:\/\/onlinelotto365.com\/pl\/wp-json\/wp\/v2\/pages\/81107\/revisions"}],"wp:attachment":[{"href":"https:\/\/onlinelotto365.com\/pl\/wp-json\/wp\/v2\/media?parent=81107"}],"curies":[{"name":"wp","href":"https:\/\/api.w.org\/{rel}","templated":true}]}}