{"id":8114,"date":"2020-12-08T15:01:41","date_gmt":"2020-12-08T14:01:41","guid":{"rendered":"http:\/\/onlinelotto365.net\/?page_id=8114"},"modified":"2021-01-07T08:32:17","modified_gmt":"2021-01-07T07:32:17","slug":"saturday-lotto-australia","status":"publish","type":"page","link":"https:\/\/onlinelotto365.com\/pl\/numery-wygranych\/saturday-lotto-australia\/","title":{"rendered":"Sprawd\u017a zwyci\u0119skie numery i kwoty dla Saturday Lotto Australia"},"content":{"rendered":"<p><a href=\"http:\/\/onlinelotto365.com\/pl\">Na naszej stronie internetowej dost\u0119pnych jest wiele r\u00f3\u017cnych mi\u0119dzynarodowych gier<\/a> i wiemy, \u017ce chcesz mie\u0107 mo\u017cliwo\u015b\u0107 jak najszybszego <strong>uzyskania zwyci\u0119skich numer\u00f3w<\/strong>. Gazeta nie jest na og\u00f3\u0142 <strong>dobrym miejscem na znalezienie zwyci\u0119skich numer\u00f3w dla Saturday Lotto Australia<\/strong>. Nie jest r\u00f3wnie\u017c zbyt dobrym miejscem do ogl\u0105dania kana\u0142\u00f3w telewizyjnych i nadziei na znalezienie odpowiedniego dla tej gry. Wi\u0119c gdzie si\u0119 wybierasz, aby uzyska\u0107 swoje wyniki?<\/p>\n<p>Loteryjna strona internetowa to jedno miejsce do szukania. Niekt\u00f3re gry loteryjne oferuj\u0105 transmisje na \u017cywo z ich rysunk\u00f3w, ale sobotnie Lotto Australia mo\u017ce nie by\u0107 jednym z nich. Musisz sprawdzi\u0107 na stronie internetowej, aby upewni\u0107 si\u0119, a nast\u0119pnie trzeba upewni\u0107 si\u0119, \u017ce ogl\u0105dasz we w\u0142a\u015bciwym czasie, je\u015bli nie oferuj\u0105 one rysunek na \u017cywo.<br \/>\nWreszcie, je\u015bli rysunek zosta\u0142 ju\u017c uko\u0144czony, mo\u017cesz by\u0107 w stanie <strong>zrobi\u0107 wyszukiwanie na YouTube<\/strong>, aby znale\u017a\u0107 wyniki, kt\u00f3re kto\u015b ju\u017c wys\u0142a\u0142. Mog\u0105 mie\u0107 wideo z rysunku na \u017cywo, aby umie\u015bci\u0107 przez.<br \/>\n<a href=\"https:\/\/redfoxlotto.com\/pl\/saturday-lotto-au\/?ref=a8564250a2&amp;medium=ol365\" target=\"_blank\" rel=\"noopener noreferrer\"><img decoding=\"async\" class=\"aligncenter\" src=\"https:\/\/redfoxlotto.com\/image?size=8&amp;lottery=saturday-lotto-au\" alt=\"Saturday Lotto Australia\" \/><\/a><\/p>\n<p>Najprostszym sposobem na uzyskanie oczekiwanych rezultat\u00f3w jest jednak powr\u00f3t do naszej strony internetowej. To tam znajdziesz wszystkie numery do Saturday Lotto Australia, jak r\u00f3wnie\u017c inne gry, w kt\u00f3re chcesz gra\u0107. <a href=\"https:\/\/onlinelotto365.com\/pl\/numery-wygranych\/mega-millions\">Numery te s\u0105 dost\u0119pne na naszej stronie z wynikami loterii<\/a> i \u0142atwe do znalezienia.<\/p>\n<h2>Jak dowiedzie\u0107 si\u0119, czy Tw\u00f3j los online wygra\u0142<\/h2>\n<p><img loading=\"lazy\" decoding=\"async\" class=\"alignright wp-image-3649\" src=\"https:\/\/onlinelotto365.com\/wp-content\/uploads\/2020\/11\/online_lottery-90-300x225.jpg\" alt=\"Sobotnie zwyci\u0119skie numery lotto\" width=\"207\" height=\"155\" srcset=\"https:\/\/onlinelotto365.com\/wp-content\/uploads\/2020\/11\/online_lottery-90-300x225.jpg 300w, https:\/\/onlinelotto365.com\/wp-content\/uploads\/2020\/11\/online_lottery-90.jpg 320w\" sizes=\"auto, (max-width: 207px) 100vw, 207px\" \/> Ka\u017cdy, kto ju\u017c <a href=\"https:\/\/onlinelotto365.com\/pl\/kup-bilety\">kupi\u0142 bilety<\/a> na Saturday Lotto Australia na naszej stronie internetowej b\u0119dzie mia\u0142 jeszcze \u0142atwiejszy czas, poniewa\u017c mo\u017cna po prostu wej\u015b\u0107 na swoje konto. Zaloguj si\u0119 i sprawd\u017a stron\u0119, na kt\u00f3rej przechowywane s\u0105 Twoje bilety. Znajdziesz tam nie tylko swoje numery bilet\u00f3w, ale r\u00f3wnie\u017c zwyci\u0119skie numery do ka\u017cdej gry, w kt\u00f3r\u0105 gra\u0142e\u015b.<\/p>\n<p>Stamt\u0105d mo\u017cesz szuka\u0107 zapa\u0142ek, kt\u00f3re oznaczymy dla Ciebie w r\u00f3\u017cnych kolorach. W ten spos\u00f3b zobaczysz, ile wygra\u0142e\u015b i zobaczysz, gdzie znajduj\u0105 si\u0119 pieni\u0105dze na Twoim koncie. Je\u015bli jest to mniej ni\u017c \u20ac2500, to ju\u017c teraz umieszczamy je na koncie dla Ciebie, wi\u0119c nie musisz nic robi\u0107.<\/p>\n<h2>Archiwum wynik\u00f3w Lotto Australia Saturday<\/h2>\n<p>Dla tych, kt\u00f3rzy chc\u0105 sprawdzi\u0107 starsze numery dla Saturday Lotto Australia, nie musisz si\u0119 o nic martwi\u0107. Dbamy o to, aby archiwa by\u0142y \u0142atwe do znalezienia, do\u0142\u0105czaj\u0105c je do ka\u017cdej strony, na kt\u00f3rej pokazujemy aktualne wyniki lotto. W ten spos\u00f3b mo\u017cesz sprawdzi\u0107 dowolne liczby, kt\u00f3re chcesz, nawet z dawnych czas\u00f3w.<\/p>\n<h2>M\u00f3j bilet wygra\u0142, co dalej?<\/h2>\n<p>Rozmawiali\u015bmy ju\u017c o wygranych, kt\u00f3re mo\u017cesz uzyska\u0107 z los\u00f3w loteryjnych. Je\u015bli te wygrane wynosz\u0105 mniej ni\u017c 2500 euro, nie musisz nic robi\u0107, aby je odebra\u0107. Pieni\u0105dze od razu wp\u0142acimy na Twoje konto gracza. Je\u015bli wygrana jest wy\u017csza ni\u017c \u20ac2500, pomo\u017cemy Ci w procesie odzyskiwania pieni\u0119dzy.<\/p>\n<p>Pami\u0119taj r\u00f3wnie\u017c, \u017ce mo\u017cesz wyp\u0142aci\u0107 wszystkie pieni\u0105dze na swoim koncie, o ile na Twoim koncie znajduje si\u0119 co najmniej 10 euro. Wszystko co musisz zrobi\u0107, to wybra\u0107 metod\u0119 p\u0142atno\u015bci, kt\u00f3rej u\u017cy\u0142e\u015b wcze\u015bniej na koncie i wype\u0142ni\u0107 kilka formularzy weryfikacyjnych dla naszego procesora p\u0142atno\u015bci.<\/p>\n","protected":false},"excerpt":{"rendered":"<p>Na naszej stronie internetowej dost\u0119pnych jest wiele r\u00f3\u017cnych mi\u0119dzynarodowych gier i wiemy, \u017ce chcesz mie\u0107 mo\u017cliwo\u015b\u0107 jak najszybszego uzyskania zwyci\u0119skich numer\u00f3w. Gazeta nie jest na og\u00f3\u0142 dobrym miejscem na znalezienie zwyci\u0119skich numer\u00f3w dla Saturday Lotto Australia. Nie jest r\u00f3wnie\u017c zbyt dobrym miejscem do ogl\u0105dania kana\u0142\u00f3w telewizyjnych i nadziei na znalezienie odpowiedniego dla tej gry. Wi\u0119c [&hellip;]<\/p>\n","protected":false},"author":1,"featured_media":0,"parent":3798,"menu_order":15,"comment_status":"closed","ping_status":"closed","template":"saturday-lotto-results.php","meta":{"_et_pb_use_builder":"","_et_pb_old_content":"","_et_gb_content_width":"","exclude_from_search":false,"footnotes":""},"class_list":["post-8114","page","type-page","status-publish","hentry"],"yoast_head":"<!-- This site is optimized with the Yoast SEO plugin v23.4 - https:\/\/yoast.com\/wordpress\/plugins\/seo\/ -->\n<title>Sprawd\u017a zwyci\u0119skie numery i kwoty dla Sobota Lotto Australia<\/title>\n<meta name=\"description\" content=\"Wyniki losowania, zwyci\u0119skie numery sobotniego lotto Australia, plus archiwum wynik\u00f3w\" \/>\n<meta name=\"robots\" content=\"index, follow, max-snippet:-1, max-image-preview:large, max-video-preview:-1\" \/>\n<link rel=\"canonical\" href=\"https:\/\/onlinelotto365.com\/pl\/numery-wygranych\/saturday-lotto-australia\/\" \/>\n<meta property=\"og:locale\" content=\"pl_PL\" \/>\n<meta property=\"og:type\" content=\"article\" \/>\n<meta property=\"og:title\" content=\"Sprawd\u017a zwyci\u0119skie numery i kwoty dla Sobota Lotto Australia\" \/>\n<meta property=\"og:description\" content=\"Wyniki losowania, zwyci\u0119skie numery sobotniego lotto Australia, plus archiwum wynik\u00f3w\" \/>\n<meta property=\"og:url\" content=\"https:\/\/onlinelotto365.com\/pl\/numery-wygranych\/saturday-lotto-australia\/\" \/>\n<meta property=\"og:site_name\" content=\"OnlineLotto365\" \/>\n<meta property=\"article:modified_time\" content=\"2021-01-07T07:32:17+00:00\" \/>\n<meta property=\"og:image\" content=\"https:\/\/redfoxlotto.com\/image?size=8&amp;lottery=saturday-lotto-au\" \/>\n<meta name=\"twitter:card\" content=\"summary_large_image\" \/>\n<meta name=\"twitter:label1\" content=\"Szacowany czas czytania\" \/>\n\t<meta name=\"twitter:data1\" content=\"3 minuty\" \/>\n<script type=\"application\/ld+json\" class=\"yoast-schema-graph\">{\"@context\":\"https:\/\/schema.org\",\"@graph\":[{\"@type\":\"WebPage\",\"@id\":\"https:\/\/onlinelotto365.com\/pl\/numery-wygranych\/saturday-lotto-australia\/\",\"url\":\"https:\/\/onlinelotto365.com\/pl\/numery-wygranych\/saturday-lotto-australia\/\",\"name\":\"Sprawd\u017a zwyci\u0119skie numery i kwoty dla Sobota Lotto Australia\",\"isPartOf\":{\"@id\":\"https:\/\/onlinelotto365.com\/pl\/#website\"},\"primaryImageOfPage\":{\"@id\":\"https:\/\/onlinelotto365.com\/pl\/numery-wygranych\/saturday-lotto-australia\/#primaryimage\"},\"image\":{\"@id\":\"https:\/\/onlinelotto365.com\/pl\/numery-wygranych\/saturday-lotto-australia\/#primaryimage\"},\"thumbnailUrl\":\"https:\/\/redfoxlotto.com\/image?size=8&amp;lottery=saturday-lotto-au\",\"datePublished\":\"2020-12-08T14:01:41+00:00\",\"dateModified\":\"2021-01-07T07:32:17+00:00\",\"description\":\"Wyniki losowania, zwyci\u0119skie numery sobotniego lotto Australia, plus archiwum wynik\u00f3w\",\"breadcrumb\":{\"@id\":\"https:\/\/onlinelotto365.com\/pl\/numery-wygranych\/saturday-lotto-australia\/#breadcrumb\"},\"inLanguage\":\"pl-PL\",\"potentialAction\":[{\"@type\":\"ReadAction\",\"target\":[\"https:\/\/onlinelotto365.com\/pl\/numery-wygranych\/saturday-lotto-australia\/\"]}]},{\"@type\":\"ImageObject\",\"inLanguage\":\"pl-PL\",\"@id\":\"https:\/\/onlinelotto365.com\/pl\/numery-wygranych\/saturday-lotto-australia\/#primaryimage\",\"url\":\"https:\/\/redfoxlotto.com\/image?size=8&amp;lottery=saturday-lotto-au\",\"contentUrl\":\"https:\/\/redfoxlotto.com\/image?size=8&amp;lottery=saturday-lotto-au\"},{\"@type\":\"BreadcrumbList\",\"@id\":\"https:\/\/onlinelotto365.com\/pl\/numery-wygranych\/saturday-lotto-australia\/#breadcrumb\",\"itemListElement\":[{\"@type\":\"ListItem\",\"position\":1,\"name\":\"Home\",\"item\":\"https:\/\/onlinelotto365.com\/pl\/\"},{\"@type\":\"ListItem\",\"position\":2,\"name\":\"Znajd\u017a zwyci\u0119skie liczby i wyniki najnowszych losowa\u0144 lotto\",\"item\":\"https:\/\/onlinelotto365.com\/pl\/numery-wygranych\/\"},{\"@type\":\"ListItem\",\"position\":3,\"name\":\"Sprawd\u017a zwyci\u0119skie numery i kwoty dla Saturday Lotto Australia\"}]},{\"@type\":\"WebSite\",\"@id\":\"https:\/\/onlinelotto365.com\/pl\/#website\",\"url\":\"https:\/\/onlinelotto365.com\/pl\/\",\"name\":\"OnlineLotto365\",\"description\":\"\",\"potentialAction\":[{\"@type\":\"SearchAction\",\"target\":{\"@type\":\"EntryPoint\",\"urlTemplate\":\"https:\/\/onlinelotto365.com\/pl\/?s={search_term_string}\"},\"query-input\":{\"@type\":\"PropertyValueSpecification\",\"valueRequired\":true,\"valueName\":\"search_term_string\"}}],\"inLanguage\":\"pl-PL\"}]}<\/script>\n<!-- \/ Yoast SEO plugin. -->","yoast_head_json":{"title":"Sprawd\u017a zwyci\u0119skie numery i kwoty dla Sobota Lotto Australia","description":"Wyniki losowania, zwyci\u0119skie numery sobotniego lotto Australia, plus archiwum wynik\u00f3w","robots":{"index":"index","follow":"follow","max-snippet":"max-snippet:-1","max-image-preview":"max-image-preview:large","max-video-preview":"max-video-preview:-1"},"canonical":"https:\/\/onlinelotto365.com\/pl\/numery-wygranych\/saturday-lotto-australia\/","og_locale":"pl_PL","og_type":"article","og_title":"Sprawd\u017a zwyci\u0119skie numery i kwoty dla Sobota Lotto Australia","og_description":"Wyniki losowania, zwyci\u0119skie numery sobotniego lotto Australia, plus archiwum wynik\u00f3w","og_url":"https:\/\/onlinelotto365.com\/pl\/numery-wygranych\/saturday-lotto-australia\/","og_site_name":"OnlineLotto365","article_modified_time":"2021-01-07T07:32:17+00:00","og_image":[{"url":"https:\/\/redfoxlotto.com\/image?size=8&amp;lottery=saturday-lotto-au"}],"twitter_card":"summary_large_image","twitter_misc":{"Szacowany czas czytania":"3 minuty"},"schema":{"@context":"https:\/\/schema.org","@graph":[{"@type":"WebPage","@id":"https:\/\/onlinelotto365.com\/pl\/numery-wygranych\/saturday-lotto-australia\/","url":"https:\/\/onlinelotto365.com\/pl\/numery-wygranych\/saturday-lotto-australia\/","name":"Sprawd\u017a zwyci\u0119skie numery i kwoty dla Sobota Lotto Australia","isPartOf":{"@id":"https:\/\/onlinelotto365.com\/pl\/#website"},"primaryImageOfPage":{"@id":"https:\/\/onlinelotto365.com\/pl\/numery-wygranych\/saturday-lotto-australia\/#primaryimage"},"image":{"@id":"https:\/\/onlinelotto365.com\/pl\/numery-wygranych\/saturday-lotto-australia\/#primaryimage"},"thumbnailUrl":"https:\/\/redfoxlotto.com\/image?size=8&amp;lottery=saturday-lotto-au","datePublished":"2020-12-08T14:01:41+00:00","dateModified":"2021-01-07T07:32:17+00:00","description":"Wyniki losowania, zwyci\u0119skie numery sobotniego lotto Australia, plus archiwum wynik\u00f3w","breadcrumb":{"@id":"https:\/\/onlinelotto365.com\/pl\/numery-wygranych\/saturday-lotto-australia\/#breadcrumb"},"inLanguage":"pl-PL","potentialAction":[{"@type":"ReadAction","target":["https:\/\/onlinelotto365.com\/pl\/numery-wygranych\/saturday-lotto-australia\/"]}]},{"@type":"ImageObject","inLanguage":"pl-PL","@id":"https:\/\/onlinelotto365.com\/pl\/numery-wygranych\/saturday-lotto-australia\/#primaryimage","url":"https:\/\/redfoxlotto.com\/image?size=8&amp;lottery=saturday-lotto-au","contentUrl":"https:\/\/redfoxlotto.com\/image?size=8&amp;lottery=saturday-lotto-au"},{"@type":"BreadcrumbList","@id":"https:\/\/onlinelotto365.com\/pl\/numery-wygranych\/saturday-lotto-australia\/#breadcrumb","itemListElement":[{"@type":"ListItem","position":1,"name":"Home","item":"https:\/\/onlinelotto365.com\/pl\/"},{"@type":"ListItem","position":2,"name":"Znajd\u017a zwyci\u0119skie liczby i wyniki najnowszych losowa\u0144 lotto","item":"https:\/\/onlinelotto365.com\/pl\/numery-wygranych\/"},{"@type":"ListItem","position":3,"name":"Sprawd\u017a zwyci\u0119skie numery i kwoty dla Saturday Lotto Australia"}]},{"@type":"WebSite","@id":"https:\/\/onlinelotto365.com\/pl\/#website","url":"https:\/\/onlinelotto365.com\/pl\/","name":"OnlineLotto365","description":"","potentialAction":[{"@type":"SearchAction","target":{"@type":"EntryPoint","urlTemplate":"https:\/\/onlinelotto365.com\/pl\/?s={search_term_string}"},"query-input":{"@type":"PropertyValueSpecification","valueRequired":true,"valueName":"search_term_string"}}],"inLanguage":"pl-PL"}]}},"_links":{"self":[{"href":"https:\/\/onlinelotto365.com\/pl\/wp-json\/wp\/v2\/pages\/8114","targetHints":{"allow":["GET"]}}],"collection":[{"href":"https:\/\/onlinelotto365.com\/pl\/wp-json\/wp\/v2\/pages"}],"about":[{"href":"https:\/\/onlinelotto365.com\/pl\/wp-json\/wp\/v2\/types\/page"}],"author":[{"embeddable":true,"href":"https:\/\/onlinelotto365.com\/pl\/wp-json\/wp\/v2\/users\/1"}],"replies":[{"embeddable":true,"href":"https:\/\/onlinelotto365.com\/pl\/wp-json\/wp\/v2\/comments?post=8114"}],"version-history":[{"count":0,"href":"https:\/\/onlinelotto365.com\/pl\/wp-json\/wp\/v2\/pages\/8114\/revisions"}],"up":[{"embeddable":true,"href":"https:\/\/onlinelotto365.com\/pl\/wp-json\/wp\/v2\/pages\/3798"}],"wp:attachment":[{"href":"https:\/\/onlinelotto365.com\/pl\/wp-json\/wp\/v2\/media?parent=8114"}],"curies":[{"name":"wp","href":"https:\/\/api.w.org\/{rel}","templated":true}]}}