{"id":8140,"date":"2020-12-08T15:04:37","date_gmt":"2020-12-08T14:04:37","guid":{"rendered":"http:\/\/onlinelotto365.net\/?page_id=8140"},"modified":"2021-01-07T08:32:24","modified_gmt":"2021-01-07T07:32:24","slug":"mon-wed-lotto","status":"publish","type":"page","link":"https:\/\/onlinelotto365.com\/pl\/numery-wygranych\/mon-wed-lotto\/","title":{"rendered":"Wszystkie wyniki Mon &amp; Wed Lotto Australia"},"content":{"rendered":"<p>Istnieje wiele r\u00f3\u017cnych mi\u0119dzynarodowych gier, w kt\u00f3re mo\u017cna gra\u0107 na loterii. I chcesz by\u0107 w stanie uzyska\u0107 dla nich wyniki tak szybko, jak to mo\u017cliwe. Jednym ze sposob\u00f3w, aby to zrobi\u0107, jest szukanie gazety, kt\u00f3ra oferuje <strong>Mon &amp; Wed Lotto Australia zwyci\u0119skie numery.<\/strong> Ale te mog\u0105 by\u0107 trudne do znalezienia. Inn\u0105 opcj\u0105 jest telewizja, ale te kana\u0142y r\u00f3wnie\u017c mog\u0105 by\u0107 trudne do znalezienia. Wi\u0119c co z tym, je\u015bli nie chcesz robi\u0107 du\u017co bada\u0144?<\/p>\n<p>Sprawd\u017a na stronie Mon &amp; Wed Lotto Australia, aby zobaczy\u0107, czy oferuj\u0105 rysunki na \u017cywo. Rysunki na \u017cywo dla ka\u017cdej gry mog\u0105 by\u0107 \u015bwietn\u0105 zabaw\u0105, poniewa\u017c daj\u0105 Ci mn\u00f3stwo natychmiastowych emocji podczas ogl\u0105dania. Ale nie ka\u017cda gra oferuje tego typu rysunki. Musia\u0142by\u015b si\u0119 upewni\u0107, \u017ce Mon &amp; Wed Lotto jest jednym z nich, kt\u00f3ry ma to dost\u0119pne.<\/p>\n<p>Nast\u0119pnie mo\u017cna wybra\u0107, aby sprawdzi\u0107 YouTube, aby sprawdzi\u0107, czy wyniki mo\u017cna tam znale\u017a\u0107. Mo\u017cesz by\u0107 zaskoczony tym, jak niekt\u00f3rzy publikuj\u0105 wyniki rysunk\u00f3w, a nawet film\u00f3w na \u017cywo z rysunkami dla niemal ka\u017cdej gry.<br \/>\n<a href=\"https:\/\/redfoxlotto.com\/pl\/monday-wednesday-lotto-au\/?ref=a8564250a2&amp;medium=ol365\" target=\"_blank\" rel=\"noopener noreferrer\"><img decoding=\"async\" class=\"aligncenter\" src=\"https:\/\/redfoxlotto.com\/image?size=8&amp;lottery=monday-wednesday-lotto-au\" alt=\"Mon &amp; Wed Lotto Australia\" \/><\/a><\/p>\n<p>Zdecydowanie najprostsz\u0105 opcj\u0105 dla Ciebie b\u0119dzie jednak obejrzenie naszej strony internetowej. Oferujemy wszystkie zwyci\u0119skie liczby i kwoty nagr\u00f3d dla ka\u017cdej gry, kt\u00f3re mo\u017cna kupi\u0107 na naszej stronie internetowej. Dzi\u0119ki temu o wiele \u0142atwiej jest Ci uzyska\u0107 wyniki w jednym miejscu i tak szybko, jak tylko chcesz.<\/p>\n<h2>Jak dowiedzie\u0107 si\u0119, czy Tw\u00f3j bilet online wygra\u0142<\/h2>\n<p><img loading=\"lazy\" decoding=\"async\" class=\"alignright wp-image-3542\" src=\"https:\/\/onlinelotto365.com\/wp-content\/uploads\/2020\/11\/online_lottery-154-300x200.jpg\" alt=\"zwyci\u0119skie numery lotto mon wed\" width=\"197\" height=\"131\" srcset=\"https:\/\/onlinelotto365.com\/wp-content\/uploads\/2020\/11\/online_lottery-154-300x200.jpg 300w, https:\/\/onlinelotto365.com\/wp-content\/uploads\/2020\/11\/online_lottery-154.jpg 320w\" sizes=\"auto, (max-width: 197px) 100vw, 197px\" \/> Jeszcze lepsz\u0105 wiadomo\u015bci\u0105 jest to, \u017ce je\u015bli kupi\u0142e\u015b u nas bilet na Mon &amp; Wed Lotto Australia, mo\u017cesz przej\u015b\u0107 <strong>bezpo\u015brednio na swoje konto gracza, aby uzyska\u0107 wyniki.<\/strong> Znajdziesz tam bilety, kt\u00f3re kupi\u0142e\u015b, jak r\u00f3wnie\u017c zwyci\u0119skie numery do dowolnych gier, w kt\u00f3re wybra\u0142e\u015b.<\/p>\n<p>B\u0119dziesz m\u00f3g\u0142 zobaczy\u0107 numery, kt\u00f3re wybra\u0142e\u015b i kt\u00f3re odpowiadaj\u0105 liczbom, kt\u00f3re zosta\u0142y wylosowane, a wszystkie pieni\u0105dze, kt\u00f3re wygra\u0142e\u015b, czyli mniej ni\u017c 2500 euro, zostan\u0105 automatycznie dodane do Twojego konta. Co mo\u017ce by\u0107 \u0142atwiejsze?<\/p>\n<h2>Archiwum wynik\u00f3w Mon &amp; Wed Lotto Australia<\/h2>\n<p>Ka\u017cda strona na naszej stronie internetowej, kt\u00f3ra pokazuje najnowsze wyniki Mon &amp; Wed Lotto Australia, poka\u017ce Ci r\u00f3wnie\u017c starsze liczby, kt\u00f3re mo\u017cesz chcie\u0107 sprawdzi\u0107. Mog\u0105 one pom\u00f3c Ci w wyborze numer\u00f3w, kt\u00f3re chcesz zagra\u0107 przy nast\u0119pnym zakupie biletu.<\/p>\n<h2>M\u00f3j bilet wygra\u0142, co si\u0119 dzieje dalej?<\/h2>\n<p>Je\u015bli wygra\u0142e\u015b na swoim bilecie, musisz tylko sprawdzi\u0107, ile Ci si\u0119 nale\u017cy. Je\u015bli jest to mniej ni\u017c \u20ac2500, zajmiemy si\u0119 jak najszybciej potwierdzeniem tego faktu i umieszczeniem go na Twoim koncie. Nast\u0119pnie, je\u015bli masz na koncie co najmniej 10 \u20ac, mo\u017cesz je wyp\u0142aci\u0107 na dowoln\u0105 metod\u0119 p\u0142atno\u015bci, kt\u00f3r\u0105 wcze\u015bniej u\u017cy\u0142e\u015b na swoim koncie. Wystarczy, \u017ce zajmiesz si\u0119 kilkoma dokumentami, kt\u00f3re poinformuj\u0105 naszego procesora p\u0142atno\u015bci o tym, kim jeste\u015b i \u017ce masz prawo do otrzymania pieni\u0119dzy. Je\u015bli masz mniej ni\u017c 10 euro lub zdecydujesz si\u0119 pozostawi\u0107 pieni\u0105dze na swoim koncie, mo\u017cesz je <a href=\"https:\/\/onlinelotto365.com\/pl\/kup-bilety\">wykorzysta\u0107 do zakupu wi\u0119kszej ilo\u015bci bilet\u00f3w <\/a><\/p>\n","protected":false},"excerpt":{"rendered":"<p>Istnieje wiele r\u00f3\u017cnych mi\u0119dzynarodowych gier, w kt\u00f3re mo\u017cna gra\u0107 na loterii. I chcesz by\u0107 w stanie uzyska\u0107 dla nich wyniki tak szybko, jak to mo\u017cliwe. Jednym ze sposob\u00f3w, aby to zrobi\u0107, jest szukanie gazety, kt\u00f3ra oferuje Mon &amp; Wed Lotto Australia zwyci\u0119skie numery. Ale te mog\u0105 by\u0107 trudne do znalezienia. Inn\u0105 opcj\u0105 jest telewizja, ale [&hellip;]<\/p>\n","protected":false},"author":1,"featured_media":0,"parent":3798,"menu_order":16,"comment_status":"closed","ping_status":"closed","template":"template-rightsidebar.php","meta":{"_et_pb_use_builder":"","_et_pb_old_content":"","_et_gb_content_width":"","exclude_from_search":false,"footnotes":""},"class_list":["post-8140","page","type-page","status-publish","hentry"],"yoast_head":"<!-- This site is optimized with the Yoast SEO plugin v23.4 - https:\/\/yoast.com\/wordpress\/plugins\/seo\/ -->\n<title>Mon &amp; Wed Lotto Australia zwyci\u0119skie numery<\/title>\n<meta name=\"description\" content=\"Nasza strona przynosi najnowsze zwyci\u0119skie liczby i wygrane kwoty w lotto Mon &amp; Wed.\" \/>\n<meta name=\"robots\" content=\"index, follow, max-snippet:-1, max-image-preview:large, max-video-preview:-1\" \/>\n<link rel=\"canonical\" href=\"https:\/\/onlinelotto365.com\/pl\/numery-wygranych\/mon-wed-lotto\/\" \/>\n<meta property=\"og:locale\" content=\"pl_PL\" \/>\n<meta property=\"og:type\" content=\"article\" \/>\n<meta property=\"og:title\" content=\"Mon &amp; Wed Lotto Australia zwyci\u0119skie numery\" \/>\n<meta property=\"og:description\" content=\"Nasza strona przynosi najnowsze zwyci\u0119skie liczby i wygrane kwoty w lotto Mon &amp; Wed.\" \/>\n<meta property=\"og:url\" content=\"https:\/\/onlinelotto365.com\/pl\/numery-wygranych\/mon-wed-lotto\/\" \/>\n<meta property=\"og:site_name\" content=\"OnlineLotto365\" \/>\n<meta property=\"article:modified_time\" content=\"2021-01-07T07:32:24+00:00\" \/>\n<meta property=\"og:image\" content=\"https:\/\/redfoxlotto.com\/image?size=8&amp;lottery=monday-wednesday-lotto-au\" \/>\n<meta name=\"twitter:card\" content=\"summary_large_image\" \/>\n<meta name=\"twitter:label1\" content=\"Szacowany czas czytania\" \/>\n\t<meta name=\"twitter:data1\" content=\"3 minuty\" \/>\n<script type=\"application\/ld+json\" class=\"yoast-schema-graph\">{\"@context\":\"https:\/\/schema.org\",\"@graph\":[{\"@type\":\"WebPage\",\"@id\":\"https:\/\/onlinelotto365.com\/pl\/numery-wygranych\/mon-wed-lotto\/\",\"url\":\"https:\/\/onlinelotto365.com\/pl\/numery-wygranych\/mon-wed-lotto\/\",\"name\":\"Mon & Wed Lotto Australia zwyci\u0119skie numery\",\"isPartOf\":{\"@id\":\"https:\/\/onlinelotto365.com\/pl\/#website\"},\"primaryImageOfPage\":{\"@id\":\"https:\/\/onlinelotto365.com\/pl\/numery-wygranych\/mon-wed-lotto\/#primaryimage\"},\"image\":{\"@id\":\"https:\/\/onlinelotto365.com\/pl\/numery-wygranych\/mon-wed-lotto\/#primaryimage\"},\"thumbnailUrl\":\"https:\/\/redfoxlotto.com\/image?size=8&amp;lottery=monday-wednesday-lotto-au\",\"datePublished\":\"2020-12-08T14:04:37+00:00\",\"dateModified\":\"2021-01-07T07:32:24+00:00\",\"description\":\"Nasza strona przynosi najnowsze zwyci\u0119skie liczby i wygrane kwoty w lotto Mon & Wed.\",\"breadcrumb\":{\"@id\":\"https:\/\/onlinelotto365.com\/pl\/numery-wygranych\/mon-wed-lotto\/#breadcrumb\"},\"inLanguage\":\"pl-PL\",\"potentialAction\":[{\"@type\":\"ReadAction\",\"target\":[\"https:\/\/onlinelotto365.com\/pl\/numery-wygranych\/mon-wed-lotto\/\"]}]},{\"@type\":\"ImageObject\",\"inLanguage\":\"pl-PL\",\"@id\":\"https:\/\/onlinelotto365.com\/pl\/numery-wygranych\/mon-wed-lotto\/#primaryimage\",\"url\":\"https:\/\/redfoxlotto.com\/image?size=8&amp;lottery=monday-wednesday-lotto-au\",\"contentUrl\":\"https:\/\/redfoxlotto.com\/image?size=8&amp;lottery=monday-wednesday-lotto-au\"},{\"@type\":\"BreadcrumbList\",\"@id\":\"https:\/\/onlinelotto365.com\/pl\/numery-wygranych\/mon-wed-lotto\/#breadcrumb\",\"itemListElement\":[{\"@type\":\"ListItem\",\"position\":1,\"name\":\"Home\",\"item\":\"https:\/\/onlinelotto365.com\/pl\/\"},{\"@type\":\"ListItem\",\"position\":2,\"name\":\"Znajd\u017a zwyci\u0119skie liczby i wyniki najnowszych losowa\u0144 lotto\",\"item\":\"https:\/\/onlinelotto365.com\/pl\/numery-wygranych\/\"},{\"@type\":\"ListItem\",\"position\":3,\"name\":\"Wszystkie wyniki Mon &amp; Wed Lotto Australia\"}]},{\"@type\":\"WebSite\",\"@id\":\"https:\/\/onlinelotto365.com\/pl\/#website\",\"url\":\"https:\/\/onlinelotto365.com\/pl\/\",\"name\":\"OnlineLotto365\",\"description\":\"\",\"potentialAction\":[{\"@type\":\"SearchAction\",\"target\":{\"@type\":\"EntryPoint\",\"urlTemplate\":\"https:\/\/onlinelotto365.com\/pl\/?s={search_term_string}\"},\"query-input\":{\"@type\":\"PropertyValueSpecification\",\"valueRequired\":true,\"valueName\":\"search_term_string\"}}],\"inLanguage\":\"pl-PL\"}]}<\/script>\n<!-- \/ Yoast SEO plugin. -->","yoast_head_json":{"title":"Mon & Wed Lotto Australia zwyci\u0119skie numery","description":"Nasza strona przynosi najnowsze zwyci\u0119skie liczby i wygrane kwoty w lotto Mon & Wed.","robots":{"index":"index","follow":"follow","max-snippet":"max-snippet:-1","max-image-preview":"max-image-preview:large","max-video-preview":"max-video-preview:-1"},"canonical":"https:\/\/onlinelotto365.com\/pl\/numery-wygranych\/mon-wed-lotto\/","og_locale":"pl_PL","og_type":"article","og_title":"Mon & Wed Lotto Australia zwyci\u0119skie numery","og_description":"Nasza strona przynosi najnowsze zwyci\u0119skie liczby i wygrane kwoty w lotto Mon & Wed.","og_url":"https:\/\/onlinelotto365.com\/pl\/numery-wygranych\/mon-wed-lotto\/","og_site_name":"OnlineLotto365","article_modified_time":"2021-01-07T07:32:24+00:00","og_image":[{"url":"https:\/\/redfoxlotto.com\/image?size=8&amp;lottery=monday-wednesday-lotto-au"}],"twitter_card":"summary_large_image","twitter_misc":{"Szacowany czas czytania":"3 minuty"},"schema":{"@context":"https:\/\/schema.org","@graph":[{"@type":"WebPage","@id":"https:\/\/onlinelotto365.com\/pl\/numery-wygranych\/mon-wed-lotto\/","url":"https:\/\/onlinelotto365.com\/pl\/numery-wygranych\/mon-wed-lotto\/","name":"Mon & Wed Lotto Australia zwyci\u0119skie numery","isPartOf":{"@id":"https:\/\/onlinelotto365.com\/pl\/#website"},"primaryImageOfPage":{"@id":"https:\/\/onlinelotto365.com\/pl\/numery-wygranych\/mon-wed-lotto\/#primaryimage"},"image":{"@id":"https:\/\/onlinelotto365.com\/pl\/numery-wygranych\/mon-wed-lotto\/#primaryimage"},"thumbnailUrl":"https:\/\/redfoxlotto.com\/image?size=8&amp;lottery=monday-wednesday-lotto-au","datePublished":"2020-12-08T14:04:37+00:00","dateModified":"2021-01-07T07:32:24+00:00","description":"Nasza strona przynosi najnowsze zwyci\u0119skie liczby i wygrane kwoty w lotto Mon & Wed.","breadcrumb":{"@id":"https:\/\/onlinelotto365.com\/pl\/numery-wygranych\/mon-wed-lotto\/#breadcrumb"},"inLanguage":"pl-PL","potentialAction":[{"@type":"ReadAction","target":["https:\/\/onlinelotto365.com\/pl\/numery-wygranych\/mon-wed-lotto\/"]}]},{"@type":"ImageObject","inLanguage":"pl-PL","@id":"https:\/\/onlinelotto365.com\/pl\/numery-wygranych\/mon-wed-lotto\/#primaryimage","url":"https:\/\/redfoxlotto.com\/image?size=8&amp;lottery=monday-wednesday-lotto-au","contentUrl":"https:\/\/redfoxlotto.com\/image?size=8&amp;lottery=monday-wednesday-lotto-au"},{"@type":"BreadcrumbList","@id":"https:\/\/onlinelotto365.com\/pl\/numery-wygranych\/mon-wed-lotto\/#breadcrumb","itemListElement":[{"@type":"ListItem","position":1,"name":"Home","item":"https:\/\/onlinelotto365.com\/pl\/"},{"@type":"ListItem","position":2,"name":"Znajd\u017a zwyci\u0119skie liczby i wyniki najnowszych losowa\u0144 lotto","item":"https:\/\/onlinelotto365.com\/pl\/numery-wygranych\/"},{"@type":"ListItem","position":3,"name":"Wszystkie wyniki Mon &amp; Wed Lotto Australia"}]},{"@type":"WebSite","@id":"https:\/\/onlinelotto365.com\/pl\/#website","url":"https:\/\/onlinelotto365.com\/pl\/","name":"OnlineLotto365","description":"","potentialAction":[{"@type":"SearchAction","target":{"@type":"EntryPoint","urlTemplate":"https:\/\/onlinelotto365.com\/pl\/?s={search_term_string}"},"query-input":{"@type":"PropertyValueSpecification","valueRequired":true,"valueName":"search_term_string"}}],"inLanguage":"pl-PL"}]}},"_links":{"self":[{"href":"https:\/\/onlinelotto365.com\/pl\/wp-json\/wp\/v2\/pages\/8140","targetHints":{"allow":["GET"]}}],"collection":[{"href":"https:\/\/onlinelotto365.com\/pl\/wp-json\/wp\/v2\/pages"}],"about":[{"href":"https:\/\/onlinelotto365.com\/pl\/wp-json\/wp\/v2\/types\/page"}],"author":[{"embeddable":true,"href":"https:\/\/onlinelotto365.com\/pl\/wp-json\/wp\/v2\/users\/1"}],"replies":[{"embeddable":true,"href":"https:\/\/onlinelotto365.com\/pl\/wp-json\/wp\/v2\/comments?post=8140"}],"version-history":[{"count":0,"href":"https:\/\/onlinelotto365.com\/pl\/wp-json\/wp\/v2\/pages\/8140\/revisions"}],"up":[{"embeddable":true,"href":"https:\/\/onlinelotto365.com\/pl\/wp-json\/wp\/v2\/pages\/3798"}],"wp:attachment":[{"href":"https:\/\/onlinelotto365.com\/pl\/wp-json\/wp\/v2\/media?parent=8140"}],"curies":[{"name":"wp","href":"https:\/\/api.w.org\/{rel}","templated":true}]}}