{"id":84225,"date":"2023-09-28T08:39:08","date_gmt":"2023-09-28T07:39:08","guid":{"rendered":"https:\/\/onlinelotto365.com\/numery-wygranych\/sprawdz-zwycieskie-numery-eurojackpot-tutaj"},"modified":"2023-09-28T08:39:08","modified_gmt":"2023-09-28T07:39:08","slug":"sprawdz-zwycieskie-numery-eurojackpot-tutaj","status":"publish","type":"page","link":"https:\/\/onlinelotto365.com\/pl\/numery-wygranych\/sprawdz-zwycieskie-numery-eurojackpot-tutaj\/","title":{"rendered":"Sprawd\u017a zwyci\u0119skie numery Eurojackpot tutaj"},"content":{"rendered":"<p>Na naszej stronie dost\u0119pnych jest wiele r\u00f3\u017cnych mi\u0119dzynarodowych loterii, co oznacza, \u017ce znalezienie liczb i wynik\u00f3w mo\u017ce by\u0107 dla niekt\u00f3rych trudne. A je\u015bli chodzi o znalezienie liczb w innych miejscach, mo\u017ce by\u0107 jeszcze gorzej. Prawdopodobnie nie znajdziesz wynik\u00f3w Eurojackpot w lokalnej gazecie i mog\u0105 by\u0107 one trudne do znalezienia w telewizji. Zw\u0142aszcza, \u017ce cz\u0119sto nie s\u0105 one transmitowane na \u017cywo.<\/p>\n<p>Mo\u017cesz r\u00f3wnie\u017c sprawdzi\u0107 stron\u0119 internetow\u0105 loterii Eurojackpot, kt\u00f3ra daje dost\u0119p do transmisji na \u017cywo wynik\u00f3w i losowania. Mo\u017ce to by\u0107 \u015bwietna zabawa i pozwala dowiedzie\u0107 si\u0119, czy wygra\u0142e\u015b znacznie szybciej. Ale nie zawsze jest to mo\u017cliwe i trzeba mie\u0107 odpowiednie wyczucie czasu.<\/p>\n<p>Je\u015bli szukasz liczb po losowaniu, zawsze mo\u017cesz sprawdzi\u0107 na YouTube, czy losowanie jest dost\u0119pne lub czy kto\u015b ma film ze zwyci\u0119skimi liczbami.<\/p>\n<p>Naj\u0142atwiejszym sposobem na znalezienie zwyci\u0119skich liczb, a nawet zobaczenie wszystkich nagr\u00f3d i wynik\u00f3w, jest odwiedzenie naszej strony internetowej na stronie wynik\u00f3w loterii. Znajdziesz tam wszystkie zwyci\u0119skie liczby z Eurojackpot i wszystkich innych gier, kt\u00f3re oferujemy.<\/p>\n<h2>Jak sprawdzi\u0107, czy wygra\u0142e\u015b<\/h2>\n<p><img decoding=\"async\" class=\"aligncenter\" src=\"https:\/\/redfoxlotto.com\/image?size=8&amp;lottery=eurojackpot\" alt=\"eurojackpot\" \/><br \/>\nCzy kupi\u0142e\u015b los na Eurojackpot? Je\u015bli tak, nie musisz nawet przechodzi\u0107 do strony wynik\u00f3w. Wystarczy wej\u015b\u0107 na swoje konto, a zwyci\u0119skie liczby pojawi\u0105 si\u0119 tu\u017c obok kuponu. B\u0119dziesz m\u00f3g\u0142 nawet zobaczy\u0107, kt\u00f3re liczby by\u0142y prawid\u0142owe, a kt\u00f3re nie, i zobaczy\u0107, ile wygra\u0142e\u015b w rezultacie. Je\u015bli wygra\u0142e\u015b mniej ni\u017c \u20ac2,500, pieni\u0105dze zostan\u0105 wp\u0142acone na Twoje konto natychmiast po potwierdzeniu numer\u00f3w loterii.<\/p>\n<p>Nasza strona internetowa poka\u017ce Ci wyniki najnowszego Eurojackpot, ale da Ci tak\u017ce wiele opcji sprawdzenia starszych losowa\u0144. Mo\u017cesz wi\u0119c sprawdzi\u0107 starsze kupony lub je\u015bli szukasz najlepszych liczb do wypr\u00f3bowania przy nast\u0119pnym zakupie kuponu. W rzeczywisto\u015bci jest to jedna z najpopularniejszych strategii loteryjnych, z kt\u00f3rych korzystaj\u0105 ludzie.<\/p>\n<h2>M\u00f3j kupon wygra\u0142, co dalej?<\/h2>\n<p><img loading=\"lazy\" decoding=\"async\" class=\"alignright wp-image-25127\" src=\"https:\/\/onlinelotto365.com\/wp-content\/uploads\/2021\/01\/lottery_balls1-300x160-1.jpg\" alt=\"Eurojackpot winning numbers\" width=\"265\" height=\"142\" \/><br \/>\nM\u00f3wili\u015bmy ju\u017c o nagrodach poni\u017cej 2500 euro. Nagrody te s\u0105 natychmiast wp\u0142acane na Twoje konto, a nast\u0119pnie mo\u017cesz kupi\u0107 wi\u0119cej los\u00f3w lub wyp\u0142aci\u0107 ca\u0142o\u015b\u0107 lub cz\u0119\u015b\u0107 pieni\u0119dzy. Wszystko, co musisz zrobi\u0107, to upewni\u0107 si\u0119, \u017ce masz co najmniej 10 euro na koncie, aby m\u00f3c je wyp\u0142aci\u0107 w wybrany przez siebie spos\u00f3b.<\/p>\n<p>Mo\u017cesz wyp\u0142aci\u0107 pieni\u0105dze na swoje konto bankowe lub kart\u0119 kredytow\u0105, a my u\u0142atwiamy Ci to zadanie. Chcemy, aby\u015b m\u00f3g\u0142 otrzyma\u0107 swoje pieni\u0105dze, ale musimy wykona\u0107 kilka krok\u00f3w, aby pieni\u0105dze znalaz\u0142y si\u0119 na Twoim koncie. W ko\u0144cu przelewy pieni\u0119\u017cne online podlegaj\u0105 \u015bcis\u0142ym regulacjom.<\/p>\n","protected":false},"excerpt":{"rendered":"<p>Na naszej stronie dost\u0119pnych jest wiele r\u00f3\u017cnych mi\u0119dzynarodowych loterii, co oznacza, \u017ce znalezienie liczb i wynik\u00f3w mo\u017ce by\u0107 dla niekt\u00f3rych trudne. A je\u015bli chodzi o znalezienie liczb w innych miejscach, mo\u017ce by\u0107 jeszcze gorzej. Prawdopodobnie nie znajdziesz wynik\u00f3w Eurojackpot w lokalnej gazecie i mog\u0105 by\u0107 one trudne do znalezienia w telewizji. Zw\u0142aszcza, \u017ce cz\u0119sto nie [&hellip;]<\/p>\n","protected":false},"author":1,"featured_media":0,"parent":3798,"menu_order":4,"comment_status":"closed","ping_status":"closed","template":"eurojackpot-results.php","meta":{"_et_pb_use_builder":"","_et_pb_old_content":"","_et_gb_content_width":"","exclude_from_search":false,"footnotes":""},"class_list":["post-84225","page","type-page","status-publish","hentry"],"yoast_head":"<!-- This site is optimized with the Yoast SEO plugin v23.4 - https:\/\/yoast.com\/wordpress\/plugins\/seo\/ -->\n<title>Zwyci\u0119skie liczby Eurojackpot | Sprawd\u017a wyniki losowania i wygrane w Eurojackpot tutaj<\/title>\n<meta name=\"description\" content=\"Publikujemy wyniki Eurojackpot i zwyci\u0119skie liczby, a tak\u017ce archiwum poprzednich losowa\u0144.\" \/>\n<meta name=\"robots\" content=\"index, follow, max-snippet:-1, max-image-preview:large, max-video-preview:-1\" \/>\n<link rel=\"canonical\" href=\"https:\/\/onlinelotto365.com\/pl\/numery-wygranych\/sprawdz-zwycieskie-numery-eurojackpot-tutaj\/\" \/>\n<meta property=\"og:locale\" content=\"pl_PL\" \/>\n<meta property=\"og:type\" content=\"article\" \/>\n<meta property=\"og:title\" content=\"Zwyci\u0119skie liczby Eurojackpot | Sprawd\u017a wyniki losowania i wygrane w Eurojackpot tutaj\" \/>\n<meta property=\"og:description\" content=\"Publikujemy wyniki Eurojackpot i zwyci\u0119skie liczby, a tak\u017ce archiwum poprzednich losowa\u0144.\" \/>\n<meta property=\"og:url\" content=\"https:\/\/onlinelotto365.com\/pl\/numery-wygranych\/sprawdz-zwycieskie-numery-eurojackpot-tutaj\/\" \/>\n<meta property=\"og:site_name\" content=\"OnlineLotto365\" \/>\n<meta property=\"og:image\" content=\"https:\/\/redfoxlotto.com\/image?size=8&amp;lottery=eurojackpot\" \/>\n<meta name=\"twitter:card\" content=\"summary_large_image\" \/>\n<meta name=\"twitter:label1\" content=\"Szacowany czas czytania\" \/>\n\t<meta name=\"twitter:data1\" content=\"2 minuty\" \/>\n<script type=\"application\/ld+json\" class=\"yoast-schema-graph\">{\"@context\":\"https:\/\/schema.org\",\"@graph\":[{\"@type\":\"WebPage\",\"@id\":\"https:\/\/onlinelotto365.com\/pl\/numery-wygranych\/sprawdz-zwycieskie-numery-eurojackpot-tutaj\/\",\"url\":\"https:\/\/onlinelotto365.com\/pl\/numery-wygranych\/sprawdz-zwycieskie-numery-eurojackpot-tutaj\/\",\"name\":\"Zwyci\u0119skie liczby Eurojackpot | Sprawd\u017a wyniki losowania i wygrane w Eurojackpot tutaj\",\"isPartOf\":{\"@id\":\"https:\/\/onlinelotto365.com\/pl\/#website\"},\"primaryImageOfPage\":{\"@id\":\"https:\/\/onlinelotto365.com\/pl\/numery-wygranych\/sprawdz-zwycieskie-numery-eurojackpot-tutaj\/#primaryimage\"},\"image\":{\"@id\":\"https:\/\/onlinelotto365.com\/pl\/numery-wygranych\/sprawdz-zwycieskie-numery-eurojackpot-tutaj\/#primaryimage\"},\"thumbnailUrl\":\"https:\/\/redfoxlotto.com\/image?size=8&amp;lottery=eurojackpot\",\"datePublished\":\"2023-09-28T07:39:08+00:00\",\"dateModified\":\"2023-09-28T07:39:08+00:00\",\"description\":\"Publikujemy wyniki Eurojackpot i zwyci\u0119skie liczby, a tak\u017ce archiwum poprzednich losowa\u0144.\",\"breadcrumb\":{\"@id\":\"https:\/\/onlinelotto365.com\/pl\/numery-wygranych\/sprawdz-zwycieskie-numery-eurojackpot-tutaj\/#breadcrumb\"},\"inLanguage\":\"pl-PL\",\"potentialAction\":[{\"@type\":\"ReadAction\",\"target\":[\"https:\/\/onlinelotto365.com\/pl\/numery-wygranych\/sprawdz-zwycieskie-numery-eurojackpot-tutaj\/\"]}]},{\"@type\":\"ImageObject\",\"inLanguage\":\"pl-PL\",\"@id\":\"https:\/\/onlinelotto365.com\/pl\/numery-wygranych\/sprawdz-zwycieskie-numery-eurojackpot-tutaj\/#primaryimage\",\"url\":\"https:\/\/redfoxlotto.com\/image?size=8&amp;lottery=eurojackpot\",\"contentUrl\":\"https:\/\/redfoxlotto.com\/image?size=8&amp;lottery=eurojackpot\"},{\"@type\":\"BreadcrumbList\",\"@id\":\"https:\/\/onlinelotto365.com\/pl\/numery-wygranych\/sprawdz-zwycieskie-numery-eurojackpot-tutaj\/#breadcrumb\",\"itemListElement\":[{\"@type\":\"ListItem\",\"position\":1,\"name\":\"Home\",\"item\":\"https:\/\/onlinelotto365.com\/pl\/\"},{\"@type\":\"ListItem\",\"position\":2,\"name\":\"Znajd\u017a zwyci\u0119skie liczby i wyniki najnowszych losowa\u0144 lotto\",\"item\":\"https:\/\/onlinelotto365.com\/pl\/numery-wygranych\/\"},{\"@type\":\"ListItem\",\"position\":3,\"name\":\"Sprawd\u017a zwyci\u0119skie numery Eurojackpot tutaj\"}]},{\"@type\":\"WebSite\",\"@id\":\"https:\/\/onlinelotto365.com\/pl\/#website\",\"url\":\"https:\/\/onlinelotto365.com\/pl\/\",\"name\":\"OnlineLotto365\",\"description\":\"\",\"potentialAction\":[{\"@type\":\"SearchAction\",\"target\":{\"@type\":\"EntryPoint\",\"urlTemplate\":\"https:\/\/onlinelotto365.com\/pl\/?s={search_term_string}\"},\"query-input\":{\"@type\":\"PropertyValueSpecification\",\"valueRequired\":true,\"valueName\":\"search_term_string\"}}],\"inLanguage\":\"pl-PL\"}]}<\/script>\n<!-- \/ Yoast SEO plugin. -->","yoast_head_json":{"title":"Zwyci\u0119skie liczby Eurojackpot | Sprawd\u017a wyniki losowania i wygrane w Eurojackpot tutaj","description":"Publikujemy wyniki Eurojackpot i zwyci\u0119skie liczby, a tak\u017ce archiwum poprzednich losowa\u0144.","robots":{"index":"index","follow":"follow","max-snippet":"max-snippet:-1","max-image-preview":"max-image-preview:large","max-video-preview":"max-video-preview:-1"},"canonical":"https:\/\/onlinelotto365.com\/pl\/numery-wygranych\/sprawdz-zwycieskie-numery-eurojackpot-tutaj\/","og_locale":"pl_PL","og_type":"article","og_title":"Zwyci\u0119skie liczby Eurojackpot | Sprawd\u017a wyniki losowania i wygrane w Eurojackpot tutaj","og_description":"Publikujemy wyniki Eurojackpot i zwyci\u0119skie liczby, a tak\u017ce archiwum poprzednich losowa\u0144.","og_url":"https:\/\/onlinelotto365.com\/pl\/numery-wygranych\/sprawdz-zwycieskie-numery-eurojackpot-tutaj\/","og_site_name":"OnlineLotto365","og_image":[{"url":"https:\/\/redfoxlotto.com\/image?size=8&amp;lottery=eurojackpot"}],"twitter_card":"summary_large_image","twitter_misc":{"Szacowany czas czytania":"2 minuty"},"schema":{"@context":"https:\/\/schema.org","@graph":[{"@type":"WebPage","@id":"https:\/\/onlinelotto365.com\/pl\/numery-wygranych\/sprawdz-zwycieskie-numery-eurojackpot-tutaj\/","url":"https:\/\/onlinelotto365.com\/pl\/numery-wygranych\/sprawdz-zwycieskie-numery-eurojackpot-tutaj\/","name":"Zwyci\u0119skie liczby Eurojackpot | Sprawd\u017a wyniki losowania i wygrane w Eurojackpot tutaj","isPartOf":{"@id":"https:\/\/onlinelotto365.com\/pl\/#website"},"primaryImageOfPage":{"@id":"https:\/\/onlinelotto365.com\/pl\/numery-wygranych\/sprawdz-zwycieskie-numery-eurojackpot-tutaj\/#primaryimage"},"image":{"@id":"https:\/\/onlinelotto365.com\/pl\/numery-wygranych\/sprawdz-zwycieskie-numery-eurojackpot-tutaj\/#primaryimage"},"thumbnailUrl":"https:\/\/redfoxlotto.com\/image?size=8&amp;lottery=eurojackpot","datePublished":"2023-09-28T07:39:08+00:00","dateModified":"2023-09-28T07:39:08+00:00","description":"Publikujemy wyniki Eurojackpot i zwyci\u0119skie liczby, a tak\u017ce archiwum poprzednich losowa\u0144.","breadcrumb":{"@id":"https:\/\/onlinelotto365.com\/pl\/numery-wygranych\/sprawdz-zwycieskie-numery-eurojackpot-tutaj\/#breadcrumb"},"inLanguage":"pl-PL","potentialAction":[{"@type":"ReadAction","target":["https:\/\/onlinelotto365.com\/pl\/numery-wygranych\/sprawdz-zwycieskie-numery-eurojackpot-tutaj\/"]}]},{"@type":"ImageObject","inLanguage":"pl-PL","@id":"https:\/\/onlinelotto365.com\/pl\/numery-wygranych\/sprawdz-zwycieskie-numery-eurojackpot-tutaj\/#primaryimage","url":"https:\/\/redfoxlotto.com\/image?size=8&amp;lottery=eurojackpot","contentUrl":"https:\/\/redfoxlotto.com\/image?size=8&amp;lottery=eurojackpot"},{"@type":"BreadcrumbList","@id":"https:\/\/onlinelotto365.com\/pl\/numery-wygranych\/sprawdz-zwycieskie-numery-eurojackpot-tutaj\/#breadcrumb","itemListElement":[{"@type":"ListItem","position":1,"name":"Home","item":"https:\/\/onlinelotto365.com\/pl\/"},{"@type":"ListItem","position":2,"name":"Znajd\u017a zwyci\u0119skie liczby i wyniki najnowszych losowa\u0144 lotto","item":"https:\/\/onlinelotto365.com\/pl\/numery-wygranych\/"},{"@type":"ListItem","position":3,"name":"Sprawd\u017a zwyci\u0119skie numery Eurojackpot tutaj"}]},{"@type":"WebSite","@id":"https:\/\/onlinelotto365.com\/pl\/#website","url":"https:\/\/onlinelotto365.com\/pl\/","name":"OnlineLotto365","description":"","potentialAction":[{"@type":"SearchAction","target":{"@type":"EntryPoint","urlTemplate":"https:\/\/onlinelotto365.com\/pl\/?s={search_term_string}"},"query-input":{"@type":"PropertyValueSpecification","valueRequired":true,"valueName":"search_term_string"}}],"inLanguage":"pl-PL"}]}},"_links":{"self":[{"href":"https:\/\/onlinelotto365.com\/pl\/wp-json\/wp\/v2\/pages\/84225","targetHints":{"allow":["GET"]}}],"collection":[{"href":"https:\/\/onlinelotto365.com\/pl\/wp-json\/wp\/v2\/pages"}],"about":[{"href":"https:\/\/onlinelotto365.com\/pl\/wp-json\/wp\/v2\/types\/page"}],"author":[{"embeddable":true,"href":"https:\/\/onlinelotto365.com\/pl\/wp-json\/wp\/v2\/users\/1"}],"replies":[{"embeddable":true,"href":"https:\/\/onlinelotto365.com\/pl\/wp-json\/wp\/v2\/comments?post=84225"}],"version-history":[{"count":0,"href":"https:\/\/onlinelotto365.com\/pl\/wp-json\/wp\/v2\/pages\/84225\/revisions"}],"up":[{"embeddable":true,"href":"https:\/\/onlinelotto365.com\/pl\/wp-json\/wp\/v2\/pages\/3798"}],"wp:attachment":[{"href":"https:\/\/onlinelotto365.com\/pl\/wp-json\/wp\/v2\/media?parent=84225"}],"curies":[{"name":"wp","href":"https:\/\/api.w.org\/{rel}","templated":true}]}}