{"id":84448,"date":"2023-10-03T13:08:53","date_gmt":"2023-10-03T12:08:53","guid":{"rendered":"https:\/\/onlinelotto365.com\/faq"},"modified":"2023-10-03T13:08:53","modified_gmt":"2023-10-03T12:08:53","slug":"faq","status":"publish","type":"page","link":"https:\/\/onlinelotto365.com\/pl\/faq\/","title":{"rendered":"FAQ"},"content":{"rendered":"<h1>Loteria online FAQ<\/h1>\n<p>Tutaj znajdziesz odpowiedzi na najcz\u0119\u015bciej zadawane pytania dotycz\u0105ce dzia\u0142ania loterii online.<\/p>\n<p>Jak mog\u0119 otrzyma\u0107 losy?<\/p>\n<p>Nast\u0119pnie jeden z naszych agent\u00f3w na miejscu kupuje bilet w Twoim imieniu i na Twoj\u0105 rzecz. Nast\u0119pnie bilet jest skanowany i przesy\u0142any na konto klienta. Wy\u015blemy Ci wiadomo\u015b\u0107 e-mail, gdy wygrasz, a nasza us\u0142uga obejmuje dostarczenie Ci wygranych (szczeg\u00f3\u0142y poni\u017cej). wygrywasz r\u00f3wnie\u017c.<\/p>\n<p>Jakie s\u0105 zalety gry w mi\u0119dzynarodowe loterie online za naszym po\u015brednictwem?<\/p>\n<ul>\n<li>mo\u017cesz wybiera\u0107 spo\u015br\u00f3d wielu loterii i zawsze czeka na Ciebie du\u017cy jackpot<\/li>\n<li>otrzymujesz prawdziwy los<\/li>\n<li>mo\u017cesz gra\u0107 z dowolnego miejsca<\/li>\n<li>mo\u017cesz wygodnie p\u0142aci\u0107 online, mamy wiele opcji, w tym kart\u0119 kredytow\u0105<\/li>\n<li>mniejsze wygrane do 2500 \u20ac zostan\u0105 natychmiast przelane na konto gracza<\/li>\n<li>w przypadku wygranych wy\u017cszych ni\u017c 2500 \u20ac, zajmiemy si\u0119 wyp\u0142at\u0105 bezpo\u015brednio z loterii, bez \u017cadnych op\u0142at.<\/li>\n<\/ul>\n<p>Kto mo\u017ce gra\u0107 w loterie?<\/p>\n<p>Ka\u017cdy mo\u017ce gra\u0107 &#8211; ale musisz mie\u0107 uko\u0144czone 18 lat, aby gra\u0107 na loterii.<\/p>\n<p>Czy mog\u0119 gra\u0107 w loteri\u0119 z innego kraju?<\/p>\n<p>Tak. Bez wzgl\u0119du na to, w jakim kraju mieszkasz, mo\u017cesz wzi\u0105\u0107 udzia\u0142 we wszystkich loteriach wy\u015bwietlanych na naszej stronie.<\/p>\n<p>Czy mog\u0119 wybra\u0107 w\u0142asne numery lotto?<\/p>\n<p>Tak. Mo\u017cesz wybra\u0107 numery r\u0119cznie lub skorzysta\u0107 z funkcji &#8222;Quick Pick&#8221; i wygenerowa\u0107 numery losowo.<\/p>\n<p>Jak otrzymam m\u00f3j kupon na loteri\u0119?<\/p>\n<p>Po pomy\u015blnym dokonaniu p\u0142atno\u015bci otrzymasz wiadomo\u015b\u0107 e-mail z potwierdzeniem zakupu. Wybrane numery b\u0119d\u0105 widoczne na Twoim koncie. Oczywi\u015bcie proces zakupu i skanowania zajmuje troch\u0119 czasu, ale 2-3 godziny p\u00f3\u017aniej b\u0119dziesz m\u00f3g\u0142 znale\u017a\u0107 zeskanowany kupon po zalogowaniu si\u0119 na swoje konto.<\/p>\n<p>Jak mog\u0119 zap\u0142aci\u0107 za kupony lotto?<\/p>\n<p>Mamy dla Ciebie r\u00f3\u017cne opcje p\u0142atno\u015bci, w tym p\u0142atno\u015b\u0107 kart\u0105 kredytow\u0105, natychmiastowy przelew bankowy, r\u00f3\u017cne kryptowaluty i wiele innych.<br \/>\nMo\u017cesz tak\u017ce najpierw wp\u0142aci\u0107 pieni\u0105dze na swoje konto gracza, a nast\u0119pnie wykorzysta\u0107 nowe saldo do zakupu los\u00f3w w dowolnym momencie. Posiadanie salda znacznie przyspiesza proces p\u0142atno\u015bci!<\/p>\n<p>Czy pobieracie prowizj\u0119, je\u015bli wygram?<\/p>\n<p>Nie, nie pobieramy prowizji. Wszystkie wygrane zostan\u0105 w pe\u0142ni wyp\u0142acone, bez pobierania jakichkolwiek op\u0142at, z wyj\u0105tkiem op\u0142at za przelew bankowy w niekt\u00f3rych przypadkach.<\/p>\n<p>Jak dowiem si\u0119, czy wygra\u0142em?<\/p>\n<p>Najpierw wy\u015blemy Ci wiadomo\u015b\u0107 e-mail z informacj\u0105 o wygranej. Ponadto, zawsze mo\u017cesz zalogowa\u0107 si\u0119 na swoje konto i sprawdzi\u0107 sekcj\u0119 &#8222;Moje kupony&#8221; i sprawdzi\u0107 tam status swoich kupon\u00f3w. Aktualizacje ze zwyci\u0119skimi liczbami dla wszystkich loterii mo\u017cna znale\u017a\u0107 na naszej stronie internetowej.<\/p>\n<p>Jak otrzymam wyp\u0142at\u0119, je\u015bli wygram?<\/p>\n<p>Je\u015bli wygrasz nagrod\u0119 do 2500 \u20ac, zostanie ona natychmiast przelana na Twoje konto gracza. W przypadku wy\u017cszych wygranych, wy\u015blemy Ci e-mailem formularz wniosku. Musisz si\u0119 zidentyfikowa\u0107 i poda\u0107 kilka podstawowych informacji, takich jak spos\u00f3b, w jaki chcesz otrzyma\u0107 wyp\u0142at\u0119. Nast\u0119pnie przedstawimy Twoje roszczenie firmie loteryjnej. Nast\u0119pnie firma loteryjna zap\u0142aci Ci bezpo\u015brednio.<br \/>\nJe\u015bli wolisz, mo\u017cesz r\u00f3wnie\u017c odebra\u0107 sw\u00f3j kupon w jednym z naszych biur agenta, a nast\u0119pnie osobi\u015bcie przedstawi\u0107 go loterii.<\/p>\n<p>Czy us\u0142uga jest naprawd\u0119 legalna?<\/p>\n<p>Tak, jak najbardziej. To tak, jakby\u015b by\u0142 na wakacjach w kraju loterii i sam kupi\u0142 los. Je\u015bli ten los wygra, masz takie samo prawo do wygranej jak wszyscy inni.<\/p>\n<p>Sk\u0105d mam wiedzie\u0107, \u017ce los na loteri\u0119 zosta\u0142 zakupiony w moim imieniu?<\/p>\n<p>Po op\u0142aceniu losu na loteri\u0119 otrzymasz najpierw potwierdzenie p\u0142atno\u015bci. Nieco p\u00f3\u017aniej b\u0119dziesz m\u00f3g\u0142 zobaczy\u0107 skan swojego kuponu w strefie klienta na naszej stronie internetowej.<\/p>\n","protected":false},"excerpt":{"rendered":"<p>Loteria online FAQ Tutaj znajdziesz odpowiedzi na najcz\u0119\u015bciej zadawane pytania dotycz\u0105ce dzia\u0142ania loterii online. Jak mog\u0119 otrzyma\u0107 losy? Nast\u0119pnie jeden z naszych agent\u00f3w na miejscu kupuje bilet w Twoim imieniu i na Twoj\u0105 rzecz. Nast\u0119pnie bilet jest skanowany i przesy\u0142any na konto klienta. Wy\u015blemy Ci wiadomo\u015b\u0107 e-mail, gdy wygrasz, a nasza us\u0142uga obejmuje dostarczenie Ci [&hellip;]<\/p>\n","protected":false},"author":1,"featured_media":0,"parent":0,"menu_order":50,"comment_status":"closed","ping_status":"closed","template":"","meta":{"_et_pb_use_builder":"","_et_pb_old_content":"","_et_gb_content_width":"","exclude_from_search":false,"footnotes":""},"class_list":["post-84448","page","type-page","status-publish","hentry"],"yoast_head":"<!-- This site is optimized with the Yoast SEO plugin v23.4 - https:\/\/yoast.com\/wordpress\/plugins\/seo\/ -->\n<title>Odpowiedzi na najcz\u0119\u015bciej zadawane pytania dotycz\u0105ce naszej us\u0142ugi loterii online<\/title>\n<meta name=\"description\" content=\"Chcesz dowiedzie\u0107 si\u0119 wi\u0119cej o tym, jak dzia\u0142a nasza us\u0142uga przesy\u0142ania kupon\u00f3w loteryjnych online? Tutaj znajdziesz odpowiedzi na najcz\u0119\u015bciej zadawane pytania\" \/>\n<meta name=\"robots\" content=\"index, follow, max-snippet:-1, max-image-preview:large, max-video-preview:-1\" \/>\n<link rel=\"canonical\" href=\"https:\/\/onlinelotto365.com\/pl\/faq\/\" \/>\n<meta property=\"og:locale\" content=\"pl_PL\" \/>\n<meta property=\"og:type\" content=\"article\" \/>\n<meta property=\"og:title\" content=\"Odpowiedzi na najcz\u0119\u015bciej zadawane pytania dotycz\u0105ce naszej us\u0142ugi loterii online\" \/>\n<meta property=\"og:description\" content=\"Chcesz dowiedzie\u0107 si\u0119 wi\u0119cej o tym, jak dzia\u0142a nasza us\u0142uga przesy\u0142ania kupon\u00f3w loteryjnych online? Tutaj znajdziesz odpowiedzi na najcz\u0119\u015bciej zadawane pytania\" \/>\n<meta property=\"og:url\" content=\"https:\/\/onlinelotto365.com\/pl\/faq\/\" \/>\n<meta property=\"og:site_name\" content=\"OnlineLotto365\" \/>\n<meta name=\"twitter:card\" content=\"summary_large_image\" \/>\n<meta name=\"twitter:label1\" content=\"Szacowany czas czytania\" \/>\n\t<meta name=\"twitter:data1\" content=\"3 minuty\" \/>\n<script type=\"application\/ld+json\" class=\"yoast-schema-graph\">{\"@context\":\"https:\/\/schema.org\",\"@graph\":[{\"@type\":\"WebPage\",\"@id\":\"https:\/\/onlinelotto365.com\/pl\/faq\/\",\"url\":\"https:\/\/onlinelotto365.com\/pl\/faq\/\",\"name\":\"Odpowiedzi na najcz\u0119\u015bciej zadawane pytania dotycz\u0105ce naszej us\u0142ugi loterii online\",\"isPartOf\":{\"@id\":\"https:\/\/onlinelotto365.com\/pl\/#website\"},\"datePublished\":\"2023-10-03T12:08:53+00:00\",\"dateModified\":\"2023-10-03T12:08:53+00:00\",\"description\":\"Chcesz dowiedzie\u0107 si\u0119 wi\u0119cej o tym, jak dzia\u0142a nasza us\u0142uga przesy\u0142ania kupon\u00f3w loteryjnych online? Tutaj znajdziesz odpowiedzi na najcz\u0119\u015bciej zadawane pytania\",\"breadcrumb\":{\"@id\":\"https:\/\/onlinelotto365.com\/pl\/faq\/#breadcrumb\"},\"inLanguage\":\"pl-PL\",\"potentialAction\":[{\"@type\":\"ReadAction\",\"target\":[\"https:\/\/onlinelotto365.com\/pl\/faq\/\"]}]},{\"@type\":\"BreadcrumbList\",\"@id\":\"https:\/\/onlinelotto365.com\/pl\/faq\/#breadcrumb\",\"itemListElement\":[{\"@type\":\"ListItem\",\"position\":1,\"name\":\"Home\",\"item\":\"https:\/\/onlinelotto365.com\/pl\/\"},{\"@type\":\"ListItem\",\"position\":2,\"name\":\"FAQ\"}]},{\"@type\":\"WebSite\",\"@id\":\"https:\/\/onlinelotto365.com\/pl\/#website\",\"url\":\"https:\/\/onlinelotto365.com\/pl\/\",\"name\":\"OnlineLotto365\",\"description\":\"\",\"potentialAction\":[{\"@type\":\"SearchAction\",\"target\":{\"@type\":\"EntryPoint\",\"urlTemplate\":\"https:\/\/onlinelotto365.com\/pl\/?s={search_term_string}\"},\"query-input\":{\"@type\":\"PropertyValueSpecification\",\"valueRequired\":true,\"valueName\":\"search_term_string\"}}],\"inLanguage\":\"pl-PL\"}]}<\/script>\n<!-- \/ Yoast SEO plugin. -->","yoast_head_json":{"title":"Odpowiedzi na najcz\u0119\u015bciej zadawane pytania dotycz\u0105ce naszej us\u0142ugi loterii online","description":"Chcesz dowiedzie\u0107 si\u0119 wi\u0119cej o tym, jak dzia\u0142a nasza us\u0142uga przesy\u0142ania kupon\u00f3w loteryjnych online? Tutaj znajdziesz odpowiedzi na najcz\u0119\u015bciej zadawane pytania","robots":{"index":"index","follow":"follow","max-snippet":"max-snippet:-1","max-image-preview":"max-image-preview:large","max-video-preview":"max-video-preview:-1"},"canonical":"https:\/\/onlinelotto365.com\/pl\/faq\/","og_locale":"pl_PL","og_type":"article","og_title":"Odpowiedzi na najcz\u0119\u015bciej zadawane pytania dotycz\u0105ce naszej us\u0142ugi loterii online","og_description":"Chcesz dowiedzie\u0107 si\u0119 wi\u0119cej o tym, jak dzia\u0142a nasza us\u0142uga przesy\u0142ania kupon\u00f3w loteryjnych online? Tutaj znajdziesz odpowiedzi na najcz\u0119\u015bciej zadawane pytania","og_url":"https:\/\/onlinelotto365.com\/pl\/faq\/","og_site_name":"OnlineLotto365","twitter_card":"summary_large_image","twitter_misc":{"Szacowany czas czytania":"3 minuty"},"schema":{"@context":"https:\/\/schema.org","@graph":[{"@type":"WebPage","@id":"https:\/\/onlinelotto365.com\/pl\/faq\/","url":"https:\/\/onlinelotto365.com\/pl\/faq\/","name":"Odpowiedzi na najcz\u0119\u015bciej zadawane pytania dotycz\u0105ce naszej us\u0142ugi loterii online","isPartOf":{"@id":"https:\/\/onlinelotto365.com\/pl\/#website"},"datePublished":"2023-10-03T12:08:53+00:00","dateModified":"2023-10-03T12:08:53+00:00","description":"Chcesz dowiedzie\u0107 si\u0119 wi\u0119cej o tym, jak dzia\u0142a nasza us\u0142uga przesy\u0142ania kupon\u00f3w loteryjnych online? Tutaj znajdziesz odpowiedzi na najcz\u0119\u015bciej zadawane pytania","breadcrumb":{"@id":"https:\/\/onlinelotto365.com\/pl\/faq\/#breadcrumb"},"inLanguage":"pl-PL","potentialAction":[{"@type":"ReadAction","target":["https:\/\/onlinelotto365.com\/pl\/faq\/"]}]},{"@type":"BreadcrumbList","@id":"https:\/\/onlinelotto365.com\/pl\/faq\/#breadcrumb","itemListElement":[{"@type":"ListItem","position":1,"name":"Home","item":"https:\/\/onlinelotto365.com\/pl\/"},{"@type":"ListItem","position":2,"name":"FAQ"}]},{"@type":"WebSite","@id":"https:\/\/onlinelotto365.com\/pl\/#website","url":"https:\/\/onlinelotto365.com\/pl\/","name":"OnlineLotto365","description":"","potentialAction":[{"@type":"SearchAction","target":{"@type":"EntryPoint","urlTemplate":"https:\/\/onlinelotto365.com\/pl\/?s={search_term_string}"},"query-input":{"@type":"PropertyValueSpecification","valueRequired":true,"valueName":"search_term_string"}}],"inLanguage":"pl-PL"}]}},"_links":{"self":[{"href":"https:\/\/onlinelotto365.com\/pl\/wp-json\/wp\/v2\/pages\/84448","targetHints":{"allow":["GET"]}}],"collection":[{"href":"https:\/\/onlinelotto365.com\/pl\/wp-json\/wp\/v2\/pages"}],"about":[{"href":"https:\/\/onlinelotto365.com\/pl\/wp-json\/wp\/v2\/types\/page"}],"author":[{"embeddable":true,"href":"https:\/\/onlinelotto365.com\/pl\/wp-json\/wp\/v2\/users\/1"}],"replies":[{"embeddable":true,"href":"https:\/\/onlinelotto365.com\/pl\/wp-json\/wp\/v2\/comments?post=84448"}],"version-history":[{"count":0,"href":"https:\/\/onlinelotto365.com\/pl\/wp-json\/wp\/v2\/pages\/84448\/revisions"}],"wp:attachment":[{"href":"https:\/\/onlinelotto365.com\/pl\/wp-json\/wp\/v2\/media?parent=84448"}],"curies":[{"name":"wp","href":"https:\/\/api.w.org\/{rel}","templated":true}]}}