{"id":11934,"date":"2020-12-21T09:24:02","date_gmt":"2020-12-21T08:24:02","guid":{"rendered":"http:\/\/onlinelotto365.net\/?page_id=11934"},"modified":"2021-01-06T14:46:52","modified_gmt":"2021-01-06T13:46:52","slug":"powerball","status":"publish","type":"page","link":"https:\/\/onlinelotto365.com\/pt-pt\/jogar\/powerball\/","title":{"rendered":"Como podem os residentes do Brasil jogar Powerball online?"},"content":{"rendered":"<p>Na verdade, \u00e9 <strong> muito simples jogar Powerball online <\/strong>, mesmo se voc\u00ea estiver no Brasil. E \u00e9 muito conveniente tamb\u00e9m.<\/p>\n<p>Certifique-se de escolher a loteria correta, ou seja, Powerball. Em seguida, voc\u00ea seleciona seus n\u00fameros. Se voc\u00ea tentar escolher muitos n\u00fameros ou n\u00e3o tiver selecionado n\u00fameros suficientes, o sistema solicitar\u00e1 que voc\u00ea escolha menos ou mais n\u00fameros.<\/p>\n<p>H\u00e1 tamb\u00e9m um m\u00e9todo que muitos jogadores gostam de usar &#8211; a fun\u00e7\u00e3o de sele\u00e7\u00e3o r\u00e1pida. Tudo o que voc\u00ea precisa fazer \u00e9 clicar no bot\u00e3o de escolha r\u00e1pida e o site escolher\u00e1 alguns n\u00fameros aleatoriamente para voc\u00ea. Voc\u00ea ainda pode editar manualmente esses n\u00fameros, se n\u00e3o gostar deles. Ou voc\u00ea pode usar alguns de seus n\u00fameros favoritos manualmente e deixar o gerador de n\u00fameros aleat\u00f3rios escolher o resto para voc\u00ea.<\/p>\n<p>Quando terminar de escolher os n\u00fameros para a Powerball, voc\u00ea pode <strong> selecionar outra loteria, jogar mais bilhetes de loteria <\/strong> e adicion\u00e1-los ao seu pedido. Quando terminar, clique para finalizar a compra e pagar por seus ingressos com seguran\u00e7a. Neste momento, voc\u00ea ter\u00e1 que criar uma conta conosco. Claro, voc\u00ea tamb\u00e9m pode criar sua conta primeiro e depois iniciar o processo de <a href=\"https:\/\/onlinelotto365.com\/pt-pt\/comprar-bilhetes\"> pedido de seus ingressos. <\/a><\/p>\n<p><a href=\"https:\/\/redfoxlotto.com\/pt\/powerball\/?ref=a8564250a2&amp;medium=ol365\" target=\"_blank\" rel=\"noopener noreferrer\"> <img loading=\"lazy\" decoding=\"async\" class=\"aligncenter\" src=\"https:\/\/redfoxlotto.com\/image?size=8&amp;lottery=powerball\" alt=\"powerball\" width=\"793\" height=\"98\" \/> <\/a><\/p>\n<p>Depois de criar sua conta, seu registro em nosso site deve ser verificado. Enviaremos a voc\u00ea um e-mail de verifica\u00e7\u00e3o com um link no qual voc\u00ea deve clicar para verificar o seu endere\u00e7o de e-mail. Certifique-se de verificar sua pasta de spam. Seria sensato marcar nosso endere\u00e7o de e-mail como um remetente confi\u00e1vel. Isso garante que mensagens importantes, como notifica\u00e7\u00f5es de ganhos, cheguem at\u00e9 voc\u00ea. Essa \u00e9 uma das vantagens de jogar Powerball online &#8211; voc\u00ea nunca perder\u00e1 uma vit\u00f3ria porque sempre ser\u00e1 notificado por n\u00f3s.<\/p>\n<p>Voc\u00ea ser\u00e1 atendido em todas as etapas do processo, onde tudo o que voc\u00ea precisa fazer \u00e9 configurar uma conta gratuita, fazer suas sele\u00e7\u00f5es, escolher uma das in\u00fameras op\u00e7\u00f5es de pagamento convenientes e n\u00f3s faremos todo o resto.<br \/>\n<strong> Isso realmente trouxe os jogos de loteria para o s\u00e9culo 21 <\/strong> e \u00e9 a maior coisa que aconteceu \u00e0s loterias desde que os bilhetes foram colocados \u00e0 venda. Se voc\u00ea n\u00e3o est\u00e1 aproveitando as vantagens desse servi\u00e7o, est\u00e1 realmente perdendo toda a grande loteria que est\u00e1 esperando por voc\u00ea.<\/p>\n<h2>Sobre Powerball<\/h2>\n<ul>\n<li>Pa\u00eds: EUA<\/li>\n<li>Faixa de n\u00fameros principais: 69<\/li>\n<li>Voc\u00ea escolhe: 5<\/li>\n<li>Intervalo de n\u00fameros extras: 26<\/li>\n<li>Voc\u00ea escolhe: 1<\/li>\n<li>Dias e horas do sorteio: quarta-feira, s\u00e1bado, 21:00 EST, +1 dia 3:00 CET<\/li>\n<li>Jackpot m\u00ednimo: $ 40 milh\u00f5es<\/li>\n<li>Jackpot limitado ao m\u00e1ximo: nenhum<\/li>\n<li>Probabilidade de ganhar o jackpot: 1 em 175.223.510<\/li>\n<li>Probabilidade de vit\u00f3ria de n\u00edvel 2: 1 em 5.006.386<\/li>\n<li>Probabilidade de vencer em qualquer n\u00edvel: 1 em 24,87<\/li>\n<li>N\u00famero de categorias de pr\u00eamios: 9<\/li>\n<\/ul>\n<p>A Powerball Lotto \u00e9 oferecida por varejistas de loterias em 41 estados diferentes dos Estados Unidos. Com uma base populacional t\u00e3o grande para recorrer e considerando <a href=\"https:\/\/onlinelotto365.com\/pt-pt\/news\/ver-bilhete-de-lotaria-online\"> qu\u00e3o populares s\u00e3o as loterias nos EUA <\/a>, n\u00e3o \u00e9 \u00e0 toa que essa loteria \u00e9 t\u00e3o grande, com pr\u00eamios t\u00e3o grandes. Esta loteria \u00e9 t\u00e3o grande que o segundo pr\u00eamio \u00e9 de um milh\u00e3o de d\u00f3lares, com v\u00e1rias pessoas geralmente ganhando durante cada sorteio, que acontece duas vezes por semana. No entanto, apenas ganhar um milh\u00e3o de d\u00f3lares n\u00e3o \u00e9 o motivo pelo qual a maioria das pessoas joga, pois eles t\u00eam sonhos muito maiores do que isso.<\/p>\n<h2>Melhores recursos do Powerball<\/h2>\n<p>N\u00e3o importa o qu\u00e3o grandes sejam os seus sonhos, a Powerball Lotto tem o poder de satisfazer todos eles e muito mais. Com <strong> jackpots regularmente na casa das centenas de milh\u00f5es de d\u00f3lares <\/strong>, isso \u00e9 definitivamente o que voc\u00ea chamaria de uma quantidade gigantesca de dinheiro a ser ganha.<\/p>\n<p>A loteria Powerball historicamente come\u00e7ou com US $ 20 milh\u00f5es e, embora esta seja definitivamente uma boa mudan\u00e7a, recentemente ela aumentou o m\u00ednimo para US $ 40 milh\u00f5es ainda mais interessantes. Portanto, antes mesmo que as coisas cheguem a alguns n\u00fameros malucos, como costuma ser o caso com esta megaloteria, o jackpot mais baixo poss\u00edvel j\u00e1 \u00e9 o tipo que queremos alinhar.<\/p>\n<p>Cada vez que n\u00e3o h\u00e1 um vencedor do jackpot, o jackpot cresce, muitas vezes para cem milh\u00f5es, duzentos milh\u00f5es e at\u00e9 trezentos milh\u00f5es \u00e0s vezes. Acho que a maioria de n\u00f3s concordaria que mesmo um m\u00ednimo de 40 milh\u00f5es de d\u00f3lares seria o suficiente para que viv\u00eassemos todas as nossas fantasias, mas quando se trata de loterias, quanto maior, melhor. Ent\u00e3o, se voc\u00ea \u00e9 como a maioria das pessoas e ama coisas maiores, este \u00e9 definitivamente para voc\u00ea.<\/p>\n<h2>O que mais voc\u00ea precisa saber sobre como jogar Powerball online<\/h2>\n<p>A Powerball oferece aos vencedores do jackpot duas maneiras de receber seus ganhos. Voc\u00ea pode <strong> aceitar um pagamento \u00fanico agora <\/strong> ou pode ir por muito mais dinheiro <strong> recebendo-o em 30 presta\u00e7\u00f5es anuais. <\/strong> Cada presta\u00e7\u00e3o \u00e9 graduada para ajustar a infla\u00e7\u00e3o , o que significa que seu grande pagamento no ano 1 continuar\u00e1 a manter seu valor nos pr\u00f3ximos anos.<\/p>\n<p>Se voc\u00ea ganhar, ter\u00e1 que decidir que tipo de pagamento deseja usar, mas uma coisa \u00e9 certa, esta ser\u00e1 de longe a decis\u00e3o mais agrad\u00e1vel que voc\u00ea far\u00e1 na vida. Eles d\u00e3o a voc\u00ea 60 dias para escolher, o que lhe dar\u00e1 muito tempo para obter os melhores conselhos profissionais que existem, bem como para pensar e sonhar bastante sobre o que voc\u00ea far\u00e1 com todo esse dinheiro.<\/p>\n<h2>Como verificar os resultados da Powerball<\/h2>\n<p>Existem v\u00e1rias <a href=\"https:\/\/onlinelotto365.com\/pt-pt\/numeros-vencedores\/powerball\"> maneiras de verificar os n\u00fameros vencedores e os resultados da Powerball <\/a> do Brasil. Mas se voc\u00ea j\u00e1 jogou Powerball online, a maneira mais f\u00e1cil \u00e9 voltar para onde comprou seu ingresso. Na sua conta, voc\u00ea poder\u00e1 comparar seus n\u00fameros com os n\u00fameros do \u00faltimo sorteio. Voc\u00ea tamb\u00e9m receber\u00e1 uma mensagem de e-mail sempre que um de seus ingressos ganhar algo.<\/p>\n<h2>Voc\u00ea jogou Powerball online e ganhou &#8211; o que acontece a seguir?<\/h2>\n<p><strong> Nosso servi\u00e7o inclui lidar com os pagamentos para voc\u00ea <\/strong>. Voc\u00ea n\u00e3o precisa se preocupar em receber o pagamento. E n\u00e3o cobramos nenhuma comiss\u00e3o sobre os seus ganhos.<\/p>\n<p>O procedimento depende de quanto voc\u00ea ganhou. Se voc\u00ea ganhou uma quantia de \u20ac 2500 ou menos, essa quantia ser\u00e1 creditada em sua conta conosco. Voc\u00ea pode retir\u00e1-lo ou deix\u00e1-lo em sua conta e us\u00e1-lo para jogar mais bilhetes de loteria online.<\/p>\n<p>Se voc\u00ea ganhar uma quantia maior, enviaremos um formul\u00e1rio de reivindica\u00e7\u00e3o por e-mail para voc\u00ea. Em seguida, voc\u00ea deve preencher algumas informa\u00e7\u00f5es pessoais, incluindo como gostaria de receber o pagamento. Existem duas op\u00e7\u00f5es: transfer\u00eancia banc\u00e1ria ou cheque. Encaminharemos o formul\u00e1rio de reivindica\u00e7\u00e3o para a comiss\u00e3o da loteria e eles pagar\u00e3o de acordo com suas instru\u00e7\u00f5es.<\/p>\n","protected":false},"excerpt":{"rendered":"<p>Na verdade, \u00e9 muito simples jogar Powerball online , mesmo se voc\u00ea estiver no Brasil. E \u00e9 muito conveniente tamb\u00e9m. Certifique-se de escolher a loteria correta, ou seja, Powerball. Em seguida, voc\u00ea seleciona seus n\u00fameros. Se voc\u00ea tentar escolher muitos n\u00fameros ou n\u00e3o tiver selecionado n\u00fameros suficientes, o sistema solicitar\u00e1 que voc\u00ea escolha menos ou [&hellip;]<\/p>\n","protected":false},"author":1,"featured_media":0,"parent":5031,"menu_order":1,"comment_status":"closed","ping_status":"closed","template":"powerball-usa.php","meta":{"_et_pb_use_builder":"","_et_pb_old_content":"","_et_gb_content_width":"","exclude_from_search":false,"footnotes":""},"class_list":["post-11934","page","type-page","status-publish","hentry"],"yoast_head":"<!-- This site is optimized with the Yoast SEO plugin v23.4 - https:\/\/yoast.com\/wordpress\/plugins\/seo\/ -->\n<title>Jogar Powerball online do Brasil | Posso ganhar o Powerball do Brasil<\/title>\n<meta name=\"description\" content=\"Jogue Powerball Lotto aqui - a maior lotaria dos EUA, dispon\u00edvel online do Brasil e de qualquer outro pa\u00eds\" \/>\n<meta name=\"robots\" content=\"index, follow, max-snippet:-1, max-image-preview:large, max-video-preview:-1\" \/>\n<link rel=\"canonical\" href=\"https:\/\/onlinelotto365.com\/pt-pt\/jogar\/powerball\/\" \/>\n<meta property=\"og:locale\" content=\"pt_PT\" \/>\n<meta property=\"og:type\" content=\"article\" \/>\n<meta property=\"og:title\" content=\"Jogar Powerball online do Brasil | Posso ganhar o Powerball do Brasil\" \/>\n<meta property=\"og:description\" content=\"Jogue Powerball Lotto aqui - a maior lotaria dos EUA, dispon\u00edvel online do Brasil e de qualquer outro pa\u00eds\" \/>\n<meta property=\"og:url\" content=\"https:\/\/onlinelotto365.com\/pt-pt\/jogar\/powerball\/\" \/>\n<meta property=\"og:site_name\" content=\"OnlineLotto365\" \/>\n<meta property=\"article:modified_time\" content=\"2021-01-06T13:46:52+00:00\" \/>\n<meta property=\"og:image\" content=\"https:\/\/redfoxlotto.com\/image?size=8&amp;lottery=powerball\" \/>\n<meta name=\"twitter:card\" content=\"summary_large_image\" \/>\n<meta name=\"twitter:label1\" content=\"Tempo estimado de leitura\" \/>\n\t<meta name=\"twitter:data1\" content=\"6 minutos\" \/>\n<script type=\"application\/ld+json\" class=\"yoast-schema-graph\">{\"@context\":\"https:\/\/schema.org\",\"@graph\":[{\"@type\":\"WebPage\",\"@id\":\"https:\/\/onlinelotto365.com\/pt-pt\/jogar\/powerball\/\",\"url\":\"https:\/\/onlinelotto365.com\/pt-pt\/jogar\/powerball\/\",\"name\":\"Jogar Powerball online do Brasil | Posso ganhar o Powerball do Brasil\",\"isPartOf\":{\"@id\":\"https:\/\/onlinelotto365.com\/pt-pt\/#website\"},\"primaryImageOfPage\":{\"@id\":\"https:\/\/onlinelotto365.com\/pt-pt\/jogar\/powerball\/#primaryimage\"},\"image\":{\"@id\":\"https:\/\/onlinelotto365.com\/pt-pt\/jogar\/powerball\/#primaryimage\"},\"thumbnailUrl\":\"https:\/\/redfoxlotto.com\/image?size=8&amp;lottery=powerball\",\"datePublished\":\"2020-12-21T08:24:02+00:00\",\"dateModified\":\"2021-01-06T13:46:52+00:00\",\"description\":\"Jogue Powerball Lotto aqui - a maior lotaria dos EUA, dispon\u00edvel online do Brasil e de qualquer outro pa\u00eds\",\"breadcrumb\":{\"@id\":\"https:\/\/onlinelotto365.com\/pt-pt\/jogar\/powerball\/#breadcrumb\"},\"inLanguage\":\"pt-PT\",\"potentialAction\":[{\"@type\":\"ReadAction\",\"target\":[\"https:\/\/onlinelotto365.com\/pt-pt\/jogar\/powerball\/\"]}]},{\"@type\":\"ImageObject\",\"inLanguage\":\"pt-PT\",\"@id\":\"https:\/\/onlinelotto365.com\/pt-pt\/jogar\/powerball\/#primaryimage\",\"url\":\"https:\/\/redfoxlotto.com\/image?size=8&amp;lottery=powerball\",\"contentUrl\":\"https:\/\/redfoxlotto.com\/image?size=8&amp;lottery=powerball\"},{\"@type\":\"BreadcrumbList\",\"@id\":\"https:\/\/onlinelotto365.com\/pt-pt\/jogar\/powerball\/#breadcrumb\",\"itemListElement\":[{\"@type\":\"ListItem\",\"position\":1,\"name\":\"Home\",\"item\":\"https:\/\/onlinelotto365.com\/pt-pt\/\"},{\"@type\":\"ListItem\",\"position\":2,\"name\":\"Tudo o que precisa de saber sobre as suas op\u00e7\u00f5es para jogar as melhores lotarias online\",\"item\":\"https:\/\/onlinelotto365.com\/pt-pt\/play\/\"},{\"@type\":\"ListItem\",\"position\":3,\"name\":\"Como podem os residentes do Brasil jogar Powerball online?\"}]},{\"@type\":\"WebSite\",\"@id\":\"https:\/\/onlinelotto365.com\/pt-pt\/#website\",\"url\":\"https:\/\/onlinelotto365.com\/pt-pt\/\",\"name\":\"OnlineLotto365\",\"description\":\"\",\"potentialAction\":[{\"@type\":\"SearchAction\",\"target\":{\"@type\":\"EntryPoint\",\"urlTemplate\":\"https:\/\/onlinelotto365.com\/pt-pt\/?s={search_term_string}\"},\"query-input\":{\"@type\":\"PropertyValueSpecification\",\"valueRequired\":true,\"valueName\":\"search_term_string\"}}],\"inLanguage\":\"pt-PT\"}]}<\/script>\n<!-- \/ Yoast SEO plugin. -->","yoast_head_json":{"title":"Jogar Powerball online do Brasil | Posso ganhar o Powerball do Brasil","description":"Jogue Powerball Lotto aqui - a maior lotaria dos EUA, dispon\u00edvel online do Brasil e de qualquer outro pa\u00eds","robots":{"index":"index","follow":"follow","max-snippet":"max-snippet:-1","max-image-preview":"max-image-preview:large","max-video-preview":"max-video-preview:-1"},"canonical":"https:\/\/onlinelotto365.com\/pt-pt\/jogar\/powerball\/","og_locale":"pt_PT","og_type":"article","og_title":"Jogar Powerball online do Brasil | Posso ganhar o Powerball do Brasil","og_description":"Jogue Powerball Lotto aqui - a maior lotaria dos EUA, dispon\u00edvel online do Brasil e de qualquer outro pa\u00eds","og_url":"https:\/\/onlinelotto365.com\/pt-pt\/jogar\/powerball\/","og_site_name":"OnlineLotto365","article_modified_time":"2021-01-06T13:46:52+00:00","og_image":[{"url":"https:\/\/redfoxlotto.com\/image?size=8&amp;lottery=powerball"}],"twitter_card":"summary_large_image","twitter_misc":{"Tempo estimado de leitura":"6 minutos"},"schema":{"@context":"https:\/\/schema.org","@graph":[{"@type":"WebPage","@id":"https:\/\/onlinelotto365.com\/pt-pt\/jogar\/powerball\/","url":"https:\/\/onlinelotto365.com\/pt-pt\/jogar\/powerball\/","name":"Jogar Powerball online do Brasil | Posso ganhar o Powerball do Brasil","isPartOf":{"@id":"https:\/\/onlinelotto365.com\/pt-pt\/#website"},"primaryImageOfPage":{"@id":"https:\/\/onlinelotto365.com\/pt-pt\/jogar\/powerball\/#primaryimage"},"image":{"@id":"https:\/\/onlinelotto365.com\/pt-pt\/jogar\/powerball\/#primaryimage"},"thumbnailUrl":"https:\/\/redfoxlotto.com\/image?size=8&amp;lottery=powerball","datePublished":"2020-12-21T08:24:02+00:00","dateModified":"2021-01-06T13:46:52+00:00","description":"Jogue Powerball Lotto aqui - a maior lotaria dos EUA, dispon\u00edvel online do Brasil e de qualquer outro pa\u00eds","breadcrumb":{"@id":"https:\/\/onlinelotto365.com\/pt-pt\/jogar\/powerball\/#breadcrumb"},"inLanguage":"pt-PT","potentialAction":[{"@type":"ReadAction","target":["https:\/\/onlinelotto365.com\/pt-pt\/jogar\/powerball\/"]}]},{"@type":"ImageObject","inLanguage":"pt-PT","@id":"https:\/\/onlinelotto365.com\/pt-pt\/jogar\/powerball\/#primaryimage","url":"https:\/\/redfoxlotto.com\/image?size=8&amp;lottery=powerball","contentUrl":"https:\/\/redfoxlotto.com\/image?size=8&amp;lottery=powerball"},{"@type":"BreadcrumbList","@id":"https:\/\/onlinelotto365.com\/pt-pt\/jogar\/powerball\/#breadcrumb","itemListElement":[{"@type":"ListItem","position":1,"name":"Home","item":"https:\/\/onlinelotto365.com\/pt-pt\/"},{"@type":"ListItem","position":2,"name":"Tudo o que precisa de saber sobre as suas op\u00e7\u00f5es para jogar as melhores lotarias online","item":"https:\/\/onlinelotto365.com\/pt-pt\/play\/"},{"@type":"ListItem","position":3,"name":"Como podem os residentes do Brasil jogar Powerball online?"}]},{"@type":"WebSite","@id":"https:\/\/onlinelotto365.com\/pt-pt\/#website","url":"https:\/\/onlinelotto365.com\/pt-pt\/","name":"OnlineLotto365","description":"","potentialAction":[{"@type":"SearchAction","target":{"@type":"EntryPoint","urlTemplate":"https:\/\/onlinelotto365.com\/pt-pt\/?s={search_term_string}"},"query-input":{"@type":"PropertyValueSpecification","valueRequired":true,"valueName":"search_term_string"}}],"inLanguage":"pt-PT"}]}},"_links":{"self":[{"href":"https:\/\/onlinelotto365.com\/pt-pt\/wp-json\/wp\/v2\/pages\/11934","targetHints":{"allow":["GET"]}}],"collection":[{"href":"https:\/\/onlinelotto365.com\/pt-pt\/wp-json\/wp\/v2\/pages"}],"about":[{"href":"https:\/\/onlinelotto365.com\/pt-pt\/wp-json\/wp\/v2\/types\/page"}],"author":[{"embeddable":true,"href":"https:\/\/onlinelotto365.com\/pt-pt\/wp-json\/wp\/v2\/users\/1"}],"replies":[{"embeddable":true,"href":"https:\/\/onlinelotto365.com\/pt-pt\/wp-json\/wp\/v2\/comments?post=11934"}],"version-history":[{"count":0,"href":"https:\/\/onlinelotto365.com\/pt-pt\/wp-json\/wp\/v2\/pages\/11934\/revisions"}],"up":[{"embeddable":true,"href":"https:\/\/onlinelotto365.com\/pt-pt\/wp-json\/wp\/v2\/pages\/5031"}],"wp:attachment":[{"href":"https:\/\/onlinelotto365.com\/pt-pt\/wp-json\/wp\/v2\/media?parent=11934"}],"curies":[{"name":"wp","href":"https:\/\/api.w.org\/{rel}","templated":true}]}}