{"id":11936,"date":"2020-12-21T09:24:58","date_gmt":"2020-12-21T08:24:58","guid":{"rendered":"http:\/\/onlinelotto365.net\/?page_id=11936"},"modified":"2021-01-06T14:47:11","modified_gmt":"2021-01-06T13:47:11","slug":"mega-millions","status":"publish","type":"page","link":"https:\/\/onlinelotto365.com\/pt-pt\/jogar\/mega-millions\/","title":{"rendered":"Mega Milh\u00f5es em linha"},"content":{"rendered":"<h2>Sobre Mega Millions<\/h2>\n<p>Esta \u00e9 provavelmente a loteria mais famosa do mundo. Oferecer aos entusiastas da loteria a oportunidade de jogar Mega Millions online ajuda os jogadores a realizar um sonho. Se voc\u00ea mora no Brasil, ainda pode jogar Mega Millions com um ingresso online. Nosso servi\u00e7o \u00e9 perfeitamente legal e damos a voc\u00ea a chance de participar desta mega-loteria dos EUA.<\/p>\n<p><a href=\"https:\/\/redfoxlotto.com\/pt\/mega-millions\/?ref=a8564250a2&amp;medium=ol365\" target=\"_blank\" rel=\"noopener noreferrer\"> <img decoding=\"async\" class=\"aligncenter\" src=\" https:\/\/redfoxlotto.com\/image?size=8&amp;lottery=mega-millions \" alt=\" mega milh\u00f5es \" \/> <\/a><\/p>\n<ul>\n<li>Pa\u00eds: EUA<\/li>\n<li>Faixa de n\u00fameros principais: 70<\/li>\n<li>Voc\u00ea deve selecionar: 5<\/li>\n<li>Intervalo de n\u00fameros extras: 25<\/li>\n<li>Voc\u00ea deve selecionar: 1<\/li>\n<li>Dias, horas de sorteios: ter\u00e7a, sexta,, 21:00 EST &#8211; +1 dia 3:00 CET<\/li>\n<li>O jackpot come\u00e7a em: $ 40 milh\u00f5es<\/li>\n<li>O jackpot \u00e9 limitado a: nenhum<\/li>\n<li>Chance de ganhar o jackpot: 1 em 175711536<\/li>\n<li>Chance de ganhar o segundo pr\u00eamio: 1 em 3819816<\/li>\n<li>Chance de ganhar qualquer pr\u00eamio: 1 em 24,12<\/li>\n<li>N\u00famero de categorias de pr\u00eamios: 9<\/li>\n<\/ul>\n<h2>Melhores recursos da Mega Millions<\/h2>\n<p>A principal atra\u00e7\u00e3o do Mega Millions \u00e9, obviamente, o tamanho dos jackpots. O jackpot da Mega Millions nunca pode ser inferior a $ 40 milh\u00f5es. Cada vez que algu\u00e9m ganha o jackpot, ele come\u00e7a de novo com esse valor m\u00ednimo de $ 40 milh\u00f5es. Com dois sorteios por semana, o jackpot da Mega Millions cresce rapidamente. Nos EUA, milh\u00f5es de pessoas jogam Mega Millions semana ap\u00f3s semana, e muitas pessoas de outros pa\u00edses como o Brasil jogam Mega Millions online tamb\u00e9m.<\/p>\n<p>Portanto, \u00e9 normal que o jackpot da Mega Millions aumente em $ 10 milh\u00f5es ap\u00f3s cada sorteio (a menos que algu\u00e9m ganhe o jackpot). Isso rende cerca de US $ 20 milh\u00f5es por semana, j\u00e1 que h\u00e1 dois sorteios por semana.<\/p>\n<p>E quando o jackpot ultrapassa os $ 100 milh\u00f5es, ainda mais bilhetes s\u00e3o vendidos nas lojas de loteria e para jogadores online. Em muitas ocasi\u00f5es, o jackpot atingiu quantias de $ 400 milh\u00f5es ou mais. E a partir da\u00ed, um crescimento semanal de US $ 100 milh\u00f5es \u00e9 normal, devido \u00e0 explos\u00e3o das vendas de ingressos. O jackpot recorde atual \u00e9 de $ 1500 milh\u00f5es (sim, $ 1,5 bilh\u00f5es!).<\/p>\n<h2>Como verificar os resultados da Mega Millions<\/h2>\n<p>Se voc\u00ea mora no Brasil ou em qualquer outro pa\u00eds fora dos EUA, provavelmente n\u00e3o conseguir\u00e1 obter o n\u00fameros vencedores de seus canais de r\u00e1dio ou TV locais. Voc\u00ea pode visitar o site oficial da Mega Millions, mas h\u00e1 uma solu\u00e7\u00e3o muito mais f\u00e1cil para voc\u00ea. Volte ao nosso site e d\u00ea uma olhada em nossa p\u00e1gina de resultados. Publicamos os resultados de todas as loterias aqui. Os n\u00fameros vencedores ser\u00e3o exibidos minutos ap\u00f3s a realiza\u00e7\u00e3o do sorteio.<\/p>\n<p>Tamb\u00e9m enviaremos um e-mail com uma notifica\u00e7\u00e3o da vit\u00f3ria &#8211; se voc\u00ea jogou online e tem um t\u00edquete para a Mega Millions em sua conta.<\/p>\n<p>Al\u00e9m disso, voc\u00ea pode verificar seus resultados pessoais de loteria em sua conta de jogador. Depois de jogar Mega Millions online em nosso site, o bilhete ou bilhetes que voc\u00ea jogou s\u00e3o armazenados em sua conta. E depois do sorteio, voc\u00ea pode voltar l\u00e1 e imediatamente <a href=\"https:\/\/onlinelotto365.com\/pt-pt\/numeros-vencedores\/mega-millions\"> comparar seu t\u00edquete Mega Millions com os \u00faltimos n\u00fameros vencedores <\/a>.<\/p>\n<h2>Voc\u00ea jogou Mega Millions online e ganhou &#8211; o que acontece a seguir?<\/h2>\n<p>Se voc\u00ea ganhou um pr\u00eamio maior, voc\u00ea precisa enviar uma mensagem para nossa equipe de suporte &#8211; embora eles provavelmente j\u00e1 tenham enviado a voc\u00ea uma mensagem com instru\u00e7\u00f5es sobre como proceder. A seguir, voc\u00ea ter\u00e1 que preencher um formul\u00e1rio fornecido por n\u00f3s. Nossa equipe de atendimento enviar\u00e1 seu formul\u00e1rio para a comiss\u00e3o de loteria. O formul\u00e1rio tamb\u00e9m conter\u00e1 informa\u00e7\u00f5es sobre sua conta banc\u00e1ria ou endere\u00e7o f\u00edsico no Brasil (ou onde voc\u00ea mora), e sua prefer\u00eancia quanto \u00e0 forma de pagamento tamb\u00e9m ser\u00e1 definida por voc\u00ea nesse formul\u00e1rio. Em alguns dias, voc\u00ea receber\u00e1 seu dinheiro da forma que selecionou para pagamento.<\/p>\n<p>E se ganhar uma quantia menor de dinheiro (at\u00e9 \u20ac 2500, para ser exato), o pagamento acontecer\u00e1 ainda mais r\u00e1pido. Este tipo de ganho ser\u00e1 depositado na sua conta de jogador imediatamente &#8211; basta verificar o saldo do seu jogador. Em seguida, voc\u00ea pode decidir se deseja deixar os fundos l\u00e1 e us\u00e1-los para <a href=\"https:\/\/onlinelotto365.com\/pt-pt\/jogar\"> continuar jogando mais loterias <\/a> (ou Mega Millions) online, ou voc\u00ea pode iniciar uma retirada. Para esse saque, voc\u00ea pode usar qualquer m\u00e9todo anteriormente usado para jogar online. Devido aos regulamentos de lavagem de dinheiro, exigiremos algum tipo de identifica\u00e7\u00e3o para verificar seus dados pessoais. Nosso suporte ir\u00e1 explicar o que precisamos para este processo de verifica\u00e7\u00e3o. Assim que tivermosesses documentos, levar\u00e1 apenas um ou dois dias para processar a retirada e enviar o dinheiro.<\/p>\n","protected":false},"excerpt":{"rendered":"<p>Sobre Mega Millions Esta \u00e9 provavelmente a loteria mais famosa do mundo. Oferecer aos entusiastas da loteria a oportunidade de jogar Mega Millions online ajuda os jogadores a realizar um sonho. Se voc\u00ea mora no Brasil, ainda pode jogar Mega Millions com um ingresso online. Nosso servi\u00e7o \u00e9 perfeitamente legal e damos a voc\u00ea a [&hellip;]<\/p>\n","protected":false},"author":1,"featured_media":0,"parent":5031,"menu_order":2,"comment_status":"closed","ping_status":"closed","template":"megamillion.php","meta":{"_et_pb_use_builder":"","_et_pb_old_content":"","_et_gb_content_width":"","exclude_from_search":false,"footnotes":""},"class_list":["post-11936","page","type-page","status-publish","hentry"],"yoast_head":"<!-- This site is optimized with the Yoast SEO plugin v23.4 - https:\/\/yoast.com\/wordpress\/plugins\/seo\/ -->\n<title>Jogue Mega Millions USA online | Como os residentes do Brasil podem participar legalmente no Mega Millions<\/title>\n<meta name=\"description\" content=\"Agora tamb\u00e9m pode jogar Mega Millions - o nosso servi\u00e7o online permite-lhe obter bilhetes para o Mega Millions no Brasil\" \/>\n<meta name=\"robots\" content=\"index, follow, max-snippet:-1, max-image-preview:large, max-video-preview:-1\" \/>\n<link rel=\"canonical\" href=\"https:\/\/onlinelotto365.com\/pt-pt\/jogar\/mega-millions\/\" \/>\n<meta property=\"og:locale\" content=\"pt_PT\" \/>\n<meta property=\"og:type\" content=\"article\" \/>\n<meta property=\"og:title\" content=\"Jogue Mega Millions USA online | Como os residentes do Brasil podem participar legalmente no Mega Millions\" \/>\n<meta property=\"og:description\" content=\"Agora tamb\u00e9m pode jogar Mega Millions - o nosso servi\u00e7o online permite-lhe obter bilhetes para o Mega Millions no Brasil\" \/>\n<meta property=\"og:url\" content=\"https:\/\/onlinelotto365.com\/pt-pt\/jogar\/mega-millions\/\" \/>\n<meta property=\"og:site_name\" content=\"OnlineLotto365\" \/>\n<meta property=\"article:modified_time\" content=\"2021-01-06T13:47:11+00:00\" \/>\n<meta name=\"twitter:card\" content=\"summary_large_image\" \/>\n<meta name=\"twitter:label1\" content=\"Tempo estimado de leitura\" \/>\n\t<meta name=\"twitter:data1\" content=\"4 minutos\" \/>\n<script type=\"application\/ld+json\" class=\"yoast-schema-graph\">{\"@context\":\"https:\/\/schema.org\",\"@graph\":[{\"@type\":\"WebPage\",\"@id\":\"https:\/\/onlinelotto365.com\/pt-pt\/jogar\/mega-millions\/\",\"url\":\"https:\/\/onlinelotto365.com\/pt-pt\/jogar\/mega-millions\/\",\"name\":\"Jogue Mega Millions USA online | Como os residentes do Brasil podem participar legalmente no Mega Millions\",\"isPartOf\":{\"@id\":\"https:\/\/onlinelotto365.com\/pt-pt\/#website\"},\"datePublished\":\"2020-12-21T08:24:58+00:00\",\"dateModified\":\"2021-01-06T13:47:11+00:00\",\"description\":\"Agora tamb\u00e9m pode jogar Mega Millions - o nosso servi\u00e7o online permite-lhe obter bilhetes para o Mega Millions no Brasil\",\"breadcrumb\":{\"@id\":\"https:\/\/onlinelotto365.com\/pt-pt\/jogar\/mega-millions\/#breadcrumb\"},\"inLanguage\":\"pt-PT\",\"potentialAction\":[{\"@type\":\"ReadAction\",\"target\":[\"https:\/\/onlinelotto365.com\/pt-pt\/jogar\/mega-millions\/\"]}]},{\"@type\":\"BreadcrumbList\",\"@id\":\"https:\/\/onlinelotto365.com\/pt-pt\/jogar\/mega-millions\/#breadcrumb\",\"itemListElement\":[{\"@type\":\"ListItem\",\"position\":1,\"name\":\"Home\",\"item\":\"https:\/\/onlinelotto365.com\/pt-pt\/\"},{\"@type\":\"ListItem\",\"position\":2,\"name\":\"Tudo o que precisa de saber sobre as suas op\u00e7\u00f5es para jogar as melhores lotarias online\",\"item\":\"https:\/\/onlinelotto365.com\/pt-pt\/play\/\"},{\"@type\":\"ListItem\",\"position\":3,\"name\":\"Mega Milh\u00f5es em linha\"}]},{\"@type\":\"WebSite\",\"@id\":\"https:\/\/onlinelotto365.com\/pt-pt\/#website\",\"url\":\"https:\/\/onlinelotto365.com\/pt-pt\/\",\"name\":\"OnlineLotto365\",\"description\":\"\",\"potentialAction\":[{\"@type\":\"SearchAction\",\"target\":{\"@type\":\"EntryPoint\",\"urlTemplate\":\"https:\/\/onlinelotto365.com\/pt-pt\/?s={search_term_string}\"},\"query-input\":{\"@type\":\"PropertyValueSpecification\",\"valueRequired\":true,\"valueName\":\"search_term_string\"}}],\"inLanguage\":\"pt-PT\"}]}<\/script>\n<!-- \/ Yoast SEO plugin. -->","yoast_head_json":{"title":"Jogue Mega Millions USA online | Como os residentes do Brasil podem participar legalmente no Mega Millions","description":"Agora tamb\u00e9m pode jogar Mega Millions - o nosso servi\u00e7o online permite-lhe obter bilhetes para o Mega Millions no Brasil","robots":{"index":"index","follow":"follow","max-snippet":"max-snippet:-1","max-image-preview":"max-image-preview:large","max-video-preview":"max-video-preview:-1"},"canonical":"https:\/\/onlinelotto365.com\/pt-pt\/jogar\/mega-millions\/","og_locale":"pt_PT","og_type":"article","og_title":"Jogue Mega Millions USA online | Como os residentes do Brasil podem participar legalmente no Mega Millions","og_description":"Agora tamb\u00e9m pode jogar Mega Millions - o nosso servi\u00e7o online permite-lhe obter bilhetes para o Mega Millions no Brasil","og_url":"https:\/\/onlinelotto365.com\/pt-pt\/jogar\/mega-millions\/","og_site_name":"OnlineLotto365","article_modified_time":"2021-01-06T13:47:11+00:00","twitter_card":"summary_large_image","twitter_misc":{"Tempo estimado de leitura":"4 minutos"},"schema":{"@context":"https:\/\/schema.org","@graph":[{"@type":"WebPage","@id":"https:\/\/onlinelotto365.com\/pt-pt\/jogar\/mega-millions\/","url":"https:\/\/onlinelotto365.com\/pt-pt\/jogar\/mega-millions\/","name":"Jogue Mega Millions USA online | Como os residentes do Brasil podem participar legalmente no Mega Millions","isPartOf":{"@id":"https:\/\/onlinelotto365.com\/pt-pt\/#website"},"datePublished":"2020-12-21T08:24:58+00:00","dateModified":"2021-01-06T13:47:11+00:00","description":"Agora tamb\u00e9m pode jogar Mega Millions - o nosso servi\u00e7o online permite-lhe obter bilhetes para o Mega Millions no Brasil","breadcrumb":{"@id":"https:\/\/onlinelotto365.com\/pt-pt\/jogar\/mega-millions\/#breadcrumb"},"inLanguage":"pt-PT","potentialAction":[{"@type":"ReadAction","target":["https:\/\/onlinelotto365.com\/pt-pt\/jogar\/mega-millions\/"]}]},{"@type":"BreadcrumbList","@id":"https:\/\/onlinelotto365.com\/pt-pt\/jogar\/mega-millions\/#breadcrumb","itemListElement":[{"@type":"ListItem","position":1,"name":"Home","item":"https:\/\/onlinelotto365.com\/pt-pt\/"},{"@type":"ListItem","position":2,"name":"Tudo o que precisa de saber sobre as suas op\u00e7\u00f5es para jogar as melhores lotarias online","item":"https:\/\/onlinelotto365.com\/pt-pt\/play\/"},{"@type":"ListItem","position":3,"name":"Mega Milh\u00f5es em linha"}]},{"@type":"WebSite","@id":"https:\/\/onlinelotto365.com\/pt-pt\/#website","url":"https:\/\/onlinelotto365.com\/pt-pt\/","name":"OnlineLotto365","description":"","potentialAction":[{"@type":"SearchAction","target":{"@type":"EntryPoint","urlTemplate":"https:\/\/onlinelotto365.com\/pt-pt\/?s={search_term_string}"},"query-input":{"@type":"PropertyValueSpecification","valueRequired":true,"valueName":"search_term_string"}}],"inLanguage":"pt-PT"}]}},"_links":{"self":[{"href":"https:\/\/onlinelotto365.com\/pt-pt\/wp-json\/wp\/v2\/pages\/11936","targetHints":{"allow":["GET"]}}],"collection":[{"href":"https:\/\/onlinelotto365.com\/pt-pt\/wp-json\/wp\/v2\/pages"}],"about":[{"href":"https:\/\/onlinelotto365.com\/pt-pt\/wp-json\/wp\/v2\/types\/page"}],"author":[{"embeddable":true,"href":"https:\/\/onlinelotto365.com\/pt-pt\/wp-json\/wp\/v2\/users\/1"}],"replies":[{"embeddable":true,"href":"https:\/\/onlinelotto365.com\/pt-pt\/wp-json\/wp\/v2\/comments?post=11936"}],"version-history":[{"count":0,"href":"https:\/\/onlinelotto365.com\/pt-pt\/wp-json\/wp\/v2\/pages\/11936\/revisions"}],"up":[{"embeddable":true,"href":"https:\/\/onlinelotto365.com\/pt-pt\/wp-json\/wp\/v2\/pages\/5031"}],"wp:attachment":[{"href":"https:\/\/onlinelotto365.com\/pt-pt\/wp-json\/wp\/v2\/media?parent=11936"}],"curies":[{"name":"wp","href":"https:\/\/api.w.org\/{rel}","templated":true}]}}