{"id":11938,"date":"2020-12-21T09:26:44","date_gmt":"2020-12-21T08:26:44","guid":{"rendered":"http:\/\/onlinelotto365.net\/?page_id=11938"},"modified":"2021-01-10T11:07:04","modified_gmt":"2021-01-10T10:07:04","slug":"euromillions","status":"publish","type":"page","link":"https:\/\/onlinelotto365.com\/pt-pt\/jogar\/euromillions\/","title":{"rendered":"EuroMillions \u00e9 a maior lotaria da Europa"},"content":{"rendered":"<p>A EuroMilh\u00f5es come\u00e7ou em 2004 como um esfor\u00e7o cooperativo entre os operadores de loteria nacionais da Fran\u00e7a, Espanha e Reino Unido. Demorou dez anos para chegar a um acordo entre os pa\u00edses, ent\u00e3o, uma vez iniciado, foi definitivamente muito bem organizado, como continua a ser o caso.<\/p>\n<p>O plano era oferecer aos jogadores de loteria nestes tr\u00eas pa\u00edses <strong> a possibilidade de jogar com jackpots muito maiores <\/strong> do que estava dispon\u00edvel anteriormente. Uma vez que enormes jackpots s\u00e3o o que tendem a realmente aumentar a emo\u00e7\u00e3o aqui, a expectativa era que esta nova loteria fosse um grande sucesso e gerasse alguns jackpots fant\u00e1sticos semana ap\u00f3s semana. Isso \u00e9 exatamente o que aconteceu.<\/p>\n<p>Conforme o sucesso da loteria cresceu, mais pa\u00edses foram adicionados \u00e0 parceria, e hoje h\u00e1 um total de nove pa\u00edses diferentes que participam dela. Os jackpots est\u00e3o sempre entre os maiores dispon\u00edveis em todo o mundo, a partir de 17 milh\u00f5es de euros e a aumentar a partir da\u00ed.<\/p>\n<h2>Voc\u00ea n\u00e3o precisa mais morar em nenhum desses pa\u00edses para jogar na loteria<\/h2>\n<p>Como a EuroMilh\u00f5es tem sido historicamente oferecida apenas em nove <a href=\"https:\/\/onlinelotto365.com\/pt-pt\/jogar\/eurojackpot\"> pa\u00edses europeus <\/a>, a maioria de n\u00f3s foi deixada de fora aqui tanto quanto ser capaz de gostar de jogar. Na verdade, jogar na loteria nem mesmo era uma considera\u00e7\u00e3o para o resto de n\u00f3s, at\u00e9 recentemente.<br \/>\n<a href=\"https:\/\/redfoxlotto.com\/pt\/euromillions\/?ref=a8564250a2&amp;medium=ol365\" target=\"_blank\" rel=\"noopener noreferrer\"> <img loading=\"lazy\" decoding=\"async\" class=\"aligncenter\" src=\"https:\/\/redfoxlotto.com\/image?size=8&amp;lottery=euromillions\" alt=\"Euromillions\" width=\"720\" height=\"90\" \/> <\/a><\/p>\n<p>Os jogadores de loteria experientes do Brasil e de outros lugares, aqueles de n\u00f3s que sabem, agora percebem que as barreiras f\u00edsicas no mundo das loterias n\u00e3o existem mais. De certa forma, eles ainda valem, pois voc\u00ea ainda precisa comprar seus bilhetes de loteria para o EuroMilh\u00f5es e outras loterias de todo o mundo. Claro, voc\u00ea n\u00e3o vai viajar do Brasil para l\u00e1 duas vezes por semana para comprar suas passagens, pois isso exigiria uma quantidade absurda de tempo e dinheiro. Voc\u00ea pode contratar algu\u00e9m que more nos pa\u00edses onde deseja <a href=\"https:\/\/onlinelotto365.com\/pt-pt\/comprar-bilhetes\"> comprar bilhetes de loteria <\/a>, mas isso exigiria mais conhecimento e esfor\u00e7o do que a maioria das pessoas jamais pensaria em se comprometer.<\/p>\n<p>A resposta \u00e9 simplesmente compr\u00e1-los online, direto de casa, e ter um servi\u00e7o estimado e confi\u00e1vel para cuidar de todas as suas necessidades, incluindo comprar suas passagens em seu nome, guard\u00e1-las para voc\u00ea guard\u00e1-las, verificar seus n\u00fameros e notificar voc\u00ea se voc\u00ea ganhar, e ajudando voc\u00ea a receber seus ganhos.<\/p>\n<p>Este novo servi\u00e7o torna os sonhos das pessoas realidade &#8211; poder comprar seus bilhetes de loteria online e ter tudo sob controle para eles agora se tornou uma realidade. Al\u00e9m de comprar todos os bilhetes da EuroMilh\u00f5es de forma muito conveniente, tamb\u00e9m oferecemos compras online de bilhetes para os maiores e mais populares sorteios de loteria do mundo.<\/p>\n<h2>Como pagar o seu bilhete Euromilh\u00f5es online<\/h2>\n<p>Existem v\u00e1rias op\u00e7\u00f5es de pagamento, incluindo transfer\u00eancia banc\u00e1ria, cart\u00e3o de cr\u00e9dito e Bitcoin ou outras criptomoedas. Nossos protocolos de criptografia digital garantem a seguran\u00e7a de seus dados.<\/p>\n<p>Voc\u00ea pode optar por pagar diretamente por seus pedidos ou depositar qualquer quantia que desejar e, posteriormente, usar os fundos de sua conta de cliente para comprar quantos ingressos online desejar.<\/p>\n<h2>Mais informa\u00e7\u00f5es sobre Euromilh\u00f5es<\/h2>\n<ul>\n<li>A loteria \u00e9 realizada onde: diversos pa\u00edses europeus<\/li>\n<li>Quantos n\u00fameros principais escolher: 50<\/li>\n<li>Voc\u00ea deve selecionar: 5<\/li>\n<li>Quantos n\u00fameros extras para escolher: 12<\/li>\n<li>Voc\u00ea deve selecionar: 2<\/li>\n<li>Dias e horas do sorteio: ter\u00e7a, sexta-feira, 19:30 GMT &#8211; 20:30 CET<\/li>\n<li>Jackpot m\u00ednimo: \u20ac 17 milh\u00f5es<\/li>\n<li>Montante m\u00e1ximo do jackpot: \u20ac 190 milh\u00f5es<\/li>\n<li>Poss\u00edveis combina\u00e7\u00f5es de n\u00fameros para ganhar o jackpot: 1 em 186.450.880<\/li>\n<li>Combina\u00e7\u00e3o de n\u00fameros poss\u00edveis para uma vit\u00f3ria de n\u00edvel 2: 1 em 2.118.760<\/li>\n<li>Probabilidade de vencer em qualquer n\u00edvel: 1 em 12,98<\/li>\n<li>Quantos n\u00edveis de pr\u00eamio: 13<\/li>\n<li>Sorteios especiais para Euromilh\u00f5es: tr\u00eas vezes por ano, o jackpot \u00e9 definido em \u20ac 140 milh\u00f5es<\/li>\n<\/ul>\n<p>Assim que o jackpot atingir 190 milh\u00f5es de euros, ele \u00e9 limitado e novos aumentos s\u00e3o adicionados aos outros pr\u00eamios. Os organizadores da loteria consideram este tamanho de jackpot grande o suficiente, ao que parece, e \u00e9 definitivamente mais do que dinheiro suficiente para satisfazer qualquer um de n\u00f3s. O pensamento deles, por\u00e9m, \u00e9 que, neste ponto, eles criaram uma empolga\u00e7\u00e3o mais do que suficiente para o jackpot e agora podem fazer a mesma coisa com os outros pr\u00eamios. Mas os pr\u00eamios de n\u00edvel inferior ser\u00e3o muito maiores depois que o jackpot for limitado. Isso significa que, nesse ponto, o <a href=\"https:\/\/onlinelotto365.com\/pt-pt\">loteria fica ainda mais atraente <\/a>. Afinal, as chances de ganhar um pr\u00eamio de segundo n\u00edvel s\u00e3o muito melhores, em compara\u00e7\u00e3o com a probabilidade de ganhar o jackpot.<\/p>\n<p>Al\u00e9m disso, a Euromilh\u00f5es oferece o chamado Superdraw tr\u00eas vezes por ano. Isso significa que eles simplesmente definiram o jackpot em \u20ac 130 milh\u00f5es. E pode at\u00e9 ficar maior do que isso se ningu\u00e9m ganhar.<\/p>\n<h2>Como verificar os resultados da Powerball<\/h2>\n<p>Voc\u00ea pode visitar nosso site novamente para <a href=\"https:\/\/onlinelotto365.com\/pt-pt\/news\/ver-bilhete-de-lotaria-online\"> verificar seus ingressos <\/a> ou, se preferir, pode apenas esperar o e-mail que enviamos para voc\u00ea quando voc\u00ea ganha. Dependendo de quanto voc\u00ea ganhar, iremos aconselh\u00e1-lo e ajud\u00e1-lo a cobrar.<\/p>\n<h2>Voc\u00ea jogou Euromilh\u00f5es online e ganhou &#8211; o que acontece a seguir?<\/h2>\n<p>H\u00e1 um total de 13 pagamentos de pr\u00eamios diferentes neste evento de loteria, come\u00e7ando por acertar apenas dois n\u00fameros dos 5 principais, acertar todos os 5 mais os n\u00fameros de estrelas da sorte e ganhar o montante do jackpot. Al\u00e9m de seus enormes montantes de jackpot, a <strong> EuroMilh\u00f5es tamb\u00e9m oferece a seus jogadores uma chance maior de ganhar <\/strong> alguma forma de pagamento do que voc\u00ea normalmente v\u00ea em grandes loterias.<\/p>\n<p>Os sorteios s\u00e3o duas vezes por semana, ter\u00e7as e sextas-feiras, \u00e0s 21h, hor\u00e1rio do Reino Unido. Os jogadores escolhem 5 n\u00fameros de 1 a 50, bem como 2 n\u00fameros de estrela da sorte de 1 a 11. Oferecemos aos jogadores a op\u00e7\u00e3o de escolher seus pr\u00f3prios n\u00fameros ou deixar que seus computadores escolham n\u00fameros aleat\u00f3rios.<\/p>\n<h2>Agora que j\u00e1 sabe, tem o poder<\/h2>\n<p>N\u00e3o estamos mais exclu\u00eddos de grandes loterias como a EuroMilh\u00f5es apenas com base em onde vivemos. Agora podemos comprar os bilhetes de loteria que quisermos, at\u00e9 mesmo do Brasil e ningu\u00e9m pode nos impedir. A internet realmente abriu o mundo, e agora isso finalmente se estendeu \u00e0s loterias. Nossa espera acabou.<\/p>\n<p>Assim, com tanto entusiasmo da loteria agora t\u00e3o dispon\u00edvel, n\u00e3o h\u00e1 nenhuma boa raz\u00e3o para negar a n\u00f3s mesmos a divers\u00e3o que est\u00e1 reservada para n\u00f3s.<\/p>\n","protected":false},"excerpt":{"rendered":"<p>A EuroMilh\u00f5es come\u00e7ou em 2004 como um esfor\u00e7o cooperativo entre os operadores de loteria nacionais da Fran\u00e7a, Espanha e Reino Unido. Demorou dez anos para chegar a um acordo entre os pa\u00edses, ent\u00e3o, uma vez iniciado, foi definitivamente muito bem organizado, como continua a ser o caso. O plano era oferecer aos jogadores de loteria [&hellip;]<\/p>\n","protected":false},"author":1,"featured_media":0,"parent":5031,"menu_order":3,"comment_status":"closed","ping_status":"closed","template":"euromillions.php","meta":{"_et_pb_use_builder":"","_et_pb_old_content":"","_et_gb_content_width":"","exclude_from_search":false,"footnotes":""},"class_list":["post-11938","page","type-page","status-publish","hentry"],"yoast_head":"<!-- This site is optimized with the Yoast SEO plugin v23.4 - https:\/\/yoast.com\/wordpress\/plugins\/seo\/ -->\n<title>Sobre o Euromilh\u00f5es, como jogar online<\/title>\n<meta name=\"description\" content=\"Jogue na EuroMillions Lotto, com um bilhete online, mesmo do Brasil.\" \/>\n<meta name=\"robots\" content=\"index, follow, max-snippet:-1, max-image-preview:large, max-video-preview:-1\" \/>\n<link rel=\"canonical\" href=\"https:\/\/onlinelotto365.com\/pt-pt\/jogar\/euromillions\/\" \/>\n<meta property=\"og:locale\" content=\"pt_PT\" \/>\n<meta property=\"og:type\" content=\"article\" \/>\n<meta property=\"og:title\" content=\"Sobre o Euromilh\u00f5es, como jogar online\" \/>\n<meta property=\"og:description\" content=\"Jogue na EuroMillions Lotto, com um bilhete online, mesmo do Brasil.\" \/>\n<meta property=\"og:url\" content=\"https:\/\/onlinelotto365.com\/pt-pt\/jogar\/euromillions\/\" \/>\n<meta property=\"og:site_name\" content=\"OnlineLotto365\" \/>\n<meta property=\"article:modified_time\" content=\"2021-01-10T10:07:04+00:00\" \/>\n<meta property=\"og:image\" content=\"https:\/\/redfoxlotto.com\/image?size=8&amp;lottery=euromillions\" \/>\n<meta name=\"twitter:card\" content=\"summary_large_image\" \/>\n<meta name=\"twitter:label1\" content=\"Tempo estimado de leitura\" \/>\n\t<meta name=\"twitter:data1\" content=\"6 minutos\" \/>\n<script type=\"application\/ld+json\" class=\"yoast-schema-graph\">{\"@context\":\"https:\/\/schema.org\",\"@graph\":[{\"@type\":\"WebPage\",\"@id\":\"https:\/\/onlinelotto365.com\/pt-pt\/jogar\/euromillions\/\",\"url\":\"https:\/\/onlinelotto365.com\/pt-pt\/jogar\/euromillions\/\",\"name\":\"Sobre o Euromilh\u00f5es, como jogar online\",\"isPartOf\":{\"@id\":\"https:\/\/onlinelotto365.com\/pt-pt\/#website\"},\"primaryImageOfPage\":{\"@id\":\"https:\/\/onlinelotto365.com\/pt-pt\/jogar\/euromillions\/#primaryimage\"},\"image\":{\"@id\":\"https:\/\/onlinelotto365.com\/pt-pt\/jogar\/euromillions\/#primaryimage\"},\"thumbnailUrl\":\"https:\/\/redfoxlotto.com\/image?size=8&amp;lottery=euromillions\",\"datePublished\":\"2020-12-21T08:26:44+00:00\",\"dateModified\":\"2021-01-10T10:07:04+00:00\",\"description\":\"Jogue na EuroMillions Lotto, com um bilhete online, mesmo do Brasil.\",\"breadcrumb\":{\"@id\":\"https:\/\/onlinelotto365.com\/pt-pt\/jogar\/euromillions\/#breadcrumb\"},\"inLanguage\":\"pt-PT\",\"potentialAction\":[{\"@type\":\"ReadAction\",\"target\":[\"https:\/\/onlinelotto365.com\/pt-pt\/jogar\/euromillions\/\"]}]},{\"@type\":\"ImageObject\",\"inLanguage\":\"pt-PT\",\"@id\":\"https:\/\/onlinelotto365.com\/pt-pt\/jogar\/euromillions\/#primaryimage\",\"url\":\"https:\/\/redfoxlotto.com\/image?size=8&amp;lottery=euromillions\",\"contentUrl\":\"https:\/\/redfoxlotto.com\/image?size=8&amp;lottery=euromillions\"},{\"@type\":\"BreadcrumbList\",\"@id\":\"https:\/\/onlinelotto365.com\/pt-pt\/jogar\/euromillions\/#breadcrumb\",\"itemListElement\":[{\"@type\":\"ListItem\",\"position\":1,\"name\":\"Home\",\"item\":\"https:\/\/onlinelotto365.com\/pt-pt\/\"},{\"@type\":\"ListItem\",\"position\":2,\"name\":\"Tudo o que precisa de saber sobre as suas op\u00e7\u00f5es para jogar as melhores lotarias online\",\"item\":\"https:\/\/onlinelotto365.com\/pt-pt\/play\/\"},{\"@type\":\"ListItem\",\"position\":3,\"name\":\"EuroMillions \u00e9 a maior lotaria da Europa\"}]},{\"@type\":\"WebSite\",\"@id\":\"https:\/\/onlinelotto365.com\/pt-pt\/#website\",\"url\":\"https:\/\/onlinelotto365.com\/pt-pt\/\",\"name\":\"OnlineLotto365\",\"description\":\"\",\"potentialAction\":[{\"@type\":\"SearchAction\",\"target\":{\"@type\":\"EntryPoint\",\"urlTemplate\":\"https:\/\/onlinelotto365.com\/pt-pt\/?s={search_term_string}\"},\"query-input\":{\"@type\":\"PropertyValueSpecification\",\"valueRequired\":true,\"valueName\":\"search_term_string\"}}],\"inLanguage\":\"pt-PT\"}]}<\/script>\n<!-- \/ Yoast SEO plugin. -->","yoast_head_json":{"title":"Sobre o Euromilh\u00f5es, como jogar online","description":"Jogue na EuroMillions Lotto, com um bilhete online, mesmo do Brasil.","robots":{"index":"index","follow":"follow","max-snippet":"max-snippet:-1","max-image-preview":"max-image-preview:large","max-video-preview":"max-video-preview:-1"},"canonical":"https:\/\/onlinelotto365.com\/pt-pt\/jogar\/euromillions\/","og_locale":"pt_PT","og_type":"article","og_title":"Sobre o Euromilh\u00f5es, como jogar online","og_description":"Jogue na EuroMillions Lotto, com um bilhete online, mesmo do Brasil.","og_url":"https:\/\/onlinelotto365.com\/pt-pt\/jogar\/euromillions\/","og_site_name":"OnlineLotto365","article_modified_time":"2021-01-10T10:07:04+00:00","og_image":[{"url":"https:\/\/redfoxlotto.com\/image?size=8&amp;lottery=euromillions"}],"twitter_card":"summary_large_image","twitter_misc":{"Tempo estimado de leitura":"6 minutos"},"schema":{"@context":"https:\/\/schema.org","@graph":[{"@type":"WebPage","@id":"https:\/\/onlinelotto365.com\/pt-pt\/jogar\/euromillions\/","url":"https:\/\/onlinelotto365.com\/pt-pt\/jogar\/euromillions\/","name":"Sobre o Euromilh\u00f5es, como jogar online","isPartOf":{"@id":"https:\/\/onlinelotto365.com\/pt-pt\/#website"},"primaryImageOfPage":{"@id":"https:\/\/onlinelotto365.com\/pt-pt\/jogar\/euromillions\/#primaryimage"},"image":{"@id":"https:\/\/onlinelotto365.com\/pt-pt\/jogar\/euromillions\/#primaryimage"},"thumbnailUrl":"https:\/\/redfoxlotto.com\/image?size=8&amp;lottery=euromillions","datePublished":"2020-12-21T08:26:44+00:00","dateModified":"2021-01-10T10:07:04+00:00","description":"Jogue na EuroMillions Lotto, com um bilhete online, mesmo do Brasil.","breadcrumb":{"@id":"https:\/\/onlinelotto365.com\/pt-pt\/jogar\/euromillions\/#breadcrumb"},"inLanguage":"pt-PT","potentialAction":[{"@type":"ReadAction","target":["https:\/\/onlinelotto365.com\/pt-pt\/jogar\/euromillions\/"]}]},{"@type":"ImageObject","inLanguage":"pt-PT","@id":"https:\/\/onlinelotto365.com\/pt-pt\/jogar\/euromillions\/#primaryimage","url":"https:\/\/redfoxlotto.com\/image?size=8&amp;lottery=euromillions","contentUrl":"https:\/\/redfoxlotto.com\/image?size=8&amp;lottery=euromillions"},{"@type":"BreadcrumbList","@id":"https:\/\/onlinelotto365.com\/pt-pt\/jogar\/euromillions\/#breadcrumb","itemListElement":[{"@type":"ListItem","position":1,"name":"Home","item":"https:\/\/onlinelotto365.com\/pt-pt\/"},{"@type":"ListItem","position":2,"name":"Tudo o que precisa de saber sobre as suas op\u00e7\u00f5es para jogar as melhores lotarias online","item":"https:\/\/onlinelotto365.com\/pt-pt\/play\/"},{"@type":"ListItem","position":3,"name":"EuroMillions \u00e9 a maior lotaria da Europa"}]},{"@type":"WebSite","@id":"https:\/\/onlinelotto365.com\/pt-pt\/#website","url":"https:\/\/onlinelotto365.com\/pt-pt\/","name":"OnlineLotto365","description":"","potentialAction":[{"@type":"SearchAction","target":{"@type":"EntryPoint","urlTemplate":"https:\/\/onlinelotto365.com\/pt-pt\/?s={search_term_string}"},"query-input":{"@type":"PropertyValueSpecification","valueRequired":true,"valueName":"search_term_string"}}],"inLanguage":"pt-PT"}]}},"_links":{"self":[{"href":"https:\/\/onlinelotto365.com\/pt-pt\/wp-json\/wp\/v2\/pages\/11938","targetHints":{"allow":["GET"]}}],"collection":[{"href":"https:\/\/onlinelotto365.com\/pt-pt\/wp-json\/wp\/v2\/pages"}],"about":[{"href":"https:\/\/onlinelotto365.com\/pt-pt\/wp-json\/wp\/v2\/types\/page"}],"author":[{"embeddable":true,"href":"https:\/\/onlinelotto365.com\/pt-pt\/wp-json\/wp\/v2\/users\/1"}],"replies":[{"embeddable":true,"href":"https:\/\/onlinelotto365.com\/pt-pt\/wp-json\/wp\/v2\/comments?post=11938"}],"version-history":[{"count":0,"href":"https:\/\/onlinelotto365.com\/pt-pt\/wp-json\/wp\/v2\/pages\/11938\/revisions"}],"up":[{"embeddable":true,"href":"https:\/\/onlinelotto365.com\/pt-pt\/wp-json\/wp\/v2\/pages\/5031"}],"wp:attachment":[{"href":"https:\/\/onlinelotto365.com\/pt-pt\/wp-json\/wp\/v2\/media?parent=11938"}],"curies":[{"name":"wp","href":"https:\/\/api.w.org\/{rel}","templated":true}]}}