{"id":11940,"date":"2020-12-21T09:27:40","date_gmt":"2020-12-21T08:27:40","guid":{"rendered":"http:\/\/onlinelotto365.net\/?page_id=11940"},"modified":"2021-01-10T11:07:05","modified_gmt":"2021-01-10T10:07:05","slug":"eurojackpot","status":"publish","type":"page","link":"https:\/\/onlinelotto365.com\/pt-pt\/jogar\/eurojackpot\/","title":{"rendered":"Jogue o Eurojackpot com um bilhete online"},"content":{"rendered":"<h2>Sobre o Eurojackpot<\/h2>\n<p>Esta loteria europeia foi criada com a coopera\u00e7\u00e3o de v\u00e1rias autoridades lot\u00e9ricas europeias. Atualmente, voc\u00ea pode jogar no Eurojackpot com bilhetes dispon\u00edveis na sua loja lot\u00e9rica local, se voc\u00ea viver em um dos pa\u00edses participantes. Esses pa\u00edses s\u00e3o Cro\u00e1cia, Rep\u00fablica Tcheca, Dinamarca, Est\u00f4nia, Finl\u00e2ndia, Alemanha, Hungria, Isl\u00e2ndia, It\u00e1lia, Let\u00f4nia, Litu\u00e2nia, Noruega, Pol\u00f4nia, Eslov\u00e1quia, Eslov\u00eania, Espanha, Su\u00e9cia e Holanda.<br \/>\n<a href=\"https:\/\/redfoxlotto.com\/pt\/eurojackpot\/?ref=a8564250a2&amp;medium=ol365\" target=\"_blank\" rel=\"noopener noreferrer\"> <img decoding=\"async\" class=\"aligncenter\" src=\"https:\/\/redfoxlotto.com\/image?size=8&amp;lottery=eurojackpot\" alt=\"Eurojackpot\" \/> <\/a><\/p>\n<p>Se voc\u00ea mora em um pa\u00eds que n\u00e3o est\u00e1 na lista, sua \u00fanica op\u00e7\u00e3o \u00e9 jogar o Eurojackpot online. Depois de descobrir essa op\u00e7\u00e3o, voc\u00ea ver\u00e1 que h\u00e1 muito mais op\u00e7\u00f5es. Nosso site n\u00e3o apenas torna mais f\u00e1cil para voc\u00ea jogar no Eurojackpot online do Brasil. Tamb\u00e9m oferecemos acesso a outras <a href=\"https:\/\/onlinelotto365.com\/pt-pt\"> loterias de classe mundial com enormes jackpots <\/a>.<\/p>\n<ul>\n<li>Pa\u00eds: diversos Pa\u00edses europeus, veja acima<\/li>\n<li>Faixa de n\u00fameros principais: 50<\/li>\n<li>Voc\u00ea deve selecionar: 5<\/li>\n<li>Intervalo de n\u00fameros extras: 10<\/li>\n<li>Voc\u00ea deve selecionar: 2<\/li>\n<li>Dias, horas dos sorteios: sexta-feira,,, 21:00 CET &#8211; 21:00 CET<\/li>\n<li>O jackpot come\u00e7a em: \u20ac 10 milh\u00f5es<\/li>\n<li>O jackpot \u00e9 limitado a: \u20ac 90 milh\u00f5es<\/li>\n<li>Chance de ganhar o jackpot: 1 em 135600640<\/li>\n<li>Chance de ganhar o segundo pr\u00eamio: 1 em 2118760<\/li>\n<li>Chance de ganhar qualquer pr\u00eamio: 1 em 26,39<\/li>\n<li>N\u00famero de categorias de pr\u00eamios: 12<\/li>\n<\/ul>\n<h2>Melhores recursos do Eurojackpot<\/h2>\n<p>No in\u00edcio, voc\u00ea notar\u00e1 que o jackpot sempre come\u00e7a com uma quantia de pelo menos \u20ac 10 milh\u00f5es. Mas voc\u00ea tamb\u00e9m deve notar que o segundo n\u00edvel de pr\u00eamio tamb\u00e9m \u00e9 bastante atraente e tem chances muito melhores. Para ganhar o segundo pr\u00eamio, voc\u00ea deve ter todos os 5 n\u00fameros principais corretamente, mais um dos dois n\u00fameros extras. As probabilidades de que isso aconte\u00e7a s\u00e3o de aproximadamente 1 em 2 milh\u00f5es, e ganhar esse pr\u00eamio geralmente oferece um pagamento entre \u20ac 100.000 e \u20ac 500.000. Essa \u00e9 certamente uma raz\u00e3o boa o suficiente para jogar o Eurojackpot online do Brasil.<\/p>\n<p>Mas a principal raz\u00e3o pela qual voc\u00ea deve estar sempre de olho no Eurojackpot \u00e9 o que acontecer\u00e1 se o jackpot atingir \u20ac 90 milh\u00f5es, o que geralmente acontece algumas vezes por ano. Assim que o jackpot ultrapassa o limite de \u20ac 40 milh\u00f5es, tende a crescer rapidamente, porque mais pessoas jogam o Eurojackpot e mais bilhetes s\u00e3o vendidos. Ent\u00e3o, o que acontecer\u00e1 quando atingir seu limite de \u20ac 90 milh\u00f5es?<\/p>\n<p>Nesse ponto, todo o dinheiro adicional gasto pelos jogadores n\u00e3o aumentar\u00e1 o jackpot. Em vez disso, esses fundos transbordar\u00e3o para a categoria de segundo pr\u00eamio. Assim, com o pr\u00f3ximo sorteio, voc\u00ea n\u00e3o pode apenas jogar no Eurojackpot online por um jackpot de \u20ac 90 milh\u00f5es, mas tamb\u00e9m pode esperar um pagamento muito maior se ganhar no segundo n\u00edvel. E, desde que o jackpot de \u20ac 90 milh\u00f5es n\u00e3o seja obtido, o pr\u00eamio de segunda categoria pode ter sido ganho, mas dinheiro novo ser\u00e1 adicionado a cada sorteio.<\/p>\n<h2>Como verificar os resultados do Eurojackpot<\/h2>\n<p><a href=\"https:\/\/onlinelotto365.com\/pt-pt\/numeros-vencedores\/euromillions\"> Verifique os resultados <\/a> em um dos sites oficiais de loteria de um pa\u00eds participante ou, mais convenientemente, visite nosso site onde voc\u00ea pode Encontre os \u00faltimos resultados das loterias mais espetaculares do mundo. E, claro, al\u00e9m de poder jogar no Eurojackpot online do Brasil, voc\u00ea tamb\u00e9m tem a op\u00e7\u00e3o de simplesmente selecionar a loteria que atualmente tem o maior jackpot e jogar essa loteria online.<\/p>\n<h2>Voc\u00ea jogou o Eurojackpot online e ganhou &#8211; o que acontece a seguir?<\/h2>\n<p>Depois de descobrir que ganhou algo no Eurojackpot, voc\u00ea tamb\u00e9m receber\u00e1 uma notifica\u00e7\u00e3o nossa por e-mail. Sempre notificaremos nossos vencedores, ent\u00e3o n\u00e3o h\u00e1 chance de voc\u00ea perder uma vit\u00f3ria. E com todos os ganhos menores (menores ou iguais a \u20ac 2500), voc\u00ea encontrar\u00e1 o dinheiro que j\u00e1 ganhou na sua conta de jogador. Os fundos estar\u00e3o \u00e0 sua disposi\u00e7\u00e3o para saque logo ap\u00f3s o sorteio. Claro, voc\u00ea tamb\u00e9m pode optar por n\u00e3o sacar ou solicitar o pagamento de uma parte do seu saldo. Qualquer que seja o seu saldo, pode ser usado para jogar na loteria online e <a href=\"https:\/\/onlinelotto365.com\/pt-pt\/comprar-bilhetes\"> comprar novos bilhetes <\/a>.<\/p>\n","protected":false},"excerpt":{"rendered":"<p>Sobre o Eurojackpot Esta loteria europeia foi criada com a coopera\u00e7\u00e3o de v\u00e1rias autoridades lot\u00e9ricas europeias. Atualmente, voc\u00ea pode jogar no Eurojackpot com bilhetes dispon\u00edveis na sua loja lot\u00e9rica local, se voc\u00ea viver em um dos pa\u00edses participantes. Esses pa\u00edses s\u00e3o Cro\u00e1cia, Rep\u00fablica Tcheca, Dinamarca, Est\u00f4nia, Finl\u00e2ndia, Alemanha, Hungria, Isl\u00e2ndia, It\u00e1lia, Let\u00f4nia, Litu\u00e2nia, Noruega, Pol\u00f4nia, [&hellip;]<\/p>\n","protected":false},"author":1,"featured_media":0,"parent":5031,"menu_order":4,"comment_status":"closed","ping_status":"closed","template":"eurojackpot.php","meta":{"_et_pb_use_builder":"","_et_pb_old_content":"","_et_gb_content_width":"","exclude_from_search":false,"footnotes":""},"class_list":["post-11940","page","type-page","status-publish","hentry"],"yoast_head":"<!-- This site is optimized with the Yoast SEO plugin v23.4 - https:\/\/yoast.com\/wordpress\/plugins\/seo\/ -->\n<title>Eurojackpot para residentes do Brasil | Jogue Eurojackpot online aqui<\/title>\n<meta name=\"description\" content=\"A forma legal e f\u00e1cil de jogar Eurojackpot online e a partir do Brasil\" \/>\n<meta name=\"robots\" content=\"index, follow, max-snippet:-1, max-image-preview:large, max-video-preview:-1\" \/>\n<link rel=\"canonical\" href=\"https:\/\/onlinelotto365.com\/pt-pt\/jogar\/eurojackpot\/\" \/>\n<meta property=\"og:locale\" content=\"pt_PT\" \/>\n<meta property=\"og:type\" content=\"article\" \/>\n<meta property=\"og:title\" content=\"Eurojackpot para residentes do Brasil | Jogue Eurojackpot online aqui\" \/>\n<meta property=\"og:description\" content=\"A forma legal e f\u00e1cil de jogar Eurojackpot online e a partir do Brasil\" \/>\n<meta property=\"og:url\" content=\"https:\/\/onlinelotto365.com\/pt-pt\/jogar\/eurojackpot\/\" \/>\n<meta property=\"og:site_name\" content=\"OnlineLotto365\" \/>\n<meta property=\"article:modified_time\" content=\"2021-01-10T10:07:05+00:00\" \/>\n<meta property=\"og:image\" content=\"https:\/\/redfoxlotto.com\/image?size=8&amp;lottery=eurojackpot\" \/>\n<meta name=\"twitter:card\" content=\"summary_large_image\" \/>\n<meta name=\"twitter:label1\" content=\"Tempo estimado de leitura\" \/>\n\t<meta name=\"twitter:data1\" content=\"3 minutos\" \/>\n<script type=\"application\/ld+json\" class=\"yoast-schema-graph\">{\"@context\":\"https:\/\/schema.org\",\"@graph\":[{\"@type\":\"WebPage\",\"@id\":\"https:\/\/onlinelotto365.com\/pt-pt\/jogar\/eurojackpot\/\",\"url\":\"https:\/\/onlinelotto365.com\/pt-pt\/jogar\/eurojackpot\/\",\"name\":\"Eurojackpot para residentes do Brasil | Jogue Eurojackpot online aqui\",\"isPartOf\":{\"@id\":\"https:\/\/onlinelotto365.com\/pt-pt\/#website\"},\"primaryImageOfPage\":{\"@id\":\"https:\/\/onlinelotto365.com\/pt-pt\/jogar\/eurojackpot\/#primaryimage\"},\"image\":{\"@id\":\"https:\/\/onlinelotto365.com\/pt-pt\/jogar\/eurojackpot\/#primaryimage\"},\"thumbnailUrl\":\"https:\/\/redfoxlotto.com\/image?size=8&amp;lottery=eurojackpot\",\"datePublished\":\"2020-12-21T08:27:40+00:00\",\"dateModified\":\"2021-01-10T10:07:05+00:00\",\"description\":\"A forma legal e f\u00e1cil de jogar Eurojackpot online e a partir do Brasil\",\"breadcrumb\":{\"@id\":\"https:\/\/onlinelotto365.com\/pt-pt\/jogar\/eurojackpot\/#breadcrumb\"},\"inLanguage\":\"pt-PT\",\"potentialAction\":[{\"@type\":\"ReadAction\",\"target\":[\"https:\/\/onlinelotto365.com\/pt-pt\/jogar\/eurojackpot\/\"]}]},{\"@type\":\"ImageObject\",\"inLanguage\":\"pt-PT\",\"@id\":\"https:\/\/onlinelotto365.com\/pt-pt\/jogar\/eurojackpot\/#primaryimage\",\"url\":\"https:\/\/redfoxlotto.com\/image?size=8&amp;lottery=eurojackpot\",\"contentUrl\":\"https:\/\/redfoxlotto.com\/image?size=8&amp;lottery=eurojackpot\"},{\"@type\":\"BreadcrumbList\",\"@id\":\"https:\/\/onlinelotto365.com\/pt-pt\/jogar\/eurojackpot\/#breadcrumb\",\"itemListElement\":[{\"@type\":\"ListItem\",\"position\":1,\"name\":\"Home\",\"item\":\"https:\/\/onlinelotto365.com\/pt-pt\/\"},{\"@type\":\"ListItem\",\"position\":2,\"name\":\"Tudo o que precisa de saber sobre as suas op\u00e7\u00f5es para jogar as melhores lotarias online\",\"item\":\"https:\/\/onlinelotto365.com\/pt-pt\/play\/\"},{\"@type\":\"ListItem\",\"position\":3,\"name\":\"Jogue o Eurojackpot com um bilhete online\"}]},{\"@type\":\"WebSite\",\"@id\":\"https:\/\/onlinelotto365.com\/pt-pt\/#website\",\"url\":\"https:\/\/onlinelotto365.com\/pt-pt\/\",\"name\":\"OnlineLotto365\",\"description\":\"\",\"potentialAction\":[{\"@type\":\"SearchAction\",\"target\":{\"@type\":\"EntryPoint\",\"urlTemplate\":\"https:\/\/onlinelotto365.com\/pt-pt\/?s={search_term_string}\"},\"query-input\":{\"@type\":\"PropertyValueSpecification\",\"valueRequired\":true,\"valueName\":\"search_term_string\"}}],\"inLanguage\":\"pt-PT\"}]}<\/script>\n<!-- \/ Yoast SEO plugin. -->","yoast_head_json":{"title":"Eurojackpot para residentes do Brasil | Jogue Eurojackpot online aqui","description":"A forma legal e f\u00e1cil de jogar Eurojackpot online e a partir do Brasil","robots":{"index":"index","follow":"follow","max-snippet":"max-snippet:-1","max-image-preview":"max-image-preview:large","max-video-preview":"max-video-preview:-1"},"canonical":"https:\/\/onlinelotto365.com\/pt-pt\/jogar\/eurojackpot\/","og_locale":"pt_PT","og_type":"article","og_title":"Eurojackpot para residentes do Brasil | Jogue Eurojackpot online aqui","og_description":"A forma legal e f\u00e1cil de jogar Eurojackpot online e a partir do Brasil","og_url":"https:\/\/onlinelotto365.com\/pt-pt\/jogar\/eurojackpot\/","og_site_name":"OnlineLotto365","article_modified_time":"2021-01-10T10:07:05+00:00","og_image":[{"url":"https:\/\/redfoxlotto.com\/image?size=8&amp;lottery=eurojackpot"}],"twitter_card":"summary_large_image","twitter_misc":{"Tempo estimado de leitura":"3 minutos"},"schema":{"@context":"https:\/\/schema.org","@graph":[{"@type":"WebPage","@id":"https:\/\/onlinelotto365.com\/pt-pt\/jogar\/eurojackpot\/","url":"https:\/\/onlinelotto365.com\/pt-pt\/jogar\/eurojackpot\/","name":"Eurojackpot para residentes do Brasil | Jogue Eurojackpot online aqui","isPartOf":{"@id":"https:\/\/onlinelotto365.com\/pt-pt\/#website"},"primaryImageOfPage":{"@id":"https:\/\/onlinelotto365.com\/pt-pt\/jogar\/eurojackpot\/#primaryimage"},"image":{"@id":"https:\/\/onlinelotto365.com\/pt-pt\/jogar\/eurojackpot\/#primaryimage"},"thumbnailUrl":"https:\/\/redfoxlotto.com\/image?size=8&amp;lottery=eurojackpot","datePublished":"2020-12-21T08:27:40+00:00","dateModified":"2021-01-10T10:07:05+00:00","description":"A forma legal e f\u00e1cil de jogar Eurojackpot online e a partir do Brasil","breadcrumb":{"@id":"https:\/\/onlinelotto365.com\/pt-pt\/jogar\/eurojackpot\/#breadcrumb"},"inLanguage":"pt-PT","potentialAction":[{"@type":"ReadAction","target":["https:\/\/onlinelotto365.com\/pt-pt\/jogar\/eurojackpot\/"]}]},{"@type":"ImageObject","inLanguage":"pt-PT","@id":"https:\/\/onlinelotto365.com\/pt-pt\/jogar\/eurojackpot\/#primaryimage","url":"https:\/\/redfoxlotto.com\/image?size=8&amp;lottery=eurojackpot","contentUrl":"https:\/\/redfoxlotto.com\/image?size=8&amp;lottery=eurojackpot"},{"@type":"BreadcrumbList","@id":"https:\/\/onlinelotto365.com\/pt-pt\/jogar\/eurojackpot\/#breadcrumb","itemListElement":[{"@type":"ListItem","position":1,"name":"Home","item":"https:\/\/onlinelotto365.com\/pt-pt\/"},{"@type":"ListItem","position":2,"name":"Tudo o que precisa de saber sobre as suas op\u00e7\u00f5es para jogar as melhores lotarias online","item":"https:\/\/onlinelotto365.com\/pt-pt\/play\/"},{"@type":"ListItem","position":3,"name":"Jogue o Eurojackpot com um bilhete online"}]},{"@type":"WebSite","@id":"https:\/\/onlinelotto365.com\/pt-pt\/#website","url":"https:\/\/onlinelotto365.com\/pt-pt\/","name":"OnlineLotto365","description":"","potentialAction":[{"@type":"SearchAction","target":{"@type":"EntryPoint","urlTemplate":"https:\/\/onlinelotto365.com\/pt-pt\/?s={search_term_string}"},"query-input":{"@type":"PropertyValueSpecification","valueRequired":true,"valueName":"search_term_string"}}],"inLanguage":"pt-PT"}]}},"_links":{"self":[{"href":"https:\/\/onlinelotto365.com\/pt-pt\/wp-json\/wp\/v2\/pages\/11940","targetHints":{"allow":["GET"]}}],"collection":[{"href":"https:\/\/onlinelotto365.com\/pt-pt\/wp-json\/wp\/v2\/pages"}],"about":[{"href":"https:\/\/onlinelotto365.com\/pt-pt\/wp-json\/wp\/v2\/types\/page"}],"author":[{"embeddable":true,"href":"https:\/\/onlinelotto365.com\/pt-pt\/wp-json\/wp\/v2\/users\/1"}],"replies":[{"embeddable":true,"href":"https:\/\/onlinelotto365.com\/pt-pt\/wp-json\/wp\/v2\/comments?post=11940"}],"version-history":[{"count":0,"href":"https:\/\/onlinelotto365.com\/pt-pt\/wp-json\/wp\/v2\/pages\/11940\/revisions"}],"up":[{"embeddable":true,"href":"https:\/\/onlinelotto365.com\/pt-pt\/wp-json\/wp\/v2\/pages\/5031"}],"wp:attachment":[{"href":"https:\/\/onlinelotto365.com\/pt-pt\/wp-json\/wp\/v2\/media?parent=11940"}],"curies":[{"name":"wp","href":"https:\/\/api.w.org\/{rel}","templated":true}]}}