{"id":11942,"date":"2020-12-21T09:28:53","date_gmt":"2020-12-21T08:28:53","guid":{"rendered":"http:\/\/onlinelotto365.net\/?page_id=11942"},"modified":"2021-01-06T14:48:43","modified_gmt":"2021-01-06T13:48:43","slug":"superenalotto","status":"publish","type":"page","link":"https:\/\/onlinelotto365.com\/pt-pt\/jogar\/superenalotto\/","title":{"rendered":"Adquira os seus bilhetes para o Superenalotto a partir de qualquer lugar"},"content":{"rendered":"<p>Durante anos, as pessoas desejaram jogar na loteria em outras partes do mundo. O desafio aqui n\u00e3o foi realmente a relut\u00e2ncia de v\u00e1rias <a href=\"https:\/\/onlinelotto365.com\/pt-pt\/news\/como-jogar-na-loteria-internacional\"> loterias em aceitar jogadores de loterias internacionais <\/a>. \u00c9 que voc\u00ea tem que estar fisicamente no pa\u00eds ou regi\u00e3o onde a loteria est\u00e1 sendo realizada para poder jogar corretamente.<\/p>\n<p>Para come\u00e7ar, voc\u00ea precisa <strong> visitar um revendedor de loteria que vende a loteria para a qual deseja comprar ingressos. <\/strong> Ent\u00e3o, isso significa estar no pa\u00eds, n\u00e3o apenas uma vez, mas todas as vezes que quiser comprar ingressos. Ent\u00e3o, isso significa fazer uma viagem do Brasil \u00e0 It\u00e1lia para comprar bilhetes de loteria para os tr\u00eas sorteios que o Superenalotto realiza a cada semana.<\/p>\n<p>Ent\u00e3o voc\u00ea tem que se mudar para l\u00e1 ou contratar algu\u00e9m na It\u00e1lia para fazer isso por voc\u00ea. Isso simplesmente n\u00e3o \u00e9 algo que somos capazes de fazer. Enquanto isso, voc\u00ea precisar\u00e1 contratar pessoas em todos os outros pa\u00edses que apresentam grandes loterias para fazer suas licita\u00e7\u00f5es por voc\u00ea. Isso custaria uma fortuna.<\/p>\n<p>Mas h\u00e1 uma \u00f3tima alternativa agora &#8211; <strong> apenas jogue online aqui em nosso site! <\/strong><\/p>\n<p><a href=\"https:\/\/redfoxlotto.com\/pt\/superenalotto\/?ref=a8564250a2&amp;medium=ol365\" target=\"_blank\" rel=\"noopener noreferrer\"> <img decoding=\"async\" class=\"aligncenter\" src=\"https:\/\/redfoxlotto.com\/image?size=8&amp;lottery=superenalotto\" alt=\"superenalotto\" \/> <\/a><\/p>\n<h2>Temos todas as suas necessidades de loteria atendidas<\/h2>\n<p>J\u00e1 descobrimos tudo sobre como coloc\u00e1-lo no jogo com o Superenalotto, al\u00e9m de todas as <a href=\"https:\/\/onlinelotto365.com\/pt-pt\/jogar\"> outras loterias importantes <\/a> no mundo. Voc\u00ea simplesmente compra os bilhetes de loteria que quiser de n\u00f3s online e do Brasil, e n\u00f3s fazemos todo o resto por voc\u00ea.<\/p>\n<p>Compramos os bilhetes em seu nome e, ao contr\u00e1rio dos bilhetes de loteria normais que podem ser trocados por quem os possui, n\u00f3s os mantemos para voc\u00ea. Em seguida, monitoramos os sorteios para voc\u00ea para que n\u00e3o precise se n\u00e3o quiser, e avisamos sempre que voc\u00ea ganha.<\/p>\n<h2>Mais informa\u00e7\u00f5es sobre Superenalotto<\/h2>\n<ul>\n<li>A loteria \u00e9 realizada onde: It\u00e1lia<\/li>\n<li>Quantos n\u00fameros principais escolher: 90<\/li>\n<li>Voc\u00ea deve selecionar: 6<\/li>\n<li>Quantos n\u00fameros extras escolher: nenhum<\/li>\n<li>Voc\u00ea deve selecionar: nenhum<\/li>\n<li>Dias e horas do sorteio: ter\u00e7a, quinta, s\u00e1bado, 19:00 GMT, 21:00 CET<\/li>\n<li>Jackpot m\u00ednimo: \u20ac 2 milh\u00f5es<\/li>\n<li>Montante m\u00e1ximo do jackpot: nenhum<\/li>\n<li>Poss\u00edveis combina\u00e7\u00f5es de n\u00fameros para ganhar o jackpot: 1 em 622.614.630<\/li>\n<li>Combina\u00e7\u00e3o de n\u00fameros poss\u00edveis para uma vit\u00f3ria de n\u00edvel 2: 1 em 103.769.105<\/li>\n<li>Probabilidade de vencer em qualquer n\u00edvel: 1 em 20,58<\/li>\n<li>Quantos n\u00edveis de pr\u00eamio: v<\/li>\n<\/ul>\n<p>Para jogar o Superenalotto, voc\u00ea escolhe 6 n\u00fameros de um total de 90 n\u00fameros poss\u00edveis. Voc\u00ea tamb\u00e9m precisa escolher o que eles chamam de n\u00famero Jolly entre os 90 tamb\u00e9m.<\/p>\n<p><strong> Para ganhar o jackpot, <\/strong> voc\u00ea deve acertar todos os 6 n\u00fameros normais. Se voc\u00ea acertar 5 mais o n\u00famero Jolly, voc\u00ea ganha o segundo pr\u00eamio. 5 n\u00fameros sem o n\u00famero Jolly garantem o pagamento do terceiro lugar, 4 n\u00fameros corretos garantem o quarto lugar e apenas 3 n\u00fameros garantem o pagamento tamb\u00e9m.<\/p>\n<p>Os sorteios s\u00e3o realizados 3 vezes por semana, \u00e0s ter\u00e7as, quintas e s\u00e1bados, \u00e0s 20h, hor\u00e1rio da It\u00e1lia. Fornecemos uma contagem regressiva cont\u00ednua para o pr\u00f3ximo sorteio do Superenalotto, al\u00e9m de todas as outras grandes loterias que oferecem bilhetes online, para que voc\u00ea sempre saiba quanto tempo ainda tem.<\/p>\n<h2>Vantagens de jogar Superenalotto online<\/h2>\n<p>Muitos <strong> jogadores da loteria global gostam de escolher v\u00e1rias loterias para jogar <\/strong>, especialmente porque cada uma delas oferece regularmente grandes jackpots. Na verdade, quanto mais desenhos voc\u00ea estiver envolvido, melhor.<\/p>\n<p>Portanto, embora os jackpots com o Superenalotto possam n\u00e3o se comparar a algumas das maiores loterias, por exemplo, o <a href=\"https:\/\/onlinelotto365.com\/pt-pt\/comprar-bilhetes\/euromillions\"> EuroMilh\u00f5es <\/a>, o <a href=\"https:\/\/onlinelotto365.com\/pt-pt\/comprar-bilhetes\/powerball\"> Powerball <\/a> ou <a href=\"https:\/\/onlinelotto365.com\/pt-pt\/comprar-bilhetes\/mega-millions\"> Mega Milh\u00f5es <\/a>, voc\u00ea tamb\u00e9m vai querer jog\u00e1-los. O Superenalotto n\u00e3o \u00e9 uma batata pequena, por\u00e9m, com jackpots t\u00edpicos muitas vezes na casa de dezenas de milh\u00f5es de euros. Ent\u00e3o, com os 3 desenhos extras por semana que o Superenalotto oferece, s\u00e3o 3 desenhos a mais por semana de divers\u00e3o do que voc\u00ea ter\u00e1 se n\u00e3o jogar.<\/p>\n<p>Portanto, com 3 chances extras de ganhar um grande pr\u00eamio, n\u00e3o \u00e9 dif\u00edcil entender por que tantas pessoas no Brasil gostam desta loteria. J\u00e1 que voc\u00ea pode comprar seus ingressos convenientemente online agora, n\u00e3o h\u00e1 uma boa raz\u00e3o para n\u00e3o jogar. Distribuir seu dinheiro para mais loterias \u00e9 o objetivo, aumentando muito a empolga\u00e7\u00e3o que voc\u00ea ganha jogando nas loterias agora.<\/p>\n<p>Ent\u00e3o, se voc\u00ea deseja <strong> mais divers\u00e3o jogando na loteria <\/strong> e eu sei que deseja, opt voc\u00ea pode come\u00e7ar agora.<\/p>\n<h2>Como recebo o pagamento se ganhar Superenalotto online?<\/h2>\n<p>N\u00f3s fornecemos a voc\u00ea toda a assist\u00eancia de que voc\u00ea precisa para sacar seus bilhetes, desde a coleta de seus pr\u00eamios menores e imediatamente coloc\u00e1-los em sua conta conosco, at\u00e9 a coleta e envio de todos os formul\u00e1rios necess\u00e1rios para pr\u00eamios maiores ou at\u00e9 jackpots. Portanto, n\u00e3o precisa se preocupar aqui, pois este \u00e9 um <strong> neg\u00f3cio de servi\u00e7o completo com servi\u00e7o de primeira classe <\/strong> e tratamento para nossos clientes do Brasil e de outros lugares.<\/p>\n","protected":false},"excerpt":{"rendered":"<p>Durante anos, as pessoas desejaram jogar na loteria em outras partes do mundo. O desafio aqui n\u00e3o foi realmente a relut\u00e2ncia de v\u00e1rias loterias em aceitar jogadores de loterias internacionais . \u00c9 que voc\u00ea tem que estar fisicamente no pa\u00eds ou regi\u00e3o onde a loteria est\u00e1 sendo realizada para poder jogar corretamente. Para come\u00e7ar, voc\u00ea [&hellip;]<\/p>\n","protected":false},"author":1,"featured_media":0,"parent":5031,"menu_order":5,"comment_status":"closed","ping_status":"closed","template":"superenalotto.php","meta":{"_et_pb_use_builder":"","_et_pb_old_content":"","_et_gb_content_width":"","exclude_from_search":false,"footnotes":""},"class_list":["post-11942","page","type-page","status-publish","hentry"],"yoast_head":"<!-- This site is optimized with the Yoast SEO plugin v23.4 - https:\/\/yoast.com\/wordpress\/plugins\/seo\/ -->\n<title>Jogar Superenalotto It\u00e1lia online do Brasil | Como comprar bilhetes para a Superena online<\/title>\n<meta name=\"description\" content=\"Este jackpot italiano da lotaria pode agora ser ganho por qualquer pessoa, de qualquer lugar - jogue j\u00e1 o bilhete online da Superenalotto\" \/>\n<meta name=\"robots\" content=\"index, follow, max-snippet:-1, max-image-preview:large, max-video-preview:-1\" \/>\n<link rel=\"canonical\" href=\"https:\/\/onlinelotto365.com\/pt-pt\/jogar\/superenalotto\/\" \/>\n<meta property=\"og:locale\" content=\"pt_PT\" \/>\n<meta property=\"og:type\" content=\"article\" \/>\n<meta property=\"og:title\" content=\"Jogar Superenalotto It\u00e1lia online do Brasil | Como comprar bilhetes para a Superena online\" \/>\n<meta property=\"og:description\" content=\"Este jackpot italiano da lotaria pode agora ser ganho por qualquer pessoa, de qualquer lugar - jogue j\u00e1 o bilhete online da Superenalotto\" \/>\n<meta property=\"og:url\" content=\"https:\/\/onlinelotto365.com\/pt-pt\/jogar\/superenalotto\/\" \/>\n<meta property=\"og:site_name\" content=\"OnlineLotto365\" \/>\n<meta property=\"article:modified_time\" content=\"2021-01-06T13:48:43+00:00\" \/>\n<meta property=\"og:image\" content=\"https:\/\/redfoxlotto.com\/image?size=8&amp;lottery=superenalotto\" \/>\n<meta name=\"twitter:card\" content=\"summary_large_image\" \/>\n<meta name=\"twitter:label1\" content=\"Tempo estimado de leitura\" \/>\n\t<meta name=\"twitter:data1\" content=\"4 minutos\" \/>\n<script type=\"application\/ld+json\" class=\"yoast-schema-graph\">{\"@context\":\"https:\/\/schema.org\",\"@graph\":[{\"@type\":\"WebPage\",\"@id\":\"https:\/\/onlinelotto365.com\/pt-pt\/jogar\/superenalotto\/\",\"url\":\"https:\/\/onlinelotto365.com\/pt-pt\/jogar\/superenalotto\/\",\"name\":\"Jogar Superenalotto It\u00e1lia online do Brasil | Como comprar bilhetes para a Superena online\",\"isPartOf\":{\"@id\":\"https:\/\/onlinelotto365.com\/pt-pt\/#website\"},\"primaryImageOfPage\":{\"@id\":\"https:\/\/onlinelotto365.com\/pt-pt\/jogar\/superenalotto\/#primaryimage\"},\"image\":{\"@id\":\"https:\/\/onlinelotto365.com\/pt-pt\/jogar\/superenalotto\/#primaryimage\"},\"thumbnailUrl\":\"https:\/\/redfoxlotto.com\/image?size=8&amp;lottery=superenalotto\",\"datePublished\":\"2020-12-21T08:28:53+00:00\",\"dateModified\":\"2021-01-06T13:48:43+00:00\",\"description\":\"Este jackpot italiano da lotaria pode agora ser ganho por qualquer pessoa, de qualquer lugar - jogue j\u00e1 o bilhete online da Superenalotto\",\"breadcrumb\":{\"@id\":\"https:\/\/onlinelotto365.com\/pt-pt\/jogar\/superenalotto\/#breadcrumb\"},\"inLanguage\":\"pt-PT\",\"potentialAction\":[{\"@type\":\"ReadAction\",\"target\":[\"https:\/\/onlinelotto365.com\/pt-pt\/jogar\/superenalotto\/\"]}]},{\"@type\":\"ImageObject\",\"inLanguage\":\"pt-PT\",\"@id\":\"https:\/\/onlinelotto365.com\/pt-pt\/jogar\/superenalotto\/#primaryimage\",\"url\":\"https:\/\/redfoxlotto.com\/image?size=8&amp;lottery=superenalotto\",\"contentUrl\":\"https:\/\/redfoxlotto.com\/image?size=8&amp;lottery=superenalotto\"},{\"@type\":\"BreadcrumbList\",\"@id\":\"https:\/\/onlinelotto365.com\/pt-pt\/jogar\/superenalotto\/#breadcrumb\",\"itemListElement\":[{\"@type\":\"ListItem\",\"position\":1,\"name\":\"Home\",\"item\":\"https:\/\/onlinelotto365.com\/pt-pt\/\"},{\"@type\":\"ListItem\",\"position\":2,\"name\":\"Tudo o que precisa de saber sobre as suas op\u00e7\u00f5es para jogar as melhores lotarias online\",\"item\":\"https:\/\/onlinelotto365.com\/pt-pt\/play\/\"},{\"@type\":\"ListItem\",\"position\":3,\"name\":\"Adquira os seus bilhetes para o Superenalotto a partir de qualquer lugar\"}]},{\"@type\":\"WebSite\",\"@id\":\"https:\/\/onlinelotto365.com\/pt-pt\/#website\",\"url\":\"https:\/\/onlinelotto365.com\/pt-pt\/\",\"name\":\"OnlineLotto365\",\"description\":\"\",\"potentialAction\":[{\"@type\":\"SearchAction\",\"target\":{\"@type\":\"EntryPoint\",\"urlTemplate\":\"https:\/\/onlinelotto365.com\/pt-pt\/?s={search_term_string}\"},\"query-input\":{\"@type\":\"PropertyValueSpecification\",\"valueRequired\":true,\"valueName\":\"search_term_string\"}}],\"inLanguage\":\"pt-PT\"}]}<\/script>\n<!-- \/ Yoast SEO plugin. -->","yoast_head_json":{"title":"Jogar Superenalotto It\u00e1lia online do Brasil | Como comprar bilhetes para a Superena online","description":"Este jackpot italiano da lotaria pode agora ser ganho por qualquer pessoa, de qualquer lugar - jogue j\u00e1 o bilhete online da Superenalotto","robots":{"index":"index","follow":"follow","max-snippet":"max-snippet:-1","max-image-preview":"max-image-preview:large","max-video-preview":"max-video-preview:-1"},"canonical":"https:\/\/onlinelotto365.com\/pt-pt\/jogar\/superenalotto\/","og_locale":"pt_PT","og_type":"article","og_title":"Jogar Superenalotto It\u00e1lia online do Brasil | Como comprar bilhetes para a Superena online","og_description":"Este jackpot italiano da lotaria pode agora ser ganho por qualquer pessoa, de qualquer lugar - jogue j\u00e1 o bilhete online da Superenalotto","og_url":"https:\/\/onlinelotto365.com\/pt-pt\/jogar\/superenalotto\/","og_site_name":"OnlineLotto365","article_modified_time":"2021-01-06T13:48:43+00:00","og_image":[{"url":"https:\/\/redfoxlotto.com\/image?size=8&amp;lottery=superenalotto"}],"twitter_card":"summary_large_image","twitter_misc":{"Tempo estimado de leitura":"4 minutos"},"schema":{"@context":"https:\/\/schema.org","@graph":[{"@type":"WebPage","@id":"https:\/\/onlinelotto365.com\/pt-pt\/jogar\/superenalotto\/","url":"https:\/\/onlinelotto365.com\/pt-pt\/jogar\/superenalotto\/","name":"Jogar Superenalotto It\u00e1lia online do Brasil | Como comprar bilhetes para a Superena online","isPartOf":{"@id":"https:\/\/onlinelotto365.com\/pt-pt\/#website"},"primaryImageOfPage":{"@id":"https:\/\/onlinelotto365.com\/pt-pt\/jogar\/superenalotto\/#primaryimage"},"image":{"@id":"https:\/\/onlinelotto365.com\/pt-pt\/jogar\/superenalotto\/#primaryimage"},"thumbnailUrl":"https:\/\/redfoxlotto.com\/image?size=8&amp;lottery=superenalotto","datePublished":"2020-12-21T08:28:53+00:00","dateModified":"2021-01-06T13:48:43+00:00","description":"Este jackpot italiano da lotaria pode agora ser ganho por qualquer pessoa, de qualquer lugar - jogue j\u00e1 o bilhete online da Superenalotto","breadcrumb":{"@id":"https:\/\/onlinelotto365.com\/pt-pt\/jogar\/superenalotto\/#breadcrumb"},"inLanguage":"pt-PT","potentialAction":[{"@type":"ReadAction","target":["https:\/\/onlinelotto365.com\/pt-pt\/jogar\/superenalotto\/"]}]},{"@type":"ImageObject","inLanguage":"pt-PT","@id":"https:\/\/onlinelotto365.com\/pt-pt\/jogar\/superenalotto\/#primaryimage","url":"https:\/\/redfoxlotto.com\/image?size=8&amp;lottery=superenalotto","contentUrl":"https:\/\/redfoxlotto.com\/image?size=8&amp;lottery=superenalotto"},{"@type":"BreadcrumbList","@id":"https:\/\/onlinelotto365.com\/pt-pt\/jogar\/superenalotto\/#breadcrumb","itemListElement":[{"@type":"ListItem","position":1,"name":"Home","item":"https:\/\/onlinelotto365.com\/pt-pt\/"},{"@type":"ListItem","position":2,"name":"Tudo o que precisa de saber sobre as suas op\u00e7\u00f5es para jogar as melhores lotarias online","item":"https:\/\/onlinelotto365.com\/pt-pt\/play\/"},{"@type":"ListItem","position":3,"name":"Adquira os seus bilhetes para o Superenalotto a partir de qualquer lugar"}]},{"@type":"WebSite","@id":"https:\/\/onlinelotto365.com\/pt-pt\/#website","url":"https:\/\/onlinelotto365.com\/pt-pt\/","name":"OnlineLotto365","description":"","potentialAction":[{"@type":"SearchAction","target":{"@type":"EntryPoint","urlTemplate":"https:\/\/onlinelotto365.com\/pt-pt\/?s={search_term_string}"},"query-input":{"@type":"PropertyValueSpecification","valueRequired":true,"valueName":"search_term_string"}}],"inLanguage":"pt-PT"}]}},"_links":{"self":[{"href":"https:\/\/onlinelotto365.com\/pt-pt\/wp-json\/wp\/v2\/pages\/11942","targetHints":{"allow":["GET"]}}],"collection":[{"href":"https:\/\/onlinelotto365.com\/pt-pt\/wp-json\/wp\/v2\/pages"}],"about":[{"href":"https:\/\/onlinelotto365.com\/pt-pt\/wp-json\/wp\/v2\/types\/page"}],"author":[{"embeddable":true,"href":"https:\/\/onlinelotto365.com\/pt-pt\/wp-json\/wp\/v2\/users\/1"}],"replies":[{"embeddable":true,"href":"https:\/\/onlinelotto365.com\/pt-pt\/wp-json\/wp\/v2\/comments?post=11942"}],"version-history":[{"count":0,"href":"https:\/\/onlinelotto365.com\/pt-pt\/wp-json\/wp\/v2\/pages\/11942\/revisions"}],"up":[{"embeddable":true,"href":"https:\/\/onlinelotto365.com\/pt-pt\/wp-json\/wp\/v2\/pages\/5031"}],"wp:attachment":[{"href":"https:\/\/onlinelotto365.com\/pt-pt\/wp-json\/wp\/v2\/media?parent=11942"}],"curies":[{"name":"wp","href":"https:\/\/api.w.org\/{rel}","templated":true}]}}