{"id":11944,"date":"2020-12-21T09:29:54","date_gmt":"2020-12-21T08:29:54","guid":{"rendered":"http:\/\/onlinelotto365.net\/?page_id=11944"},"modified":"2021-01-06T14:49:01","modified_gmt":"2021-01-06T13:49:01","slug":"el-gordo","status":"publish","type":"page","link":"https:\/\/onlinelotto365.com\/pt-pt\/jogar\/el-gordo\/","title":{"rendered":"Como podem os residentes do Brasil participar em El Gordo?"},"content":{"rendered":"<p>Se voc\u00ea mora na Espanha, n\u00e3o preciso dizer como a El Gordo Lotto \u00e9 emocionante. No entanto, a maioria dos jogadores de loteria n\u00e3o mora l\u00e1 e a maioria nunca ouviu falar da <strong> maior loteria da Espanha <\/strong>. At\u00e9 recentemente, isso n\u00e3o importava, j\u00e1 que voc\u00ea n\u00e3o poderia jogar de qualquer maneira, j\u00e1 que a Espanha era o \u00fanico lugar onde voc\u00ea poderia comprar ingressos.<\/p>\n<p>Atrav\u00e9s da magia da internet, hoje em dia, mais de 150.000 jogadores de mais de 140 pa\u00edses, incluindo o Brasil, podem se divertir <strong> jogar El Gordo online <\/strong>. Tudo o que voc\u00ea precisa fazer para comprar ingressos agora \u00e9 saber onde compr\u00e1-los online. \u00c9 aqui que estamos aqui para ajud\u00e1-lo.<\/p>\n<p>Nosso novo servi\u00e7o excelente n\u00e3o s\u00f3 possibilita a compra de ingressos para a Loteria El Gordo online, mas tamb\u00e9m permite a compra online de ingressos para todas as outras maiores loterias do mundo. Tornamos tudo isso incrivelmente f\u00e1cil para voc\u00ea e em poucos minutos voc\u00ea pode retirar quantos bilhetes quiser para o pr\u00f3ximo sorteio, al\u00e9m de qualquer outro grande bilhete de loteria que desejar.<\/p>\n<p>Portanto, por meio de nosso servi\u00e7o online, a <strong> emo\u00e7\u00e3o de jogar na loteria <\/strong> cresceu a propor\u00e7\u00f5es \u00e9picas. Pegue o quanto voc\u00ea gosta da loteria agora e multiplique por dez ou vinte vezes, e imagine como seria. Ent\u00e3o, \u00e9 s\u00f3 registrar uma conta aqui e se preparar para que tudo aconte\u00e7a<\/p>\n<p><a href=\"https:\/\/redfoxlotto.com\/pt\/jogar\/el-gordo-primitiva\/?ref=a8564250a2&amp;medium=ol365\" target=\"_blank\" rel=\"noopener noreferrer\"> <img decoding=\"async\" class=\"aligncenter\" src=\"https:\/\/redfoxlotto.com\/image?size=8&amp;lottery=el-gordo-primitiva\" alt=\"el gordo la primitiva\" \/> <\/a><\/p>\n<h2>El Gordo significa o grande<\/h2>\n<p>Os jackpots de El Gordo s\u00e3o todos enormes, algo que todos os jogadores de loteria adoram. J\u00e1 se foi o tempo em que voc\u00ea tinha que esperar um pouco, na esperan\u00e7a de que o pr\u00eamio de sua loteria favorita crescesse cada vez mais at\u00e9 que finalmente ficou enorme o suficiente para que as pessoas ca\u00edssem em <a href=\"https:\/\/onlinelotto365.com\/pl\/kup-bilety\"> comprar ingressos <\/a>. Agora, existem muitas loterias ao redor do mundo que come\u00e7am com enormes jackpots e ficam cada vez mais enormes. Esta loteria \u00e9 definitivamente uma delas. Como exemplo, no momento da reda\u00e7\u00e3o deste artigo, o jackpot atual \u00e9 de 23 milh\u00f5es de euros.<\/p>\n<p>Al\u00e9m disso, se voc\u00ea adora grandes jackpots como este, como tenho certeza de que todos n\u00f3s gostamos, h\u00e1 muito mais para voc\u00ea de onde veio, com alguns at\u00e9 <a href=\"https:\/\/onlinelotto365.com\/pt-pt\/news\/as-melhores-lotarias-do-mundo\"> jackpots muito maiores <\/a>. No entanto, n\u00e3o \u00e9 apenas uma quest\u00e3o de jogar em uma, voc\u00ea vai querer <strong> jogar em v\u00e1rias dessas loterias, pelo menos <\/strong>, e El Gordo \u00e9 certamente uma que vale a pena jogar.<\/p>\n<h2>Sobre El Gordo<\/h2>\n<ul>\n<li>Pa\u00eds: Espanha<\/li>\n<li><span style=\"font-size: 16px;\"> Faixa de n\u00fameros principal: 54 <\/span><\/li>\n<li>Voc\u00ea escolhe: 5<\/li>\n<li>Intervalo de n\u00fameros extras: nenhum<\/li>\n<li>Voc\u00ea escolhe: nenhum<\/li>\n<li>Dias e horas do sorteio: domingo, 21:30 CET, 21:30 CET<\/li>\n<li>Jackpot m\u00ednimo: \u20ac 4 milh\u00f5es<\/li>\n<li>Jackpot limitado ao m\u00e1ximo: sem m\u00e1ximo<\/li>\n<li>Probabilidade de ganhar o jackpot: 1 em 31.625.100<\/li>\n<li>Probabilidade de vit\u00f3ria de n\u00edvel 2: 1 em 3.513.900<\/li>\n<li>Probabilidade de vencer em qualquer n\u00edvel: 1 em 6,16<\/li>\n<li>Eventos especiais para El Gordo: Especial de Natal<\/li>\n<\/ul>\n<p>Como muitas grandes loterias, o sorteio tem duas partes. O primeiro envolve escolher 5 n\u00fameros entre 54 n\u00fameros. Se voc\u00ea fizer isso, um pr\u00eamio muito grande j\u00e1 estar\u00e1 esperando por voc\u00ea. Ent\u00e3o, se ambos acertarem seus 5 n\u00fameros mais acertarem seu n\u00famero chave entre 1 e 9, voc\u00ea fez isso e acertou o grande pr\u00eamio.<\/p>\n<p>H\u00e1 um total de 9 categorias de pr\u00eamios diferentes com El Gordo, come\u00e7ando com apenas acertando o n\u00famero cr\u00edtico entre 1 e 9, at\u00e9 o grande. Portanto, embora todos n\u00f3s realmente desejemos ganhar os jackpots, certamente \u00e9 bom quando voc\u00ea ganha um pr\u00eamio de qualquer valor, e a loteria mais popular da Espanha oferece uma chance ainda melhor de conseguir isso do que algumas outras loterias.<\/p>\n<p>Al\u00e9m disso, ao contr\u00e1rio de alguns pa\u00edses, <a href=\"https:\/\/onlinelotto365.com\/pt-pt\/news\/quais-loterias-e-paises-cobram-impostos-sobre-os-ganhos\"> <strong> ganhos na loteria na Espanha s\u00e3o tributados gr\u00e1tis <\/strong> <\/a>. Voc\u00ea pode ou n\u00e3o ter que declarar seus ganhos ao governo, dependendo de onde voc\u00ea mora, mas alguns lugares ret\u00eam impostos com os ganhos da loteria, embora os ganhos da loteria possam ser isentos de impostos em seu pa\u00eds. Embora voc\u00ea possa recuperar esse dinheiro, \u00e9 um inconveniente com o qual voc\u00ea n\u00e3o precisa se preocupar com El Gordo.<\/p>\n<p>No entanto, mesmo em pa\u00edses que fazem isso, sempre que voc\u00ea acertar o jackpot, o dinheiro que voc\u00ea recebe antecipadamente com ou sem reten\u00e7\u00e3o de impostos certamente vai durar muito tempo de qualquer maneira, ent\u00e3o isso n\u00e3o deve ser problema para voc\u00ea. Nem deveria ter que fazer uma viagem \u00e0 Espanha para ganhar milh\u00f5es. Voc\u00ea provavelmente estar\u00e1 viajando muito mais do que isso e pode muito bem come\u00e7ar sua carreira como um jet setter sagazh esta viagem.<\/p>\n<h2>Por que perder El Gordo j\u00e1 que voc\u00ea n\u00e3o precisa mais?<\/h2>\n<p>Durante anos, voc\u00ea teve uma boa desculpa para n\u00e3o jogar na loteria El Gordo porque mora no Brasil e n\u00e3o na Espanha. Felizmente, por\u00e9m, n\u00e3o \u00e9 mais o caso. Quem sabe quanto dinheiro voc\u00ea poderia ter ganho se estivesse jogando nesta e em todas as outras maiores loterias do mundo o tempo todo?<\/p>\n<p>Bem, voc\u00ea n\u00e3o precisa mais se perguntar sobre isso, pois agora trazemos El Gordo direto para sua casa, bem onde voc\u00ea est\u00e1 sentado agora. Sei que voc\u00ea <strong> adora jogar na loteria <\/strong> ou n\u00e3o estaria lendo isto. Por que n\u00e3o mimar-se com um bilhete de loteria El Gordo agora mesmo? J\u00e1 que est\u00e1 nisso, por que n\u00e3o verifica tudo o que temos para lhe oferecer?<\/p>\n<h2>Como verificar os resultados de El Gordo<\/h2>\n<p>Voc\u00ea pode voltar aqui para <a href=\"https:\/\/onlinelotto365.com\/pt-pt\/numeros-vencedores\"> verificar os n\u00fameros vencedores <\/a> e compar\u00e1-los com seus ingressos de El Gordo. Mostraremos os \u00faltimos n\u00fameros vencedores lado a lado com os n\u00fameros do seu pr\u00f3prio bilhete. Claro, voc\u00ea tamb\u00e9m pode ver o quanto ganhou se o fizer.<\/p>\n<p>Colocar seus ganhos em sua conta tamb\u00e9m faz parte do nosso servi\u00e7o. Como voc\u00ea \u00e9 pago depende de quanto voc\u00ea ganhou. N\u00e3o retiramos nenhum dinheiro dos seus ganhos por esse servi\u00e7o.<\/p>\n","protected":false},"excerpt":{"rendered":"<p>Se voc\u00ea mora na Espanha, n\u00e3o preciso dizer como a El Gordo Lotto \u00e9 emocionante. No entanto, a maioria dos jogadores de loteria n\u00e3o mora l\u00e1 e a maioria nunca ouviu falar da maior loteria da Espanha . At\u00e9 recentemente, isso n\u00e3o importava, j\u00e1 que voc\u00ea n\u00e3o poderia jogar de qualquer maneira, j\u00e1 que a [&hellip;]<\/p>\n","protected":false},"author":1,"featured_media":0,"parent":5031,"menu_order":6,"comment_status":"closed","ping_status":"closed","template":"el-gordo.php","meta":{"_et_pb_use_builder":"","_et_pb_old_content":"","_et_gb_content_width":"","exclude_from_search":false,"footnotes":""},"class_list":["post-11944","page","type-page","status-publish","hentry"],"yoast_head":"<!-- This site is optimized with the Yoast SEO plugin v23.4 - https:\/\/yoast.com\/wordpress\/plugins\/seo\/ -->\n<title>Tocar El Gordo online a partir do Brasil | Posso participar no El Gordo se viver no Brasil<\/title>\n<meta name=\"description\" content=\"Jogue aqui no El Gordo Lotto - a maior lotaria espanhola, dispon\u00edvel online a partir do Brasil\" \/>\n<meta name=\"robots\" content=\"index, follow, max-snippet:-1, max-image-preview:large, max-video-preview:-1\" \/>\n<link rel=\"canonical\" href=\"https:\/\/onlinelotto365.com\/pt-pt\/jogar\/el-gordo\/\" \/>\n<meta property=\"og:locale\" content=\"pt_PT\" \/>\n<meta property=\"og:type\" content=\"article\" \/>\n<meta property=\"og:title\" content=\"Tocar El Gordo online a partir do Brasil | Posso participar no El Gordo se viver no Brasil\" \/>\n<meta property=\"og:description\" content=\"Jogue aqui no El Gordo Lotto - a maior lotaria espanhola, dispon\u00edvel online a partir do Brasil\" \/>\n<meta property=\"og:url\" content=\"https:\/\/onlinelotto365.com\/pt-pt\/jogar\/el-gordo\/\" \/>\n<meta property=\"og:site_name\" content=\"OnlineLotto365\" \/>\n<meta property=\"article:modified_time\" content=\"2021-01-06T13:49:01+00:00\" \/>\n<meta property=\"og:image\" content=\"https:\/\/redfoxlotto.com\/image?size=8&amp;lottery=el-gordo-primitiva\" \/>\n<meta name=\"twitter:card\" content=\"summary_large_image\" \/>\n<meta name=\"twitter:label1\" content=\"Tempo estimado de leitura\" \/>\n\t<meta name=\"twitter:data1\" content=\"5 minutos\" \/>\n<script type=\"application\/ld+json\" class=\"yoast-schema-graph\">{\"@context\":\"https:\/\/schema.org\",\"@graph\":[{\"@type\":\"WebPage\",\"@id\":\"https:\/\/onlinelotto365.com\/pt-pt\/jogar\/el-gordo\/\",\"url\":\"https:\/\/onlinelotto365.com\/pt-pt\/jogar\/el-gordo\/\",\"name\":\"Tocar El Gordo online a partir do Brasil | Posso participar no El Gordo se viver no Brasil\",\"isPartOf\":{\"@id\":\"https:\/\/onlinelotto365.com\/pt-pt\/#website\"},\"primaryImageOfPage\":{\"@id\":\"https:\/\/onlinelotto365.com\/pt-pt\/jogar\/el-gordo\/#primaryimage\"},\"image\":{\"@id\":\"https:\/\/onlinelotto365.com\/pt-pt\/jogar\/el-gordo\/#primaryimage\"},\"thumbnailUrl\":\"https:\/\/redfoxlotto.com\/image?size=8&amp;lottery=el-gordo-primitiva\",\"datePublished\":\"2020-12-21T08:29:54+00:00\",\"dateModified\":\"2021-01-06T13:49:01+00:00\",\"description\":\"Jogue aqui no El Gordo Lotto - a maior lotaria espanhola, dispon\u00edvel online a partir do Brasil\",\"breadcrumb\":{\"@id\":\"https:\/\/onlinelotto365.com\/pt-pt\/jogar\/el-gordo\/#breadcrumb\"},\"inLanguage\":\"pt-PT\",\"potentialAction\":[{\"@type\":\"ReadAction\",\"target\":[\"https:\/\/onlinelotto365.com\/pt-pt\/jogar\/el-gordo\/\"]}]},{\"@type\":\"ImageObject\",\"inLanguage\":\"pt-PT\",\"@id\":\"https:\/\/onlinelotto365.com\/pt-pt\/jogar\/el-gordo\/#primaryimage\",\"url\":\"https:\/\/redfoxlotto.com\/image?size=8&amp;lottery=el-gordo-primitiva\",\"contentUrl\":\"https:\/\/redfoxlotto.com\/image?size=8&amp;lottery=el-gordo-primitiva\"},{\"@type\":\"BreadcrumbList\",\"@id\":\"https:\/\/onlinelotto365.com\/pt-pt\/jogar\/el-gordo\/#breadcrumb\",\"itemListElement\":[{\"@type\":\"ListItem\",\"position\":1,\"name\":\"Home\",\"item\":\"https:\/\/onlinelotto365.com\/pt-pt\/\"},{\"@type\":\"ListItem\",\"position\":2,\"name\":\"Tudo o que precisa de saber sobre as suas op\u00e7\u00f5es para jogar as melhores lotarias online\",\"item\":\"https:\/\/onlinelotto365.com\/pt-pt\/play\/\"},{\"@type\":\"ListItem\",\"position\":3,\"name\":\"Como podem os residentes do Brasil participar em El Gordo?\"}]},{\"@type\":\"WebSite\",\"@id\":\"https:\/\/onlinelotto365.com\/pt-pt\/#website\",\"url\":\"https:\/\/onlinelotto365.com\/pt-pt\/\",\"name\":\"OnlineLotto365\",\"description\":\"\",\"potentialAction\":[{\"@type\":\"SearchAction\",\"target\":{\"@type\":\"EntryPoint\",\"urlTemplate\":\"https:\/\/onlinelotto365.com\/pt-pt\/?s={search_term_string}\"},\"query-input\":{\"@type\":\"PropertyValueSpecification\",\"valueRequired\":true,\"valueName\":\"search_term_string\"}}],\"inLanguage\":\"pt-PT\"}]}<\/script>\n<!-- \/ Yoast SEO plugin. -->","yoast_head_json":{"title":"Tocar El Gordo online a partir do Brasil | Posso participar no El Gordo se viver no Brasil","description":"Jogue aqui no El Gordo Lotto - a maior lotaria espanhola, dispon\u00edvel online a partir do Brasil","robots":{"index":"index","follow":"follow","max-snippet":"max-snippet:-1","max-image-preview":"max-image-preview:large","max-video-preview":"max-video-preview:-1"},"canonical":"https:\/\/onlinelotto365.com\/pt-pt\/jogar\/el-gordo\/","og_locale":"pt_PT","og_type":"article","og_title":"Tocar El Gordo online a partir do Brasil | Posso participar no El Gordo se viver no Brasil","og_description":"Jogue aqui no El Gordo Lotto - a maior lotaria espanhola, dispon\u00edvel online a partir do Brasil","og_url":"https:\/\/onlinelotto365.com\/pt-pt\/jogar\/el-gordo\/","og_site_name":"OnlineLotto365","article_modified_time":"2021-01-06T13:49:01+00:00","og_image":[{"url":"https:\/\/redfoxlotto.com\/image?size=8&amp;lottery=el-gordo-primitiva"}],"twitter_card":"summary_large_image","twitter_misc":{"Tempo estimado de leitura":"5 minutos"},"schema":{"@context":"https:\/\/schema.org","@graph":[{"@type":"WebPage","@id":"https:\/\/onlinelotto365.com\/pt-pt\/jogar\/el-gordo\/","url":"https:\/\/onlinelotto365.com\/pt-pt\/jogar\/el-gordo\/","name":"Tocar El Gordo online a partir do Brasil | Posso participar no El Gordo se viver no Brasil","isPartOf":{"@id":"https:\/\/onlinelotto365.com\/pt-pt\/#website"},"primaryImageOfPage":{"@id":"https:\/\/onlinelotto365.com\/pt-pt\/jogar\/el-gordo\/#primaryimage"},"image":{"@id":"https:\/\/onlinelotto365.com\/pt-pt\/jogar\/el-gordo\/#primaryimage"},"thumbnailUrl":"https:\/\/redfoxlotto.com\/image?size=8&amp;lottery=el-gordo-primitiva","datePublished":"2020-12-21T08:29:54+00:00","dateModified":"2021-01-06T13:49:01+00:00","description":"Jogue aqui no El Gordo Lotto - a maior lotaria espanhola, dispon\u00edvel online a partir do Brasil","breadcrumb":{"@id":"https:\/\/onlinelotto365.com\/pt-pt\/jogar\/el-gordo\/#breadcrumb"},"inLanguage":"pt-PT","potentialAction":[{"@type":"ReadAction","target":["https:\/\/onlinelotto365.com\/pt-pt\/jogar\/el-gordo\/"]}]},{"@type":"ImageObject","inLanguage":"pt-PT","@id":"https:\/\/onlinelotto365.com\/pt-pt\/jogar\/el-gordo\/#primaryimage","url":"https:\/\/redfoxlotto.com\/image?size=8&amp;lottery=el-gordo-primitiva","contentUrl":"https:\/\/redfoxlotto.com\/image?size=8&amp;lottery=el-gordo-primitiva"},{"@type":"BreadcrumbList","@id":"https:\/\/onlinelotto365.com\/pt-pt\/jogar\/el-gordo\/#breadcrumb","itemListElement":[{"@type":"ListItem","position":1,"name":"Home","item":"https:\/\/onlinelotto365.com\/pt-pt\/"},{"@type":"ListItem","position":2,"name":"Tudo o que precisa de saber sobre as suas op\u00e7\u00f5es para jogar as melhores lotarias online","item":"https:\/\/onlinelotto365.com\/pt-pt\/play\/"},{"@type":"ListItem","position":3,"name":"Como podem os residentes do Brasil participar em El Gordo?"}]},{"@type":"WebSite","@id":"https:\/\/onlinelotto365.com\/pt-pt\/#website","url":"https:\/\/onlinelotto365.com\/pt-pt\/","name":"OnlineLotto365","description":"","potentialAction":[{"@type":"SearchAction","target":{"@type":"EntryPoint","urlTemplate":"https:\/\/onlinelotto365.com\/pt-pt\/?s={search_term_string}"},"query-input":{"@type":"PropertyValueSpecification","valueRequired":true,"valueName":"search_term_string"}}],"inLanguage":"pt-PT"}]}},"_links":{"self":[{"href":"https:\/\/onlinelotto365.com\/pt-pt\/wp-json\/wp\/v2\/pages\/11944","targetHints":{"allow":["GET"]}}],"collection":[{"href":"https:\/\/onlinelotto365.com\/pt-pt\/wp-json\/wp\/v2\/pages"}],"about":[{"href":"https:\/\/onlinelotto365.com\/pt-pt\/wp-json\/wp\/v2\/types\/page"}],"author":[{"embeddable":true,"href":"https:\/\/onlinelotto365.com\/pt-pt\/wp-json\/wp\/v2\/users\/1"}],"replies":[{"embeddable":true,"href":"https:\/\/onlinelotto365.com\/pt-pt\/wp-json\/wp\/v2\/comments?post=11944"}],"version-history":[{"count":0,"href":"https:\/\/onlinelotto365.com\/pt-pt\/wp-json\/wp\/v2\/pages\/11944\/revisions"}],"up":[{"embeddable":true,"href":"https:\/\/onlinelotto365.com\/pt-pt\/wp-json\/wp\/v2\/pages\/5031"}],"wp:attachment":[{"href":"https:\/\/onlinelotto365.com\/pt-pt\/wp-json\/wp\/v2\/media?parent=11944"}],"curies":[{"name":"wp","href":"https:\/\/api.w.org\/{rel}","templated":true}]}}