{"id":11946,"date":"2020-12-21T09:30:43","date_gmt":"2020-12-21T08:30:43","guid":{"rendered":"http:\/\/onlinelotto365.net\/?page_id=11946"},"modified":"2020-12-30T19:39:47","modified_gmt":"2020-12-30T18:39:47","slug":"la-primitiva","status":"publish","type":"page","link":"https:\/\/onlinelotto365.com\/pt-pt\/jogar\/la-primitiva\/","title":{"rendered":"Como jogar na lotaria espanhola La Primitiva"},"content":{"rendered":"<p>Sobre La Primitiva<\/p>\n<p>Esta loteria da Espanha tamb\u00e9m \u00e9 conhecida como El Gordo, embora isso seja enganoso. Ali\u00e1s, El Gordo \u00e9 o apelido da edi\u00e7\u00e3o de Natal da loteria La Primitiva. Embora voc\u00ea possa jogar La Primitiva o ano todo, El Gordo \u00e9 oferecido apenas no Natal. La Primitiva pode ser jogada online por residentes no Reino Unido atrav\u00e9s de nosso website.<\/p>\n<p>H\u00e1 dois sorteios por semana para a La Primitiva. As chances de ganhar o jackpot s\u00e3o relativamente altas porque n\u00e3o h\u00e1 n\u00fameros extras.<\/p>\n<p>Pa\u00eds: Espanha<br \/>\nFaixa de n\u00fameros principais: 49<br \/>\nVoc\u00ea deve selecionar: 6<br \/>\nIntervalo de n\u00fameros extras:<br \/>\nVoc\u00ea deve selecionar: 1<br \/>\nDias, horas de sorteios: quinta-feira, s\u00e1bado, 21:30 CET &#8211; 21:30 CET<br \/>\nO jackpot come\u00e7a em: \u20ac 2 milh\u00f5es<br \/>\nO jackpot \u00e9 limitado a: nenhum<br \/>\nChance de ganhar o jackpot: 1 em 15537573<br \/>\nChance de ganhar um segundo pr\u00eamio: 1 em 542008<br \/>\nChance de ganhar qualquer pr\u00eamio: 1 em 8,43<br \/>\nN\u00famero de categorias de pr\u00eamios: 9<br \/>\nMelhores caracter\u00edsticas do La Primitiva<\/p>\n<p>Como j\u00e1 foi mencionado, o fato de voc\u00ea ter que jogar apenas 6 n\u00fameros em 49, e nenhum n\u00famero extra, significa que suas chances de ganhar o jackpot s\u00e3o realmente muito boas.<\/p>\n<p>Como verificar os resultados da La Primitiva<\/p>\n<p>Se voc\u00ea comprou sua passagem online no Brasil ou em qualquer outro pa\u00eds fora da Espanha, pode ser dif\u00edcil encontrar os n\u00fameros vencedores e os valores dos pr\u00eamios. Mas aqui em nosso site publicamos os resultados logo ap\u00f3s o sorteio dos n\u00fameros da loteria La Primitiva. Voc\u00ea pode at\u00e9 olhar para o seu bilhete na sua conta de jogador, onde voc\u00ea pode ver imediatamente quais n\u00fameros do seu bilhete de loteria correspondem aos resultados do sorteio.<\/p>\n<p>Voc\u00ea jogou La Primitiva online e ganhou &#8211; o que acontece a seguir?<\/p>\n<p>Se o seu bilhete ganhou um pr\u00eamio inferior a \u20ac 2500, o valor do pr\u00eamio estar\u00e1 na sua conta de jogador logo ap\u00f3s o sorteio. Se voc\u00ea ganhar um pr\u00eamio maior, entre em contato com nossa equipe de servi\u00e7o. Eles o ajudar\u00e3o a configurar um pagamento, seja diretamente em sua conta banc\u00e1ria ou em cheque.<\/p>\n","protected":false},"excerpt":{"rendered":"<p>Sobre La Primitiva Esta loteria da Espanha tamb\u00e9m \u00e9 conhecida como El Gordo, embora isso seja enganoso. Ali\u00e1s, El Gordo \u00e9 o apelido da edi\u00e7\u00e3o de Natal da loteria La Primitiva. Embora voc\u00ea possa jogar La Primitiva o ano todo, El Gordo \u00e9 oferecido apenas no Natal. La Primitiva pode ser jogada online por residentes [&hellip;]<\/p>\n","protected":false},"author":1,"featured_media":0,"parent":5031,"menu_order":7,"comment_status":"closed","ping_status":"closed","template":"la-primitiva.php","meta":{"_et_pb_use_builder":"","_et_pb_old_content":"","_et_gb_content_width":"","exclude_from_search":false,"footnotes":""},"class_list":["post-11946","page","type-page","status-publish","hentry"],"yoast_head":"<!-- This site is optimized with the Yoast SEO plugin v23.4 - https:\/\/yoast.com\/wordpress\/plugins\/seo\/ -->\n<title>Jogar La Primitiva Espanha online | La Primitiva do Brasil<\/title>\n<meta name=\"description\" content=\"A lotaria espanhola La Primitiva pode agora ser jogada online a partir do Brasil\" \/>\n<meta name=\"robots\" content=\"index, follow, max-snippet:-1, max-image-preview:large, max-video-preview:-1\" \/>\n<link rel=\"canonical\" href=\"https:\/\/onlinelotto365.com\/pt-pt\/jogar\/la-primitiva\/\" \/>\n<meta property=\"og:locale\" content=\"pt_PT\" \/>\n<meta property=\"og:type\" content=\"article\" \/>\n<meta property=\"og:title\" content=\"Jogar La Primitiva Espanha online | La Primitiva do Brasil\" \/>\n<meta property=\"og:description\" content=\"A lotaria espanhola La Primitiva pode agora ser jogada online a partir do Brasil\" \/>\n<meta property=\"og:url\" content=\"https:\/\/onlinelotto365.com\/pt-pt\/jogar\/la-primitiva\/\" \/>\n<meta property=\"og:site_name\" content=\"OnlineLotto365\" \/>\n<meta property=\"article:modified_time\" content=\"2020-12-30T18:39:47+00:00\" \/>\n<meta name=\"twitter:card\" content=\"summary_large_image\" \/>\n<meta name=\"twitter:label1\" content=\"Tempo estimado de leitura\" \/>\n\t<meta name=\"twitter:data1\" content=\"2 minutos\" \/>\n<script type=\"application\/ld+json\" class=\"yoast-schema-graph\">{\"@context\":\"https:\/\/schema.org\",\"@graph\":[{\"@type\":\"WebPage\",\"@id\":\"https:\/\/onlinelotto365.com\/pt-pt\/jogar\/la-primitiva\/\",\"url\":\"https:\/\/onlinelotto365.com\/pt-pt\/jogar\/la-primitiva\/\",\"name\":\"Jogar La Primitiva Espanha online | La Primitiva do Brasil\",\"isPartOf\":{\"@id\":\"https:\/\/onlinelotto365.com\/pt-pt\/#website\"},\"datePublished\":\"2020-12-21T08:30:43+00:00\",\"dateModified\":\"2020-12-30T18:39:47+00:00\",\"description\":\"A lotaria espanhola La Primitiva pode agora ser jogada online a partir do Brasil\",\"breadcrumb\":{\"@id\":\"https:\/\/onlinelotto365.com\/pt-pt\/jogar\/la-primitiva\/#breadcrumb\"},\"inLanguage\":\"pt-PT\",\"potentialAction\":[{\"@type\":\"ReadAction\",\"target\":[\"https:\/\/onlinelotto365.com\/pt-pt\/jogar\/la-primitiva\/\"]}]},{\"@type\":\"BreadcrumbList\",\"@id\":\"https:\/\/onlinelotto365.com\/pt-pt\/jogar\/la-primitiva\/#breadcrumb\",\"itemListElement\":[{\"@type\":\"ListItem\",\"position\":1,\"name\":\"Home\",\"item\":\"https:\/\/onlinelotto365.com\/pt-pt\/\"},{\"@type\":\"ListItem\",\"position\":2,\"name\":\"Tudo o que precisa de saber sobre as suas op\u00e7\u00f5es para jogar as melhores lotarias online\",\"item\":\"https:\/\/onlinelotto365.com\/pt-pt\/play\/\"},{\"@type\":\"ListItem\",\"position\":3,\"name\":\"Como jogar na lotaria espanhola La Primitiva\"}]},{\"@type\":\"WebSite\",\"@id\":\"https:\/\/onlinelotto365.com\/pt-pt\/#website\",\"url\":\"https:\/\/onlinelotto365.com\/pt-pt\/\",\"name\":\"OnlineLotto365\",\"description\":\"\",\"potentialAction\":[{\"@type\":\"SearchAction\",\"target\":{\"@type\":\"EntryPoint\",\"urlTemplate\":\"https:\/\/onlinelotto365.com\/pt-pt\/?s={search_term_string}\"},\"query-input\":{\"@type\":\"PropertyValueSpecification\",\"valueRequired\":true,\"valueName\":\"search_term_string\"}}],\"inLanguage\":\"pt-PT\"}]}<\/script>\n<!-- \/ Yoast SEO plugin. -->","yoast_head_json":{"title":"Jogar La Primitiva Espanha online | La Primitiva do Brasil","description":"A lotaria espanhola La Primitiva pode agora ser jogada online a partir do Brasil","robots":{"index":"index","follow":"follow","max-snippet":"max-snippet:-1","max-image-preview":"max-image-preview:large","max-video-preview":"max-video-preview:-1"},"canonical":"https:\/\/onlinelotto365.com\/pt-pt\/jogar\/la-primitiva\/","og_locale":"pt_PT","og_type":"article","og_title":"Jogar La Primitiva Espanha online | La Primitiva do Brasil","og_description":"A lotaria espanhola La Primitiva pode agora ser jogada online a partir do Brasil","og_url":"https:\/\/onlinelotto365.com\/pt-pt\/jogar\/la-primitiva\/","og_site_name":"OnlineLotto365","article_modified_time":"2020-12-30T18:39:47+00:00","twitter_card":"summary_large_image","twitter_misc":{"Tempo estimado de leitura":"2 minutos"},"schema":{"@context":"https:\/\/schema.org","@graph":[{"@type":"WebPage","@id":"https:\/\/onlinelotto365.com\/pt-pt\/jogar\/la-primitiva\/","url":"https:\/\/onlinelotto365.com\/pt-pt\/jogar\/la-primitiva\/","name":"Jogar La Primitiva Espanha online | La Primitiva do Brasil","isPartOf":{"@id":"https:\/\/onlinelotto365.com\/pt-pt\/#website"},"datePublished":"2020-12-21T08:30:43+00:00","dateModified":"2020-12-30T18:39:47+00:00","description":"A lotaria espanhola La Primitiva pode agora ser jogada online a partir do Brasil","breadcrumb":{"@id":"https:\/\/onlinelotto365.com\/pt-pt\/jogar\/la-primitiva\/#breadcrumb"},"inLanguage":"pt-PT","potentialAction":[{"@type":"ReadAction","target":["https:\/\/onlinelotto365.com\/pt-pt\/jogar\/la-primitiva\/"]}]},{"@type":"BreadcrumbList","@id":"https:\/\/onlinelotto365.com\/pt-pt\/jogar\/la-primitiva\/#breadcrumb","itemListElement":[{"@type":"ListItem","position":1,"name":"Home","item":"https:\/\/onlinelotto365.com\/pt-pt\/"},{"@type":"ListItem","position":2,"name":"Tudo o que precisa de saber sobre as suas op\u00e7\u00f5es para jogar as melhores lotarias online","item":"https:\/\/onlinelotto365.com\/pt-pt\/play\/"},{"@type":"ListItem","position":3,"name":"Como jogar na lotaria espanhola La Primitiva"}]},{"@type":"WebSite","@id":"https:\/\/onlinelotto365.com\/pt-pt\/#website","url":"https:\/\/onlinelotto365.com\/pt-pt\/","name":"OnlineLotto365","description":"","potentialAction":[{"@type":"SearchAction","target":{"@type":"EntryPoint","urlTemplate":"https:\/\/onlinelotto365.com\/pt-pt\/?s={search_term_string}"},"query-input":{"@type":"PropertyValueSpecification","valueRequired":true,"valueName":"search_term_string"}}],"inLanguage":"pt-PT"}]}},"_links":{"self":[{"href":"https:\/\/onlinelotto365.com\/pt-pt\/wp-json\/wp\/v2\/pages\/11946","targetHints":{"allow":["GET"]}}],"collection":[{"href":"https:\/\/onlinelotto365.com\/pt-pt\/wp-json\/wp\/v2\/pages"}],"about":[{"href":"https:\/\/onlinelotto365.com\/pt-pt\/wp-json\/wp\/v2\/types\/page"}],"author":[{"embeddable":true,"href":"https:\/\/onlinelotto365.com\/pt-pt\/wp-json\/wp\/v2\/users\/1"}],"replies":[{"embeddable":true,"href":"https:\/\/onlinelotto365.com\/pt-pt\/wp-json\/wp\/v2\/comments?post=11946"}],"version-history":[{"count":0,"href":"https:\/\/onlinelotto365.com\/pt-pt\/wp-json\/wp\/v2\/pages\/11946\/revisions"}],"up":[{"embeddable":true,"href":"https:\/\/onlinelotto365.com\/pt-pt\/wp-json\/wp\/v2\/pages\/5031"}],"wp:attachment":[{"href":"https:\/\/onlinelotto365.com\/pt-pt\/wp-json\/wp\/v2\/media?parent=11946"}],"curies":[{"name":"wp","href":"https:\/\/api.w.org\/{rel}","templated":true}]}}