{"id":11948,"date":"2020-12-21T09:31:53","date_gmt":"2020-12-21T08:31:53","guid":{"rendered":"http:\/\/onlinelotto365.net\/?page_id=11948"},"modified":"2021-01-06T14:49:32","modified_gmt":"2021-01-06T13:49:32","slug":"bonoloto","status":"publish","type":"page","link":"https:\/\/onlinelotto365.com\/pt-pt\/jogar\/bonoloto\/","title":{"rendered":"Bonoloto agora dispon\u00edvel em todo o lado"},"content":{"rendered":"<h2>Como jogar BonoLoto online<\/h2>\n<p>Jogar BonoLoto \u00e9 mais f\u00e1cil do que voc\u00ea imagina. Tudo que voc\u00ea precisa fazer \u00e9 saber por onde come\u00e7ar e <strong> onde comprar seus ingressos <\/strong>. E o melhor lugar para fazer exatamente isso \u00e9 conosco, em alguns passos simples.<\/p>\n<p>Nosso sistema garante que voc\u00ea est\u00e1 sendo cuidado do in\u00edcio ao fim. Tudo o que voc\u00ea precisa fazer \u00e9 <strong> configurar uma conta totalmente gratuita <\/strong> e pronto. Voc\u00ea poder\u00e1 escolher entre todos os diferentes jogos de loteria que temos dispon\u00edveis e escolher os bilhetes e n\u00fameros espec\u00edficos que deseja. Em seguida, voc\u00ea pode pagar com o m\u00e9todo de pagamento de sua prefer\u00eancia e pronto.<\/p>\n<p>Tudo o que voc\u00ea precisa fazer \u00e9 <a href=\"https:\/\/onlinelotto365.com\/pt-pt\/comprar-bilhetes\"> olhar os diferentes jogos de loteria que temos dispon\u00edveis <\/a> e selecionar o correto (BonoLoto). A partir da\u00ed, voc\u00ea escolhe os n\u00fameros que deseja jogar. Se voc\u00ea escolher muitos ou poucos, n\u00e3o importa, nosso sistema ir\u00e1 alert\u00e1-lo exatamente o que voc\u00ea precisa fazer para que possa corrigir seu t\u00edquete. Ou voc\u00ea pode deixar o computador atribuir n\u00fameros aleatoriamente.<\/p>\n<p>Assim que tiver os ingressos desejados para o BonoLoto, voc\u00ea pode optar por adicionar ingressos de outros jogos tamb\u00e9m. Vai ser super simples e leva apenas alguns minutos. Voc\u00ea espera o seu e-mail de verifica\u00e7\u00e3o chegar no e-mail que voc\u00ea nos fornece e clica no link. Isso \u00e9 tudo o que voc\u00ea precisa e sua conta ser\u00e1 configurada. Assim, voc\u00ea pode continuar comprando ingressos.<\/p>\n<p>Certifique-se de verificar o link de verifica\u00e7\u00e3o em sua caixa de entrada de e-mail normal, bem como em sua pasta de spam, para ter certeza. Se n\u00e3o estivermos em seu cat\u00e1logo de endere\u00e7os, voc\u00ea n\u00e3o ver\u00e1 o e-mail na pasta de sua conta normal.<br \/>\n<a href=\"https:\/\/redfoxlotto.com\/pt\/bonoloto\/?ref=a8564250a2&amp;medium=ol365\" target=\"_blank\" rel=\"noopener noreferrer\"> <img decoding=\"async\" class=\"aligncenter\" src=\"https:\/\/redfoxlotto.com\/image?size=8&amp;lottery=bonoloto\" alt=\"Bono Lotto\" \/> <\/a><\/p>\n<h2>Sobre BonoLoto<\/h2>\n<ul>\n<li style=\"list-style-type: none;\">\n<ul>\n<li>Pa\u00eds: Espanha<\/li>\n<li>Faixa de n\u00fameros principais: 49<\/li>\n<li>Voc\u00ea deve selecionar: 6<\/li>\n<li>Dias, horas dos sorteios: diariamente exceto domingos, 21:30 CET &#8211; 21:30 CET<\/li>\n<li>O jackpot come\u00e7a em: \u20ac 400.000<\/li>\n<li>O jackpot \u00e9 limitado a: nenhum<\/li>\n<li>Chance de ganhar o jackpot: 1 em 13983816<\/li>\n<li>Chance de ganhar o segundo pr\u00eamio: 1 em 2330636<\/li>\n<li>Chance de ganhar qualquer pr\u00eamio: 1 em 8,43<\/li>\n<li>N\u00famero de categorias de pr\u00eamios: 6<\/li>\n<\/ul>\n<\/li>\n<\/ul>\n<h2>Melhores recursos do BonoLoto<\/h2>\n<p>O BonoLoto existe h\u00e1 um bom tempo e j\u00e1 distribuiu muitos pr\u00eamios durante esse per\u00edodo. Melhor ainda, tem quatro desenhos diferentes todas as semanas e foi originalmente criado para ser uma op\u00e7\u00e3o acess\u00edvel. Ainda \u00e9 e voc\u00ea pode ganhar uma participa\u00e7\u00e3o de 55% do faturamento no total de pr\u00eamios.<\/p>\n<h2>Como verificar os resultados do BonoLoto <img loading=\"lazy\" decoding=\"async\" width=\"300\" height=\"200\" class=\"alignright wp-image-3656\" src=\"https:\/\/onlinelotto365.com\/wp-content\/uploads\/2020\/11\/online_lottery-16-300x200.jpg\" alt=\"reproduzir bonoloto online\" srcset=\"https:\/\/onlinelotto365.com\/wp-content\/uploads\/2020\/11\/online_lottery-16-300x200.jpg 300w, https:\/\/onlinelotto365.com\/wp-content\/uploads\/2020\/11\/online_lottery-16.jpg 320w\" sizes=\"auto, (max-width: 300px) 100vw, 300px\" \/><\/h2>\n<p>Voc\u00ea est\u00e1 pronto para ver quais s\u00e3o os <a href=\"https:\/\/onlinelotto365.com\/pt-pt\/numeros-vencedores\"> n\u00fameros vencedores <\/a> para BonoLoto? Bem, na verdade \u00e9 muito simples porque tudo que voc\u00ea precisa fazer \u00e9 acessar o site oficial da BonoLoto. Ou voc\u00ea pode optar por verificar seus jornais locais e esta\u00e7\u00f5es de TV. Todos esses lugares relatam os n\u00fameros vencedores.<br \/>\nMas o melhor lugar para ir \u00e9 definitivamente o lugar onde voc\u00ea comprou sua passagem, que \u00e9 bem aqui. Voc\u00ea poder\u00e1 ver os n\u00fameros vencedores, bem como seus pr\u00f3prios n\u00fameros e como eles se comparam. Dessa forma, voc\u00ea tamb\u00e9m pode ver seus ganhos imediatamente.<\/p>\n<h2>Voc\u00ea jogou BonoLoto online e ganhou &#8211; o que acontece a seguir?<\/h2>\n<ul>\n<li>Se voc\u00ea ganhar menos de \u20ac 2500, n\u00e3o precisa fazer nada. Isso porque reivindicamos o dinheiro para voc\u00ea e o depositamos diretamente em sua conta. Ele estar\u00e1 l\u00e1 para voc\u00ea usar como e quando quiser. Ou voc\u00ea pode retir\u00e1-lo para sua conta banc\u00e1ria normal se tiver pelo menos \u20ac 10.<\/li>\n<li>Se voc\u00ea ganhou mais de \u20ac 2.500, ter\u00e1 que esperar para ouvir nossa equipe de suporte porque h\u00e1 um pouco mais de envolvimento para voc\u00ea receber seus ganhos. Felizmente, n\u00f3s o ajudamos com o processo e come\u00e7amos imediatamente, para que voc\u00ea possa receber seu dinheiro em cheque ou diretamente para sua conta.<\/li>\n<\/ul>\n","protected":false},"excerpt":{"rendered":"<p>Como jogar BonoLoto online Jogar BonoLoto \u00e9 mais f\u00e1cil do que voc\u00ea imagina. Tudo que voc\u00ea precisa fazer \u00e9 saber por onde come\u00e7ar e onde comprar seus ingressos . E o melhor lugar para fazer exatamente isso \u00e9 conosco, em alguns passos simples. Nosso sistema garante que voc\u00ea est\u00e1 sendo cuidado do in\u00edcio ao fim. [&hellip;]<\/p>\n","protected":false},"author":1,"featured_media":0,"parent":5031,"menu_order":8,"comment_status":"closed","ping_status":"closed","template":"","meta":{"_et_pb_use_builder":"","_et_pb_old_content":"","_et_gb_content_width":"","exclude_from_search":false,"footnotes":""},"class_list":["post-11948","page","type-page","status-publish","hentry"],"yoast_head":"<!-- This site is optimized with the Yoast SEO plugin v23.4 - https:\/\/yoast.com\/wordpress\/plugins\/seo\/ -->\n<title>Como jogar BonoLoto se vive no Brasil<\/title>\n<meta name=\"description\" content=\"Encomenda legal de bilhetes para jogar Bonoloto aqui no nosso website\" \/>\n<meta name=\"robots\" content=\"index, follow, max-snippet:-1, max-image-preview:large, max-video-preview:-1\" \/>\n<link rel=\"canonical\" href=\"https:\/\/onlinelotto365.com\/pt-pt\/jogar\/bonoloto\/\" \/>\n<meta property=\"og:locale\" content=\"pt_PT\" \/>\n<meta property=\"og:type\" content=\"article\" \/>\n<meta property=\"og:title\" content=\"Como jogar BonoLoto se vive no Brasil\" \/>\n<meta property=\"og:description\" content=\"Encomenda legal de bilhetes para jogar Bonoloto aqui no nosso website\" \/>\n<meta property=\"og:url\" content=\"https:\/\/onlinelotto365.com\/pt-pt\/jogar\/bonoloto\/\" \/>\n<meta property=\"og:site_name\" content=\"OnlineLotto365\" \/>\n<meta property=\"article:modified_time\" content=\"2021-01-06T13:49:32+00:00\" \/>\n<meta property=\"og:image\" content=\"https:\/\/redfoxlotto.com\/image?size=8&amp;lottery=bonoloto\" \/>\n<meta name=\"twitter:card\" content=\"summary_large_image\" \/>\n<meta name=\"twitter:label1\" content=\"Tempo estimado de leitura\" \/>\n\t<meta name=\"twitter:data1\" content=\"3 minutos\" \/>\n<script type=\"application\/ld+json\" class=\"yoast-schema-graph\">{\"@context\":\"https:\/\/schema.org\",\"@graph\":[{\"@type\":\"WebPage\",\"@id\":\"https:\/\/onlinelotto365.com\/pt-pt\/jogar\/bonoloto\/\",\"url\":\"https:\/\/onlinelotto365.com\/pt-pt\/jogar\/bonoloto\/\",\"name\":\"Como jogar BonoLoto se vive no Brasil\",\"isPartOf\":{\"@id\":\"https:\/\/onlinelotto365.com\/pt-pt\/#website\"},\"primaryImageOfPage\":{\"@id\":\"https:\/\/onlinelotto365.com\/pt-pt\/jogar\/bonoloto\/#primaryimage\"},\"image\":{\"@id\":\"https:\/\/onlinelotto365.com\/pt-pt\/jogar\/bonoloto\/#primaryimage\"},\"thumbnailUrl\":\"https:\/\/redfoxlotto.com\/image?size=8&amp;lottery=bonoloto\",\"datePublished\":\"2020-12-21T08:31:53+00:00\",\"dateModified\":\"2021-01-06T13:49:32+00:00\",\"description\":\"Encomenda legal de bilhetes para jogar Bonoloto aqui no nosso website\",\"breadcrumb\":{\"@id\":\"https:\/\/onlinelotto365.com\/pt-pt\/jogar\/bonoloto\/#breadcrumb\"},\"inLanguage\":\"pt-PT\",\"potentialAction\":[{\"@type\":\"ReadAction\",\"target\":[\"https:\/\/onlinelotto365.com\/pt-pt\/jogar\/bonoloto\/\"]}]},{\"@type\":\"ImageObject\",\"inLanguage\":\"pt-PT\",\"@id\":\"https:\/\/onlinelotto365.com\/pt-pt\/jogar\/bonoloto\/#primaryimage\",\"url\":\"https:\/\/redfoxlotto.com\/image?size=8&amp;lottery=bonoloto\",\"contentUrl\":\"https:\/\/redfoxlotto.com\/image?size=8&amp;lottery=bonoloto\"},{\"@type\":\"BreadcrumbList\",\"@id\":\"https:\/\/onlinelotto365.com\/pt-pt\/jogar\/bonoloto\/#breadcrumb\",\"itemListElement\":[{\"@type\":\"ListItem\",\"position\":1,\"name\":\"Home\",\"item\":\"https:\/\/onlinelotto365.com\/pt-pt\/\"},{\"@type\":\"ListItem\",\"position\":2,\"name\":\"Tudo o que precisa de saber sobre as suas op\u00e7\u00f5es para jogar as melhores lotarias online\",\"item\":\"https:\/\/onlinelotto365.com\/pt-pt\/play\/\"},{\"@type\":\"ListItem\",\"position\":3,\"name\":\"Bonoloto agora dispon\u00edvel em todo o lado\"}]},{\"@type\":\"WebSite\",\"@id\":\"https:\/\/onlinelotto365.com\/pt-pt\/#website\",\"url\":\"https:\/\/onlinelotto365.com\/pt-pt\/\",\"name\":\"OnlineLotto365\",\"description\":\"\",\"potentialAction\":[{\"@type\":\"SearchAction\",\"target\":{\"@type\":\"EntryPoint\",\"urlTemplate\":\"https:\/\/onlinelotto365.com\/pt-pt\/?s={search_term_string}\"},\"query-input\":{\"@type\":\"PropertyValueSpecification\",\"valueRequired\":true,\"valueName\":\"search_term_string\"}}],\"inLanguage\":\"pt-PT\"}]}<\/script>\n<!-- \/ Yoast SEO plugin. -->","yoast_head_json":{"title":"Como jogar BonoLoto se vive no Brasil","description":"Encomenda legal de bilhetes para jogar Bonoloto aqui no nosso website","robots":{"index":"index","follow":"follow","max-snippet":"max-snippet:-1","max-image-preview":"max-image-preview:large","max-video-preview":"max-video-preview:-1"},"canonical":"https:\/\/onlinelotto365.com\/pt-pt\/jogar\/bonoloto\/","og_locale":"pt_PT","og_type":"article","og_title":"Como jogar BonoLoto se vive no Brasil","og_description":"Encomenda legal de bilhetes para jogar Bonoloto aqui no nosso website","og_url":"https:\/\/onlinelotto365.com\/pt-pt\/jogar\/bonoloto\/","og_site_name":"OnlineLotto365","article_modified_time":"2021-01-06T13:49:32+00:00","og_image":[{"url":"https:\/\/redfoxlotto.com\/image?size=8&amp;lottery=bonoloto"}],"twitter_card":"summary_large_image","twitter_misc":{"Tempo estimado de leitura":"3 minutos"},"schema":{"@context":"https:\/\/schema.org","@graph":[{"@type":"WebPage","@id":"https:\/\/onlinelotto365.com\/pt-pt\/jogar\/bonoloto\/","url":"https:\/\/onlinelotto365.com\/pt-pt\/jogar\/bonoloto\/","name":"Como jogar BonoLoto se vive no Brasil","isPartOf":{"@id":"https:\/\/onlinelotto365.com\/pt-pt\/#website"},"primaryImageOfPage":{"@id":"https:\/\/onlinelotto365.com\/pt-pt\/jogar\/bonoloto\/#primaryimage"},"image":{"@id":"https:\/\/onlinelotto365.com\/pt-pt\/jogar\/bonoloto\/#primaryimage"},"thumbnailUrl":"https:\/\/redfoxlotto.com\/image?size=8&amp;lottery=bonoloto","datePublished":"2020-12-21T08:31:53+00:00","dateModified":"2021-01-06T13:49:32+00:00","description":"Encomenda legal de bilhetes para jogar Bonoloto aqui no nosso website","breadcrumb":{"@id":"https:\/\/onlinelotto365.com\/pt-pt\/jogar\/bonoloto\/#breadcrumb"},"inLanguage":"pt-PT","potentialAction":[{"@type":"ReadAction","target":["https:\/\/onlinelotto365.com\/pt-pt\/jogar\/bonoloto\/"]}]},{"@type":"ImageObject","inLanguage":"pt-PT","@id":"https:\/\/onlinelotto365.com\/pt-pt\/jogar\/bonoloto\/#primaryimage","url":"https:\/\/redfoxlotto.com\/image?size=8&amp;lottery=bonoloto","contentUrl":"https:\/\/redfoxlotto.com\/image?size=8&amp;lottery=bonoloto"},{"@type":"BreadcrumbList","@id":"https:\/\/onlinelotto365.com\/pt-pt\/jogar\/bonoloto\/#breadcrumb","itemListElement":[{"@type":"ListItem","position":1,"name":"Home","item":"https:\/\/onlinelotto365.com\/pt-pt\/"},{"@type":"ListItem","position":2,"name":"Tudo o que precisa de saber sobre as suas op\u00e7\u00f5es para jogar as melhores lotarias online","item":"https:\/\/onlinelotto365.com\/pt-pt\/play\/"},{"@type":"ListItem","position":3,"name":"Bonoloto agora dispon\u00edvel em todo o lado"}]},{"@type":"WebSite","@id":"https:\/\/onlinelotto365.com\/pt-pt\/#website","url":"https:\/\/onlinelotto365.com\/pt-pt\/","name":"OnlineLotto365","description":"","potentialAction":[{"@type":"SearchAction","target":{"@type":"EntryPoint","urlTemplate":"https:\/\/onlinelotto365.com\/pt-pt\/?s={search_term_string}"},"query-input":{"@type":"PropertyValueSpecification","valueRequired":true,"valueName":"search_term_string"}}],"inLanguage":"pt-PT"}]}},"_links":{"self":[{"href":"https:\/\/onlinelotto365.com\/pt-pt\/wp-json\/wp\/v2\/pages\/11948","targetHints":{"allow":["GET"]}}],"collection":[{"href":"https:\/\/onlinelotto365.com\/pt-pt\/wp-json\/wp\/v2\/pages"}],"about":[{"href":"https:\/\/onlinelotto365.com\/pt-pt\/wp-json\/wp\/v2\/types\/page"}],"author":[{"embeddable":true,"href":"https:\/\/onlinelotto365.com\/pt-pt\/wp-json\/wp\/v2\/users\/1"}],"replies":[{"embeddable":true,"href":"https:\/\/onlinelotto365.com\/pt-pt\/wp-json\/wp\/v2\/comments?post=11948"}],"version-history":[{"count":0,"href":"https:\/\/onlinelotto365.com\/pt-pt\/wp-json\/wp\/v2\/pages\/11948\/revisions"}],"up":[{"embeddable":true,"href":"https:\/\/onlinelotto365.com\/pt-pt\/wp-json\/wp\/v2\/pages\/5031"}],"wp:attachment":[{"href":"https:\/\/onlinelotto365.com\/pt-pt\/wp-json\/wp\/v2\/media?parent=11948"}],"curies":[{"name":"wp","href":"https:\/\/api.w.org\/{rel}","templated":true}]}}