{"id":11950,"date":"2020-12-21T09:33:02","date_gmt":"2020-12-21T08:33:02","guid":{"rendered":"http:\/\/onlinelotto365.net\/?page_id=11950"},"modified":"2021-01-06T14:49:56","modified_gmt":"2021-01-06T13:49:56","slug":"uk-lottery","status":"publish","type":"page","link":"https:\/\/onlinelotto365.com\/pt-pt\/jogar\/uk-lottery\/","title":{"rendered":"Como podem os residentes do Brasil jogar online na Lotaria do Reino Unido?"},"content":{"rendered":"<h2>Sobre a loteria do Reino Unido<\/h2>\n<p>Com seis n\u00fameros para escolher entre 59 e nenhum n\u00famero adicional, as chances de ganhar s\u00e3o boas em compara\u00e7\u00e3o com os gostos de <a href=\"https:\/\/onlinelotto365.com\/pt-pt\/comprar-bilhetes\/powerball\"> Powerball <\/a> ou <a href=\"https:\/\/onlinelotto365.com\/pt-pt\/comprar-bilhetes\/mega-millions\"> Mega Millions <\/a>. Se voc\u00ea acertar 5 de 6 n\u00fameros, ter\u00e1 2,5 milh\u00f5es de libras esterlinas garantidas e, com todos os seis, ganhar\u00e1 o jackpot. <strong> A menos que voc\u00ea more no Reino Unido, jogar online atrav\u00e9s de nosso servi\u00e7o \u00e9 sua \u00fanica op\u00e7\u00e3o de participar. <\/strong><\/p>\n<ul>\n<li>Pa\u00eds: Reino Unido<\/li>\n<li>Faixa de n\u00fameros principais: 59<\/li>\n<li>Voc\u00ea escolhe: 6<\/li>\n<li>Intervalo de n\u00fameros extras: nenhum<\/li>\n<li>Voc\u00ea escolhe: nenhum<\/li>\n<li>Dias e horas do sorteio: quarta-feira, s\u00e1bado, 19:30 UTC, 19:30 CET<\/li>\n<li>Jackpot m\u00ednimo: GBP 2,5 milh\u00f5es<\/li>\n<li>Jackpot m\u00e1ximo: GBP 22 milh\u00f5es<\/li>\n<li>Probabilidade de ganhar o jackpot: 1 em 45.057.474<\/li>\n<li>Probabilidade de vit\u00f3ria de n\u00edvel 2: 1 em 7.509.579<\/li>\n<li>Probabilidade de vencer em qualquer n\u00edvel: 1 em 9,27<\/li>\n<li>N\u00famero de categorias de pr\u00eamios: 6<\/li>\n<\/ul>\n<p><a href=\"https:\/\/redfoxlotto.com\/pt\/lotto-uk\/?ref=a8564250a2&amp;medium=ol365\" target=\"_blank\" rel=\"noopener noreferrer\"> <img decoding=\"async\" class=\"aligncenter\" src=\" https:\/\/redfoxlotto.com\/image?size=8&amp;lottery=lotto-uk \" alt=\" UK lottery \" width=\" 720 \" height=\" 90 \" \/> <\/a><\/p>\n<h2>Por que os jackpots da loteria do Reino Unido geralmente s\u00e3o baixos?<\/h2>\n<p>Bem, pelo simples fato de que o jackpot da loteria do Brasil s\u00f3 pode ser acumulado 5 vezes. Depois disso, o jackpot pode ser ganho com apenas 5 de seis n\u00fameros em seu bilhete de loteria. Considerando esta regra, faria sentido jogar nesta loteria sempre que o jackpot n\u00e3o foi ganho cinco vezes consecutivas. Nesse ponto, voc\u00ea ter\u00e1 chances muito melhores de ganhar o pr\u00eamio principal. Esse pr\u00eamio m\u00e1ximo deve ser grande o suficiente para coloc\u00e1-lo em uma posi\u00e7\u00e3o em que n\u00e3o precise se preocupar com dinheiro pelo resto da vida.<\/p>\n<p>No entanto, h\u00e1 uma boa chance de que ap\u00f3s cinco rollovers, o <a href=\"https:\/\/onlinelotto365.com\/pt-pt\/news\/os-maiores-jackpots-de-loteria-da-historia\"> jackpot <\/a> possa ter que ser dividido entre v\u00e1rios vencedores. Com as probabilidades mais baixas e mais pessoas jogando, pode haver mais de um vencedor para o segundo n\u00edvel de pr\u00eamio.<\/p>\n<h2>N\u00e3o quer dividir o jackpot?<\/h2>\n<p>Existe uma estrat\u00e9gia de loteria para evitar a divis\u00e3o do pr\u00eamio principal: escolha uma <strong> combina\u00e7\u00e3o de n\u00fameros que parece menos prov\u00e1vel de ser escolhida por outros jogadores <\/strong> tamb\u00e9m. Por exemplo, use menos n\u00fameros entre 1 e 31 (h\u00e1 muitos jogadores usando datas de nascimento como n\u00fameros da sorte) ou use 3 n\u00fameros entre 30 e 40 e tr\u00eas n\u00fameros entre 50 e 56. Use sua imagina\u00e7\u00e3o para inventar mais &#8220;\u00edmpares &#8220;n\u00fameros.<\/p>\n","protected":false},"excerpt":{"rendered":"<p>Sobre a loteria do Reino Unido Com seis n\u00fameros para escolher entre 59 e nenhum n\u00famero adicional, as chances de ganhar s\u00e3o boas em compara\u00e7\u00e3o com os gostos de Powerball ou Mega Millions . Se voc\u00ea acertar 5 de 6 n\u00fameros, ter\u00e1 2,5 milh\u00f5es de libras esterlinas garantidas e, com todos os seis, ganhar\u00e1 o [&hellip;]<\/p>\n","protected":false},"author":1,"featured_media":0,"parent":5031,"menu_order":9,"comment_status":"closed","ping_status":"closed","template":"lotto-uk.php","meta":{"_et_pb_use_builder":"","_et_pb_old_content":"","_et_gb_content_width":"","exclude_from_search":false,"footnotes":""},"class_list":["post-11950","page","type-page","status-publish","hentry"],"yoast_head":"<!-- This site is optimized with the Yoast SEO plugin v23.4 - https:\/\/yoast.com\/wordpress\/plugins\/seo\/ -->\n<title>Posso participar na Lotaria do Reino Unido online a partir do Brasil | Posso participar na Lotaria do Reino Unido se viver no Brasil<\/title>\n<meta name=\"description\" content=\"Participar na Lotaria do Reino Unido de outros pa\u00edses como o Brasil \u00e9 agora f\u00e1cil com o nosso servi\u00e7o online\" \/>\n<meta name=\"robots\" content=\"index, follow, max-snippet:-1, max-image-preview:large, max-video-preview:-1\" \/>\n<link rel=\"canonical\" href=\"https:\/\/onlinelotto365.com\/pt-pt\/jogar\/uk-lottery\/\" \/>\n<meta property=\"og:locale\" content=\"pt_PT\" \/>\n<meta property=\"og:type\" content=\"article\" \/>\n<meta property=\"og:title\" content=\"Posso participar na Lotaria do Reino Unido online a partir do Brasil | Posso participar na Lotaria do Reino Unido se viver no Brasil\" \/>\n<meta property=\"og:description\" content=\"Participar na Lotaria do Reino Unido de outros pa\u00edses como o Brasil \u00e9 agora f\u00e1cil com o nosso servi\u00e7o online\" \/>\n<meta property=\"og:url\" content=\"https:\/\/onlinelotto365.com\/pt-pt\/jogar\/uk-lottery\/\" \/>\n<meta property=\"og:site_name\" content=\"OnlineLotto365\" \/>\n<meta property=\"article:modified_time\" content=\"2021-01-06T13:49:56+00:00\" \/>\n<meta name=\"twitter:card\" content=\"summary_large_image\" \/>\n<meta name=\"twitter:label1\" content=\"Tempo estimado de leitura\" \/>\n\t<meta name=\"twitter:data1\" content=\"2 minutos\" \/>\n<script type=\"application\/ld+json\" class=\"yoast-schema-graph\">{\"@context\":\"https:\/\/schema.org\",\"@graph\":[{\"@type\":\"WebPage\",\"@id\":\"https:\/\/onlinelotto365.com\/pt-pt\/jogar\/uk-lottery\/\",\"url\":\"https:\/\/onlinelotto365.com\/pt-pt\/jogar\/uk-lottery\/\",\"name\":\"Posso participar na Lotaria do Reino Unido online a partir do Brasil | Posso participar na Lotaria do Reino Unido se viver no Brasil\",\"isPartOf\":{\"@id\":\"https:\/\/onlinelotto365.com\/pt-pt\/#website\"},\"datePublished\":\"2020-12-21T08:33:02+00:00\",\"dateModified\":\"2021-01-06T13:49:56+00:00\",\"description\":\"Participar na Lotaria do Reino Unido de outros pa\u00edses como o Brasil \u00e9 agora f\u00e1cil com o nosso servi\u00e7o online\",\"breadcrumb\":{\"@id\":\"https:\/\/onlinelotto365.com\/pt-pt\/jogar\/uk-lottery\/#breadcrumb\"},\"inLanguage\":\"pt-PT\",\"potentialAction\":[{\"@type\":\"ReadAction\",\"target\":[\"https:\/\/onlinelotto365.com\/pt-pt\/jogar\/uk-lottery\/\"]}]},{\"@type\":\"BreadcrumbList\",\"@id\":\"https:\/\/onlinelotto365.com\/pt-pt\/jogar\/uk-lottery\/#breadcrumb\",\"itemListElement\":[{\"@type\":\"ListItem\",\"position\":1,\"name\":\"Home\",\"item\":\"https:\/\/onlinelotto365.com\/pt-pt\/\"},{\"@type\":\"ListItem\",\"position\":2,\"name\":\"Tudo o que precisa de saber sobre as suas op\u00e7\u00f5es para jogar as melhores lotarias online\",\"item\":\"https:\/\/onlinelotto365.com\/pt-pt\/play\/\"},{\"@type\":\"ListItem\",\"position\":3,\"name\":\"Como podem os residentes do Brasil jogar online na Lotaria do Reino Unido?\"}]},{\"@type\":\"WebSite\",\"@id\":\"https:\/\/onlinelotto365.com\/pt-pt\/#website\",\"url\":\"https:\/\/onlinelotto365.com\/pt-pt\/\",\"name\":\"OnlineLotto365\",\"description\":\"\",\"potentialAction\":[{\"@type\":\"SearchAction\",\"target\":{\"@type\":\"EntryPoint\",\"urlTemplate\":\"https:\/\/onlinelotto365.com\/pt-pt\/?s={search_term_string}\"},\"query-input\":{\"@type\":\"PropertyValueSpecification\",\"valueRequired\":true,\"valueName\":\"search_term_string\"}}],\"inLanguage\":\"pt-PT\"}]}<\/script>\n<!-- \/ Yoast SEO plugin. -->","yoast_head_json":{"title":"Posso participar na Lotaria do Reino Unido online a partir do Brasil | Posso participar na Lotaria do Reino Unido se viver no Brasil","description":"Participar na Lotaria do Reino Unido de outros pa\u00edses como o Brasil \u00e9 agora f\u00e1cil com o nosso servi\u00e7o online","robots":{"index":"index","follow":"follow","max-snippet":"max-snippet:-1","max-image-preview":"max-image-preview:large","max-video-preview":"max-video-preview:-1"},"canonical":"https:\/\/onlinelotto365.com\/pt-pt\/jogar\/uk-lottery\/","og_locale":"pt_PT","og_type":"article","og_title":"Posso participar na Lotaria do Reino Unido online a partir do Brasil | Posso participar na Lotaria do Reino Unido se viver no Brasil","og_description":"Participar na Lotaria do Reino Unido de outros pa\u00edses como o Brasil \u00e9 agora f\u00e1cil com o nosso servi\u00e7o online","og_url":"https:\/\/onlinelotto365.com\/pt-pt\/jogar\/uk-lottery\/","og_site_name":"OnlineLotto365","article_modified_time":"2021-01-06T13:49:56+00:00","twitter_card":"summary_large_image","twitter_misc":{"Tempo estimado de leitura":"2 minutos"},"schema":{"@context":"https:\/\/schema.org","@graph":[{"@type":"WebPage","@id":"https:\/\/onlinelotto365.com\/pt-pt\/jogar\/uk-lottery\/","url":"https:\/\/onlinelotto365.com\/pt-pt\/jogar\/uk-lottery\/","name":"Posso participar na Lotaria do Reino Unido online a partir do Brasil | Posso participar na Lotaria do Reino Unido se viver no Brasil","isPartOf":{"@id":"https:\/\/onlinelotto365.com\/pt-pt\/#website"},"datePublished":"2020-12-21T08:33:02+00:00","dateModified":"2021-01-06T13:49:56+00:00","description":"Participar na Lotaria do Reino Unido de outros pa\u00edses como o Brasil \u00e9 agora f\u00e1cil com o nosso servi\u00e7o online","breadcrumb":{"@id":"https:\/\/onlinelotto365.com\/pt-pt\/jogar\/uk-lottery\/#breadcrumb"},"inLanguage":"pt-PT","potentialAction":[{"@type":"ReadAction","target":["https:\/\/onlinelotto365.com\/pt-pt\/jogar\/uk-lottery\/"]}]},{"@type":"BreadcrumbList","@id":"https:\/\/onlinelotto365.com\/pt-pt\/jogar\/uk-lottery\/#breadcrumb","itemListElement":[{"@type":"ListItem","position":1,"name":"Home","item":"https:\/\/onlinelotto365.com\/pt-pt\/"},{"@type":"ListItem","position":2,"name":"Tudo o que precisa de saber sobre as suas op\u00e7\u00f5es para jogar as melhores lotarias online","item":"https:\/\/onlinelotto365.com\/pt-pt\/play\/"},{"@type":"ListItem","position":3,"name":"Como podem os residentes do Brasil jogar online na Lotaria do Reino Unido?"}]},{"@type":"WebSite","@id":"https:\/\/onlinelotto365.com\/pt-pt\/#website","url":"https:\/\/onlinelotto365.com\/pt-pt\/","name":"OnlineLotto365","description":"","potentialAction":[{"@type":"SearchAction","target":{"@type":"EntryPoint","urlTemplate":"https:\/\/onlinelotto365.com\/pt-pt\/?s={search_term_string}"},"query-input":{"@type":"PropertyValueSpecification","valueRequired":true,"valueName":"search_term_string"}}],"inLanguage":"pt-PT"}]}},"_links":{"self":[{"href":"https:\/\/onlinelotto365.com\/pt-pt\/wp-json\/wp\/v2\/pages\/11950","targetHints":{"allow":["GET"]}}],"collection":[{"href":"https:\/\/onlinelotto365.com\/pt-pt\/wp-json\/wp\/v2\/pages"}],"about":[{"href":"https:\/\/onlinelotto365.com\/pt-pt\/wp-json\/wp\/v2\/types\/page"}],"author":[{"embeddable":true,"href":"https:\/\/onlinelotto365.com\/pt-pt\/wp-json\/wp\/v2\/users\/1"}],"replies":[{"embeddable":true,"href":"https:\/\/onlinelotto365.com\/pt-pt\/wp-json\/wp\/v2\/comments?post=11950"}],"version-history":[{"count":0,"href":"https:\/\/onlinelotto365.com\/pt-pt\/wp-json\/wp\/v2\/pages\/11950\/revisions"}],"up":[{"embeddable":true,"href":"https:\/\/onlinelotto365.com\/pt-pt\/wp-json\/wp\/v2\/pages\/5031"}],"wp:attachment":[{"href":"https:\/\/onlinelotto365.com\/pt-pt\/wp-json\/wp\/v2\/media?parent=11950"}],"curies":[{"name":"wp","href":"https:\/\/api.w.org\/{rel}","templated":true}]}}