{"id":11952,"date":"2020-12-21T09:33:54","date_gmt":"2020-12-21T08:33:54","guid":{"rendered":"http:\/\/onlinelotto365.net\/?page_id=11952"},"modified":"2021-01-06T14:50:15","modified_gmt":"2021-01-06T13:50:15","slug":"set-for-life","status":"publish","type":"page","link":"https:\/\/onlinelotto365.com\/pt-pt\/jogar\/set-for-life\/","title":{"rendered":"\u00c9 poss\u00edvel jogar o Set for life lotto online?"},"content":{"rendered":"<p>Voc\u00ea sabia que a loteria Set for Life pode lhe dar a chance de <strong> ganhar \u00a3 10.000 todos os meses? <\/strong> Se voc\u00ea estiver interessado em tentar a sorte na loteria, a Set for Life \u00e9 uma maneira fant\u00e1stica de come\u00e7ar . A loteria Set for Life \u00e9 mais conhecida por ser o \u00fanico jogo que permite que voc\u00ea jogue com n\u00fameros em sete sorteios di\u00e1rios consecutivos. Isso simplesmente significa que voc\u00ea tem muitas chances de ganhar o jackpot todos os dias da semana.<\/p>\n<p>Aqui, faremos com que voc\u00ea saiba mais sobre o Set for Life e entenda por que tantas pessoas continuam a jogar na loteria.<\/p>\n<p>O Set for Life foi organizado pela Loteria Nacional e ganhou o t\u00edtulo de primeiro jogo de loteria de anuidades do Brasil. A loteria d\u00e1 aos jogadores a chance de ganhar um pagamento mensal de \u00a3 10.000 por um per\u00edodo de 30 anos.<\/p>\n<p>E mesmo sendo uma loteria do Reino Unido, voc\u00ea pode <strong> jogar Set for life online no Brasil. <\/strong> Nosso <a href=\"https:\/\/onlinelotto365.com\/pt-pt\/news\/servico-de-ingressos-para-loterias-internacionais\"> servi\u00e7o de bilhetes online para loterias globais <\/a> permite que jogadores de todo o mundo participem das melhores loterias com os maiores jackpots.<\/p>\n<p><a href=\"https:\/\/redfoxlotto.com\/pt\/set-for-life-uk\/?ref=a8564250a2&amp;medium=ol365\" target=\"_blank\" rel=\"noopener noreferrer\"> <img decoding=\"async\" class=\"aligncenter \" src=\" https:\/\/redfoxlotto.com\/image?size=8&amp;lottery=set-for-life-uk \" alt=\" &amp; quot; Set \" \/> <\/a><\/p>\n<h2>Sobre Set for life lotto<\/h2>\n<ul>\n<li>Pa\u00eds: Reino Unido<\/li>\n<li>Faixa de n\u00fameros principais: 45<\/li>\n<li>Voc\u00ea escolhe: 5<\/li>\n<li>Intervalo de n\u00fameros extras: 10<\/li>\n<li>Voc\u00ea escolhe: 1<\/li>\n<li>Dias e horas do sorteio: segunda, quinta, 20:00 GMT, 21:00 CET<\/li>\n<li>Jackpot m\u00ednimo: nenhum<\/li>\n<li>Jackpot m\u00e1ximo: nenhum<\/li>\n<li>Probabilidade de ganhar o jackpot: 1 em 15.339.390<\/li>\n<li>Probabilidade de vit\u00f3ria de n\u00edvel 2: 1 em 1.704.377<\/li>\n<li>Probabilidade de vencer em qualquer n\u00edvel: 1 em 12,4<\/li>\n<li>N\u00famero de categorias de pr\u00eamios: 8<\/li>\n<\/ul>\n<p>Como outras loterias no Reino Unido, o Set for Life \u00e9 um jogo de sorteio. Se voc\u00ea jogar na loteria, precisar\u00e1 selecionar <strong> cinco n\u00fameros do intervalo de adivinha\u00e7\u00e3o de 1 a 47, incluindo um n\u00famero da \u201cbola da vida\u201d de 1 a 10 <\/strong>. Assim que seus cinco n\u00fameros e o n\u00famero da bola vital\u00edcia forem escolhidos, voc\u00ea ter\u00e1 a chance de ganhar um jackpot total de \u00a3 10.000 por m\u00eas.<\/p>\n<h2>Sorteio de conjunto para a vida<\/h2>\n<p>A loteria Set for Life funciona todas as segundas e quintas-feiras e, no Reino Unido, os jogadores podem <a href=\"https:\/\/onlinelotto365.com\/pt-pt\/comprar-bilhetes\"> comprar na loteria ingressos <\/a> na loja de loteria local. O sorteio encerra \u00e0s 21h EAST todas as noites. Os resultados mais recentes do Set for Life est\u00e3o normalmente dispon\u00edveis no dia do sorteio, que \u00e9 21:45 GMT. Observe que os dividendos de cada jogo ser\u00e3o atualizados logo ap\u00f3s o sorteio. Al\u00e9m disso, as atualiza\u00e7\u00f5es de dividendos geralmente est\u00e3o dispon\u00edveis ao p\u00fablico na manh\u00e3 seguinte ao sorteio da loteria.<\/p>\n<h2>Como ganhar na loteria vital\u00edcia<\/h2>\n<p>O primeiro pr\u00eamio da loteria Set for Life oferece um pagamento mensal de \u00a3 10.000 e quatro jogadores t\u00eam a chance de ganhar o pr\u00eamio em cada sorteio. Para voc\u00ea ganhar o pr\u00eamio do jackpot, seus n\u00fameros precisam corresponder aos oito n\u00fameros vencedores durante o conjunto \u00fanico. Ou seja, h\u00e1 um total de oito categorias de pr\u00eamios na loteria Set for Life. Voc\u00ea tem a chance de ganhar um pr\u00eamio com quatro n\u00fameros vencedores, incluindo um n\u00famero de b\u00f4nus em cada conjunto.<\/p>\n<p><strong> Set for Life oferece chances favor\u00e1veis \u200b\u200bde ganhar o jackpot <\/strong>. Por exemplo, outros pr\u00eamios que exigem a combina\u00e7\u00e3o de um ou mais n\u00fameros d\u00e3o a voc\u00ea uma chance de 1 em 12 de ganhar, mesmo que seja de apenas 5 libras.<\/p>\n<p>Ent\u00e3o, se voc\u00ea est\u00e1 sentindo sua sorte, vale a pena comprar um ingresso Set for Life! Oferecemos a voc\u00ea <a href=\"https:\/\/onlinelotto365.com\/pt-pt\/jogar\"> ampla variedade de loterias internacionais que voc\u00ea pode jogar <\/a> do Brasil, para jackpots com centenas de milh\u00f5es em ganhos.<\/p>\n","protected":false},"excerpt":{"rendered":"<p>Voc\u00ea sabia que a loteria Set for Life pode lhe dar a chance de ganhar \u00a3 10.000 todos os meses? Se voc\u00ea estiver interessado em tentar a sorte na loteria, a Set for Life \u00e9 uma maneira fant\u00e1stica de come\u00e7ar . A loteria Set for Life \u00e9 mais conhecida por ser o \u00fanico jogo que [&hellip;]<\/p>\n","protected":false},"author":1,"featured_media":0,"parent":5031,"menu_order":10,"comment_status":"closed","ping_status":"closed","template":"set-for-life.php","meta":{"_et_pb_use_builder":"","_et_pb_old_content":"","_et_gb_content_width":"","exclude_from_search":false,"footnotes":""},"class_list":["post-11952","page","type-page","status-publish","hentry"],"yoast_head":"<!-- This site is optimized with the Yoast SEO plugin v23.4 - https:\/\/yoast.com\/wordpress\/plugins\/seo\/ -->\n<title>Como jogar o Set for life lotto online a partir do Brasil<\/title>\n<meta name=\"description\" content=\"Compre bilhetes online para o Set for life lotto se estiver sediado no Brasil\" \/>\n<meta name=\"robots\" content=\"index, follow, max-snippet:-1, max-image-preview:large, max-video-preview:-1\" \/>\n<link rel=\"canonical\" href=\"https:\/\/onlinelotto365.com\/pt-pt\/jogar\/set-for-life\/\" \/>\n<meta property=\"og:locale\" content=\"pt_PT\" \/>\n<meta property=\"og:type\" content=\"article\" \/>\n<meta property=\"og:title\" content=\"Como jogar o Set for life lotto online a partir do Brasil\" \/>\n<meta property=\"og:description\" content=\"Compre bilhetes online para o Set for life lotto se estiver sediado no Brasil\" \/>\n<meta property=\"og:url\" content=\"https:\/\/onlinelotto365.com\/pt-pt\/jogar\/set-for-life\/\" \/>\n<meta property=\"og:site_name\" content=\"OnlineLotto365\" \/>\n<meta property=\"article:modified_time\" content=\"2021-01-06T13:50:15+00:00\" \/>\n<meta name=\"twitter:card\" content=\"summary_large_image\" \/>\n<meta name=\"twitter:label1\" content=\"Tempo estimado de leitura\" \/>\n\t<meta name=\"twitter:data1\" content=\"3 minutos\" \/>\n<script type=\"application\/ld+json\" class=\"yoast-schema-graph\">{\"@context\":\"https:\/\/schema.org\",\"@graph\":[{\"@type\":\"WebPage\",\"@id\":\"https:\/\/onlinelotto365.com\/pt-pt\/jogar\/set-for-life\/\",\"url\":\"https:\/\/onlinelotto365.com\/pt-pt\/jogar\/set-for-life\/\",\"name\":\"Como jogar o Set for life lotto online a partir do Brasil\",\"isPartOf\":{\"@id\":\"https:\/\/onlinelotto365.com\/pt-pt\/#website\"},\"datePublished\":\"2020-12-21T08:33:54+00:00\",\"dateModified\":\"2021-01-06T13:50:15+00:00\",\"description\":\"Compre bilhetes online para o Set for life lotto se estiver sediado no Brasil\",\"breadcrumb\":{\"@id\":\"https:\/\/onlinelotto365.com\/pt-pt\/jogar\/set-for-life\/#breadcrumb\"},\"inLanguage\":\"pt-PT\",\"potentialAction\":[{\"@type\":\"ReadAction\",\"target\":[\"https:\/\/onlinelotto365.com\/pt-pt\/jogar\/set-for-life\/\"]}]},{\"@type\":\"BreadcrumbList\",\"@id\":\"https:\/\/onlinelotto365.com\/pt-pt\/jogar\/set-for-life\/#breadcrumb\",\"itemListElement\":[{\"@type\":\"ListItem\",\"position\":1,\"name\":\"Home\",\"item\":\"https:\/\/onlinelotto365.com\/pt-pt\/\"},{\"@type\":\"ListItem\",\"position\":2,\"name\":\"Tudo o que precisa de saber sobre as suas op\u00e7\u00f5es para jogar as melhores lotarias online\",\"item\":\"https:\/\/onlinelotto365.com\/pt-pt\/play\/\"},{\"@type\":\"ListItem\",\"position\":3,\"name\":\"\u00c9 poss\u00edvel jogar o Set for life lotto online?\"}]},{\"@type\":\"WebSite\",\"@id\":\"https:\/\/onlinelotto365.com\/pt-pt\/#website\",\"url\":\"https:\/\/onlinelotto365.com\/pt-pt\/\",\"name\":\"OnlineLotto365\",\"description\":\"\",\"potentialAction\":[{\"@type\":\"SearchAction\",\"target\":{\"@type\":\"EntryPoint\",\"urlTemplate\":\"https:\/\/onlinelotto365.com\/pt-pt\/?s={search_term_string}\"},\"query-input\":{\"@type\":\"PropertyValueSpecification\",\"valueRequired\":true,\"valueName\":\"search_term_string\"}}],\"inLanguage\":\"pt-PT\"}]}<\/script>\n<!-- \/ Yoast SEO plugin. -->","yoast_head_json":{"title":"Como jogar o Set for life lotto online a partir do Brasil","description":"Compre bilhetes online para o Set for life lotto se estiver sediado no Brasil","robots":{"index":"index","follow":"follow","max-snippet":"max-snippet:-1","max-image-preview":"max-image-preview:large","max-video-preview":"max-video-preview:-1"},"canonical":"https:\/\/onlinelotto365.com\/pt-pt\/jogar\/set-for-life\/","og_locale":"pt_PT","og_type":"article","og_title":"Como jogar o Set for life lotto online a partir do Brasil","og_description":"Compre bilhetes online para o Set for life lotto se estiver sediado no Brasil","og_url":"https:\/\/onlinelotto365.com\/pt-pt\/jogar\/set-for-life\/","og_site_name":"OnlineLotto365","article_modified_time":"2021-01-06T13:50:15+00:00","twitter_card":"summary_large_image","twitter_misc":{"Tempo estimado de leitura":"3 minutos"},"schema":{"@context":"https:\/\/schema.org","@graph":[{"@type":"WebPage","@id":"https:\/\/onlinelotto365.com\/pt-pt\/jogar\/set-for-life\/","url":"https:\/\/onlinelotto365.com\/pt-pt\/jogar\/set-for-life\/","name":"Como jogar o Set for life lotto online a partir do Brasil","isPartOf":{"@id":"https:\/\/onlinelotto365.com\/pt-pt\/#website"},"datePublished":"2020-12-21T08:33:54+00:00","dateModified":"2021-01-06T13:50:15+00:00","description":"Compre bilhetes online para o Set for life lotto se estiver sediado no Brasil","breadcrumb":{"@id":"https:\/\/onlinelotto365.com\/pt-pt\/jogar\/set-for-life\/#breadcrumb"},"inLanguage":"pt-PT","potentialAction":[{"@type":"ReadAction","target":["https:\/\/onlinelotto365.com\/pt-pt\/jogar\/set-for-life\/"]}]},{"@type":"BreadcrumbList","@id":"https:\/\/onlinelotto365.com\/pt-pt\/jogar\/set-for-life\/#breadcrumb","itemListElement":[{"@type":"ListItem","position":1,"name":"Home","item":"https:\/\/onlinelotto365.com\/pt-pt\/"},{"@type":"ListItem","position":2,"name":"Tudo o que precisa de saber sobre as suas op\u00e7\u00f5es para jogar as melhores lotarias online","item":"https:\/\/onlinelotto365.com\/pt-pt\/play\/"},{"@type":"ListItem","position":3,"name":"\u00c9 poss\u00edvel jogar o Set for life lotto online?"}]},{"@type":"WebSite","@id":"https:\/\/onlinelotto365.com\/pt-pt\/#website","url":"https:\/\/onlinelotto365.com\/pt-pt\/","name":"OnlineLotto365","description":"","potentialAction":[{"@type":"SearchAction","target":{"@type":"EntryPoint","urlTemplate":"https:\/\/onlinelotto365.com\/pt-pt\/?s={search_term_string}"},"query-input":{"@type":"PropertyValueSpecification","valueRequired":true,"valueName":"search_term_string"}}],"inLanguage":"pt-PT"}]}},"_links":{"self":[{"href":"https:\/\/onlinelotto365.com\/pt-pt\/wp-json\/wp\/v2\/pages\/11952","targetHints":{"allow":["GET"]}}],"collection":[{"href":"https:\/\/onlinelotto365.com\/pt-pt\/wp-json\/wp\/v2\/pages"}],"about":[{"href":"https:\/\/onlinelotto365.com\/pt-pt\/wp-json\/wp\/v2\/types\/page"}],"author":[{"embeddable":true,"href":"https:\/\/onlinelotto365.com\/pt-pt\/wp-json\/wp\/v2\/users\/1"}],"replies":[{"embeddable":true,"href":"https:\/\/onlinelotto365.com\/pt-pt\/wp-json\/wp\/v2\/comments?post=11952"}],"version-history":[{"count":0,"href":"https:\/\/onlinelotto365.com\/pt-pt\/wp-json\/wp\/v2\/pages\/11952\/revisions"}],"up":[{"embeddable":true,"href":"https:\/\/onlinelotto365.com\/pt-pt\/wp-json\/wp\/v2\/pages\/5031"}],"wp:attachment":[{"href":"https:\/\/onlinelotto365.com\/pt-pt\/wp-json\/wp\/v2\/media?parent=11952"}],"curies":[{"name":"wp","href":"https:\/\/api.w.org\/{rel}","templated":true}]}}