{"id":11954,"date":"2020-12-21T09:57:21","date_gmt":"2020-12-21T08:57:21","guid":{"rendered":"http:\/\/onlinelotto365.net\/?page_id=11954"},"modified":"2021-01-10T11:07:05","modified_gmt":"2021-01-10T10:07:05","slug":"german-lotto","status":"publish","type":"page","link":"https:\/\/onlinelotto365.com\/pt-pt\/jogar\/german-lotto\/","title":{"rendered":"Participar na lotaria alem\u00e3 de outros pa\u00edses"},"content":{"rendered":"<p>A German Lotto \u00e9 uma das <strong> loterias mais antigas do mundo <\/strong>, sendo realizada h\u00e1 mais de <strong> 50 anos <\/strong>. Voc\u00ea pode apostar que toda essa experi\u00eancia os serve muito bem, e eles s\u00e3o um dos maiores pa\u00edses europeus a manter sua pr\u00f3pria loteria nacional ao inv\u00e9s de se associarem \u00e0 loteria EuroMilh\u00f5es. Portanto, os alem\u00e3es est\u00e3o orgulhosos de sua Loteria Alem\u00e3, como deveriam estar.<\/p>\n<p>Por\u00e9m, se voc\u00ea mora no Brasil e deseja jogar na Loteria Alem\u00e3 ou em uma <strong> qualquer outra <a href=\"https:\/\/onlinelotto365.com\/pt-pt\"> grande loteria de todo o mundo <\/a> <\/strong> por falar nisso, ent\u00e3o n\u00e3o h\u00e1 mais nada impedindo voc\u00ea de fazer isso. Tudo o que voc\u00ea precisa fazer hoje em dia \u00e9 comprar seus ingressos online. Se voc\u00ea \u00e9 do Brasil, ainda pode comprar bilhetes para a Loteria Alem\u00e3 online tamb\u00e9m.<\/p>\n<p>Obviamente, voc\u00ea precisa saber <strong> onde comprar seus bilhetes de loteria desta forma <\/strong> e \u00e9 a\u00ed que entramos. Estamos realizando <a href=\"https:\/\/onlinelotto365.com\/pt-pt\/news\/servico-de-ingressos-para-loterias-internacionais\"> servi\u00e7o de bilhetes de loteria online <\/a> h\u00e1 um bom tempo. Esta \u00e9 a maior coisa que j\u00e1 aconteceu com os jogos de loteria desde que as loterias foram inventadas, como voc\u00ea pode imaginar.<\/p>\n<p><a href=\"https:\/\/redfoxlotto.com\/pt\/lotto-6aus49\/?ref=a8564250a2&amp;medium=ol365\" target=\"_blank\" rel=\"noopener noreferrer\"> <img decoding=\"async\" class=\"aligncenter\" src=\" https:\/\/redfoxlotto.com\/image?size=8&amp;lottery=lotto-6aus49 \" alt=\" German 6aus49 \" \/> <\/a><\/p>\n<h2>Voc\u00ea n\u00e3o est\u00e1 mais limitado apenas \u00e0 loteria de sua \u00e1rea<\/h2>\n<p>Se voc\u00ea \u00e9 como a maioria dos jogadores de loteria, deseja jogar nas grandes loterias e, se tiver escolha, deseja jogar em mais de um. At\u00e9 recentemente, embora isso n\u00e3o tenha sido poss\u00edvel. As pessoas se perguntavam por que n\u00e3o era, por exemplo, por que voc\u00ea <a href=\"https:\/\/onlinelotto365.com\/pt-pt\/comprar-bilhetes\"> pode comprar praticamente qualquer coisa online, exceto bilhetes de loteria <\/a>?<\/p>\n<p>Isso exigiu uma rede de pessoas que seriam colocadas para fazer as licita\u00e7\u00f5es para nossos clientes, o que envolvia sair e comprar passagens para todos, nos mais diversos pa\u00edses. Tamb\u00e9m envolveu o gerenciamento das experi\u00eancias dos clientes do ponto de venda em diante e o fornecimento do tipo de servi\u00e7o excelente que as pessoas esperam.<\/p>\n<h2>Sobre a Loteria Alem\u00e3<\/h2>\n<ul>\n<li>Pa\u00eds: Alemanha<\/li>\n<li>Faixa de n\u00fameros principais: 49<\/li>\n<li>Voc\u00ea escolhe: 6<\/li>\n<li>Intervalo de n\u00fameros extras: nenhum<\/li>\n<li>Voc\u00ea escolhe: nenhum<\/li>\n<li>Dias e horas do sorteio: s\u00e1bado, 20:25 CET, 20:25 CET<\/li>\n<li>Jackpot m\u00ednimo: \u20ac 1 milh\u00e3o<\/li>\n<li>Jackpot limitado ao m\u00e1ximo: sem limite<\/li>\n<li>Probabilidade de ganhar o jackpot: 1 em 125.854.344<\/li>\n<li>Probabilidade de vit\u00f3ria de n\u00edvel 2: 1 em 13.983.816<\/li>\n<li>Probabilidade de vencer em qualquer n\u00edvel: 1 em 31<\/li>\n<li>N\u00famero de categorias de pr\u00eamios: 9<\/li>\n<\/ul>\n<p>Todas as loterias que disponibilizamos para voc\u00ea s\u00e3o as principais loterias de primeira classe, incluindo a Loteria Alem\u00e3. Para jogar na Loteria Alem\u00e3, voc\u00ea seleciona 6 n\u00fameros de 49 poss\u00edveis, junto com um n\u00famero de b\u00f4nus de 1 a 9. Se voc\u00ea acertar todos os 6 n\u00fameros mais o n\u00famero de b\u00f4nus, voc\u00ea far\u00e1 uma viagem \u00e0 Alemanha em breve para pegar v\u00e1rios milh\u00f5es de euros ou mais.<\/p>\n<p>Dada a menor quantidade de bolas no tambor em compara\u00e7\u00e3o com muitas outras grandes loterias, <a href=\"https:\/\/onlinelotto365.com\/pt-pt\/news\/calcule-as-chances-de-qualquer-loteria\"> suas chances de ganhar o jackpot <\/a> na Lotto Alem\u00e3 \u00e9 definitivamente maior. A Lotto Alem\u00e3, \u00e9 claro, oferece outros pr\u00eamios al\u00e9m do jackpot, como todas as loterias fazem, e h\u00e1 um total de 7 pr\u00eamios subsidi\u00e1rios al\u00e9m do jackpot. Se voc\u00ea conseguir acertar apenas 3 de seus n\u00fameros, receber\u00e1 o pagamento.<\/p>\n<h2>Deixe-nos ser seu guia para a loteria alem\u00e3 e muito mais<\/h2>\n<p>Dada a popularidade das loterias ao redor do mundo, ter acesso a todas as boas \u00e9 o sonho de qualquer jogador de loteria. Por que jogar apenas um quando voc\u00ea pode jogar quantos quiser? Por que se contentar com um ou dois sorteios por semana quando voc\u00ea pode ter dezenas, se desejar? Por que mexer em ir \u00e0 loja quando voc\u00ea pode comprar todos os bilhetes de loteria que deseja online?<\/p>\n<h2>Voc\u00ea jogou na Loteria Alem\u00e3 online e ganhou &#8211; o que acontece a seguir?<\/h2>\n<p>Ajudamos voc\u00ea em cada etapa do processo, desde o envio de um e-mail de confirma\u00e7\u00e3o de sua compra at\u00e9 a notifica\u00e7\u00e3o por e-mail sempre que voc\u00ea ganhar, <strong> at\u00e9 ajud\u00e1-lo a sacar o dinheiro que ganhou <\/strong>. \u00c9 tudo incrivelmente f\u00e1cil.<\/p>\n","protected":false},"excerpt":{"rendered":"<p>A German Lotto \u00e9 uma das loterias mais antigas do mundo , sendo realizada h\u00e1 mais de 50 anos . Voc\u00ea pode apostar que toda essa experi\u00eancia os serve muito bem, e eles s\u00e3o um dos maiores pa\u00edses europeus a manter sua pr\u00f3pria loteria nacional ao inv\u00e9s de se associarem \u00e0 loteria EuroMilh\u00f5es. Portanto, os [&hellip;]<\/p>\n","protected":false},"author":1,"featured_media":0,"parent":5031,"menu_order":11,"comment_status":"closed","ping_status":"closed","template":"lotto-german.php","meta":{"_et_pb_use_builder":"","_et_pb_old_content":"","_et_gb_content_width":"","exclude_from_search":false,"footnotes":""},"class_list":["post-11954","page","type-page","status-publish","hentry"],"yoast_head":"<!-- This site is optimized with the Yoast SEO plugin v23.4 - https:\/\/yoast.com\/wordpress\/plugins\/seo\/ -->\n<title>Posso participar na Lotaria Alem\u00e3 online a partir do Brasil | Posso participar na Lotaria Alem\u00e3 se viver no Brasil<\/title>\n<meta name=\"description\" content=\"Jogue aqui na Lotto alem\u00e3 - o nosso servi\u00e7o de bilhetes online torna-o poss\u00edvel a partir do Brasil\" \/>\n<meta name=\"robots\" content=\"index, follow, max-snippet:-1, max-image-preview:large, max-video-preview:-1\" \/>\n<link rel=\"canonical\" href=\"https:\/\/onlinelotto365.com\/pt-pt\/jogar\/german-lotto\/\" \/>\n<meta property=\"og:locale\" content=\"pt_PT\" \/>\n<meta property=\"og:type\" content=\"article\" \/>\n<meta property=\"og:title\" content=\"Posso participar na Lotaria Alem\u00e3 online a partir do Brasil | Posso participar na Lotaria Alem\u00e3 se viver no Brasil\" \/>\n<meta property=\"og:description\" content=\"Jogue aqui na Lotto alem\u00e3 - o nosso servi\u00e7o de bilhetes online torna-o poss\u00edvel a partir do Brasil\" \/>\n<meta property=\"og:url\" content=\"https:\/\/onlinelotto365.com\/pt-pt\/jogar\/german-lotto\/\" \/>\n<meta property=\"og:site_name\" content=\"OnlineLotto365\" \/>\n<meta property=\"article:modified_time\" content=\"2021-01-10T10:07:05+00:00\" \/>\n<meta name=\"twitter:card\" content=\"summary_large_image\" \/>\n<meta name=\"twitter:label1\" content=\"Tempo estimado de leitura\" \/>\n\t<meta name=\"twitter:data1\" content=\"3 minutos\" \/>\n<script type=\"application\/ld+json\" class=\"yoast-schema-graph\">{\"@context\":\"https:\/\/schema.org\",\"@graph\":[{\"@type\":\"WebPage\",\"@id\":\"https:\/\/onlinelotto365.com\/pt-pt\/jogar\/german-lotto\/\",\"url\":\"https:\/\/onlinelotto365.com\/pt-pt\/jogar\/german-lotto\/\",\"name\":\"Posso participar na Lotaria Alem\u00e3 online a partir do Brasil | Posso participar na Lotaria Alem\u00e3 se viver no Brasil\",\"isPartOf\":{\"@id\":\"https:\/\/onlinelotto365.com\/pt-pt\/#website\"},\"datePublished\":\"2020-12-21T08:57:21+00:00\",\"dateModified\":\"2021-01-10T10:07:05+00:00\",\"description\":\"Jogue aqui na Lotto alem\u00e3 - o nosso servi\u00e7o de bilhetes online torna-o poss\u00edvel a partir do Brasil\",\"breadcrumb\":{\"@id\":\"https:\/\/onlinelotto365.com\/pt-pt\/jogar\/german-lotto\/#breadcrumb\"},\"inLanguage\":\"pt-PT\",\"potentialAction\":[{\"@type\":\"ReadAction\",\"target\":[\"https:\/\/onlinelotto365.com\/pt-pt\/jogar\/german-lotto\/\"]}]},{\"@type\":\"BreadcrumbList\",\"@id\":\"https:\/\/onlinelotto365.com\/pt-pt\/jogar\/german-lotto\/#breadcrumb\",\"itemListElement\":[{\"@type\":\"ListItem\",\"position\":1,\"name\":\"Home\",\"item\":\"https:\/\/onlinelotto365.com\/pt-pt\/\"},{\"@type\":\"ListItem\",\"position\":2,\"name\":\"Tudo o que precisa de saber sobre as suas op\u00e7\u00f5es para jogar as melhores lotarias online\",\"item\":\"https:\/\/onlinelotto365.com\/pt-pt\/play\/\"},{\"@type\":\"ListItem\",\"position\":3,\"name\":\"Participar na lotaria alem\u00e3 de outros pa\u00edses\"}]},{\"@type\":\"WebSite\",\"@id\":\"https:\/\/onlinelotto365.com\/pt-pt\/#website\",\"url\":\"https:\/\/onlinelotto365.com\/pt-pt\/\",\"name\":\"OnlineLotto365\",\"description\":\"\",\"potentialAction\":[{\"@type\":\"SearchAction\",\"target\":{\"@type\":\"EntryPoint\",\"urlTemplate\":\"https:\/\/onlinelotto365.com\/pt-pt\/?s={search_term_string}\"},\"query-input\":{\"@type\":\"PropertyValueSpecification\",\"valueRequired\":true,\"valueName\":\"search_term_string\"}}],\"inLanguage\":\"pt-PT\"}]}<\/script>\n<!-- \/ Yoast SEO plugin. -->","yoast_head_json":{"title":"Posso participar na Lotaria Alem\u00e3 online a partir do Brasil | Posso participar na Lotaria Alem\u00e3 se viver no Brasil","description":"Jogue aqui na Lotto alem\u00e3 - o nosso servi\u00e7o de bilhetes online torna-o poss\u00edvel a partir do Brasil","robots":{"index":"index","follow":"follow","max-snippet":"max-snippet:-1","max-image-preview":"max-image-preview:large","max-video-preview":"max-video-preview:-1"},"canonical":"https:\/\/onlinelotto365.com\/pt-pt\/jogar\/german-lotto\/","og_locale":"pt_PT","og_type":"article","og_title":"Posso participar na Lotaria Alem\u00e3 online a partir do Brasil | Posso participar na Lotaria Alem\u00e3 se viver no Brasil","og_description":"Jogue aqui na Lotto alem\u00e3 - o nosso servi\u00e7o de bilhetes online torna-o poss\u00edvel a partir do Brasil","og_url":"https:\/\/onlinelotto365.com\/pt-pt\/jogar\/german-lotto\/","og_site_name":"OnlineLotto365","article_modified_time":"2021-01-10T10:07:05+00:00","twitter_card":"summary_large_image","twitter_misc":{"Tempo estimado de leitura":"3 minutos"},"schema":{"@context":"https:\/\/schema.org","@graph":[{"@type":"WebPage","@id":"https:\/\/onlinelotto365.com\/pt-pt\/jogar\/german-lotto\/","url":"https:\/\/onlinelotto365.com\/pt-pt\/jogar\/german-lotto\/","name":"Posso participar na Lotaria Alem\u00e3 online a partir do Brasil | Posso participar na Lotaria Alem\u00e3 se viver no Brasil","isPartOf":{"@id":"https:\/\/onlinelotto365.com\/pt-pt\/#website"},"datePublished":"2020-12-21T08:57:21+00:00","dateModified":"2021-01-10T10:07:05+00:00","description":"Jogue aqui na Lotto alem\u00e3 - o nosso servi\u00e7o de bilhetes online torna-o poss\u00edvel a partir do Brasil","breadcrumb":{"@id":"https:\/\/onlinelotto365.com\/pt-pt\/jogar\/german-lotto\/#breadcrumb"},"inLanguage":"pt-PT","potentialAction":[{"@type":"ReadAction","target":["https:\/\/onlinelotto365.com\/pt-pt\/jogar\/german-lotto\/"]}]},{"@type":"BreadcrumbList","@id":"https:\/\/onlinelotto365.com\/pt-pt\/jogar\/german-lotto\/#breadcrumb","itemListElement":[{"@type":"ListItem","position":1,"name":"Home","item":"https:\/\/onlinelotto365.com\/pt-pt\/"},{"@type":"ListItem","position":2,"name":"Tudo o que precisa de saber sobre as suas op\u00e7\u00f5es para jogar as melhores lotarias online","item":"https:\/\/onlinelotto365.com\/pt-pt\/play\/"},{"@type":"ListItem","position":3,"name":"Participar na lotaria alem\u00e3 de outros pa\u00edses"}]},{"@type":"WebSite","@id":"https:\/\/onlinelotto365.com\/pt-pt\/#website","url":"https:\/\/onlinelotto365.com\/pt-pt\/","name":"OnlineLotto365","description":"","potentialAction":[{"@type":"SearchAction","target":{"@type":"EntryPoint","urlTemplate":"https:\/\/onlinelotto365.com\/pt-pt\/?s={search_term_string}"},"query-input":{"@type":"PropertyValueSpecification","valueRequired":true,"valueName":"search_term_string"}}],"inLanguage":"pt-PT"}]}},"_links":{"self":[{"href":"https:\/\/onlinelotto365.com\/pt-pt\/wp-json\/wp\/v2\/pages\/11954","targetHints":{"allow":["GET"]}}],"collection":[{"href":"https:\/\/onlinelotto365.com\/pt-pt\/wp-json\/wp\/v2\/pages"}],"about":[{"href":"https:\/\/onlinelotto365.com\/pt-pt\/wp-json\/wp\/v2\/types\/page"}],"author":[{"embeddable":true,"href":"https:\/\/onlinelotto365.com\/pt-pt\/wp-json\/wp\/v2\/users\/1"}],"replies":[{"embeddable":true,"href":"https:\/\/onlinelotto365.com\/pt-pt\/wp-json\/wp\/v2\/comments?post=11954"}],"version-history":[{"count":0,"href":"https:\/\/onlinelotto365.com\/pt-pt\/wp-json\/wp\/v2\/pages\/11954\/revisions"}],"up":[{"embeddable":true,"href":"https:\/\/onlinelotto365.com\/pt-pt\/wp-json\/wp\/v2\/pages\/5031"}],"wp:attachment":[{"href":"https:\/\/onlinelotto365.com\/pt-pt\/wp-json\/wp\/v2\/media?parent=11954"}],"curies":[{"name":"wp","href":"https:\/\/api.w.org\/{rel}","templated":true}]}}