{"id":11955,"date":"2020-12-21T09:58:17","date_gmt":"2020-12-21T08:58:17","guid":{"rendered":"http:\/\/onlinelotto365.net\/?page_id=11955"},"modified":"2021-01-06T14:50:53","modified_gmt":"2021-01-06T13:50:53","slug":"mega-sena","status":"publish","type":"page","link":"https:\/\/onlinelotto365.com\/pt-pt\/jogar\/mega-sena\/","title":{"rendered":"Como podem os residentes do Portugal jogar Mega-Sena online?"},"content":{"rendered":"<p>Nosso servi\u00e7o atualmente permite que voc\u00ea compre bilhetes de loteria para 15 grandes loterias diferentes de todo o mundo. Temos o orgulho de oferecer aos nossos jogadores <strong> a oportunidade de jogar na loteria Mega Sena brasileira online<\/strong>. Como todas as grandes loterias, voc\u00ea tinha que morar no pa\u00eds ou \u00e1rea em que uma determinada loteria era disputada e viajar at\u00e9 um varejista de loteria para <a href=\"https:\/\/onlinelotto365.com\/pt-pt\/comprar-bilhetes\"> comprar seus ingressos <\/a>.<\/p>\n<p>Mas agora n\u00e3o \u00e9 mais o caso, agora que voc\u00ea tamb\u00e9m pode jogar no Brasil e comprar qualquer bilhete de loteria que quiser online, e quantos quiser, e para quantas loterias diferentes quiser, direto do seu pr\u00f3prio computador.<\/p>\n<p>Portanto, agora que este novo dia amanheceu no mundo dos jogos de loteria, os jogadores falaram, e o que pediram \u00e9 uma grande sele\u00e7\u00e3o de loterias diferentes. Por isso, trazemos o melhor disso para sua casa. Entre elas est\u00e1 a Mega-Sena Lotto, a maior loteria do Brasil.<\/p>\n<p><a href=\"https:\/\/redfoxlotto.com\/pt\/mega-sena\/?ref=a8564250a2&amp;medium=ol365\" target=\"_blank\" rel=\"noopener noreferrer\"> <img decoding=\"async\" class=\"aligncenter\" src=\" https:\/\/redfoxlotto.com\/image?size=8&amp;lottery=mega-sena \" alt=\" mega-sena \" \/> <\/a><\/p>\n<h2>Sobre a Mega-Sena<\/h2>\n<ul>\n<li>Pa\u00eds: Brasil<\/li>\n<li>Faixa de n\u00fameros principais: 60<\/li>\n<li>Voc\u00ea escolhe: 6<\/li>\n<li>Intervalo de n\u00fameros extras: nenhum<\/li>\n<li>Voc\u00ea escolhe: nenhum<\/li>\n<li>Dias e horas do sorteio: quarta-feira, s\u00e1bado, 20:00 GMT -3, 24:00 CET<\/li>\n<li>Jackpot m\u00ednimo: R $ 2 milh\u00f5es<\/li>\n<li>Jackpot limitado ao m\u00e1ximo: sem limite<\/li>\n<li>Probabilidade de ganhar o jackpot: 1 em 50.063.860<\/li>\n<li>Probabilidade de vit\u00f3ria de n\u00edvel 2: 1 em 15.451.809<\/li>\n<li>Probabilidade de vencer em qualquer n\u00edvel: 1 em 2297,56<\/li>\n<li>N\u00famero de categorias de pr\u00eamios: 3<\/li>\n<\/ul>\n<p>Os sorteios da Mega-Sena acontecem \u00e0s quartas-feiras e s\u00e1bados, adicionando duas <a href=\"https:\/\/onlinelotto365.com\/pt-pt\/news\/que-lotarias-tem-melhores-hipoteses-de-ganhar\"> mais chances de ganhar entre todos as outras loterias <\/a> que voc\u00ea est\u00e1 jogando agora. Damos-lhe uma grande sele\u00e7\u00e3o \u00e0 sua escolha e vale a pena jogar em todas, incluindo a Mega Sena.<\/p>\n<p><img loading=\"lazy\" decoding=\"async\" class=\"alignright wp-image-52867\" src=\"https:\/\/onlinelotto365.com\/wp-content\/uploads\/2021\/01\/online_lottery-160-300x200.jpg\" alt=\"jogar mega sena online\" width=\"275\" height=\"183\" srcset=\"https:\/\/onlinelotto365.com\/wp-content\/uploads\/2021\/01\/online_lottery-160-300x200.jpg 300w, https:\/\/onlinelotto365.com\/wp-content\/uploads\/2021\/01\/online_lottery-160.jpg 320w\" sizes=\"auto, (max-width: 275px) 100vw, 275px\" \/>Para jogar na Mega-Sena Lotto, os jogadores escolhem 6 n\u00fameros de 1 a 60. Combinando todos os 6 n\u00fameros, voc\u00ea ganha o jackpot, que \u00e9 sempre de pelo menos v\u00e1rios milh\u00f5es de d\u00f3lares e frequentemente fica muito mais alto do que isso.<br \/>\nNo entanto, a Mega-Sena \u00e9 <strong> \u00fanica de todas as outras loterias do mundo <\/strong>, j\u00e1 que elas n\u00e3o t\u00eam apenas 60 bolas com n\u00fameros diferentes. Existem dois tambores diferentes, um de 0 a 5 e o segundo de 0 a 9. Eles ent\u00e3o desenham os d\u00edgitos um de cada vez.<\/p>\n<p>Por exemplo, se eles extra\u00edrem um 2 do primeiro tambor e, em seguida, um 9 do segundo, o n\u00famero sorteado ser\u00e1 29. Uma vez que um n\u00famero de um d\u00edgito \u00e9 desenhado, ele n\u00e3o \u00e9 colocado de volta no tambor. Portanto, agora sabemos que haver\u00e1 exatamente um n\u00famero de um \u00fanico d\u00edgito, a menos que 00 seja sorteado, que \u00e9 considerado 60, um come\u00e7ando com 1, um come\u00e7ando com dois e assim por diante. Portanto, esta \u00e9 uma reviravolta interessante e realmente torna a vit\u00f3ria mais f\u00e1cil, desde que voc\u00ea siga essa estrat\u00e9gia.<\/p>\n<p>Acertar todos os 6 n\u00fameros ganha o jackpot, onde acertar 4 ou 5 n\u00fameros vai ganhar um pr\u00eamio secund\u00e1rio. Como costuma acontecer com as loterias nacionais, <strong> os lucros gerados na Mega-Sena Lotto v\u00e3o para o apoio a programas sociais <\/strong> e, de fato, o povo brasileiro depende muito dessas doa\u00e7\u00f5es. Portanto, embora possamos n\u00e3o ser do Brasil e, portanto, n\u00e3o nos beneficiemos diretamente disso, \u00e9 \u00f3timo saber que estamos definitivamente fazendo um bem ao jogar a Mega Sena, al\u00e9m de toda a divers\u00e3o que temos ao faz\u00ea-lo.<\/p>\n<h2>Loterias s\u00e3o a forma preferida de jogo do mundo<\/h2>\n<p>N\u00e3o \u00e9 muito dif\u00edcil descobrir por que as loterias t\u00eam sido a forma de jogo mais popular do mundo. Nem que seja t\u00e3o facilmente acess\u00edvel, embora isso certamente ajude. A verdadeira raz\u00e3o \u00e9 a emo\u00e7\u00e3o que a oportunidade de ganhar quantias monstruosas de dinheiro proporciona.<\/p>\n<p>Parece tamb\u00e9m que nosso apetite por esses <strong> enormes jackpots <\/strong> \u00e9 bastante substancial. Se voc\u00ea j\u00e1 testemunhou o buzz que \u00e9 gerado <a href=\"https:\/\/onlinelotto365.com\/pt-pt\/news\/os-maiores-jackpots-de-loteria-da-historia\"> quando os jackpots crescem para enormes quantidades <\/a>, e quantos mais ingressos s\u00e3o vendidos para estes, com os lineups muito mais longos que os acompanham, ent\u00e3o voc\u00ea sabe que tudo isso \u00e9 verdade.<\/p>\n<p>Por que as pessoas n\u00e3o ficariam entusiasmadas com a chance de ganhar dinheiro suficiente para preparar voc\u00ea para uma vida de luxo e opul\u00eancia? Para a grande maioria de n\u00f3s, essa \u00e9 a \u00fanica chance que teremos desse estilo de vida. No entanto, pessoas comuns como n\u00f3s ganham essas quantias gigantescas, e voc\u00ea nunca sabe se e quando sua vez chegar\u00e1.<\/p>\n<p><strong> Por\u00e9m, apenas o ato de jogar proporciona muito prazer <\/strong> para as pessoas, embora suas chances de vencer<\/p>\n","protected":false},"excerpt":{"rendered":"<p>Nosso servi\u00e7o atualmente permite que voc\u00ea compre bilhetes de loteria para 15 grandes loterias diferentes de todo o mundo. Temos o orgulho de oferecer aos nossos jogadores a oportunidade de jogar na loteria Mega Sena brasileira online. Como todas as grandes loterias, voc\u00ea tinha que morar no pa\u00eds ou \u00e1rea em que uma determinada loteria [&hellip;]<\/p>\n","protected":false},"author":1,"featured_media":0,"parent":5031,"menu_order":12,"comment_status":"closed","ping_status":"closed","template":"megasena.php","meta":{"_et_pb_use_builder":"","_et_pb_old_content":"","_et_gb_content_width":"","exclude_from_search":false,"footnotes":""},"class_list":["post-11955","page","type-page","status-publish","hentry"],"yoast_head":"<!-- This site is optimized with the Yoast SEO plugin v23.4 - https:\/\/yoast.com\/wordpress\/plugins\/seo\/ -->\n<title>Jogar Mega-Sena online do Portugal | Posso participar na Mega-Sena se morar no Portugal<\/title>\n<meta name=\"description\" content=\"O nosso servi\u00e7o de bilhetes online facilita o jogo online da Mega-Sena para os f\u00e3s da lotaria do Brasil\" \/>\n<meta name=\"robots\" content=\"index, follow, max-snippet:-1, max-image-preview:large, max-video-preview:-1\" \/>\n<link rel=\"canonical\" href=\"https:\/\/onlinelotto365.com\/pt-pt\/jogar\/mega-sena\/\" \/>\n<meta property=\"og:locale\" content=\"pt_PT\" \/>\n<meta property=\"og:type\" content=\"article\" \/>\n<meta property=\"og:title\" content=\"Jogar Mega-Sena online do Portugal | Posso participar na Mega-Sena se morar no Portugal\" \/>\n<meta property=\"og:description\" content=\"O nosso servi\u00e7o de bilhetes online facilita o jogo online da Mega-Sena para os f\u00e3s da lotaria do Brasil\" \/>\n<meta property=\"og:url\" content=\"https:\/\/onlinelotto365.com\/pt-pt\/jogar\/mega-sena\/\" \/>\n<meta property=\"og:site_name\" content=\"OnlineLotto365\" \/>\n<meta property=\"article:modified_time\" content=\"2021-01-06T13:50:53+00:00\" \/>\n<meta property=\"og:image\" content=\"https:\/\/onlinelotto365.com\/wp-content\/uploads\/2021\/01\/online_lottery-160-300x200.jpg\" \/>\n<meta name=\"twitter:card\" content=\"summary_large_image\" \/>\n<meta name=\"twitter:label1\" content=\"Tempo estimado de leitura\" \/>\n\t<meta name=\"twitter:data1\" content=\"4 minutos\" \/>\n<script type=\"application\/ld+json\" class=\"yoast-schema-graph\">{\"@context\":\"https:\/\/schema.org\",\"@graph\":[{\"@type\":\"WebPage\",\"@id\":\"https:\/\/onlinelotto365.com\/pt-pt\/jogar\/mega-sena\/\",\"url\":\"https:\/\/onlinelotto365.com\/pt-pt\/jogar\/mega-sena\/\",\"name\":\"Jogar Mega-Sena online do Portugal | Posso participar na Mega-Sena se morar no Portugal\",\"isPartOf\":{\"@id\":\"https:\/\/onlinelotto365.com\/pt-pt\/#website\"},\"primaryImageOfPage\":{\"@id\":\"https:\/\/onlinelotto365.com\/pt-pt\/jogar\/mega-sena\/#primaryimage\"},\"image\":{\"@id\":\"https:\/\/onlinelotto365.com\/pt-pt\/jogar\/mega-sena\/#primaryimage\"},\"thumbnailUrl\":\"https:\/\/onlinelotto365.com\/wp-content\/uploads\/2021\/01\/online_lottery-160-300x200.jpg\",\"datePublished\":\"2020-12-21T08:58:17+00:00\",\"dateModified\":\"2021-01-06T13:50:53+00:00\",\"description\":\"O nosso servi\u00e7o de bilhetes online facilita o jogo online da Mega-Sena para os f\u00e3s da lotaria do Brasil\",\"breadcrumb\":{\"@id\":\"https:\/\/onlinelotto365.com\/pt-pt\/jogar\/mega-sena\/#breadcrumb\"},\"inLanguage\":\"pt-PT\",\"potentialAction\":[{\"@type\":\"ReadAction\",\"target\":[\"https:\/\/onlinelotto365.com\/pt-pt\/jogar\/mega-sena\/\"]}]},{\"@type\":\"ImageObject\",\"inLanguage\":\"pt-PT\",\"@id\":\"https:\/\/onlinelotto365.com\/pt-pt\/jogar\/mega-sena\/#primaryimage\",\"url\":\"https:\/\/onlinelotto365.com\/wp-content\/uploads\/2021\/01\/online_lottery-160-300x200.jpg\",\"contentUrl\":\"https:\/\/onlinelotto365.com\/wp-content\/uploads\/2021\/01\/online_lottery-160-300x200.jpg\"},{\"@type\":\"BreadcrumbList\",\"@id\":\"https:\/\/onlinelotto365.com\/pt-pt\/jogar\/mega-sena\/#breadcrumb\",\"itemListElement\":[{\"@type\":\"ListItem\",\"position\":1,\"name\":\"Home\",\"item\":\"https:\/\/onlinelotto365.com\/pt-pt\/\"},{\"@type\":\"ListItem\",\"position\":2,\"name\":\"Tudo o que precisa de saber sobre as suas op\u00e7\u00f5es para jogar as melhores lotarias online\",\"item\":\"https:\/\/onlinelotto365.com\/pt-pt\/play\/\"},{\"@type\":\"ListItem\",\"position\":3,\"name\":\"Como podem os residentes do Portugal jogar Mega-Sena online?\"}]},{\"@type\":\"WebSite\",\"@id\":\"https:\/\/onlinelotto365.com\/pt-pt\/#website\",\"url\":\"https:\/\/onlinelotto365.com\/pt-pt\/\",\"name\":\"OnlineLotto365\",\"description\":\"\",\"potentialAction\":[{\"@type\":\"SearchAction\",\"target\":{\"@type\":\"EntryPoint\",\"urlTemplate\":\"https:\/\/onlinelotto365.com\/pt-pt\/?s={search_term_string}\"},\"query-input\":{\"@type\":\"PropertyValueSpecification\",\"valueRequired\":true,\"valueName\":\"search_term_string\"}}],\"inLanguage\":\"pt-PT\"}]}<\/script>\n<!-- \/ Yoast SEO plugin. -->","yoast_head_json":{"title":"Jogar Mega-Sena online do Portugal | Posso participar na Mega-Sena se morar no Portugal","description":"O nosso servi\u00e7o de bilhetes online facilita o jogo online da Mega-Sena para os f\u00e3s da lotaria do Brasil","robots":{"index":"index","follow":"follow","max-snippet":"max-snippet:-1","max-image-preview":"max-image-preview:large","max-video-preview":"max-video-preview:-1"},"canonical":"https:\/\/onlinelotto365.com\/pt-pt\/jogar\/mega-sena\/","og_locale":"pt_PT","og_type":"article","og_title":"Jogar Mega-Sena online do Portugal | Posso participar na Mega-Sena se morar no Portugal","og_description":"O nosso servi\u00e7o de bilhetes online facilita o jogo online da Mega-Sena para os f\u00e3s da lotaria do Brasil","og_url":"https:\/\/onlinelotto365.com\/pt-pt\/jogar\/mega-sena\/","og_site_name":"OnlineLotto365","article_modified_time":"2021-01-06T13:50:53+00:00","og_image":[{"url":"https:\/\/onlinelotto365.com\/wp-content\/uploads\/2021\/01\/online_lottery-160-300x200.jpg"}],"twitter_card":"summary_large_image","twitter_misc":{"Tempo estimado de leitura":"4 minutos"},"schema":{"@context":"https:\/\/schema.org","@graph":[{"@type":"WebPage","@id":"https:\/\/onlinelotto365.com\/pt-pt\/jogar\/mega-sena\/","url":"https:\/\/onlinelotto365.com\/pt-pt\/jogar\/mega-sena\/","name":"Jogar Mega-Sena online do Portugal | Posso participar na Mega-Sena se morar no Portugal","isPartOf":{"@id":"https:\/\/onlinelotto365.com\/pt-pt\/#website"},"primaryImageOfPage":{"@id":"https:\/\/onlinelotto365.com\/pt-pt\/jogar\/mega-sena\/#primaryimage"},"image":{"@id":"https:\/\/onlinelotto365.com\/pt-pt\/jogar\/mega-sena\/#primaryimage"},"thumbnailUrl":"https:\/\/onlinelotto365.com\/wp-content\/uploads\/2021\/01\/online_lottery-160-300x200.jpg","datePublished":"2020-12-21T08:58:17+00:00","dateModified":"2021-01-06T13:50:53+00:00","description":"O nosso servi\u00e7o de bilhetes online facilita o jogo online da Mega-Sena para os f\u00e3s da lotaria do Brasil","breadcrumb":{"@id":"https:\/\/onlinelotto365.com\/pt-pt\/jogar\/mega-sena\/#breadcrumb"},"inLanguage":"pt-PT","potentialAction":[{"@type":"ReadAction","target":["https:\/\/onlinelotto365.com\/pt-pt\/jogar\/mega-sena\/"]}]},{"@type":"ImageObject","inLanguage":"pt-PT","@id":"https:\/\/onlinelotto365.com\/pt-pt\/jogar\/mega-sena\/#primaryimage","url":"https:\/\/onlinelotto365.com\/wp-content\/uploads\/2021\/01\/online_lottery-160-300x200.jpg","contentUrl":"https:\/\/onlinelotto365.com\/wp-content\/uploads\/2021\/01\/online_lottery-160-300x200.jpg"},{"@type":"BreadcrumbList","@id":"https:\/\/onlinelotto365.com\/pt-pt\/jogar\/mega-sena\/#breadcrumb","itemListElement":[{"@type":"ListItem","position":1,"name":"Home","item":"https:\/\/onlinelotto365.com\/pt-pt\/"},{"@type":"ListItem","position":2,"name":"Tudo o que precisa de saber sobre as suas op\u00e7\u00f5es para jogar as melhores lotarias online","item":"https:\/\/onlinelotto365.com\/pt-pt\/play\/"},{"@type":"ListItem","position":3,"name":"Como podem os residentes do Portugal jogar Mega-Sena online?"}]},{"@type":"WebSite","@id":"https:\/\/onlinelotto365.com\/pt-pt\/#website","url":"https:\/\/onlinelotto365.com\/pt-pt\/","name":"OnlineLotto365","description":"","potentialAction":[{"@type":"SearchAction","target":{"@type":"EntryPoint","urlTemplate":"https:\/\/onlinelotto365.com\/pt-pt\/?s={search_term_string}"},"query-input":{"@type":"PropertyValueSpecification","valueRequired":true,"valueName":"search_term_string"}}],"inLanguage":"pt-PT"}]}},"_links":{"self":[{"href":"https:\/\/onlinelotto365.com\/pt-pt\/wp-json\/wp\/v2\/pages\/11955","targetHints":{"allow":["GET"]}}],"collection":[{"href":"https:\/\/onlinelotto365.com\/pt-pt\/wp-json\/wp\/v2\/pages"}],"about":[{"href":"https:\/\/onlinelotto365.com\/pt-pt\/wp-json\/wp\/v2\/types\/page"}],"author":[{"embeddable":true,"href":"https:\/\/onlinelotto365.com\/pt-pt\/wp-json\/wp\/v2\/users\/1"}],"replies":[{"embeddable":true,"href":"https:\/\/onlinelotto365.com\/pt-pt\/wp-json\/wp\/v2\/comments?post=11955"}],"version-history":[{"count":0,"href":"https:\/\/onlinelotto365.com\/pt-pt\/wp-json\/wp\/v2\/pages\/11955\/revisions"}],"up":[{"embeddable":true,"href":"https:\/\/onlinelotto365.com\/pt-pt\/wp-json\/wp\/v2\/pages\/5031"}],"wp:attachment":[{"href":"https:\/\/onlinelotto365.com\/pt-pt\/wp-json\/wp\/v2\/media?parent=11955"}],"curies":[{"name":"wp","href":"https:\/\/api.w.org\/{rel}","templated":true}]}}