{"id":11959,"date":"2020-12-21T09:59:20","date_gmt":"2020-12-21T08:59:20","guid":{"rendered":"http:\/\/onlinelotto365.net\/?page_id=11959"},"modified":"2021-01-06T14:51:07","modified_gmt":"2021-01-06T13:51:07","slug":"powerball-australia","status":"publish","type":"page","link":"https:\/\/onlinelotto365.com\/pt-pt\/jogar\/powerball-australia\/","title":{"rendered":"Powerball Australia &#8211; j\u00e1 n\u00e3o est\u00e1 restrito \u00e0s suas lotarias do Reino Unido"},"content":{"rendered":"<h2>Como jogar Powerball Australia online<\/h2>\n<p>Na verdade, \u00e9 <strong> muito simples jogar online a Powerball Australia <\/strong>, mesmo se voc\u00ea estiver no Brasil. E \u00e9 bastante conveniente tamb\u00e9m porque voc\u00ea j\u00e1 est\u00e1 aqui, onde poder\u00e1 adquirir seus ingressos com apenas alguns cliques do mouse.<\/p>\n<p>Voc\u00ea ser\u00e1 atendido em todas as etapas do caminho, onde tudo o que voc\u00ea precisa fazer \u00e9 <strong> configurar uma conta gratuita <\/strong>, fazer suas sele\u00e7\u00f5es, escolher uma de suas in\u00fameras op\u00e7\u00f5es de pagamento convenientes e n\u00f3s faremos tudo o resto.<\/p>\n<p>Certifique-se de clicar na loteria correta, ou seja, Powerball Australia. Em seguida, voc\u00ea seleciona seus n\u00fameros. Se voc\u00ea tentar escolher muitos n\u00fameros ou n\u00e3o tiver selecionado n\u00fameros suficientes, o sistema solicitar\u00e1 que voc\u00ea escolha menos ou mais n\u00fameros. O que voc\u00ea tamb\u00e9m pode fazer \u00e9 clicar no bot\u00e3o de escolha r\u00e1pida e o site <strong> escolher\u00e1 alguns n\u00fameros aleatoriamente <\/strong> para voc\u00ea. Voc\u00ea ainda pode editar manualmente esses n\u00fameros, se n\u00e3o gostar deles.<\/p>\n<p>H\u00e1 tamb\u00e9m um m\u00e9todo que muitos jogadores gostam de usar &#8211; a fun\u00e7\u00e3o de sele\u00e7\u00e3o r\u00e1pida. Ou voc\u00ea pode usar alguns de seus n\u00fameros favoritos manualmente e deixar o gerador de n\u00fameros aleat\u00f3rios escolher o resto para voc\u00ea.<\/p>\n<p>Depois disso, voc\u00ea pode selecionar outra loteria, jogar mais bilhetes de loteria e adicion\u00e1-los ao seu pedido. Em seguida, clique para verificar e pagar com seguran\u00e7a pelos seus ingressos. Neste momento, voc\u00ea ter\u00e1 que criar uma conta conosco. Claro, voc\u00ea tamb\u00e9m pode criar sua conta primeiro e depois iniciar o processo de pedido de seus ingressos.<\/p>\n<p>Depois de criar sua conta, enviaremos um e-mail de verifica\u00e7\u00e3o com um link no qual voc\u00ea deve clicar. Certifique-se de verificar sua pasta de spam para este e-mail. Seria sensato marcar nosso endere\u00e7o de e-mail como um remetente confi\u00e1vel. Isso garante que mensagens importantes, como notifica\u00e7\u00f5es de ganhos, cheguem at\u00e9 voc\u00ea.<\/p>\n<p><a href=\"https:\/\/redfoxlotto.com\/pt\/powerball-au\/?ref=a8564250a2&amp;medium=ol365\" target=\"_blank\" rel=\"noopener noreferrer\"> <img decoding=\"async\" class=\"aligncenter\" src=\" https:\/\/redfoxlotto.com\/image?size=8&amp;lottery=powerball-au \" alt=\" Powerball Brasil \" \/> <\/a><\/p>\n<h2>Sobre a Powerball Austr\u00e1lia<\/h2>\n<ul>\n<li>Pa\u00eds: Austr\u00e1lia <img loading=\"lazy\" decoding=\"async\" class=\"alignright wp-image-28444\" src=\"https:\/\/onlinelotto365.com\/wp-content\/uploads\/2021\/01\/lotto_winner-1.jpg\" alt=\"jogar powerball Brasil online\" width=\"195\" height=\"198\" \/><\/li>\n<li>Faixa de n\u00fameros principais: 35<\/li>\n<li>Voc\u00ea deve selecionar: 7<\/li>\n<li>Intervalo de n\u00fameros extras: 20<\/li>\n<li>Voc\u00ea deve selecionar: 1<\/li>\n<li>Dias, horas de sorteios: quinta-feira, 21:30 GMT + 11, 10:30 CET<\/li>\n<li>O jackpot come\u00e7a em: AU $ 3 milh\u00f5es<\/li>\n<li>O jackpot \u00e9 limitado a: AU $ 150 milh\u00f5es<\/li>\n<li>Chance de ganhar o jackpot: 1 em 134.490.400<\/li>\n<li>Chance de ganhar um segundo pr\u00eamio: 1 em 7.078.443<\/li>\n<li>Chance de ganhar qualquer pr\u00eamio: 1 em 24,87<\/li>\n<li>N\u00famero de categorias de pr\u00eamios: 7<\/li>\n<\/ul>\n<h2>Como verificar os resultados da Powerball Austr\u00e1lia<\/h2>\n<p>Voc\u00ea pode usar v\u00e1rios <a href=\"https:\/\/onlinelotto365.com\/pt-pt\/numeros-vencedores\"> m\u00e9todos para verificar seus resultados. <\/a> Voc\u00ea pode encontr\u00e1-los no site oficial da loteria. Para algumas loterias, voc\u00ea pode encontrar os n\u00fameros vencedores no jornal local ou em um canal de TV pode transmiti-los. Mas a maneira mais f\u00e1cil \u00e9 voltar ao nosso site e <a href=\"https:\/\/onlinelotto365.com\/pt-pt\/news\/ver-bilhete-de-lotaria-online\"> verificar os \u00faltimos n\u00fameros vencedores <\/a> aqui. Depois de fazer login em sua conta, voc\u00ea pode <strong> comparar os n\u00fameros que jogou com os n\u00fameros do sorteio <\/strong>. E voc\u00ea pode ver o quanto voc\u00ea ganhou imediatamente.<\/p>\n<h2>Voc\u00ea jogou Powerball Australia online e ganhou &#8211; o que acontece a seguir?<\/h2>\n<p>Primeiro, voc\u00ea deve verificar o quanto voc\u00ea ganhou. Se o ganho for inferior a \u20ac 2500, voc\u00ea encontrar\u00e1 o <strong> valor creditado em sua conta de jogador <\/strong>. \u00c9 sua escolha us\u00e1-lo para a compra de ingressos adicionais ou, se preferir, pode retir\u00e1-lo. Esteja ciente de que a op\u00e7\u00e3o de retirada s\u00f3 \u00e9 vis\u00edvel se o saldo da sua conta for de pelo menos \u20ac 10.<\/p>\n<p>Para ganhos acima de \u20ac 2500, nosso suporte entrar\u00e1 em contato com voc\u00ea. Voc\u00ea precisar\u00e1 preencher um formul\u00e1rio de reivindica\u00e7\u00e3o, que enviaremos para a comiss\u00e3o de loteria. Em seguida, voc\u00ea <strong> receber\u00e1 seus ganhos por transfer\u00eancia banc\u00e1ria ou cheque <\/strong>, dependendo de seus desejos.<\/p>\n","protected":false},"excerpt":{"rendered":"<p>Como jogar Powerball Australia online Na verdade, \u00e9 muito simples jogar online a Powerball Australia , mesmo se voc\u00ea estiver no Brasil. E \u00e9 bastante conveniente tamb\u00e9m porque voc\u00ea j\u00e1 est\u00e1 aqui, onde poder\u00e1 adquirir seus ingressos com apenas alguns cliques do mouse. Voc\u00ea ser\u00e1 atendido em todas as etapas do caminho, onde tudo o [&hellip;]<\/p>\n","protected":false},"author":1,"featured_media":0,"parent":5031,"menu_order":13,"comment_status":"closed","ping_status":"closed","template":"powerball-au.php","meta":{"_et_pb_use_builder":"","_et_pb_old_content":"","_et_gb_content_width":"","exclude_from_search":false,"footnotes":""},"class_list":["post-11959","page","type-page","status-publish","hentry"],"yoast_head":"<!-- This site is optimized with the Yoast SEO plugin v23.4 - https:\/\/yoast.com\/wordpress\/plugins\/seo\/ -->\n<title>Jogar Powerball Australia online a partir do Brasil<\/title>\n<meta name=\"description\" content=\"Jogar Powerball Australia aqui mesmo - as maiores lotarias, do planeta, dispon\u00edveis online a partir do Brasil\" \/>\n<meta name=\"robots\" content=\"index, follow, max-snippet:-1, max-image-preview:large, max-video-preview:-1\" \/>\n<link rel=\"canonical\" href=\"https:\/\/onlinelotto365.com\/pt-pt\/jogar\/powerball-australia\/\" \/>\n<meta property=\"og:locale\" content=\"pt_PT\" \/>\n<meta property=\"og:type\" content=\"article\" \/>\n<meta property=\"og:title\" content=\"Jogar Powerball Australia online a partir do Brasil\" \/>\n<meta property=\"og:description\" content=\"Jogar Powerball Australia aqui mesmo - as maiores lotarias, do planeta, dispon\u00edveis online a partir do Brasil\" \/>\n<meta property=\"og:url\" content=\"https:\/\/onlinelotto365.com\/pt-pt\/jogar\/powerball-australia\/\" \/>\n<meta property=\"og:site_name\" content=\"OnlineLotto365\" \/>\n<meta property=\"article:modified_time\" content=\"2021-01-06T13:51:07+00:00\" \/>\n<meta property=\"og:image\" content=\"https:\/\/onlinelotto365.com\/wp-content\/uploads\/2021\/01\/lotto_winner-1.jpg\" \/>\n<meta name=\"twitter:card\" content=\"summary_large_image\" \/>\n<meta name=\"twitter:label1\" content=\"Tempo estimado de leitura\" \/>\n\t<meta name=\"twitter:data1\" content=\"3 minutos\" \/>\n<script type=\"application\/ld+json\" class=\"yoast-schema-graph\">{\"@context\":\"https:\/\/schema.org\",\"@graph\":[{\"@type\":\"WebPage\",\"@id\":\"https:\/\/onlinelotto365.com\/pt-pt\/jogar\/powerball-australia\/\",\"url\":\"https:\/\/onlinelotto365.com\/pt-pt\/jogar\/powerball-australia\/\",\"name\":\"Jogar Powerball Australia online a partir do Brasil\",\"isPartOf\":{\"@id\":\"https:\/\/onlinelotto365.com\/pt-pt\/#website\"},\"primaryImageOfPage\":{\"@id\":\"https:\/\/onlinelotto365.com\/pt-pt\/jogar\/powerball-australia\/#primaryimage\"},\"image\":{\"@id\":\"https:\/\/onlinelotto365.com\/pt-pt\/jogar\/powerball-australia\/#primaryimage\"},\"thumbnailUrl\":\"https:\/\/onlinelotto365.com\/wp-content\/uploads\/2021\/01\/lotto_winner-1.jpg\",\"datePublished\":\"2020-12-21T08:59:20+00:00\",\"dateModified\":\"2021-01-06T13:51:07+00:00\",\"description\":\"Jogar Powerball Australia aqui mesmo - as maiores lotarias, do planeta, dispon\u00edveis online a partir do Brasil\",\"breadcrumb\":{\"@id\":\"https:\/\/onlinelotto365.com\/pt-pt\/jogar\/powerball-australia\/#breadcrumb\"},\"inLanguage\":\"pt-PT\",\"potentialAction\":[{\"@type\":\"ReadAction\",\"target\":[\"https:\/\/onlinelotto365.com\/pt-pt\/jogar\/powerball-australia\/\"]}]},{\"@type\":\"ImageObject\",\"inLanguage\":\"pt-PT\",\"@id\":\"https:\/\/onlinelotto365.com\/pt-pt\/jogar\/powerball-australia\/#primaryimage\",\"url\":\"https:\/\/onlinelotto365.com\/wp-content\/uploads\/2021\/01\/lotto_winner-1.jpg\",\"contentUrl\":\"https:\/\/onlinelotto365.com\/wp-content\/uploads\/2021\/01\/lotto_winner-1.jpg\"},{\"@type\":\"BreadcrumbList\",\"@id\":\"https:\/\/onlinelotto365.com\/pt-pt\/jogar\/powerball-australia\/#breadcrumb\",\"itemListElement\":[{\"@type\":\"ListItem\",\"position\":1,\"name\":\"Home\",\"item\":\"https:\/\/onlinelotto365.com\/pt-pt\/\"},{\"@type\":\"ListItem\",\"position\":2,\"name\":\"Tudo o que precisa de saber sobre as suas op\u00e7\u00f5es para jogar as melhores lotarias online\",\"item\":\"https:\/\/onlinelotto365.com\/pt-pt\/play\/\"},{\"@type\":\"ListItem\",\"position\":3,\"name\":\"Powerball Australia &#8211; j\u00e1 n\u00e3o est\u00e1 restrito \u00e0s suas lotarias do Reino Unido\"}]},{\"@type\":\"WebSite\",\"@id\":\"https:\/\/onlinelotto365.com\/pt-pt\/#website\",\"url\":\"https:\/\/onlinelotto365.com\/pt-pt\/\",\"name\":\"OnlineLotto365\",\"description\":\"\",\"potentialAction\":[{\"@type\":\"SearchAction\",\"target\":{\"@type\":\"EntryPoint\",\"urlTemplate\":\"https:\/\/onlinelotto365.com\/pt-pt\/?s={search_term_string}\"},\"query-input\":{\"@type\":\"PropertyValueSpecification\",\"valueRequired\":true,\"valueName\":\"search_term_string\"}}],\"inLanguage\":\"pt-PT\"}]}<\/script>\n<!-- \/ Yoast SEO plugin. -->","yoast_head_json":{"title":"Jogar Powerball Australia online a partir do Brasil","description":"Jogar Powerball Australia aqui mesmo - as maiores lotarias, do planeta, dispon\u00edveis online a partir do Brasil","robots":{"index":"index","follow":"follow","max-snippet":"max-snippet:-1","max-image-preview":"max-image-preview:large","max-video-preview":"max-video-preview:-1"},"canonical":"https:\/\/onlinelotto365.com\/pt-pt\/jogar\/powerball-australia\/","og_locale":"pt_PT","og_type":"article","og_title":"Jogar Powerball Australia online a partir do Brasil","og_description":"Jogar Powerball Australia aqui mesmo - as maiores lotarias, do planeta, dispon\u00edveis online a partir do Brasil","og_url":"https:\/\/onlinelotto365.com\/pt-pt\/jogar\/powerball-australia\/","og_site_name":"OnlineLotto365","article_modified_time":"2021-01-06T13:51:07+00:00","og_image":[{"url":"https:\/\/onlinelotto365.com\/wp-content\/uploads\/2021\/01\/lotto_winner-1.jpg"}],"twitter_card":"summary_large_image","twitter_misc":{"Tempo estimado de leitura":"3 minutos"},"schema":{"@context":"https:\/\/schema.org","@graph":[{"@type":"WebPage","@id":"https:\/\/onlinelotto365.com\/pt-pt\/jogar\/powerball-australia\/","url":"https:\/\/onlinelotto365.com\/pt-pt\/jogar\/powerball-australia\/","name":"Jogar Powerball Australia online a partir do Brasil","isPartOf":{"@id":"https:\/\/onlinelotto365.com\/pt-pt\/#website"},"primaryImageOfPage":{"@id":"https:\/\/onlinelotto365.com\/pt-pt\/jogar\/powerball-australia\/#primaryimage"},"image":{"@id":"https:\/\/onlinelotto365.com\/pt-pt\/jogar\/powerball-australia\/#primaryimage"},"thumbnailUrl":"https:\/\/onlinelotto365.com\/wp-content\/uploads\/2021\/01\/lotto_winner-1.jpg","datePublished":"2020-12-21T08:59:20+00:00","dateModified":"2021-01-06T13:51:07+00:00","description":"Jogar Powerball Australia aqui mesmo - as maiores lotarias, do planeta, dispon\u00edveis online a partir do Brasil","breadcrumb":{"@id":"https:\/\/onlinelotto365.com\/pt-pt\/jogar\/powerball-australia\/#breadcrumb"},"inLanguage":"pt-PT","potentialAction":[{"@type":"ReadAction","target":["https:\/\/onlinelotto365.com\/pt-pt\/jogar\/powerball-australia\/"]}]},{"@type":"ImageObject","inLanguage":"pt-PT","@id":"https:\/\/onlinelotto365.com\/pt-pt\/jogar\/powerball-australia\/#primaryimage","url":"https:\/\/onlinelotto365.com\/wp-content\/uploads\/2021\/01\/lotto_winner-1.jpg","contentUrl":"https:\/\/onlinelotto365.com\/wp-content\/uploads\/2021\/01\/lotto_winner-1.jpg"},{"@type":"BreadcrumbList","@id":"https:\/\/onlinelotto365.com\/pt-pt\/jogar\/powerball-australia\/#breadcrumb","itemListElement":[{"@type":"ListItem","position":1,"name":"Home","item":"https:\/\/onlinelotto365.com\/pt-pt\/"},{"@type":"ListItem","position":2,"name":"Tudo o que precisa de saber sobre as suas op\u00e7\u00f5es para jogar as melhores lotarias online","item":"https:\/\/onlinelotto365.com\/pt-pt\/play\/"},{"@type":"ListItem","position":3,"name":"Powerball Australia &#8211; j\u00e1 n\u00e3o est\u00e1 restrito \u00e0s suas lotarias do Reino Unido"}]},{"@type":"WebSite","@id":"https:\/\/onlinelotto365.com\/pt-pt\/#website","url":"https:\/\/onlinelotto365.com\/pt-pt\/","name":"OnlineLotto365","description":"","potentialAction":[{"@type":"SearchAction","target":{"@type":"EntryPoint","urlTemplate":"https:\/\/onlinelotto365.com\/pt-pt\/?s={search_term_string}"},"query-input":{"@type":"PropertyValueSpecification","valueRequired":true,"valueName":"search_term_string"}}],"inLanguage":"pt-PT"}]}},"_links":{"self":[{"href":"https:\/\/onlinelotto365.com\/pt-pt\/wp-json\/wp\/v2\/pages\/11959","targetHints":{"allow":["GET"]}}],"collection":[{"href":"https:\/\/onlinelotto365.com\/pt-pt\/wp-json\/wp\/v2\/pages"}],"about":[{"href":"https:\/\/onlinelotto365.com\/pt-pt\/wp-json\/wp\/v2\/types\/page"}],"author":[{"embeddable":true,"href":"https:\/\/onlinelotto365.com\/pt-pt\/wp-json\/wp\/v2\/users\/1"}],"replies":[{"embeddable":true,"href":"https:\/\/onlinelotto365.com\/pt-pt\/wp-json\/wp\/v2\/comments?post=11959"}],"version-history":[{"count":0,"href":"https:\/\/onlinelotto365.com\/pt-pt\/wp-json\/wp\/v2\/pages\/11959\/revisions"}],"up":[{"embeddable":true,"href":"https:\/\/onlinelotto365.com\/pt-pt\/wp-json\/wp\/v2\/pages\/5031"}],"wp:attachment":[{"href":"https:\/\/onlinelotto365.com\/pt-pt\/wp-json\/wp\/v2\/media?parent=11959"}],"curies":[{"name":"wp","href":"https:\/\/api.w.org\/{rel}","templated":true}]}}